{"id":790100,"date":"2024-06-13T14:05:30","modified":"2024-06-13T14:05:40","slug":"centre-de-telechargement","status":"publish","type":"page","link":"https:\/\/www.tele-online.com\/fr\/centre-de-telechargement\/","title":{"rendered":"Centre de t\u00e9l\u00e9chargement"},"content":{"rendered":"        <div\n            id=\"block_b54e4102d4c34c527c6563bfb61dfb21\"\n            class=\"acf-block is-edit is-category-text\"\n            data-highlight=\"https:\/\/www.tele-online.com\/centre-de-telechargement\/#highlightblock=block_b54e4102d4c34c527c6563bfb61dfb21\"\n            data-block=\"headerslider\"\n        >\n                            <h2 class=\"acf-block-title\">\n                    <svg  xmlns=\"http:\/\/www.w3.org\/2000\/svg\"  width=\"24\"  height=\"24\"  viewBox=\"0 0 24 24\"  fill=\"none\"  stroke=\"currentColor\"  stroke-width=\"2\"  stroke-linecap=\"round\"  stroke-linejoin=\"round\"  class=\"icon icon-tabler icons-tabler-outline icon-tabler-align-left\"><path stroke=\"none\" d=\"M0 0h24v24H0z\" fill=\"none\"\/><path d=\"M4 6l16 0\" \/><path d=\"M4 12l10 0\" \/><path d=\"M4 18l14 0\" \/><\/svg>                    <span class=\"name\">Header Slider <\/span>\n                <\/h2>\n\n                                    <\/div>\n            <div\n            id=\"block_c8251fc32f855addade002257fad3bfe\"\n            class=\"acf-block is-edit is-category-text\"\n            data-highlight=\"https:\/\/www.tele-online.com\/centre-de-telechargement\/#highlightblock=block_c8251fc32f855addade002257fad3bfe\"\n            data-block=\"textblock\"\n        >\n                            <h2 class=\"acf-block-title\">\n                    <svg  xmlns=\"http:\/\/www.w3.org\/2000\/svg\"  width=\"24\"  height=\"24\"  viewBox=\"0 0 24 24\"  fill=\"none\"  stroke=\"currentColor\"  stroke-width=\"2\"  stroke-linecap=\"round\"  stroke-linejoin=\"round\"  class=\"icon icon-tabler icons-tabler-outline icon-tabler-align-left\"><path stroke=\"none\" d=\"M0 0h24v24H0z\" fill=\"none\"\/><path d=\"M4 6l16 0\" \/><path d=\"M4 12l10 0\" \/><path d=\"M4 18l14 0\" \/><\/svg>                    <span class=\"name\">Textblock <\/span>\n                <\/h2>\n\n                                    <\/div>\n            <div\n            id=\"block_bf8e75ce3f4e24b35763f48a6668c51a\"\n            class=\"acf-block is-edit is-category-text\"\n            data-highlight=\"https:\/\/www.tele-online.com\/centre-de-telechargement\/#highlightblock=block_bf8e75ce3f4e24b35763f48a6668c51a\"\n            data-block=\"downloads\"\n        >\n                            <h2 class=\"acf-block-title\">\n                    <svg  xmlns=\"http:\/\/www.w3.org\/2000\/svg\"  width=\"24\"  height=\"24\"  viewBox=\"0 0 24 24\"  fill=\"none\"  stroke=\"currentColor\"  stroke-width=\"2\"  stroke-linecap=\"round\"  stroke-linejoin=\"round\"  class=\"icon icon-tabler icons-tabler-outline icon-tabler-align-left\"><path stroke=\"none\" d=\"M0 0h24v24H0z\" fill=\"none\"\/><path d=\"M4 6l16 0\" \/><path d=\"M4 12l10 0\" \/><path d=\"M4 18l14 0\" \/><\/svg>                    <span class=\"name\">Downloads <\/span>\n                <\/h2>\n\n                                    <\/div>\n            <div\n            id=\"block_205a2e23d7ade5635d0ad1e18aadf7d4\"\n            class=\"acf-block is-edit is-category-text\"\n            data-highlight=\"https:\/\/www.tele-online.com\/centre-de-telechargement\/#highlightblock=block_205a2e23d7ade5635d0ad1e18aadf7d4\"\n            data-block=\"kontaktteasermitarbeiter\"\n        >\n                            <h2 class=\"acf-block-title\">\n                    <svg  xmlns=\"http:\/\/www.w3.org\/2000\/svg\"  width=\"24\"  height=\"24\"  viewBox=\"0 0 24 24\"  fill=\"none\"  stroke=\"currentColor\"  stroke-width=\"2\"  stroke-linecap=\"round\"  stroke-linejoin=\"round\"  class=\"icon icon-tabler icons-tabler-outline icon-tabler-align-left\"><path stroke=\"none\" d=\"M0 0h24v24H0z\" fill=\"none\"\/><path d=\"M4 6l16 0\" \/><path d=\"M4 12l10 0\" \/><path d=\"M4 18l14 0\" \/><\/svg>                    <span class=\"name\">Kontakt Teaser Mitarbeiter <\/span>\n                <\/h2>\n\n                                    <\/div>\n    ","protected":false},"excerpt":{"rendered":"","protected":false},"author":44,"featured_media":766211,"parent":0,"template":"","acf":{"webblocks":[{"acf_fc_layout":"headerslider","acf_fc_id":"acf-block-69a23bcc62da4","acf_fc_style":"","flexible":false,"submenu_aktivieren":true,"slide":[{"bild":{"ID":790136,"id":790136,"title":"Header Download","filename":"Header-Download.png","filesize":3363366,"url":"https:\/\/www.tele-online.com\/wp-content\/uploads\/2023\/12\/Header-Download.png","link":"https:\/\/www.tele-online.com\/fr\/centre-de-telechargement\/attachment\/header-download-2-2\/","alt":"","author":"59","description":"","caption":"","name":"header-download-2-2","status":"inherit","uploaded_to":790100,"date":"2023-12-19 13:44:16","modified":"2023-12-19 13:44:16","menu_order":0,"mime_type":"image\/png","type":"image","subtype":"png","icon":"https:\/\/www.tele-online.com\/wp-includes\/images\/media\/default.png","width":2048,"height":1365,"sizes":{"thumbnail":"https:\/\/www.tele-online.com\/wp-content\/uploads\/2023\/12\/Header-Download-220x220.png","thumbnail-width":220,"thumbnail-height":220,"medium":"https:\/\/www.tele-online.com\/wp-content\/uploads\/2023\/12\/Header-Download-544x360.png","medium-width":544,"medium-height":360,"medium_large":"https:\/\/www.tele-online.com\/wp-content\/uploads\/2023\/12\/Header-Download-768x512.png","medium_large-width":768,"medium_large-height":512,"large":"https:\/\/www.tele-online.com\/wp-content\/uploads\/2023\/12\/Header-Download-780x520.png","large-width":780,"large-height":520,"1536x1536":"https:\/\/www.tele-online.com\/wp-content\/uploads\/2023\/12\/Header-Download-1536x1024.png","1536x1536-width":1536,"1536x1536-height":1024,"2048x2048":"https:\/\/www.tele-online.com\/wp-content\/uploads\/2023\/12\/Header-Download.png","2048x2048-width":2048,"2048x2048-height":1365,"hd":"https:\/\/www.tele-online.com\/wp-content\/uploads\/2023\/12\/Header-Download-1920x1280.png","hd-width":1920,"hd-height":1280,"galerie":"https:\/\/www.tele-online.com\/wp-content\/uploads\/2023\/12\/Header-Download-320x213.png","galerie-width":320,"galerie-height":213,"stellen":"https:\/\/www.tele-online.com\/wp-content\/uploads\/2023\/12\/Header-Download-400x400.png","stellen-width":400,"stellen-height":400}},"headline":"Centre de t\u00e9l\u00e9chargement","link":null,"subheadline":"Notre m\u00e9diath\u00e8que vous donne acc\u00e8s \u00e0 tous les documents dont vous pourriez avoir besoin"}],"max_hohe":"70vh"},{"acf_fc_layout":"textblock","acf_fc_id":"acf-block-69a23bcc63d43","acf_fc_style":"","flexible":false,"text":"<h2 style=\"text-align: center\">Tous les documents importants en un clic<\/h2>\n<p style=\"text-align: center\">Sur cette page, vous pouvez t\u00e9l\u00e9charger confortablement des documents TELE de diff\u00e9rents types et des fichiers multim\u00e9dias.<\/p>\n<p style=\"text-align: center\">Vous pouvez effectuer une recherche par nom, utiliser nos filtres pr\u00e9d\u00e9finis ou combiner les deux.<\/p>\n","id":"","linie_oben_einblenden":false,"linie_unten_einblenden":false,"container":"small","hintergrund":"weis","box":false,"abstand_oben":"","abstand_unten":"0px"},{"acf_fc_layout":"downloads","acf_fc_id":"acf-block-69a23bcc64670","acf_fc_style":"","flexible":false},{"acf_fc_layout":"kontaktteasermitarbeiter","acf_fc_id":"acf-block-69a23bcc646b1","acf_fc_style":"","flexible":false,"headline":"Puis-je vous aider?","text":"Vous ne trouvez pas ce que vous cherchez? N'h\u00e9sitez pas \u00e0 me contacter!","type":"automatisch","mitarbeiter":137746,"mitarbeiter_fallback":35712,"telefon":"","telefon_gastautor":"","email_gastautor":"","termin_button_text":"","termin_button_link":"","id":"","hintergrund":"hellgruen","abstand_oben":"","abstand_unten":""}],"seo":[{"googleAuthor":"","googlePublisher":"","schemaName":"","schemaDescription":"","schemaImage":false}],"main_menu_ausblenden":false,"footer":{"footer_headline_powerd_by":"Powered By TELE","footer_text_powered_by":"","footer_logos":null,"footer_mylayout_logos":"normal","footer_text_oben":"<p><strong>TELE Haase Steuerger\u00e4te Ges.m.b.H.<\/strong> | Vorarlberger Allee 38 (direct access via Slamastra\u00dfe 37), 1230 Vienna | Austria<\/p>\n<p><strong>Opening Hours<\/strong>: Monday-Thursday 08:00 a.m. to 04:00 p.m. &amp; Friday 08:00 a.m. to 01:00 p.m.<\/p>\n<p><strong><a href=\"https:\/\/www.tele-online.com\/en\/contact\/\">Contact Details<\/a><\/strong><\/p>\n","footer_headline_social_media":"","footer_social_media":[{"icon":"<i class=\"icon-facebook\"><\/i>","link":"https:\/\/www.facebook.com\/TELE-Haase-Steuerger%C3%A4te-GesmbH-212293998940265\/?rf=195551397135836"},{"icon":"<i class=\"icon-linkedin\"><\/i>","link":"https:\/\/www.linkedin.com\/company\/tele-worldwide\/"},{"icon":"<i class=\"icon-youtube\"><\/i>","link":"https:\/\/www.youtube.com\/user\/telehaase\/featured"},{"icon":"<i class=\"icon-instagram\"><\/i>","link":"https:\/\/www.instagram.com\/tele_haase\/"}]},"nav_data":{"link":"","text":""},"wpmlurl":{"de":"\/","en":"\/en\/","us":"\/us\/","fr":"\/fr\/","es":"\/es\/"}},"yoast_head":"<!-- This site is optimized with the Yoast SEO plugin v24.5 - https:\/\/yoast.com\/wordpress\/plugins\/seo\/ -->\n<title>Centre de t\u00e9l\u00e9chargement - Tele Haase<\/title>\n<meta name=\"description\" content=\"Tous les documents importants en un clic. Cette page vous permet de t\u00e9l\u00e9charger facilement nos documents publi\u00e9s, tels que les certificats et les fichiers multim\u00e9dias.\" \/>\n<meta name=\"robots\" content=\"index, follow, max-snippet:-1, max-image-preview:large, max-video-preview:-1\" \/>\n<link rel=\"canonical\" href=\"https:\/\/www.tele-online.com\/fr\/centre-de-telechargement\/\" \/>\n<meta property=\"og:locale\" content=\"fr_FR\" \/>\n<meta property=\"og:type\" content=\"article\" \/>\n<meta property=\"og:title\" content=\"Centre de t\u00e9l\u00e9chargement - Tele Haase\" \/>\n<meta property=\"og:description\" content=\"Tous les documents importants en un clic. Cette page vous permet de t\u00e9l\u00e9charger facilement nos documents publi\u00e9s, tels que les certificats et les fichiers multim\u00e9dias.\" \/>\n<meta property=\"og:url\" content=\"https:\/\/www.tele-online.com\/fr\/centre-de-telechargement\/\" \/>\n<meta property=\"og:site_name\" content=\"Tele Haase\" \/>\n<meta property=\"article:modified_time\" content=\"2024-06-13T12:05:40+00:00\" \/>\n<meta property=\"og:image\" content=\"https:\/\/www.tele-online.com\/wp-content\/uploads\/2015\/12\/tele-haase-headerbild-mediacenter.jpg\" \/>\n\t<meta property=\"og:image:width\" content=\"1733\" \/>\n\t<meta property=\"og:image:height\" content=\"1155\" \/>\n\t<meta property=\"og:image:type\" content=\"image\/jpeg\" \/>\n<meta name=\"twitter:card\" content=\"summary_large_image\" \/>\n<script type=\"application\/ld+json\" class=\"yoast-schema-graph\">{\"@context\":\"https:\/\/schema.org\",\"@graph\":[{\"@type\":\"WebPage\",\"@id\":\"https:\/\/www.tele-online.com\/fr\/centre-de-telechargement\/\",\"url\":\"https:\/\/www.tele-online.com\/fr\/centre-de-telechargement\/\",\"name\":\"Centre de t\u00e9l\u00e9chargement - Tele Haase\",\"isPartOf\":{\"@id\":\"https:\/\/www.tele-online.com\/fr\/#website\"},\"primaryImageOfPage\":{\"@id\":\"https:\/\/www.tele-online.com\/fr\/centre-de-telechargement\/#primaryimage\"},\"image\":{\"@id\":\"https:\/\/www.tele-online.com\/fr\/centre-de-telechargement\/#primaryimage\"},\"thumbnailUrl\":\"https:\/\/www.tele-online.com\/wp-content\/uploads\/2015\/12\/tele-haase-headerbild-mediacenter.jpg\",\"datePublished\":\"2024-06-13T12:05:30+00:00\",\"dateModified\":\"2024-06-13T12:05:40+00:00\",\"description\":\"Tous les documents importants en un clic. Cette page vous permet de t\u00e9l\u00e9charger facilement nos documents publi\u00e9s, tels que les certificats et les fichiers multim\u00e9dias.\",\"breadcrumb\":{\"@id\":\"https:\/\/www.tele-online.com\/fr\/centre-de-telechargement\/#breadcrumb\"},\"inLanguage\":\"fr-FR\",\"potentialAction\":[{\"@type\":\"ReadAction\",\"target\":[\"https:\/\/www.tele-online.com\/fr\/centre-de-telechargement\/\"]}]},{\"@type\":\"ImageObject\",\"inLanguage\":\"fr-FR\",\"@id\":\"https:\/\/www.tele-online.com\/fr\/centre-de-telechargement\/#primaryimage\",\"url\":\"https:\/\/www.tele-online.com\/wp-content\/uploads\/2015\/12\/tele-haase-headerbild-mediacenter.jpg\",\"contentUrl\":\"https:\/\/www.tele-online.com\/wp-content\/uploads\/2015\/12\/tele-haase-headerbild-mediacenter.jpg\",\"width\":1733,\"height\":1155},{\"@type\":\"BreadcrumbList\",\"@id\":\"https:\/\/www.tele-online.com\/fr\/centre-de-telechargement\/#breadcrumb\",\"itemListElement\":[{\"@type\":\"ListItem\",\"position\":1,\"name\":\"Startseite\",\"item\":\"https:\/\/www.tele-online.com\/fr\/\"},{\"@type\":\"ListItem\",\"position\":2,\"name\":\"Centre de t\u00e9l\u00e9chargement\"}]},{\"@type\":\"WebSite\",\"@id\":\"https:\/\/www.tele-online.com\/fr\/#website\",\"url\":\"https:\/\/www.tele-online.com\/fr\/\",\"name\":\"Tele Haase\",\"description\":\"Your Smart Factory\",\"potentialAction\":[{\"@type\":\"SearchAction\",\"target\":{\"@type\":\"EntryPoint\",\"urlTemplate\":\"https:\/\/www.tele-online.com\/fr\/?s={search_term_string}\"},\"query-input\":{\"@type\":\"PropertyValueSpecification\",\"valueRequired\":true,\"valueName\":\"search_term_string\"}}],\"inLanguage\":\"fr-FR\"}]}<\/script>\n<!-- \/ Yoast SEO plugin. -->","yoast_head_json":{"title":"Centre de t\u00e9l\u00e9chargement - Tele Haase","description":"Tous les documents importants en un clic. Cette page vous permet de t\u00e9l\u00e9charger facilement nos documents publi\u00e9s, tels que les certificats et les fichiers multim\u00e9dias.","robots":{"index":"index","follow":"follow","max-snippet":"max-snippet:-1","max-image-preview":"max-image-preview:large","max-video-preview":"max-video-preview:-1"},"canonical":"https:\/\/www.tele-online.com\/fr\/centre-de-telechargement\/","og_locale":"fr_FR","og_type":"article","og_title":"Centre de t\u00e9l\u00e9chargement - Tele Haase","og_description":"Tous les documents importants en un clic. Cette page vous permet de t\u00e9l\u00e9charger facilement nos documents publi\u00e9s, tels que les certificats et les fichiers multim\u00e9dias.","og_url":"https:\/\/www.tele-online.com\/fr\/centre-de-telechargement\/","og_site_name":"Tele Haase","article_modified_time":"2024-06-13T12:05:40+00:00","og_image":[{"width":1733,"height":1155,"url":"https:\/\/www.tele-online.com\/wp-content\/uploads\/2015\/12\/tele-haase-headerbild-mediacenter.jpg","type":"image\/jpeg"}],"twitter_card":"summary_large_image","schema":{"@context":"https:\/\/schema.org","@graph":[{"@type":"WebPage","@id":"https:\/\/www.tele-online.com\/fr\/centre-de-telechargement\/","url":"https:\/\/www.tele-online.com\/fr\/centre-de-telechargement\/","name":"Centre de t\u00e9l\u00e9chargement - Tele Haase","isPartOf":{"@id":"https:\/\/www.tele-online.com\/fr\/#website"},"primaryImageOfPage":{"@id":"https:\/\/www.tele-online.com\/fr\/centre-de-telechargement\/#primaryimage"},"image":{"@id":"https:\/\/www.tele-online.com\/fr\/centre-de-telechargement\/#primaryimage"},"thumbnailUrl":"https:\/\/www.tele-online.com\/wp-content\/uploads\/2015\/12\/tele-haase-headerbild-mediacenter.jpg","datePublished":"2024-06-13T12:05:30+00:00","dateModified":"2024-06-13T12:05:40+00:00","description":"Tous les documents importants en un clic. Cette page vous permet de t\u00e9l\u00e9charger facilement nos documents publi\u00e9s, tels que les certificats et les fichiers multim\u00e9dias.","breadcrumb":{"@id":"https:\/\/www.tele-online.com\/fr\/centre-de-telechargement\/#breadcrumb"},"inLanguage":"fr-FR","potentialAction":[{"@type":"ReadAction","target":["https:\/\/www.tele-online.com\/fr\/centre-de-telechargement\/"]}]},{"@type":"ImageObject","inLanguage":"fr-FR","@id":"https:\/\/www.tele-online.com\/fr\/centre-de-telechargement\/#primaryimage","url":"https:\/\/www.tele-online.com\/wp-content\/uploads\/2015\/12\/tele-haase-headerbild-mediacenter.jpg","contentUrl":"https:\/\/www.tele-online.com\/wp-content\/uploads\/2015\/12\/tele-haase-headerbild-mediacenter.jpg","width":1733,"height":1155},{"@type":"BreadcrumbList","@id":"https:\/\/www.tele-online.com\/fr\/centre-de-telechargement\/#breadcrumb","itemListElement":[{"@type":"ListItem","position":1,"name":"Startseite","item":"https:\/\/www.tele-online.com\/fr\/"},{"@type":"ListItem","position":2,"name":"Centre de t\u00e9l\u00e9chargement"}]},{"@type":"WebSite","@id":"https:\/\/www.tele-online.com\/fr\/#website","url":"https:\/\/www.tele-online.com\/fr\/","name":"Tele Haase","description":"Your Smart Factory","potentialAction":[{"@type":"SearchAction","target":{"@type":"EntryPoint","urlTemplate":"https:\/\/www.tele-online.com\/fr\/?s={search_term_string}"},"query-input":{"@type":"PropertyValueSpecification","valueRequired":true,"valueName":"search_term_string"}}],"inLanguage":"fr-FR"}]}},"yoast_data":{"yoast_wpseo_canonical":"https:\/\/www.tele-online.com\/fr\/centre-de-telechargement\/","yoast_wpseo_opengraph_image":"https:\/\/www.tele-online.com\/wp-content\/uploads\/2015\/12\/tele-haase-headerbild-mediacenter.jpg","yoast_wpseo_metadesc":"Tous les documents importants en un clic. Cette page vous permet de t\u00e9l\u00e9charger facilement nos documents publi\u00e9s, tels que les certificats et les fichiers multim\u00e9dias.","yoast_wpseo_meta_robots_noindex":"","yoast_wpseo_meta_robots_nofollow":""},"footer_links":null,"yoasttitle":"Centre de t\u00e9l\u00e9chargement - Tele Haase","yoast_title":"Centre de t\u00e9l\u00e9chargement - Tele Haase","yoast_meta":[{"name":"description","content":"Tous les documents importants en un clic. Cette page vous permet de t\u00e9l\u00e9charger facilement nos documents publi\u00e9s, tels que les certificats et les fichiers multim\u00e9dias."},{"name":"robots","content":"index, follow, max-snippet:-1, max-image-preview:large, max-video-preview:-1"},{"property":"og:locale","content":"fr_FR"},{"property":"og:type","content":"article"},{"property":"og:title","content":"Centre de t\u00e9l\u00e9chargement - Tele Haase"},{"property":"og:description","content":"Tous les documents importants en un clic. Cette page vous permet de t\u00e9l\u00e9charger facilement nos documents publi\u00e9s, tels que les certificats et les fichiers multim\u00e9dias."},{"property":"og:url","content":"https:\/\/www.tele-online.com\/fr\/centre-de-telechargement\/"},{"property":"og:site_name","content":"Tele Haase"},{"property":"article:modified_time","content":"2024-06-13T12:05:40+00:00"},{"property":"og:image","content":"https:\/\/www.tele-online.com\/wp-content\/uploads\/2015\/12\/tele-haase-headerbild-mediacenter.jpg"},{"property":"og:image:width","content":"1733"},{"property":"og:image:height","content":"1155"},{"property":"og:image:type","content":"image\/jpeg"},{"name":"twitter:card","content":"summary_large_image"},{"name":"robots","content":"index, follow, max-image-preview:large, max-snippet:-1, max-video-preview:-1"}],"yoast_json_ld":[{"@context":"https:\/\/schema.org","@graph":[{"@type":"WebPage","@id":"https:\/\/www.tele-online.com\/fr\/centre-de-telechargement\/","url":"https:\/\/www.tele-online.com\/fr\/centre-de-telechargement\/","name":"Centre de t&eacute;l&eacute;chargement - Tele Haase","isPartOf":{"@id":"https:\/\/www.tele-online.com\/fr\/#website"},"primaryImageOfPage":{"@id":"https:\/\/www.tele-online.com\/fr\/centre-de-telechargement\/#primaryimage"},"image":{"@id":"https:\/\/www.tele-online.com\/fr\/centre-de-telechargement\/#primaryimage"},"thumbnailUrl":"https:\/\/www.tele-online.com\/wp-content\/uploads\/2015\/12\/tele-haase-headerbild-mediacenter.jpg","datePublished":"2024-06-13T12:05:30+00:00","dateModified":"2024-06-13T12:05:40+00:00","description":"Tous les documents importants en un clic. Cette page vous permet de t&eacute;l&eacute;charger facilement nos documents publi&eacute;s, tels que les certificats et les fichiers multim&eacute;dias.","breadcrumb":{"@id":"https:\/\/www.tele-online.com\/fr\/centre-de-telechargement\/#breadcrumb"},"inLanguage":"fr-FR","potentialAction":[{"@type":"ReadAction","target":["https:\/\/www.tele-online.com\/fr\/centre-de-telechargement\/"]}]},{"@type":"ImageObject","inLanguage":"fr-FR","@id":"https:\/\/www.tele-online.com\/fr\/centre-de-telechargement\/#primaryimage","url":"https:\/\/www.tele-online.com\/wp-content\/uploads\/2015\/12\/tele-haase-headerbild-mediacenter.jpg","contentUrl":"https:\/\/www.tele-online.com\/wp-content\/uploads\/2015\/12\/tele-haase-headerbild-mediacenter.jpg","width":1733,"height":1155},{"@type":"BreadcrumbList","@id":"https:\/\/www.tele-online.com\/fr\/centre-de-telechargement\/#breadcrumb","itemListElement":[{"@type":"ListItem","position":1,"name":"Startseite","item":"https:\/\/www.tele-online.com\/fr\/"},{"@type":"ListItem","position":2,"name":"Centre de t&eacute;l&eacute;chargement"}]},{"@type":"WebSite","@id":"https:\/\/www.tele-online.com\/fr\/#website","url":"https:\/\/www.tele-online.com\/fr\/","name":"Tele Haase","description":"Your Smart Factory","potentialAction":[{"@type":"SearchAction","target":{"@type":"EntryPoint","urlTemplate":"https:\/\/www.tele-online.com\/fr\/?s={search_term_string}"},"query-input":{"@type":"PropertyValueSpecification","valueRequired":true,"valueName":"search_term_string"}}],"inLanguage":"fr-FR"}]}],"_links":{"self":[{"href":"https:\/\/www.tele-online.com\/fr\/wp-json\/wp\/v2\/pages\/790100"}],"collection":[{"href":"https:\/\/www.tele-online.com\/fr\/wp-json\/wp\/v2\/pages"}],"about":[{"href":"https:\/\/www.tele-online.com\/fr\/wp-json\/wp\/v2\/types\/page"}],"author":[{"embeddable":true,"href":"https:\/\/www.tele-online.com\/fr\/wp-json\/wp\/v2\/users\/44"}],"replies":[{"embeddable":true,"href":"https:\/\/www.tele-online.com\/fr\/wp-json\/wp\/v2\/comments?post=790100"}],"version-history":[{"count":1,"href":"https:\/\/www.tele-online.com\/fr\/wp-json\/wp\/v2\/pages\/790100\/revisions"}],"predecessor-version":[{"id":790158,"href":"https:\/\/www.tele-online.com\/fr\/wp-json\/wp\/v2\/pages\/790100\/revisions\/790158"}],"wp:featuredmedia":[{"embeddable":true,"href":"https:\/\/www.tele-online.com\/fr\/wp-json\/wp\/v2\/media\/766211"}],"wp:attachment":[{"href":"https:\/\/www.tele-online.com\/fr\/wp-json\/wp\/v2\/media?parent=790100"}],"curies":[{"name":"wp","href":"https:\/\/api.w.org\/{rel}","templated":true}]}}