{"id":790063,"date":"2024-06-13T11:18:15","modified":"2025-07-09T09:23:22","slug":"partenaire-commercial","status":"publish","type":"page","link":"https:\/\/www.tele-online.com\/fr\/partenaire-commercial\/","title":{"rendered":"Partenaire commercial"},"content":{"rendered":"        <div\n            id=\"block_537d53e5de687995664cb2474d9c14ff\"\n            class=\"acf-block is-edit is-category-text\"\n            data-highlight=\"https:\/\/www.tele-online.com\/partenaire-commercial\/#highlightblock=block_537d53e5de687995664cb2474d9c14ff\"\n            data-block=\"headerslider\"\n        >\n                            <h2 class=\"acf-block-title\">\n                    <svg  xmlns=\"http:\/\/www.w3.org\/2000\/svg\"  width=\"24\"  height=\"24\"  viewBox=\"0 0 24 24\"  fill=\"none\"  stroke=\"currentColor\"  stroke-width=\"2\"  stroke-linecap=\"round\"  stroke-linejoin=\"round\"  class=\"icon icon-tabler icons-tabler-outline icon-tabler-align-left\"><path stroke=\"none\" d=\"M0 0h24v24H0z\" fill=\"none\"\/><path d=\"M4 6l16 0\" \/><path d=\"M4 12l10 0\" \/><path d=\"M4 18l14 0\" \/><\/svg>                    <span class=\"name\">Header Slider <\/span>\n                <\/h2>\n\n                                    <\/div>\n            <div\n            id=\"block_0f914f5d1b102eddd21555f11b946b45\"\n            class=\"acf-block is-edit is-category-text\"\n            data-highlight=\"https:\/\/www.tele-online.com\/partenaire-commercial\/#highlightblock=block_0f914f5d1b102eddd21555f11b946b45\"\n            data-block=\"textblock\"\n        >\n                            <h2 class=\"acf-block-title\">\n                    <svg  xmlns=\"http:\/\/www.w3.org\/2000\/svg\"  width=\"24\"  height=\"24\"  viewBox=\"0 0 24 24\"  fill=\"none\"  stroke=\"currentColor\"  stroke-width=\"2\"  stroke-linecap=\"round\"  stroke-linejoin=\"round\"  class=\"icon icon-tabler icons-tabler-outline icon-tabler-align-left\"><path stroke=\"none\" d=\"M0 0h24v24H0z\" fill=\"none\"\/><path d=\"M4 6l16 0\" \/><path d=\"M4 12l10 0\" \/><path d=\"M4 18l14 0\" \/><\/svg>                    <span class=\"name\">Textblock <\/span>\n                <\/h2>\n\n                                    <\/div>\n            <div\n            id=\"block_2c1f30b103079b0f413957b1060b0609\"\n            class=\"acf-block is-edit is-category-text\"\n            data-highlight=\"https:\/\/www.tele-online.com\/partenaire-commercial\/#highlightblock=block_2c1f30b103079b0f413957b1060b0609\"\n            data-block=\"vertriebspartnersuche\"\n        >\n                            <h2 class=\"acf-block-title\">\n                    <svg  xmlns=\"http:\/\/www.w3.org\/2000\/svg\"  width=\"24\"  height=\"24\"  viewBox=\"0 0 24 24\"  fill=\"none\"  stroke=\"currentColor\"  stroke-width=\"2\"  stroke-linecap=\"round\"  stroke-linejoin=\"round\"  class=\"icon icon-tabler icons-tabler-outline icon-tabler-align-left\"><path stroke=\"none\" d=\"M0 0h24v24H0z\" fill=\"none\"\/><path d=\"M4 6l16 0\" \/><path d=\"M4 12l10 0\" \/><path d=\"M4 18l14 0\" \/><\/svg>                    <span class=\"name\">Vertriebspartnersuche <\/span>\n                <\/h2>\n\n                                    <\/div>\n    ","protected":false},"excerpt":{"rendered":"","protected":false},"author":44,"featured_media":766218,"parent":0,"template":"","acf":{"webblocks":[{"acf_fc_layout":"headerslider","acf_fc_id":"acf-block-69a1d8d6ed1f4","acf_fc_style":"","flexible":false,"submenu_aktivieren":true,"slide":[{"bild":{"ID":766218,"id":766218,"title":"Tele-Haase-Headerbild-Vertriebspartner","filename":"tele-haase-headerbild-vertriebspartner.jpg","filesize":295860,"url":"https:\/\/www.tele-online.com\/wp-content\/uploads\/2015\/12\/tele-haase-headerbild-vertriebspartner.jpg","link":"https:\/\/www.tele-online.com\/fr\/partenaire-commercial\/attachment\/tele-haase-headerbild-vertriebspartner-2\/","alt":"","author":"44","description":"","caption":"","name":"tele-haase-headerbild-vertriebspartner-2","status":"inherit","uploaded_to":790063,"date":"2015-12-16 10:38:00","modified":"2024-06-13 09:18:17","menu_order":0,"mime_type":"image\/jpeg","type":"image","subtype":"jpeg","icon":"https:\/\/www.tele-online.com\/wp-includes\/images\/media\/default.png","width":1733,"height":1155,"sizes":{"thumbnail":"https:\/\/www.tele-online.com\/wp-content\/uploads\/2015\/12\/tele-haase-headerbild-vertriebspartner-220x220.jpg","thumbnail-width":220,"thumbnail-height":220,"medium":"https:\/\/www.tele-online.com\/wp-content\/uploads\/2015\/12\/tele-haase-headerbild-vertriebspartner-544x360.jpg","medium-width":544,"medium-height":360,"medium_large":"https:\/\/www.tele-online.com\/wp-content\/uploads\/2015\/12\/tele-haase-headerbild-vertriebspartner-768x512.jpg","medium_large-width":768,"medium_large-height":512,"large":"https:\/\/www.tele-online.com\/wp-content\/uploads\/2015\/12\/tele-haase-headerbild-vertriebspartner-780x520.jpg","large-width":780,"large-height":520,"1536x1536":"https:\/\/www.tele-online.com\/wp-content\/uploads\/2015\/12\/tele-haase-headerbild-vertriebspartner.jpg","1536x1536-width":1536,"1536x1536-height":1024,"2048x2048":"https:\/\/www.tele-online.com\/wp-content\/uploads\/2015\/12\/tele-haase-headerbild-vertriebspartner.jpg","2048x2048-width":1733,"2048x2048-height":1155,"hd":"https:\/\/www.tele-online.com\/wp-content\/uploads\/2015\/12\/tele-haase-headerbild-vertriebspartner.jpg","hd-width":1733,"hd-height":1155,"galerie":"https:\/\/www.tele-online.com\/wp-content\/uploads\/2015\/12\/tele-haase-headerbild-vertriebspartner.jpg","galerie-width":320,"galerie-height":213,"stellen":"https:\/\/www.tele-online.com\/wp-content\/uploads\/2015\/12\/tele-haase-headerbild-vertriebspartner.jpg","stellen-width":400,"stellen-height":267}},"headline":"Dans tous les coins","link":null,"subheadline":"TELE Haase collabore avec ses partenaires commerciaux afin d'offrir le meilleur service possible et de se soutenir mutuellement par ses id\u00e9es et son savoir-faire."}],"max_hohe":"70vh"},{"acf_fc_layout":"textblock","acf_fc_id":"acf-block-69a1d8d6ee4c7","acf_fc_style":"","flexible":false,"text":"<h2 style=\"text-align: center\">Trouver des partenaires commerciaux dans votre r\u00e9gion<\/h2>\n<p style=\"text-align: center\">TELE Haase collabore avec des partenaires de distribution qui m\u00e9ritent votre confiance et qui vous soutiennent de mani\u00e8re optimale.<\/p>\n","id":"","linie_oben_einblenden":false,"linie_unten_einblenden":false,"container":"small","hintergrund":"weis","box":false,"abstand_oben":"","abstand_unten":"0px"},{"acf_fc_layout":"vertriebspartnersuche","acf_fc_id":"acf-block-69a1d8d6eeeaf","acf_fc_style":"","flexible":false,"karte_mittelpunkt":{"address":"Wien, \u00d6sterreich","lat":48.2081664,"lng":16.3718643,"zoom":14,"place_id":"ChIJn8o2UZ4HbUcRRluiUYrlwv0","name":"Wien","city":"Wien","state":"Wien","country":"\u00d6sterreich","country_short":"AT"},"headline":"Puis-je vous aider?","text":"Vous ne trouvez pas ce que vous cherchez? N'h\u00e9sitez pas \u00e0 me contacter!","mitarbeiter_nach_land":[],"abstand_oben":"","abstand_unten":""}],"seo":[{"googleAuthor":"","googlePublisher":"","schemaName":"","schemaDescription":"","schemaImage":false}],"footer_link_block":false,"main_menu_ausblenden":false,"footer":{"footer_headline_powerd_by":"Powered By TELE","footer_text_powered_by":"","footer_logos":null,"footer_mylayout_logos":"normal","footer_text_oben":"<p><strong>TELE Haase Steuerger\u00e4te Ges.m.b.H.<\/strong> | Vorarlberger Allee 38 (direct access via Slamastra\u00dfe 37), 1230 Vienna | Austria<\/p>\n<p><strong>Opening Hours<\/strong>: Monday-Thursday 08:00 a.m. to 04:00 p.m. &amp; Friday 08:00 a.m. to 01:00 p.m.<\/p>\n<p><strong><a href=\"https:\/\/www.tele-online.com\/en\/contact\/\">Contact Details<\/a><\/strong><\/p>\n","footer_headline_social_media":"","footer_social_media":[{"icon":"<i class=\"icon-facebook\"><\/i>","link":"https:\/\/www.facebook.com\/TELE-Haase-Steuerger%C3%A4te-GesmbH-212293998940265\/?rf=195551397135836"},{"icon":"<i class=\"icon-linkedin\"><\/i>","link":"https:\/\/www.linkedin.com\/company\/tele-worldwide\/"},{"icon":"<i class=\"icon-youtube\"><\/i>","link":"https:\/\/www.youtube.com\/user\/telehaase\/featured"},{"icon":"<i class=\"icon-instagram\"><\/i>","link":"https:\/\/www.instagram.com\/tele_haase\/"}]},"nav_data":{"link":"","text":""},"wpmlurl":{"de":"\/","en":"\/en\/","us":"\/us\/","fr":"\/fr\/","es":"\/es\/"}},"yoast_head":"<!-- This site is optimized with the Yoast SEO plugin v24.5 - https:\/\/yoast.com\/wordpress\/plugins\/seo\/ -->\n<title>Partenaire commercial - Acheter localement les produits TELE<\/title>\n<meta name=\"description\" content=\"Acc\u00e9dez au r\u00e9seau mondial de vente TELE et achetez localement des minuteries et des relais de surveillance.\" \/>\n<meta name=\"robots\" content=\"index, follow, max-snippet:-1, max-image-preview:large, max-video-preview:-1\" \/>\n<link rel=\"canonical\" href=\"https:\/\/www.tele-online.com\/fr\/partenaire-commercial\/\" \/>\n<meta property=\"og:locale\" content=\"fr_FR\" \/>\n<meta property=\"og:type\" content=\"article\" \/>\n<meta property=\"og:title\" content=\"Partenaire commercial - Acheter localement les produits TELE\" \/>\n<meta property=\"og:description\" content=\"Acc\u00e9dez au r\u00e9seau mondial de vente TELE et achetez localement des minuteries et des relais de surveillance.\" \/>\n<meta property=\"og:url\" content=\"https:\/\/www.tele-online.com\/fr\/partenaire-commercial\/\" \/>\n<meta property=\"og:site_name\" content=\"Tele Haase\" \/>\n<meta property=\"article:modified_time\" content=\"2025-07-09T07:23:22+00:00\" \/>\n<meta property=\"og:image\" content=\"https:\/\/www.tele-online.com\/wp-content\/uploads\/2015\/12\/tele-haase-headerbild-vertriebspartner.jpg\" \/>\n\t<meta property=\"og:image:width\" content=\"1733\" \/>\n\t<meta property=\"og:image:height\" content=\"1155\" \/>\n\t<meta property=\"og:image:type\" content=\"image\/jpeg\" \/>\n<meta name=\"twitter:card\" content=\"summary_large_image\" \/>\n<script type=\"application\/ld+json\" class=\"yoast-schema-graph\">{\"@context\":\"https:\/\/schema.org\",\"@graph\":[{\"@type\":\"WebPage\",\"@id\":\"https:\/\/www.tele-online.com\/fr\/partenaire-commercial\/\",\"url\":\"https:\/\/www.tele-online.com\/fr\/partenaire-commercial\/\",\"name\":\"Partenaire commercial - Acheter localement les produits TELE\",\"isPartOf\":{\"@id\":\"https:\/\/www.tele-online.com\/fr\/#website\"},\"primaryImageOfPage\":{\"@id\":\"https:\/\/www.tele-online.com\/fr\/partenaire-commercial\/#primaryimage\"},\"image\":{\"@id\":\"https:\/\/www.tele-online.com\/fr\/partenaire-commercial\/#primaryimage\"},\"thumbnailUrl\":\"https:\/\/www.tele-online.com\/wp-content\/uploads\/2015\/12\/tele-haase-headerbild-vertriebspartner.jpg\",\"datePublished\":\"2024-06-13T09:18:15+00:00\",\"dateModified\":\"2025-07-09T07:23:22+00:00\",\"description\":\"Acc\u00e9dez au r\u00e9seau mondial de vente TELE et achetez localement des minuteries et des relais de surveillance.\",\"breadcrumb\":{\"@id\":\"https:\/\/www.tele-online.com\/fr\/partenaire-commercial\/#breadcrumb\"},\"inLanguage\":\"fr-FR\",\"potentialAction\":[{\"@type\":\"ReadAction\",\"target\":[\"https:\/\/www.tele-online.com\/fr\/partenaire-commercial\/\"]}]},{\"@type\":\"ImageObject\",\"inLanguage\":\"fr-FR\",\"@id\":\"https:\/\/www.tele-online.com\/fr\/partenaire-commercial\/#primaryimage\",\"url\":\"https:\/\/www.tele-online.com\/wp-content\/uploads\/2015\/12\/tele-haase-headerbild-vertriebspartner.jpg\",\"contentUrl\":\"https:\/\/www.tele-online.com\/wp-content\/uploads\/2015\/12\/tele-haase-headerbild-vertriebspartner.jpg\",\"width\":1733,\"height\":1155},{\"@type\":\"BreadcrumbList\",\"@id\":\"https:\/\/www.tele-online.com\/fr\/partenaire-commercial\/#breadcrumb\",\"itemListElement\":[{\"@type\":\"ListItem\",\"position\":1,\"name\":\"Startseite\",\"item\":\"https:\/\/www.tele-online.com\/fr\/\"},{\"@type\":\"ListItem\",\"position\":2,\"name\":\"Partenaire commercial\"}]},{\"@type\":\"WebSite\",\"@id\":\"https:\/\/www.tele-online.com\/fr\/#website\",\"url\":\"https:\/\/www.tele-online.com\/fr\/\",\"name\":\"Tele Haase\",\"description\":\"Your Smart Factory\",\"potentialAction\":[{\"@type\":\"SearchAction\",\"target\":{\"@type\":\"EntryPoint\",\"urlTemplate\":\"https:\/\/www.tele-online.com\/fr\/?s={search_term_string}\"},\"query-input\":{\"@type\":\"PropertyValueSpecification\",\"valueRequired\":true,\"valueName\":\"search_term_string\"}}],\"inLanguage\":\"fr-FR\"}]}<\/script>\n<!-- \/ Yoast SEO plugin. -->","yoast_head_json":{"title":"Partenaire commercial - Acheter localement les produits TELE","description":"Acc\u00e9dez au r\u00e9seau mondial de vente TELE et achetez localement des minuteries et des relais de surveillance.","robots":{"index":"index","follow":"follow","max-snippet":"max-snippet:-1","max-image-preview":"max-image-preview:large","max-video-preview":"max-video-preview:-1"},"canonical":"https:\/\/www.tele-online.com\/fr\/partenaire-commercial\/","og_locale":"fr_FR","og_type":"article","og_title":"Partenaire commercial - Acheter localement les produits TELE","og_description":"Acc\u00e9dez au r\u00e9seau mondial de vente TELE et achetez localement des minuteries et des relais de surveillance.","og_url":"https:\/\/www.tele-online.com\/fr\/partenaire-commercial\/","og_site_name":"Tele Haase","article_modified_time":"2025-07-09T07:23:22+00:00","og_image":[{"width":1733,"height":1155,"url":"https:\/\/www.tele-online.com\/wp-content\/uploads\/2015\/12\/tele-haase-headerbild-vertriebspartner.jpg","type":"image\/jpeg"}],"twitter_card":"summary_large_image","schema":{"@context":"https:\/\/schema.org","@graph":[{"@type":"WebPage","@id":"https:\/\/www.tele-online.com\/fr\/partenaire-commercial\/","url":"https:\/\/www.tele-online.com\/fr\/partenaire-commercial\/","name":"Partenaire commercial - Acheter localement les produits TELE","isPartOf":{"@id":"https:\/\/www.tele-online.com\/fr\/#website"},"primaryImageOfPage":{"@id":"https:\/\/www.tele-online.com\/fr\/partenaire-commercial\/#primaryimage"},"image":{"@id":"https:\/\/www.tele-online.com\/fr\/partenaire-commercial\/#primaryimage"},"thumbnailUrl":"https:\/\/www.tele-online.com\/wp-content\/uploads\/2015\/12\/tele-haase-headerbild-vertriebspartner.jpg","datePublished":"2024-06-13T09:18:15+00:00","dateModified":"2025-07-09T07:23:22+00:00","description":"Acc\u00e9dez au r\u00e9seau mondial de vente TELE et achetez localement des minuteries et des relais de surveillance.","breadcrumb":{"@id":"https:\/\/www.tele-online.com\/fr\/partenaire-commercial\/#breadcrumb"},"inLanguage":"fr-FR","potentialAction":[{"@type":"ReadAction","target":["https:\/\/www.tele-online.com\/fr\/partenaire-commercial\/"]}]},{"@type":"ImageObject","inLanguage":"fr-FR","@id":"https:\/\/www.tele-online.com\/fr\/partenaire-commercial\/#primaryimage","url":"https:\/\/www.tele-online.com\/wp-content\/uploads\/2015\/12\/tele-haase-headerbild-vertriebspartner.jpg","contentUrl":"https:\/\/www.tele-online.com\/wp-content\/uploads\/2015\/12\/tele-haase-headerbild-vertriebspartner.jpg","width":1733,"height":1155},{"@type":"BreadcrumbList","@id":"https:\/\/www.tele-online.com\/fr\/partenaire-commercial\/#breadcrumb","itemListElement":[{"@type":"ListItem","position":1,"name":"Startseite","item":"https:\/\/www.tele-online.com\/fr\/"},{"@type":"ListItem","position":2,"name":"Partenaire commercial"}]},{"@type":"WebSite","@id":"https:\/\/www.tele-online.com\/fr\/#website","url":"https:\/\/www.tele-online.com\/fr\/","name":"Tele Haase","description":"Your Smart Factory","potentialAction":[{"@type":"SearchAction","target":{"@type":"EntryPoint","urlTemplate":"https:\/\/www.tele-online.com\/fr\/?s={search_term_string}"},"query-input":{"@type":"PropertyValueSpecification","valueRequired":true,"valueName":"search_term_string"}}],"inLanguage":"fr-FR"}]}},"yoast_data":{"yoast_wpseo_canonical":"https:\/\/www.tele-online.com\/fr\/partenaire-commercial\/","yoast_wpseo_opengraph_image":"https:\/\/www.tele-online.com\/wp-content\/uploads\/2015\/12\/tele-haase-headerbild-vertriebspartner.jpg","yoast_wpseo_metadesc":"Acc\u00e9dez au r\u00e9seau mondial de vente TELE et achetez localement des minuteries et des relais de surveillance.","yoast_wpseo_meta_robots_noindex":"","yoast_wpseo_meta_robots_nofollow":""},"footer_links":null,"yoasttitle":"%%page%% %%title%% %%sep%% Acheter localement les produits TELE","yoast_title":"Partenaire commercial - Acheter localement les produits TELE","yoast_meta":[{"name":"description","content":"Acc\u00e9dez au r\u00e9seau mondial de vente TELE et achetez localement des minuteries et des relais de surveillance."},{"name":"robots","content":"index, follow, max-snippet:-1, max-image-preview:large, max-video-preview:-1"},{"property":"og:locale","content":"fr_FR"},{"property":"og:type","content":"article"},{"property":"og:title","content":"Partenaire commercial - Acheter localement les produits TELE"},{"property":"og:description","content":"Acc\u00e9dez au r\u00e9seau mondial de vente TELE et achetez localement des minuteries et des relais de surveillance."},{"property":"og:url","content":"https:\/\/www.tele-online.com\/fr\/partenaire-commercial\/"},{"property":"og:site_name","content":"Tele Haase"},{"property":"article:modified_time","content":"2025-07-09T07:23:22+00:00"},{"property":"og:image","content":"https:\/\/www.tele-online.com\/wp-content\/uploads\/2015\/12\/tele-haase-headerbild-vertriebspartner.jpg"},{"property":"og:image:width","content":"1733"},{"property":"og:image:height","content":"1155"},{"property":"og:image:type","content":"image\/jpeg"},{"name":"twitter:card","content":"summary_large_image"},{"name":"robots","content":"index, follow, max-image-preview:large, max-snippet:-1, max-video-preview:-1"}],"yoast_json_ld":[{"@context":"https:\/\/schema.org","@graph":[{"@type":"WebPage","@id":"https:\/\/www.tele-online.com\/fr\/partenaire-commercial\/","url":"https:\/\/www.tele-online.com\/fr\/partenaire-commercial\/","name":"Partenaire commercial - Acheter localement les produits TELE","isPartOf":{"@id":"https:\/\/www.tele-online.com\/fr\/#website"},"primaryImageOfPage":{"@id":"https:\/\/www.tele-online.com\/fr\/partenaire-commercial\/#primaryimage"},"image":{"@id":"https:\/\/www.tele-online.com\/fr\/partenaire-commercial\/#primaryimage"},"thumbnailUrl":"https:\/\/www.tele-online.com\/wp-content\/uploads\/2015\/12\/tele-haase-headerbild-vertriebspartner.jpg","datePublished":"2024-06-13T09:18:15+00:00","dateModified":"2025-07-09T07:23:22+00:00","description":"Acc&eacute;dez au r&eacute;seau mondial de vente TELE et achetez localement des minuteries et des relais de surveillance.","breadcrumb":{"@id":"https:\/\/www.tele-online.com\/fr\/partenaire-commercial\/#breadcrumb"},"inLanguage":"fr-FR","potentialAction":[{"@type":"ReadAction","target":["https:\/\/www.tele-online.com\/fr\/partenaire-commercial\/"]}]},{"@type":"ImageObject","inLanguage":"fr-FR","@id":"https:\/\/www.tele-online.com\/fr\/partenaire-commercial\/#primaryimage","url":"https:\/\/www.tele-online.com\/wp-content\/uploads\/2015\/12\/tele-haase-headerbild-vertriebspartner.jpg","contentUrl":"https:\/\/www.tele-online.com\/wp-content\/uploads\/2015\/12\/tele-haase-headerbild-vertriebspartner.jpg","width":1733,"height":1155},{"@type":"BreadcrumbList","@id":"https:\/\/www.tele-online.com\/fr\/partenaire-commercial\/#breadcrumb","itemListElement":[{"@type":"ListItem","position":1,"name":"Startseite","item":"https:\/\/www.tele-online.com\/fr\/"},{"@type":"ListItem","position":2,"name":"Partenaire commercial"}]},{"@type":"WebSite","@id":"https:\/\/www.tele-online.com\/fr\/#website","url":"https:\/\/www.tele-online.com\/fr\/","name":"Tele Haase","description":"Your Smart Factory","potentialAction":[{"@type":"SearchAction","target":{"@type":"EntryPoint","urlTemplate":"https:\/\/www.tele-online.com\/fr\/?s={search_term_string}"},"query-input":{"@type":"PropertyValueSpecification","valueRequired":true,"valueName":"search_term_string"}}],"inLanguage":"fr-FR"}]}],"_links":{"self":[{"href":"https:\/\/www.tele-online.com\/fr\/wp-json\/wp\/v2\/pages\/790063"}],"collection":[{"href":"https:\/\/www.tele-online.com\/fr\/wp-json\/wp\/v2\/pages"}],"about":[{"href":"https:\/\/www.tele-online.com\/fr\/wp-json\/wp\/v2\/types\/page"}],"author":[{"embeddable":true,"href":"https:\/\/www.tele-online.com\/fr\/wp-json\/wp\/v2\/users\/44"}],"replies":[{"embeddable":true,"href":"https:\/\/www.tele-online.com\/fr\/wp-json\/wp\/v2\/comments?post=790063"}],"version-history":[{"count":1,"href":"https:\/\/www.tele-online.com\/fr\/wp-json\/wp\/v2\/pages\/790063\/revisions"}],"predecessor-version":[{"id":790064,"href":"https:\/\/www.tele-online.com\/fr\/wp-json\/wp\/v2\/pages\/790063\/revisions\/790064"}],"wp:featuredmedia":[{"embeddable":true,"href":"https:\/\/www.tele-online.com\/fr\/wp-json\/wp\/v2\/media\/766218"}],"wp:attachment":[{"href":"https:\/\/www.tele-online.com\/fr\/wp-json\/wp\/v2\/media?parent=790063"}],"curies":[{"name":"wp","href":"https:\/\/api.w.org\/{rel}","templated":true}]}}