{"id":790058,"date":"2024-06-13T11:15:14","modified":"2025-09-15T07:53:25","slug":"contact","status":"publish","type":"page","link":"https:\/\/www.tele-online.com\/fr\/contact\/","title":{"rendered":"Contact"},"content":{"rendered":"        <div\n            id=\"block_34699c3cfc1ae3196ba2d718f1fa2ceb\"\n            class=\"acf-block is-edit is-category-text\"\n            data-highlight=\"https:\/\/www.tele-online.com\/contact\/#highlightblock=block_34699c3cfc1ae3196ba2d718f1fa2ceb\"\n            data-block=\"headerslider\"\n        >\n                            <h2 class=\"acf-block-title\">\n                    <svg  xmlns=\"http:\/\/www.w3.org\/2000\/svg\"  width=\"24\"  height=\"24\"  viewBox=\"0 0 24 24\"  fill=\"none\"  stroke=\"currentColor\"  stroke-width=\"2\"  stroke-linecap=\"round\"  stroke-linejoin=\"round\"  class=\"icon icon-tabler icons-tabler-outline icon-tabler-align-left\"><path stroke=\"none\" d=\"M0 0h24v24H0z\" fill=\"none\"\/><path d=\"M4 6l16 0\" \/><path d=\"M4 12l10 0\" \/><path d=\"M4 18l14 0\" \/><\/svg>                    <span class=\"name\">Header Slider <\/span>\n                <\/h2>\n\n                                    <\/div>\n    \n\n        <div\n            id=\"block_0596abd364d5319703ab6ac1a47930f1\"\n            class=\"acf-block is-edit is-category-text\"\n            data-highlight=\"https:\/\/www.tele-online.com\/contact\/#highlightblock=block_0596abd364d5319703ab6ac1a47930f1\"\n            data-block=\"kontakformularmitmaps\"\n        >\n                            <h2 class=\"acf-block-title\">\n                    <svg  xmlns=\"http:\/\/www.w3.org\/2000\/svg\"  width=\"24\"  height=\"24\"  viewBox=\"0 0 24 24\"  fill=\"none\"  stroke=\"currentColor\"  stroke-width=\"2\"  stroke-linecap=\"round\"  stroke-linejoin=\"round\"  class=\"icon icon-tabler icons-tabler-outline icon-tabler-align-left\"><path stroke=\"none\" d=\"M0 0h24v24H0z\" fill=\"none\"\/><path d=\"M4 6l16 0\" \/><path d=\"M4 12l10 0\" \/><path d=\"M4 18l14 0\" \/><\/svg>                    <span class=\"name\">Kontaktformular mit Maps <\/span>\n                <\/h2>\n\n                                    <\/div>\n    \n\n        <div\n            id=\"block_2a78b1daa04b7d8d5bcbabbdcbf1c2f4\"\n            class=\"acf-block is-edit is-category-text\"\n            data-highlight=\"https:\/\/www.tele-online.com\/contact\/#highlightblock=block_2a78b1daa04b7d8d5bcbabbdcbf1c2f4\"\n            data-block=\"htmlblock\"\n        >\n                            <h2 class=\"acf-block-title\">\n                    <svg  xmlns=\"http:\/\/www.w3.org\/2000\/svg\"  width=\"24\"  height=\"24\"  viewBox=\"0 0 24 24\"  fill=\"none\"  stroke=\"currentColor\"  stroke-width=\"2\"  stroke-linecap=\"round\"  stroke-linejoin=\"round\"  class=\"icon icon-tabler icons-tabler-outline icon-tabler-align-left\"><path stroke=\"none\" d=\"M0 0h24v24H0z\" fill=\"none\"\/><path d=\"M4 6l16 0\" \/><path d=\"M4 12l10 0\" \/><path d=\"M4 18l14 0\" \/><\/svg>                    <span class=\"name\">HTML Block <\/span>\n                <\/h2>\n\n                                    <\/div>\n    ","protected":false},"excerpt":{"rendered":"","protected":false},"author":44,"featured_media":767099,"parent":0,"template":"","acf":{"webblocks":[{"acf_fc_layout":"headerslider","acf_fc_id":"acf-block-69a25104593bd","acf_fc_style":"","flexible":false,"submenu_aktivieren":true,"slide":[{"bild":{"ID":790060,"id":790060,"title":"Kopie von Kopie von Design ohne Titel","filename":"Kopie-von-Kopie-von-Design-ohne-Titel.png","filesize":3462491,"url":"https:\/\/www.tele-online.com\/wp-content\/uploads\/2023\/12\/Kopie-von-Kopie-von-Design-ohne-Titel.png","link":"https:\/\/www.tele-online.com\/fr\/contact\/attachment\/kopie-von-kopie-von-design-ohne-titel-4-3\/","alt":"","author":"59","description":"","caption":"","name":"kopie-von-kopie-von-design-ohne-titel-4-3","status":"inherit","uploaded_to":790058,"date":"2023-12-19 13:54:20","modified":"2023-12-19 13:54:20","menu_order":0,"mime_type":"image\/png","type":"image","subtype":"png","icon":"https:\/\/www.tele-online.com\/wp-includes\/images\/media\/default.png","width":2048,"height":1365,"sizes":{"thumbnail":"https:\/\/www.tele-online.com\/wp-content\/uploads\/2023\/12\/Kopie-von-Kopie-von-Design-ohne-Titel-220x220.png","thumbnail-width":220,"thumbnail-height":220,"medium":"https:\/\/www.tele-online.com\/wp-content\/uploads\/2023\/12\/Kopie-von-Kopie-von-Design-ohne-Titel-544x360.png","medium-width":544,"medium-height":360,"medium_large":"https:\/\/www.tele-online.com\/wp-content\/uploads\/2023\/12\/Kopie-von-Kopie-von-Design-ohne-Titel-768x512.png","medium_large-width":768,"medium_large-height":512,"large":"https:\/\/www.tele-online.com\/wp-content\/uploads\/2023\/12\/Kopie-von-Kopie-von-Design-ohne-Titel-780x520.png","large-width":780,"large-height":520,"1536x1536":"https:\/\/www.tele-online.com\/wp-content\/uploads\/2023\/12\/Kopie-von-Kopie-von-Design-ohne-Titel-1536x1024.png","1536x1536-width":1536,"1536x1536-height":1024,"2048x2048":"https:\/\/www.tele-online.com\/wp-content\/uploads\/2023\/12\/Kopie-von-Kopie-von-Design-ohne-Titel.png","2048x2048-width":2048,"2048x2048-height":1365,"hd":"https:\/\/www.tele-online.com\/wp-content\/uploads\/2023\/12\/Kopie-von-Kopie-von-Design-ohne-Titel-1920x1280.png","hd-width":1920,"hd-height":1280,"galerie":"https:\/\/www.tele-online.com\/wp-content\/uploads\/2023\/12\/Kopie-von-Kopie-von-Design-ohne-Titel-320x213.png","galerie-width":320,"galerie-height":213,"stellen":"https:\/\/www.tele-online.com\/wp-content\/uploads\/2023\/12\/Kopie-von-Kopie-von-Design-ohne-Titel-400x400.png","stellen-width":400,"stellen-height":400}},"headline":"Parlons-en","link":null,"subheadline":"Le service est notre force. C'est pourquoi le contact personnel avec vous est tr\u00e8s important pour nous. Appelez-nous ou envoyez-nous un courriel."}],"max_hohe":"70vh"},{"acf_fc_layout":"kontakformularmitmaps","acf_fc_id":"acf-block-69a251045aaf9","acf_fc_style":"","flexible":false,"headline":"Comment pouvons-nous vous aider?","button_text":"Envoyer","text_datenschutz":"J'accepte la politique de confidentialit\u00e9 de TELE","text_newsletter_anmelden":"Je souhaite m'abonner \u00e0 la lettre d'information.","text_erfolgreich_gesendet":"Merci beaucoup. Votre demande de contact nous a \u00e9t\u00e9 transmise avec succ\u00e8s.","text_fehler_beim_senden":"Malheureusement, une erreur s'est produite. Veuillez r\u00e9essayer.","map":{"address":"Vorarlberger Allee 38, 1230 Wien, u00d6sterreich","lat":48.136374,"lng":16.339446,"zoom":14,"place_id":"ChIJvXlZVh6pbUcR_IzfPWfI6hk","name":"Vorarlberger Allee 38","street_number":"38","street_name":"Vorarlberger Allee","city":"Wien","state":"Wien","post_code":"1230","country":"u00d6sterreich","country_short":"AT"},"name":"Tele Haase Steuerger\u00e4te Ges.m.b.H.","adresse":"Vorarlberger Allee 38 (Acc\u00e8s par : Slamastra\u00dfe 37)<br \/>\r\n1230 Wien<br \/>\r\n\u00d6sterreich","email":"","telefon":"","abstand_oben":"","abstand_unten":""},{"acf_fc_layout":"htmlblock","acf_fc_id":"acf-block-69a251045b985","acf_fc_style":"","flexible":false,"text":"<div class=\"video-container\">\n<iframe src=\"https:\/\/www.google.com\/maps\/embed?pb=!4v1711554656942!6m8!1m7!1sCAoSLEFGMVFpcE1YaklxY1NwRTVfSEVIYkdFcEtEb3A5OXd5cV96djBCcXRxV0xl!2m2!1d48.13647487616!2d16.339495619421!3f338.17739134636406!4f-10.001641560808423!5f0.4000000000000002\" style=\"border:0;\" allowfullscreen=\"\" loading=\"lazy\" referrerpolicy=\"no-referrer-when-downgrade\"><\/iframe>\n<\/div>","jobs_widget_laden":false,"id":"","linie_oben_einblenden":false,"linie_unten_einblenden":false,"container":"normal","hintergrund":"weis","abstand_oben":"","abstand_unten":""}],"seo":[{"googleAuthor":"","googlePublisher":"","schemaName":"","schemaDescription":"","schemaImage":false}],"main_menu_ausblenden":false,"footer":{"footer_headline_powerd_by":"Powered By TELE","footer_text_powered_by":"","footer_logos":null,"footer_mylayout_logos":"normal","footer_text_oben":"<p><strong>TELE Haase Steuerger\u00e4te Ges.m.b.H.<\/strong> | Vorarlberger Allee 38 (direct access via Slamastra\u00dfe 37), 1230 Vienna | Austria<\/p>\n<p><strong>Opening Hours<\/strong>: Monday-Thursday 08:00 a.m. to 04:00 p.m. &amp; Friday 08:00 a.m. to 01:00 p.m.<\/p>\n<p><strong><a href=\"https:\/\/www.tele-online.com\/en\/contact\/\">Contact Details<\/a><\/strong><\/p>\n","footer_headline_social_media":"","footer_social_media":[{"icon":"<i class=\"icon-facebook\"><\/i>","link":"https:\/\/www.facebook.com\/TELE-Haase-Steuerger%C3%A4te-GesmbH-212293998940265\/?rf=195551397135836"},{"icon":"<i class=\"icon-linkedin\"><\/i>","link":"https:\/\/www.linkedin.com\/company\/tele-worldwide\/"},{"icon":"<i class=\"icon-youtube\"><\/i>","link":"https:\/\/www.youtube.com\/user\/telehaase\/featured"},{"icon":"<i class=\"icon-instagram\"><\/i>","link":"https:\/\/www.instagram.com\/tele_haase\/"}]},"nav_data":{"link":"","text":""},"wpmlurl":{"de":"\/","en":"\/en\/","us":"\/us\/","fr":"\/fr\/","es":"\/es\/"}},"yoast_head":"<!-- This site is optimized with the Yoast SEO plugin v24.5 - https:\/\/yoast.com\/wordpress\/plugins\/seo\/ -->\n<title>Contact - Tele Haase<\/title>\n<meta name=\"description\" content=\"Nous sommes forts en mati\u00e8re de service. C&#039;est pourquoi le contact personnel avec vous est tr\u00e8s important pour nous. Appelez-nous ou envoyez-nous un courriel. Vous trouverez ici nos donn\u00e9es.\" \/>\n<meta name=\"robots\" content=\"index, follow, max-snippet:-1, max-image-preview:large, max-video-preview:-1\" \/>\n<link rel=\"canonical\" href=\"https:\/\/www.tele-online.com\/fr\/contact\/\" \/>\n<meta property=\"og:locale\" content=\"fr_FR\" \/>\n<meta property=\"og:type\" content=\"article\" \/>\n<meta property=\"og:title\" content=\"Contact - Tele Haase\" \/>\n<meta property=\"og:description\" content=\"Nous sommes forts en mati\u00e8re de service. C&#039;est pourquoi le contact personnel avec vous est tr\u00e8s important pour nous. Appelez-nous ou envoyez-nous un courriel. Vous trouverez ici nos donn\u00e9es.\" \/>\n<meta property=\"og:url\" content=\"https:\/\/www.tele-online.com\/fr\/contact\/\" \/>\n<meta property=\"og:site_name\" content=\"Tele Haase\" \/>\n<meta property=\"article:modified_time\" content=\"2025-09-15T05:53:25+00:00\" \/>\n<meta property=\"og:image\" content=\"https:\/\/www.tele-online.com\/wp-content\/uploads\/2017\/03\/tele-tea-time-78.jpg\" \/>\n\t<meta property=\"og:image:width\" content=\"1300\" \/>\n\t<meta property=\"og:image:height\" content=\"867\" \/>\n\t<meta property=\"og:image:type\" content=\"image\/jpeg\" \/>\n<meta name=\"twitter:card\" content=\"summary_large_image\" \/>\n<meta name=\"twitter:label1\" content=\"Dur\u00e9e de lecture estim\u00e9e\" \/>\n\t<meta name=\"twitter:data1\" content=\"1 minute\" \/>\n<script type=\"application\/ld+json\" class=\"yoast-schema-graph\">{\"@context\":\"https:\/\/schema.org\",\"@graph\":[{\"@type\":\"WebPage\",\"@id\":\"https:\/\/www.tele-online.com\/fr\/contact\/\",\"url\":\"https:\/\/www.tele-online.com\/fr\/contact\/\",\"name\":\"Contact - Tele Haase\",\"isPartOf\":{\"@id\":\"https:\/\/www.tele-online.com\/fr\/#website\"},\"primaryImageOfPage\":{\"@id\":\"https:\/\/www.tele-online.com\/fr\/contact\/#primaryimage\"},\"image\":{\"@id\":\"https:\/\/www.tele-online.com\/fr\/contact\/#primaryimage\"},\"thumbnailUrl\":\"https:\/\/www.tele-online.com\/wp-content\/uploads\/2017\/03\/tele-tea-time-78.jpg\",\"datePublished\":\"2024-06-13T09:15:14+00:00\",\"dateModified\":\"2025-09-15T05:53:25+00:00\",\"description\":\"Nous sommes forts en mati\u00e8re de service. C'est pourquoi le contact personnel avec vous est tr\u00e8s important pour nous. Appelez-nous ou envoyez-nous un courriel. Vous trouverez ici nos donn\u00e9es.\",\"breadcrumb\":{\"@id\":\"https:\/\/www.tele-online.com\/fr\/contact\/#breadcrumb\"},\"inLanguage\":\"fr-FR\",\"potentialAction\":[{\"@type\":\"ReadAction\",\"target\":[\"https:\/\/www.tele-online.com\/fr\/contact\/\"]}]},{\"@type\":\"ImageObject\",\"inLanguage\":\"fr-FR\",\"@id\":\"https:\/\/www.tele-online.com\/fr\/contact\/#primaryimage\",\"url\":\"https:\/\/www.tele-online.com\/wp-content\/uploads\/2017\/03\/tele-tea-time-78.jpg\",\"contentUrl\":\"https:\/\/www.tele-online.com\/wp-content\/uploads\/2017\/03\/tele-tea-time-78.jpg\",\"width\":1300,\"height\":867},{\"@type\":\"BreadcrumbList\",\"@id\":\"https:\/\/www.tele-online.com\/fr\/contact\/#breadcrumb\",\"itemListElement\":[{\"@type\":\"ListItem\",\"position\":1,\"name\":\"Startseite\",\"item\":\"https:\/\/www.tele-online.com\/fr\/\"},{\"@type\":\"ListItem\",\"position\":2,\"name\":\"Contact\"}]},{\"@type\":\"WebSite\",\"@id\":\"https:\/\/www.tele-online.com\/fr\/#website\",\"url\":\"https:\/\/www.tele-online.com\/fr\/\",\"name\":\"Tele Haase\",\"description\":\"Your Smart Factory\",\"potentialAction\":[{\"@type\":\"SearchAction\",\"target\":{\"@type\":\"EntryPoint\",\"urlTemplate\":\"https:\/\/www.tele-online.com\/fr\/?s={search_term_string}\"},\"query-input\":{\"@type\":\"PropertyValueSpecification\",\"valueRequired\":true,\"valueName\":\"search_term_string\"}}],\"inLanguage\":\"fr-FR\"}]}<\/script>\n<!-- \/ Yoast SEO plugin. -->","yoast_head_json":{"title":"Contact - Tele Haase","description":"Nous sommes forts en mati\u00e8re de service. C'est pourquoi le contact personnel avec vous est tr\u00e8s important pour nous. Appelez-nous ou envoyez-nous un courriel. Vous trouverez ici nos donn\u00e9es.","robots":{"index":"index","follow":"follow","max-snippet":"max-snippet:-1","max-image-preview":"max-image-preview:large","max-video-preview":"max-video-preview:-1"},"canonical":"https:\/\/www.tele-online.com\/fr\/contact\/","og_locale":"fr_FR","og_type":"article","og_title":"Contact - Tele Haase","og_description":"Nous sommes forts en mati\u00e8re de service. C'est pourquoi le contact personnel avec vous est tr\u00e8s important pour nous. Appelez-nous ou envoyez-nous un courriel. Vous trouverez ici nos donn\u00e9es.","og_url":"https:\/\/www.tele-online.com\/fr\/contact\/","og_site_name":"Tele Haase","article_modified_time":"2025-09-15T05:53:25+00:00","og_image":[{"width":1300,"height":867,"url":"https:\/\/www.tele-online.com\/wp-content\/uploads\/2017\/03\/tele-tea-time-78.jpg","type":"image\/jpeg"}],"twitter_card":"summary_large_image","twitter_misc":{"Dur\u00e9e de lecture estim\u00e9e":"1 minute"},"schema":{"@context":"https:\/\/schema.org","@graph":[{"@type":"WebPage","@id":"https:\/\/www.tele-online.com\/fr\/contact\/","url":"https:\/\/www.tele-online.com\/fr\/contact\/","name":"Contact - Tele Haase","isPartOf":{"@id":"https:\/\/www.tele-online.com\/fr\/#website"},"primaryImageOfPage":{"@id":"https:\/\/www.tele-online.com\/fr\/contact\/#primaryimage"},"image":{"@id":"https:\/\/www.tele-online.com\/fr\/contact\/#primaryimage"},"thumbnailUrl":"https:\/\/www.tele-online.com\/wp-content\/uploads\/2017\/03\/tele-tea-time-78.jpg","datePublished":"2024-06-13T09:15:14+00:00","dateModified":"2025-09-15T05:53:25+00:00","description":"Nous sommes forts en mati\u00e8re de service. C'est pourquoi le contact personnel avec vous est tr\u00e8s important pour nous. Appelez-nous ou envoyez-nous un courriel. Vous trouverez ici nos donn\u00e9es.","breadcrumb":{"@id":"https:\/\/www.tele-online.com\/fr\/contact\/#breadcrumb"},"inLanguage":"fr-FR","potentialAction":[{"@type":"ReadAction","target":["https:\/\/www.tele-online.com\/fr\/contact\/"]}]},{"@type":"ImageObject","inLanguage":"fr-FR","@id":"https:\/\/www.tele-online.com\/fr\/contact\/#primaryimage","url":"https:\/\/www.tele-online.com\/wp-content\/uploads\/2017\/03\/tele-tea-time-78.jpg","contentUrl":"https:\/\/www.tele-online.com\/wp-content\/uploads\/2017\/03\/tele-tea-time-78.jpg","width":1300,"height":867},{"@type":"BreadcrumbList","@id":"https:\/\/www.tele-online.com\/fr\/contact\/#breadcrumb","itemListElement":[{"@type":"ListItem","position":1,"name":"Startseite","item":"https:\/\/www.tele-online.com\/fr\/"},{"@type":"ListItem","position":2,"name":"Contact"}]},{"@type":"WebSite","@id":"https:\/\/www.tele-online.com\/fr\/#website","url":"https:\/\/www.tele-online.com\/fr\/","name":"Tele Haase","description":"Your Smart Factory","potentialAction":[{"@type":"SearchAction","target":{"@type":"EntryPoint","urlTemplate":"https:\/\/www.tele-online.com\/fr\/?s={search_term_string}"},"query-input":{"@type":"PropertyValueSpecification","valueRequired":true,"valueName":"search_term_string"}}],"inLanguage":"fr-FR"}]}},"yoast_data":{"yoast_wpseo_canonical":"https:\/\/www.tele-online.com\/fr\/contact\/","yoast_wpseo_opengraph_image":"https:\/\/www.tele-online.com\/wp-content\/uploads\/2017\/03\/tele-tea-time-78.jpg","yoast_wpseo_metadesc":"Nous sommes forts en mati\u00e8re de service. C'est pourquoi le contact personnel avec vous est tr\u00e8s important pour nous. Appelez-nous ou envoyez-nous un courriel. Vous trouverez ici nos donn\u00e9es.","yoast_wpseo_meta_robots_noindex":"","yoast_wpseo_meta_robots_nofollow":""},"footer_links":null,"yoasttitle":"Contact - Tele Haase","yoast_title":"Contact - Tele Haase","yoast_meta":[{"name":"description","content":"Nous sommes forts en mati\u00e8re de service. C&#039;est pourquoi le contact personnel avec vous est tr\u00e8s important pour nous. Appelez-nous ou envoyez-nous un courriel. Vous trouverez ici nos donn\u00e9es."},{"name":"robots","content":"index, follow, max-snippet:-1, max-image-preview:large, max-video-preview:-1"},{"property":"og:locale","content":"fr_FR"},{"property":"og:type","content":"article"},{"property":"og:title","content":"Contact - Tele Haase"},{"property":"og:description","content":"Nous sommes forts en mati\u00e8re de service. C&#039;est pourquoi le contact personnel avec vous est tr\u00e8s important pour nous. Appelez-nous ou envoyez-nous un courriel. Vous trouverez ici nos donn\u00e9es."},{"property":"og:url","content":"https:\/\/www.tele-online.com\/fr\/contact\/"},{"property":"og:site_name","content":"Tele Haase"},{"property":"article:modified_time","content":"2025-09-15T05:53:25+00:00"},{"property":"og:image","content":"https:\/\/www.tele-online.com\/wp-content\/uploads\/2017\/03\/tele-tea-time-78.jpg"},{"property":"og:image:width","content":"1300"},{"property":"og:image:height","content":"867"},{"property":"og:image:type","content":"image\/jpeg"},{"name":"twitter:card","content":"summary_large_image"},{"name":"twitter:label1","content":"Dur\u00e9e de lecture estim\u00e9e"},{"name":"twitter:data1","content":"1 minute"},{"name":"robots","content":"index, follow, max-image-preview:large, max-snippet:-1, max-video-preview:-1"}],"yoast_json_ld":[{"@context":"https:\/\/schema.org","@graph":[{"@type":"WebPage","@id":"https:\/\/www.tele-online.com\/fr\/contact\/","url":"https:\/\/www.tele-online.com\/fr\/contact\/","name":"Contact - Tele Haase","isPartOf":{"@id":"https:\/\/www.tele-online.com\/fr\/#website"},"primaryImageOfPage":{"@id":"https:\/\/www.tele-online.com\/fr\/contact\/#primaryimage"},"image":{"@id":"https:\/\/www.tele-online.com\/fr\/contact\/#primaryimage"},"thumbnailUrl":"https:\/\/www.tele-online.com\/wp-content\/uploads\/2017\/03\/tele-tea-time-78.jpg","datePublished":"2024-06-13T09:15:14+00:00","dateModified":"2025-09-15T05:53:25+00:00","description":"Nous sommes forts en mati&egrave;re de service. C'est pourquoi le contact personnel avec vous est tr&egrave;s important pour nous. Appelez-nous ou envoyez-nous un courriel. Vous trouverez ici nos donn&eacute;es.","breadcrumb":{"@id":"https:\/\/www.tele-online.com\/fr\/contact\/#breadcrumb"},"inLanguage":"fr-FR","potentialAction":[{"@type":"ReadAction","target":["https:\/\/www.tele-online.com\/fr\/contact\/"]}]},{"@type":"ImageObject","inLanguage":"fr-FR","@id":"https:\/\/www.tele-online.com\/fr\/contact\/#primaryimage","url":"https:\/\/www.tele-online.com\/wp-content\/uploads\/2017\/03\/tele-tea-time-78.jpg","contentUrl":"https:\/\/www.tele-online.com\/wp-content\/uploads\/2017\/03\/tele-tea-time-78.jpg","width":1300,"height":867},{"@type":"BreadcrumbList","@id":"https:\/\/www.tele-online.com\/fr\/contact\/#breadcrumb","itemListElement":[{"@type":"ListItem","position":1,"name":"Startseite","item":"https:\/\/www.tele-online.com\/fr\/"},{"@type":"ListItem","position":2,"name":"Contact"}]},{"@type":"WebSite","@id":"https:\/\/www.tele-online.com\/fr\/#website","url":"https:\/\/www.tele-online.com\/fr\/","name":"Tele Haase","description":"Your Smart Factory","potentialAction":[{"@type":"SearchAction","target":{"@type":"EntryPoint","urlTemplate":"https:\/\/www.tele-online.com\/fr\/?s={search_term_string}"},"query-input":{"@type":"PropertyValueSpecification","valueRequired":true,"valueName":"search_term_string"}}],"inLanguage":"fr-FR"}]}],"_links":{"self":[{"href":"https:\/\/www.tele-online.com\/fr\/wp-json\/wp\/v2\/pages\/790058"}],"collection":[{"href":"https:\/\/www.tele-online.com\/fr\/wp-json\/wp\/v2\/pages"}],"about":[{"href":"https:\/\/www.tele-online.com\/fr\/wp-json\/wp\/v2\/types\/page"}],"author":[{"embeddable":true,"href":"https:\/\/www.tele-online.com\/fr\/wp-json\/wp\/v2\/users\/44"}],"replies":[{"embeddable":true,"href":"https:\/\/www.tele-online.com\/fr\/wp-json\/wp\/v2\/comments?post=790058"}],"version-history":[{"count":2,"href":"https:\/\/www.tele-online.com\/fr\/wp-json\/wp\/v2\/pages\/790058\/revisions"}],"predecessor-version":[{"id":891690,"href":"https:\/\/www.tele-online.com\/fr\/wp-json\/wp\/v2\/pages\/790058\/revisions\/891690"}],"wp:featuredmedia":[{"embeddable":true,"href":"https:\/\/www.tele-online.com\/fr\/wp-json\/wp\/v2\/media\/767099"}],"wp:attachment":[{"href":"https:\/\/www.tele-online.com\/fr\/wp-json\/wp\/v2\/media?parent=790058"}],"curies":[{"name":"wp","href":"https:\/\/api.w.org\/{rel}","templated":true}]}}