{"id":790011,"date":"2024-06-13T11:00:52","modified":"2024-07-10T11:53:16","slug":"serie-de-videos-liot-au-point","status":"publish","type":"page","link":"https:\/\/www.tele-online.com\/fr\/serie-de-videos-liot-au-point\/","title":{"rendered":"S\u00e9rie de vid\u00e9os &#8211; L&rsquo;IoT au point"},"content":{"rendered":"        <div\n            id=\"block_7ca2fe3057f26b63ab143cd0299add7a\"\n            class=\"acf-block is-edit is-category-text\"\n            data-highlight=\"https:\/\/www.tele-online.com\/serie-de-videos-liot-au-point\/#highlightblock=block_7ca2fe3057f26b63ab143cd0299add7a\"\n            data-block=\"headerslider\"\n        >\n                            <h2 class=\"acf-block-title\">\n                    <svg  xmlns=\"http:\/\/www.w3.org\/2000\/svg\"  width=\"24\"  height=\"24\"  viewBox=\"0 0 24 24\"  fill=\"none\"  stroke=\"currentColor\"  stroke-width=\"2\"  stroke-linecap=\"round\"  stroke-linejoin=\"round\"  class=\"icon icon-tabler icons-tabler-outline icon-tabler-align-left\"><path stroke=\"none\" d=\"M0 0h24v24H0z\" fill=\"none\"\/><path d=\"M4 6l16 0\" \/><path d=\"M4 12l10 0\" \/><path d=\"M4 18l14 0\" \/><\/svg>                    <span class=\"name\">Header Slider <\/span>\n                <\/h2>\n\n                                    <\/div>\n    \n\n        <div\n            id=\"block_88f093a5df48c966b2a9362b162c2b94\"\n            class=\"acf-block is-edit is-category-text\"\n            data-highlight=\"https:\/\/www.tele-online.com\/serie-de-videos-liot-au-point\/#highlightblock=block_88f093a5df48c966b2a9362b162c2b94\"\n            data-block=\"textblock\"\n        >\n                            <h2 class=\"acf-block-title\">\n                    <svg  xmlns=\"http:\/\/www.w3.org\/2000\/svg\"  width=\"24\"  height=\"24\"  viewBox=\"0 0 24 24\"  fill=\"none\"  stroke=\"currentColor\"  stroke-width=\"2\"  stroke-linecap=\"round\"  stroke-linejoin=\"round\"  class=\"icon icon-tabler icons-tabler-outline icon-tabler-align-left\"><path stroke=\"none\" d=\"M0 0h24v24H0z\" fill=\"none\"\/><path d=\"M4 6l16 0\" \/><path d=\"M4 12l10 0\" \/><path d=\"M4 18l14 0\" \/><\/svg>                    <span class=\"name\">Textblock <\/span>\n                <\/h2>\n\n                                    <\/div>\n    \n\n        <div\n            id=\"block_fc0e0d8d5732f4ab427acc3192d33872\"\n            class=\"acf-block is-edit is-category-text\"\n            data-highlight=\"https:\/\/www.tele-online.com\/serie-de-videos-liot-au-point\/#highlightblock=block_fc0e0d8d5732f4ab427acc3192d33872\"\n            data-block=\"youtubevideo\"\n        >\n                            <h2 class=\"acf-block-title\">\n                    <svg  xmlns=\"http:\/\/www.w3.org\/2000\/svg\"  width=\"24\"  height=\"24\"  viewBox=\"0 0 24 24\"  fill=\"none\"  stroke=\"currentColor\"  stroke-width=\"2\"  stroke-linecap=\"round\"  stroke-linejoin=\"round\"  class=\"icon icon-tabler icons-tabler-outline icon-tabler-align-left\"><path stroke=\"none\" d=\"M0 0h24v24H0z\" fill=\"none\"\/><path d=\"M4 6l16 0\" \/><path d=\"M4 12l10 0\" \/><path d=\"M4 18l14 0\" \/><\/svg>                    <span class=\"name\">YouTube Video <\/span>\n                <\/h2>\n\n                                    <\/div>\n    \n\n        <div\n            id=\"block_9c9d79248c5aa465de917c0c571b0e51\"\n            class=\"acf-block is-edit is-category-text\"\n            data-highlight=\"https:\/\/www.tele-online.com\/serie-de-videos-liot-au-point\/#highlightblock=block_9c9d79248c5aa465de917c0c571b0e51\"\n            data-block=\"youtubevideo\"\n        >\n                            <h2 class=\"acf-block-title\">\n                    <svg  xmlns=\"http:\/\/www.w3.org\/2000\/svg\"  width=\"24\"  height=\"24\"  viewBox=\"0 0 24 24\"  fill=\"none\"  stroke=\"currentColor\"  stroke-width=\"2\"  stroke-linecap=\"round\"  stroke-linejoin=\"round\"  class=\"icon icon-tabler icons-tabler-outline icon-tabler-align-left\"><path stroke=\"none\" d=\"M0 0h24v24H0z\" fill=\"none\"\/><path d=\"M4 6l16 0\" \/><path d=\"M4 12l10 0\" \/><path d=\"M4 18l14 0\" \/><\/svg>                    <span class=\"name\">YouTube Video <\/span>\n                <\/h2>\n\n                                    <\/div>\n    \n\n        <div\n            id=\"block_657ec69b62e20db1ab14aa616aea3d1f\"\n            class=\"acf-block is-edit is-category-text\"\n            data-highlight=\"https:\/\/www.tele-online.com\/serie-de-videos-liot-au-point\/#highlightblock=block_657ec69b62e20db1ab14aa616aea3d1f\"\n            data-block=\"youtubevideo\"\n        >\n                            <h2 class=\"acf-block-title\">\n                    <svg  xmlns=\"http:\/\/www.w3.org\/2000\/svg\"  width=\"24\"  height=\"24\"  viewBox=\"0 0 24 24\"  fill=\"none\"  stroke=\"currentColor\"  stroke-width=\"2\"  stroke-linecap=\"round\"  stroke-linejoin=\"round\"  class=\"icon icon-tabler icons-tabler-outline icon-tabler-align-left\"><path stroke=\"none\" d=\"M0 0h24v24H0z\" fill=\"none\"\/><path d=\"M4 6l16 0\" \/><path d=\"M4 12l10 0\" \/><path d=\"M4 18l14 0\" \/><\/svg>                    <span class=\"name\">YouTube Video <\/span>\n                <\/h2>\n\n                                    <\/div>\n    \n\n        <div\n            id=\"block_5f19ad02629e83738e6fac3781b0118e\"\n            class=\"acf-block is-edit is-category-text\"\n            data-highlight=\"https:\/\/www.tele-online.com\/serie-de-videos-liot-au-point\/#highlightblock=block_5f19ad02629e83738e6fac3781b0118e\"\n            data-block=\"iotformular\"\n        >\n                            <h2 class=\"acf-block-title\">\n                    <svg  xmlns=\"http:\/\/www.w3.org\/2000\/svg\"  width=\"24\"  height=\"24\"  viewBox=\"0 0 24 24\"  fill=\"none\"  stroke=\"currentColor\"  stroke-width=\"2\"  stroke-linecap=\"round\"  stroke-linejoin=\"round\"  class=\"icon icon-tabler icons-tabler-outline icon-tabler-align-left\"><path stroke=\"none\" d=\"M0 0h24v24H0z\" fill=\"none\"\/><path d=\"M4 6l16 0\" \/><path d=\"M4 12l10 0\" \/><path d=\"M4 18l14 0\" \/><\/svg>                    <span class=\"name\">IOT Formular <\/span>\n                <\/h2>\n\n                                    <\/div>\n    \n\n        <div\n            id=\"block_6c9841fb814a398c5d4e2fb8eb382bae\"\n            class=\"acf-block is-edit is-category-text\"\n            data-highlight=\"https:\/\/www.tele-online.com\/serie-de-videos-liot-au-point\/#highlightblock=block_6c9841fb814a398c5d4e2fb8eb382bae\"\n            data-block=\"kontaktteasermitarbeiter\"\n        >\n                            <h2 class=\"acf-block-title\">\n                    <svg  xmlns=\"http:\/\/www.w3.org\/2000\/svg\"  width=\"24\"  height=\"24\"  viewBox=\"0 0 24 24\"  fill=\"none\"  stroke=\"currentColor\"  stroke-width=\"2\"  stroke-linecap=\"round\"  stroke-linejoin=\"round\"  class=\"icon icon-tabler icons-tabler-outline icon-tabler-align-left\"><path stroke=\"none\" d=\"M0 0h24v24H0z\" fill=\"none\"\/><path d=\"M4 6l16 0\" \/><path d=\"M4 12l10 0\" \/><path d=\"M4 18l14 0\" \/><\/svg>                    <span class=\"name\">Kontakt Teaser Mitarbeiter <\/span>\n                <\/h2>\n\n                                    <\/div>\n    ","protected":false},"excerpt":{"rendered":"","protected":false},"author":48,"featured_media":769145,"parent":0,"template":"","acf":{"seo":[{"googleAuthor":"","googlePublisher":"","schemaName":"","schemaDescription":"","schemaImage":false}],"main_menu_ausblenden":false,"footer":{"footer_headline_powerd_by":"Powered By TELE","footer_text_powered_by":"","footer_logos":null,"footer_mylayout_logos":"normal","footer_text_oben":"<p><strong>TELE Haase Steuerger\u00e4te Ges.m.b.H.<\/strong> | Vorarlberger Allee 38 (direct access via Slamastra\u00dfe 37), 1230 Vienna | Austria<\/p>\n<p><strong>Opening Hours<\/strong>: Monday-Thursday 08:00 a.m. to 04:00 p.m. &amp; Friday 08:00 a.m. to 01:00 p.m.<\/p>\n<p><strong><a href=\"https:\/\/www.tele-online.com\/en\/contact\/\">Contact Details<\/a><\/strong><\/p>\n","footer_headline_social_media":"","footer_social_media":[{"icon":"<i class=\"icon-facebook\"><\/i>","link":"https:\/\/www.facebook.com\/TELE-Haase-Steuerger%C3%A4te-GesmbH-212293998940265\/?rf=195551397135836"},{"icon":"<i class=\"icon-linkedin\"><\/i>","link":"https:\/\/www.linkedin.com\/company\/tele-worldwide\/"},{"icon":"<i class=\"icon-youtube\"><\/i>","link":"https:\/\/www.youtube.com\/user\/telehaase\/featured"},{"icon":"<i class=\"icon-instagram\"><\/i>","link":"https:\/\/www.instagram.com\/tele_haase\/"}]},"nav_data":{"link":"","text":""},"wpmlurl":{"de":"\/","en":"\/en\/","us":"\/us\/","fr":"\/fr\/","es":"\/es\/"},"webblocks":[{"acf_fc_layout":"headerslider","acf_fc_id":"acf-block-69a23bdcbd0f2","acf_fc_style":"","flexible":false,"submenu_aktivieren":false,"slide":[{"bild":{"ID":770625,"id":770625,"title":"IoT-Video-Blog-e1622462433271","filename":"IoT-Video-Blog-e1622462433271.jpeg","filesize":114705,"url":"https:\/\/www.tele-online.com\/wp-content\/uploads\/2021\/05\/IoT-Video-Blog-e1622462433271.jpeg","link":"https:\/\/www.tele-online.com\/fr\/serie-de-videos-liot-au-point\/attachment\/iot-video-blog-e1622462433271-2\/","alt":"","author":"44","description":"","caption":"","name":"iot-video-blog-e1622462433271-2","status":"inherit","uploaded_to":790011,"date":"2021-05-31 12:01:19","modified":"2024-06-13 09:00:55","menu_order":0,"mime_type":"image\/jpeg","type":"image","subtype":"jpeg","icon":"https:\/\/www.tele-online.com\/wp-includes\/images\/media\/default.png","width":1905,"height":1276,"sizes":{"thumbnail":"https:\/\/www.tele-online.com\/wp-content\/uploads\/2021\/05\/IoT-Video-Blog-e1622462433271-220x220.jpeg","thumbnail-width":220,"thumbnail-height":220,"medium":"https:\/\/www.tele-online.com\/wp-content\/uploads\/2021\/05\/IoT-Video-Blog-e1622462433271-544x360.jpeg","medium-width":544,"medium-height":360,"medium_large":"https:\/\/www.tele-online.com\/wp-content\/uploads\/2021\/05\/IoT-Video-Blog-e1622462433271-768x514.jpeg","medium_large-width":768,"medium_large-height":514,"large":"https:\/\/www.tele-online.com\/wp-content\/uploads\/2021\/05\/IoT-Video-Blog-e1622462433271-780x520.jpeg","large-width":780,"large-height":520,"1536x1536":"https:\/\/www.tele-online.com\/wp-content\/uploads\/2021\/05\/IoT-Video-Blog-e1622462433271-1536x1029.jpeg","1536x1536-width":1536,"1536x1536-height":1029,"2048x2048":"https:\/\/www.tele-online.com\/wp-content\/uploads\/2021\/05\/IoT-Video-Blog-e1622462433271.jpeg","2048x2048-width":1905,"2048x2048-height":1276,"hd":"https:\/\/www.tele-online.com\/wp-content\/uploads\/2021\/05\/IoT-Video-Blog-e1622462433271.jpeg","hd-width":1905,"hd-height":1276,"galerie":"https:\/\/www.tele-online.com\/wp-content\/uploads\/2021\/05\/IoT-Video-Blog-e1622462433271-320x214.jpeg","galerie-width":320,"galerie-height":214,"stellen":"https:\/\/www.tele-online.com\/wp-content\/uploads\/2021\/05\/IoT-Video-Blog-e1622462433271-400x400.jpeg","stellen-width":400,"stellen-height":400}},"headline":"S\u00e9rie de vid\u00e9os - L'IoT au point","link":{"title":"Contactez-nous","url":"mailto:peter.dollfuss@tele-haase.at","target":"_blank"},"subheadline":"Les r\u00e9ponses \u00e0 vos questions les plus br\u00fblantes sur l'IdO - en bref et de mani\u00e8re claire."}],"max_hohe":"70vh"},{"acf_fc_layout":"textblock","acf_fc_id":"acf-block-69a23bdcbf5b1","acf_fc_style":"","flexible":false,"text":"<h2 style=\"text-align: center;\">IoT &#8211; expliqu\u00e9 de mani\u00e8re simple et compr\u00e9hensible<\/h2>\n<p style=\"text-align: center;\">Nous mettons les principaux th\u00e8mes et concepts \u00e0 votre port\u00e9e dans de courtes sessions vid\u00e9o.<\/p>\n<p style=\"text-align: center;\">\n","id":"","linie_oben_einblenden":false,"linie_unten_einblenden":false,"container":"small","hintergrund":"weis","box":false,"abstand_oben":"","abstand_unten":"50"},{"acf_fc_layout":"youtubevideo","acf_fc_id":"acf-block-69a23bdcc09c1","acf_fc_style":"","flexible":false,"layout":"spalte3","youtube_id":"o0KE4etx6PY","youtube_id2":"UfBvBnZpCc8","youtube_id3":"cAUAwFlcIds","background_color":"#ffffff","padding_top":"","padding_bottom":""},{"acf_fc_layout":"youtubevideo","acf_fc_id":"acf-block-69a23bdcc172d","acf_fc_style":"","flexible":false,"layout":"spalte3","youtube_id":"S97K_i16OJ8","youtube_id2":"e8Wo4EVBjjQ","youtube_id3":"BXfu9p1VnWU","background_color":"#ffffff","padding_top":"","padding_bottom":""},{"acf_fc_layout":"youtubevideo","acf_fc_id":"acf-block-69a23bdcc17b1","acf_fc_style":"","flexible":false,"layout":"spalte3","youtube_id":"i87GouG-jv4","youtube_id2":"ZCaIKU0jq7c","youtube_id3":"4kgl9XVn5aI","background_color":"#ffffff","padding_top":"","padding_bottom":""},{"acf_fc_layout":"iotformular","acf_fc_id":"acf-block-69a23bdcc1828","acf_fc_style":"","flexible":false,"headline":"Demander un projet IoT","button_text":"Demandes","text_datenschutz":"","text_newsletter_anmelden":"Je souhaite m'abonner \u00e0 la newsletter TELE.","text_erfolgreich_gesendet":"Votre demande a \u00e9t\u00e9 envoy\u00e9e avec succ\u00e8s. Nous vous contacterons sous peu.","text_fehler_beim_senden":"D\u00e9sol\u00e9, votre demande n'a pas pu \u00eatre envoy\u00e9e. Veuillez v\u00e9rifier votre saisie et r\u00e9essayer.","abstand_oben":"","abstand_unten":""},{"acf_fc_layout":"kontaktteasermitarbeiter","acf_fc_id":"acf-block-69a23bdcc1f0e","acf_fc_style":"","flexible":false,"headline":"Prenez la parole!","text":"Vous avez un projet IoT en t\u00eate et vous avez besoin d'un partenaire? Parlez-nous en, nous sommes peut-\u00eatre faits l'un pour l'autre!","type":"automatisch","mitarbeiter":45954,"mitarbeiter_fallback":false,"telefon":"","telefon_gastautor":"","email_gastautor":"","termin_button_text":"","termin_button_link":"","id":"","hintergrund":"hellgruen","abstand_oben":"","abstand_unten":""}]},"yoast_head":"<!-- This site is optimized with the Yoast SEO plugin v24.5 - https:\/\/yoast.com\/wordpress\/plugins\/seo\/ -->\n<title>S\u00e9rie de vid\u00e9os - L&#039;IoT au point - Tele Haase<\/title>\n<meta name=\"description\" content=\"Notre s\u00e9rie de vid\u00e9os IoT. r\u00e9ponses \u00e0 leurs questions les plus br\u00fblantes sur l&#039;IdO. Nos experts le r\u00e9sument dans de courtes vid\u00e9os.\" \/>\n<meta name=\"robots\" content=\"index, follow, max-snippet:-1, max-image-preview:large, max-video-preview:-1\" \/>\n<link rel=\"canonical\" href=\"https:\/\/www.tele-online.com\/fr\/serie-de-videos-liot-au-point\/\" \/>\n<meta property=\"og:locale\" content=\"fr_FR\" \/>\n<meta property=\"og:type\" content=\"article\" \/>\n<meta property=\"og:title\" content=\"S\u00e9rie de vid\u00e9os - L&#039;IoT au point - Tele Haase\" \/>\n<meta property=\"og:description\" content=\"Notre s\u00e9rie de vid\u00e9os IoT. r\u00e9ponses \u00e0 leurs questions les plus br\u00fblantes sur l&#039;IdO. Nos experts le r\u00e9sument dans de courtes vid\u00e9os.\" \/>\n<meta property=\"og:url\" content=\"https:\/\/www.tele-online.com\/fr\/serie-de-videos-liot-au-point\/\" \/>\n<meta property=\"og:site_name\" content=\"Tele Haase\" \/>\n<meta property=\"article:modified_time\" content=\"2024-07-10T09:53:16+00:00\" \/>\n<meta property=\"og:image\" content=\"https:\/\/www.tele-online.com\/wp-content\/uploads\/2021\/05\/IoT-Video-Blog-e1622462433271.jpg\" \/>\n\t<meta property=\"og:image:width\" content=\"1905\" \/>\n\t<meta property=\"og:image:height\" content=\"1276\" \/>\n\t<meta property=\"og:image:type\" content=\"image\/jpeg\" \/>\n<meta name=\"twitter:card\" content=\"summary_large_image\" \/>\n<meta name=\"twitter:label1\" content=\"Dur\u00e9e de lecture estim\u00e9e\" \/>\n\t<meta name=\"twitter:data1\" content=\"1 minute\" \/>\n<script type=\"application\/ld+json\" class=\"yoast-schema-graph\">{\"@context\":\"https:\/\/schema.org\",\"@graph\":[{\"@type\":\"WebPage\",\"@id\":\"https:\/\/www.tele-online.com\/fr\/serie-de-videos-liot-au-point\/\",\"url\":\"https:\/\/www.tele-online.com\/fr\/serie-de-videos-liot-au-point\/\",\"name\":\"S\u00e9rie de vid\u00e9os - L'IoT au point - Tele Haase\",\"isPartOf\":{\"@id\":\"https:\/\/www.tele-online.com\/fr\/#website\"},\"primaryImageOfPage\":{\"@id\":\"https:\/\/www.tele-online.com\/fr\/serie-de-videos-liot-au-point\/#primaryimage\"},\"image\":{\"@id\":\"https:\/\/www.tele-online.com\/fr\/serie-de-videos-liot-au-point\/#primaryimage\"},\"thumbnailUrl\":\"https:\/\/www.tele-online.com\/wp-content\/uploads\/2021\/05\/IoT-Video-Blog-e1622462433271.jpg\",\"datePublished\":\"2024-06-13T09:00:52+00:00\",\"dateModified\":\"2024-07-10T09:53:16+00:00\",\"description\":\"Notre s\u00e9rie de vid\u00e9os IoT. r\u00e9ponses \u00e0 leurs questions les plus br\u00fblantes sur l'IdO. Nos experts le r\u00e9sument dans de courtes vid\u00e9os.\",\"breadcrumb\":{\"@id\":\"https:\/\/www.tele-online.com\/fr\/serie-de-videos-liot-au-point\/#breadcrumb\"},\"inLanguage\":\"fr-FR\",\"potentialAction\":[{\"@type\":\"ReadAction\",\"target\":[\"https:\/\/www.tele-online.com\/fr\/serie-de-videos-liot-au-point\/\"]}]},{\"@type\":\"ImageObject\",\"inLanguage\":\"fr-FR\",\"@id\":\"https:\/\/www.tele-online.com\/fr\/serie-de-videos-liot-au-point\/#primaryimage\",\"url\":\"https:\/\/www.tele-online.com\/wp-content\/uploads\/2021\/05\/IoT-Video-Blog-e1622462433271.jpg\",\"contentUrl\":\"https:\/\/www.tele-online.com\/wp-content\/uploads\/2021\/05\/IoT-Video-Blog-e1622462433271.jpg\",\"width\":1905,\"height\":1276},{\"@type\":\"BreadcrumbList\",\"@id\":\"https:\/\/www.tele-online.com\/fr\/serie-de-videos-liot-au-point\/#breadcrumb\",\"itemListElement\":[{\"@type\":\"ListItem\",\"position\":1,\"name\":\"Startseite\",\"item\":\"https:\/\/www.tele-online.com\/fr\/\"},{\"@type\":\"ListItem\",\"position\":2,\"name\":\"S\u00e9rie de vid\u00e9os &#8211; L&#8217;IoT au point\"}]},{\"@type\":\"WebSite\",\"@id\":\"https:\/\/www.tele-online.com\/fr\/#website\",\"url\":\"https:\/\/www.tele-online.com\/fr\/\",\"name\":\"Tele Haase\",\"description\":\"Your Smart Factory\",\"potentialAction\":[{\"@type\":\"SearchAction\",\"target\":{\"@type\":\"EntryPoint\",\"urlTemplate\":\"https:\/\/www.tele-online.com\/fr\/?s={search_term_string}\"},\"query-input\":{\"@type\":\"PropertyValueSpecification\",\"valueRequired\":true,\"valueName\":\"search_term_string\"}}],\"inLanguage\":\"fr-FR\"}]}<\/script>\n<!-- \/ Yoast SEO plugin. -->","yoast_head_json":{"title":"S\u00e9rie de vid\u00e9os - L'IoT au point - Tele Haase","description":"Notre s\u00e9rie de vid\u00e9os IoT. r\u00e9ponses \u00e0 leurs questions les plus br\u00fblantes sur l'IdO. Nos experts le r\u00e9sument dans de courtes vid\u00e9os.","robots":{"index":"index","follow":"follow","max-snippet":"max-snippet:-1","max-image-preview":"max-image-preview:large","max-video-preview":"max-video-preview:-1"},"canonical":"https:\/\/www.tele-online.com\/fr\/serie-de-videos-liot-au-point\/","og_locale":"fr_FR","og_type":"article","og_title":"S\u00e9rie de vid\u00e9os - L'IoT au point - Tele Haase","og_description":"Notre s\u00e9rie de vid\u00e9os IoT. r\u00e9ponses \u00e0 leurs questions les plus br\u00fblantes sur l'IdO. Nos experts le r\u00e9sument dans de courtes vid\u00e9os.","og_url":"https:\/\/www.tele-online.com\/fr\/serie-de-videos-liot-au-point\/","og_site_name":"Tele Haase","article_modified_time":"2024-07-10T09:53:16+00:00","og_image":[{"width":1905,"height":1276,"url":"https:\/\/www.tele-online.com\/wp-content\/uploads\/2021\/05\/IoT-Video-Blog-e1622462433271.jpg","type":"image\/jpeg"}],"twitter_card":"summary_large_image","twitter_misc":{"Dur\u00e9e de lecture estim\u00e9e":"1 minute"},"schema":{"@context":"https:\/\/schema.org","@graph":[{"@type":"WebPage","@id":"https:\/\/www.tele-online.com\/fr\/serie-de-videos-liot-au-point\/","url":"https:\/\/www.tele-online.com\/fr\/serie-de-videos-liot-au-point\/","name":"S\u00e9rie de vid\u00e9os - L'IoT au point - Tele Haase","isPartOf":{"@id":"https:\/\/www.tele-online.com\/fr\/#website"},"primaryImageOfPage":{"@id":"https:\/\/www.tele-online.com\/fr\/serie-de-videos-liot-au-point\/#primaryimage"},"image":{"@id":"https:\/\/www.tele-online.com\/fr\/serie-de-videos-liot-au-point\/#primaryimage"},"thumbnailUrl":"https:\/\/www.tele-online.com\/wp-content\/uploads\/2021\/05\/IoT-Video-Blog-e1622462433271.jpg","datePublished":"2024-06-13T09:00:52+00:00","dateModified":"2024-07-10T09:53:16+00:00","description":"Notre s\u00e9rie de vid\u00e9os IoT. r\u00e9ponses \u00e0 leurs questions les plus br\u00fblantes sur l'IdO. Nos experts le r\u00e9sument dans de courtes vid\u00e9os.","breadcrumb":{"@id":"https:\/\/www.tele-online.com\/fr\/serie-de-videos-liot-au-point\/#breadcrumb"},"inLanguage":"fr-FR","potentialAction":[{"@type":"ReadAction","target":["https:\/\/www.tele-online.com\/fr\/serie-de-videos-liot-au-point\/"]}]},{"@type":"ImageObject","inLanguage":"fr-FR","@id":"https:\/\/www.tele-online.com\/fr\/serie-de-videos-liot-au-point\/#primaryimage","url":"https:\/\/www.tele-online.com\/wp-content\/uploads\/2021\/05\/IoT-Video-Blog-e1622462433271.jpg","contentUrl":"https:\/\/www.tele-online.com\/wp-content\/uploads\/2021\/05\/IoT-Video-Blog-e1622462433271.jpg","width":1905,"height":1276},{"@type":"BreadcrumbList","@id":"https:\/\/www.tele-online.com\/fr\/serie-de-videos-liot-au-point\/#breadcrumb","itemListElement":[{"@type":"ListItem","position":1,"name":"Startseite","item":"https:\/\/www.tele-online.com\/fr\/"},{"@type":"ListItem","position":2,"name":"S\u00e9rie de vid\u00e9os &#8211; L&#8217;IoT au point"}]},{"@type":"WebSite","@id":"https:\/\/www.tele-online.com\/fr\/#website","url":"https:\/\/www.tele-online.com\/fr\/","name":"Tele Haase","description":"Your Smart Factory","potentialAction":[{"@type":"SearchAction","target":{"@type":"EntryPoint","urlTemplate":"https:\/\/www.tele-online.com\/fr\/?s={search_term_string}"},"query-input":{"@type":"PropertyValueSpecification","valueRequired":true,"valueName":"search_term_string"}}],"inLanguage":"fr-FR"}]}},"yoast_data":{"yoast_wpseo_canonical":"https:\/\/www.tele-online.com\/fr\/serie-de-videos-liot-au-point\/","yoast_wpseo_opengraph_image":"https:\/\/www.tele-online.com\/wp-content\/uploads\/2021\/05\/IoT-Video-Blog-e1622462433271.jpg","yoast_wpseo_metadesc":"Notre s\u00e9rie de vid\u00e9os IoT. r\u00e9ponses \u00e0 leurs questions les plus br\u00fblantes sur l'IdO. Nos experts le r\u00e9sument dans de courtes vid\u00e9os.","yoast_wpseo_meta_robots_noindex":"","yoast_wpseo_meta_robots_nofollow":""},"footer_links":null,"yoasttitle":"S\u00e9rie de vid\u00e9os &#8211; L&rsquo;IoT au point - Tele Haase","yoast_title":"S\u00e9rie de vid\u00e9os - L&#039;IoT au point - Tele Haase","yoast_meta":[{"name":"description","content":"Notre s\u00e9rie de vid\u00e9os IoT. r\u00e9ponses \u00e0 leurs questions les plus br\u00fblantes sur l&#039;IdO. Nos experts le r\u00e9sument dans de courtes vid\u00e9os."},{"name":"robots","content":"index, follow, max-snippet:-1, max-image-preview:large, max-video-preview:-1"},{"property":"og:locale","content":"fr_FR"},{"property":"og:type","content":"article"},{"property":"og:title","content":"S\u00e9rie de vid\u00e9os - L&#039;IoT au point - Tele Haase"},{"property":"og:description","content":"Notre s\u00e9rie de vid\u00e9os IoT. r\u00e9ponses \u00e0 leurs questions les plus br\u00fblantes sur l&#039;IdO. Nos experts le r\u00e9sument dans de courtes vid\u00e9os."},{"property":"og:url","content":"https:\/\/www.tele-online.com\/fr\/serie-de-videos-liot-au-point\/"},{"property":"og:site_name","content":"Tele Haase"},{"property":"article:modified_time","content":"2024-07-10T09:53:16+00:00"},{"property":"og:image","content":"https:\/\/www.tele-online.com\/wp-content\/uploads\/2021\/05\/IoT-Video-Blog-e1622462433271.jpg"},{"property":"og:image:width","content":"1905"},{"property":"og:image:height","content":"1276"},{"property":"og:image:type","content":"image\/jpeg"},{"name":"twitter:card","content":"summary_large_image"},{"name":"twitter:label1","content":"Dur\u00e9e de lecture estim\u00e9e"},{"name":"twitter:data1","content":"1 minute"},{"name":"robots","content":"index, follow, max-image-preview:large, max-snippet:-1, max-video-preview:-1"}],"yoast_json_ld":[{"@context":"https:\/\/schema.org","@graph":[{"@type":"WebPage","@id":"https:\/\/www.tele-online.com\/fr\/serie-de-videos-liot-au-point\/","url":"https:\/\/www.tele-online.com\/fr\/serie-de-videos-liot-au-point\/","name":"S&eacute;rie de vid&eacute;os - L'IoT au point - Tele Haase","isPartOf":{"@id":"https:\/\/www.tele-online.com\/fr\/#website"},"primaryImageOfPage":{"@id":"https:\/\/www.tele-online.com\/fr\/serie-de-videos-liot-au-point\/#primaryimage"},"image":{"@id":"https:\/\/www.tele-online.com\/fr\/serie-de-videos-liot-au-point\/#primaryimage"},"thumbnailUrl":"https:\/\/www.tele-online.com\/wp-content\/uploads\/2021\/05\/IoT-Video-Blog-e1622462433271.jpg","datePublished":"2024-06-13T09:00:52+00:00","dateModified":"2024-07-10T09:53:16+00:00","description":"Notre s&eacute;rie de vid&eacute;os IoT. r&eacute;ponses &agrave; leurs questions les plus br&ucirc;lantes sur l'IdO. Nos experts le r&eacute;sument dans de courtes vid&eacute;os.","breadcrumb":{"@id":"https:\/\/www.tele-online.com\/fr\/serie-de-videos-liot-au-point\/#breadcrumb"},"inLanguage":"fr-FR","potentialAction":[{"@type":"ReadAction","target":["https:\/\/www.tele-online.com\/fr\/serie-de-videos-liot-au-point\/"]}]},{"@type":"ImageObject","inLanguage":"fr-FR","@id":"https:\/\/www.tele-online.com\/fr\/serie-de-videos-liot-au-point\/#primaryimage","url":"https:\/\/www.tele-online.com\/wp-content\/uploads\/2021\/05\/IoT-Video-Blog-e1622462433271.jpg","contentUrl":"https:\/\/www.tele-online.com\/wp-content\/uploads\/2021\/05\/IoT-Video-Blog-e1622462433271.jpg","width":1905,"height":1276},{"@type":"BreadcrumbList","@id":"https:\/\/www.tele-online.com\/fr\/serie-de-videos-liot-au-point\/#breadcrumb","itemListElement":[{"@type":"ListItem","position":1,"name":"Startseite","item":"https:\/\/www.tele-online.com\/fr\/"},{"@type":"ListItem","position":2,"name":"S&eacute;rie de vid&eacute;os &#8211; L&#8217;IoT au point"}]},{"@type":"WebSite","@id":"https:\/\/www.tele-online.com\/fr\/#website","url":"https:\/\/www.tele-online.com\/fr\/","name":"Tele Haase","description":"Your Smart Factory","potentialAction":[{"@type":"SearchAction","target":{"@type":"EntryPoint","urlTemplate":"https:\/\/www.tele-online.com\/fr\/?s={search_term_string}"},"query-input":{"@type":"PropertyValueSpecification","valueRequired":true,"valueName":"search_term_string"}}],"inLanguage":"fr-FR"}]}],"_links":{"self":[{"href":"https:\/\/www.tele-online.com\/fr\/wp-json\/wp\/v2\/pages\/790011"}],"collection":[{"href":"https:\/\/www.tele-online.com\/fr\/wp-json\/wp\/v2\/pages"}],"about":[{"href":"https:\/\/www.tele-online.com\/fr\/wp-json\/wp\/v2\/types\/page"}],"author":[{"embeddable":true,"href":"https:\/\/www.tele-online.com\/fr\/wp-json\/wp\/v2\/users\/48"}],"replies":[{"embeddable":true,"href":"https:\/\/www.tele-online.com\/fr\/wp-json\/wp\/v2\/comments?post=790011"}],"version-history":[{"count":2,"href":"https:\/\/www.tele-online.com\/fr\/wp-json\/wp\/v2\/pages\/790011\/revisions"}],"predecessor-version":[{"id":796055,"href":"https:\/\/www.tele-online.com\/fr\/wp-json\/wp\/v2\/pages\/790011\/revisions\/796055"}],"wp:featuredmedia":[{"embeddable":true,"href":"https:\/\/www.tele-online.com\/fr\/wp-json\/wp\/v2\/media\/769145"}],"wp:attachment":[{"href":"https:\/\/www.tele-online.com\/fr\/wp-json\/wp\/v2\/media?parent=790011"}],"curies":[{"name":"wp","href":"https:\/\/api.w.org\/{rel}","templated":true}]}}