{"id":789999,"date":"2024-06-13T10:56:28","modified":"2024-07-10T11:20:36","slug":"relais-de-surveillance","status":"publish","type":"page","link":"https:\/\/www.tele-online.com\/fr\/relais-de-surveillance\/","title":{"rendered":"Relais de surveillance"},"content":{"rendered":"        <div\n            id=\"block_9fbcff14e669d8025b0487cd47f818da\"\n            class=\"acf-block is-edit is-category-text\"\n            data-highlight=\"https:\/\/www.tele-online.com\/relais-de-surveillance\/#highlightblock=block_9fbcff14e669d8025b0487cd47f818da\"\n            data-block=\"headerslider\"\n        >\n                            <h2 class=\"acf-block-title\">\n                    <svg  xmlns=\"http:\/\/www.w3.org\/2000\/svg\"  width=\"24\"  height=\"24\"  viewBox=\"0 0 24 24\"  fill=\"none\"  stroke=\"currentColor\"  stroke-width=\"2\"  stroke-linecap=\"round\"  stroke-linejoin=\"round\"  class=\"icon icon-tabler icons-tabler-outline icon-tabler-align-left\"><path stroke=\"none\" d=\"M0 0h24v24H0z\" fill=\"none\"\/><path d=\"M4 6l16 0\" \/><path d=\"M4 12l10 0\" \/><path d=\"M4 18l14 0\" \/><\/svg>                    <span class=\"name\">Header Slider <\/span>\n                <\/h2>\n\n                                    <\/div>\n    \n\n        <div\n            id=\"block_c9074aff06481606be28f82a54df176c\"\n            class=\"acf-block is-edit is-category-text\"\n            data-highlight=\"https:\/\/www.tele-online.com\/relais-de-surveillance\/#highlightblock=block_c9074aff06481606be28f82a54df176c\"\n            data-block=\"textblock\"\n        >\n                            <h2 class=\"acf-block-title\">\n                    <svg  xmlns=\"http:\/\/www.w3.org\/2000\/svg\"  width=\"24\"  height=\"24\"  viewBox=\"0 0 24 24\"  fill=\"none\"  stroke=\"currentColor\"  stroke-width=\"2\"  stroke-linecap=\"round\"  stroke-linejoin=\"round\"  class=\"icon icon-tabler icons-tabler-outline icon-tabler-align-left\"><path stroke=\"none\" d=\"M0 0h24v24H0z\" fill=\"none\"\/><path d=\"M4 6l16 0\" \/><path d=\"M4 12l10 0\" \/><path d=\"M4 18l14 0\" \/><\/svg>                    <span class=\"name\">Textblock <\/span>\n                <\/h2>\n\n                                    <\/div>\n    \n\n        <div\n            id=\"block_2a873bcfc20e2880585711264e4a5e06\"\n            class=\"acf-block is-edit is-category-text\"\n            data-highlight=\"https:\/\/www.tele-online.com\/relais-de-surveillance\/#highlightblock=block_2a873bcfc20e2880585711264e4a5e06\"\n            data-block=\"textblock\"\n        >\n                            <h2 class=\"acf-block-title\">\n                    <svg  xmlns=\"http:\/\/www.w3.org\/2000\/svg\"  width=\"24\"  height=\"24\"  viewBox=\"0 0 24 24\"  fill=\"none\"  stroke=\"currentColor\"  stroke-width=\"2\"  stroke-linecap=\"round\"  stroke-linejoin=\"round\"  class=\"icon icon-tabler icons-tabler-outline icon-tabler-align-left\"><path stroke=\"none\" d=\"M0 0h24v24H0z\" fill=\"none\"\/><path d=\"M4 6l16 0\" \/><path d=\"M4 12l10 0\" \/><path d=\"M4 18l14 0\" \/><\/svg>                    <span class=\"name\">Textblock <\/span>\n                <\/h2>\n\n                                    <\/div>\n    \n\n        <div\n            id=\"block_7294faf528420a4eadeb94bb9d1b175d\"\n            class=\"acf-block is-edit is-category-text\"\n            data-highlight=\"https:\/\/www.tele-online.com\/relais-de-surveillance\/#highlightblock=block_7294faf528420a4eadeb94bb9d1b175d\"\n            data-block=\"dreifachteaserapi\"\n        >\n                            <h2 class=\"acf-block-title\">\n                    <svg  xmlns=\"http:\/\/www.w3.org\/2000\/svg\"  width=\"24\"  height=\"24\"  viewBox=\"0 0 24 24\"  fill=\"none\"  stroke=\"currentColor\"  stroke-width=\"2\"  stroke-linecap=\"round\"  stroke-linejoin=\"round\"  class=\"icon icon-tabler icons-tabler-outline icon-tabler-align-left\"><path stroke=\"none\" d=\"M0 0h24v24H0z\" fill=\"none\"\/><path d=\"M4 6l16 0\" \/><path d=\"M4 12l10 0\" \/><path d=\"M4 18l14 0\" \/><\/svg>                    <span class=\"name\">Dreifach Teaser API <\/span>\n                <\/h2>\n\n                                    <\/div>\n    \n\n        <div\n            id=\"block_35b28a7e0c5985cfb35b933aec484d29\"\n            class=\"acf-block is-edit is-category-text\"\n            data-highlight=\"https:\/\/www.tele-online.com\/relais-de-surveillance\/#highlightblock=block_35b28a7e0c5985cfb35b933aec484d29\"\n            data-block=\"produkteauswahl\"\n        >\n                            <h2 class=\"acf-block-title\">\n                    <svg  xmlns=\"http:\/\/www.w3.org\/2000\/svg\"  width=\"24\"  height=\"24\"  viewBox=\"0 0 24 24\"  fill=\"none\"  stroke=\"currentColor\"  stroke-width=\"2\"  stroke-linecap=\"round\"  stroke-linejoin=\"round\"  class=\"icon icon-tabler icons-tabler-outline icon-tabler-align-left\"><path stroke=\"none\" d=\"M0 0h24v24H0z\" fill=\"none\"\/><path d=\"M4 6l16 0\" \/><path d=\"M4 12l10 0\" \/><path d=\"M4 18l14 0\" \/><\/svg>                    <span class=\"name\">Produkte Auswahl <\/span>\n                <\/h2>\n\n                                    <\/div>\n    \n\n        <div\n            id=\"block_999fcc7e6bae18261e9b902e7789987e\"\n            class=\"acf-block is-edit is-category-text\"\n            data-highlight=\"https:\/\/www.tele-online.com\/relais-de-surveillance\/#highlightblock=block_999fcc7e6bae18261e9b902e7789987e\"\n            data-block=\"textblock\"\n        >\n                            <h2 class=\"acf-block-title\">\n                    <svg  xmlns=\"http:\/\/www.w3.org\/2000\/svg\"  width=\"24\"  height=\"24\"  viewBox=\"0 0 24 24\"  fill=\"none\"  stroke=\"currentColor\"  stroke-width=\"2\"  stroke-linecap=\"round\"  stroke-linejoin=\"round\"  class=\"icon icon-tabler icons-tabler-outline icon-tabler-align-left\"><path stroke=\"none\" d=\"M0 0h24v24H0z\" fill=\"none\"\/><path d=\"M4 6l16 0\" \/><path d=\"M4 12l10 0\" \/><path d=\"M4 18l14 0\" \/><\/svg>                    <span class=\"name\">Textblock <\/span>\n                <\/h2>\n\n                                    <\/div>\n    \n\n        <div\n            id=\"block_6260727d19d7168e74c2d8ddc6dd9d88\"\n            class=\"acf-block is-edit is-category-text\"\n            data-highlight=\"https:\/\/www.tele-online.com\/relais-de-surveillance\/#highlightblock=block_6260727d19d7168e74c2d8ddc6dd9d88\"\n            data-block=\"dreifachteaserapi\"\n        >\n                            <h2 class=\"acf-block-title\">\n                    <svg  xmlns=\"http:\/\/www.w3.org\/2000\/svg\"  width=\"24\"  height=\"24\"  viewBox=\"0 0 24 24\"  fill=\"none\"  stroke=\"currentColor\"  stroke-width=\"2\"  stroke-linecap=\"round\"  stroke-linejoin=\"round\"  class=\"icon icon-tabler icons-tabler-outline icon-tabler-align-left\"><path stroke=\"none\" d=\"M0 0h24v24H0z\" fill=\"none\"\/><path d=\"M4 6l16 0\" \/><path d=\"M4 12l10 0\" \/><path d=\"M4 18l14 0\" \/><\/svg>                    <span class=\"name\">Dreifach Teaser API <\/span>\n                <\/h2>\n\n                                    <\/div>\n    \n\n        <div\n            id=\"block_60360d5325cc0e42a4106c03fc1847b2\"\n            class=\"acf-block is-edit is-category-text\"\n            data-highlight=\"https:\/\/www.tele-online.com\/relais-de-surveillance\/#highlightblock=block_60360d5325cc0e42a4106c03fc1847b2\"\n            data-block=\"funktionenauswahl\"\n        >\n                            <h2 class=\"acf-block-title\">\n                    <svg  xmlns=\"http:\/\/www.w3.org\/2000\/svg\"  width=\"24\"  height=\"24\"  viewBox=\"0 0 24 24\"  fill=\"none\"  stroke=\"currentColor\"  stroke-width=\"2\"  stroke-linecap=\"round\"  stroke-linejoin=\"round\"  class=\"icon icon-tabler icons-tabler-outline icon-tabler-align-left\"><path stroke=\"none\" d=\"M0 0h24v24H0z\" fill=\"none\"\/><path d=\"M4 6l16 0\" \/><path d=\"M4 12l10 0\" \/><path d=\"M4 18l14 0\" \/><\/svg>                    <span class=\"name\">Funktionen Auswahl <\/span>\n                <\/h2>\n\n                                    <\/div>\n    \n\n        <div\n            id=\"block_b4dd2173cec87617e5a0dad1c6adb12c\"\n            class=\"acf-block is-edit is-category-text\"\n            data-highlight=\"https:\/\/www.tele-online.com\/relais-de-surveillance\/#highlightblock=block_b4dd2173cec87617e5a0dad1c6adb12c\"\n            data-block=\"kontaktteasermitarbeiter\"\n        >\n                            <h2 class=\"acf-block-title\">\n                    <svg  xmlns=\"http:\/\/www.w3.org\/2000\/svg\"  width=\"24\"  height=\"24\"  viewBox=\"0 0 24 24\"  fill=\"none\"  stroke=\"currentColor\"  stroke-width=\"2\"  stroke-linecap=\"round\"  stroke-linejoin=\"round\"  class=\"icon icon-tabler icons-tabler-outline icon-tabler-align-left\"><path stroke=\"none\" d=\"M0 0h24v24H0z\" fill=\"none\"\/><path d=\"M4 6l16 0\" \/><path d=\"M4 12l10 0\" \/><path d=\"M4 18l14 0\" \/><\/svg>                    <span class=\"name\">Kontakt Teaser Mitarbeiter <\/span>\n                <\/h2>\n\n                                    <\/div>\n    ","protected":false},"excerpt":{"rendered":"","protected":false},"author":48,"featured_media":0,"parent":0,"template":"","acf":{"seo":[{"googleAuthor":"","googlePublisher":"","schemaName":"","schemaDescription":"","schemaImage":false}],"footer_link_block":false,"main_menu_ausblenden":false,"footer":{"footer_headline_powerd_by":"Powered By TELE","footer_text_powered_by":"","footer_logos":null,"footer_mylayout_logos":"normal","footer_text_oben":"<p><strong>TELE Haase Steuerger\u00e4te Ges.m.b.H.<\/strong> | Vorarlberger Allee 38 (direct access via Slamastra\u00dfe 37), 1230 Vienna | Austria<\/p>\n<p><strong>Opening Hours<\/strong>: Monday-Thursday 08:00 a.m. to 04:00 p.m. &amp; Friday 08:00 a.m. to 01:00 p.m.<\/p>\n<p><strong><a href=\"https:\/\/www.tele-online.com\/en\/contact\/\">Contact Details<\/a><\/strong><\/p>\n","footer_headline_social_media":"","footer_social_media":[{"icon":"<i class=\"icon-facebook\"><\/i>","link":"https:\/\/www.facebook.com\/TELE-Haase-Steuerger%C3%A4te-GesmbH-212293998940265\/?rf=195551397135836"},{"icon":"<i class=\"icon-linkedin\"><\/i>","link":"https:\/\/www.linkedin.com\/company\/tele-worldwide\/"},{"icon":"<i class=\"icon-youtube\"><\/i>","link":"https:\/\/www.youtube.com\/user\/telehaase\/featured"},{"icon":"<i class=\"icon-instagram\"><\/i>","link":"https:\/\/www.instagram.com\/tele_haase\/"}]},"nav_data":{"link":"","text":""},"wpmlurl":{"de":"\/","en":"\/en\/","us":"\/us\/","fr":"\/fr\/","es":"\/es\/"},"webblocks":[{"acf_fc_layout":"headerslider","acf_fc_id":"acf-block-69a23bb6e4675","acf_fc_style":"","flexible":false,"submenu_aktivieren":false,"slide":[{"bild":{"ID":768159,"id":768159,"title":"Produktkategorie_Ueberwachungsrelais","filename":"Produktkategorie_Ueberwachungsrelais-scaled.jpg","filesize":67585,"url":"https:\/\/www.tele-online.com\/wp-content\/uploads\/2020\/07\/Produktkategorie_Ueberwachungsrelais-scaled.jpg","link":"https:\/\/www.tele-online.com\/fr\/relais-de-surveillance\/attachment\/produktkategorie_ueberwachungsrelais-2\/","alt":"","author":"50","description":"","caption":"","name":"produktkategorie_ueberwachungsrelais-2","status":"inherit","uploaded_to":789999,"date":"2020-07-14 06:43:23","modified":"2024-06-13 08:56:31","menu_order":0,"mime_type":"image\/jpeg","type":"image","subtype":"jpeg","icon":"https:\/\/www.tele-online.com\/wp-includes\/images\/media\/default.png","width":2048,"height":1144,"sizes":{"thumbnail":"https:\/\/www.tele-online.com\/wp-content\/uploads\/2020\/07\/Produktkategorie_Ueberwachungsrelais-220x220.jpg","thumbnail-width":220,"thumbnail-height":220,"medium":"https:\/\/www.tele-online.com\/wp-content\/uploads\/2020\/07\/Produktkategorie_Ueberwachungsrelais-544x360.jpg","medium-width":544,"medium-height":360,"medium_large":"https:\/\/www.tele-online.com\/wp-content\/uploads\/2020\/07\/Produktkategorie_Ueberwachungsrelais-768x429.jpg","medium_large-width":768,"medium_large-height":429,"large":"https:\/\/www.tele-online.com\/wp-content\/uploads\/2020\/07\/Produktkategorie_Ueberwachungsrelais-780x520.jpg","large-width":780,"large-height":520,"1536x1536":"https:\/\/www.tele-online.com\/wp-content\/uploads\/2020\/07\/Produktkategorie_Ueberwachungsrelais-1536x858.jpg","1536x1536-width":1536,"1536x1536-height":858,"2048x2048":"https:\/\/www.tele-online.com\/wp-content\/uploads\/2020\/07\/Produktkategorie_Ueberwachungsrelais-2048x1144.jpg","2048x2048-width":2048,"2048x2048-height":1144,"hd":"https:\/\/www.tele-online.com\/wp-content\/uploads\/2020\/07\/Produktkategorie_Ueberwachungsrelais-1920x1073.jpg","hd-width":1920,"hd-height":1073,"galerie":"https:\/\/www.tele-online.com\/wp-content\/uploads\/2020\/07\/Produktkategorie_Ueberwachungsrelais-320x179.jpg","galerie-width":320,"galerie-height":179,"stellen":"https:\/\/www.tele-online.com\/wp-content\/uploads\/2020\/07\/Produktkategorie_Ueberwachungsrelais-400x400.jpg","stellen-width":400,"stellen-height":400}},"headline":"Relais de surveillance","link":null,"subheadline":"Les relais de surveillance TELE permettent une mesure compacte et fiable de la tension, du courant, du cosinus phi, de la temp\u00e9rature ou des niveaux de remplissage."}],"max_hohe":"70vh"},{"acf_fc_layout":"textblock","acf_fc_id":"acf-block-69a23bb6e62ec","acf_fc_style":"","flexible":false,"text":"<h2 style=\"text-align: center\">TELE Relais de surveillance<\/h2>\n<p style=\"text-align: center\">Avec les relais TELE, vous \u00eates s\u00fbr de surveiller la tension, le courant, le cosinus phi, la temp\u00e9rature ou le niveau. Efficacit\u00e9 des ressources et de l&rsquo;\u00e9nergie incluse. Tension, courant, cos phi, temp\u00e9rature et niveau &#8211; nous surveillons cela!<\/p>\n","id":"","linie_oben_einblenden":false,"linie_unten_einblenden":false,"container":"normal","hintergrund":"weis","box":false,"abstand_oben":"50px","abstand_unten":"30px"},{"acf_fc_layout":"textblock","acf_fc_id":"acf-block-69a23bb6e6e31","acf_fc_style":"","flexible":false,"text":"<h2 style=\"text-align: center\">Relais de surveillance par type de construction<\/h2>\n","id":"","linie_oben_einblenden":false,"linie_unten_einblenden":false,"container":"normal","hintergrund":"weis","box":false,"abstand_oben":"50px","abstand_unten":"30px"},{"acf_fc_layout":"dreifachteaserapi","acf_fc_id":"acf-block-69a23bb6e6ff7","acf_fc_style":"","flexible":false,"layout":"3spalten","show_series":true,"kategorie":{"value":"2672","label":"Monitoring Relays"},"kacheln":[{"kategorie":false,"serien":"4151","link":null},{"kategorie":false,"serien":"4153","link":null},{"kategorie":false,"serien":"4147","link":null},{"kategorie":false,"serien":"4158","link":null}],"bildformat":"quadratisch","hintergrund":"weis","hintergrund_oben":"weis","abstand_oben":"","abstand_unten":""},{"acf_fc_layout":"produkteauswahl","acf_fc_id":"acf-block-69a23bb6e8bce","acf_fc_style":"","flexible":false,"text":"<h2 style=\"text-align: center\">Relais de surveillance populaires<\/h2>\n","category":"2672","funktionen":"","serien":"","text_alle_produkte":"","link_alle_produkte":"","text_verfugbare_produkte":"Produits disponibles","text_button":"afficher plus de relais de surveillance","headline_case_studies":"Des relais de surveillance de TELE sont utilis\u00e9s ici:","text_case_studies":"","id":"","hintergrund":"hellgruen","abstand_oben":"","abstand_unten":"50px"},{"acf_fc_layout":"textblock","acf_fc_id":"acf-block-69a23bb6e9cc1","acf_fc_style":"","flexible":false,"text":"<h2 style=\"text-align: center\">Accessoires de relais de surveillance<\/h2>\n","id":"","linie_oben_einblenden":false,"linie_unten_einblenden":false,"container":"normal","hintergrund":"weis","box":false,"abstand_oben":"","abstand_unten":"0"},{"acf_fc_layout":"dreifachteaserapi","acf_fc_id":"acf-block-69a23bb6e9e90","acf_fc_style":"","flexible":false,"layout":"3spalten","show_series":true,"kategorie":{"value":"2672","label":"Monitoring Relays"},"kacheln":[{"kategorie":false,"serien":"4169","link":null},{"kategorie":false,"serien":"4163","link":null},{"kategorie":false,"serien":"4164","link":null},{"kategorie":false,"serien":"4146","link":null},{"kategorie":false,"serien":"4160","link":null}],"bildformat":"normal","hintergrund":"weis","hintergrund_oben":"weis","abstand_oben":"","abstand_unten":""},{"acf_fc_layout":"funktionenauswahl","acf_fc_id":"acf-block-69a23bb6ea056","acf_fc_style":"","flexible":false,"headline":"Class\u00e9 selon les principales fonctions","text":"","show_functions_manual":false,"category":{"value":"2672","label":"Monitoring Relays"},"manual_functions":false,"button_text":"Afficher plus de fonctionnalit\u00e9s","id":"","hintergrund":"weis","abstand_oben":"30px","abstand_unten":"50px"},{"acf_fc_layout":"kontaktteasermitarbeiter","acf_fc_id":"acf-block-69a23bb6eb227","acf_fc_style":"","flexible":false,"headline":"Vous avez des questions sur les relais de surveillance TELE? Je suis heureux de vous aider.","text":"N'h\u00e9sitez pas \u00e0 me contacter","type":"automatisch","mitarbeiter":35707,"mitarbeiter_fallback":false,"telefon":"","telefon_gastautor":"","email_gastautor":"","termin_button_text":"","termin_button_link":"","id":"","hintergrund":"weis","abstand_oben":"50px","abstand_unten":"50px"}]},"yoast_head":"<!-- This site is optimized with the Yoast SEO plugin v24.5 - https:\/\/yoast.com\/wordpress\/plugins\/seo\/ -->\n<title>70+ TELE Relais de surveillance pour le courant, la tension et les phases<\/title>\n<meta name=\"description\" content=\"Les relais de surveillance TELE permettent une mesure compacte et fiable de la tension, du courant, du cosinus phi, de la temp\u00e9rature ou des niveaux de remplissage.\" \/>\n<meta name=\"robots\" content=\"index, follow, max-snippet:-1, max-image-preview:large, max-video-preview:-1\" \/>\n<link rel=\"canonical\" href=\"https:\/\/www.tele-online.com\/fr\/relais-de-surveillance\/\" \/>\n<meta property=\"og:locale\" content=\"fr_FR\" \/>\n<meta property=\"og:type\" content=\"article\" \/>\n<meta property=\"og:title\" content=\"70+ TELE Relais de surveillance pour le courant, la tension et les phases\" \/>\n<meta property=\"og:description\" content=\"Les relais de surveillance TELE permettent une mesure compacte et fiable de la tension, du courant, du cosinus phi, de la temp\u00e9rature ou des niveaux de remplissage.\" \/>\n<meta property=\"og:url\" content=\"https:\/\/www.tele-online.com\/fr\/relais-de-surveillance\/\" \/>\n<meta property=\"og:site_name\" content=\"Tele Haase\" \/>\n<meta property=\"article:modified_time\" content=\"2024-07-10T09:20:36+00:00\" \/>\n<meta name=\"twitter:card\" content=\"summary_large_image\" \/>\n<script type=\"application\/ld+json\" class=\"yoast-schema-graph\">{\"@context\":\"https:\/\/schema.org\",\"@graph\":[{\"@type\":\"WebPage\",\"@id\":\"https:\/\/www.tele-online.com\/fr\/relais-de-surveillance\/\",\"url\":\"https:\/\/www.tele-online.com\/fr\/relais-de-surveillance\/\",\"name\":\"70+ TELE Relais de surveillance pour le courant, la tension et les phases\",\"isPartOf\":{\"@id\":\"https:\/\/www.tele-online.com\/fr\/#website\"},\"datePublished\":\"2024-06-13T08:56:28+00:00\",\"dateModified\":\"2024-07-10T09:20:36+00:00\",\"description\":\"Les relais de surveillance TELE permettent une mesure compacte et fiable de la tension, du courant, du cosinus phi, de la temp\u00e9rature ou des niveaux de remplissage.\",\"breadcrumb\":{\"@id\":\"https:\/\/www.tele-online.com\/fr\/relais-de-surveillance\/#breadcrumb\"},\"inLanguage\":\"fr-FR\",\"potentialAction\":[{\"@type\":\"ReadAction\",\"target\":[\"https:\/\/www.tele-online.com\/fr\/relais-de-surveillance\/\"]}]},{\"@type\":\"BreadcrumbList\",\"@id\":\"https:\/\/www.tele-online.com\/fr\/relais-de-surveillance\/#breadcrumb\",\"itemListElement\":[{\"@type\":\"ListItem\",\"position\":1,\"name\":\"Startseite\",\"item\":\"https:\/\/www.tele-online.com\/fr\/\"},{\"@type\":\"ListItem\",\"position\":2,\"name\":\"Relais de surveillance\"}]},{\"@type\":\"WebSite\",\"@id\":\"https:\/\/www.tele-online.com\/fr\/#website\",\"url\":\"https:\/\/www.tele-online.com\/fr\/\",\"name\":\"Tele Haase\",\"description\":\"Your Smart Factory\",\"potentialAction\":[{\"@type\":\"SearchAction\",\"target\":{\"@type\":\"EntryPoint\",\"urlTemplate\":\"https:\/\/www.tele-online.com\/fr\/?s={search_term_string}\"},\"query-input\":{\"@type\":\"PropertyValueSpecification\",\"valueRequired\":true,\"valueName\":\"search_term_string\"}}],\"inLanguage\":\"fr-FR\"}]}<\/script>\n<!-- \/ Yoast SEO plugin. -->","yoast_head_json":{"title":"70+ TELE Relais de surveillance pour le courant, la tension et les phases","description":"Les relais de surveillance TELE permettent une mesure compacte et fiable de la tension, du courant, du cosinus phi, de la temp\u00e9rature ou des niveaux de remplissage.","robots":{"index":"index","follow":"follow","max-snippet":"max-snippet:-1","max-image-preview":"max-image-preview:large","max-video-preview":"max-video-preview:-1"},"canonical":"https:\/\/www.tele-online.com\/fr\/relais-de-surveillance\/","og_locale":"fr_FR","og_type":"article","og_title":"70+ TELE Relais de surveillance pour le courant, la tension et les phases","og_description":"Les relais de surveillance TELE permettent une mesure compacte et fiable de la tension, du courant, du cosinus phi, de la temp\u00e9rature ou des niveaux de remplissage.","og_url":"https:\/\/www.tele-online.com\/fr\/relais-de-surveillance\/","og_site_name":"Tele Haase","article_modified_time":"2024-07-10T09:20:36+00:00","twitter_card":"summary_large_image","schema":{"@context":"https:\/\/schema.org","@graph":[{"@type":"WebPage","@id":"https:\/\/www.tele-online.com\/fr\/relais-de-surveillance\/","url":"https:\/\/www.tele-online.com\/fr\/relais-de-surveillance\/","name":"70+ TELE Relais de surveillance pour le courant, la tension et les phases","isPartOf":{"@id":"https:\/\/www.tele-online.com\/fr\/#website"},"datePublished":"2024-06-13T08:56:28+00:00","dateModified":"2024-07-10T09:20:36+00:00","description":"Les relais de surveillance TELE permettent une mesure compacte et fiable de la tension, du courant, du cosinus phi, de la temp\u00e9rature ou des niveaux de remplissage.","breadcrumb":{"@id":"https:\/\/www.tele-online.com\/fr\/relais-de-surveillance\/#breadcrumb"},"inLanguage":"fr-FR","potentialAction":[{"@type":"ReadAction","target":["https:\/\/www.tele-online.com\/fr\/relais-de-surveillance\/"]}]},{"@type":"BreadcrumbList","@id":"https:\/\/www.tele-online.com\/fr\/relais-de-surveillance\/#breadcrumb","itemListElement":[{"@type":"ListItem","position":1,"name":"Startseite","item":"https:\/\/www.tele-online.com\/fr\/"},{"@type":"ListItem","position":2,"name":"Relais de surveillance"}]},{"@type":"WebSite","@id":"https:\/\/www.tele-online.com\/fr\/#website","url":"https:\/\/www.tele-online.com\/fr\/","name":"Tele Haase","description":"Your Smart Factory","potentialAction":[{"@type":"SearchAction","target":{"@type":"EntryPoint","urlTemplate":"https:\/\/www.tele-online.com\/fr\/?s={search_term_string}"},"query-input":{"@type":"PropertyValueSpecification","valueRequired":true,"valueName":"search_term_string"}}],"inLanguage":"fr-FR"}]}},"yoast_data":{"yoast_wpseo_canonical":"https:\/\/www.tele-online.com\/fr\/relais-de-surveillance\/","yoast_wpseo_opengraph_image":false,"yoast_wpseo_metadesc":"Les relais de surveillance TELE permettent une mesure compacte et fiable de la tension, du courant, du cosinus phi, de la temp\u00e9rature ou des niveaux de remplissage.","yoast_wpseo_meta_robots_noindex":"","yoast_wpseo_meta_robots_nofollow":""},"footer_links":null,"yoasttitle":"70+ TELE Relais de surveillance pour le courant, la tension et les phases","yoast_title":"70+ TELE Relais de surveillance pour le courant, la tension et les phases","yoast_meta":[{"name":"description","content":"Les relais de surveillance TELE permettent une mesure compacte et fiable de la tension, du courant, du cosinus phi, de la temp\u00e9rature ou des niveaux de remplissage."},{"name":"robots","content":"index, follow, max-snippet:-1, max-image-preview:large, max-video-preview:-1"},{"property":"og:locale","content":"fr_FR"},{"property":"og:type","content":"article"},{"property":"og:title","content":"70+ TELE Relais de surveillance pour le courant, la tension et les phases"},{"property":"og:description","content":"Les relais de surveillance TELE permettent une mesure compacte et fiable de la tension, du courant, du cosinus phi, de la temp\u00e9rature ou des niveaux de remplissage."},{"property":"og:url","content":"https:\/\/www.tele-online.com\/fr\/relais-de-surveillance\/"},{"property":"og:site_name","content":"Tele Haase"},{"property":"article:modified_time","content":"2024-07-10T09:20:36+00:00"},{"name":"twitter:card","content":"summary_large_image"},{"name":"robots","content":"index, follow, max-image-preview:large, max-snippet:-1, max-video-preview:-1"}],"yoast_json_ld":[{"@context":"https:\/\/schema.org","@graph":[{"@type":"WebPage","@id":"https:\/\/www.tele-online.com\/fr\/relais-de-surveillance\/","url":"https:\/\/www.tele-online.com\/fr\/relais-de-surveillance\/","name":"70+ TELE Relais de surveillance pour le courant, la tension et les phases","isPartOf":{"@id":"https:\/\/www.tele-online.com\/fr\/#website"},"datePublished":"2024-06-13T08:56:28+00:00","dateModified":"2024-07-10T09:20:36+00:00","description":"Les relais de surveillance TELE permettent une mesure compacte et fiable de la tension, du courant, du cosinus phi, de la temp&eacute;rature ou des niveaux de remplissage.","breadcrumb":{"@id":"https:\/\/www.tele-online.com\/fr\/relais-de-surveillance\/#breadcrumb"},"inLanguage":"fr-FR","potentialAction":[{"@type":"ReadAction","target":["https:\/\/www.tele-online.com\/fr\/relais-de-surveillance\/"]}]},{"@type":"BreadcrumbList","@id":"https:\/\/www.tele-online.com\/fr\/relais-de-surveillance\/#breadcrumb","itemListElement":[{"@type":"ListItem","position":1,"name":"Startseite","item":"https:\/\/www.tele-online.com\/fr\/"},{"@type":"ListItem","position":2,"name":"Relais de surveillance"}]},{"@type":"WebSite","@id":"https:\/\/www.tele-online.com\/fr\/#website","url":"https:\/\/www.tele-online.com\/fr\/","name":"Tele Haase","description":"Your Smart Factory","potentialAction":[{"@type":"SearchAction","target":{"@type":"EntryPoint","urlTemplate":"https:\/\/www.tele-online.com\/fr\/?s={search_term_string}"},"query-input":{"@type":"PropertyValueSpecification","valueRequired":true,"valueName":"search_term_string"}}],"inLanguage":"fr-FR"}]}],"_links":{"self":[{"href":"https:\/\/www.tele-online.com\/fr\/wp-json\/wp\/v2\/pages\/789999"}],"collection":[{"href":"https:\/\/www.tele-online.com\/fr\/wp-json\/wp\/v2\/pages"}],"about":[{"href":"https:\/\/www.tele-online.com\/fr\/wp-json\/wp\/v2\/types\/page"}],"author":[{"embeddable":true,"href":"https:\/\/www.tele-online.com\/fr\/wp-json\/wp\/v2\/users\/48"}],"replies":[{"embeddable":true,"href":"https:\/\/www.tele-online.com\/fr\/wp-json\/wp\/v2\/comments?post=789999"}],"version-history":[{"count":2,"href":"https:\/\/www.tele-online.com\/fr\/wp-json\/wp\/v2\/pages\/789999\/revisions"}],"predecessor-version":[{"id":796040,"href":"https:\/\/www.tele-online.com\/fr\/wp-json\/wp\/v2\/pages\/789999\/revisions\/796040"}],"wp:attachment":[{"href":"https:\/\/www.tele-online.com\/fr\/wp-json\/wp\/v2\/media?parent=789999"}],"curies":[{"name":"wp","href":"https:\/\/api.w.org\/{rel}","templated":true}]}}