{"id":789992,"date":"2024-06-13T10:54:21","modified":"2024-07-10T11:16:39","slug":"regulateur-a-thyristors","status":"publish","type":"page","link":"https:\/\/www.tele-online.com\/fr\/regulateur-a-thyristors\/","title":{"rendered":"R\u00e9gulateur \u00e0 thyristors"},"content":{"rendered":"        <div\n            id=\"block_f75c0cb92cfdecfc2f6e3aa51086d44e\"\n            class=\"acf-block is-edit is-category-text\"\n            data-highlight=\"https:\/\/www.tele-online.com\/regulateur-a-thyristors\/#highlightblock=block_f75c0cb92cfdecfc2f6e3aa51086d44e\"\n            data-block=\"headerslider\"\n        >\n                            <h2 class=\"acf-block-title\">\n                    <svg  xmlns=\"http:\/\/www.w3.org\/2000\/svg\"  width=\"24\"  height=\"24\"  viewBox=\"0 0 24 24\"  fill=\"none\"  stroke=\"currentColor\"  stroke-width=\"2\"  stroke-linecap=\"round\"  stroke-linejoin=\"round\"  class=\"icon icon-tabler icons-tabler-outline icon-tabler-align-left\"><path stroke=\"none\" d=\"M0 0h24v24H0z\" fill=\"none\"\/><path d=\"M4 6l16 0\" \/><path d=\"M4 12l10 0\" \/><path d=\"M4 18l14 0\" \/><\/svg>                    <span class=\"name\">Header Slider <\/span>\n                <\/h2>\n\n                                    <\/div>\n    \n\n        <div\n            id=\"block_a72a74ba2152e30ae330467333152084\"\n            class=\"acf-block is-edit is-category-text\"\n            data-highlight=\"https:\/\/www.tele-online.com\/regulateur-a-thyristors\/#highlightblock=block_a72a74ba2152e30ae330467333152084\"\n            data-block=\"textblock\"\n        >\n                            <h2 class=\"acf-block-title\">\n                    <svg  xmlns=\"http:\/\/www.w3.org\/2000\/svg\"  width=\"24\"  height=\"24\"  viewBox=\"0 0 24 24\"  fill=\"none\"  stroke=\"currentColor\"  stroke-width=\"2\"  stroke-linecap=\"round\"  stroke-linejoin=\"round\"  class=\"icon icon-tabler icons-tabler-outline icon-tabler-align-left\"><path stroke=\"none\" d=\"M0 0h24v24H0z\" fill=\"none\"\/><path d=\"M4 6l16 0\" \/><path d=\"M4 12l10 0\" \/><path d=\"M4 18l14 0\" \/><\/svg>                    <span class=\"name\">Textblock <\/span>\n                <\/h2>\n\n                                    <\/div>\n    \n\n        <div\n            id=\"block_2700ee74d9a4990021a846ad2066314f\"\n            class=\"acf-block is-edit is-category-text\"\n            data-highlight=\"https:\/\/www.tele-online.com\/regulateur-a-thyristors\/#highlightblock=block_2700ee74d9a4990021a846ad2066314f\"\n            data-block=\"produktkategorienteaser\"\n        >\n                            <h2 class=\"acf-block-title\">\n                    <svg  xmlns=\"http:\/\/www.w3.org\/2000\/svg\"  width=\"24\"  height=\"24\"  viewBox=\"0 0 24 24\"  fill=\"none\"  stroke=\"currentColor\"  stroke-width=\"2\"  stroke-linecap=\"round\"  stroke-linejoin=\"round\"  class=\"icon icon-tabler icons-tabler-outline icon-tabler-align-left\"><path stroke=\"none\" d=\"M0 0h24v24H0z\" fill=\"none\"\/><path d=\"M4 6l16 0\" \/><path d=\"M4 12l10 0\" \/><path d=\"M4 18l14 0\" \/><\/svg>                    <span class=\"name\">Produkt Kategorien Teaser <\/span>\n                <\/h2>\n\n                                    <\/div>\n    \n\n        <div\n            id=\"block_5c2a668836fdbebd37fe434dbeefe9e3\"\n            class=\"acf-block is-edit is-category-text\"\n            data-highlight=\"https:\/\/www.tele-online.com\/regulateur-a-thyristors\/#highlightblock=block_5c2a668836fdbebd37fe434dbeefe9e3\"\n            data-block=\"produkteauswahl\"\n        >\n                            <h2 class=\"acf-block-title\">\n                    <svg  xmlns=\"http:\/\/www.w3.org\/2000\/svg\"  width=\"24\"  height=\"24\"  viewBox=\"0 0 24 24\"  fill=\"none\"  stroke=\"currentColor\"  stroke-width=\"2\"  stroke-linecap=\"round\"  stroke-linejoin=\"round\"  class=\"icon icon-tabler icons-tabler-outline icon-tabler-align-left\"><path stroke=\"none\" d=\"M0 0h24v24H0z\" fill=\"none\"\/><path d=\"M4 6l16 0\" \/><path d=\"M4 12l10 0\" \/><path d=\"M4 18l14 0\" \/><\/svg>                    <span class=\"name\">Produkte Auswahl <\/span>\n                <\/h2>\n\n                                    <\/div>\n    \n\n        <div\n            id=\"block_484fcbaa33b8422874071456df5d685e\"\n            class=\"acf-block is-edit is-category-text\"\n            data-highlight=\"https:\/\/www.tele-online.com\/regulateur-a-thyristors\/#highlightblock=block_484fcbaa33b8422874071456df5d685e\"\n            data-block=\"kontaktteasermitarbeiter\"\n        >\n                            <h2 class=\"acf-block-title\">\n                    <svg  xmlns=\"http:\/\/www.w3.org\/2000\/svg\"  width=\"24\"  height=\"24\"  viewBox=\"0 0 24 24\"  fill=\"none\"  stroke=\"currentColor\"  stroke-width=\"2\"  stroke-linecap=\"round\"  stroke-linejoin=\"round\"  class=\"icon icon-tabler icons-tabler-outline icon-tabler-align-left\"><path stroke=\"none\" d=\"M0 0h24v24H0z\" fill=\"none\"\/><path d=\"M4 6l16 0\" \/><path d=\"M4 12l10 0\" \/><path d=\"M4 18l14 0\" \/><\/svg>                    <span class=\"name\">Kontakt Teaser Mitarbeiter <\/span>\n                <\/h2>\n\n                                    <\/div>\n    ","protected":false},"excerpt":{"rendered":"","protected":false},"author":45,"featured_media":768077,"parent":0,"template":"","acf":{"seo":[{"googleAuthor":"","googlePublisher":"","schemaName":"","schemaDescription":"","schemaImage":false}],"footer_link_block":false,"main_menu_ausblenden":false,"footer":{"footer_headline_powerd_by":"Powered By TELE","footer_text_powered_by":"","footer_logos":null,"footer_mylayout_logos":"normal","footer_text_oben":"<p><strong>TELE Haase Steuerger\u00e4te Ges.m.b.H.<\/strong> | Vorarlberger Allee 38 (direct access via Slamastra\u00dfe 37), 1230 Vienna | Austria<\/p>\n<p><strong>Opening Hours<\/strong>: Monday-Thursday 08:00 a.m. to 04:00 p.m. &amp; Friday 08:00 a.m. to 01:00 p.m.<\/p>\n<p><strong><a href=\"https:\/\/www.tele-online.com\/en\/contact\/\">Contact Details<\/a><\/strong><\/p>\n","footer_headline_social_media":"","footer_social_media":[{"icon":"<i class=\"icon-facebook\"><\/i>","link":"https:\/\/www.facebook.com\/TELE-Haase-Steuerger%C3%A4te-GesmbH-212293998940265\/?rf=195551397135836"},{"icon":"<i class=\"icon-linkedin\"><\/i>","link":"https:\/\/www.linkedin.com\/company\/tele-worldwide\/"},{"icon":"<i class=\"icon-youtube\"><\/i>","link":"https:\/\/www.youtube.com\/user\/telehaase\/featured"},{"icon":"<i class=\"icon-instagram\"><\/i>","link":"https:\/\/www.instagram.com\/tele_haase\/"}]},"nav_data":{"link":"","text":""},"wpmlurl":{"de":"\/","en":"\/en\/","us":"\/us\/","fr":"\/fr\/","es":"\/es\/"},"webblocks":[{"acf_fc_layout":"headerslider","acf_fc_id":"acf-block-69a23bb7e595f","acf_fc_style":"","flexible":false,"submenu_aktivieren":false,"slide":[{"bild":{"ID":765458,"id":765458,"title":"TST01-Thyristorsteller-TELE-Haase","filename":"tst01_thyristorsteller_tele3-kleinjpg.jpg","filesize":31908,"url":"https:\/\/www.tele-online.com\/wp-content\/uploads\/2015\/09\/tst01_thyristorsteller_tele3-kleinjpg.jpg","link":"https:\/\/www.tele-online.com\/fr\/tst01_thyristorsteller_tele3-kleinjpg-2\/","alt":"","author":"44","description":"TST01-Thyristorsteller-TELE-Haase","caption":"","name":"tst01_thyristorsteller_tele3-kleinjpg-2","status":"inherit","uploaded_to":0,"date":"2015-12-10 09:49:19","modified":"2015-12-10 09:49:19","menu_order":0,"mime_type":"image\/jpeg","type":"image","subtype":"jpeg","icon":"https:\/\/www.tele-online.com\/wp-includes\/images\/media\/default.png","width":1200,"height":858,"sizes":{"thumbnail":"https:\/\/www.tele-online.com\/wp-content\/uploads\/2015\/09\/tst01_thyristorsteller_tele3-kleinjpg-220x220.jpg","thumbnail-width":220,"thumbnail-height":220,"medium":"https:\/\/www.tele-online.com\/wp-content\/uploads\/2015\/09\/tst01_thyristorsteller_tele3-kleinjpg-544x360.jpg","medium-width":544,"medium-height":360,"medium_large":"https:\/\/www.tele-online.com\/wp-content\/uploads\/2015\/09\/tst01_thyristorsteller_tele3-kleinjpg-768x549.jpg","medium_large-width":768,"medium_large-height":549,"large":"https:\/\/www.tele-online.com\/wp-content\/uploads\/2015\/09\/tst01_thyristorsteller_tele3-kleinjpg-780x520.jpg","large-width":780,"large-height":520,"1536x1536":"https:\/\/www.tele-online.com\/wp-content\/uploads\/2015\/09\/tst01_thyristorsteller_tele3-kleinjpg.jpg","1536x1536-width":1200,"1536x1536-height":858,"2048x2048":"https:\/\/www.tele-online.com\/wp-content\/uploads\/2015\/09\/tst01_thyristorsteller_tele3-kleinjpg.jpg","2048x2048-width":1200,"2048x2048-height":858,"hd":"https:\/\/www.tele-online.com\/wp-content\/uploads\/2015\/09\/tst01_thyristorsteller_tele3-kleinjpg.jpg","hd-width":1200,"hd-height":858,"galerie":"https:\/\/www.tele-online.com\/wp-content\/uploads\/2015\/09\/tst01_thyristorsteller_tele3-kleinjpg.jpg","galerie-width":320,"galerie-height":229,"stellen":"https:\/\/www.tele-online.com\/wp-content\/uploads\/2015\/09\/tst01_thyristorsteller_tele3-kleinjpg.jpg","stellen-width":400,"stellen-height":286}},"headline":"R\u00e9gulateur \u00e0 thyristors","link":null,"subheadline":"Pour la r\u00e9gulation en continu des charges monophas\u00e9es ou triphas\u00e9es, jusqu'\u00e0 2500A et 690V, TELE propose une large gamme de variateurs \u00e0 thyristors."}],"max_hohe":"70vh"},{"acf_fc_layout":"textblock","acf_fc_id":"acf-block-69a23bb7e8441","acf_fc_style":"","flexible":false,"text":"<h2 style=\"text-align: center;\">TELE THYRISTORSTELLER<\/h2>\n<p style=\"text-align: center;\">Pour la r\u00e9gulation en continu des charges monophas\u00e9es ou triphas\u00e9es, jusqu&rsquo;\u00e0 2500A et 690V, TELE propose une large gamme de variateurs \u00e0 thyristors. Il permet de contr\u00f4ler de mani\u00e8re simple, efficace et sans usure vos chauffages industriels, chaudi\u00e8res, r\u00e9chauffeurs d&rsquo;air, radiateurs infrarouges ou ventilateurs.<\/p>\n","id":"","linie_oben_einblenden":false,"linie_unten_einblenden":false,"container":"normal","hintergrund":"weis","box":false,"abstand_oben":"","abstand_unten":""},{"acf_fc_layout":"produktkategorienteaser","acf_fc_id":"acf-block-69a23bb7e8e4a","acf_fc_style":"","flexible":false,"layout":"3spalten","category":{"value":"9315","label":"Thyristor Controllers (Unterkategorie)"},"category_link":{"value":"2671","label":"Timing Relays"},"hintergrund":"weis","hintergrund_oben":"weis","abstand_oben":"","abstand_unten":""},{"acf_fc_layout":"produkteauswahl","acf_fc_id":"acf-block-69a23bb7e95f8","acf_fc_style":"","flexible":false,"text":"<h2 style=\"text-align: center;\">THYRISTORSTELLES populaires<\/h2>\n","category":"9315","funktionen":"","serien":"","text_alle_produkte":"","link_alle_produkte":"","text_verfugbare_produkte":"Produits disponibles","text_button":"Voir plus de produits","headline_case_studies":"Ces produits ou des produits similaires sont utilis\u00e9s ici","text_case_studies":"","id":"","hintergrund":"hellgruen","abstand_oben":"","abstand_unten":""},{"acf_fc_layout":"kontaktteasermitarbeiter","acf_fc_id":"acf-block-69a23bb7ea462","acf_fc_style":"","flexible":false,"headline":"Vous avez des questions sur nos variateurs de vitesse \u00e0 thyristors? Je suis heureux de vous aider!","text":"N'h\u00e9sitez pas \u00e0 me contacter","type":"automatisch","mitarbeiter":35707,"mitarbeiter_fallback":false,"telefon":"","telefon_gastautor":"","email_gastautor":"","termin_button_text":"","termin_button_link":"","id":"","hintergrund":"weis","abstand_oben":"","abstand_unten":""}]},"yoast_head":"<!-- This site is optimized with the Yoast SEO plugin v24.5 - https:\/\/yoast.com\/wordpress\/plugins\/seo\/ -->\n<title>R\u00e9gulateur \u00e0 thyristors de TELE | pour la r\u00e9gulation continue de charges monophas\u00e9es et triphas\u00e9es<\/title>\n<meta name=\"description\" content=\"our la r\u00e9gulation en continu des charges monophas\u00e9es ou triphas\u00e9es, jusqu&#039;\u00e0 2500A et 690V, TELE propose une large gamme de variateurs \u00e0 thyristors. Il permet de contr\u00f4ler de mani\u00e8re simple, efficace et sans usure vos chauffages industriels, chaudi\u00e8res, r\u00e9chauffeurs d&#039;air, radiateurs infrarouges ou ventilateurs.\" \/>\n<meta name=\"robots\" content=\"index, follow, max-snippet:-1, max-image-preview:large, max-video-preview:-1\" \/>\n<link rel=\"canonical\" href=\"https:\/\/www.tele-online.com\/fr\/regulateur-a-thyristors\/\" \/>\n<meta property=\"og:locale\" content=\"fr_FR\" \/>\n<meta property=\"og:type\" content=\"article\" \/>\n<meta property=\"og:title\" content=\"R\u00e9gulateur \u00e0 thyristors de TELE | pour la r\u00e9gulation continue de charges monophas\u00e9es et triphas\u00e9es\" \/>\n<meta property=\"og:description\" content=\"our la r\u00e9gulation en continu des charges monophas\u00e9es ou triphas\u00e9es, jusqu&#039;\u00e0 2500A et 690V, TELE propose une large gamme de variateurs \u00e0 thyristors. Il permet de contr\u00f4ler de mani\u00e8re simple, efficace et sans usure vos chauffages industriels, chaudi\u00e8res, r\u00e9chauffeurs d&#039;air, radiateurs infrarouges ou ventilateurs.\" \/>\n<meta property=\"og:url\" content=\"https:\/\/www.tele-online.com\/fr\/regulateur-a-thyristors\/\" \/>\n<meta property=\"og:site_name\" content=\"Tele Haase\" \/>\n<meta property=\"article:modified_time\" content=\"2024-07-10T09:16:39+00:00\" \/>\n<meta property=\"og:image\" content=\"https:\/\/www.tele-online.com\/wp-content\/uploads\/2020\/06\/TST01-scaled.jpg\" \/>\n\t<meta property=\"og:image:width\" content=\"1531\" \/>\n\t<meta property=\"og:image:height\" content=\"2048\" \/>\n\t<meta property=\"og:image:type\" content=\"image\/jpeg\" \/>\n<meta name=\"twitter:card\" content=\"summary_large_image\" \/>\n<meta name=\"twitter:label1\" content=\"Dur\u00e9e de lecture estim\u00e9e\" \/>\n\t<meta name=\"twitter:data1\" content=\"1 minute\" \/>\n<script type=\"application\/ld+json\" class=\"yoast-schema-graph\">{\"@context\":\"https:\/\/schema.org\",\"@graph\":[{\"@type\":\"WebPage\",\"@id\":\"https:\/\/www.tele-online.com\/fr\/regulateur-a-thyristors\/\",\"url\":\"https:\/\/www.tele-online.com\/fr\/regulateur-a-thyristors\/\",\"name\":\"R\u00e9gulateur \u00e0 thyristors de TELE | pour la r\u00e9gulation continue de charges monophas\u00e9es et triphas\u00e9es\",\"isPartOf\":{\"@id\":\"https:\/\/www.tele-online.com\/fr\/#website\"},\"primaryImageOfPage\":{\"@id\":\"https:\/\/www.tele-online.com\/fr\/regulateur-a-thyristors\/#primaryimage\"},\"image\":{\"@id\":\"https:\/\/www.tele-online.com\/fr\/regulateur-a-thyristors\/#primaryimage\"},\"thumbnailUrl\":\"https:\/\/www.tele-online.com\/wp-content\/uploads\/2020\/06\/TST01-scaled.jpg\",\"datePublished\":\"2024-06-13T08:54:21+00:00\",\"dateModified\":\"2024-07-10T09:16:39+00:00\",\"description\":\"our la r\u00e9gulation en continu des charges monophas\u00e9es ou triphas\u00e9es, jusqu'\u00e0 2500A et 690V, TELE propose une large gamme de variateurs \u00e0 thyristors. Il permet de contr\u00f4ler de mani\u00e8re simple, efficace et sans usure vos chauffages industriels, chaudi\u00e8res, r\u00e9chauffeurs d'air, radiateurs infrarouges ou ventilateurs.\",\"breadcrumb\":{\"@id\":\"https:\/\/www.tele-online.com\/fr\/regulateur-a-thyristors\/#breadcrumb\"},\"inLanguage\":\"fr-FR\",\"potentialAction\":[{\"@type\":\"ReadAction\",\"target\":[\"https:\/\/www.tele-online.com\/fr\/regulateur-a-thyristors\/\"]}]},{\"@type\":\"ImageObject\",\"inLanguage\":\"fr-FR\",\"@id\":\"https:\/\/www.tele-online.com\/fr\/regulateur-a-thyristors\/#primaryimage\",\"url\":\"https:\/\/www.tele-online.com\/wp-content\/uploads\/2020\/06\/TST01-scaled.jpg\",\"contentUrl\":\"https:\/\/www.tele-online.com\/wp-content\/uploads\/2020\/06\/TST01-scaled.jpg\",\"width\":1531,\"height\":2048},{\"@type\":\"BreadcrumbList\",\"@id\":\"https:\/\/www.tele-online.com\/fr\/regulateur-a-thyristors\/#breadcrumb\",\"itemListElement\":[{\"@type\":\"ListItem\",\"position\":1,\"name\":\"Startseite\",\"item\":\"https:\/\/www.tele-online.com\/fr\/\"},{\"@type\":\"ListItem\",\"position\":2,\"name\":\"R\u00e9gulateur \u00e0 thyristors\"}]},{\"@type\":\"WebSite\",\"@id\":\"https:\/\/www.tele-online.com\/fr\/#website\",\"url\":\"https:\/\/www.tele-online.com\/fr\/\",\"name\":\"Tele Haase\",\"description\":\"Your Smart Factory\",\"potentialAction\":[{\"@type\":\"SearchAction\",\"target\":{\"@type\":\"EntryPoint\",\"urlTemplate\":\"https:\/\/www.tele-online.com\/fr\/?s={search_term_string}\"},\"query-input\":{\"@type\":\"PropertyValueSpecification\",\"valueRequired\":true,\"valueName\":\"search_term_string\"}}],\"inLanguage\":\"fr-FR\"}]}<\/script>\n<!-- \/ Yoast SEO plugin. -->","yoast_head_json":{"title":"R\u00e9gulateur \u00e0 thyristors de TELE | pour la r\u00e9gulation continue de charges monophas\u00e9es et triphas\u00e9es","description":"our la r\u00e9gulation en continu des charges monophas\u00e9es ou triphas\u00e9es, jusqu'\u00e0 2500A et 690V, TELE propose une large gamme de variateurs \u00e0 thyristors. Il permet de contr\u00f4ler de mani\u00e8re simple, efficace et sans usure vos chauffages industriels, chaudi\u00e8res, r\u00e9chauffeurs d'air, radiateurs infrarouges ou ventilateurs.","robots":{"index":"index","follow":"follow","max-snippet":"max-snippet:-1","max-image-preview":"max-image-preview:large","max-video-preview":"max-video-preview:-1"},"canonical":"https:\/\/www.tele-online.com\/fr\/regulateur-a-thyristors\/","og_locale":"fr_FR","og_type":"article","og_title":"R\u00e9gulateur \u00e0 thyristors de TELE | pour la r\u00e9gulation continue de charges monophas\u00e9es et triphas\u00e9es","og_description":"our la r\u00e9gulation en continu des charges monophas\u00e9es ou triphas\u00e9es, jusqu'\u00e0 2500A et 690V, TELE propose une large gamme de variateurs \u00e0 thyristors. Il permet de contr\u00f4ler de mani\u00e8re simple, efficace et sans usure vos chauffages industriels, chaudi\u00e8res, r\u00e9chauffeurs d'air, radiateurs infrarouges ou ventilateurs.","og_url":"https:\/\/www.tele-online.com\/fr\/regulateur-a-thyristors\/","og_site_name":"Tele Haase","article_modified_time":"2024-07-10T09:16:39+00:00","og_image":[{"width":1531,"height":2048,"url":"https:\/\/www.tele-online.com\/wp-content\/uploads\/2020\/06\/TST01-scaled.jpg","type":"image\/jpeg"}],"twitter_card":"summary_large_image","twitter_misc":{"Dur\u00e9e de lecture estim\u00e9e":"1 minute"},"schema":{"@context":"https:\/\/schema.org","@graph":[{"@type":"WebPage","@id":"https:\/\/www.tele-online.com\/fr\/regulateur-a-thyristors\/","url":"https:\/\/www.tele-online.com\/fr\/regulateur-a-thyristors\/","name":"R\u00e9gulateur \u00e0 thyristors de TELE | pour la r\u00e9gulation continue de charges monophas\u00e9es et triphas\u00e9es","isPartOf":{"@id":"https:\/\/www.tele-online.com\/fr\/#website"},"primaryImageOfPage":{"@id":"https:\/\/www.tele-online.com\/fr\/regulateur-a-thyristors\/#primaryimage"},"image":{"@id":"https:\/\/www.tele-online.com\/fr\/regulateur-a-thyristors\/#primaryimage"},"thumbnailUrl":"https:\/\/www.tele-online.com\/wp-content\/uploads\/2020\/06\/TST01-scaled.jpg","datePublished":"2024-06-13T08:54:21+00:00","dateModified":"2024-07-10T09:16:39+00:00","description":"our la r\u00e9gulation en continu des charges monophas\u00e9es ou triphas\u00e9es, jusqu'\u00e0 2500A et 690V, TELE propose une large gamme de variateurs \u00e0 thyristors. Il permet de contr\u00f4ler de mani\u00e8re simple, efficace et sans usure vos chauffages industriels, chaudi\u00e8res, r\u00e9chauffeurs d'air, radiateurs infrarouges ou ventilateurs.","breadcrumb":{"@id":"https:\/\/www.tele-online.com\/fr\/regulateur-a-thyristors\/#breadcrumb"},"inLanguage":"fr-FR","potentialAction":[{"@type":"ReadAction","target":["https:\/\/www.tele-online.com\/fr\/regulateur-a-thyristors\/"]}]},{"@type":"ImageObject","inLanguage":"fr-FR","@id":"https:\/\/www.tele-online.com\/fr\/regulateur-a-thyristors\/#primaryimage","url":"https:\/\/www.tele-online.com\/wp-content\/uploads\/2020\/06\/TST01-scaled.jpg","contentUrl":"https:\/\/www.tele-online.com\/wp-content\/uploads\/2020\/06\/TST01-scaled.jpg","width":1531,"height":2048},{"@type":"BreadcrumbList","@id":"https:\/\/www.tele-online.com\/fr\/regulateur-a-thyristors\/#breadcrumb","itemListElement":[{"@type":"ListItem","position":1,"name":"Startseite","item":"https:\/\/www.tele-online.com\/fr\/"},{"@type":"ListItem","position":2,"name":"R\u00e9gulateur \u00e0 thyristors"}]},{"@type":"WebSite","@id":"https:\/\/www.tele-online.com\/fr\/#website","url":"https:\/\/www.tele-online.com\/fr\/","name":"Tele Haase","description":"Your Smart Factory","potentialAction":[{"@type":"SearchAction","target":{"@type":"EntryPoint","urlTemplate":"https:\/\/www.tele-online.com\/fr\/?s={search_term_string}"},"query-input":{"@type":"PropertyValueSpecification","valueRequired":true,"valueName":"search_term_string"}}],"inLanguage":"fr-FR"}]}},"yoast_data":{"yoast_wpseo_canonical":"https:\/\/www.tele-online.com\/fr\/regulateur-a-thyristors\/","yoast_wpseo_opengraph_image":"https:\/\/www.tele-online.com\/wp-content\/uploads\/2020\/06\/TST01-scaled.jpg","yoast_wpseo_metadesc":"our la r\u00e9gulation en continu des charges monophas\u00e9es ou triphas\u00e9es, jusqu'\u00e0 2500A et 690V, TELE propose une large gamme de variateurs \u00e0 thyristors. Il permet de contr\u00f4ler de mani\u00e8re simple, efficace et sans usure vos chauffages industriels, chaudi\u00e8res, r\u00e9chauffeurs d'air, radiateurs infrarouges ou ventilateurs.","yoast_wpseo_meta_robots_noindex":"","yoast_wpseo_meta_robots_nofollow":""},"footer_links":null,"yoasttitle":"R\u00e9gulateur \u00e0 thyristors de TELE | pour la r\u00e9gulation continue de charges monophas\u00e9es et triphas\u00e9es","yoast_title":"R\u00e9gulateur \u00e0 thyristors de TELE | pour la r\u00e9gulation continue de charges monophas\u00e9es et triphas\u00e9es","yoast_meta":[{"name":"description","content":"our la r\u00e9gulation en continu des charges monophas\u00e9es ou triphas\u00e9es, jusqu&#039;\u00e0 2500A et 690V, TELE propose une large gamme de variateurs \u00e0 thyristors. Il permet de contr\u00f4ler de mani\u00e8re simple, efficace et sans usure vos chauffages industriels, chaudi\u00e8res, r\u00e9chauffeurs d&#039;air, radiateurs infrarouges ou ventilateurs."},{"name":"robots","content":"index, follow, max-snippet:-1, max-image-preview:large, max-video-preview:-1"},{"property":"og:locale","content":"fr_FR"},{"property":"og:type","content":"article"},{"property":"og:title","content":"R\u00e9gulateur \u00e0 thyristors de TELE | pour la r\u00e9gulation continue de charges monophas\u00e9es et triphas\u00e9es"},{"property":"og:description","content":"our la r\u00e9gulation en continu des charges monophas\u00e9es ou triphas\u00e9es, jusqu&#039;\u00e0 2500A et 690V, TELE propose une large gamme de variateurs \u00e0 thyristors. Il permet de contr\u00f4ler de mani\u00e8re simple, efficace et sans usure vos chauffages industriels, chaudi\u00e8res, r\u00e9chauffeurs d&#039;air, radiateurs infrarouges ou ventilateurs."},{"property":"og:url","content":"https:\/\/www.tele-online.com\/fr\/regulateur-a-thyristors\/"},{"property":"og:site_name","content":"Tele Haase"},{"property":"article:modified_time","content":"2024-07-10T09:16:39+00:00"},{"property":"og:image","content":"https:\/\/www.tele-online.com\/wp-content\/uploads\/2020\/06\/TST01-scaled.jpg"},{"property":"og:image:width","content":"1531"},{"property":"og:image:height","content":"2048"},{"property":"og:image:type","content":"image\/jpeg"},{"name":"twitter:card","content":"summary_large_image"},{"name":"twitter:label1","content":"Dur\u00e9e de lecture estim\u00e9e"},{"name":"twitter:data1","content":"1 minute"},{"name":"robots","content":"index, follow, max-image-preview:large, max-snippet:-1, max-video-preview:-1"}],"yoast_json_ld":[{"@context":"https:\/\/schema.org","@graph":[{"@type":"WebPage","@id":"https:\/\/www.tele-online.com\/fr\/regulateur-a-thyristors\/","url":"https:\/\/www.tele-online.com\/fr\/regulateur-a-thyristors\/","name":"R&eacute;gulateur &agrave; thyristors de TELE | pour la r&eacute;gulation continue de charges monophas&eacute;es et triphas&eacute;es","isPartOf":{"@id":"https:\/\/www.tele-online.com\/fr\/#website"},"primaryImageOfPage":{"@id":"https:\/\/www.tele-online.com\/fr\/regulateur-a-thyristors\/#primaryimage"},"image":{"@id":"https:\/\/www.tele-online.com\/fr\/regulateur-a-thyristors\/#primaryimage"},"thumbnailUrl":"https:\/\/www.tele-online.com\/wp-content\/uploads\/2020\/06\/TST01-scaled.jpg","datePublished":"2024-06-13T08:54:21+00:00","dateModified":"2024-07-10T09:16:39+00:00","description":"our la r&eacute;gulation en continu des charges monophas&eacute;es ou triphas&eacute;es, jusqu'&agrave; 2500A et 690V, TELE propose une large gamme de variateurs &agrave; thyristors. Il permet de contr&ocirc;ler de mani&egrave;re simple, efficace et sans usure vos chauffages industriels, chaudi&egrave;res, r&eacute;chauffeurs d'air, radiateurs infrarouges ou ventilateurs.","breadcrumb":{"@id":"https:\/\/www.tele-online.com\/fr\/regulateur-a-thyristors\/#breadcrumb"},"inLanguage":"fr-FR","potentialAction":[{"@type":"ReadAction","target":["https:\/\/www.tele-online.com\/fr\/regulateur-a-thyristors\/"]}]},{"@type":"ImageObject","inLanguage":"fr-FR","@id":"https:\/\/www.tele-online.com\/fr\/regulateur-a-thyristors\/#primaryimage","url":"https:\/\/www.tele-online.com\/wp-content\/uploads\/2020\/06\/TST01-scaled.jpg","contentUrl":"https:\/\/www.tele-online.com\/wp-content\/uploads\/2020\/06\/TST01-scaled.jpg","width":1531,"height":2048},{"@type":"BreadcrumbList","@id":"https:\/\/www.tele-online.com\/fr\/regulateur-a-thyristors\/#breadcrumb","itemListElement":[{"@type":"ListItem","position":1,"name":"Startseite","item":"https:\/\/www.tele-online.com\/fr\/"},{"@type":"ListItem","position":2,"name":"R&eacute;gulateur &agrave; thyristors"}]},{"@type":"WebSite","@id":"https:\/\/www.tele-online.com\/fr\/#website","url":"https:\/\/www.tele-online.com\/fr\/","name":"Tele Haase","description":"Your Smart Factory","potentialAction":[{"@type":"SearchAction","target":{"@type":"EntryPoint","urlTemplate":"https:\/\/www.tele-online.com\/fr\/?s={search_term_string}"},"query-input":{"@type":"PropertyValueSpecification","valueRequired":true,"valueName":"search_term_string"}}],"inLanguage":"fr-FR"}]}],"_links":{"self":[{"href":"https:\/\/www.tele-online.com\/fr\/wp-json\/wp\/v2\/pages\/789992"}],"collection":[{"href":"https:\/\/www.tele-online.com\/fr\/wp-json\/wp\/v2\/pages"}],"about":[{"href":"https:\/\/www.tele-online.com\/fr\/wp-json\/wp\/v2\/types\/page"}],"author":[{"embeddable":true,"href":"https:\/\/www.tele-online.com\/fr\/wp-json\/wp\/v2\/users\/45"}],"replies":[{"embeddable":true,"href":"https:\/\/www.tele-online.com\/fr\/wp-json\/wp\/v2\/comments?post=789992"}],"version-history":[{"count":2,"href":"https:\/\/www.tele-online.com\/fr\/wp-json\/wp\/v2\/pages\/789992\/revisions"}],"predecessor-version":[{"id":796038,"href":"https:\/\/www.tele-online.com\/fr\/wp-json\/wp\/v2\/pages\/789992\/revisions\/796038"}],"wp:featuredmedia":[{"embeddable":true,"href":"https:\/\/www.tele-online.com\/fr\/wp-json\/wp\/v2\/media\/768077"}],"wp:attachment":[{"href":"https:\/\/www.tele-online.com\/fr\/wp-json\/wp\/v2\/media?parent=789992"}],"curies":[{"name":"wp","href":"https:\/\/api.w.org\/{rel}","templated":true}]}}