{"id":789989,"date":"2024-06-13T10:53:18","modified":"2024-06-13T10:53:21","slug":"tele-x-bon-de-commande-du-ruban-rose","status":"publish","type":"page","link":"https:\/\/www.tele-online.com\/fr\/tele-x-bon-de-commande-du-ruban-rose\/","title":{"rendered":"TELE x Bon de commande du Ruban rose"},"content":{"rendered":"        <div\n            id=\"block_695c10e374dedf1df780d971d3e26ca8\"\n            class=\"acf-block is-edit is-category-text\"\n            data-highlight=\"https:\/\/www.tele-online.com\/tele-x-bon-de-commande-du-ruban-rose\/#highlightblock=block_695c10e374dedf1df780d971d3e26ca8\"\n            data-block=\"headerslider\"\n        >\n                            <h2 class=\"acf-block-title\">\n                    <svg  xmlns=\"http:\/\/www.w3.org\/2000\/svg\"  width=\"24\"  height=\"24\"  viewBox=\"0 0 24 24\"  fill=\"none\"  stroke=\"currentColor\"  stroke-width=\"2\"  stroke-linecap=\"round\"  stroke-linejoin=\"round\"  class=\"icon icon-tabler icons-tabler-outline icon-tabler-align-left\"><path stroke=\"none\" d=\"M0 0h24v24H0z\" fill=\"none\"\/><path d=\"M4 6l16 0\" \/><path d=\"M4 12l10 0\" \/><path d=\"M4 18l14 0\" \/><\/svg>                    <span class=\"name\">Header Slider <\/span>\n                <\/h2>\n\n                                    <\/div>\n            <div\n            id=\"block_feb03f5fa78e650b92a672facc05f687\"\n            class=\"acf-block is-edit is-category-text\"\n            data-highlight=\"https:\/\/www.tele-online.com\/tele-x-bon-de-commande-du-ruban-rose\/#highlightblock=block_feb03f5fa78e650b92a672facc05f687\"\n            data-block=\"textblock\"\n        >\n                            <h2 class=\"acf-block-title\">\n                    <svg  xmlns=\"http:\/\/www.w3.org\/2000\/svg\"  width=\"24\"  height=\"24\"  viewBox=\"0 0 24 24\"  fill=\"none\"  stroke=\"currentColor\"  stroke-width=\"2\"  stroke-linecap=\"round\"  stroke-linejoin=\"round\"  class=\"icon icon-tabler icons-tabler-outline icon-tabler-align-left\"><path stroke=\"none\" d=\"M0 0h24v24H0z\" fill=\"none\"\/><path d=\"M4 6l16 0\" \/><path d=\"M4 12l10 0\" \/><path d=\"M4 18l14 0\" \/><\/svg>                    <span class=\"name\">Textblock <\/span>\n                <\/h2>\n\n                                    <\/div>\n            <div\n            id=\"block_3a17e04a49f530fe71623ba0a6722653\"\n            class=\"acf-block is-edit is-category-text\"\n            data-highlight=\"https:\/\/www.tele-online.com\/tele-x-bon-de-commande-du-ruban-rose\/#highlightblock=block_3a17e04a49f530fe71623ba0a6722653\"\n            data-block=\"textblock\"\n        >\n                            <h2 class=\"acf-block-title\">\n                    <svg  xmlns=\"http:\/\/www.w3.org\/2000\/svg\"  width=\"24\"  height=\"24\"  viewBox=\"0 0 24 24\"  fill=\"none\"  stroke=\"currentColor\"  stroke-width=\"2\"  stroke-linecap=\"round\"  stroke-linejoin=\"round\"  class=\"icon icon-tabler icons-tabler-outline icon-tabler-align-left\"><path stroke=\"none\" d=\"M0 0h24v24H0z\" fill=\"none\"\/><path d=\"M4 6l16 0\" \/><path d=\"M4 12l10 0\" \/><path d=\"M4 18l14 0\" \/><\/svg>                    <span class=\"name\">Textblock <\/span>\n                <\/h2>\n\n                                    <\/div>\n            <div\n            id=\"block_7301cc3c2abf77f8d1cec7730b99bfc3\"\n            class=\"acf-block is-edit is-category-text\"\n            data-highlight=\"https:\/\/www.tele-online.com\/tele-x-bon-de-commande-du-ruban-rose\/#highlightblock=block_7301cc3c2abf77f8d1cec7730b99bfc3\"\n            data-block=\"pinkribbonformular\"\n        >\n                            <h2 class=\"acf-block-title\">\n                    <svg  xmlns=\"http:\/\/www.w3.org\/2000\/svg\"  width=\"24\"  height=\"24\"  viewBox=\"0 0 24 24\"  fill=\"none\"  stroke=\"currentColor\"  stroke-width=\"2\"  stroke-linecap=\"round\"  stroke-linejoin=\"round\"  class=\"icon icon-tabler icons-tabler-outline icon-tabler-align-left\"><path stroke=\"none\" d=\"M0 0h24v24H0z\" fill=\"none\"\/><path d=\"M4 6l16 0\" \/><path d=\"M4 12l10 0\" \/><path d=\"M4 18l14 0\" \/><\/svg>                    <span class=\"name\">Pink Ribbon Formular <\/span>\n                <\/h2>\n\n                                    <\/div>\n            <div\n            id=\"block_cab008af4dc127a3085845f07e98502d\"\n            class=\"acf-block is-edit is-category-text\"\n            data-highlight=\"https:\/\/www.tele-online.com\/tele-x-bon-de-commande-du-ruban-rose\/#highlightblock=block_cab008af4dc127a3085845f07e98502d\"\n            data-block=\"kontaktteasermitarbeiter\"\n        >\n                            <h2 class=\"acf-block-title\">\n                    <svg  xmlns=\"http:\/\/www.w3.org\/2000\/svg\"  width=\"24\"  height=\"24\"  viewBox=\"0 0 24 24\"  fill=\"none\"  stroke=\"currentColor\"  stroke-width=\"2\"  stroke-linecap=\"round\"  stroke-linejoin=\"round\"  class=\"icon icon-tabler icons-tabler-outline icon-tabler-align-left\"><path stroke=\"none\" d=\"M0 0h24v24H0z\" fill=\"none\"\/><path d=\"M4 6l16 0\" \/><path d=\"M4 12l10 0\" \/><path d=\"M4 18l14 0\" \/><\/svg>                    <span class=\"name\">Kontakt Teaser Mitarbeiter <\/span>\n                <\/h2>\n\n                                    <\/div>\n    ","protected":false},"excerpt":{"rendered":"","protected":false},"author":59,"featured_media":0,"parent":0,"template":"","acf":{"seo":[{"googleAuthor":"","googlePublisher":"","schemaName":"","schemaDescription":"","schemaImage":false}],"footer_link_block":false,"main_menu_ausblenden":false,"footer":{"footer_headline_powerd_by":"Powered By TELE","footer_text_powered_by":"","footer_logos":null,"footer_mylayout_logos":"normal","footer_text_oben":"<p><strong>TELE Haase Steuerger\u00e4te Ges.m.b.H.<\/strong> | Vorarlberger Allee 38 (direct access via Slamastra\u00dfe 37), 1230 Vienna | Austria<\/p>\n<p><strong>Opening Hours<\/strong>: Monday-Thursday 08:00 a.m. to 04:00 p.m. &amp; Friday 08:00 a.m. to 01:00 p.m.<\/p>\n<p><strong><a href=\"https:\/\/www.tele-online.com\/en\/contact\/\">Contact Details<\/a><\/strong><\/p>\n","footer_headline_social_media":"","footer_social_media":[{"icon":"<i class=\"icon-facebook\"><\/i>","link":"https:\/\/www.facebook.com\/TELE-Haase-Steuerger%C3%A4te-GesmbH-212293998940265\/?rf=195551397135836"},{"icon":"<i class=\"icon-linkedin\"><\/i>","link":"https:\/\/www.linkedin.com\/company\/tele-worldwide\/"},{"icon":"<i class=\"icon-youtube\"><\/i>","link":"https:\/\/www.youtube.com\/user\/telehaase\/featured"},{"icon":"<i class=\"icon-instagram\"><\/i>","link":"https:\/\/www.instagram.com\/tele_haase\/"}]},"nav_data":{"link":"","text":""},"wpmlurl":{"de":"\/","en":"\/en\/","us":"\/us\/","fr":"\/fr\/","es":"\/es\/"},"webblocks":[{"acf_fc_layout":"headerslider","acf_fc_id":"acf-block-69a23bdf191b3","acf_fc_style":"","flexible":false,"submenu_aktivieren":false,"slide":[{"bild":{"ID":789975,"id":789975,"title":"Kopie von Kopie von Design ohne Titel","filename":"Kopie-von-Kopie-von-Design-ohne-Titel-1.png","filesize":143890,"url":"https:\/\/www.tele-online.com\/wp-content\/uploads\/2023\/10\/Kopie-von-Kopie-von-Design-ohne-Titel-1.png","link":"https:\/\/www.tele-online.com\/fr\/tele-x-ruban-rose\/attachment\/kopie-von-kopie-von-design-ohne-titel-3-3\/","alt":"","author":"59","description":"","caption":"","name":"kopie-von-kopie-von-design-ohne-titel-3-3","status":"inherit","uploaded_to":789938,"date":"2023-10-05 14:11:40","modified":"2023-10-05 14:11:40","menu_order":0,"mime_type":"image\/png","type":"image","subtype":"png","icon":"https:\/\/www.tele-online.com\/wp-includes\/images\/media\/default.png","width":2048,"height":1365,"sizes":{"thumbnail":"https:\/\/www.tele-online.com\/wp-content\/uploads\/2023\/10\/Kopie-von-Kopie-von-Design-ohne-Titel-1-220x220.png","thumbnail-width":220,"thumbnail-height":220,"medium":"https:\/\/www.tele-online.com\/wp-content\/uploads\/2023\/10\/Kopie-von-Kopie-von-Design-ohne-Titel-1-544x360.png","medium-width":544,"medium-height":360,"medium_large":"https:\/\/www.tele-online.com\/wp-content\/uploads\/2023\/10\/Kopie-von-Kopie-von-Design-ohne-Titel-1-768x512.png","medium_large-width":768,"medium_large-height":512,"large":"https:\/\/www.tele-online.com\/wp-content\/uploads\/2023\/10\/Kopie-von-Kopie-von-Design-ohne-Titel-1-780x520.png","large-width":780,"large-height":520,"1536x1536":"https:\/\/www.tele-online.com\/wp-content\/uploads\/2023\/10\/Kopie-von-Kopie-von-Design-ohne-Titel-1-1536x1024.png","1536x1536-width":1536,"1536x1536-height":1024,"2048x2048":"https:\/\/www.tele-online.com\/wp-content\/uploads\/2023\/10\/Kopie-von-Kopie-von-Design-ohne-Titel-1.png","2048x2048-width":2048,"2048x2048-height":1365,"hd":"https:\/\/www.tele-online.com\/wp-content\/uploads\/2023\/10\/Kopie-von-Kopie-von-Design-ohne-Titel-1-1920x1280.png","hd-width":1920,"hd-height":1280,"galerie":"https:\/\/www.tele-online.com\/wp-content\/uploads\/2023\/10\/Kopie-von-Kopie-von-Design-ohne-Titel-1-320x213.png","galerie-width":320,"galerie-height":213,"stellen":"https:\/\/www.tele-online.com\/wp-content\/uploads\/2023\/10\/Kopie-von-Kopie-von-Design-ohne-Titel-1-400x400.png","stellen-width":400,"stellen-height":400}},"headline":"RUBAN ROSE 2023","link":null,"subheadline":"Parce que nous voulons montrer l'exemple ensemble: pour les personnes concern\u00e9es &amp; pour les femmes dans les m\u00e9tiers techniques."}],"max_hohe":"70vh"},{"acf_fc_layout":"textblock","acf_fc_id":"acf-block-69a23bdf1a7ac","acf_fc_style":"","flexible":false,"text":"<p>\n            <img loading=\"lazy\" decoding=\"async\" class=\"aligncenter wp-image-368696 size-full\" src=\"https:\/\/www.tele-online.com\/wp-content\/uploads\/2023\/09\/Kopie-von-Kopie-von-Weiss-Handschriftlich-Kritzeleien-Kunst-Kultur-und-Geisteswissenschaften-Facebook-Spendenaktion-Titelbild-1000-%C3%97-200-px-2-e1695735482224.png\" alt=\"\" width=\"1000\" height=\"102\" srcset=\"https:\/\/www.tele-online.com\/wp-content\/uploads\/2023\/09\/Kopie-von-Kopie-von-Weiss-Handschriftlich-Kritzeleien-Kunst-Kultur-und-Geisteswissenschaften-Facebook-Spendenaktion-Titelbild-1000-\u00d7-200-px-2-e1695735482224.png 1000w, https:\/\/www.tele-online.com\/wp-content\/uploads\/2023\/09\/Kopie-von-Kopie-von-Weiss-Handschriftlich-Kritzeleien-Kunst-Kultur-und-Geisteswissenschaften-Facebook-Spendenaktion-Titelbild-1000-\u00d7-200-px-2-e1695735482224-768x78.png 768w, https:\/\/www.tele-online.com\/wp-content\/uploads\/2023\/09\/Kopie-von-Kopie-von-Weiss-Handschriftlich-Kritzeleien-Kunst-Kultur-und-Geisteswissenschaften-Facebook-Spendenaktion-Titelbild-1000-\u00d7-200-px-2-e1695735482224-320x33.png 320w\" sizes=\"(max-width: 1000px) 100vw, 1000px\">\n          <\/p>\n","id":"","linie_oben_einblenden":false,"linie_unten_einblenden":false,"container":"normal","hintergrund":"weis","box":false,"abstand_oben":"","abstand_unten":"0"},{"acf_fc_layout":"textblock","acf_fc_id":"acf-block-69a23bdf1b253","acf_fc_style":"","flexible":false,"text":"<p style=\"text-align: center;\">Remplissez simplement le formulaire et nous nous occuperons de vos commandes!<br \/>Nous attirons votre attention sur le fait qu&rsquo;aucune attestation de don ne peut \u00eatre d\u00e9livr\u00e9e pour cet achat.<br \/>L&rsquo;unit\u00e9 d&#8217;emballage comprend 10 pi\u00e8ces pour EUR 25,- par pi\u00e8ce (net)<br \/><strong>et EUR 29,- par pi\u00e8ce (net) pour les emballages individuels.<\/strong><\/p>\n","id":"","linie_oben_einblenden":false,"linie_unten_einblenden":false,"container":"normal","hintergrund":"weis","box":false,"abstand_oben":"0","abstand_unten":"0"},{"acf_fc_layout":"pinkribbonformular","acf_fc_id":"acf-block-69a23bdf1b3ff","acf_fc_style":"","flexible":false},{"acf_fc_layout":"kontaktteasermitarbeiter","acf_fc_id":"acf-block-69a23bdf1b40a","acf_fc_style":"","flexible":false,"headline":"Vous voulez en savoir plus?","text":"Je suis heureux de vous aider!","type":"automatisch","mitarbeiter":32644,"mitarbeiter_fallback":false,"telefon":"","telefon_gastautor":"","email_gastautor":"","termin_button_text":"","termin_button_link":"","id":"","hintergrund":"grau","abstand_oben":"","abstand_unten":""}]},"yoast_head":"<!-- This site is optimized with the Yoast SEO plugin v24.5 - https:\/\/yoast.com\/wordpress\/plugins\/seo\/ -->\n<title>TELE x Bon de commande du Ruban rose - Tele Haase<\/title>\n<meta name=\"robots\" content=\"index, follow, max-snippet:-1, max-image-preview:large, max-video-preview:-1\" \/>\n<link rel=\"canonical\" href=\"https:\/\/www.tele-online.com\/fr\/tele-x-bon-de-commande-du-ruban-rose\/\" \/>\n<meta property=\"og:locale\" content=\"fr_FR\" \/>\n<meta property=\"og:type\" content=\"article\" \/>\n<meta property=\"og:title\" content=\"TELE x Bon de commande du Ruban rose - Tele Haase\" \/>\n<meta property=\"og:url\" content=\"https:\/\/www.tele-online.com\/fr\/tele-x-bon-de-commande-du-ruban-rose\/\" \/>\n<meta property=\"og:site_name\" content=\"Tele Haase\" \/>\n<meta property=\"article:modified_time\" content=\"2024-06-13T08:53:21+00:00\" \/>\n<meta name=\"twitter:card\" content=\"summary_large_image\" \/>\n<script type=\"application\/ld+json\" class=\"yoast-schema-graph\">{\"@context\":\"https:\/\/schema.org\",\"@graph\":[{\"@type\":\"WebPage\",\"@id\":\"https:\/\/www.tele-online.com\/fr\/tele-x-bon-de-commande-du-ruban-rose\/\",\"url\":\"https:\/\/www.tele-online.com\/fr\/tele-x-bon-de-commande-du-ruban-rose\/\",\"name\":\"TELE x Bon de commande du Ruban rose - Tele Haase\",\"isPartOf\":{\"@id\":\"https:\/\/www.tele-online.com\/fr\/#website\"},\"datePublished\":\"2024-06-13T08:53:18+00:00\",\"dateModified\":\"2024-06-13T08:53:21+00:00\",\"breadcrumb\":{\"@id\":\"https:\/\/www.tele-online.com\/fr\/tele-x-bon-de-commande-du-ruban-rose\/#breadcrumb\"},\"inLanguage\":\"fr-FR\",\"potentialAction\":[{\"@type\":\"ReadAction\",\"target\":[\"https:\/\/www.tele-online.com\/fr\/tele-x-bon-de-commande-du-ruban-rose\/\"]}]},{\"@type\":\"BreadcrumbList\",\"@id\":\"https:\/\/www.tele-online.com\/fr\/tele-x-bon-de-commande-du-ruban-rose\/#breadcrumb\",\"itemListElement\":[{\"@type\":\"ListItem\",\"position\":1,\"name\":\"Startseite\",\"item\":\"https:\/\/www.tele-online.com\/fr\/\"},{\"@type\":\"ListItem\",\"position\":2,\"name\":\"TELE x Bon de commande du Ruban rose\"}]},{\"@type\":\"WebSite\",\"@id\":\"https:\/\/www.tele-online.com\/fr\/#website\",\"url\":\"https:\/\/www.tele-online.com\/fr\/\",\"name\":\"Tele Haase\",\"description\":\"Your Smart Factory\",\"potentialAction\":[{\"@type\":\"SearchAction\",\"target\":{\"@type\":\"EntryPoint\",\"urlTemplate\":\"https:\/\/www.tele-online.com\/fr\/?s={search_term_string}\"},\"query-input\":{\"@type\":\"PropertyValueSpecification\",\"valueRequired\":true,\"valueName\":\"search_term_string\"}}],\"inLanguage\":\"fr-FR\"}]}<\/script>\n<!-- \/ Yoast SEO plugin. -->","yoast_head_json":{"title":"TELE x Bon de commande du Ruban rose - Tele Haase","robots":{"index":"index","follow":"follow","max-snippet":"max-snippet:-1","max-image-preview":"max-image-preview:large","max-video-preview":"max-video-preview:-1"},"canonical":"https:\/\/www.tele-online.com\/fr\/tele-x-bon-de-commande-du-ruban-rose\/","og_locale":"fr_FR","og_type":"article","og_title":"TELE x Bon de commande du Ruban rose - Tele Haase","og_url":"https:\/\/www.tele-online.com\/fr\/tele-x-bon-de-commande-du-ruban-rose\/","og_site_name":"Tele Haase","article_modified_time":"2024-06-13T08:53:21+00:00","twitter_card":"summary_large_image","schema":{"@context":"https:\/\/schema.org","@graph":[{"@type":"WebPage","@id":"https:\/\/www.tele-online.com\/fr\/tele-x-bon-de-commande-du-ruban-rose\/","url":"https:\/\/www.tele-online.com\/fr\/tele-x-bon-de-commande-du-ruban-rose\/","name":"TELE x Bon de commande du Ruban rose - Tele Haase","isPartOf":{"@id":"https:\/\/www.tele-online.com\/fr\/#website"},"datePublished":"2024-06-13T08:53:18+00:00","dateModified":"2024-06-13T08:53:21+00:00","breadcrumb":{"@id":"https:\/\/www.tele-online.com\/fr\/tele-x-bon-de-commande-du-ruban-rose\/#breadcrumb"},"inLanguage":"fr-FR","potentialAction":[{"@type":"ReadAction","target":["https:\/\/www.tele-online.com\/fr\/tele-x-bon-de-commande-du-ruban-rose\/"]}]},{"@type":"BreadcrumbList","@id":"https:\/\/www.tele-online.com\/fr\/tele-x-bon-de-commande-du-ruban-rose\/#breadcrumb","itemListElement":[{"@type":"ListItem","position":1,"name":"Startseite","item":"https:\/\/www.tele-online.com\/fr\/"},{"@type":"ListItem","position":2,"name":"TELE x Bon de commande du Ruban rose"}]},{"@type":"WebSite","@id":"https:\/\/www.tele-online.com\/fr\/#website","url":"https:\/\/www.tele-online.com\/fr\/","name":"Tele Haase","description":"Your Smart Factory","potentialAction":[{"@type":"SearchAction","target":{"@type":"EntryPoint","urlTemplate":"https:\/\/www.tele-online.com\/fr\/?s={search_term_string}"},"query-input":{"@type":"PropertyValueSpecification","valueRequired":true,"valueName":"search_term_string"}}],"inLanguage":"fr-FR"}]}},"yoast_data":{"yoast_wpseo_canonical":"https:\/\/www.tele-online.com\/fr\/tele-x-bon-de-commande-du-ruban-rose\/","yoast_wpseo_opengraph_image":false,"yoast_wpseo_metadesc":"","yoast_wpseo_meta_robots_noindex":"","yoast_wpseo_meta_robots_nofollow":""},"footer_links":null,"yoasttitle":"TELE x Bon de commande du Ruban rose - Tele Haase","yoast_title":"TELE x Bon de commande du Ruban rose - Tele Haase","yoast_meta":[{"name":"robots","content":"index, follow, max-snippet:-1, max-image-preview:large, max-video-preview:-1"},{"property":"og:locale","content":"fr_FR"},{"property":"og:type","content":"article"},{"property":"og:title","content":"TELE x Bon de commande du Ruban rose - Tele Haase"},{"property":"og:url","content":"https:\/\/www.tele-online.com\/fr\/tele-x-bon-de-commande-du-ruban-rose\/"},{"property":"og:site_name","content":"Tele Haase"},{"property":"article:modified_time","content":"2024-06-13T08:53:21+00:00"},{"name":"twitter:card","content":"summary_large_image"},{"name":"robots","content":"index, follow, max-image-preview:large, max-snippet:-1, max-video-preview:-1"}],"yoast_json_ld":[{"@context":"https:\/\/schema.org","@graph":[{"@type":"WebPage","@id":"https:\/\/www.tele-online.com\/fr\/tele-x-bon-de-commande-du-ruban-rose\/","url":"https:\/\/www.tele-online.com\/fr\/tele-x-bon-de-commande-du-ruban-rose\/","name":"TELE x Bon de commande du Ruban rose - Tele Haase","isPartOf":{"@id":"https:\/\/www.tele-online.com\/fr\/#website"},"datePublished":"2024-06-13T08:53:18+00:00","dateModified":"2024-06-13T08:53:21+00:00","breadcrumb":{"@id":"https:\/\/www.tele-online.com\/fr\/tele-x-bon-de-commande-du-ruban-rose\/#breadcrumb"},"inLanguage":"fr-FR","potentialAction":[{"@type":"ReadAction","target":["https:\/\/www.tele-online.com\/fr\/tele-x-bon-de-commande-du-ruban-rose\/"]}]},{"@type":"BreadcrumbList","@id":"https:\/\/www.tele-online.com\/fr\/tele-x-bon-de-commande-du-ruban-rose\/#breadcrumb","itemListElement":[{"@type":"ListItem","position":1,"name":"Startseite","item":"https:\/\/www.tele-online.com\/fr\/"},{"@type":"ListItem","position":2,"name":"TELE x Bon de commande du Ruban rose"}]},{"@type":"WebSite","@id":"https:\/\/www.tele-online.com\/fr\/#website","url":"https:\/\/www.tele-online.com\/fr\/","name":"Tele Haase","description":"Your Smart Factory","potentialAction":[{"@type":"SearchAction","target":{"@type":"EntryPoint","urlTemplate":"https:\/\/www.tele-online.com\/fr\/?s={search_term_string}"},"query-input":{"@type":"PropertyValueSpecification","valueRequired":true,"valueName":"search_term_string"}}],"inLanguage":"fr-FR"}]}],"_links":{"self":[{"href":"https:\/\/www.tele-online.com\/fr\/wp-json\/wp\/v2\/pages\/789989"}],"collection":[{"href":"https:\/\/www.tele-online.com\/fr\/wp-json\/wp\/v2\/pages"}],"about":[{"href":"https:\/\/www.tele-online.com\/fr\/wp-json\/wp\/v2\/types\/page"}],"author":[{"embeddable":true,"href":"https:\/\/www.tele-online.com\/fr\/wp-json\/wp\/v2\/users\/59"}],"replies":[{"embeddable":true,"href":"https:\/\/www.tele-online.com\/fr\/wp-json\/wp\/v2\/comments?post=789989"}],"version-history":[{"count":1,"href":"https:\/\/www.tele-online.com\/fr\/wp-json\/wp\/v2\/pages\/789989\/revisions"}],"predecessor-version":[{"id":789991,"href":"https:\/\/www.tele-online.com\/fr\/wp-json\/wp\/v2\/pages\/789989\/revisions\/789991"}],"wp:attachment":[{"href":"https:\/\/www.tele-online.com\/fr\/wp-json\/wp\/v2\/media?parent=789989"}],"curies":[{"name":"wp","href":"https:\/\/api.w.org\/{rel}","templated":true}]}}