{"id":789936,"date":"2024-06-13T10:50:52","modified":"2024-06-13T10:50:55","slug":"nouvelles-de-tele","status":"publish","type":"page","link":"https:\/\/www.tele-online.com\/fr\/nouvelles-de-tele\/","title":{"rendered":"Nouvelles de TELE"},"content":{"rendered":"        <div\n            id=\"block_9a13c3b7ac83baa1571f3ef760d15dfa\"\n            class=\"acf-block is-edit is-category-text\"\n            data-highlight=\"https:\/\/www.tele-online.com\/nouvelles-de-tele\/#highlightblock=block_9a13c3b7ac83baa1571f3ef760d15dfa\"\n            data-block=\"pardotformular\"\n        >\n                            <h2 class=\"acf-block-title\">\n                    <svg  xmlns=\"http:\/\/www.w3.org\/2000\/svg\"  width=\"24\"  height=\"24\"  viewBox=\"0 0 24 24\"  fill=\"none\"  stroke=\"currentColor\"  stroke-width=\"2\"  stroke-linecap=\"round\"  stroke-linejoin=\"round\"  class=\"icon icon-tabler icons-tabler-outline icon-tabler-align-left\"><path stroke=\"none\" d=\"M0 0h24v24H0z\" fill=\"none\"\/><path d=\"M4 6l16 0\" \/><path d=\"M4 12l10 0\" \/><path d=\"M4 18l14 0\" \/><\/svg>                    <span class=\"name\">Pardot Formular <\/span>\n                <\/h2>\n\n                                    <\/div>\n    ","protected":false},"excerpt":{"rendered":"","protected":false},"author":61,"featured_media":0,"parent":0,"template":"","acf":{"seo":[{"googleAuthor":"","googlePublisher":"","schemaName":"","schemaDescription":"","schemaImage":false}],"footer_link_block":false,"main_menu_ausblenden":false,"footer":{"footer_headline_powerd_by":"Powered By TELE","footer_text_powered_by":"","footer_logos":null,"footer_mylayout_logos":"normal","footer_text_oben":"<p><strong>TELE Haase Steuerger\u00e4te Ges.m.b.H.<\/strong> | Vorarlberger Allee 38 (direct access via Slamastra\u00dfe 37), 1230 Vienna | Austria<\/p>\n<p><strong>Opening Hours<\/strong>: Monday-Thursday 08:00 a.m. to 04:00 p.m. &amp; Friday 08:00 a.m. to 01:00 p.m.<\/p>\n<p><strong><a href=\"https:\/\/www.tele-online.com\/en\/contact\/\">Contact Details<\/a><\/strong><\/p>\n","footer_headline_social_media":"","footer_social_media":[{"icon":"<i class=\"icon-facebook\"><\/i>","link":"https:\/\/www.facebook.com\/TELE-Haase-Steuerger%C3%A4te-GesmbH-212293998940265\/?rf=195551397135836"},{"icon":"<i class=\"icon-linkedin\"><\/i>","link":"https:\/\/www.linkedin.com\/company\/tele-worldwide\/"},{"icon":"<i class=\"icon-youtube\"><\/i>","link":"https:\/\/www.youtube.com\/user\/telehaase\/featured"},{"icon":"<i class=\"icon-instagram\"><\/i>","link":"https:\/\/www.instagram.com\/tele_haase\/"}]},"nav_data":{"link":"","text":""},"wpmlurl":{"de":"\/","en":"\/en\/","us":"\/us\/","fr":"\/fr\/","es":"\/es\/"},"webblocks":[{"acf_fc_layout":"pardotformular","acf_fc_id":"acf-block-69a23bea6ae74","acf_fc_style":"","flexible":false,"headline":"Informations pertinentes et actualit\u00e9s sur les produits TELE","text":"<p>Pour vous inscrire, veuillez remplir le formulaire suivant:<\/p>\n","url":"https:\/\/www2.tele-online.com\/l\/950312\/2023-01-18\/bmr55v","label_field_anrede":"Titre de civilit\u00e9","show_field_anrede":true,"required_field_anrede":false,"label_field_firstname":"Pr\u00e9nom","show_field_firstname":true,"required_field_firstname":false,"label_field_lastname":"Nom de famille","show_field_lastname":true,"required_field_lastname":false,"label_field_email":"E-mail","label_field_firma":"Soci\u00e9t\u00e9","show_field_company":true,"required_field_company":false,"label_field_country":"","show_field_country":false,"required_field_country":false,"label_field_opt_in":"Je souhaite recevoir des nouvelles de TELE.","show_field_opt_in":false,"required_field_opt_in":false,"text_additional_fields":"","label_field_iot":"","show_field_iot":false,"required_field_iot":false,"label_field_sustainability":"","show_field_sustainability":false,"required_field_sustainability":false,"label_field_get_together":"","show_field_get_together":false,"required_field_get_together":false,"label_field_tele_products":"","show_field_tele_products":false,"required_field_tele_products":false,"label_field_co_working":"","show_field_co_working":false,"required_field_co_working":false,"label_field_ems":"","show_field_ems":false,"required_field_ems":false,"label_field_production":"","show_field_production":false,"required_field_production":false,"label_field_official_celebration":"","show_field_official_celebration":false,"required_field_official_celebration":false,"label_field_new_work":"","show_field_new_work":false,"required_field_new_work":false,"label_field_virtual_floor":"","show_field_virtual_floor":false,"required_field_virtual_floor":false,"button_send":"S'inscrire","success_text":"Votre inscription a \u00e9t\u00e9 valid\u00e9e.","error_text":"Veuillez remplir tous les champs obligatoires.  ","id":"","padding_top":"","padding_bottom":""}]},"yoast_head":"<!-- This site is optimized with the Yoast SEO plugin v24.5 - https:\/\/yoast.com\/wordpress\/plugins\/seo\/ -->\n<title>Nouvelles de TELE - Tele Haase<\/title>\n<meta name=\"robots\" content=\"index, follow, max-snippet:-1, max-image-preview:large, max-video-preview:-1\" \/>\n<link rel=\"canonical\" href=\"https:\/\/www.tele-online.com\/fr\/nouvelles-de-tele\/\" \/>\n<meta property=\"og:locale\" content=\"fr_FR\" \/>\n<meta property=\"og:type\" content=\"article\" \/>\n<meta property=\"og:title\" content=\"Nouvelles de TELE - Tele Haase\" \/>\n<meta property=\"og:url\" content=\"https:\/\/www.tele-online.com\/fr\/nouvelles-de-tele\/\" \/>\n<meta property=\"og:site_name\" content=\"Tele Haase\" \/>\n<meta property=\"article:modified_time\" content=\"2024-06-13T08:50:55+00:00\" \/>\n<meta name=\"twitter:card\" content=\"summary_large_image\" \/>\n<script type=\"application\/ld+json\" class=\"yoast-schema-graph\">{\"@context\":\"https:\/\/schema.org\",\"@graph\":[{\"@type\":\"WebPage\",\"@id\":\"https:\/\/www.tele-online.com\/fr\/nouvelles-de-tele\/\",\"url\":\"https:\/\/www.tele-online.com\/fr\/nouvelles-de-tele\/\",\"name\":\"Nouvelles de TELE - Tele Haase\",\"isPartOf\":{\"@id\":\"https:\/\/www.tele-online.com\/fr\/#website\"},\"datePublished\":\"2024-06-13T08:50:52+00:00\",\"dateModified\":\"2024-06-13T08:50:55+00:00\",\"breadcrumb\":{\"@id\":\"https:\/\/www.tele-online.com\/fr\/nouvelles-de-tele\/#breadcrumb\"},\"inLanguage\":\"fr-FR\",\"potentialAction\":[{\"@type\":\"ReadAction\",\"target\":[\"https:\/\/www.tele-online.com\/fr\/nouvelles-de-tele\/\"]}]},{\"@type\":\"BreadcrumbList\",\"@id\":\"https:\/\/www.tele-online.com\/fr\/nouvelles-de-tele\/#breadcrumb\",\"itemListElement\":[{\"@type\":\"ListItem\",\"position\":1,\"name\":\"Startseite\",\"item\":\"https:\/\/www.tele-online.com\/fr\/\"},{\"@type\":\"ListItem\",\"position\":2,\"name\":\"Nouvelles de TELE\"}]},{\"@type\":\"WebSite\",\"@id\":\"https:\/\/www.tele-online.com\/fr\/#website\",\"url\":\"https:\/\/www.tele-online.com\/fr\/\",\"name\":\"Tele Haase\",\"description\":\"Your Smart Factory\",\"potentialAction\":[{\"@type\":\"SearchAction\",\"target\":{\"@type\":\"EntryPoint\",\"urlTemplate\":\"https:\/\/www.tele-online.com\/fr\/?s={search_term_string}\"},\"query-input\":{\"@type\":\"PropertyValueSpecification\",\"valueRequired\":true,\"valueName\":\"search_term_string\"}}],\"inLanguage\":\"fr-FR\"}]}<\/script>\n<!-- \/ Yoast SEO plugin. -->","yoast_head_json":{"title":"Nouvelles de TELE - Tele Haase","robots":{"index":"index","follow":"follow","max-snippet":"max-snippet:-1","max-image-preview":"max-image-preview:large","max-video-preview":"max-video-preview:-1"},"canonical":"https:\/\/www.tele-online.com\/fr\/nouvelles-de-tele\/","og_locale":"fr_FR","og_type":"article","og_title":"Nouvelles de TELE - Tele Haase","og_url":"https:\/\/www.tele-online.com\/fr\/nouvelles-de-tele\/","og_site_name":"Tele Haase","article_modified_time":"2024-06-13T08:50:55+00:00","twitter_card":"summary_large_image","schema":{"@context":"https:\/\/schema.org","@graph":[{"@type":"WebPage","@id":"https:\/\/www.tele-online.com\/fr\/nouvelles-de-tele\/","url":"https:\/\/www.tele-online.com\/fr\/nouvelles-de-tele\/","name":"Nouvelles de TELE - Tele Haase","isPartOf":{"@id":"https:\/\/www.tele-online.com\/fr\/#website"},"datePublished":"2024-06-13T08:50:52+00:00","dateModified":"2024-06-13T08:50:55+00:00","breadcrumb":{"@id":"https:\/\/www.tele-online.com\/fr\/nouvelles-de-tele\/#breadcrumb"},"inLanguage":"fr-FR","potentialAction":[{"@type":"ReadAction","target":["https:\/\/www.tele-online.com\/fr\/nouvelles-de-tele\/"]}]},{"@type":"BreadcrumbList","@id":"https:\/\/www.tele-online.com\/fr\/nouvelles-de-tele\/#breadcrumb","itemListElement":[{"@type":"ListItem","position":1,"name":"Startseite","item":"https:\/\/www.tele-online.com\/fr\/"},{"@type":"ListItem","position":2,"name":"Nouvelles de TELE"}]},{"@type":"WebSite","@id":"https:\/\/www.tele-online.com\/fr\/#website","url":"https:\/\/www.tele-online.com\/fr\/","name":"Tele Haase","description":"Your Smart Factory","potentialAction":[{"@type":"SearchAction","target":{"@type":"EntryPoint","urlTemplate":"https:\/\/www.tele-online.com\/fr\/?s={search_term_string}"},"query-input":{"@type":"PropertyValueSpecification","valueRequired":true,"valueName":"search_term_string"}}],"inLanguage":"fr-FR"}]}},"yoast_data":{"yoast_wpseo_canonical":"https:\/\/www.tele-online.com\/fr\/nouvelles-de-tele\/","yoast_wpseo_opengraph_image":false,"yoast_wpseo_metadesc":"","yoast_wpseo_meta_robots_noindex":"","yoast_wpseo_meta_robots_nofollow":""},"footer_links":null,"yoasttitle":"Nouvelles de TELE - Tele Haase","yoast_title":"Nouvelles de TELE - Tele Haase","yoast_meta":[{"name":"robots","content":"index, follow, max-snippet:-1, max-image-preview:large, max-video-preview:-1"},{"property":"og:locale","content":"fr_FR"},{"property":"og:type","content":"article"},{"property":"og:title","content":"Nouvelles de TELE - Tele Haase"},{"property":"og:url","content":"https:\/\/www.tele-online.com\/fr\/nouvelles-de-tele\/"},{"property":"og:site_name","content":"Tele Haase"},{"property":"article:modified_time","content":"2024-06-13T08:50:55+00:00"},{"name":"twitter:card","content":"summary_large_image"},{"name":"robots","content":"index, follow, max-image-preview:large, max-snippet:-1, max-video-preview:-1"}],"yoast_json_ld":[{"@context":"https:\/\/schema.org","@graph":[{"@type":"WebPage","@id":"https:\/\/www.tele-online.com\/fr\/nouvelles-de-tele\/","url":"https:\/\/www.tele-online.com\/fr\/nouvelles-de-tele\/","name":"Nouvelles de TELE - Tele Haase","isPartOf":{"@id":"https:\/\/www.tele-online.com\/fr\/#website"},"datePublished":"2024-06-13T08:50:52+00:00","dateModified":"2024-06-13T08:50:55+00:00","breadcrumb":{"@id":"https:\/\/www.tele-online.com\/fr\/nouvelles-de-tele\/#breadcrumb"},"inLanguage":"fr-FR","potentialAction":[{"@type":"ReadAction","target":["https:\/\/www.tele-online.com\/fr\/nouvelles-de-tele\/"]}]},{"@type":"BreadcrumbList","@id":"https:\/\/www.tele-online.com\/fr\/nouvelles-de-tele\/#breadcrumb","itemListElement":[{"@type":"ListItem","position":1,"name":"Startseite","item":"https:\/\/www.tele-online.com\/fr\/"},{"@type":"ListItem","position":2,"name":"Nouvelles de TELE"}]},{"@type":"WebSite","@id":"https:\/\/www.tele-online.com\/fr\/#website","url":"https:\/\/www.tele-online.com\/fr\/","name":"Tele Haase","description":"Your Smart Factory","potentialAction":[{"@type":"SearchAction","target":{"@type":"EntryPoint","urlTemplate":"https:\/\/www.tele-online.com\/fr\/?s={search_term_string}"},"query-input":{"@type":"PropertyValueSpecification","valueRequired":true,"valueName":"search_term_string"}}],"inLanguage":"fr-FR"}]}],"_links":{"self":[{"href":"https:\/\/www.tele-online.com\/fr\/wp-json\/wp\/v2\/pages\/789936"}],"collection":[{"href":"https:\/\/www.tele-online.com\/fr\/wp-json\/wp\/v2\/pages"}],"about":[{"href":"https:\/\/www.tele-online.com\/fr\/wp-json\/wp\/v2\/types\/page"}],"author":[{"embeddable":true,"href":"https:\/\/www.tele-online.com\/fr\/wp-json\/wp\/v2\/users\/61"}],"replies":[{"embeddable":true,"href":"https:\/\/www.tele-online.com\/fr\/wp-json\/wp\/v2\/comments?post=789936"}],"version-history":[{"count":1,"href":"https:\/\/www.tele-online.com\/fr\/wp-json\/wp\/v2\/pages\/789936\/revisions"}],"predecessor-version":[{"id":789937,"href":"https:\/\/www.tele-online.com\/fr\/wp-json\/wp\/v2\/pages\/789936\/revisions\/789937"}],"wp:attachment":[{"href":"https:\/\/www.tele-online.com\/fr\/wp-json\/wp\/v2\/media?parent=789936"}],"curies":[{"name":"wp","href":"https:\/\/api.w.org\/{rel}","templated":true}]}}