{"id":789934,"date":"2024-06-13T10:50:20","modified":"2024-06-13T10:50:22","slug":"politique-de-messagerie-tele","status":"publish","type":"page","link":"https:\/\/www.tele-online.com\/fr\/politique-de-messagerie-tele\/","title":{"rendered":"Politique de messagerie TELE"},"content":{"rendered":"        <div\n            id=\"block_f93eba80ca17342450ebf0eb9dba040e\"\n            class=\"acf-block is-edit is-category-text\"\n            data-highlight=\"https:\/\/www.tele-online.com\/politique-de-messagerie-tele\/#highlightblock=block_f93eba80ca17342450ebf0eb9dba040e\"\n            data-block=\"headerslider\"\n        >\n                            <h2 class=\"acf-block-title\">\n                    <svg  xmlns=\"http:\/\/www.w3.org\/2000\/svg\"  width=\"24\"  height=\"24\"  viewBox=\"0 0 24 24\"  fill=\"none\"  stroke=\"currentColor\"  stroke-width=\"2\"  stroke-linecap=\"round\"  stroke-linejoin=\"round\"  class=\"icon icon-tabler icons-tabler-outline icon-tabler-align-left\"><path stroke=\"none\" d=\"M0 0h24v24H0z\" fill=\"none\"\/><path d=\"M4 6l16 0\" \/><path d=\"M4 12l10 0\" \/><path d=\"M4 18l14 0\" \/><\/svg>                    <span class=\"name\">Header Slider <\/span>\n                <\/h2>\n\n                                    <\/div>\n            <div\n            id=\"block_275291cfa43fdb5f5e037869a1f21bfa\"\n            class=\"acf-block is-edit is-category-text\"\n            data-highlight=\"https:\/\/www.tele-online.com\/politique-de-messagerie-tele\/#highlightblock=block_275291cfa43fdb5f5e037869a1f21bfa\"\n            data-block=\"textblock\"\n        >\n                            <h2 class=\"acf-block-title\">\n                    <svg  xmlns=\"http:\/\/www.w3.org\/2000\/svg\"  width=\"24\"  height=\"24\"  viewBox=\"0 0 24 24\"  fill=\"none\"  stroke=\"currentColor\"  stroke-width=\"2\"  stroke-linecap=\"round\"  stroke-linejoin=\"round\"  class=\"icon icon-tabler icons-tabler-outline icon-tabler-align-left\"><path stroke=\"none\" d=\"M0 0h24v24H0z\" fill=\"none\"\/><path d=\"M4 6l16 0\" \/><path d=\"M4 12l10 0\" \/><path d=\"M4 18l14 0\" \/><\/svg>                    <span class=\"name\">Textblock <\/span>\n                <\/h2>\n\n                                    <\/div>\n            <div\n            id=\"block_34ef10572fab596991100106bff02077\"\n            class=\"acf-block is-edit is-category-text\"\n            data-highlight=\"https:\/\/www.tele-online.com\/politique-de-messagerie-tele\/#highlightblock=block_34ef10572fab596991100106bff02077\"\n            data-block=\"kontaktteasermitarbeiter\"\n        >\n                            <h2 class=\"acf-block-title\">\n                    <svg  xmlns=\"http:\/\/www.w3.org\/2000\/svg\"  width=\"24\"  height=\"24\"  viewBox=\"0 0 24 24\"  fill=\"none\"  stroke=\"currentColor\"  stroke-width=\"2\"  stroke-linecap=\"round\"  stroke-linejoin=\"round\"  class=\"icon icon-tabler icons-tabler-outline icon-tabler-align-left\"><path stroke=\"none\" d=\"M0 0h24v24H0z\" fill=\"none\"\/><path d=\"M4 6l16 0\" \/><path d=\"M4 12l10 0\" \/><path d=\"M4 18l14 0\" \/><\/svg>                    <span class=\"name\">Kontakt Teaser Mitarbeiter <\/span>\n                <\/h2>\n\n                                    <\/div>\n    ","protected":false},"excerpt":{"rendered":"","protected":false},"author":59,"featured_media":764921,"parent":0,"template":"","acf":{"seo":[{"googleAuthor":"","googlePublisher":"","schemaName":"","schemaDescription":"","schemaImage":false}],"footer_link_block":false,"main_menu_ausblenden":false,"footer":{"footer_headline_powerd_by":"Powered By TELE","footer_text_powered_by":"","footer_logos":null,"footer_mylayout_logos":"normal","footer_text_oben":"<p><strong>TELE Haase Steuerger\u00e4te Ges.m.b.H.<\/strong> | Vorarlberger Allee 38 (direct access via Slamastra\u00dfe 37), 1230 Vienna | Austria<\/p>\n<p><strong>Opening Hours<\/strong>: Monday-Thursday 08:00 a.m. to 04:00 p.m. &amp; Friday 08:00 a.m. to 01:00 p.m.<\/p>\n<p><strong><a href=\"https:\/\/www.tele-online.com\/en\/contact\/\">Contact Details<\/a><\/strong><\/p>\n","footer_headline_social_media":"","footer_social_media":[{"icon":"<i class=\"icon-facebook\"><\/i>","link":"https:\/\/www.facebook.com\/TELE-Haase-Steuerger%C3%A4te-GesmbH-212293998940265\/?rf=195551397135836"},{"icon":"<i class=\"icon-linkedin\"><\/i>","link":"https:\/\/www.linkedin.com\/company\/tele-worldwide\/"},{"icon":"<i class=\"icon-youtube\"><\/i>","link":"https:\/\/www.youtube.com\/user\/telehaase\/featured"},{"icon":"<i class=\"icon-instagram\"><\/i>","link":"https:\/\/www.instagram.com\/tele_haase\/"}]},"nav_data":{"link":"","text":""},"wpmlurl":{"de":"\/","en":"\/en\/","us":"\/us\/","fr":"\/fr\/","es":"\/es\/"},"webblocks":[{"acf_fc_layout":"headerslider","acf_fc_id":"acf-block-69a23c0049bd3","acf_fc_style":"","flexible":false,"submenu_aktivieren":false,"slide":[{"bild":{"ID":764921,"id":764921,"title":"Tele-Header-White","filename":"Tele-Header-White.jpg","filesize":51432,"url":"https:\/\/www.tele-online.com\/wp-content\/uploads\/2015\/02\/Tele-Header-White.jpg","link":"https:\/\/www.tele-online.com\/fr\/conditions-generales-dutilisation\/attachment\/tele-header-white-2\/","alt":"","author":"44","description":"","caption":"","name":"tele-header-white-2","status":"inherit","uploaded_to":789621,"date":"2015-02-09 11:28:51","modified":"2024-06-13 07:39:12","menu_order":0,"mime_type":"image\/jpeg","type":"image","subtype":"jpeg","icon":"https:\/\/www.tele-online.com\/wp-includes\/images\/media\/default.png","width":2048,"height":778,"sizes":{"thumbnail":"https:\/\/www.tele-online.com\/wp-content\/uploads\/2015\/02\/Tele-Header-White-220x220.jpg","thumbnail-width":220,"thumbnail-height":220,"medium":"https:\/\/www.tele-online.com\/wp-content\/uploads\/2015\/02\/Tele-Header-White-544x360.jpg","medium-width":544,"medium-height":360,"medium_large":"https:\/\/www.tele-online.com\/wp-content\/uploads\/2015\/02\/Tele-Header-White-768x292.jpg","medium_large-width":768,"medium_large-height":292,"large":"https:\/\/www.tele-online.com\/wp-content\/uploads\/2015\/02\/Tele-Header-White-780x520.jpg","large-width":780,"large-height":520,"1536x1536":"https:\/\/www.tele-online.com\/wp-content\/uploads\/2015\/02\/Tele-Header-White.jpg","1536x1536-width":1536,"1536x1536-height":584,"2048x2048":"https:\/\/www.tele-online.com\/wp-content\/uploads\/2015\/02\/Tele-Header-White.jpg","2048x2048-width":2048,"2048x2048-height":778,"hd":"https:\/\/www.tele-online.com\/wp-content\/uploads\/2015\/02\/Tele-Header-White.jpg","hd-width":1920,"hd-height":729,"galerie":"https:\/\/www.tele-online.com\/wp-content\/uploads\/2015\/02\/Tele-Header-White.jpg","galerie-width":320,"galerie-height":122,"stellen":"https:\/\/www.tele-online.com\/wp-content\/uploads\/2015\/02\/Tele-Header-White.jpg","stellen-width":400,"stellen-height":152}},"headline":"Politique de messagerie TELE","link":null,"subheadline":"Vous trouverez ici notre politique de courrier \u00e9lectronique \u00e0 lire. Vous pouvez lire notre politique de courrier \u00e9lectronique ici."}],"max_hohe":"70vh"},{"acf_fc_layout":"textblock","acf_fc_id":"acf-block-69a23c004ae3d","acf_fc_style":"","flexible":false,"text":"<h2>Nos r\u00e8gles applicables aux e-mails que nous envoyons<\/h2>\n<p>Cet e-mail contient des informations confidentielles et\/ou prot\u00e9g\u00e9es par la loi. Si vous n&rsquo;\u00eates pas le bon destinataire ou si vous avez re\u00e7u cet e-mail par erreur, veuillez en informer imm\u00e9diatement l&rsquo;exp\u00e9diteur et d\u00e9truire cet e-mail. La copie non autoris\u00e9e, la distribution non autoris\u00e9e ou toute autre utilisation de ce courrier \u00e9lectronique sont interdites.<\/p>\n<p style=\"text-align: justify\">Les conseils contenus dans les e-mails que nous envoyons sont \u00e9labor\u00e9s sur la base des informations que vous nous avez fournies et des caract\u00e9ristiques des produits d\u00e9sign\u00e9s dont nous avons actuellement connaissance. Comme nous ne connaissons pas la conception et le contexte fonctionnel global de l&rsquo;installation dans laquelle ces produits sont utilis\u00e9s, nous ne pouvons pas garantir l&rsquo;ad\u00e9quation et le fonctionnement des produits dans l&rsquo;installation sp\u00e9cifique. Nous n&rsquo;avons pas v\u00e9rifi\u00e9 si les produits recommand\u00e9s dans notre e-mail \u00e9taient conformes \u00e0 toutes les normes et r\u00e9glementations applicables \u00e0 votre installation. Nos conseils sont donn\u00e9s au mieux de nos connaissances. Elle ne peut toutefois pas se substituer \u00e0 l&rsquo;examen de nos produits que vous devez effectuer, notamment en ce qui concerne leur ad\u00e9quation \u00e0 un usage particulier, et est donc fournie \u00e0 titre indicatif, sans engagement de votre part et \u00e0 l&rsquo;exclusion de toute responsabilit\u00e9.<\/p>\n<p>&nbsp;<\/p>\n<h2>Nos r\u00e8gles applicables aux e-mails que nous envoyons<\/h2>\n<p>Cet e-mail peut contenir des informations confidentielles et\/ou privil\u00e9gi\u00e9es. Si vous n&rsquo;\u00eates pas le destinataire pr\u00e9vu (ou si vous avez re\u00e7u cet e-mail par erreur), veuillez en informer imm\u00e9diatement l&rsquo;exp\u00e9diteur et d\u00e9truire cet e-mail. Toute copie, divulgation, distribution ou autre utilisation non autoris\u00e9e de ce courrier \u00e9lectronique est strictement interdite.<\/p>\n<p>Tous les produits recommand\u00e9s dans cet e-mail ont \u00e9t\u00e9 \u00e9labor\u00e9s sur la base des informations que vous avez fournies et des caract\u00e9ristiques des produits mentionn\u00e9s telles qu&rsquo;elles nous sont actuellement connues. Comme nous n&rsquo;avons aucune connaissance de votre application ou des d\u00e9tails fonctionnels de l&rsquo;assemblage complet dans lequel ces produits seront incorpor\u00e9s, nous ne garantissons pas que ces produits seront adapt\u00e9s \u00e0 l&rsquo;usage auquel ils sont destin\u00e9s. Nous n&rsquo;avons pas v\u00e9rifi\u00e9 si les produits recommand\u00e9s ci-dessus sont conformes \u00e0 toutes les normes et r\u00e9glementations applicables \u00e0 l&rsquo;assemblage de votre entreprise. Nos conseils sont donn\u00e9s en fonction de nos meilleures connaissances. Toutefois, ce conseil ne peut se substituer \u00e0 l&rsquo;examen par vos soins de nos produits, notamment en ce qui concerne leur aptitude \u00e0 un usage sp\u00e9cifique, et est donc donn\u00e9 sans obligation et \u00e0 l&rsquo;exclusion de toute responsabilit\u00e9 de notre part.<\/p>\n","id":"","linie_oben_einblenden":false,"linie_unten_einblenden":false,"container":"normal","hintergrund":"weis","box":false,"abstand_oben":"","abstand_unten":""},{"acf_fc_layout":"kontaktteasermitarbeiter","acf_fc_id":"acf-block-69a23c004b930","acf_fc_style":"","flexible":false,"headline":"Puis-je vous aider?","text":"Vous ne trouvez pas ce que vous cherchez? N'h\u00e9sitez pas \u00e0 me contacter!","type":"automatisch","mitarbeiter":588,"mitarbeiter_fallback":false,"telefon":"","telefon_gastautor":"","email_gastautor":"","termin_button_text":"","termin_button_link":"","id":"","hintergrund":"hellgruen","abstand_oben":"","abstand_unten":""}]},"yoast_head":"<!-- This site is optimized with the Yoast SEO plugin v24.5 - https:\/\/yoast.com\/wordpress\/plugins\/seo\/ -->\n<title>Politique de messagerie TELE - Tele Haase<\/title>\n<meta name=\"description\" content=\"Vous trouverez ici l&#039;int\u00e9gralit\u00e9 des conditions g\u00e9n\u00e9rales de vente (CGV) \u00e0 t\u00e9l\u00e9charger. Nous nous ferons un plaisir de vous informer de toutes les conditions.\" \/>\n<meta name=\"robots\" content=\"index, follow, max-snippet:-1, max-image-preview:large, max-video-preview:-1\" \/>\n<link rel=\"canonical\" href=\"https:\/\/www.tele-online.com\/fr\/politique-de-messagerie-tele\/\" \/>\n<meta property=\"og:locale\" content=\"fr_FR\" \/>\n<meta property=\"og:type\" content=\"article\" \/>\n<meta property=\"og:title\" content=\"Politique de messagerie TELE - Tele Haase\" \/>\n<meta property=\"og:description\" content=\"Vous trouverez ici l&#039;int\u00e9gralit\u00e9 des conditions g\u00e9n\u00e9rales de vente (CGV) \u00e0 t\u00e9l\u00e9charger. Nous nous ferons un plaisir de vous informer de toutes les conditions.\" \/>\n<meta property=\"og:url\" content=\"https:\/\/www.tele-online.com\/fr\/politique-de-messagerie-tele\/\" \/>\n<meta property=\"og:site_name\" content=\"Tele Haase\" \/>\n<meta property=\"article:modified_time\" content=\"2024-06-13T08:50:22+00:00\" \/>\n<meta property=\"og:image\" content=\"https:\/\/www.tele-online.com\/wp-content\/uploads\/2015\/02\/Tele-Header-White.jpg\" \/>\n\t<meta property=\"og:image:width\" content=\"2048\" \/>\n\t<meta property=\"og:image:height\" content=\"778\" \/>\n\t<meta property=\"og:image:type\" content=\"image\/jpeg\" \/>\n<meta name=\"twitter:card\" content=\"summary_large_image\" \/>\n<script type=\"application\/ld+json\" class=\"yoast-schema-graph\">{\"@context\":\"https:\/\/schema.org\",\"@graph\":[{\"@type\":\"WebPage\",\"@id\":\"https:\/\/www.tele-online.com\/fr\/politique-de-messagerie-tele\/\",\"url\":\"https:\/\/www.tele-online.com\/fr\/politique-de-messagerie-tele\/\",\"name\":\"Politique de messagerie TELE - Tele Haase\",\"isPartOf\":{\"@id\":\"https:\/\/www.tele-online.com\/fr\/#website\"},\"primaryImageOfPage\":{\"@id\":\"https:\/\/www.tele-online.com\/fr\/politique-de-messagerie-tele\/#primaryimage\"},\"image\":{\"@id\":\"https:\/\/www.tele-online.com\/fr\/politique-de-messagerie-tele\/#primaryimage\"},\"thumbnailUrl\":\"https:\/\/www.tele-online.com\/wp-content\/uploads\/2015\/02\/Tele-Header-White.jpg\",\"datePublished\":\"2024-06-13T08:50:20+00:00\",\"dateModified\":\"2024-06-13T08:50:22+00:00\",\"description\":\"Vous trouverez ici l'int\u00e9gralit\u00e9 des conditions g\u00e9n\u00e9rales de vente (CGV) \u00e0 t\u00e9l\u00e9charger. Nous nous ferons un plaisir de vous informer de toutes les conditions.\",\"breadcrumb\":{\"@id\":\"https:\/\/www.tele-online.com\/fr\/politique-de-messagerie-tele\/#breadcrumb\"},\"inLanguage\":\"fr-FR\",\"potentialAction\":[{\"@type\":\"ReadAction\",\"target\":[\"https:\/\/www.tele-online.com\/fr\/politique-de-messagerie-tele\/\"]}]},{\"@type\":\"ImageObject\",\"inLanguage\":\"fr-FR\",\"@id\":\"https:\/\/www.tele-online.com\/fr\/politique-de-messagerie-tele\/#primaryimage\",\"url\":\"https:\/\/www.tele-online.com\/wp-content\/uploads\/2015\/02\/Tele-Header-White.jpg\",\"contentUrl\":\"https:\/\/www.tele-online.com\/wp-content\/uploads\/2015\/02\/Tele-Header-White.jpg\",\"width\":2048,\"height\":778},{\"@type\":\"BreadcrumbList\",\"@id\":\"https:\/\/www.tele-online.com\/fr\/politique-de-messagerie-tele\/#breadcrumb\",\"itemListElement\":[{\"@type\":\"ListItem\",\"position\":1,\"name\":\"Startseite\",\"item\":\"https:\/\/www.tele-online.com\/fr\/\"},{\"@type\":\"ListItem\",\"position\":2,\"name\":\"Politique de messagerie TELE\"}]},{\"@type\":\"WebSite\",\"@id\":\"https:\/\/www.tele-online.com\/fr\/#website\",\"url\":\"https:\/\/www.tele-online.com\/fr\/\",\"name\":\"Tele Haase\",\"description\":\"Your Smart Factory\",\"potentialAction\":[{\"@type\":\"SearchAction\",\"target\":{\"@type\":\"EntryPoint\",\"urlTemplate\":\"https:\/\/www.tele-online.com\/fr\/?s={search_term_string}\"},\"query-input\":{\"@type\":\"PropertyValueSpecification\",\"valueRequired\":true,\"valueName\":\"search_term_string\"}}],\"inLanguage\":\"fr-FR\"}]}<\/script>\n<!-- \/ Yoast SEO plugin. -->","yoast_head_json":{"title":"Politique de messagerie TELE - Tele Haase","description":"Vous trouverez ici l'int\u00e9gralit\u00e9 des conditions g\u00e9n\u00e9rales de vente (CGV) \u00e0 t\u00e9l\u00e9charger. Nous nous ferons un plaisir de vous informer de toutes les conditions.","robots":{"index":"index","follow":"follow","max-snippet":"max-snippet:-1","max-image-preview":"max-image-preview:large","max-video-preview":"max-video-preview:-1"},"canonical":"https:\/\/www.tele-online.com\/fr\/politique-de-messagerie-tele\/","og_locale":"fr_FR","og_type":"article","og_title":"Politique de messagerie TELE - Tele Haase","og_description":"Vous trouverez ici l'int\u00e9gralit\u00e9 des conditions g\u00e9n\u00e9rales de vente (CGV) \u00e0 t\u00e9l\u00e9charger. Nous nous ferons un plaisir de vous informer de toutes les conditions.","og_url":"https:\/\/www.tele-online.com\/fr\/politique-de-messagerie-tele\/","og_site_name":"Tele Haase","article_modified_time":"2024-06-13T08:50:22+00:00","og_image":[{"width":2048,"height":778,"url":"https:\/\/www.tele-online.com\/wp-content\/uploads\/2015\/02\/Tele-Header-White.jpg","type":"image\/jpeg"}],"twitter_card":"summary_large_image","schema":{"@context":"https:\/\/schema.org","@graph":[{"@type":"WebPage","@id":"https:\/\/www.tele-online.com\/fr\/politique-de-messagerie-tele\/","url":"https:\/\/www.tele-online.com\/fr\/politique-de-messagerie-tele\/","name":"Politique de messagerie TELE - Tele Haase","isPartOf":{"@id":"https:\/\/www.tele-online.com\/fr\/#website"},"primaryImageOfPage":{"@id":"https:\/\/www.tele-online.com\/fr\/politique-de-messagerie-tele\/#primaryimage"},"image":{"@id":"https:\/\/www.tele-online.com\/fr\/politique-de-messagerie-tele\/#primaryimage"},"thumbnailUrl":"https:\/\/www.tele-online.com\/wp-content\/uploads\/2015\/02\/Tele-Header-White.jpg","datePublished":"2024-06-13T08:50:20+00:00","dateModified":"2024-06-13T08:50:22+00:00","description":"Vous trouverez ici l'int\u00e9gralit\u00e9 des conditions g\u00e9n\u00e9rales de vente (CGV) \u00e0 t\u00e9l\u00e9charger. Nous nous ferons un plaisir de vous informer de toutes les conditions.","breadcrumb":{"@id":"https:\/\/www.tele-online.com\/fr\/politique-de-messagerie-tele\/#breadcrumb"},"inLanguage":"fr-FR","potentialAction":[{"@type":"ReadAction","target":["https:\/\/www.tele-online.com\/fr\/politique-de-messagerie-tele\/"]}]},{"@type":"ImageObject","inLanguage":"fr-FR","@id":"https:\/\/www.tele-online.com\/fr\/politique-de-messagerie-tele\/#primaryimage","url":"https:\/\/www.tele-online.com\/wp-content\/uploads\/2015\/02\/Tele-Header-White.jpg","contentUrl":"https:\/\/www.tele-online.com\/wp-content\/uploads\/2015\/02\/Tele-Header-White.jpg","width":2048,"height":778},{"@type":"BreadcrumbList","@id":"https:\/\/www.tele-online.com\/fr\/politique-de-messagerie-tele\/#breadcrumb","itemListElement":[{"@type":"ListItem","position":1,"name":"Startseite","item":"https:\/\/www.tele-online.com\/fr\/"},{"@type":"ListItem","position":2,"name":"Politique de messagerie TELE"}]},{"@type":"WebSite","@id":"https:\/\/www.tele-online.com\/fr\/#website","url":"https:\/\/www.tele-online.com\/fr\/","name":"Tele Haase","description":"Your Smart Factory","potentialAction":[{"@type":"SearchAction","target":{"@type":"EntryPoint","urlTemplate":"https:\/\/www.tele-online.com\/fr\/?s={search_term_string}"},"query-input":{"@type":"PropertyValueSpecification","valueRequired":true,"valueName":"search_term_string"}}],"inLanguage":"fr-FR"}]}},"yoast_data":{"yoast_wpseo_canonical":"https:\/\/www.tele-online.com\/fr\/politique-de-messagerie-tele\/","yoast_wpseo_opengraph_image":"https:\/\/www.tele-online.com\/wp-content\/uploads\/2015\/02\/Tele-Header-White.jpg","yoast_wpseo_metadesc":"Vous trouverez ici l'int\u00e9gralit\u00e9 des conditions g\u00e9n\u00e9rales de vente (CGV) \u00e0 t\u00e9l\u00e9charger. Nous nous ferons un plaisir de vous informer de toutes les conditions.","yoast_wpseo_meta_robots_noindex":"","yoast_wpseo_meta_robots_nofollow":""},"footer_links":null,"yoasttitle":"Politique de messagerie TELE - Tele Haase","yoast_title":"Politique de messagerie TELE - Tele Haase","yoast_meta":[{"name":"description","content":"Vous trouverez ici l&#039;int\u00e9gralit\u00e9 des conditions g\u00e9n\u00e9rales de vente (CGV) \u00e0 t\u00e9l\u00e9charger. Nous nous ferons un plaisir de vous informer de toutes les conditions."},{"name":"robots","content":"index, follow, max-snippet:-1, max-image-preview:large, max-video-preview:-1"},{"property":"og:locale","content":"fr_FR"},{"property":"og:type","content":"article"},{"property":"og:title","content":"Politique de messagerie TELE - Tele Haase"},{"property":"og:description","content":"Vous trouverez ici l&#039;int\u00e9gralit\u00e9 des conditions g\u00e9n\u00e9rales de vente (CGV) \u00e0 t\u00e9l\u00e9charger. Nous nous ferons un plaisir de vous informer de toutes les conditions."},{"property":"og:url","content":"https:\/\/www.tele-online.com\/fr\/politique-de-messagerie-tele\/"},{"property":"og:site_name","content":"Tele Haase"},{"property":"article:modified_time","content":"2024-06-13T08:50:22+00:00"},{"property":"og:image","content":"https:\/\/www.tele-online.com\/wp-content\/uploads\/2015\/02\/Tele-Header-White.jpg"},{"property":"og:image:width","content":"2048"},{"property":"og:image:height","content":"778"},{"property":"og:image:type","content":"image\/jpeg"},{"name":"twitter:card","content":"summary_large_image"},{"name":"robots","content":"index, follow, max-image-preview:large, max-snippet:-1, max-video-preview:-1"}],"yoast_json_ld":[{"@context":"https:\/\/schema.org","@graph":[{"@type":"WebPage","@id":"https:\/\/www.tele-online.com\/fr\/politique-de-messagerie-tele\/","url":"https:\/\/www.tele-online.com\/fr\/politique-de-messagerie-tele\/","name":"Politique de messagerie TELE - Tele Haase","isPartOf":{"@id":"https:\/\/www.tele-online.com\/fr\/#website"},"primaryImageOfPage":{"@id":"https:\/\/www.tele-online.com\/fr\/politique-de-messagerie-tele\/#primaryimage"},"image":{"@id":"https:\/\/www.tele-online.com\/fr\/politique-de-messagerie-tele\/#primaryimage"},"thumbnailUrl":"https:\/\/www.tele-online.com\/wp-content\/uploads\/2015\/02\/Tele-Header-White.jpg","datePublished":"2024-06-13T08:50:20+00:00","dateModified":"2024-06-13T08:50:22+00:00","description":"Vous trouverez ici l'int&eacute;gralit&eacute; des conditions g&eacute;n&eacute;rales de vente (CGV) &agrave; t&eacute;l&eacute;charger. Nous nous ferons un plaisir de vous informer de toutes les conditions.","breadcrumb":{"@id":"https:\/\/www.tele-online.com\/fr\/politique-de-messagerie-tele\/#breadcrumb"},"inLanguage":"fr-FR","potentialAction":[{"@type":"ReadAction","target":["https:\/\/www.tele-online.com\/fr\/politique-de-messagerie-tele\/"]}]},{"@type":"ImageObject","inLanguage":"fr-FR","@id":"https:\/\/www.tele-online.com\/fr\/politique-de-messagerie-tele\/#primaryimage","url":"https:\/\/www.tele-online.com\/wp-content\/uploads\/2015\/02\/Tele-Header-White.jpg","contentUrl":"https:\/\/www.tele-online.com\/wp-content\/uploads\/2015\/02\/Tele-Header-White.jpg","width":2048,"height":778},{"@type":"BreadcrumbList","@id":"https:\/\/www.tele-online.com\/fr\/politique-de-messagerie-tele\/#breadcrumb","itemListElement":[{"@type":"ListItem","position":1,"name":"Startseite","item":"https:\/\/www.tele-online.com\/fr\/"},{"@type":"ListItem","position":2,"name":"Politique de messagerie TELE"}]},{"@type":"WebSite","@id":"https:\/\/www.tele-online.com\/fr\/#website","url":"https:\/\/www.tele-online.com\/fr\/","name":"Tele Haase","description":"Your Smart Factory","potentialAction":[{"@type":"SearchAction","target":{"@type":"EntryPoint","urlTemplate":"https:\/\/www.tele-online.com\/fr\/?s={search_term_string}"},"query-input":{"@type":"PropertyValueSpecification","valueRequired":true,"valueName":"search_term_string"}}],"inLanguage":"fr-FR"}]}],"_links":{"self":[{"href":"https:\/\/www.tele-online.com\/fr\/wp-json\/wp\/v2\/pages\/789934"}],"collection":[{"href":"https:\/\/www.tele-online.com\/fr\/wp-json\/wp\/v2\/pages"}],"about":[{"href":"https:\/\/www.tele-online.com\/fr\/wp-json\/wp\/v2\/types\/page"}],"author":[{"embeddable":true,"href":"https:\/\/www.tele-online.com\/fr\/wp-json\/wp\/v2\/users\/59"}],"replies":[{"embeddable":true,"href":"https:\/\/www.tele-online.com\/fr\/wp-json\/wp\/v2\/comments?post=789934"}],"version-history":[{"count":1,"href":"https:\/\/www.tele-online.com\/fr\/wp-json\/wp\/v2\/pages\/789934\/revisions"}],"predecessor-version":[{"id":789935,"href":"https:\/\/www.tele-online.com\/fr\/wp-json\/wp\/v2\/pages\/789934\/revisions\/789935"}],"wp:featuredmedia":[{"embeddable":true,"href":"https:\/\/www.tele-online.com\/fr\/wp-json\/wp\/v2\/media\/764921"}],"wp:attachment":[{"href":"https:\/\/www.tele-online.com\/fr\/wp-json\/wp\/v2\/media?parent=789934"}],"curies":[{"name":"wp","href":"https:\/\/api.w.org\/{rel}","templated":true}]}}