{"id":789925,"date":"2024-06-13T10:47:43","modified":"2024-07-10T10:57:42","slug":"demarreur-progressif-demarrage-en-douceur","status":"publish","type":"page","link":"https:\/\/www.tele-online.com\/fr\/demarreur-progressif-demarrage-en-douceur\/","title":{"rendered":"D\u00e9marreur progressif \/ D\u00e9marrage en douceur"},"content":{"rendered":"        <div\n            id=\"block_0662dcf1f4cf0b20b2c79095d1e4262f\"\n            class=\"acf-block is-edit is-category-text\"\n            data-highlight=\"https:\/\/www.tele-online.com\/demarreur-progressif-demarrage-en-douceur\/#highlightblock=block_0662dcf1f4cf0b20b2c79095d1e4262f\"\n            data-block=\"headerslider\"\n        >\n                            <h2 class=\"acf-block-title\">\n                    <svg  xmlns=\"http:\/\/www.w3.org\/2000\/svg\"  width=\"24\"  height=\"24\"  viewBox=\"0 0 24 24\"  fill=\"none\"  stroke=\"currentColor\"  stroke-width=\"2\"  stroke-linecap=\"round\"  stroke-linejoin=\"round\"  class=\"icon icon-tabler icons-tabler-outline icon-tabler-align-left\"><path stroke=\"none\" d=\"M0 0h24v24H0z\" fill=\"none\"\/><path d=\"M4 6l16 0\" \/><path d=\"M4 12l10 0\" \/><path d=\"M4 18l14 0\" \/><\/svg>                    <span class=\"name\">Header Slider <\/span>\n                <\/h2>\n\n                                    <\/div>\n    \n\n        <div\n            id=\"block_d5a58498eee58fa0cb65f01bc0cafbb4\"\n            class=\"acf-block is-edit is-category-text\"\n            data-highlight=\"https:\/\/www.tele-online.com\/demarreur-progressif-demarrage-en-douceur\/#highlightblock=block_d5a58498eee58fa0cb65f01bc0cafbb4\"\n            data-block=\"textblock\"\n        >\n                            <h2 class=\"acf-block-title\">\n                    <svg  xmlns=\"http:\/\/www.w3.org\/2000\/svg\"  width=\"24\"  height=\"24\"  viewBox=\"0 0 24 24\"  fill=\"none\"  stroke=\"currentColor\"  stroke-width=\"2\"  stroke-linecap=\"round\"  stroke-linejoin=\"round\"  class=\"icon icon-tabler icons-tabler-outline icon-tabler-align-left\"><path stroke=\"none\" d=\"M0 0h24v24H0z\" fill=\"none\"\/><path d=\"M4 6l16 0\" \/><path d=\"M4 12l10 0\" \/><path d=\"M4 18l14 0\" \/><\/svg>                    <span class=\"name\">Textblock <\/span>\n                <\/h2>\n\n                                    <\/div>\n    \n\n        <div\n            id=\"block_55704b76b02a44dfd88d9fc0f8c18680\"\n            class=\"acf-block is-edit is-category-text\"\n            data-highlight=\"https:\/\/www.tele-online.com\/demarreur-progressif-demarrage-en-douceur\/#highlightblock=block_55704b76b02a44dfd88d9fc0f8c18680\"\n            data-block=\"produktkategorienteaser\"\n        >\n                            <h2 class=\"acf-block-title\">\n                    <svg  xmlns=\"http:\/\/www.w3.org\/2000\/svg\"  width=\"24\"  height=\"24\"  viewBox=\"0 0 24 24\"  fill=\"none\"  stroke=\"currentColor\"  stroke-width=\"2\"  stroke-linecap=\"round\"  stroke-linejoin=\"round\"  class=\"icon icon-tabler icons-tabler-outline icon-tabler-align-left\"><path stroke=\"none\" d=\"M0 0h24v24H0z\" fill=\"none\"\/><path d=\"M4 6l16 0\" \/><path d=\"M4 12l10 0\" \/><path d=\"M4 18l14 0\" \/><\/svg>                    <span class=\"name\">Produkt Kategorien Teaser <\/span>\n                <\/h2>\n\n                                    <\/div>\n    \n\n        <div\n            id=\"block_80c96eaa194c949e4dadc2493743cc09\"\n            class=\"acf-block is-edit is-category-text\"\n            data-highlight=\"https:\/\/www.tele-online.com\/demarreur-progressif-demarrage-en-douceur\/#highlightblock=block_80c96eaa194c949e4dadc2493743cc09\"\n            data-block=\"produkteauswahl\"\n        >\n                            <h2 class=\"acf-block-title\">\n                    <svg  xmlns=\"http:\/\/www.w3.org\/2000\/svg\"  width=\"24\"  height=\"24\"  viewBox=\"0 0 24 24\"  fill=\"none\"  stroke=\"currentColor\"  stroke-width=\"2\"  stroke-linecap=\"round\"  stroke-linejoin=\"round\"  class=\"icon icon-tabler icons-tabler-outline icon-tabler-align-left\"><path stroke=\"none\" d=\"M0 0h24v24H0z\" fill=\"none\"\/><path d=\"M4 6l16 0\" \/><path d=\"M4 12l10 0\" \/><path d=\"M4 18l14 0\" \/><\/svg>                    <span class=\"name\">Produkte Auswahl <\/span>\n                <\/h2>\n\n                                    <\/div>\n    \n\n        <div\n            id=\"block_7c81e1fceeae1c7842ebdb14382409d7\"\n            class=\"acf-block is-edit is-category-text\"\n            data-highlight=\"https:\/\/www.tele-online.com\/demarreur-progressif-demarrage-en-douceur\/#highlightblock=block_7c81e1fceeae1c7842ebdb14382409d7\"\n            data-block=\"kontaktteasermitarbeiter\"\n        >\n                            <h2 class=\"acf-block-title\">\n                    <svg  xmlns=\"http:\/\/www.w3.org\/2000\/svg\"  width=\"24\"  height=\"24\"  viewBox=\"0 0 24 24\"  fill=\"none\"  stroke=\"currentColor\"  stroke-width=\"2\"  stroke-linecap=\"round\"  stroke-linejoin=\"round\"  class=\"icon icon-tabler icons-tabler-outline icon-tabler-align-left\"><path stroke=\"none\" d=\"M0 0h24v24H0z\" fill=\"none\"\/><path d=\"M4 6l16 0\" \/><path d=\"M4 12l10 0\" \/><path d=\"M4 18l14 0\" \/><\/svg>                    <span class=\"name\">Kontakt Teaser Mitarbeiter <\/span>\n                <\/h2>\n\n                                    <\/div>\n    ","protected":false},"excerpt":{"rendered":"","protected":false},"author":45,"featured_media":767275,"parent":0,"template":"","acf":{"seo":[{"googleAuthor":"","googlePublisher":"","schemaName":"","schemaDescription":"","schemaImage":false}],"footer_link_block":false,"main_menu_ausblenden":false,"footer":{"footer_headline_powerd_by":"Powered By TELE","footer_text_powered_by":"","footer_logos":null,"footer_mylayout_logos":"normal","footer_text_oben":"<p><strong>TELE Haase Steuerger\u00e4te Ges.m.b.H.<\/strong> | Vorarlberger Allee 38 (direct access via Slamastra\u00dfe 37), 1230 Vienna | Austria<\/p>\n<p><strong>Opening Hours<\/strong>: Monday-Thursday 08:00 a.m. to 04:00 p.m. &amp; Friday 08:00 a.m. to 01:00 p.m.<\/p>\n<p><strong><a href=\"https:\/\/www.tele-online.com\/en\/contact\/\">Contact Details<\/a><\/strong><\/p>\n","footer_headline_social_media":"","footer_social_media":[{"icon":"<i class=\"icon-facebook\"><\/i>","link":"https:\/\/www.facebook.com\/TELE-Haase-Steuerger%C3%A4te-GesmbH-212293998940265\/?rf=195551397135836"},{"icon":"<i class=\"icon-linkedin\"><\/i>","link":"https:\/\/www.linkedin.com\/company\/tele-worldwide\/"},{"icon":"<i class=\"icon-youtube\"><\/i>","link":"https:\/\/www.youtube.com\/user\/telehaase\/featured"},{"icon":"<i class=\"icon-instagram\"><\/i>","link":"https:\/\/www.instagram.com\/tele_haase\/"}]},"nav_data":{"link":"","text":""},"wpmlurl":{"de":"\/","en":"\/en\/","us":"\/us\/","fr":"\/fr\/","es":"\/es\/"},"webblocks":[{"acf_fc_layout":"headerslider","acf_fc_id":"acf-block-69a23bbc1e0c3","acf_fc_style":"","flexible":false,"submenu_aktivieren":false,"slide":[{"bild":{"ID":767277,"id":767277,"title":"TELE-Softstarter-Christian","filename":"tele-softstarter-christian-scaled.jpg","filesize":161110,"url":"https:\/\/www.tele-online.com\/wp-content\/uploads\/2017\/10\/tele-softstarter-christian-scaled.jpg","link":"https:\/\/www.tele-online.com\/fr\/large-water-pumps-2\/","alt":"","author":"44","description":"TELE-Softstarter-Christian","caption":"","name":"large-water-pumps-2","status":"inherit","uploaded_to":0,"date":"2017-11-06 07:54:14","modified":"2017-11-06 07:54:14","menu_order":0,"mime_type":"image\/jpeg","type":"image","subtype":"jpeg","icon":"https:\/\/www.tele-online.com\/wp-includes\/images\/media\/default.png","width":2048,"height":1366,"sizes":{"thumbnail":"https:\/\/www.tele-online.com\/wp-content\/uploads\/2017\/10\/tele-softstarter-christian-220x220.jpg","thumbnail-width":220,"thumbnail-height":220,"medium":"https:\/\/www.tele-online.com\/wp-content\/uploads\/2017\/10\/tele-softstarter-christian-544x360.jpg","medium-width":544,"medium-height":360,"medium_large":"https:\/\/www.tele-online.com\/wp-content\/uploads\/2017\/10\/tele-softstarter-christian-768x512.jpg","medium_large-width":768,"medium_large-height":512,"large":"https:\/\/www.tele-online.com\/wp-content\/uploads\/2017\/10\/tele-softstarter-christian-780x520.jpg","large-width":780,"large-height":520,"1536x1536":"https:\/\/www.tele-online.com\/wp-content\/uploads\/2017\/10\/tele-softstarter-christian-scaled.jpg","1536x1536-width":1536,"1536x1536-height":1025,"2048x2048":"https:\/\/www.tele-online.com\/wp-content\/uploads\/2017\/10\/tele-softstarter-christian-scaled.jpg","2048x2048-width":2048,"2048x2048-height":1366,"hd":"https:\/\/www.tele-online.com\/wp-content\/uploads\/2017\/10\/tele-softstarter-christian-scaled.jpg","hd-width":1920,"hd-height":1281,"galerie":"https:\/\/www.tele-online.com\/wp-content\/uploads\/2017\/10\/tele-softstarter-christian-scaled.jpg","galerie-width":320,"galerie-height":213,"stellen":"https:\/\/www.tele-online.com\/wp-content\/uploads\/2017\/10\/tele-softstarter-christian-scaled.jpg","stellen-width":400,"stellen-height":267}},"headline":"D\u00e9marreurs progressifs","link":null,"subheadline":"Les d\u00e9marreurs progressifs de TELE offrent des fonctions de contr\u00f4le et de surveillance id\u00e9ales pour vos entra\u00eenements triphas\u00e9s jusqu'\u00e0 560kW."}],"max_hohe":"70vh"},{"acf_fc_layout":"textblock","acf_fc_id":"acf-block-69a23bbc1f781","acf_fc_style":"","flexible":false,"text":"<h2 style=\"text-align: center;\">TELE SOFTSTARTER<\/h2>\n<p style=\"text-align: center;\">Les d\u00e9marreurs progressifs de TELE offrent des fonctions de contr\u00f4le et de surveillance id\u00e9ales pour vos entra\u00eenements triphas\u00e9s jusqu&rsquo;\u00e0 560kW. Le temps de d\u00e9marrage et d&rsquo;arr\u00eat ainsi que le couple sont d\u00e9finis, ce qui permet d&rsquo;\u00e9liminer les charges d&rsquo;impact sur les convoyeurs, les ascenseurs, les pompes et l&rsquo;alimentation \u00e9lectrique, par exemple.<\/p>\n","id":"","linie_oben_einblenden":false,"linie_unten_einblenden":false,"container":"normal","hintergrund":"weis","box":false,"abstand_oben":"","abstand_unten":""},{"acf_fc_layout":"produktkategorienteaser","acf_fc_id":"acf-block-69a23bbc201c3","acf_fc_style":"","flexible":false,"layout":"3spalten","category":{"value":"9300","label":"Softstarter (Unterkategorie)"},"category_link":{"value":"2675","label":"Power Electronics"},"hintergrund":"weis","hintergrund_oben":"weis","abstand_oben":"","abstand_unten":""},{"acf_fc_layout":"produkteauswahl","acf_fc_id":"acf-block-69a23bbc20a3a","acf_fc_style":"","flexible":false,"text":"<h2 style=\"text-align: center;\">SOFTSTARTER populaires<\/h2>\n","category":"9300","funktionen":"","serien":"","text_alle_produkte":"","link_alle_produkte":"","text_verfugbare_produkte":"Produits disponibles","text_button":"Voir plus de produits","headline_case_studies":"Ces produits ou des produits similaires sont utilis\u00e9s ici","text_case_studies":"","id":"","hintergrund":"hellgruen","abstand_oben":"","abstand_unten":""},{"acf_fc_layout":"kontaktteasermitarbeiter","acf_fc_id":"acf-block-69a23bbc219ae","acf_fc_style":"","flexible":false,"headline":"Puis-je vous aider?","text":"N'h\u00e9sitez pas \u00e0 me contacter","type":"automatisch","mitarbeiter":35707,"mitarbeiter_fallback":false,"telefon":"","telefon_gastautor":"","email_gastautor":"","termin_button_text":"","termin_button_link":"","id":"","hintergrund":"weis","abstand_oben":"","abstand_unten":""}]},"yoast_head":"<!-- This site is optimized with the Yoast SEO plugin v24.5 - https:\/\/yoast.com\/wordpress\/plugins\/seo\/ -->\n<title>D\u00e9marreurs progressifs jusqu&#039;\u00e0 560kW | TELE Haase Steuerger\u00e4te GmbH<\/title>\n<meta name=\"description\" content=\"Les d\u00e9marreurs progressifs de qualit\u00e9 sup\u00e9rieure de TELE offrent des fonctions de commande et de surveillance id\u00e9ales pour vos entra\u00eenements triphas\u00e9s jusqu&#039;\u00e0 560kW.\" \/>\n<meta name=\"robots\" content=\"index, follow, max-snippet:-1, max-image-preview:large, max-video-preview:-1\" \/>\n<link rel=\"canonical\" href=\"https:\/\/www.tele-online.com\/fr\/demarreur-progressif-demarrage-en-douceur\/\" \/>\n<meta property=\"og:locale\" content=\"fr_FR\" \/>\n<meta property=\"og:type\" content=\"article\" \/>\n<meta property=\"og:title\" content=\"D\u00e9marreurs progressifs jusqu&#039;\u00e0 560kW | TELE Haase Steuerger\u00e4te GmbH\" \/>\n<meta property=\"og:description\" content=\"Les d\u00e9marreurs progressifs de qualit\u00e9 sup\u00e9rieure de TELE offrent des fonctions de commande et de surveillance id\u00e9ales pour vos entra\u00eenements triphas\u00e9s jusqu&#039;\u00e0 560kW.\" \/>\n<meta property=\"og:url\" content=\"https:\/\/www.tele-online.com\/fr\/demarreur-progressif-demarrage-en-douceur\/\" \/>\n<meta property=\"og:site_name\" content=\"Tele Haase\" \/>\n<meta property=\"article:modified_time\" content=\"2024-07-10T08:57:42+00:00\" \/>\n<meta property=\"og:image\" content=\"https:\/\/www.tele-online.com\/wp-content\/uploads\/2017\/10\/tele-christian-3.jpg\" \/>\n\t<meta property=\"og:image:width\" content=\"2000\" \/>\n\t<meta property=\"og:image:height\" content=\"1333\" \/>\n\t<meta property=\"og:image:type\" content=\"image\/jpeg\" \/>\n<meta name=\"twitter:card\" content=\"summary_large_image\" \/>\n<meta name=\"twitter:label1\" content=\"Dur\u00e9e de lecture estim\u00e9e\" \/>\n\t<meta name=\"twitter:data1\" content=\"1 minute\" \/>\n<script type=\"application\/ld+json\" class=\"yoast-schema-graph\">{\"@context\":\"https:\/\/schema.org\",\"@graph\":[{\"@type\":\"WebPage\",\"@id\":\"https:\/\/www.tele-online.com\/fr\/demarreur-progressif-demarrage-en-douceur\/\",\"url\":\"https:\/\/www.tele-online.com\/fr\/demarreur-progressif-demarrage-en-douceur\/\",\"name\":\"D\u00e9marreurs progressifs jusqu'\u00e0 560kW | TELE Haase Steuerger\u00e4te GmbH\",\"isPartOf\":{\"@id\":\"https:\/\/www.tele-online.com\/fr\/#website\"},\"primaryImageOfPage\":{\"@id\":\"https:\/\/www.tele-online.com\/fr\/demarreur-progressif-demarrage-en-douceur\/#primaryimage\"},\"image\":{\"@id\":\"https:\/\/www.tele-online.com\/fr\/demarreur-progressif-demarrage-en-douceur\/#primaryimage\"},\"thumbnailUrl\":\"https:\/\/www.tele-online.com\/wp-content\/uploads\/2017\/10\/tele-christian-3.jpg\",\"datePublished\":\"2024-06-13T08:47:43+00:00\",\"dateModified\":\"2024-07-10T08:57:42+00:00\",\"description\":\"Les d\u00e9marreurs progressifs de qualit\u00e9 sup\u00e9rieure de TELE offrent des fonctions de commande et de surveillance id\u00e9ales pour vos entra\u00eenements triphas\u00e9s jusqu'\u00e0 560kW.\",\"breadcrumb\":{\"@id\":\"https:\/\/www.tele-online.com\/fr\/demarreur-progressif-demarrage-en-douceur\/#breadcrumb\"},\"inLanguage\":\"fr-FR\",\"potentialAction\":[{\"@type\":\"ReadAction\",\"target\":[\"https:\/\/www.tele-online.com\/fr\/demarreur-progressif-demarrage-en-douceur\/\"]}]},{\"@type\":\"ImageObject\",\"inLanguage\":\"fr-FR\",\"@id\":\"https:\/\/www.tele-online.com\/fr\/demarreur-progressif-demarrage-en-douceur\/#primaryimage\",\"url\":\"https:\/\/www.tele-online.com\/wp-content\/uploads\/2017\/10\/tele-christian-3.jpg\",\"contentUrl\":\"https:\/\/www.tele-online.com\/wp-content\/uploads\/2017\/10\/tele-christian-3.jpg\",\"width\":2000,\"height\":1333},{\"@type\":\"BreadcrumbList\",\"@id\":\"https:\/\/www.tele-online.com\/fr\/demarreur-progressif-demarrage-en-douceur\/#breadcrumb\",\"itemListElement\":[{\"@type\":\"ListItem\",\"position\":1,\"name\":\"Startseite\",\"item\":\"https:\/\/www.tele-online.com\/fr\/\"},{\"@type\":\"ListItem\",\"position\":2,\"name\":\"D\u00e9marreur progressif \/ D\u00e9marrage en douceur\"}]},{\"@type\":\"WebSite\",\"@id\":\"https:\/\/www.tele-online.com\/fr\/#website\",\"url\":\"https:\/\/www.tele-online.com\/fr\/\",\"name\":\"Tele Haase\",\"description\":\"Your Smart Factory\",\"potentialAction\":[{\"@type\":\"SearchAction\",\"target\":{\"@type\":\"EntryPoint\",\"urlTemplate\":\"https:\/\/www.tele-online.com\/fr\/?s={search_term_string}\"},\"query-input\":{\"@type\":\"PropertyValueSpecification\",\"valueRequired\":true,\"valueName\":\"search_term_string\"}}],\"inLanguage\":\"fr-FR\"}]}<\/script>\n<!-- \/ Yoast SEO plugin. -->","yoast_head_json":{"title":"D\u00e9marreurs progressifs jusqu'\u00e0 560kW | TELE Haase Steuerger\u00e4te GmbH","description":"Les d\u00e9marreurs progressifs de qualit\u00e9 sup\u00e9rieure de TELE offrent des fonctions de commande et de surveillance id\u00e9ales pour vos entra\u00eenements triphas\u00e9s jusqu'\u00e0 560kW.","robots":{"index":"index","follow":"follow","max-snippet":"max-snippet:-1","max-image-preview":"max-image-preview:large","max-video-preview":"max-video-preview:-1"},"canonical":"https:\/\/www.tele-online.com\/fr\/demarreur-progressif-demarrage-en-douceur\/","og_locale":"fr_FR","og_type":"article","og_title":"D\u00e9marreurs progressifs jusqu'\u00e0 560kW | TELE Haase Steuerger\u00e4te GmbH","og_description":"Les d\u00e9marreurs progressifs de qualit\u00e9 sup\u00e9rieure de TELE offrent des fonctions de commande et de surveillance id\u00e9ales pour vos entra\u00eenements triphas\u00e9s jusqu'\u00e0 560kW.","og_url":"https:\/\/www.tele-online.com\/fr\/demarreur-progressif-demarrage-en-douceur\/","og_site_name":"Tele Haase","article_modified_time":"2024-07-10T08:57:42+00:00","og_image":[{"width":2000,"height":1333,"url":"https:\/\/www.tele-online.com\/wp-content\/uploads\/2017\/10\/tele-christian-3.jpg","type":"image\/jpeg"}],"twitter_card":"summary_large_image","twitter_misc":{"Dur\u00e9e de lecture estim\u00e9e":"1 minute"},"schema":{"@context":"https:\/\/schema.org","@graph":[{"@type":"WebPage","@id":"https:\/\/www.tele-online.com\/fr\/demarreur-progressif-demarrage-en-douceur\/","url":"https:\/\/www.tele-online.com\/fr\/demarreur-progressif-demarrage-en-douceur\/","name":"D\u00e9marreurs progressifs jusqu'\u00e0 560kW | TELE Haase Steuerger\u00e4te GmbH","isPartOf":{"@id":"https:\/\/www.tele-online.com\/fr\/#website"},"primaryImageOfPage":{"@id":"https:\/\/www.tele-online.com\/fr\/demarreur-progressif-demarrage-en-douceur\/#primaryimage"},"image":{"@id":"https:\/\/www.tele-online.com\/fr\/demarreur-progressif-demarrage-en-douceur\/#primaryimage"},"thumbnailUrl":"https:\/\/www.tele-online.com\/wp-content\/uploads\/2017\/10\/tele-christian-3.jpg","datePublished":"2024-06-13T08:47:43+00:00","dateModified":"2024-07-10T08:57:42+00:00","description":"Les d\u00e9marreurs progressifs de qualit\u00e9 sup\u00e9rieure de TELE offrent des fonctions de commande et de surveillance id\u00e9ales pour vos entra\u00eenements triphas\u00e9s jusqu'\u00e0 560kW.","breadcrumb":{"@id":"https:\/\/www.tele-online.com\/fr\/demarreur-progressif-demarrage-en-douceur\/#breadcrumb"},"inLanguage":"fr-FR","potentialAction":[{"@type":"ReadAction","target":["https:\/\/www.tele-online.com\/fr\/demarreur-progressif-demarrage-en-douceur\/"]}]},{"@type":"ImageObject","inLanguage":"fr-FR","@id":"https:\/\/www.tele-online.com\/fr\/demarreur-progressif-demarrage-en-douceur\/#primaryimage","url":"https:\/\/www.tele-online.com\/wp-content\/uploads\/2017\/10\/tele-christian-3.jpg","contentUrl":"https:\/\/www.tele-online.com\/wp-content\/uploads\/2017\/10\/tele-christian-3.jpg","width":2000,"height":1333},{"@type":"BreadcrumbList","@id":"https:\/\/www.tele-online.com\/fr\/demarreur-progressif-demarrage-en-douceur\/#breadcrumb","itemListElement":[{"@type":"ListItem","position":1,"name":"Startseite","item":"https:\/\/www.tele-online.com\/fr\/"},{"@type":"ListItem","position":2,"name":"D\u00e9marreur progressif \/ D\u00e9marrage en douceur"}]},{"@type":"WebSite","@id":"https:\/\/www.tele-online.com\/fr\/#website","url":"https:\/\/www.tele-online.com\/fr\/","name":"Tele Haase","description":"Your Smart Factory","potentialAction":[{"@type":"SearchAction","target":{"@type":"EntryPoint","urlTemplate":"https:\/\/www.tele-online.com\/fr\/?s={search_term_string}"},"query-input":{"@type":"PropertyValueSpecification","valueRequired":true,"valueName":"search_term_string"}}],"inLanguage":"fr-FR"}]}},"yoast_data":{"yoast_wpseo_canonical":"https:\/\/www.tele-online.com\/fr\/demarreur-progressif-demarrage-en-douceur\/","yoast_wpseo_opengraph_image":"https:\/\/www.tele-online.com\/wp-content\/uploads\/2017\/10\/tele-christian-3.jpg","yoast_wpseo_metadesc":"Les d\u00e9marreurs progressifs de qualit\u00e9 sup\u00e9rieure de TELE offrent des fonctions de commande et de surveillance id\u00e9ales pour vos entra\u00eenements triphas\u00e9s jusqu'\u00e0 560kW.","yoast_wpseo_meta_robots_noindex":"","yoast_wpseo_meta_robots_nofollow":""},"footer_links":null,"yoasttitle":"D\u00e9marreurs progressifs jusqu'\u00e0 560kW | TELE Haase Steuerger\u00e4te GmbH","yoast_title":"D\u00e9marreurs progressifs jusqu&#039;\u00e0 560kW | TELE Haase Steuerger\u00e4te GmbH","yoast_meta":[{"name":"description","content":"Les d\u00e9marreurs progressifs de qualit\u00e9 sup\u00e9rieure de TELE offrent des fonctions de commande et de surveillance id\u00e9ales pour vos entra\u00eenements triphas\u00e9s jusqu&#039;\u00e0 560kW."},{"name":"robots","content":"index, follow, max-snippet:-1, max-image-preview:large, max-video-preview:-1"},{"property":"og:locale","content":"fr_FR"},{"property":"og:type","content":"article"},{"property":"og:title","content":"D\u00e9marreurs progressifs jusqu&#039;\u00e0 560kW | TELE Haase Steuerger\u00e4te GmbH"},{"property":"og:description","content":"Les d\u00e9marreurs progressifs de qualit\u00e9 sup\u00e9rieure de TELE offrent des fonctions de commande et de surveillance id\u00e9ales pour vos entra\u00eenements triphas\u00e9s jusqu&#039;\u00e0 560kW."},{"property":"og:url","content":"https:\/\/www.tele-online.com\/fr\/demarreur-progressif-demarrage-en-douceur\/"},{"property":"og:site_name","content":"Tele Haase"},{"property":"article:modified_time","content":"2024-07-10T08:57:42+00:00"},{"property":"og:image","content":"https:\/\/www.tele-online.com\/wp-content\/uploads\/2017\/10\/tele-christian-3.jpg"},{"property":"og:image:width","content":"2000"},{"property":"og:image:height","content":"1333"},{"property":"og:image:type","content":"image\/jpeg"},{"name":"twitter:card","content":"summary_large_image"},{"name":"twitter:label1","content":"Dur\u00e9e de lecture estim\u00e9e"},{"name":"twitter:data1","content":"1 minute"},{"name":"robots","content":"index, follow, max-image-preview:large, max-snippet:-1, max-video-preview:-1"}],"yoast_json_ld":[{"@context":"https:\/\/schema.org","@graph":[{"@type":"WebPage","@id":"https:\/\/www.tele-online.com\/fr\/demarreur-progressif-demarrage-en-douceur\/","url":"https:\/\/www.tele-online.com\/fr\/demarreur-progressif-demarrage-en-douceur\/","name":"D&eacute;marreurs progressifs jusqu'&agrave; 560kW | TELE Haase Steuerger&auml;te GmbH","isPartOf":{"@id":"https:\/\/www.tele-online.com\/fr\/#website"},"primaryImageOfPage":{"@id":"https:\/\/www.tele-online.com\/fr\/demarreur-progressif-demarrage-en-douceur\/#primaryimage"},"image":{"@id":"https:\/\/www.tele-online.com\/fr\/demarreur-progressif-demarrage-en-douceur\/#primaryimage"},"thumbnailUrl":"https:\/\/www.tele-online.com\/wp-content\/uploads\/2017\/10\/tele-christian-3.jpg","datePublished":"2024-06-13T08:47:43+00:00","dateModified":"2024-07-10T08:57:42+00:00","description":"Les d&eacute;marreurs progressifs de qualit&eacute; sup&eacute;rieure de TELE offrent des fonctions de commande et de surveillance id&eacute;ales pour vos entra&icirc;nements triphas&eacute;s jusqu'&agrave; 560kW.","breadcrumb":{"@id":"https:\/\/www.tele-online.com\/fr\/demarreur-progressif-demarrage-en-douceur\/#breadcrumb"},"inLanguage":"fr-FR","potentialAction":[{"@type":"ReadAction","target":["https:\/\/www.tele-online.com\/fr\/demarreur-progressif-demarrage-en-douceur\/"]}]},{"@type":"ImageObject","inLanguage":"fr-FR","@id":"https:\/\/www.tele-online.com\/fr\/demarreur-progressif-demarrage-en-douceur\/#primaryimage","url":"https:\/\/www.tele-online.com\/wp-content\/uploads\/2017\/10\/tele-christian-3.jpg","contentUrl":"https:\/\/www.tele-online.com\/wp-content\/uploads\/2017\/10\/tele-christian-3.jpg","width":2000,"height":1333},{"@type":"BreadcrumbList","@id":"https:\/\/www.tele-online.com\/fr\/demarreur-progressif-demarrage-en-douceur\/#breadcrumb","itemListElement":[{"@type":"ListItem","position":1,"name":"Startseite","item":"https:\/\/www.tele-online.com\/fr\/"},{"@type":"ListItem","position":2,"name":"D&eacute;marreur progressif \/ D&eacute;marrage en douceur"}]},{"@type":"WebSite","@id":"https:\/\/www.tele-online.com\/fr\/#website","url":"https:\/\/www.tele-online.com\/fr\/","name":"Tele Haase","description":"Your Smart Factory","potentialAction":[{"@type":"SearchAction","target":{"@type":"EntryPoint","urlTemplate":"https:\/\/www.tele-online.com\/fr\/?s={search_term_string}"},"query-input":{"@type":"PropertyValueSpecification","valueRequired":true,"valueName":"search_term_string"}}],"inLanguage":"fr-FR"}]}],"_links":{"self":[{"href":"https:\/\/www.tele-online.com\/fr\/wp-json\/wp\/v2\/pages\/789925"}],"collection":[{"href":"https:\/\/www.tele-online.com\/fr\/wp-json\/wp\/v2\/pages"}],"about":[{"href":"https:\/\/www.tele-online.com\/fr\/wp-json\/wp\/v2\/types\/page"}],"author":[{"embeddable":true,"href":"https:\/\/www.tele-online.com\/fr\/wp-json\/wp\/v2\/users\/45"}],"replies":[{"embeddable":true,"href":"https:\/\/www.tele-online.com\/fr\/wp-json\/wp\/v2\/comments?post=789925"}],"version-history":[{"count":2,"href":"https:\/\/www.tele-online.com\/fr\/wp-json\/wp\/v2\/pages\/789925\/revisions"}],"predecessor-version":[{"id":796016,"href":"https:\/\/www.tele-online.com\/fr\/wp-json\/wp\/v2\/pages\/789925\/revisions\/796016"}],"wp:featuredmedia":[{"embeddable":true,"href":"https:\/\/www.tele-online.com\/fr\/wp-json\/wp\/v2\/media\/767275"}],"wp:attachment":[{"href":"https:\/\/www.tele-online.com\/fr\/wp-json\/wp\/v2\/media?parent=789925"}],"curies":[{"name":"wp","href":"https:\/\/api.w.org\/{rel}","templated":true}]}}