{"id":789911,"date":"2024-06-13T10:44:16","modified":"2024-06-13T10:44:18","slug":"conditions-de-rma","status":"publish","type":"page","link":"https:\/\/www.tele-online.com\/fr\/conditions-de-rma\/","title":{"rendered":"Conditions de RMA"},"content":{"rendered":"        <div\n            id=\"block_11734583d6a04591f31cc6f4479ef820\"\n            class=\"acf-block is-edit is-category-text\"\n            data-highlight=\"https:\/\/www.tele-online.com\/conditions-de-rma\/#highlightblock=block_11734583d6a04591f31cc6f4479ef820\"\n            data-block=\"headerslider\"\n        >\n                            <h2 class=\"acf-block-title\">\n                    <svg  xmlns=\"http:\/\/www.w3.org\/2000\/svg\"  width=\"24\"  height=\"24\"  viewBox=\"0 0 24 24\"  fill=\"none\"  stroke=\"currentColor\"  stroke-width=\"2\"  stroke-linecap=\"round\"  stroke-linejoin=\"round\"  class=\"icon icon-tabler icons-tabler-outline icon-tabler-align-left\"><path stroke=\"none\" d=\"M0 0h24v24H0z\" fill=\"none\"\/><path d=\"M4 6l16 0\" \/><path d=\"M4 12l10 0\" \/><path d=\"M4 18l14 0\" \/><\/svg>                    <span class=\"name\">Header Slider <\/span>\n                <\/h2>\n\n                                    <\/div>\n            <div\n            id=\"block_1835b568efea3a3428ccfcfebccc40b7\"\n            class=\"acf-block is-edit is-category-text\"\n            data-highlight=\"https:\/\/www.tele-online.com\/conditions-de-rma\/#highlightblock=block_1835b568efea3a3428ccfcfebccc40b7\"\n            data-block=\"textblock\"\n        >\n                            <h2 class=\"acf-block-title\">\n                    <svg  xmlns=\"http:\/\/www.w3.org\/2000\/svg\"  width=\"24\"  height=\"24\"  viewBox=\"0 0 24 24\"  fill=\"none\"  stroke=\"currentColor\"  stroke-width=\"2\"  stroke-linecap=\"round\"  stroke-linejoin=\"round\"  class=\"icon icon-tabler icons-tabler-outline icon-tabler-align-left\"><path stroke=\"none\" d=\"M0 0h24v24H0z\" fill=\"none\"\/><path d=\"M4 6l16 0\" \/><path d=\"M4 12l10 0\" \/><path d=\"M4 18l14 0\" \/><\/svg>                    <span class=\"name\">Textblock <\/span>\n                <\/h2>\n\n                                    <\/div>\n    ","protected":false},"excerpt":{"rendered":"","protected":false},"author":50,"featured_media":0,"parent":0,"template":"","acf":{"seo":[{"googleAuthor":"","googlePublisher":"","schemaName":"","schemaDescription":"","schemaImage":false}],"footer":{"footer_headline_powerd_by":"Powered By TELE","footer_text_powered_by":"","footer_logos":null,"footer_mylayout_logos":"normal","footer_text_oben":"<p><strong>TELE Haase Steuerger\u00e4te Ges.m.b.H.<\/strong> | Vorarlberger Allee 38 (direct access via Slamastra\u00dfe 37), 1230 Vienna | Austria<\/p>\n<p><strong>Opening Hours<\/strong>: Monday-Thursday 08:00 a.m. to 04:00 p.m. &amp; Friday 08:00 a.m. to 01:00 p.m.<\/p>\n<p><strong><a href=\"https:\/\/www.tele-online.com\/en\/contact\/\">Contact Details<\/a><\/strong><\/p>\n","footer_headline_social_media":"","footer_social_media":[{"icon":"<i class=\"icon-facebook\"><\/i>","link":"https:\/\/www.facebook.com\/TELE-Haase-Steuerger%C3%A4te-GesmbH-212293998940265\/?rf=195551397135836"},{"icon":"<i class=\"icon-linkedin\"><\/i>","link":"https:\/\/www.linkedin.com\/company\/tele-worldwide\/"},{"icon":"<i class=\"icon-youtube\"><\/i>","link":"https:\/\/www.youtube.com\/user\/telehaase\/featured"},{"icon":"<i class=\"icon-instagram\"><\/i>","link":"https:\/\/www.instagram.com\/tele_haase\/"}]},"nav_data":{"link":"","text":""},"wpmlurl":{"de":"\/","en":"\/en\/","us":"\/us\/","fr":"\/fr\/","es":"\/es\/"},"webblocks":[{"acf_fc_layout":"headerslider","acf_fc_id":"acf-block-69a23bbe2727b","acf_fc_style":"","flexible":false,"submenu_aktivieren":false,"slide":[{"bild":{"ID":766798,"id":766798,"title":"20161121-Lehrlingsshooting-TELE-80","filename":"20161121-lehrlingsshooting-tele-80.jpg","filesize":54479,"url":"https:\/\/www.tele-online.com\/wp-content\/uploads\/2013\/10\/20161121-lehrlingsshooting-tele-80.jpg","link":"https:\/\/www.tele-online.com\/fr\/20161121-lehrlingsshooting-tele-80-2\/","alt":"","author":"44","description":"","caption":"","name":"20161121-lehrlingsshooting-tele-80-2","status":"inherit","uploaded_to":0,"date":"2016-11-21 16:11:47","modified":"2016-11-21 16:11:47","menu_order":0,"mime_type":"image\/jpeg","type":"image","subtype":"jpeg","icon":"https:\/\/www.tele-online.com\/wp-includes\/images\/media\/default.png","width":1400,"height":933,"sizes":{"thumbnail":"https:\/\/www.tele-online.com\/wp-content\/uploads\/2013\/10\/20161121-lehrlingsshooting-tele-80-220x220.jpg","thumbnail-width":220,"thumbnail-height":220,"medium":"https:\/\/www.tele-online.com\/wp-content\/uploads\/2013\/10\/20161121-lehrlingsshooting-tele-80-544x360.jpg","medium-width":544,"medium-height":360,"medium_large":"https:\/\/www.tele-online.com\/wp-content\/uploads\/2013\/10\/20161121-lehrlingsshooting-tele-80-768x512.jpg","medium_large-width":768,"medium_large-height":512,"large":"https:\/\/www.tele-online.com\/wp-content\/uploads\/2013\/10\/20161121-lehrlingsshooting-tele-80-780x520.jpg","large-width":780,"large-height":520,"1536x1536":"https:\/\/www.tele-online.com\/wp-content\/uploads\/2013\/10\/20161121-lehrlingsshooting-tele-80.jpg","1536x1536-width":1400,"1536x1536-height":933,"2048x2048":"https:\/\/www.tele-online.com\/wp-content\/uploads\/2013\/10\/20161121-lehrlingsshooting-tele-80.jpg","2048x2048-width":1400,"2048x2048-height":933,"hd":"https:\/\/www.tele-online.com\/wp-content\/uploads\/2013\/10\/20161121-lehrlingsshooting-tele-80.jpg","hd-width":1400,"hd-height":933,"galerie":"https:\/\/www.tele-online.com\/wp-content\/uploads\/2013\/10\/20161121-lehrlingsshooting-tele-80.jpg","galerie-width":320,"galerie-height":213,"stellen":"https:\/\/www.tele-online.com\/wp-content\/uploads\/2013\/10\/20161121-lehrlingsshooting-tele-80.jpg","stellen-width":400,"stellen-height":267}},"headline":"Conditions de RMA","link":null,"subheadline":"Vous trouverez ici les conditions TELE pour les envois de r\u00e9paration.  "}],"max_hohe":"70vh"},{"acf_fc_layout":"textblock","acf_fc_id":"acf-block-69a23bbe28605","acf_fc_style":"","flexible":false,"text":"<h2 class=\"en_heading en_heading--h2 en_mdl_heading__heading\" style=\"text-align: center;\">Conditions de RMA<\/h2>\n<div class=\"en_mdl_heading__meta en_mdl_heading__text en_wysiwyg\">\n<ul>\n<li style=\"text-align: left;\">Veuillez confirmer l&rsquo;exactitude de vos informations en cochant les cases lors de la cl\u00f4ture du formulaire RMA en ligne.<\/li>\n<li style=\"text-align: left;\">Si vous envoyez plusieurs appareils avec des erreurs diff\u00e9rentes, veuillez utiliser une position distincte pour chaque appareil dans le formulaire en ligne.<\/li>\n<li style=\"text-align: left;\">En cas d&rsquo;utilisation\/d&rsquo;installation incorrecte, des frais de remboursement de 50,- \u20ac seront factur\u00e9s s&rsquo;il n&rsquo;y a pas de r\u00e9clamation justifi\u00e9e au titre de la garantie.<\/li>\n<li style=\"text-align: left;\">Si les droits de garantie ont d\u00e9j\u00e0 expir\u00e9, des frais de traitement d&rsquo;au moins 100,- \u20ac (hors frais d&rsquo;exp\u00e9dition et de r\u00e9paration) seront appliqu\u00e9s.<\/li>\n<\/ul>\n<\/div>\n","id":"","linie_oben_einblenden":false,"linie_unten_einblenden":false,"container":"normal","hintergrund":"weis","box":false,"abstand_oben":"","abstand_unten":""}]},"yoast_head":"<!-- This site is optimized with the Yoast SEO plugin v24.5 - https:\/\/yoast.com\/wordpress\/plugins\/seo\/ -->\n<title>Conditions de RMA - Tele Haase<\/title>\n<meta name=\"description\" content=\"Conditions RMA chez TELE\" \/>\n<meta name=\"robots\" content=\"index, follow, max-snippet:-1, max-image-preview:large, max-video-preview:-1\" \/>\n<link rel=\"canonical\" href=\"https:\/\/www.tele-online.com\/fr\/conditions-de-rma\/\" \/>\n<meta property=\"og:locale\" content=\"fr_FR\" \/>\n<meta property=\"og:type\" content=\"article\" \/>\n<meta property=\"og:title\" content=\"Conditions de RMA - Tele Haase\" \/>\n<meta property=\"og:description\" content=\"Conditions RMA chez TELE\" \/>\n<meta property=\"og:url\" content=\"https:\/\/www.tele-online.com\/fr\/conditions-de-rma\/\" \/>\n<meta property=\"og:site_name\" content=\"Tele Haase\" \/>\n<meta property=\"article:modified_time\" content=\"2024-06-13T08:44:18+00:00\" \/>\n<meta name=\"twitter:card\" content=\"summary_large_image\" \/>\n<script type=\"application\/ld+json\" class=\"yoast-schema-graph\">{\"@context\":\"https:\/\/schema.org\",\"@graph\":[{\"@type\":\"WebPage\",\"@id\":\"https:\/\/www.tele-online.com\/fr\/conditions-de-rma\/\",\"url\":\"https:\/\/www.tele-online.com\/fr\/conditions-de-rma\/\",\"name\":\"Conditions de RMA - Tele Haase\",\"isPartOf\":{\"@id\":\"https:\/\/www.tele-online.com\/fr\/#website\"},\"datePublished\":\"2024-06-13T08:44:16+00:00\",\"dateModified\":\"2024-06-13T08:44:18+00:00\",\"description\":\"Conditions RMA chez TELE\",\"breadcrumb\":{\"@id\":\"https:\/\/www.tele-online.com\/fr\/conditions-de-rma\/#breadcrumb\"},\"inLanguage\":\"fr-FR\",\"potentialAction\":[{\"@type\":\"ReadAction\",\"target\":[\"https:\/\/www.tele-online.com\/fr\/conditions-de-rma\/\"]}]},{\"@type\":\"BreadcrumbList\",\"@id\":\"https:\/\/www.tele-online.com\/fr\/conditions-de-rma\/#breadcrumb\",\"itemListElement\":[{\"@type\":\"ListItem\",\"position\":1,\"name\":\"Startseite\",\"item\":\"https:\/\/www.tele-online.com\/fr\/\"},{\"@type\":\"ListItem\",\"position\":2,\"name\":\"Conditions de RMA\"}]},{\"@type\":\"WebSite\",\"@id\":\"https:\/\/www.tele-online.com\/fr\/#website\",\"url\":\"https:\/\/www.tele-online.com\/fr\/\",\"name\":\"Tele Haase\",\"description\":\"Your Smart Factory\",\"potentialAction\":[{\"@type\":\"SearchAction\",\"target\":{\"@type\":\"EntryPoint\",\"urlTemplate\":\"https:\/\/www.tele-online.com\/fr\/?s={search_term_string}\"},\"query-input\":{\"@type\":\"PropertyValueSpecification\",\"valueRequired\":true,\"valueName\":\"search_term_string\"}}],\"inLanguage\":\"fr-FR\"}]}<\/script>\n<!-- \/ Yoast SEO plugin. -->","yoast_head_json":{"title":"Conditions de RMA - Tele Haase","description":"Conditions RMA chez TELE","robots":{"index":"index","follow":"follow","max-snippet":"max-snippet:-1","max-image-preview":"max-image-preview:large","max-video-preview":"max-video-preview:-1"},"canonical":"https:\/\/www.tele-online.com\/fr\/conditions-de-rma\/","og_locale":"fr_FR","og_type":"article","og_title":"Conditions de RMA - Tele Haase","og_description":"Conditions RMA chez TELE","og_url":"https:\/\/www.tele-online.com\/fr\/conditions-de-rma\/","og_site_name":"Tele Haase","article_modified_time":"2024-06-13T08:44:18+00:00","twitter_card":"summary_large_image","schema":{"@context":"https:\/\/schema.org","@graph":[{"@type":"WebPage","@id":"https:\/\/www.tele-online.com\/fr\/conditions-de-rma\/","url":"https:\/\/www.tele-online.com\/fr\/conditions-de-rma\/","name":"Conditions de RMA - Tele Haase","isPartOf":{"@id":"https:\/\/www.tele-online.com\/fr\/#website"},"datePublished":"2024-06-13T08:44:16+00:00","dateModified":"2024-06-13T08:44:18+00:00","description":"Conditions RMA chez TELE","breadcrumb":{"@id":"https:\/\/www.tele-online.com\/fr\/conditions-de-rma\/#breadcrumb"},"inLanguage":"fr-FR","potentialAction":[{"@type":"ReadAction","target":["https:\/\/www.tele-online.com\/fr\/conditions-de-rma\/"]}]},{"@type":"BreadcrumbList","@id":"https:\/\/www.tele-online.com\/fr\/conditions-de-rma\/#breadcrumb","itemListElement":[{"@type":"ListItem","position":1,"name":"Startseite","item":"https:\/\/www.tele-online.com\/fr\/"},{"@type":"ListItem","position":2,"name":"Conditions de RMA"}]},{"@type":"WebSite","@id":"https:\/\/www.tele-online.com\/fr\/#website","url":"https:\/\/www.tele-online.com\/fr\/","name":"Tele Haase","description":"Your Smart Factory","potentialAction":[{"@type":"SearchAction","target":{"@type":"EntryPoint","urlTemplate":"https:\/\/www.tele-online.com\/fr\/?s={search_term_string}"},"query-input":{"@type":"PropertyValueSpecification","valueRequired":true,"valueName":"search_term_string"}}],"inLanguage":"fr-FR"}]}},"yoast_data":{"yoast_wpseo_canonical":"https:\/\/www.tele-online.com\/fr\/conditions-de-rma\/","yoast_wpseo_opengraph_image":false,"yoast_wpseo_metadesc":"Conditions RMA chez TELE","yoast_wpseo_meta_robots_noindex":"","yoast_wpseo_meta_robots_nofollow":""},"footer_links":null,"yoasttitle":"Conditions de RMA - Tele Haase","yoast_title":"Conditions de RMA - Tele Haase","yoast_meta":[{"name":"description","content":"Conditions RMA chez TELE"},{"name":"robots","content":"index, follow, max-snippet:-1, max-image-preview:large, max-video-preview:-1"},{"property":"og:locale","content":"fr_FR"},{"property":"og:type","content":"article"},{"property":"og:title","content":"Conditions de RMA - Tele Haase"},{"property":"og:description","content":"Conditions RMA chez TELE"},{"property":"og:url","content":"https:\/\/www.tele-online.com\/fr\/conditions-de-rma\/"},{"property":"og:site_name","content":"Tele Haase"},{"property":"article:modified_time","content":"2024-06-13T08:44:18+00:00"},{"name":"twitter:card","content":"summary_large_image"},{"name":"robots","content":"index, follow, max-image-preview:large, max-snippet:-1, max-video-preview:-1"}],"yoast_json_ld":[{"@context":"https:\/\/schema.org","@graph":[{"@type":"WebPage","@id":"https:\/\/www.tele-online.com\/fr\/conditions-de-rma\/","url":"https:\/\/www.tele-online.com\/fr\/conditions-de-rma\/","name":"Conditions de RMA - Tele Haase","isPartOf":{"@id":"https:\/\/www.tele-online.com\/fr\/#website"},"datePublished":"2024-06-13T08:44:16+00:00","dateModified":"2024-06-13T08:44:18+00:00","description":"Conditions RMA chez TELE","breadcrumb":{"@id":"https:\/\/www.tele-online.com\/fr\/conditions-de-rma\/#breadcrumb"},"inLanguage":"fr-FR","potentialAction":[{"@type":"ReadAction","target":["https:\/\/www.tele-online.com\/fr\/conditions-de-rma\/"]}]},{"@type":"BreadcrumbList","@id":"https:\/\/www.tele-online.com\/fr\/conditions-de-rma\/#breadcrumb","itemListElement":[{"@type":"ListItem","position":1,"name":"Startseite","item":"https:\/\/www.tele-online.com\/fr\/"},{"@type":"ListItem","position":2,"name":"Conditions de RMA"}]},{"@type":"WebSite","@id":"https:\/\/www.tele-online.com\/fr\/#website","url":"https:\/\/www.tele-online.com\/fr\/","name":"Tele Haase","description":"Your Smart Factory","potentialAction":[{"@type":"SearchAction","target":{"@type":"EntryPoint","urlTemplate":"https:\/\/www.tele-online.com\/fr\/?s={search_term_string}"},"query-input":{"@type":"PropertyValueSpecification","valueRequired":true,"valueName":"search_term_string"}}],"inLanguage":"fr-FR"}]}],"_links":{"self":[{"href":"https:\/\/www.tele-online.com\/fr\/wp-json\/wp\/v2\/pages\/789911"}],"collection":[{"href":"https:\/\/www.tele-online.com\/fr\/wp-json\/wp\/v2\/pages"}],"about":[{"href":"https:\/\/www.tele-online.com\/fr\/wp-json\/wp\/v2\/types\/page"}],"author":[{"embeddable":true,"href":"https:\/\/www.tele-online.com\/fr\/wp-json\/wp\/v2\/users\/50"}],"replies":[{"embeddable":true,"href":"https:\/\/www.tele-online.com\/fr\/wp-json\/wp\/v2\/comments?post=789911"}],"version-history":[{"count":1,"href":"https:\/\/www.tele-online.com\/fr\/wp-json\/wp\/v2\/pages\/789911\/revisions"}],"predecessor-version":[{"id":789912,"href":"https:\/\/www.tele-online.com\/fr\/wp-json\/wp\/v2\/pages\/789911\/revisions\/789912"}],"wp:attachment":[{"href":"https:\/\/www.tele-online.com\/fr\/wp-json\/wp\/v2\/media?parent=789911"}],"curies":[{"name":"wp","href":"https:\/\/api.w.org\/{rel}","templated":true}]}}