{"id":789907,"date":"2024-06-13T10:43:39","modified":"2024-06-13T10:43:41","slug":"service-rma","status":"publish","type":"page","link":"https:\/\/www.tele-online.com\/fr\/service-rma\/","title":{"rendered":"Service RMA"},"content":{"rendered":"        <div\n            id=\"block_ff90d4ddf63e5af9d0aa34295584c515\"\n            class=\"acf-block is-edit is-category-text\"\n            data-highlight=\"https:\/\/www.tele-online.com\/service-rma\/#highlightblock=block_ff90d4ddf63e5af9d0aa34295584c515\"\n            data-block=\"headerslider\"\n        >\n                            <h2 class=\"acf-block-title\">\n                    <svg  xmlns=\"http:\/\/www.w3.org\/2000\/svg\"  width=\"24\"  height=\"24\"  viewBox=\"0 0 24 24\"  fill=\"none\"  stroke=\"currentColor\"  stroke-width=\"2\"  stroke-linecap=\"round\"  stroke-linejoin=\"round\"  class=\"icon icon-tabler icons-tabler-outline icon-tabler-align-left\"><path stroke=\"none\" d=\"M0 0h24v24H0z\" fill=\"none\"\/><path d=\"M4 6l16 0\" \/><path d=\"M4 12l10 0\" \/><path d=\"M4 18l14 0\" \/><\/svg>                    <span class=\"name\">Header Slider <\/span>\n                <\/h2>\n\n                                    <\/div>\n            <div\n            id=\"block_3fa8c0ca0efa4e14e3165a6092ad7e8d\"\n            class=\"acf-block is-edit is-category-text\"\n            data-highlight=\"https:\/\/www.tele-online.com\/service-rma\/#highlightblock=block_3fa8c0ca0efa4e14e3165a6092ad7e8d\"\n            data-block=\"textblock\"\n        >\n                            <h2 class=\"acf-block-title\">\n                    <svg  xmlns=\"http:\/\/www.w3.org\/2000\/svg\"  width=\"24\"  height=\"24\"  viewBox=\"0 0 24 24\"  fill=\"none\"  stroke=\"currentColor\"  stroke-width=\"2\"  stroke-linecap=\"round\"  stroke-linejoin=\"round\"  class=\"icon icon-tabler icons-tabler-outline icon-tabler-align-left\"><path stroke=\"none\" d=\"M0 0h24v24H0z\" fill=\"none\"\/><path d=\"M4 6l16 0\" \/><path d=\"M4 12l10 0\" \/><path d=\"M4 18l14 0\" \/><\/svg>                    <span class=\"name\">Textblock <\/span>\n                <\/h2>\n\n                                    <\/div>\n            <div\n            id=\"block_24a5a288c4f13ab75f8e8523a29797fb\"\n            class=\"acf-block is-edit is-category-text\"\n            data-highlight=\"https:\/\/www.tele-online.com\/service-rma\/#highlightblock=block_24a5a288c4f13ab75f8e8523a29797fb\"\n            data-block=\"reklamationsformularneu\"\n        >\n                            <h2 class=\"acf-block-title\">\n                    <svg  xmlns=\"http:\/\/www.w3.org\/2000\/svg\"  width=\"24\"  height=\"24\"  viewBox=\"0 0 24 24\"  fill=\"none\"  stroke=\"currentColor\"  stroke-width=\"2\"  stroke-linecap=\"round\"  stroke-linejoin=\"round\"  class=\"icon icon-tabler icons-tabler-outline icon-tabler-align-left\"><path stroke=\"none\" d=\"M0 0h24v24H0z\" fill=\"none\"\/><path d=\"M4 6l16 0\" \/><path d=\"M4 12l10 0\" \/><path d=\"M4 18l14 0\" \/><\/svg>                    <span class=\"name\">Reklamationsformular (neu) <\/span>\n                <\/h2>\n\n                                    <\/div>\n            <div\n            id=\"block_961cf74dee2098603db17ea258213bfa\"\n            class=\"acf-block is-edit is-category-text\"\n            data-highlight=\"https:\/\/www.tele-online.com\/service-rma\/#highlightblock=block_961cf74dee2098603db17ea258213bfa\"\n            data-block=\"kontaktteasermitarbeiter\"\n        >\n                            <h2 class=\"acf-block-title\">\n                    <svg  xmlns=\"http:\/\/www.w3.org\/2000\/svg\"  width=\"24\"  height=\"24\"  viewBox=\"0 0 24 24\"  fill=\"none\"  stroke=\"currentColor\"  stroke-width=\"2\"  stroke-linecap=\"round\"  stroke-linejoin=\"round\"  class=\"icon icon-tabler icons-tabler-outline icon-tabler-align-left\"><path stroke=\"none\" d=\"M0 0h24v24H0z\" fill=\"none\"\/><path d=\"M4 6l16 0\" \/><path d=\"M4 12l10 0\" \/><path d=\"M4 18l14 0\" \/><\/svg>                    <span class=\"name\">Kontakt Teaser Mitarbeiter <\/span>\n                <\/h2>\n\n                                    <\/div>\n    ","protected":false},"excerpt":{"rendered":"","protected":false},"author":44,"featured_media":766798,"parent":0,"template":"","acf":{"seo":[{"googleAuthor":"","googlePublisher":"","schemaName":"","schemaDescription":"","schemaImage":false}],"footer_link_block":false,"main_menu_ausblenden":false,"footer":{"footer_headline_powerd_by":"Powered By TELE","footer_text_powered_by":"","footer_logos":null,"footer_mylayout_logos":"normal","footer_text_oben":"<p><strong>TELE Haase Steuerger\u00e4te Ges.m.b.H.<\/strong> | Vorarlberger Allee 38 (direct access via Slamastra\u00dfe 37), 1230 Vienna | Austria<\/p>\n<p><strong>Opening Hours<\/strong>: Monday-Thursday 08:00 a.m. to 04:00 p.m. &amp; Friday 08:00 a.m. to 01:00 p.m.<\/p>\n<p><strong><a href=\"https:\/\/www.tele-online.com\/en\/contact\/\">Contact Details<\/a><\/strong><\/p>\n","footer_headline_social_media":"","footer_social_media":[{"icon":"<i class=\"icon-facebook\"><\/i>","link":"https:\/\/www.facebook.com\/TELE-Haase-Steuerger%C3%A4te-GesmbH-212293998940265\/?rf=195551397135836"},{"icon":"<i class=\"icon-linkedin\"><\/i>","link":"https:\/\/www.linkedin.com\/company\/tele-worldwide\/"},{"icon":"<i class=\"icon-youtube\"><\/i>","link":"https:\/\/www.youtube.com\/user\/telehaase\/featured"},{"icon":"<i class=\"icon-instagram\"><\/i>","link":"https:\/\/www.instagram.com\/tele_haase\/"}]},"nav_data":{"link":"","text":""},"wpmlurl":{"de":"\/","en":"\/en\/","us":"\/us\/","fr":"\/fr\/","es":"\/es\/"},"webblocks":[{"acf_fc_layout":"headerslider","acf_fc_id":"acf-block-69a23bc66ed4c","acf_fc_style":"","flexible":false,"submenu_aktivieren":false,"slide":[{"bild":{"ID":789909,"id":789909,"title":"Header RMA","filename":"Header-RMA-1.png","filesize":3400996,"url":"https:\/\/www.tele-online.com\/wp-content\/uploads\/2023\/12\/Header-RMA-1.png","link":"https:\/\/www.tele-online.com\/fr\/service-rma\/attachment\/header-rma-2-2-2\/","alt":"","author":"59","description":"","caption":"","name":"header-rma-2-2-2","status":"inherit","uploaded_to":789907,"date":"2023-12-19 14:02:22","modified":"2023-12-19 14:02:22","menu_order":0,"mime_type":"image\/png","type":"image","subtype":"png","icon":"https:\/\/www.tele-online.com\/wp-includes\/images\/media\/default.png","width":2048,"height":1365,"sizes":{"thumbnail":"https:\/\/www.tele-online.com\/wp-content\/uploads\/2023\/12\/Header-RMA-1-220x220.png","thumbnail-width":220,"thumbnail-height":220,"medium":"https:\/\/www.tele-online.com\/wp-content\/uploads\/2023\/12\/Header-RMA-1-544x360.png","medium-width":544,"medium-height":360,"medium_large":"https:\/\/www.tele-online.com\/wp-content\/uploads\/2023\/12\/Header-RMA-1-768x512.png","medium_large-width":768,"medium_large-height":512,"large":"https:\/\/www.tele-online.com\/wp-content\/uploads\/2023\/12\/Header-RMA-1-780x520.png","large-width":780,"large-height":520,"1536x1536":"https:\/\/www.tele-online.com\/wp-content\/uploads\/2023\/12\/Header-RMA-1-1536x1024.png","1536x1536-width":1536,"1536x1536-height":1024,"2048x2048":"https:\/\/www.tele-online.com\/wp-content\/uploads\/2023\/12\/Header-RMA-1.png","2048x2048-width":2048,"2048x2048-height":1365,"hd":"https:\/\/www.tele-online.com\/wp-content\/uploads\/2023\/12\/Header-RMA-1-1920x1280.png","hd-width":1920,"hd-height":1280,"galerie":"https:\/\/www.tele-online.com\/wp-content\/uploads\/2023\/12\/Header-RMA-1-320x213.png","galerie-width":320,"galerie-height":213,"stellen":"https:\/\/www.tele-online.com\/wp-content\/uploads\/2023\/12\/Header-RMA-1-400x400.png","stellen-width":400,"stellen-height":400}},"headline":"Service RMA","link":null,"subheadline":"Vous avez un probl\u00e8me avec votre produit TELE? Veuillez utiliser notre formulaire RMA."}],"max_hohe":"70vh"},{"acf_fc_layout":"textblock","acf_fc_id":"acf-block-69a23bc67051b","acf_fc_style":"","flexible":false,"text":"<h2 style=\"text-align: center\">RMA<\/h2>\n<p style=\"text-align: center\">Malgr\u00e9 le plus grand soin, il peut arriver que des marchandises doivent \u00eatre renvoy\u00e9es \u00e0 TELE pour r\u00e9paration. Pour un traitement rapide et simple, veuillez utiliser notre service RMA en ligne.<br \/>En r\u00e8gle g\u00e9n\u00e9rale, la r\u00e9paration est effectu\u00e9e dans un d\u00e9lai de 25 jours ouvrables.<\/p>\n","id":"","linie_oben_einblenden":false,"linie_unten_einblenden":false,"container":"small","hintergrund":"weis","box":false,"abstand_oben":"","abstand_unten":""},{"acf_fc_layout":"reklamationsformularneu","acf_fc_id":"acf-block-69a23bc671168","acf_fc_style":"","flexible":false,"headline":"Service RMA en ligne","subheadline":"Les champs obligatoires sont marqu\u00e9s d'un *.","headline_bereich_1":"Coordonn\u00e9es","tooltiptext_tele_kundennummer":"Vous trouverez votre num\u00e9ro de client TELE sur votre facture ou votre bon de livraison.","errortext_tele_kundennummer":"Veuillez saisir votre num\u00e9ro de client TELE. Vous les trouverez sur votre facture ou votre bon de livraison. Si vous avez achet\u00e9 par l'interm\u00e9diaire d'un revendeur, il se peut que vous n'ayez pas re\u00e7u de num\u00e9ro de client TELE. Dans ce cas, veuillez vous adresser directement \u00e0 votre point de vente pour faire une r\u00e9clamation.","headline_bereich_2":"D\u00e9tails du produit","tooltiptext_rechnungsnummer":"Si vous souhaitez nous envoyer plusieurs appareils d'une d\u00e9signation de type ou d'un num\u00e9ro d'article qui ont \u00e9t\u00e9 achet\u00e9s sur plusieurs factures, veuillez indiquer tous les num\u00e9ros de facture correspondants (s\u00e9par\u00e9s par une virgule). Si le num\u00e9ro de facture est est inconnu veuillez entrer <strong>00000000<\/strong> ","tooltiptext_nachricht_fehlerbeschreibung":"Une description aussi pr\u00e9cise que possible de la panne acc\u00e9l\u00e8re la recherche de la panne et r\u00e9duit la dur\u00e9e de la r\u00e9paration.","headline_bereich_3":"Aper\u00e7u","button_text_weiteres_produkt":"Ajouter un autre poste","button_text_weiteres_produkt_entfernen":"Supprimer le poste suivant","beschreibung_weiteres_produkt":"Si vous envoyez plusieurs appareils en r\u00e9paration avec des erreurs diff\u00e9rentes,\nveuillez utiliser une plage de positions distincte pour chaque appareil.","text_datenschutz":"J'accepte la politique de confidentialit\u00e9 de TELE Haase. *","text_rma":"Je confirme les conditions RMA de TELE Haase. *","button_text":"Envoyer","formular_erfolgreich_gesendet":"<p>Merci de votre demande \u00e0 TELE!<\/p>\n<p>Votre demande a \u00e9t\u00e9 transmise avec succ\u00e8s. Dans les 10 minutes qui suivent, vous recevrez un e-mail de confirmation avec le num\u00e9ro RMA susmentionn\u00e9. Pour toute demande ou communication ult\u00e9rieure, veuillez toujours les indiquer.<\/p>\n<p>Vous recevrez prochainement une r\u00e9ponse \u00e0 votre demande. Nous attirons votre attention sur le fait que la r\u00e9alisation d&rsquo;une r\u00e9paration s&rsquo;effectue g\u00e9n\u00e9ralement dans un d\u00e9lai de 25 jours ouvrables.<\/p>\n","formular_fehler_beim_senden":"<p>Malheureusement, il y a eu un probl\u00e8me dans la transmission des donn\u00e9es. Veuillez r\u00e9essayer.<\/p>\n","button_abgeschlossen_1_text":"Vers la page d'accueil de TELE","button_abgeschlossen_1_url":"https:\/\/www.tele-online.com","button_abgeschlossen_2_text":"Vers le d\u00e9pliant sur les produits phares","button_abgeschlossen_2_url":"https:\/\/www.tele-online.com\/wp-content\/uploads\/2022\/12\/Highlightfolder_DE.pdf","button_abgeschlossen_3_text":"Nouvelle demande","abstand_oben":"","abstand_unten":""},{"acf_fc_layout":"kontaktteasermitarbeiter","acf_fc_id":"acf-block-69a23bc672af0","acf_fc_style":"","flexible":false,"headline":"Puis-je vous aider?","text":"Vous ne trouvez pas ce que vous cherchez? N'h\u00e9sitez pas \u00e0 me contacter!","type":"automatisch","mitarbeiter":35707,"mitarbeiter_fallback":578,"telefon":"","telefon_gastautor":"","email_gastautor":"","termin_button_text":"","termin_button_link":"","id":"","hintergrund":"hellgruen","abstand_oben":"","abstand_unten":""}]},"yoast_head":"<!-- This site is optimized with the Yoast SEO plugin v24.5 - https:\/\/yoast.com\/wordpress\/plugins\/seo\/ -->\n<title>Service RMA - Tele Haase<\/title>\n<meta name=\"description\" content=\"Malgr\u00e9 tout le soin apport\u00e9, des erreurs peuvent se produire. Pour un traitement rapide et simple, veuillez utiliser notre service RMA en ligne.\" \/>\n<meta name=\"robots\" content=\"index, follow, max-snippet:-1, max-image-preview:large, max-video-preview:-1\" \/>\n<link rel=\"canonical\" href=\"https:\/\/www.tele-online.com\/fr\/service-rma\/\" \/>\n<meta property=\"og:locale\" content=\"fr_FR\" \/>\n<meta property=\"og:type\" content=\"article\" \/>\n<meta property=\"og:title\" content=\"Service RMA - Tele Haase\" \/>\n<meta property=\"og:description\" content=\"Malgr\u00e9 tout le soin apport\u00e9, des erreurs peuvent se produire. Pour un traitement rapide et simple, veuillez utiliser notre service RMA en ligne.\" \/>\n<meta property=\"og:url\" content=\"https:\/\/www.tele-online.com\/fr\/service-rma\/\" \/>\n<meta property=\"og:site_name\" content=\"Tele Haase\" \/>\n<meta property=\"article:modified_time\" content=\"2024-06-13T08:43:41+00:00\" \/>\n<meta property=\"og:image\" content=\"https:\/\/www.tele-online.com\/wp-content\/uploads\/2013\/10\/20161121-lehrlingsshooting-tele-80.jpg\" \/>\n\t<meta property=\"og:image:width\" content=\"1400\" \/>\n\t<meta property=\"og:image:height\" content=\"933\" \/>\n\t<meta property=\"og:image:type\" content=\"image\/jpeg\" \/>\n<meta name=\"twitter:card\" content=\"summary_large_image\" \/>\n<script type=\"application\/ld+json\" class=\"yoast-schema-graph\">{\"@context\":\"https:\/\/schema.org\",\"@graph\":[{\"@type\":\"WebPage\",\"@id\":\"https:\/\/www.tele-online.com\/fr\/service-rma\/\",\"url\":\"https:\/\/www.tele-online.com\/fr\/service-rma\/\",\"name\":\"Service RMA - Tele Haase\",\"isPartOf\":{\"@id\":\"https:\/\/www.tele-online.com\/fr\/#website\"},\"primaryImageOfPage\":{\"@id\":\"https:\/\/www.tele-online.com\/fr\/service-rma\/#primaryimage\"},\"image\":{\"@id\":\"https:\/\/www.tele-online.com\/fr\/service-rma\/#primaryimage\"},\"thumbnailUrl\":\"https:\/\/www.tele-online.com\/wp-content\/uploads\/2013\/10\/20161121-lehrlingsshooting-tele-80.jpg\",\"datePublished\":\"2024-06-13T08:43:39+00:00\",\"dateModified\":\"2024-06-13T08:43:41+00:00\",\"description\":\"Malgr\u00e9 tout le soin apport\u00e9, des erreurs peuvent se produire. Pour un traitement rapide et simple, veuillez utiliser notre service RMA en ligne.\",\"breadcrumb\":{\"@id\":\"https:\/\/www.tele-online.com\/fr\/service-rma\/#breadcrumb\"},\"inLanguage\":\"fr-FR\",\"potentialAction\":[{\"@type\":\"ReadAction\",\"target\":[\"https:\/\/www.tele-online.com\/fr\/service-rma\/\"]}]},{\"@type\":\"ImageObject\",\"inLanguage\":\"fr-FR\",\"@id\":\"https:\/\/www.tele-online.com\/fr\/service-rma\/#primaryimage\",\"url\":\"https:\/\/www.tele-online.com\/wp-content\/uploads\/2013\/10\/20161121-lehrlingsshooting-tele-80.jpg\",\"contentUrl\":\"https:\/\/www.tele-online.com\/wp-content\/uploads\/2013\/10\/20161121-lehrlingsshooting-tele-80.jpg\",\"width\":1400,\"height\":933},{\"@type\":\"BreadcrumbList\",\"@id\":\"https:\/\/www.tele-online.com\/fr\/service-rma\/#breadcrumb\",\"itemListElement\":[{\"@type\":\"ListItem\",\"position\":1,\"name\":\"Startseite\",\"item\":\"https:\/\/www.tele-online.com\/fr\/\"},{\"@type\":\"ListItem\",\"position\":2,\"name\":\"Service RMA\"}]},{\"@type\":\"WebSite\",\"@id\":\"https:\/\/www.tele-online.com\/fr\/#website\",\"url\":\"https:\/\/www.tele-online.com\/fr\/\",\"name\":\"Tele Haase\",\"description\":\"Your Smart Factory\",\"potentialAction\":[{\"@type\":\"SearchAction\",\"target\":{\"@type\":\"EntryPoint\",\"urlTemplate\":\"https:\/\/www.tele-online.com\/fr\/?s={search_term_string}\"},\"query-input\":{\"@type\":\"PropertyValueSpecification\",\"valueRequired\":true,\"valueName\":\"search_term_string\"}}],\"inLanguage\":\"fr-FR\"}]}<\/script>\n<!-- \/ Yoast SEO plugin. -->","yoast_head_json":{"title":"Service RMA - Tele Haase","description":"Malgr\u00e9 tout le soin apport\u00e9, des erreurs peuvent se produire. Pour un traitement rapide et simple, veuillez utiliser notre service RMA en ligne.","robots":{"index":"index","follow":"follow","max-snippet":"max-snippet:-1","max-image-preview":"max-image-preview:large","max-video-preview":"max-video-preview:-1"},"canonical":"https:\/\/www.tele-online.com\/fr\/service-rma\/","og_locale":"fr_FR","og_type":"article","og_title":"Service RMA - Tele Haase","og_description":"Malgr\u00e9 tout le soin apport\u00e9, des erreurs peuvent se produire. Pour un traitement rapide et simple, veuillez utiliser notre service RMA en ligne.","og_url":"https:\/\/www.tele-online.com\/fr\/service-rma\/","og_site_name":"Tele Haase","article_modified_time":"2024-06-13T08:43:41+00:00","og_image":[{"width":1400,"height":933,"url":"https:\/\/www.tele-online.com\/wp-content\/uploads\/2013\/10\/20161121-lehrlingsshooting-tele-80.jpg","type":"image\/jpeg"}],"twitter_card":"summary_large_image","schema":{"@context":"https:\/\/schema.org","@graph":[{"@type":"WebPage","@id":"https:\/\/www.tele-online.com\/fr\/service-rma\/","url":"https:\/\/www.tele-online.com\/fr\/service-rma\/","name":"Service RMA - Tele Haase","isPartOf":{"@id":"https:\/\/www.tele-online.com\/fr\/#website"},"primaryImageOfPage":{"@id":"https:\/\/www.tele-online.com\/fr\/service-rma\/#primaryimage"},"image":{"@id":"https:\/\/www.tele-online.com\/fr\/service-rma\/#primaryimage"},"thumbnailUrl":"https:\/\/www.tele-online.com\/wp-content\/uploads\/2013\/10\/20161121-lehrlingsshooting-tele-80.jpg","datePublished":"2024-06-13T08:43:39+00:00","dateModified":"2024-06-13T08:43:41+00:00","description":"Malgr\u00e9 tout le soin apport\u00e9, des erreurs peuvent se produire. Pour un traitement rapide et simple, veuillez utiliser notre service RMA en ligne.","breadcrumb":{"@id":"https:\/\/www.tele-online.com\/fr\/service-rma\/#breadcrumb"},"inLanguage":"fr-FR","potentialAction":[{"@type":"ReadAction","target":["https:\/\/www.tele-online.com\/fr\/service-rma\/"]}]},{"@type":"ImageObject","inLanguage":"fr-FR","@id":"https:\/\/www.tele-online.com\/fr\/service-rma\/#primaryimage","url":"https:\/\/www.tele-online.com\/wp-content\/uploads\/2013\/10\/20161121-lehrlingsshooting-tele-80.jpg","contentUrl":"https:\/\/www.tele-online.com\/wp-content\/uploads\/2013\/10\/20161121-lehrlingsshooting-tele-80.jpg","width":1400,"height":933},{"@type":"BreadcrumbList","@id":"https:\/\/www.tele-online.com\/fr\/service-rma\/#breadcrumb","itemListElement":[{"@type":"ListItem","position":1,"name":"Startseite","item":"https:\/\/www.tele-online.com\/fr\/"},{"@type":"ListItem","position":2,"name":"Service RMA"}]},{"@type":"WebSite","@id":"https:\/\/www.tele-online.com\/fr\/#website","url":"https:\/\/www.tele-online.com\/fr\/","name":"Tele Haase","description":"Your Smart Factory","potentialAction":[{"@type":"SearchAction","target":{"@type":"EntryPoint","urlTemplate":"https:\/\/www.tele-online.com\/fr\/?s={search_term_string}"},"query-input":{"@type":"PropertyValueSpecification","valueRequired":true,"valueName":"search_term_string"}}],"inLanguage":"fr-FR"}]}},"yoast_data":{"yoast_wpseo_canonical":"https:\/\/www.tele-online.com\/fr\/service-rma\/","yoast_wpseo_opengraph_image":"https:\/\/www.tele-online.com\/wp-content\/uploads\/2013\/10\/20161121-lehrlingsshooting-tele-80.jpg","yoast_wpseo_metadesc":"Malgr\u00e9 tout le soin apport\u00e9, des erreurs peuvent se produire. Pour un traitement rapide et simple, veuillez utiliser notre service RMA en ligne.","yoast_wpseo_meta_robots_noindex":"","yoast_wpseo_meta_robots_nofollow":""},"footer_links":null,"yoasttitle":"Service RMA - Tele Haase","yoast_title":"Service RMA - Tele Haase","yoast_meta":[{"name":"description","content":"Malgr\u00e9 tout le soin apport\u00e9, des erreurs peuvent se produire. Pour un traitement rapide et simple, veuillez utiliser notre service RMA en ligne."},{"name":"robots","content":"index, follow, max-snippet:-1, max-image-preview:large, max-video-preview:-1"},{"property":"og:locale","content":"fr_FR"},{"property":"og:type","content":"article"},{"property":"og:title","content":"Service RMA - Tele Haase"},{"property":"og:description","content":"Malgr\u00e9 tout le soin apport\u00e9, des erreurs peuvent se produire. Pour un traitement rapide et simple, veuillez utiliser notre service RMA en ligne."},{"property":"og:url","content":"https:\/\/www.tele-online.com\/fr\/service-rma\/"},{"property":"og:site_name","content":"Tele Haase"},{"property":"article:modified_time","content":"2024-06-13T08:43:41+00:00"},{"property":"og:image","content":"https:\/\/www.tele-online.com\/wp-content\/uploads\/2013\/10\/20161121-lehrlingsshooting-tele-80.jpg"},{"property":"og:image:width","content":"1400"},{"property":"og:image:height","content":"933"},{"property":"og:image:type","content":"image\/jpeg"},{"name":"twitter:card","content":"summary_large_image"},{"name":"robots","content":"index, follow, max-image-preview:large, max-snippet:-1, max-video-preview:-1"}],"yoast_json_ld":[{"@context":"https:\/\/schema.org","@graph":[{"@type":"WebPage","@id":"https:\/\/www.tele-online.com\/fr\/service-rma\/","url":"https:\/\/www.tele-online.com\/fr\/service-rma\/","name":"Service RMA - Tele Haase","isPartOf":{"@id":"https:\/\/www.tele-online.com\/fr\/#website"},"primaryImageOfPage":{"@id":"https:\/\/www.tele-online.com\/fr\/service-rma\/#primaryimage"},"image":{"@id":"https:\/\/www.tele-online.com\/fr\/service-rma\/#primaryimage"},"thumbnailUrl":"https:\/\/www.tele-online.com\/wp-content\/uploads\/2013\/10\/20161121-lehrlingsshooting-tele-80.jpg","datePublished":"2024-06-13T08:43:39+00:00","dateModified":"2024-06-13T08:43:41+00:00","description":"Malgr&eacute; tout le soin apport&eacute;, des erreurs peuvent se produire. Pour un traitement rapide et simple, veuillez utiliser notre service RMA en ligne.","breadcrumb":{"@id":"https:\/\/www.tele-online.com\/fr\/service-rma\/#breadcrumb"},"inLanguage":"fr-FR","potentialAction":[{"@type":"ReadAction","target":["https:\/\/www.tele-online.com\/fr\/service-rma\/"]}]},{"@type":"ImageObject","inLanguage":"fr-FR","@id":"https:\/\/www.tele-online.com\/fr\/service-rma\/#primaryimage","url":"https:\/\/www.tele-online.com\/wp-content\/uploads\/2013\/10\/20161121-lehrlingsshooting-tele-80.jpg","contentUrl":"https:\/\/www.tele-online.com\/wp-content\/uploads\/2013\/10\/20161121-lehrlingsshooting-tele-80.jpg","width":1400,"height":933},{"@type":"BreadcrumbList","@id":"https:\/\/www.tele-online.com\/fr\/service-rma\/#breadcrumb","itemListElement":[{"@type":"ListItem","position":1,"name":"Startseite","item":"https:\/\/www.tele-online.com\/fr\/"},{"@type":"ListItem","position":2,"name":"Service RMA"}]},{"@type":"WebSite","@id":"https:\/\/www.tele-online.com\/fr\/#website","url":"https:\/\/www.tele-online.com\/fr\/","name":"Tele Haase","description":"Your Smart Factory","potentialAction":[{"@type":"SearchAction","target":{"@type":"EntryPoint","urlTemplate":"https:\/\/www.tele-online.com\/fr\/?s={search_term_string}"},"query-input":{"@type":"PropertyValueSpecification","valueRequired":true,"valueName":"search_term_string"}}],"inLanguage":"fr-FR"}]}],"_links":{"self":[{"href":"https:\/\/www.tele-online.com\/fr\/wp-json\/wp\/v2\/pages\/789907"}],"collection":[{"href":"https:\/\/www.tele-online.com\/fr\/wp-json\/wp\/v2\/pages"}],"about":[{"href":"https:\/\/www.tele-online.com\/fr\/wp-json\/wp\/v2\/types\/page"}],"author":[{"embeddable":true,"href":"https:\/\/www.tele-online.com\/fr\/wp-json\/wp\/v2\/users\/44"}],"replies":[{"embeddable":true,"href":"https:\/\/www.tele-online.com\/fr\/wp-json\/wp\/v2\/comments?post=789907"}],"version-history":[{"count":1,"href":"https:\/\/www.tele-online.com\/fr\/wp-json\/wp\/v2\/pages\/789907\/revisions"}],"predecessor-version":[{"id":789910,"href":"https:\/\/www.tele-online.com\/fr\/wp-json\/wp\/v2\/pages\/789907\/revisions\/789910"}],"wp:featuredmedia":[{"embeddable":true,"href":"https:\/\/www.tele-online.com\/fr\/wp-json\/wp\/v2\/media\/766798"}],"wp:attachment":[{"href":"https:\/\/www.tele-online.com\/fr\/wp-json\/wp\/v2\/media?parent=789907"}],"curies":[{"name":"wp","href":"https:\/\/api.w.org\/{rel}","templated":true}]}}