{"id":789903,"date":"2024-06-13T10:41:43","modified":"2024-06-13T10:41:44","slug":"recherche-de-produits","status":"publish","type":"page","link":"https:\/\/www.tele-online.com\/fr\/recherche-de-produits\/","title":{"rendered":"Recherche de produits"},"content":{"rendered":"        <div\n            id=\"block_a57a2067eb5f824afe67346807d643e4\"\n            class=\"acf-block is-edit is-category-text\"\n            data-highlight=\"https:\/\/www.tele-online.com\/recherche-de-produits\/#highlightblock=block_a57a2067eb5f824afe67346807d643e4\"\n            data-block=\"kontaktteasermitarbeiter\"\n        >\n                            <h2 class=\"acf-block-title\">\n                    <svg  xmlns=\"http:\/\/www.w3.org\/2000\/svg\"  width=\"24\"  height=\"24\"  viewBox=\"0 0 24 24\"  fill=\"none\"  stroke=\"currentColor\"  stroke-width=\"2\"  stroke-linecap=\"round\"  stroke-linejoin=\"round\"  class=\"icon icon-tabler icons-tabler-outline icon-tabler-align-left\"><path stroke=\"none\" d=\"M0 0h24v24H0z\" fill=\"none\"\/><path d=\"M4 6l16 0\" \/><path d=\"M4 12l10 0\" \/><path d=\"M4 18l14 0\" \/><\/svg>                    <span class=\"name\">Kontakt Teaser Mitarbeiter <\/span>\n                <\/h2>\n\n                                    <\/div>\n    ","protected":false},"excerpt":{"rendered":"","protected":false},"author":44,"featured_media":767828,"parent":0,"template":"","acf":{"seo":[{"googleAuthor":"","googlePublisher":"","schemaName":"","schemaDescription":"","schemaImage":false}],"footer_link_block":false,"main_menu_ausblenden":false,"footer":{"footer_headline_powerd_by":"Powered By TELE","footer_text_powered_by":"","footer_logos":null,"footer_mylayout_logos":"normal","footer_text_oben":"<p><strong>TELE Haase Steuerger\u00e4te Ges.m.b.H.<\/strong> | Vorarlberger Allee 38 (direct access via Slamastra\u00dfe 37), 1230 Vienna | Austria<\/p>\n<p><strong>Opening Hours<\/strong>: Monday-Thursday 08:00 a.m. to 04:00 p.m. &amp; Friday 08:00 a.m. to 01:00 p.m.<\/p>\n<p><strong><a href=\"https:\/\/www.tele-online.com\/en\/contact\/\">Contact Details<\/a><\/strong><\/p>\n","footer_headline_social_media":"","footer_social_media":[{"icon":"<i class=\"icon-facebook\"><\/i>","link":"https:\/\/www.facebook.com\/TELE-Haase-Steuerger%C3%A4te-GesmbH-212293998940265\/?rf=195551397135836"},{"icon":"<i class=\"icon-linkedin\"><\/i>","link":"https:\/\/www.linkedin.com\/company\/tele-worldwide\/"},{"icon":"<i class=\"icon-youtube\"><\/i>","link":"https:\/\/www.youtube.com\/user\/telehaase\/featured"},{"icon":"<i class=\"icon-instagram\"><\/i>","link":"https:\/\/www.instagram.com\/tele_haase\/"}]},"nav_data":{"link":"","text":""},"wpmlurl":{"de":"\/","en":"\/en\/","us":"\/us\/","fr":"\/fr\/","es":"\/es\/"},"webblocks":[{"acf_fc_layout":"produktfilterneu","acf_fc_id":"acf-block-69a23bf954bde","acf_fc_style":"","flexible":false,"headerbild":{"ID":768808,"id":768808,"title":"2019-TELE-EMS&Kanada-112_1260x840_ohne_ABB","filename":"2019-TELE-EMSKanada-112_1260x840_ohne_ABB.jpg","filesize":185158,"url":"https:\/\/www.tele-online.com\/wp-content\/uploads\/2021\/02\/2019-TELE-EMSKanada-112_1260x840_ohne_ABB.jpg","link":"https:\/\/www.tele-online.com\/fr\/recherche-de-produits\/attachment\/2019-tele-emskanada-112_1260x840_ohne_abb-2\/","alt":"","author":"50","description":"","caption":"","name":"2019-tele-emskanada-112_1260x840_ohne_abb-2","status":"inherit","uploaded_to":789903,"date":"2021-02-15 08:43:12","modified":"2024-06-13 08:41:44","menu_order":0,"mime_type":"image\/jpeg","type":"image","subtype":"jpeg","icon":"https:\/\/www.tele-online.com\/wp-includes\/images\/media\/default.png","width":1260,"height":841,"sizes":{"thumbnail":"https:\/\/www.tele-online.com\/wp-content\/uploads\/2021\/02\/2019-TELE-EMSKanada-112_1260x840_ohne_ABB-220x220.jpg","thumbnail-width":220,"thumbnail-height":220,"medium":"https:\/\/www.tele-online.com\/wp-content\/uploads\/2021\/02\/2019-TELE-EMSKanada-112_1260x840_ohne_ABB-544x360.jpg","medium-width":544,"medium-height":360,"medium_large":"https:\/\/www.tele-online.com\/wp-content\/uploads\/2021\/02\/2019-TELE-EMSKanada-112_1260x840_ohne_ABB-768x513.jpg","medium_large-width":768,"medium_large-height":513,"large":"https:\/\/www.tele-online.com\/wp-content\/uploads\/2021\/02\/2019-TELE-EMSKanada-112_1260x840_ohne_ABB-780x520.jpg","large-width":780,"large-height":520,"1536x1536":"https:\/\/www.tele-online.com\/wp-content\/uploads\/2021\/02\/2019-TELE-EMSKanada-112_1260x840_ohne_ABB.jpg","1536x1536-width":1260,"1536x1536-height":841,"2048x2048":"https:\/\/www.tele-online.com\/wp-content\/uploads\/2021\/02\/2019-TELE-EMSKanada-112_1260x840_ohne_ABB.jpg","2048x2048-width":1260,"2048x2048-height":841,"hd":"https:\/\/www.tele-online.com\/wp-content\/uploads\/2021\/02\/2019-TELE-EMSKanada-112_1260x840_ohne_ABB.jpg","hd-width":1260,"hd-height":841,"galerie":"https:\/\/www.tele-online.com\/wp-content\/uploads\/2021\/02\/2019-TELE-EMSKanada-112_1260x840_ohne_ABB-320x214.jpg","galerie-width":320,"galerie-height":214,"stellen":"https:\/\/www.tele-online.com\/wp-content\/uploads\/2021\/02\/2019-TELE-EMSKanada-112_1260x840_ohne_ABB-400x400.jpg","stellen-width":400,"stellen-height":400}},"start_headline":"Recherche de produits TELE","start_subheadline":"","headline_suche":"Rechercher un produit","platzhalter_suche":"Rechercher...","headline_kategorie":"ou choisir une cat\u00e9gorie","text_kategorie":"Vous trouverez ici les fiches techniques des produits et des informations sur toutes nos cat\u00e9gories de produits.","kategorien":[{"category":"2671"},{"category":"2672"},{"category":"2673"},{"category":"2674"},{"category":"9268"},{"category":"9282"},{"category":"2675"},{"category":"2676"}],"text_button_alle_anzeigen":"Afficher tous les produits","text_laden":"Les produits sont charg\u00e9s","headline_verfugbar":"Produits disponibles","headline_abgelaufen":"Produits expir\u00e9s","text_filter_zurucksetzen":"R\u00e9initialiser tout","text_filter_offnen_mobile":"Ouvrir le filtre de produits","text_nichts_gefunden":"D\u00e9sol\u00e9, aucun produit n'a \u00e9t\u00e9 trouv\u00e9.","abstand_oben":"","abstand_unten":""},{"acf_fc_layout":"kontaktteasermitarbeiter","acf_fc_id":"acf-block-69a23bf95839a","acf_fc_style":"","flexible":false,"headline":"Puis-je vous aider?","text":"Vous ne trouvez pas ce que vous cherchez? Contactez-moi!","type":"automatisch","mitarbeiter":35707,"mitarbeiter_fallback":false,"telefon":"+43 1 614 74 - 109","telefon_gastautor":"","email_gastautor":"","termin_button_text":"","termin_button_link":"","id":"","hintergrund":"weis","abstand_oben":"","abstand_unten":""}]},"yoast_head":"<!-- This site is optimized with the Yoast SEO plugin v24.5 - https:\/\/yoast.com\/wordpress\/plugins\/seo\/ -->\n<title>Recherche de produits - Tele Haase<\/title>\n<meta name=\"description\" content=\"Utilisez le moteur de recherche de produits pour trouver des relais de temporisation, des relais de surveillance, des protections de r\u00e9seau et d&#039;installation, des contr\u00f4leurs de charge ou de l&#039;\u00e9lectronique de puissance de TELE Haase.\" \/>\n<meta name=\"robots\" content=\"index, follow, max-snippet:-1, max-image-preview:large, max-video-preview:-1\" \/>\n<link rel=\"canonical\" href=\"https:\/\/www.tele-online.com\/fr\/recherche-de-produits\/\" \/>\n<meta property=\"og:locale\" content=\"fr_FR\" \/>\n<meta property=\"og:type\" content=\"article\" \/>\n<meta property=\"og:title\" content=\"Recherche de produits - Tele Haase\" \/>\n<meta property=\"og:description\" content=\"Utilisez le moteur de recherche de produits pour trouver des relais de temporisation, des relais de surveillance, des protections de r\u00e9seau et d&#039;installation, des contr\u00f4leurs de charge ou de l&#039;\u00e9lectronique de puissance de TELE Haase.\" \/>\n<meta property=\"og:url\" content=\"https:\/\/www.tele-online.com\/fr\/recherche-de-produits\/\" \/>\n<meta property=\"og:site_name\" content=\"Tele Haase\" \/>\n<meta property=\"article:modified_time\" content=\"2024-06-13T08:41:44+00:00\" \/>\n<meta property=\"og:image\" content=\"https:\/\/www.tele-online.com\/wp-content\/uploads\/2020\/02\/2019-tele-emskanada-112-1260x840-1.jpg\" \/>\n\t<meta property=\"og:image:width\" content=\"1260\" \/>\n\t<meta property=\"og:image:height\" content=\"840\" \/>\n\t<meta property=\"og:image:type\" content=\"image\/jpeg\" \/>\n<meta name=\"twitter:card\" content=\"summary_large_image\" \/>\n<script type=\"application\/ld+json\" class=\"yoast-schema-graph\">{\"@context\":\"https:\/\/schema.org\",\"@graph\":[{\"@type\":\"WebPage\",\"@id\":\"https:\/\/www.tele-online.com\/fr\/recherche-de-produits\/\",\"url\":\"https:\/\/www.tele-online.com\/fr\/recherche-de-produits\/\",\"name\":\"Recherche de produits - Tele Haase\",\"isPartOf\":{\"@id\":\"https:\/\/www.tele-online.com\/fr\/#website\"},\"primaryImageOfPage\":{\"@id\":\"https:\/\/www.tele-online.com\/fr\/recherche-de-produits\/#primaryimage\"},\"image\":{\"@id\":\"https:\/\/www.tele-online.com\/fr\/recherche-de-produits\/#primaryimage\"},\"thumbnailUrl\":\"https:\/\/www.tele-online.com\/wp-content\/uploads\/2020\/02\/2019-tele-emskanada-112-1260x840-1.jpg\",\"datePublished\":\"2024-06-13T08:41:43+00:00\",\"dateModified\":\"2024-06-13T08:41:44+00:00\",\"description\":\"Utilisez le moteur de recherche de produits pour trouver des relais de temporisation, des relais de surveillance, des protections de r\u00e9seau et d'installation, des contr\u00f4leurs de charge ou de l'\u00e9lectronique de puissance de TELE Haase.\",\"breadcrumb\":{\"@id\":\"https:\/\/www.tele-online.com\/fr\/recherche-de-produits\/#breadcrumb\"},\"inLanguage\":\"fr-FR\",\"potentialAction\":[{\"@type\":\"ReadAction\",\"target\":[\"https:\/\/www.tele-online.com\/fr\/recherche-de-produits\/\"]}]},{\"@type\":\"ImageObject\",\"inLanguage\":\"fr-FR\",\"@id\":\"https:\/\/www.tele-online.com\/fr\/recherche-de-produits\/#primaryimage\",\"url\":\"https:\/\/www.tele-online.com\/wp-content\/uploads\/2020\/02\/2019-tele-emskanada-112-1260x840-1.jpg\",\"contentUrl\":\"https:\/\/www.tele-online.com\/wp-content\/uploads\/2020\/02\/2019-tele-emskanada-112-1260x840-1.jpg\",\"width\":1260,\"height\":840},{\"@type\":\"BreadcrumbList\",\"@id\":\"https:\/\/www.tele-online.com\/fr\/recherche-de-produits\/#breadcrumb\",\"itemListElement\":[{\"@type\":\"ListItem\",\"position\":1,\"name\":\"Startseite\",\"item\":\"https:\/\/www.tele-online.com\/fr\/\"},{\"@type\":\"ListItem\",\"position\":2,\"name\":\"Recherche de produits\"}]},{\"@type\":\"WebSite\",\"@id\":\"https:\/\/www.tele-online.com\/fr\/#website\",\"url\":\"https:\/\/www.tele-online.com\/fr\/\",\"name\":\"Tele Haase\",\"description\":\"Your Smart Factory\",\"potentialAction\":[{\"@type\":\"SearchAction\",\"target\":{\"@type\":\"EntryPoint\",\"urlTemplate\":\"https:\/\/www.tele-online.com\/fr\/?s={search_term_string}\"},\"query-input\":{\"@type\":\"PropertyValueSpecification\",\"valueRequired\":true,\"valueName\":\"search_term_string\"}}],\"inLanguage\":\"fr-FR\"}]}<\/script>\n<!-- \/ Yoast SEO plugin. -->","yoast_head_json":{"title":"Recherche de produits - Tele Haase","description":"Utilisez le moteur de recherche de produits pour trouver des relais de temporisation, des relais de surveillance, des protections de r\u00e9seau et d'installation, des contr\u00f4leurs de charge ou de l'\u00e9lectronique de puissance de TELE Haase.","robots":{"index":"index","follow":"follow","max-snippet":"max-snippet:-1","max-image-preview":"max-image-preview:large","max-video-preview":"max-video-preview:-1"},"canonical":"https:\/\/www.tele-online.com\/fr\/recherche-de-produits\/","og_locale":"fr_FR","og_type":"article","og_title":"Recherche de produits - Tele Haase","og_description":"Utilisez le moteur de recherche de produits pour trouver des relais de temporisation, des relais de surveillance, des protections de r\u00e9seau et d'installation, des contr\u00f4leurs de charge ou de l'\u00e9lectronique de puissance de TELE Haase.","og_url":"https:\/\/www.tele-online.com\/fr\/recherche-de-produits\/","og_site_name":"Tele Haase","article_modified_time":"2024-06-13T08:41:44+00:00","og_image":[{"width":1260,"height":840,"url":"https:\/\/www.tele-online.com\/wp-content\/uploads\/2020\/02\/2019-tele-emskanada-112-1260x840-1.jpg","type":"image\/jpeg"}],"twitter_card":"summary_large_image","schema":{"@context":"https:\/\/schema.org","@graph":[{"@type":"WebPage","@id":"https:\/\/www.tele-online.com\/fr\/recherche-de-produits\/","url":"https:\/\/www.tele-online.com\/fr\/recherche-de-produits\/","name":"Recherche de produits - Tele Haase","isPartOf":{"@id":"https:\/\/www.tele-online.com\/fr\/#website"},"primaryImageOfPage":{"@id":"https:\/\/www.tele-online.com\/fr\/recherche-de-produits\/#primaryimage"},"image":{"@id":"https:\/\/www.tele-online.com\/fr\/recherche-de-produits\/#primaryimage"},"thumbnailUrl":"https:\/\/www.tele-online.com\/wp-content\/uploads\/2020\/02\/2019-tele-emskanada-112-1260x840-1.jpg","datePublished":"2024-06-13T08:41:43+00:00","dateModified":"2024-06-13T08:41:44+00:00","description":"Utilisez le moteur de recherche de produits pour trouver des relais de temporisation, des relais de surveillance, des protections de r\u00e9seau et d'installation, des contr\u00f4leurs de charge ou de l'\u00e9lectronique de puissance de TELE Haase.","breadcrumb":{"@id":"https:\/\/www.tele-online.com\/fr\/recherche-de-produits\/#breadcrumb"},"inLanguage":"fr-FR","potentialAction":[{"@type":"ReadAction","target":["https:\/\/www.tele-online.com\/fr\/recherche-de-produits\/"]}]},{"@type":"ImageObject","inLanguage":"fr-FR","@id":"https:\/\/www.tele-online.com\/fr\/recherche-de-produits\/#primaryimage","url":"https:\/\/www.tele-online.com\/wp-content\/uploads\/2020\/02\/2019-tele-emskanada-112-1260x840-1.jpg","contentUrl":"https:\/\/www.tele-online.com\/wp-content\/uploads\/2020\/02\/2019-tele-emskanada-112-1260x840-1.jpg","width":1260,"height":840},{"@type":"BreadcrumbList","@id":"https:\/\/www.tele-online.com\/fr\/recherche-de-produits\/#breadcrumb","itemListElement":[{"@type":"ListItem","position":1,"name":"Startseite","item":"https:\/\/www.tele-online.com\/fr\/"},{"@type":"ListItem","position":2,"name":"Recherche de produits"}]},{"@type":"WebSite","@id":"https:\/\/www.tele-online.com\/fr\/#website","url":"https:\/\/www.tele-online.com\/fr\/","name":"Tele Haase","description":"Your Smart Factory","potentialAction":[{"@type":"SearchAction","target":{"@type":"EntryPoint","urlTemplate":"https:\/\/www.tele-online.com\/fr\/?s={search_term_string}"},"query-input":{"@type":"PropertyValueSpecification","valueRequired":true,"valueName":"search_term_string"}}],"inLanguage":"fr-FR"}]}},"yoast_data":{"yoast_wpseo_canonical":"https:\/\/www.tele-online.com\/fr\/recherche-de-produits\/","yoast_wpseo_opengraph_image":"https:\/\/www.tele-online.com\/wp-content\/uploads\/2020\/02\/2019-tele-emskanada-112-1260x840-1.jpg","yoast_wpseo_metadesc":"Utilisez le moteur de recherche de produits pour trouver des relais de temporisation, des relais de surveillance, des protections de r\u00e9seau et d'installation, des contr\u00f4leurs de charge ou de l'\u00e9lectronique de puissance de TELE Haase.","yoast_wpseo_meta_robots_noindex":"2","yoast_wpseo_meta_robots_nofollow":""},"footer_links":null,"yoasttitle":"Recherche de produits - Tele Haase","yoast_title":"Recherche de produits - Tele Haase","yoast_meta":[{"name":"description","content":"Utilisez le moteur de recherche de produits pour trouver des relais de temporisation, des relais de surveillance, des protections de r\u00e9seau et d&#039;installation, des contr\u00f4leurs de charge ou de l&#039;\u00e9lectronique de puissance de TELE Haase."},{"name":"robots","content":"index, follow, max-snippet:-1, max-image-preview:large, max-video-preview:-1"},{"property":"og:locale","content":"fr_FR"},{"property":"og:type","content":"article"},{"property":"og:title","content":"Recherche de produits - Tele Haase"},{"property":"og:description","content":"Utilisez le moteur de recherche de produits pour trouver des relais de temporisation, des relais de surveillance, des protections de r\u00e9seau et d&#039;installation, des contr\u00f4leurs de charge ou de l&#039;\u00e9lectronique de puissance de TELE Haase."},{"property":"og:url","content":"https:\/\/www.tele-online.com\/fr\/recherche-de-produits\/"},{"property":"og:site_name","content":"Tele Haase"},{"property":"article:modified_time","content":"2024-06-13T08:41:44+00:00"},{"property":"og:image","content":"https:\/\/www.tele-online.com\/wp-content\/uploads\/2020\/02\/2019-tele-emskanada-112-1260x840-1.jpg"},{"property":"og:image:width","content":"1260"},{"property":"og:image:height","content":"840"},{"property":"og:image:type","content":"image\/jpeg"},{"name":"twitter:card","content":"summary_large_image"},{"name":"robots","content":"index, follow, max-image-preview:large, max-snippet:-1, max-video-preview:-1"}],"yoast_json_ld":[{"@context":"https:\/\/schema.org","@graph":[{"@type":"WebPage","@id":"https:\/\/www.tele-online.com\/fr\/recherche-de-produits\/","url":"https:\/\/www.tele-online.com\/fr\/recherche-de-produits\/","name":"Recherche de produits - Tele Haase","isPartOf":{"@id":"https:\/\/www.tele-online.com\/fr\/#website"},"primaryImageOfPage":{"@id":"https:\/\/www.tele-online.com\/fr\/recherche-de-produits\/#primaryimage"},"image":{"@id":"https:\/\/www.tele-online.com\/fr\/recherche-de-produits\/#primaryimage"},"thumbnailUrl":"https:\/\/www.tele-online.com\/wp-content\/uploads\/2020\/02\/2019-tele-emskanada-112-1260x840-1.jpg","datePublished":"2024-06-13T08:41:43+00:00","dateModified":"2024-06-13T08:41:44+00:00","description":"Utilisez le moteur de recherche de produits pour trouver des relais de temporisation, des relais de surveillance, des protections de r&eacute;seau et d'installation, des contr&ocirc;leurs de charge ou de l'&eacute;lectronique de puissance de TELE Haase.","breadcrumb":{"@id":"https:\/\/www.tele-online.com\/fr\/recherche-de-produits\/#breadcrumb"},"inLanguage":"fr-FR","potentialAction":[{"@type":"ReadAction","target":["https:\/\/www.tele-online.com\/fr\/recherche-de-produits\/"]}]},{"@type":"ImageObject","inLanguage":"fr-FR","@id":"https:\/\/www.tele-online.com\/fr\/recherche-de-produits\/#primaryimage","url":"https:\/\/www.tele-online.com\/wp-content\/uploads\/2020\/02\/2019-tele-emskanada-112-1260x840-1.jpg","contentUrl":"https:\/\/www.tele-online.com\/wp-content\/uploads\/2020\/02\/2019-tele-emskanada-112-1260x840-1.jpg","width":1260,"height":840},{"@type":"BreadcrumbList","@id":"https:\/\/www.tele-online.com\/fr\/recherche-de-produits\/#breadcrumb","itemListElement":[{"@type":"ListItem","position":1,"name":"Startseite","item":"https:\/\/www.tele-online.com\/fr\/"},{"@type":"ListItem","position":2,"name":"Recherche de produits"}]},{"@type":"WebSite","@id":"https:\/\/www.tele-online.com\/fr\/#website","url":"https:\/\/www.tele-online.com\/fr\/","name":"Tele Haase","description":"Your Smart Factory","potentialAction":[{"@type":"SearchAction","target":{"@type":"EntryPoint","urlTemplate":"https:\/\/www.tele-online.com\/fr\/?s={search_term_string}"},"query-input":{"@type":"PropertyValueSpecification","valueRequired":true,"valueName":"search_term_string"}}],"inLanguage":"fr-FR"}]}],"_links":{"self":[{"href":"https:\/\/www.tele-online.com\/fr\/wp-json\/wp\/v2\/pages\/789903"}],"collection":[{"href":"https:\/\/www.tele-online.com\/fr\/wp-json\/wp\/v2\/pages"}],"about":[{"href":"https:\/\/www.tele-online.com\/fr\/wp-json\/wp\/v2\/types\/page"}],"author":[{"embeddable":true,"href":"https:\/\/www.tele-online.com\/fr\/wp-json\/wp\/v2\/users\/44"}],"replies":[{"embeddable":true,"href":"https:\/\/www.tele-online.com\/fr\/wp-json\/wp\/v2\/comments?post=789903"}],"version-history":[{"count":1,"href":"https:\/\/www.tele-online.com\/fr\/wp-json\/wp\/v2\/pages\/789903\/revisions"}],"predecessor-version":[{"id":789904,"href":"https:\/\/www.tele-online.com\/fr\/wp-json\/wp\/v2\/pages\/789903\/revisions\/789904"}],"wp:featuredmedia":[{"embeddable":true,"href":"https:\/\/www.tele-online.com\/fr\/wp-json\/wp\/v2\/media\/767828"}],"wp:attachment":[{"href":"https:\/\/www.tele-online.com\/fr\/wp-json\/wp\/v2\/media?parent=789903"}],"curies":[{"name":"wp","href":"https:\/\/api.w.org\/{rel}","templated":true}]}}