{"id":789741,"date":"2024-06-13T10:17:20","modified":"2024-07-10T08:37:48","slug":"blog-sur-liot","status":"publish","type":"page","link":"https:\/\/www.tele-online.com\/fr\/blog-sur-liot\/","title":{"rendered":"Blog sur l&rsquo;IoT"},"content":{"rendered":"        <div\n            id=\"block_5514fc994d7ec7903cc5b7f24450e956\"\n            class=\"acf-block is-edit is-category-text\"\n            data-highlight=\"https:\/\/www.tele-online.com\/blog-sur-liot\/#highlightblock=block_5514fc994d7ec7903cc5b7f24450e956\"\n            data-block=\"headerslider\"\n        >\n                            <h2 class=\"acf-block-title\">\n                    <svg  xmlns=\"http:\/\/www.w3.org\/2000\/svg\"  width=\"24\"  height=\"24\"  viewBox=\"0 0 24 24\"  fill=\"none\"  stroke=\"currentColor\"  stroke-width=\"2\"  stroke-linecap=\"round\"  stroke-linejoin=\"round\"  class=\"icon icon-tabler icons-tabler-outline icon-tabler-align-left\"><path stroke=\"none\" d=\"M0 0h24v24H0z\" fill=\"none\"\/><path d=\"M4 6l16 0\" \/><path d=\"M4 12l10 0\" \/><path d=\"M4 18l14 0\" \/><\/svg>                    <span class=\"name\">Header Slider <\/span>\n                <\/h2>\n\n                                    <\/div>\n    \n\n        <div\n            id=\"block_3f958f336978d293ae5d9bb74529379d\"\n            class=\"acf-block is-edit is-category-text\"\n            data-highlight=\"https:\/\/www.tele-online.com\/blog-sur-liot\/#highlightblock=block_3f958f336978d293ae5d9bb74529379d\"\n            data-block=\"textblock\"\n        >\n                            <h2 class=\"acf-block-title\">\n                    <svg  xmlns=\"http:\/\/www.w3.org\/2000\/svg\"  width=\"24\"  height=\"24\"  viewBox=\"0 0 24 24\"  fill=\"none\"  stroke=\"currentColor\"  stroke-width=\"2\"  stroke-linecap=\"round\"  stroke-linejoin=\"round\"  class=\"icon icon-tabler icons-tabler-outline icon-tabler-align-left\"><path stroke=\"none\" d=\"M0 0h24v24H0z\" fill=\"none\"\/><path d=\"M4 6l16 0\" \/><path d=\"M4 12l10 0\" \/><path d=\"M4 18l14 0\" \/><\/svg>                    <span class=\"name\">Textblock <\/span>\n                <\/h2>\n\n                                    <\/div>\n    \n\n        <div\n            id=\"block_bb2d60814faa3c9b54534b3dd06d9892\"\n            class=\"acf-block is-edit is-category-text\"\n            data-highlight=\"https:\/\/www.tele-online.com\/blog-sur-liot\/#highlightblock=block_bb2d60814faa3c9b54534b3dd06d9892\"\n            data-block=\"newsslider\"\n        >\n                            <h2 class=\"acf-block-title\">\n                    <svg  xmlns=\"http:\/\/www.w3.org\/2000\/svg\"  width=\"24\"  height=\"24\"  viewBox=\"0 0 24 24\"  fill=\"none\"  stroke=\"currentColor\"  stroke-width=\"2\"  stroke-linecap=\"round\"  stroke-linejoin=\"round\"  class=\"icon icon-tabler icons-tabler-outline icon-tabler-align-left\"><path stroke=\"none\" d=\"M0 0h24v24H0z\" fill=\"none\"\/><path d=\"M4 6l16 0\" \/><path d=\"M4 12l10 0\" \/><path d=\"M4 18l14 0\" \/><\/svg>                    <span class=\"name\">News Slider <\/span>\n                <\/h2>\n\n                                    <\/div>\n    \n\n        <div\n            id=\"block_6e767400e87d53c6f0bdf1572450e337\"\n            class=\"acf-block is-edit is-category-text\"\n            data-highlight=\"https:\/\/www.tele-online.com\/blog-sur-liot\/#highlightblock=block_6e767400e87d53c6f0bdf1572450e337\"\n            data-block=\"iotformular\"\n        >\n                            <h2 class=\"acf-block-title\">\n                    <svg  xmlns=\"http:\/\/www.w3.org\/2000\/svg\"  width=\"24\"  height=\"24\"  viewBox=\"0 0 24 24\"  fill=\"none\"  stroke=\"currentColor\"  stroke-width=\"2\"  stroke-linecap=\"round\"  stroke-linejoin=\"round\"  class=\"icon icon-tabler icons-tabler-outline icon-tabler-align-left\"><path stroke=\"none\" d=\"M0 0h24v24H0z\" fill=\"none\"\/><path d=\"M4 6l16 0\" \/><path d=\"M4 12l10 0\" \/><path d=\"M4 18l14 0\" \/><\/svg>                    <span class=\"name\">IOT Formular <\/span>\n                <\/h2>\n\n                                    <\/div>\n    \n\n        <div\n            id=\"block_a198fe3e89e81107e7a25fb2b3d82444\"\n            class=\"acf-block is-edit is-category-text\"\n            data-highlight=\"https:\/\/www.tele-online.com\/blog-sur-liot\/#highlightblock=block_a198fe3e89e81107e7a25fb2b3d82444\"\n            data-block=\"kontaktteasermitarbeiter\"\n        >\n                            <h2 class=\"acf-block-title\">\n                    <svg  xmlns=\"http:\/\/www.w3.org\/2000\/svg\"  width=\"24\"  height=\"24\"  viewBox=\"0 0 24 24\"  fill=\"none\"  stroke=\"currentColor\"  stroke-width=\"2\"  stroke-linecap=\"round\"  stroke-linejoin=\"round\"  class=\"icon icon-tabler icons-tabler-outline icon-tabler-align-left\"><path stroke=\"none\" d=\"M0 0h24v24H0z\" fill=\"none\"\/><path d=\"M4 6l16 0\" \/><path d=\"M4 12l10 0\" \/><path d=\"M4 18l14 0\" \/><\/svg>                    <span class=\"name\">Kontakt Teaser Mitarbeiter <\/span>\n                <\/h2>\n\n                                    <\/div>\n    ","protected":false},"excerpt":{"rendered":"","protected":false},"author":48,"featured_media":769144,"parent":0,"template":"","acf":{"seo":[{"googleAuthor":"","googlePublisher":"","schemaName":"","schemaDescription":"","schemaImage":false}],"footer_link_block":false,"main_menu_ausblenden":false,"footer":{"footer_headline_powerd_by":"Powered By TELE","footer_text_powered_by":"","footer_logos":null,"footer_mylayout_logos":"normal","footer_text_oben":"<p><strong>TELE Haase Steuerger\u00e4te Ges.m.b.H.<\/strong> | Vorarlberger Allee 38 (direct access via Slamastra\u00dfe 37), 1230 Vienna | Austria<\/p>\n<p><strong>Opening Hours<\/strong>: Monday-Thursday 08:00 a.m. to 04:00 p.m. &amp; Friday 08:00 a.m. to 01:00 p.m.<\/p>\n<p><strong><a href=\"https:\/\/www.tele-online.com\/en\/contact\/\">Contact Details<\/a><\/strong><\/p>\n","footer_headline_social_media":"","footer_social_media":[{"icon":"<i class=\"icon-facebook\"><\/i>","link":"https:\/\/www.facebook.com\/TELE-Haase-Steuerger%C3%A4te-GesmbH-212293998940265\/?rf=195551397135836"},{"icon":"<i class=\"icon-linkedin\"><\/i>","link":"https:\/\/www.linkedin.com\/company\/tele-worldwide\/"},{"icon":"<i class=\"icon-youtube\"><\/i>","link":"https:\/\/www.youtube.com\/user\/telehaase\/featured"},{"icon":"<i class=\"icon-instagram\"><\/i>","link":"https:\/\/www.instagram.com\/tele_haase\/"}]},"nav_data":{"link":"","text":""},"wpmlurl":{"de":"\/","en":"\/en\/","us":"\/us\/","fr":"\/fr\/","es":"\/es\/"},"webblocks":[{"acf_fc_layout":"headerslider","acf_fc_id":"acf-block-69a23be2160fd","acf_fc_style":"","flexible":false,"submenu_aktivieren":false,"slide":[{"bild":{"ID":769144,"id":769144,"title":"IoT-Blog","filename":"IoT-Blog.jpg","filesize":53250,"url":"https:\/\/www.tele-online.com\/wp-content\/uploads\/2021\/05\/IoT-Blog.jpg","link":"https:\/\/www.tele-online.com\/fr\/iot\/attachment\/iot-blog-2\/","alt":"","author":"48","description":"","caption":"","name":"iot-blog-2","status":"inherit","uploaded_to":789723,"date":"2021-05-18 13:36:48","modified":"2024-06-13 08:15:28","menu_order":0,"mime_type":"image\/jpeg","type":"image","subtype":"jpeg","icon":"https:\/\/www.tele-online.com\/wp-includes\/images\/media\/default.png","width":1920,"height":1440,"sizes":{"thumbnail":"https:\/\/www.tele-online.com\/wp-content\/uploads\/2021\/05\/IoT-Blog-220x220.jpg","thumbnail-width":220,"thumbnail-height":220,"medium":"https:\/\/www.tele-online.com\/wp-content\/uploads\/2021\/05\/IoT-Blog-544x360.jpg","medium-width":544,"medium-height":360,"medium_large":"https:\/\/www.tele-online.com\/wp-content\/uploads\/2021\/05\/IoT-Blog-768x576.jpg","medium_large-width":768,"medium_large-height":576,"large":"https:\/\/www.tele-online.com\/wp-content\/uploads\/2021\/05\/IoT-Blog-780x520.jpg","large-width":780,"large-height":520,"1536x1536":"https:\/\/www.tele-online.com\/wp-content\/uploads\/2021\/05\/IoT-Blog-1536x1152.jpg","1536x1536-width":1536,"1536x1536-height":1152,"2048x2048":"https:\/\/www.tele-online.com\/wp-content\/uploads\/2021\/05\/IoT-Blog.jpg","2048x2048-width":1920,"2048x2048-height":1440,"hd":"https:\/\/www.tele-online.com\/wp-content\/uploads\/2021\/05\/IoT-Blog.jpg","hd-width":1920,"hd-height":1440,"galerie":"https:\/\/www.tele-online.com\/wp-content\/uploads\/2021\/05\/IoT-Blog-320x240.jpg","galerie-width":320,"galerie-height":240,"stellen":"https:\/\/www.tele-online.com\/wp-content\/uploads\/2021\/05\/IoT-Blog-400x400.jpg","stellen-width":400,"stellen-height":400}},"headline":"Blog sur l'IoT","link":{"title":"Contactez-nous","url":"mailto:peter.dollfuss@tele-haase.at","target":"_blank"},"subheadline":"Une lecture \u00e0 la fois large et approfondie - nos experts abordent l'IdO sous tous ses angles"}],"max_hohe":"70vh"},{"acf_fc_layout":"textblock","acf_fc_id":"acf-block-69a23be21715c","acf_fc_style":"","flexible":false,"text":"<h2 style=\"text-align: center\">L&rsquo;IdO \u00e0 lire avant et apr\u00e8s<\/h2>\n<p style=\"text-align: center\">Nous \u00e9crivons ce que vous avez toujours voulu savoir sur l&rsquo;IdO.<\/p>\n<p style=\"text-align: center\">\n","id":"","linie_oben_einblenden":false,"linie_unten_einblenden":false,"container":"small","hintergrund":"weis","box":false,"abstand_oben":"","abstand_unten":"50"},{"acf_fc_layout":"newsslider","acf_fc_id":"acf-block-69a23be217abf","acf_fc_style":"","flexible":false,"headline":"","link":"","text":"","kategorie":7378,"exclude_category":false},{"acf_fc_layout":"iotformular","acf_fc_id":"acf-block-69a23be217fb8","acf_fc_style":"","flexible":false,"headline":"Demander un projet IoT","button_text":"Demandes","text_datenschutz":"","text_newsletter_anmelden":"Je souhaite m'abonner \u00e0 la newsletter TELE.","text_erfolgreich_gesendet":"Votre demande a \u00e9t\u00e9 envoy\u00e9e avec succ\u00e8s. Nous vous contacterons sous peu.","text_fehler_beim_senden":"D\u00e9sol\u00e9, votre demande n'a pas pu \u00eatre envoy\u00e9e. Veuillez v\u00e9rifier votre saisie et r\u00e9essayer.","abstand_oben":"","abstand_unten":""},{"acf_fc_layout":"kontaktteasermitarbeiter","acf_fc_id":"acf-block-69a23be218684","acf_fc_style":"","flexible":false,"headline":"Parlez-nous!","text":"Vous avez un projet IoT en t\u00eate et vous avez besoin d'aide? Parlez-nous en, nous sommes peut-\u00eatre faits l'un pour l'autre!","type":"automatisch","mitarbeiter":193889,"mitarbeiter_fallback":45954,"telefon":"","telefon_gastautor":"","email_gastautor":"","termin_button_text":"","termin_button_link":"","id":"","hintergrund":"hellgruen","abstand_oben":"","abstand_unten":""}]},"yoast_head":"<!-- This site is optimized with the Yoast SEO plugin v24.5 - https:\/\/yoast.com\/wordpress\/plugins\/seo\/ -->\n<title>Blog sur l&#039;IoT - Tele Haase<\/title>\n<meta name=\"description\" content=\"D\u00e9veloppez votre expertise en mati\u00e8re d&#039;IoT et parcourez notre blog avec des t\u00e9moignages directement issus de la pratique du d\u00e9veloppement IoT.\" \/>\n<meta name=\"robots\" content=\"index, follow, max-snippet:-1, max-image-preview:large, max-video-preview:-1\" \/>\n<link rel=\"canonical\" href=\"https:\/\/www.tele-online.com\/fr\/blog-sur-liot\/\" \/>\n<meta property=\"og:locale\" content=\"fr_FR\" \/>\n<meta property=\"og:type\" content=\"article\" \/>\n<meta property=\"og:title\" content=\"Blog sur l&#039;IoT - Tele Haase\" \/>\n<meta property=\"og:description\" content=\"D\u00e9veloppez votre expertise en mati\u00e8re d&#039;IoT et parcourez notre blog avec des t\u00e9moignages directement issus de la pratique du d\u00e9veloppement IoT.\" \/>\n<meta property=\"og:url\" content=\"https:\/\/www.tele-online.com\/fr\/blog-sur-liot\/\" \/>\n<meta property=\"og:site_name\" content=\"Tele Haase\" \/>\n<meta property=\"article:modified_time\" content=\"2024-07-10T06:37:48+00:00\" \/>\n<meta property=\"og:image\" content=\"https:\/\/www.tele-online.com\/wp-content\/uploads\/2021\/05\/IoT-Blog.jpg\" \/>\n\t<meta property=\"og:image:width\" content=\"1920\" \/>\n\t<meta property=\"og:image:height\" content=\"1440\" \/>\n\t<meta property=\"og:image:type\" content=\"image\/jpeg\" \/>\n<meta name=\"twitter:card\" content=\"summary_large_image\" \/>\n<meta name=\"twitter:label1\" content=\"Dur\u00e9e de lecture estim\u00e9e\" \/>\n\t<meta name=\"twitter:data1\" content=\"1 minute\" \/>\n<script type=\"application\/ld+json\" class=\"yoast-schema-graph\">{\"@context\":\"https:\/\/schema.org\",\"@graph\":[{\"@type\":\"WebPage\",\"@id\":\"https:\/\/www.tele-online.com\/fr\/blog-sur-liot\/\",\"url\":\"https:\/\/www.tele-online.com\/fr\/blog-sur-liot\/\",\"name\":\"Blog sur l'IoT - Tele Haase\",\"isPartOf\":{\"@id\":\"https:\/\/www.tele-online.com\/fr\/#website\"},\"primaryImageOfPage\":{\"@id\":\"https:\/\/www.tele-online.com\/fr\/blog-sur-liot\/#primaryimage\"},\"image\":{\"@id\":\"https:\/\/www.tele-online.com\/fr\/blog-sur-liot\/#primaryimage\"},\"thumbnailUrl\":\"https:\/\/www.tele-online.com\/wp-content\/uploads\/2021\/05\/IoT-Blog.jpg\",\"datePublished\":\"2024-06-13T08:17:20+00:00\",\"dateModified\":\"2024-07-10T06:37:48+00:00\",\"description\":\"D\u00e9veloppez votre expertise en mati\u00e8re d'IoT et parcourez notre blog avec des t\u00e9moignages directement issus de la pratique du d\u00e9veloppement IoT.\",\"breadcrumb\":{\"@id\":\"https:\/\/www.tele-online.com\/fr\/blog-sur-liot\/#breadcrumb\"},\"inLanguage\":\"fr-FR\",\"potentialAction\":[{\"@type\":\"ReadAction\",\"target\":[\"https:\/\/www.tele-online.com\/fr\/blog-sur-liot\/\"]}]},{\"@type\":\"ImageObject\",\"inLanguage\":\"fr-FR\",\"@id\":\"https:\/\/www.tele-online.com\/fr\/blog-sur-liot\/#primaryimage\",\"url\":\"https:\/\/www.tele-online.com\/wp-content\/uploads\/2021\/05\/IoT-Blog.jpg\",\"contentUrl\":\"https:\/\/www.tele-online.com\/wp-content\/uploads\/2021\/05\/IoT-Blog.jpg\",\"width\":1920,\"height\":1440},{\"@type\":\"BreadcrumbList\",\"@id\":\"https:\/\/www.tele-online.com\/fr\/blog-sur-liot\/#breadcrumb\",\"itemListElement\":[{\"@type\":\"ListItem\",\"position\":1,\"name\":\"Startseite\",\"item\":\"https:\/\/www.tele-online.com\/fr\/\"},{\"@type\":\"ListItem\",\"position\":2,\"name\":\"Blog sur l&#8217;IoT\"}]},{\"@type\":\"WebSite\",\"@id\":\"https:\/\/www.tele-online.com\/fr\/#website\",\"url\":\"https:\/\/www.tele-online.com\/fr\/\",\"name\":\"Tele Haase\",\"description\":\"Your Smart Factory\",\"potentialAction\":[{\"@type\":\"SearchAction\",\"target\":{\"@type\":\"EntryPoint\",\"urlTemplate\":\"https:\/\/www.tele-online.com\/fr\/?s={search_term_string}\"},\"query-input\":{\"@type\":\"PropertyValueSpecification\",\"valueRequired\":true,\"valueName\":\"search_term_string\"}}],\"inLanguage\":\"fr-FR\"}]}<\/script>\n<!-- \/ Yoast SEO plugin. -->","yoast_head_json":{"title":"Blog sur l'IoT - Tele Haase","description":"D\u00e9veloppez votre expertise en mati\u00e8re d'IoT et parcourez notre blog avec des t\u00e9moignages directement issus de la pratique du d\u00e9veloppement IoT.","robots":{"index":"index","follow":"follow","max-snippet":"max-snippet:-1","max-image-preview":"max-image-preview:large","max-video-preview":"max-video-preview:-1"},"canonical":"https:\/\/www.tele-online.com\/fr\/blog-sur-liot\/","og_locale":"fr_FR","og_type":"article","og_title":"Blog sur l'IoT - Tele Haase","og_description":"D\u00e9veloppez votre expertise en mati\u00e8re d'IoT et parcourez notre blog avec des t\u00e9moignages directement issus de la pratique du d\u00e9veloppement IoT.","og_url":"https:\/\/www.tele-online.com\/fr\/blog-sur-liot\/","og_site_name":"Tele Haase","article_modified_time":"2024-07-10T06:37:48+00:00","og_image":[{"width":1920,"height":1440,"url":"https:\/\/www.tele-online.com\/wp-content\/uploads\/2021\/05\/IoT-Blog.jpg","type":"image\/jpeg"}],"twitter_card":"summary_large_image","twitter_misc":{"Dur\u00e9e de lecture estim\u00e9e":"1 minute"},"schema":{"@context":"https:\/\/schema.org","@graph":[{"@type":"WebPage","@id":"https:\/\/www.tele-online.com\/fr\/blog-sur-liot\/","url":"https:\/\/www.tele-online.com\/fr\/blog-sur-liot\/","name":"Blog sur l'IoT - Tele Haase","isPartOf":{"@id":"https:\/\/www.tele-online.com\/fr\/#website"},"primaryImageOfPage":{"@id":"https:\/\/www.tele-online.com\/fr\/blog-sur-liot\/#primaryimage"},"image":{"@id":"https:\/\/www.tele-online.com\/fr\/blog-sur-liot\/#primaryimage"},"thumbnailUrl":"https:\/\/www.tele-online.com\/wp-content\/uploads\/2021\/05\/IoT-Blog.jpg","datePublished":"2024-06-13T08:17:20+00:00","dateModified":"2024-07-10T06:37:48+00:00","description":"D\u00e9veloppez votre expertise en mati\u00e8re d'IoT et parcourez notre blog avec des t\u00e9moignages directement issus de la pratique du d\u00e9veloppement IoT.","breadcrumb":{"@id":"https:\/\/www.tele-online.com\/fr\/blog-sur-liot\/#breadcrumb"},"inLanguage":"fr-FR","potentialAction":[{"@type":"ReadAction","target":["https:\/\/www.tele-online.com\/fr\/blog-sur-liot\/"]}]},{"@type":"ImageObject","inLanguage":"fr-FR","@id":"https:\/\/www.tele-online.com\/fr\/blog-sur-liot\/#primaryimage","url":"https:\/\/www.tele-online.com\/wp-content\/uploads\/2021\/05\/IoT-Blog.jpg","contentUrl":"https:\/\/www.tele-online.com\/wp-content\/uploads\/2021\/05\/IoT-Blog.jpg","width":1920,"height":1440},{"@type":"BreadcrumbList","@id":"https:\/\/www.tele-online.com\/fr\/blog-sur-liot\/#breadcrumb","itemListElement":[{"@type":"ListItem","position":1,"name":"Startseite","item":"https:\/\/www.tele-online.com\/fr\/"},{"@type":"ListItem","position":2,"name":"Blog sur l&#8217;IoT"}]},{"@type":"WebSite","@id":"https:\/\/www.tele-online.com\/fr\/#website","url":"https:\/\/www.tele-online.com\/fr\/","name":"Tele Haase","description":"Your Smart Factory","potentialAction":[{"@type":"SearchAction","target":{"@type":"EntryPoint","urlTemplate":"https:\/\/www.tele-online.com\/fr\/?s={search_term_string}"},"query-input":{"@type":"PropertyValueSpecification","valueRequired":true,"valueName":"search_term_string"}}],"inLanguage":"fr-FR"}]}},"yoast_data":{"yoast_wpseo_canonical":"https:\/\/www.tele-online.com\/fr\/blog-sur-liot\/","yoast_wpseo_opengraph_image":"https:\/\/www.tele-online.com\/wp-content\/uploads\/2021\/05\/IoT-Blog.jpg","yoast_wpseo_metadesc":"D\u00e9veloppez votre expertise en mati\u00e8re d'IoT et parcourez notre blog avec des t\u00e9moignages directement issus de la pratique du d\u00e9veloppement IoT.","yoast_wpseo_meta_robots_noindex":"","yoast_wpseo_meta_robots_nofollow":""},"footer_links":null,"yoasttitle":"Blog sur l&rsquo;IoT - Tele Haase","yoast_title":"Blog sur l&#039;IoT - Tele Haase","yoast_meta":[{"name":"description","content":"D\u00e9veloppez votre expertise en mati\u00e8re d&#039;IoT et parcourez notre blog avec des t\u00e9moignages directement issus de la pratique du d\u00e9veloppement IoT."},{"name":"robots","content":"index, follow, max-snippet:-1, max-image-preview:large, max-video-preview:-1"},{"property":"og:locale","content":"fr_FR"},{"property":"og:type","content":"article"},{"property":"og:title","content":"Blog sur l&#039;IoT - Tele Haase"},{"property":"og:description","content":"D\u00e9veloppez votre expertise en mati\u00e8re d&#039;IoT et parcourez notre blog avec des t\u00e9moignages directement issus de la pratique du d\u00e9veloppement IoT."},{"property":"og:url","content":"https:\/\/www.tele-online.com\/fr\/blog-sur-liot\/"},{"property":"og:site_name","content":"Tele Haase"},{"property":"article:modified_time","content":"2024-07-10T06:37:48+00:00"},{"property":"og:image","content":"https:\/\/www.tele-online.com\/wp-content\/uploads\/2021\/05\/IoT-Blog.jpg"},{"property":"og:image:width","content":"1920"},{"property":"og:image:height","content":"1440"},{"property":"og:image:type","content":"image\/jpeg"},{"name":"twitter:card","content":"summary_large_image"},{"name":"twitter:label1","content":"Dur\u00e9e de lecture estim\u00e9e"},{"name":"twitter:data1","content":"1 minute"},{"name":"robots","content":"index, follow, max-image-preview:large, max-snippet:-1, max-video-preview:-1"}],"yoast_json_ld":[{"@context":"https:\/\/schema.org","@graph":[{"@type":"WebPage","@id":"https:\/\/www.tele-online.com\/fr\/blog-sur-liot\/","url":"https:\/\/www.tele-online.com\/fr\/blog-sur-liot\/","name":"Blog sur l'IoT - Tele Haase","isPartOf":{"@id":"https:\/\/www.tele-online.com\/fr\/#website"},"primaryImageOfPage":{"@id":"https:\/\/www.tele-online.com\/fr\/blog-sur-liot\/#primaryimage"},"image":{"@id":"https:\/\/www.tele-online.com\/fr\/blog-sur-liot\/#primaryimage"},"thumbnailUrl":"https:\/\/www.tele-online.com\/wp-content\/uploads\/2021\/05\/IoT-Blog.jpg","datePublished":"2024-06-13T08:17:20+00:00","dateModified":"2024-07-10T06:37:48+00:00","description":"D&eacute;veloppez votre expertise en mati&egrave;re d'IoT et parcourez notre blog avec des t&eacute;moignages directement issus de la pratique du d&eacute;veloppement IoT.","breadcrumb":{"@id":"https:\/\/www.tele-online.com\/fr\/blog-sur-liot\/#breadcrumb"},"inLanguage":"fr-FR","potentialAction":[{"@type":"ReadAction","target":["https:\/\/www.tele-online.com\/fr\/blog-sur-liot\/"]}]},{"@type":"ImageObject","inLanguage":"fr-FR","@id":"https:\/\/www.tele-online.com\/fr\/blog-sur-liot\/#primaryimage","url":"https:\/\/www.tele-online.com\/wp-content\/uploads\/2021\/05\/IoT-Blog.jpg","contentUrl":"https:\/\/www.tele-online.com\/wp-content\/uploads\/2021\/05\/IoT-Blog.jpg","width":1920,"height":1440},{"@type":"BreadcrumbList","@id":"https:\/\/www.tele-online.com\/fr\/blog-sur-liot\/#breadcrumb","itemListElement":[{"@type":"ListItem","position":1,"name":"Startseite","item":"https:\/\/www.tele-online.com\/fr\/"},{"@type":"ListItem","position":2,"name":"Blog sur l&#8217;IoT"}]},{"@type":"WebSite","@id":"https:\/\/www.tele-online.com\/fr\/#website","url":"https:\/\/www.tele-online.com\/fr\/","name":"Tele Haase","description":"Your Smart Factory","potentialAction":[{"@type":"SearchAction","target":{"@type":"EntryPoint","urlTemplate":"https:\/\/www.tele-online.com\/fr\/?s={search_term_string}"},"query-input":{"@type":"PropertyValueSpecification","valueRequired":true,"valueName":"search_term_string"}}],"inLanguage":"fr-FR"}]}],"_links":{"self":[{"href":"https:\/\/www.tele-online.com\/fr\/wp-json\/wp\/v2\/pages\/789741"}],"collection":[{"href":"https:\/\/www.tele-online.com\/fr\/wp-json\/wp\/v2\/pages"}],"about":[{"href":"https:\/\/www.tele-online.com\/fr\/wp-json\/wp\/v2\/types\/page"}],"author":[{"embeddable":true,"href":"https:\/\/www.tele-online.com\/fr\/wp-json\/wp\/v2\/users\/48"}],"replies":[{"embeddable":true,"href":"https:\/\/www.tele-online.com\/fr\/wp-json\/wp\/v2\/comments?post=789741"}],"version-history":[{"count":2,"href":"https:\/\/www.tele-online.com\/fr\/wp-json\/wp\/v2\/pages\/789741\/revisions"}],"predecessor-version":[{"id":795934,"href":"https:\/\/www.tele-online.com\/fr\/wp-json\/wp\/v2\/pages\/789741\/revisions\/795934"}],"wp:featuredmedia":[{"embeddable":true,"href":"https:\/\/www.tele-online.com\/fr\/wp-json\/wp\/v2\/media\/769144"}],"wp:attachment":[{"href":"https:\/\/www.tele-online.com\/fr\/wp-json\/wp\/v2\/media?parent=789741"}],"curies":[{"name":"wp","href":"https:\/\/api.w.org\/{rel}","templated":true}]}}