{"id":789738,"date":"2024-06-13T10:16:44","modified":"2024-07-10T08:39:18","slug":"exemples-dapplications-iot","status":"publish","type":"page","link":"https:\/\/www.tele-online.com\/fr\/exemples-dapplications-iot\/","title":{"rendered":"Exemples d&rsquo;applications IoT"},"content":{"rendered":"        <div\n            id=\"block_d123304365f5581debbc2cc55220a539\"\n            class=\"acf-block is-edit is-category-text\"\n            data-highlight=\"https:\/\/www.tele-online.com\/exemples-dapplications-iot\/#highlightblock=block_d123304365f5581debbc2cc55220a539\"\n            data-block=\"headerslider\"\n        >\n                            <h2 class=\"acf-block-title\">\n                    <svg  xmlns=\"http:\/\/www.w3.org\/2000\/svg\"  width=\"24\"  height=\"24\"  viewBox=\"0 0 24 24\"  fill=\"none\"  stroke=\"currentColor\"  stroke-width=\"2\"  stroke-linecap=\"round\"  stroke-linejoin=\"round\"  class=\"icon icon-tabler icons-tabler-outline icon-tabler-align-left\"><path stroke=\"none\" d=\"M0 0h24v24H0z\" fill=\"none\"\/><path d=\"M4 6l16 0\" \/><path d=\"M4 12l10 0\" \/><path d=\"M4 18l14 0\" \/><\/svg>                    <span class=\"name\">Header Slider <\/span>\n                <\/h2>\n\n                                    <\/div>\n    \n\n        <div\n            id=\"block_419e3726161bc3c723228ec9f2e8f50c\"\n            class=\"acf-block is-edit is-category-text\"\n            data-highlight=\"https:\/\/www.tele-online.com\/exemples-dapplications-iot\/#highlightblock=block_419e3726161bc3c723228ec9f2e8f50c\"\n            data-block=\"textblock\"\n        >\n                            <h2 class=\"acf-block-title\">\n                    <svg  xmlns=\"http:\/\/www.w3.org\/2000\/svg\"  width=\"24\"  height=\"24\"  viewBox=\"0 0 24 24\"  fill=\"none\"  stroke=\"currentColor\"  stroke-width=\"2\"  stroke-linecap=\"round\"  stroke-linejoin=\"round\"  class=\"icon icon-tabler icons-tabler-outline icon-tabler-align-left\"><path stroke=\"none\" d=\"M0 0h24v24H0z\" fill=\"none\"\/><path d=\"M4 6l16 0\" \/><path d=\"M4 12l10 0\" \/><path d=\"M4 18l14 0\" \/><\/svg>                    <span class=\"name\">Textblock <\/span>\n                <\/h2>\n\n                                    <\/div>\n    \n\n        <div\n            id=\"block_ea5fb1a3263ae611919d3246dda0492d\"\n            class=\"acf-block is-edit is-category-text\"\n            data-highlight=\"https:\/\/www.tele-online.com\/exemples-dapplications-iot\/#highlightblock=block_ea5fb1a3263ae611919d3246dda0492d\"\n            data-block=\"newsteaser\"\n        >\n                            <h2 class=\"acf-block-title\">\n                    <svg  xmlns=\"http:\/\/www.w3.org\/2000\/svg\"  width=\"24\"  height=\"24\"  viewBox=\"0 0 24 24\"  fill=\"none\"  stroke=\"currentColor\"  stroke-width=\"2\"  stroke-linecap=\"round\"  stroke-linejoin=\"round\"  class=\"icon icon-tabler icons-tabler-outline icon-tabler-align-left\"><path stroke=\"none\" d=\"M0 0h24v24H0z\" fill=\"none\"\/><path d=\"M4 6l16 0\" \/><path d=\"M4 12l10 0\" \/><path d=\"M4 18l14 0\" \/><\/svg>                    <span class=\"name\">News Teaser <\/span>\n                <\/h2>\n\n                                    <\/div>\n    \n\n        <div\n            id=\"block_d8611f7ce60d6837576c6239931bb296\"\n            class=\"acf-block is-edit is-category-text\"\n            data-highlight=\"https:\/\/www.tele-online.com\/exemples-dapplications-iot\/#highlightblock=block_d8611f7ce60d6837576c6239931bb296\"\n            data-block=\"iotformular\"\n        >\n                            <h2 class=\"acf-block-title\">\n                    <svg  xmlns=\"http:\/\/www.w3.org\/2000\/svg\"  width=\"24\"  height=\"24\"  viewBox=\"0 0 24 24\"  fill=\"none\"  stroke=\"currentColor\"  stroke-width=\"2\"  stroke-linecap=\"round\"  stroke-linejoin=\"round\"  class=\"icon icon-tabler icons-tabler-outline icon-tabler-align-left\"><path stroke=\"none\" d=\"M0 0h24v24H0z\" fill=\"none\"\/><path d=\"M4 6l16 0\" \/><path d=\"M4 12l10 0\" \/><path d=\"M4 18l14 0\" \/><\/svg>                    <span class=\"name\">IOT Formular <\/span>\n                <\/h2>\n\n                                    <\/div>\n    \n\n        <div\n            id=\"block_eab94e5e90d33130feb3a4eb4d95e76a\"\n            class=\"acf-block is-edit is-category-text\"\n            data-highlight=\"https:\/\/www.tele-online.com\/exemples-dapplications-iot\/#highlightblock=block_eab94e5e90d33130feb3a4eb4d95e76a\"\n            data-block=\"kontaktteasermitarbeiter\"\n        >\n                            <h2 class=\"acf-block-title\">\n                    <svg  xmlns=\"http:\/\/www.w3.org\/2000\/svg\"  width=\"24\"  height=\"24\"  viewBox=\"0 0 24 24\"  fill=\"none\"  stroke=\"currentColor\"  stroke-width=\"2\"  stroke-linecap=\"round\"  stroke-linejoin=\"round\"  class=\"icon icon-tabler icons-tabler-outline icon-tabler-align-left\"><path stroke=\"none\" d=\"M0 0h24v24H0z\" fill=\"none\"\/><path d=\"M4 6l16 0\" \/><path d=\"M4 12l10 0\" \/><path d=\"M4 18l14 0\" \/><\/svg>                    <span class=\"name\">Kontakt Teaser Mitarbeiter <\/span>\n                <\/h2>\n\n                                    <\/div>\n    ","protected":false},"excerpt":{"rendered":"","protected":false},"author":48,"featured_media":789739,"parent":0,"template":"","acf":{"seo":[{"googleAuthor":"","googlePublisher":"","schemaName":"","schemaDescription":"","schemaImage":false}],"main_menu_ausblenden":false,"footer_link_block":false,"footer":{"footer_headline_powerd_by":"Powered By TELE","footer_text_powered_by":"","footer_logos":null,"footer_mylayout_logos":"normal","footer_text_oben":"<p><strong>TELE Haase Steuerger\u00e4te Ges.m.b.H.<\/strong> | Vorarlberger Allee 38 (direct access via Slamastra\u00dfe 37), 1230 Vienna | Austria<\/p>\n<p><strong>Opening Hours<\/strong>: Monday-Thursday 08:00 a.m. to 04:00 p.m. &amp; Friday 08:00 a.m. to 01:00 p.m.<\/p>\n<p><strong><a href=\"https:\/\/www.tele-online.com\/en\/contact\/\">Contact Details<\/a><\/strong><\/p>\n","footer_headline_social_media":"","footer_social_media":[{"icon":"<i class=\"icon-facebook\"><\/i>","link":"https:\/\/www.facebook.com\/TELE-Haase-Steuerger%C3%A4te-GesmbH-212293998940265\/?rf=195551397135836"},{"icon":"<i class=\"icon-linkedin\"><\/i>","link":"https:\/\/www.linkedin.com\/company\/tele-worldwide\/"},{"icon":"<i class=\"icon-youtube\"><\/i>","link":"https:\/\/www.youtube.com\/user\/telehaase\/featured"},{"icon":"<i class=\"icon-instagram\"><\/i>","link":"https:\/\/www.instagram.com\/tele_haase\/"}]},"nav_data":{"link":"","text":""},"wpmlurl":{"de":"\/","en":"\/en\/","us":"\/us\/","fr":"\/fr\/","es":"\/es\/"},"webblocks":[{"acf_fc_layout":"headerslider","acf_fc_id":"acf-block-69a23be03a623","acf_fc_style":"","flexible":false,"submenu_aktivieren":false,"slide":[{"bild":{"ID":789739,"id":789739,"title":"TELE-IoT-Applications","filename":"TELE-IoT-Applications.jpg","filesize":285462,"url":"https:\/\/www.tele-online.com\/wp-content\/uploads\/2022\/03\/TELE-IoT-Applications.jpg","link":"https:\/\/www.tele-online.com\/fr\/exemples-dapplications-iot\/attachment\/tele-iot-applications-2\/","alt":"","author":"48","description":"TELE-IoT-Applications","caption":"","name":"tele-iot-applications-2","status":"inherit","uploaded_to":789738,"date":"2022-03-14 13:11:19","modified":"2022-03-14 13:11:19","menu_order":0,"mime_type":"image\/jpeg","type":"image","subtype":"jpeg","icon":"https:\/\/www.tele-online.com\/wp-includes\/images\/media\/default.png","width":1463,"height":969,"sizes":{"thumbnail":"https:\/\/www.tele-online.com\/wp-content\/uploads\/2022\/03\/TELE-IoT-Applications-220x220.jpg","thumbnail-width":220,"thumbnail-height":220,"medium":"https:\/\/www.tele-online.com\/wp-content\/uploads\/2022\/03\/TELE-IoT-Applications-544x360.jpg","medium-width":544,"medium-height":360,"medium_large":"https:\/\/www.tele-online.com\/wp-content\/uploads\/2022\/03\/TELE-IoT-Applications-768x509.jpg","medium_large-width":768,"medium_large-height":509,"large":"https:\/\/www.tele-online.com\/wp-content\/uploads\/2022\/03\/TELE-IoT-Applications-780x520.jpg","large-width":780,"large-height":520,"1536x1536":"https:\/\/www.tele-online.com\/wp-content\/uploads\/2022\/03\/TELE-IoT-Applications.jpg","1536x1536-width":1463,"1536x1536-height":969,"2048x2048":"https:\/\/www.tele-online.com\/wp-content\/uploads\/2022\/03\/TELE-IoT-Applications.jpg","2048x2048-width":1463,"2048x2048-height":969,"hd":"https:\/\/www.tele-online.com\/wp-content\/uploads\/2022\/03\/TELE-IoT-Applications.jpg","hd-width":1463,"hd-height":969,"galerie":"https:\/\/www.tele-online.com\/wp-content\/uploads\/2022\/03\/TELE-IoT-Applications-320x212.jpg","galerie-width":320,"galerie-height":212,"stellen":"https:\/\/www.tele-online.com\/wp-content\/uploads\/2022\/03\/TELE-IoT-Applications-400x400.jpg","stellen-width":400,"stellen-height":400}},"headline":"Exemples d'applications IoT","link":{"title":"Contactez-nous","url":"mailto:peter.dollfuss@tele-haase.at","target":"_blank"},"subheadline":"L'IoT en pratique - o\u00f9 il peut y avoir des obstacles et ce qui nous facilite d\u00e9j\u00e0 la vie."}],"max_hohe":"70vh"},{"acf_fc_layout":"textblock","acf_fc_id":"acf-block-69a23be03b5c2","acf_fc_style":"","flexible":false,"text":"<h2 style=\"text-align: center\">L&rsquo;IoT en pratique<\/h2>\n<p style=\"text-align: center\">Nous vous montrons comment l&rsquo;IdO facilite la vie des fabricants et des utilisateurs.<\/p>\n<p style=\"text-align: center\">\n","id":"","linie_oben_einblenden":false,"linie_unten_einblenden":false,"container":"small","hintergrund":"weis","box":false,"abstand_oben":"","abstand_unten":"50"},{"acf_fc_layout":"newsteaser","acf_fc_id":"acf-block-69a23be03bfbf","acf_fc_style":"","flexible":false,"platzhalter_suche":"","kategorie":7459},{"acf_fc_layout":"iotformular","acf_fc_id":"acf-block-69a23be03c18f","acf_fc_style":"","flexible":false,"headline":"Demander un projet IoT","button_text":"Demandes","text_datenschutz":"","text_newsletter_anmelden":"Je souhaite m'abonner \u00e0 la newsletter TELE.","text_erfolgreich_gesendet":"Votre demande a \u00e9t\u00e9 envoy\u00e9e avec succ\u00e8s. Nous vous contacterons sous peu.","text_fehler_beim_senden":"D\u00e9sol\u00e9, votre demande n'a pas pu \u00eatre envoy\u00e9e. Veuillez v\u00e9rifier votre saisie et r\u00e9essayer.","abstand_oben":"","abstand_unten":""},{"acf_fc_layout":"kontaktteasermitarbeiter","acf_fc_id":"acf-block-69a23be03c88a","acf_fc_style":"","flexible":false,"headline":"Parlez-nous!","text":"L'IdO ne fait pas seulement son entr\u00e9e dans notre vie quotidienne, il conquiert \u00e9galement presque tous les secteurs de l'industrie. Nous vous montrons des exemples passionnants.","type":"automatisch","mitarbeiter":193889,"mitarbeiter_fallback":45954,"telefon":"","telefon_gastautor":"","email_gastautor":"","termin_button_text":"","termin_button_link":"","id":"","hintergrund":"hellgruen","abstand_oben":"","abstand_unten":""}]},"yoast_head":"<!-- This site is optimized with the Yoast SEO plugin v24.5 - https:\/\/yoast.com\/wordpress\/plugins\/seo\/ -->\n<title>Exemples d&#039;applications IoT - Tele Haase<\/title>\n<meta name=\"description\" content=\"L&#039;IdO ne fait pas seulement son entr\u00e9e dans notre vie quotidienne, il conquiert \u00e9galement presque tous les secteurs de l&#039;industrie. Nous vous montrons des exemples passionnants.\" \/>\n<meta name=\"robots\" content=\"index, follow, max-snippet:-1, max-image-preview:large, max-video-preview:-1\" \/>\n<link rel=\"canonical\" href=\"https:\/\/www.tele-online.com\/fr\/exemples-dapplications-iot\/\" \/>\n<meta property=\"og:locale\" content=\"fr_FR\" \/>\n<meta property=\"og:type\" content=\"article\" \/>\n<meta property=\"og:title\" content=\"Exemples d&#039;applications IoT - Tele Haase\" \/>\n<meta property=\"og:description\" content=\"L&#039;IdO ne fait pas seulement son entr\u00e9e dans notre vie quotidienne, il conquiert \u00e9galement presque tous les secteurs de l&#039;industrie. Nous vous montrons des exemples passionnants.\" \/>\n<meta property=\"og:url\" content=\"https:\/\/www.tele-online.com\/fr\/exemples-dapplications-iot\/\" \/>\n<meta property=\"og:site_name\" content=\"Tele Haase\" \/>\n<meta property=\"article:modified_time\" content=\"2024-07-10T06:39:18+00:00\" \/>\n<meta property=\"og:image\" content=\"https:\/\/www.tele-online.com\/wp-content\/uploads\/2022\/03\/TELE-IoT-Applications.jpg\" \/>\n\t<meta property=\"og:image:width\" content=\"1463\" \/>\n\t<meta property=\"og:image:height\" content=\"969\" \/>\n\t<meta property=\"og:image:type\" content=\"image\/jpeg\" \/>\n<meta name=\"twitter:card\" content=\"summary_large_image\" \/>\n<meta name=\"twitter:label1\" content=\"Dur\u00e9e de lecture estim\u00e9e\" \/>\n\t<meta name=\"twitter:data1\" content=\"1 minute\" \/>\n<script type=\"application\/ld+json\" class=\"yoast-schema-graph\">{\"@context\":\"https:\/\/schema.org\",\"@graph\":[{\"@type\":\"WebPage\",\"@id\":\"https:\/\/www.tele-online.com\/fr\/exemples-dapplications-iot\/\",\"url\":\"https:\/\/www.tele-online.com\/fr\/exemples-dapplications-iot\/\",\"name\":\"Exemples d'applications IoT - Tele Haase\",\"isPartOf\":{\"@id\":\"https:\/\/www.tele-online.com\/fr\/#website\"},\"primaryImageOfPage\":{\"@id\":\"https:\/\/www.tele-online.com\/fr\/exemples-dapplications-iot\/#primaryimage\"},\"image\":{\"@id\":\"https:\/\/www.tele-online.com\/fr\/exemples-dapplications-iot\/#primaryimage\"},\"thumbnailUrl\":\"https:\/\/www.tele-online.com\/wp-content\/uploads\/2022\/03\/TELE-IoT-Applications.jpg\",\"datePublished\":\"2024-06-13T08:16:44+00:00\",\"dateModified\":\"2024-07-10T06:39:18+00:00\",\"description\":\"L'IdO ne fait pas seulement son entr\u00e9e dans notre vie quotidienne, il conquiert \u00e9galement presque tous les secteurs de l'industrie. Nous vous montrons des exemples passionnants.\",\"breadcrumb\":{\"@id\":\"https:\/\/www.tele-online.com\/fr\/exemples-dapplications-iot\/#breadcrumb\"},\"inLanguage\":\"fr-FR\",\"potentialAction\":[{\"@type\":\"ReadAction\",\"target\":[\"https:\/\/www.tele-online.com\/fr\/exemples-dapplications-iot\/\"]}]},{\"@type\":\"ImageObject\",\"inLanguage\":\"fr-FR\",\"@id\":\"https:\/\/www.tele-online.com\/fr\/exemples-dapplications-iot\/#primaryimage\",\"url\":\"https:\/\/www.tele-online.com\/wp-content\/uploads\/2022\/03\/TELE-IoT-Applications.jpg\",\"contentUrl\":\"https:\/\/www.tele-online.com\/wp-content\/uploads\/2022\/03\/TELE-IoT-Applications.jpg\",\"width\":1463,\"height\":969},{\"@type\":\"BreadcrumbList\",\"@id\":\"https:\/\/www.tele-online.com\/fr\/exemples-dapplications-iot\/#breadcrumb\",\"itemListElement\":[{\"@type\":\"ListItem\",\"position\":1,\"name\":\"Startseite\",\"item\":\"https:\/\/www.tele-online.com\/fr\/\"},{\"@type\":\"ListItem\",\"position\":2,\"name\":\"Exemples d&#8217;applications IoT\"}]},{\"@type\":\"WebSite\",\"@id\":\"https:\/\/www.tele-online.com\/fr\/#website\",\"url\":\"https:\/\/www.tele-online.com\/fr\/\",\"name\":\"Tele Haase\",\"description\":\"Your Smart Factory\",\"potentialAction\":[{\"@type\":\"SearchAction\",\"target\":{\"@type\":\"EntryPoint\",\"urlTemplate\":\"https:\/\/www.tele-online.com\/fr\/?s={search_term_string}\"},\"query-input\":{\"@type\":\"PropertyValueSpecification\",\"valueRequired\":true,\"valueName\":\"search_term_string\"}}],\"inLanguage\":\"fr-FR\"}]}<\/script>\n<!-- \/ Yoast SEO plugin. -->","yoast_head_json":{"title":"Exemples d'applications IoT - Tele Haase","description":"L'IdO ne fait pas seulement son entr\u00e9e dans notre vie quotidienne, il conquiert \u00e9galement presque tous les secteurs de l'industrie. Nous vous montrons des exemples passionnants.","robots":{"index":"index","follow":"follow","max-snippet":"max-snippet:-1","max-image-preview":"max-image-preview:large","max-video-preview":"max-video-preview:-1"},"canonical":"https:\/\/www.tele-online.com\/fr\/exemples-dapplications-iot\/","og_locale":"fr_FR","og_type":"article","og_title":"Exemples d'applications IoT - Tele Haase","og_description":"L'IdO ne fait pas seulement son entr\u00e9e dans notre vie quotidienne, il conquiert \u00e9galement presque tous les secteurs de l'industrie. Nous vous montrons des exemples passionnants.","og_url":"https:\/\/www.tele-online.com\/fr\/exemples-dapplications-iot\/","og_site_name":"Tele Haase","article_modified_time":"2024-07-10T06:39:18+00:00","og_image":[{"width":1463,"height":969,"url":"https:\/\/www.tele-online.com\/wp-content\/uploads\/2022\/03\/TELE-IoT-Applications.jpg","type":"image\/jpeg"}],"twitter_card":"summary_large_image","twitter_misc":{"Dur\u00e9e de lecture estim\u00e9e":"1 minute"},"schema":{"@context":"https:\/\/schema.org","@graph":[{"@type":"WebPage","@id":"https:\/\/www.tele-online.com\/fr\/exemples-dapplications-iot\/","url":"https:\/\/www.tele-online.com\/fr\/exemples-dapplications-iot\/","name":"Exemples d'applications IoT - Tele Haase","isPartOf":{"@id":"https:\/\/www.tele-online.com\/fr\/#website"},"primaryImageOfPage":{"@id":"https:\/\/www.tele-online.com\/fr\/exemples-dapplications-iot\/#primaryimage"},"image":{"@id":"https:\/\/www.tele-online.com\/fr\/exemples-dapplications-iot\/#primaryimage"},"thumbnailUrl":"https:\/\/www.tele-online.com\/wp-content\/uploads\/2022\/03\/TELE-IoT-Applications.jpg","datePublished":"2024-06-13T08:16:44+00:00","dateModified":"2024-07-10T06:39:18+00:00","description":"L'IdO ne fait pas seulement son entr\u00e9e dans notre vie quotidienne, il conquiert \u00e9galement presque tous les secteurs de l'industrie. Nous vous montrons des exemples passionnants.","breadcrumb":{"@id":"https:\/\/www.tele-online.com\/fr\/exemples-dapplications-iot\/#breadcrumb"},"inLanguage":"fr-FR","potentialAction":[{"@type":"ReadAction","target":["https:\/\/www.tele-online.com\/fr\/exemples-dapplications-iot\/"]}]},{"@type":"ImageObject","inLanguage":"fr-FR","@id":"https:\/\/www.tele-online.com\/fr\/exemples-dapplications-iot\/#primaryimage","url":"https:\/\/www.tele-online.com\/wp-content\/uploads\/2022\/03\/TELE-IoT-Applications.jpg","contentUrl":"https:\/\/www.tele-online.com\/wp-content\/uploads\/2022\/03\/TELE-IoT-Applications.jpg","width":1463,"height":969},{"@type":"BreadcrumbList","@id":"https:\/\/www.tele-online.com\/fr\/exemples-dapplications-iot\/#breadcrumb","itemListElement":[{"@type":"ListItem","position":1,"name":"Startseite","item":"https:\/\/www.tele-online.com\/fr\/"},{"@type":"ListItem","position":2,"name":"Exemples d&#8217;applications IoT"}]},{"@type":"WebSite","@id":"https:\/\/www.tele-online.com\/fr\/#website","url":"https:\/\/www.tele-online.com\/fr\/","name":"Tele Haase","description":"Your Smart Factory","potentialAction":[{"@type":"SearchAction","target":{"@type":"EntryPoint","urlTemplate":"https:\/\/www.tele-online.com\/fr\/?s={search_term_string}"},"query-input":{"@type":"PropertyValueSpecification","valueRequired":true,"valueName":"search_term_string"}}],"inLanguage":"fr-FR"}]}},"yoast_data":{"yoast_wpseo_canonical":"https:\/\/www.tele-online.com\/fr\/exemples-dapplications-iot\/","yoast_wpseo_opengraph_image":"https:\/\/www.tele-online.com\/wp-content\/uploads\/2022\/03\/TELE-IoT-Applications.jpg","yoast_wpseo_metadesc":"L'IdO ne fait pas seulement son entr\u00e9e dans notre vie quotidienne, il conquiert \u00e9galement presque tous les secteurs de l'industrie. Nous vous montrons des exemples passionnants.","yoast_wpseo_meta_robots_noindex":"","yoast_wpseo_meta_robots_nofollow":""},"footer_links":null,"yoasttitle":"Exemples d&rsquo;applications IoT - Tele Haase","yoast_title":"Exemples d&#039;applications IoT - Tele Haase","yoast_meta":[{"name":"description","content":"L&#039;IdO ne fait pas seulement son entr\u00e9e dans notre vie quotidienne, il conquiert \u00e9galement presque tous les secteurs de l&#039;industrie. Nous vous montrons des exemples passionnants."},{"name":"robots","content":"index, follow, max-snippet:-1, max-image-preview:large, max-video-preview:-1"},{"property":"og:locale","content":"fr_FR"},{"property":"og:type","content":"article"},{"property":"og:title","content":"Exemples d&#039;applications IoT - Tele Haase"},{"property":"og:description","content":"L&#039;IdO ne fait pas seulement son entr\u00e9e dans notre vie quotidienne, il conquiert \u00e9galement presque tous les secteurs de l&#039;industrie. Nous vous montrons des exemples passionnants."},{"property":"og:url","content":"https:\/\/www.tele-online.com\/fr\/exemples-dapplications-iot\/"},{"property":"og:site_name","content":"Tele Haase"},{"property":"article:modified_time","content":"2024-07-10T06:39:18+00:00"},{"property":"og:image","content":"https:\/\/www.tele-online.com\/wp-content\/uploads\/2022\/03\/TELE-IoT-Applications.jpg"},{"property":"og:image:width","content":"1463"},{"property":"og:image:height","content":"969"},{"property":"og:image:type","content":"image\/jpeg"},{"name":"twitter:card","content":"summary_large_image"},{"name":"twitter:label1","content":"Dur\u00e9e de lecture estim\u00e9e"},{"name":"twitter:data1","content":"1 minute"},{"name":"robots","content":"index, follow, max-image-preview:large, max-snippet:-1, max-video-preview:-1"}],"yoast_json_ld":[{"@context":"https:\/\/schema.org","@graph":[{"@type":"WebPage","@id":"https:\/\/www.tele-online.com\/fr\/exemples-dapplications-iot\/","url":"https:\/\/www.tele-online.com\/fr\/exemples-dapplications-iot\/","name":"Exemples d'applications IoT - Tele Haase","isPartOf":{"@id":"https:\/\/www.tele-online.com\/fr\/#website"},"primaryImageOfPage":{"@id":"https:\/\/www.tele-online.com\/fr\/exemples-dapplications-iot\/#primaryimage"},"image":{"@id":"https:\/\/www.tele-online.com\/fr\/exemples-dapplications-iot\/#primaryimage"},"thumbnailUrl":"https:\/\/www.tele-online.com\/wp-content\/uploads\/2022\/03\/TELE-IoT-Applications.jpg","datePublished":"2024-06-13T08:16:44+00:00","dateModified":"2024-07-10T06:39:18+00:00","description":"L'IdO ne fait pas seulement son entr&eacute;e dans notre vie quotidienne, il conquiert &eacute;galement presque tous les secteurs de l'industrie. Nous vous montrons des exemples passionnants.","breadcrumb":{"@id":"https:\/\/www.tele-online.com\/fr\/exemples-dapplications-iot\/#breadcrumb"},"inLanguage":"fr-FR","potentialAction":[{"@type":"ReadAction","target":["https:\/\/www.tele-online.com\/fr\/exemples-dapplications-iot\/"]}]},{"@type":"ImageObject","inLanguage":"fr-FR","@id":"https:\/\/www.tele-online.com\/fr\/exemples-dapplications-iot\/#primaryimage","url":"https:\/\/www.tele-online.com\/wp-content\/uploads\/2022\/03\/TELE-IoT-Applications.jpg","contentUrl":"https:\/\/www.tele-online.com\/wp-content\/uploads\/2022\/03\/TELE-IoT-Applications.jpg","width":1463,"height":969},{"@type":"BreadcrumbList","@id":"https:\/\/www.tele-online.com\/fr\/exemples-dapplications-iot\/#breadcrumb","itemListElement":[{"@type":"ListItem","position":1,"name":"Startseite","item":"https:\/\/www.tele-online.com\/fr\/"},{"@type":"ListItem","position":2,"name":"Exemples d&#8217;applications IoT"}]},{"@type":"WebSite","@id":"https:\/\/www.tele-online.com\/fr\/#website","url":"https:\/\/www.tele-online.com\/fr\/","name":"Tele Haase","description":"Your Smart Factory","potentialAction":[{"@type":"SearchAction","target":{"@type":"EntryPoint","urlTemplate":"https:\/\/www.tele-online.com\/fr\/?s={search_term_string}"},"query-input":{"@type":"PropertyValueSpecification","valueRequired":true,"valueName":"search_term_string"}}],"inLanguage":"fr-FR"}]}],"_links":{"self":[{"href":"https:\/\/www.tele-online.com\/fr\/wp-json\/wp\/v2\/pages\/789738"}],"collection":[{"href":"https:\/\/www.tele-online.com\/fr\/wp-json\/wp\/v2\/pages"}],"about":[{"href":"https:\/\/www.tele-online.com\/fr\/wp-json\/wp\/v2\/types\/page"}],"author":[{"embeddable":true,"href":"https:\/\/www.tele-online.com\/fr\/wp-json\/wp\/v2\/users\/48"}],"replies":[{"embeddable":true,"href":"https:\/\/www.tele-online.com\/fr\/wp-json\/wp\/v2\/comments?post=789738"}],"version-history":[{"count":3,"href":"https:\/\/www.tele-online.com\/fr\/wp-json\/wp\/v2\/pages\/789738\/revisions"}],"predecessor-version":[{"id":795936,"href":"https:\/\/www.tele-online.com\/fr\/wp-json\/wp\/v2\/pages\/789738\/revisions\/795936"}],"wp:featuredmedia":[{"embeddable":true,"href":"https:\/\/www.tele-online.com\/fr\/wp-json\/wp\/v2\/media\/789739"}],"wp:attachment":[{"href":"https:\/\/www.tele-online.com\/fr\/wp-json\/wp\/v2\/media?parent=789738"}],"curies":[{"name":"wp","href":"https:\/\/api.w.org\/{rel}","templated":true}]}}