{"id":789688,"date":"2024-06-13T10:05:43","modified":"2024-06-13T10:05:45","slug":"indicateurloi-sur-la-protection-interieure","status":"publish","type":"page","link":"https:\/\/www.tele-online.com\/fr\/indicateurloi-sur-la-protection-interieure\/","title":{"rendered":"Indicateur:loi sur la protection int\u00e9rieure"},"content":{"rendered":"        <div\n            id=\"block_9872825cfc15d537046c0b3af82ca26d\"\n            class=\"acf-block is-edit is-category-text\"\n            data-highlight=\"https:\/\/www.tele-online.com\/indicateurloi-sur-la-protection-interieure\/#highlightblock=block_9872825cfc15d537046c0b3af82ca26d\"\n            data-block=\"headerslider\"\n        >\n                            <h2 class=\"acf-block-title\">\n                    <svg  xmlns=\"http:\/\/www.w3.org\/2000\/svg\"  width=\"24\"  height=\"24\"  viewBox=\"0 0 24 24\"  fill=\"none\"  stroke=\"currentColor\"  stroke-width=\"2\"  stroke-linecap=\"round\"  stroke-linejoin=\"round\"  class=\"icon icon-tabler icons-tabler-outline icon-tabler-align-left\"><path stroke=\"none\" d=\"M0 0h24v24H0z\" fill=\"none\"\/><path d=\"M4 6l16 0\" \/><path d=\"M4 12l10 0\" \/><path d=\"M4 18l14 0\" \/><\/svg>                    <span class=\"name\">Header Slider <\/span>\n                <\/h2>\n\n                                    <\/div>\n            <div\n            id=\"block_278f3a45d41046f6107a0b2f97bb0e1c\"\n            class=\"acf-block is-edit is-category-text\"\n            data-highlight=\"https:\/\/www.tele-online.com\/indicateurloi-sur-la-protection-interieure\/#highlightblock=block_278f3a45d41046f6107a0b2f97bb0e1c\"\n            data-block=\"textblock\"\n        >\n                            <h2 class=\"acf-block-title\">\n                    <svg  xmlns=\"http:\/\/www.w3.org\/2000\/svg\"  width=\"24\"  height=\"24\"  viewBox=\"0 0 24 24\"  fill=\"none\"  stroke=\"currentColor\"  stroke-width=\"2\"  stroke-linecap=\"round\"  stroke-linejoin=\"round\"  class=\"icon icon-tabler icons-tabler-outline icon-tabler-align-left\"><path stroke=\"none\" d=\"M0 0h24v24H0z\" fill=\"none\"\/><path d=\"M4 6l16 0\" \/><path d=\"M4 12l10 0\" \/><path d=\"M4 18l14 0\" \/><\/svg>                    <span class=\"name\">Textblock <\/span>\n                <\/h2>\n\n                                    <\/div>\n            <div\n            id=\"block_f2c11e778f85c8fceba132695f91fc6f\"\n            class=\"acf-block is-edit is-category-text\"\n            data-highlight=\"https:\/\/www.tele-online.com\/indicateurloi-sur-la-protection-interieure\/#highlightblock=block_f2c11e778f85c8fceba132695f91fc6f\"\n            data-block=\"kontaktteasermitarbeiter\"\n        >\n                            <h2 class=\"acf-block-title\">\n                    <svg  xmlns=\"http:\/\/www.w3.org\/2000\/svg\"  width=\"24\"  height=\"24\"  viewBox=\"0 0 24 24\"  fill=\"none\"  stroke=\"currentColor\"  stroke-width=\"2\"  stroke-linecap=\"round\"  stroke-linejoin=\"round\"  class=\"icon icon-tabler icons-tabler-outline icon-tabler-align-left\"><path stroke=\"none\" d=\"M0 0h24v24H0z\" fill=\"none\"\/><path d=\"M4 6l16 0\" \/><path d=\"M4 12l10 0\" \/><path d=\"M4 18l14 0\" \/><\/svg>                    <span class=\"name\">Kontakt Teaser Mitarbeiter <\/span>\n                <\/h2>\n\n                                    <\/div>\n    ","protected":false},"excerpt":{"rendered":"","protected":false},"author":59,"featured_media":764921,"parent":0,"template":"","acf":{"seo":[{"googleAuthor":"","googlePublisher":"","schemaName":"","schemaDescription":"","schemaImage":false}],"footer_link_block":false,"main_menu_ausblenden":false,"footer":{"footer_headline_powerd_by":"Powered By TELE","footer_text_powered_by":"","footer_logos":null,"footer_mylayout_logos":"normal","footer_text_oben":"<p><strong>TELE Haase Steuerger\u00e4te Ges.m.b.H.<\/strong> | Vorarlberger Allee 38 (direct access via Slamastra\u00dfe 37), 1230 Vienna | Austria<\/p>\n<p><strong>Opening Hours<\/strong>: Monday-Thursday 08:00 a.m. to 04:00 p.m. &amp; Friday 08:00 a.m. to 01:00 p.m.<\/p>\n<p><strong><a href=\"https:\/\/www.tele-online.com\/en\/contact\/\">Contact Details<\/a><\/strong><\/p>\n","footer_headline_social_media":"","footer_social_media":[{"icon":"<i class=\"icon-facebook\"><\/i>","link":"https:\/\/www.facebook.com\/TELE-Haase-Steuerger%C3%A4te-GesmbH-212293998940265\/?rf=195551397135836"},{"icon":"<i class=\"icon-linkedin\"><\/i>","link":"https:\/\/www.linkedin.com\/company\/tele-worldwide\/"},{"icon":"<i class=\"icon-youtube\"><\/i>","link":"https:\/\/www.youtube.com\/user\/telehaase\/featured"},{"icon":"<i class=\"icon-instagram\"><\/i>","link":"https:\/\/www.instagram.com\/tele_haase\/"}]},"nav_data":{"link":"","text":""},"wpmlurl":{"de":"\/","en":"\/en\/","us":"\/us\/","fr":"\/fr\/","es":"\/es\/"},"webblocks":[{"acf_fc_layout":"headerslider","acf_fc_id":"acf-block-69a23bda42ac2","acf_fc_style":"","flexible":false,"submenu_aktivieren":false,"slide":[{"bild":{"ID":764921,"id":764921,"title":"Tele-Header-White","filename":"Tele-Header-White.jpg","filesize":51432,"url":"https:\/\/www.tele-online.com\/wp-content\/uploads\/2015\/02\/Tele-Header-White.jpg","link":"https:\/\/www.tele-online.com\/fr\/conditions-generales-dutilisation\/attachment\/tele-header-white-2\/","alt":"","author":"44","description":"","caption":"","name":"tele-header-white-2","status":"inherit","uploaded_to":789621,"date":"2015-02-09 11:28:51","modified":"2024-06-13 07:39:12","menu_order":0,"mime_type":"image\/jpeg","type":"image","subtype":"jpeg","icon":"https:\/\/www.tele-online.com\/wp-includes\/images\/media\/default.png","width":2048,"height":778,"sizes":{"thumbnail":"https:\/\/www.tele-online.com\/wp-content\/uploads\/2015\/02\/Tele-Header-White-220x220.jpg","thumbnail-width":220,"thumbnail-height":220,"medium":"https:\/\/www.tele-online.com\/wp-content\/uploads\/2015\/02\/Tele-Header-White-544x360.jpg","medium-width":544,"medium-height":360,"medium_large":"https:\/\/www.tele-online.com\/wp-content\/uploads\/2015\/02\/Tele-Header-White-768x292.jpg","medium_large-width":768,"medium_large-height":292,"large":"https:\/\/www.tele-online.com\/wp-content\/uploads\/2015\/02\/Tele-Header-White-780x520.jpg","large-width":780,"large-height":520,"1536x1536":"https:\/\/www.tele-online.com\/wp-content\/uploads\/2015\/02\/Tele-Header-White.jpg","1536x1536-width":1536,"1536x1536-height":584,"2048x2048":"https:\/\/www.tele-online.com\/wp-content\/uploads\/2015\/02\/Tele-Header-White.jpg","2048x2048-width":2048,"2048x2048-height":778,"hd":"https:\/\/www.tele-online.com\/wp-content\/uploads\/2015\/02\/Tele-Header-White.jpg","hd-width":1920,"hd-height":729,"galerie":"https:\/\/www.tele-online.com\/wp-content\/uploads\/2015\/02\/Tele-Header-White.jpg","galerie-width":320,"galerie-height":122,"stellen":"https:\/\/www.tele-online.com\/wp-content\/uploads\/2015\/02\/Tele-Header-White.jpg","stellen-width":400,"stellen-height":152}},"headline":"Indicateur:loi sur la protection int\u00e9rieure","link":null,"subheadline":"En tant que salari\u00e9(e), vous pouvez signaler anonymement des infractions qui sont par exemple passibles de sanctions p\u00e9nales ou d'amendes."}],"max_hohe":"70vh"},{"acf_fc_layout":"textblock","acf_fc_id":"acf-block-69a23bda4405c","acf_fc_style":"","flexible":false,"text":"<h3 style=\"text-align: justify;\"><\/h3>\n<h2 style=\"text-align: justify;\">Cha\u00eene de d\u00e9nonciation de TELE Haase<\/h2>\n<p style=\"text-align: justify;\">En tant qu&#8217;employ\u00e9(e), vous pouvez signaler les infractions qui sont, par exemple, passibles de sanctions p\u00e9nales ou d&rsquo;amendes, <a href=\"https:\/\/whistleblowersoftware.com\/secure\/TeleHaase_Meldekanal\"><br \/>\n  <strong>ICI<\/strong><br \/>\n<\/a> de mani\u00e8re anonyme.<\/p>\n<p>&nbsp;<\/p>\n<p style=\"text-align: justify;\"><strong>Signalement anonyme de questions graves<\/strong><\/p>\n<p style=\"text-align: justify;\">Vous pouvez soumettre des informations sur des soup\u00e7ons raisonnables, des connaissances sur des violations r\u00e9elles ou potentielles et des tentatives de dissimulation de telles violations qui ont d\u00e9j\u00e0 \u00e9t\u00e9 commises ou qui sont tr\u00e8s susceptibles de l&rsquo;\u00eatre. En outre, vous pouvez signaler tout comportement contraire \u00e0 l&rsquo;\u00e9thique ou aux r\u00e8gles internes.<\/p>\n<p style=\"text-align: justify;\">Les rapports peuvent \u00eatre envoy\u00e9s avec vos coordonn\u00e9es ou de mani\u00e8re 100% anonyme. Dans ce contexte, tous les messages sont trait\u00e9s de mani\u00e8re strictement confidentielle et digne de protection.<\/p>\n","id":"","linie_oben_einblenden":false,"linie_unten_einblenden":false,"container":"normal","hintergrund":"weis","box":false,"abstand_oben":"","abstand_unten":""},{"acf_fc_layout":"kontaktteasermitarbeiter","acf_fc_id":"acf-block-69a23bda44c6c","acf_fc_style":"","flexible":false,"headline":"Puis-je vous aider?","text":"Vous ne trouvez pas ce que vous cherchez? N'h\u00e9sitez pas \u00e0 me contacter!","type":"automatisch","mitarbeiter":50078,"mitarbeiter_fallback":false,"telefon":"","telefon_gastautor":"","email_gastautor":"","termin_button_text":"","termin_button_link":"","id":"","hintergrund":"hellgruen","abstand_oben":"","abstand_unten":""}]},"yoast_head":"<!-- This site is optimized with the Yoast SEO plugin v24.5 - https:\/\/yoast.com\/wordpress\/plugins\/seo\/ -->\n<title>Indicateur:loi sur la protection int\u00e9rieure - Tele Haase<\/title>\n<meta name=\"description\" content=\"Vous trouverez ici l&#039;int\u00e9gralit\u00e9 des conditions g\u00e9n\u00e9rales de vente (CGV) \u00e0 t\u00e9l\u00e9charger. Nous nous ferons un plaisir de vous informer de toutes les conditions.\" \/>\n<meta name=\"robots\" content=\"index, follow, max-snippet:-1, max-image-preview:large, max-video-preview:-1\" \/>\n<link rel=\"canonical\" href=\"https:\/\/www.tele-online.com\/fr\/indicateurloi-sur-la-protection-interieure\/\" \/>\n<meta property=\"og:locale\" content=\"fr_FR\" \/>\n<meta property=\"og:type\" content=\"article\" \/>\n<meta property=\"og:title\" content=\"Indicateur:loi sur la protection int\u00e9rieure - Tele Haase\" \/>\n<meta property=\"og:description\" content=\"Vous trouverez ici l&#039;int\u00e9gralit\u00e9 des conditions g\u00e9n\u00e9rales de vente (CGV) \u00e0 t\u00e9l\u00e9charger. Nous nous ferons un plaisir de vous informer de toutes les conditions.\" \/>\n<meta property=\"og:url\" content=\"https:\/\/www.tele-online.com\/fr\/indicateurloi-sur-la-protection-interieure\/\" \/>\n<meta property=\"og:site_name\" content=\"Tele Haase\" \/>\n<meta property=\"article:modified_time\" content=\"2024-06-13T08:05:45+00:00\" \/>\n<meta property=\"og:image\" content=\"https:\/\/www.tele-online.com\/wp-content\/uploads\/2015\/02\/Tele-Header-White.jpg\" \/>\n\t<meta property=\"og:image:width\" content=\"2048\" \/>\n\t<meta property=\"og:image:height\" content=\"778\" \/>\n\t<meta property=\"og:image:type\" content=\"image\/jpeg\" \/>\n<meta name=\"twitter:card\" content=\"summary_large_image\" \/>\n<script type=\"application\/ld+json\" class=\"yoast-schema-graph\">{\"@context\":\"https:\/\/schema.org\",\"@graph\":[{\"@type\":\"WebPage\",\"@id\":\"https:\/\/www.tele-online.com\/fr\/indicateurloi-sur-la-protection-interieure\/\",\"url\":\"https:\/\/www.tele-online.com\/fr\/indicateurloi-sur-la-protection-interieure\/\",\"name\":\"Indicateur:loi sur la protection int\u00e9rieure - Tele Haase\",\"isPartOf\":{\"@id\":\"https:\/\/www.tele-online.com\/fr\/#website\"},\"primaryImageOfPage\":{\"@id\":\"https:\/\/www.tele-online.com\/fr\/indicateurloi-sur-la-protection-interieure\/#primaryimage\"},\"image\":{\"@id\":\"https:\/\/www.tele-online.com\/fr\/indicateurloi-sur-la-protection-interieure\/#primaryimage\"},\"thumbnailUrl\":\"https:\/\/www.tele-online.com\/wp-content\/uploads\/2015\/02\/Tele-Header-White.jpg\",\"datePublished\":\"2024-06-13T08:05:43+00:00\",\"dateModified\":\"2024-06-13T08:05:45+00:00\",\"description\":\"Vous trouverez ici l'int\u00e9gralit\u00e9 des conditions g\u00e9n\u00e9rales de vente (CGV) \u00e0 t\u00e9l\u00e9charger. Nous nous ferons un plaisir de vous informer de toutes les conditions.\",\"breadcrumb\":{\"@id\":\"https:\/\/www.tele-online.com\/fr\/indicateurloi-sur-la-protection-interieure\/#breadcrumb\"},\"inLanguage\":\"fr-FR\",\"potentialAction\":[{\"@type\":\"ReadAction\",\"target\":[\"https:\/\/www.tele-online.com\/fr\/indicateurloi-sur-la-protection-interieure\/\"]}]},{\"@type\":\"ImageObject\",\"inLanguage\":\"fr-FR\",\"@id\":\"https:\/\/www.tele-online.com\/fr\/indicateurloi-sur-la-protection-interieure\/#primaryimage\",\"url\":\"https:\/\/www.tele-online.com\/wp-content\/uploads\/2015\/02\/Tele-Header-White.jpg\",\"contentUrl\":\"https:\/\/www.tele-online.com\/wp-content\/uploads\/2015\/02\/Tele-Header-White.jpg\",\"width\":2048,\"height\":778},{\"@type\":\"BreadcrumbList\",\"@id\":\"https:\/\/www.tele-online.com\/fr\/indicateurloi-sur-la-protection-interieure\/#breadcrumb\",\"itemListElement\":[{\"@type\":\"ListItem\",\"position\":1,\"name\":\"Startseite\",\"item\":\"https:\/\/www.tele-online.com\/fr\/\"},{\"@type\":\"ListItem\",\"position\":2,\"name\":\"Indicateur:loi sur la protection int\u00e9rieure\"}]},{\"@type\":\"WebSite\",\"@id\":\"https:\/\/www.tele-online.com\/fr\/#website\",\"url\":\"https:\/\/www.tele-online.com\/fr\/\",\"name\":\"Tele Haase\",\"description\":\"Your Smart Factory\",\"potentialAction\":[{\"@type\":\"SearchAction\",\"target\":{\"@type\":\"EntryPoint\",\"urlTemplate\":\"https:\/\/www.tele-online.com\/fr\/?s={search_term_string}\"},\"query-input\":{\"@type\":\"PropertyValueSpecification\",\"valueRequired\":true,\"valueName\":\"search_term_string\"}}],\"inLanguage\":\"fr-FR\"}]}<\/script>\n<!-- \/ Yoast SEO plugin. -->","yoast_head_json":{"title":"Indicateur:loi sur la protection int\u00e9rieure - Tele Haase","description":"Vous trouverez ici l'int\u00e9gralit\u00e9 des conditions g\u00e9n\u00e9rales de vente (CGV) \u00e0 t\u00e9l\u00e9charger. Nous nous ferons un plaisir de vous informer de toutes les conditions.","robots":{"index":"index","follow":"follow","max-snippet":"max-snippet:-1","max-image-preview":"max-image-preview:large","max-video-preview":"max-video-preview:-1"},"canonical":"https:\/\/www.tele-online.com\/fr\/indicateurloi-sur-la-protection-interieure\/","og_locale":"fr_FR","og_type":"article","og_title":"Indicateur:loi sur la protection int\u00e9rieure - Tele Haase","og_description":"Vous trouverez ici l'int\u00e9gralit\u00e9 des conditions g\u00e9n\u00e9rales de vente (CGV) \u00e0 t\u00e9l\u00e9charger. Nous nous ferons un plaisir de vous informer de toutes les conditions.","og_url":"https:\/\/www.tele-online.com\/fr\/indicateurloi-sur-la-protection-interieure\/","og_site_name":"Tele Haase","article_modified_time":"2024-06-13T08:05:45+00:00","og_image":[{"width":2048,"height":778,"url":"https:\/\/www.tele-online.com\/wp-content\/uploads\/2015\/02\/Tele-Header-White.jpg","type":"image\/jpeg"}],"twitter_card":"summary_large_image","schema":{"@context":"https:\/\/schema.org","@graph":[{"@type":"WebPage","@id":"https:\/\/www.tele-online.com\/fr\/indicateurloi-sur-la-protection-interieure\/","url":"https:\/\/www.tele-online.com\/fr\/indicateurloi-sur-la-protection-interieure\/","name":"Indicateur:loi sur la protection int\u00e9rieure - Tele Haase","isPartOf":{"@id":"https:\/\/www.tele-online.com\/fr\/#website"},"primaryImageOfPage":{"@id":"https:\/\/www.tele-online.com\/fr\/indicateurloi-sur-la-protection-interieure\/#primaryimage"},"image":{"@id":"https:\/\/www.tele-online.com\/fr\/indicateurloi-sur-la-protection-interieure\/#primaryimage"},"thumbnailUrl":"https:\/\/www.tele-online.com\/wp-content\/uploads\/2015\/02\/Tele-Header-White.jpg","datePublished":"2024-06-13T08:05:43+00:00","dateModified":"2024-06-13T08:05:45+00:00","description":"Vous trouverez ici l'int\u00e9gralit\u00e9 des conditions g\u00e9n\u00e9rales de vente (CGV) \u00e0 t\u00e9l\u00e9charger. Nous nous ferons un plaisir de vous informer de toutes les conditions.","breadcrumb":{"@id":"https:\/\/www.tele-online.com\/fr\/indicateurloi-sur-la-protection-interieure\/#breadcrumb"},"inLanguage":"fr-FR","potentialAction":[{"@type":"ReadAction","target":["https:\/\/www.tele-online.com\/fr\/indicateurloi-sur-la-protection-interieure\/"]}]},{"@type":"ImageObject","inLanguage":"fr-FR","@id":"https:\/\/www.tele-online.com\/fr\/indicateurloi-sur-la-protection-interieure\/#primaryimage","url":"https:\/\/www.tele-online.com\/wp-content\/uploads\/2015\/02\/Tele-Header-White.jpg","contentUrl":"https:\/\/www.tele-online.com\/wp-content\/uploads\/2015\/02\/Tele-Header-White.jpg","width":2048,"height":778},{"@type":"BreadcrumbList","@id":"https:\/\/www.tele-online.com\/fr\/indicateurloi-sur-la-protection-interieure\/#breadcrumb","itemListElement":[{"@type":"ListItem","position":1,"name":"Startseite","item":"https:\/\/www.tele-online.com\/fr\/"},{"@type":"ListItem","position":2,"name":"Indicateur:loi sur la protection int\u00e9rieure"}]},{"@type":"WebSite","@id":"https:\/\/www.tele-online.com\/fr\/#website","url":"https:\/\/www.tele-online.com\/fr\/","name":"Tele Haase","description":"Your Smart Factory","potentialAction":[{"@type":"SearchAction","target":{"@type":"EntryPoint","urlTemplate":"https:\/\/www.tele-online.com\/fr\/?s={search_term_string}"},"query-input":{"@type":"PropertyValueSpecification","valueRequired":true,"valueName":"search_term_string"}}],"inLanguage":"fr-FR"}]}},"yoast_data":{"yoast_wpseo_canonical":"https:\/\/www.tele-online.com\/fr\/indicateurloi-sur-la-protection-interieure\/","yoast_wpseo_opengraph_image":"https:\/\/www.tele-online.com\/wp-content\/uploads\/2015\/02\/Tele-Header-White.jpg","yoast_wpseo_metadesc":"Vous trouverez ici l'int\u00e9gralit\u00e9 des conditions g\u00e9n\u00e9rales de vente (CGV) \u00e0 t\u00e9l\u00e9charger. Nous nous ferons un plaisir de vous informer de toutes les conditions.","yoast_wpseo_meta_robots_noindex":"","yoast_wpseo_meta_robots_nofollow":""},"footer_links":null,"yoasttitle":"Indicateur:loi sur la protection int\u00e9rieure - Tele Haase","yoast_title":"Indicateur:loi sur la protection int\u00e9rieure - Tele Haase","yoast_meta":[{"name":"description","content":"Vous trouverez ici l&#039;int\u00e9gralit\u00e9 des conditions g\u00e9n\u00e9rales de vente (CGV) \u00e0 t\u00e9l\u00e9charger. Nous nous ferons un plaisir de vous informer de toutes les conditions."},{"name":"robots","content":"index, follow, max-snippet:-1, max-image-preview:large, max-video-preview:-1"},{"property":"og:locale","content":"fr_FR"},{"property":"og:type","content":"article"},{"property":"og:title","content":"Indicateur:loi sur la protection int\u00e9rieure - Tele Haase"},{"property":"og:description","content":"Vous trouverez ici l&#039;int\u00e9gralit\u00e9 des conditions g\u00e9n\u00e9rales de vente (CGV) \u00e0 t\u00e9l\u00e9charger. Nous nous ferons un plaisir de vous informer de toutes les conditions."},{"property":"og:url","content":"https:\/\/www.tele-online.com\/fr\/indicateurloi-sur-la-protection-interieure\/"},{"property":"og:site_name","content":"Tele Haase"},{"property":"article:modified_time","content":"2024-06-13T08:05:45+00:00"},{"property":"og:image","content":"https:\/\/www.tele-online.com\/wp-content\/uploads\/2015\/02\/Tele-Header-White.jpg"},{"property":"og:image:width","content":"2048"},{"property":"og:image:height","content":"778"},{"property":"og:image:type","content":"image\/jpeg"},{"name":"twitter:card","content":"summary_large_image"},{"name":"robots","content":"index, follow, max-image-preview:large, max-snippet:-1, max-video-preview:-1"}],"yoast_json_ld":[{"@context":"https:\/\/schema.org","@graph":[{"@type":"WebPage","@id":"https:\/\/www.tele-online.com\/fr\/indicateurloi-sur-la-protection-interieure\/","url":"https:\/\/www.tele-online.com\/fr\/indicateurloi-sur-la-protection-interieure\/","name":"Indicateur:loi sur la protection int&eacute;rieure - Tele Haase","isPartOf":{"@id":"https:\/\/www.tele-online.com\/fr\/#website"},"primaryImageOfPage":{"@id":"https:\/\/www.tele-online.com\/fr\/indicateurloi-sur-la-protection-interieure\/#primaryimage"},"image":{"@id":"https:\/\/www.tele-online.com\/fr\/indicateurloi-sur-la-protection-interieure\/#primaryimage"},"thumbnailUrl":"https:\/\/www.tele-online.com\/wp-content\/uploads\/2015\/02\/Tele-Header-White.jpg","datePublished":"2024-06-13T08:05:43+00:00","dateModified":"2024-06-13T08:05:45+00:00","description":"Vous trouverez ici l'int&eacute;gralit&eacute; des conditions g&eacute;n&eacute;rales de vente (CGV) &agrave; t&eacute;l&eacute;charger. Nous nous ferons un plaisir de vous informer de toutes les conditions.","breadcrumb":{"@id":"https:\/\/www.tele-online.com\/fr\/indicateurloi-sur-la-protection-interieure\/#breadcrumb"},"inLanguage":"fr-FR","potentialAction":[{"@type":"ReadAction","target":["https:\/\/www.tele-online.com\/fr\/indicateurloi-sur-la-protection-interieure\/"]}]},{"@type":"ImageObject","inLanguage":"fr-FR","@id":"https:\/\/www.tele-online.com\/fr\/indicateurloi-sur-la-protection-interieure\/#primaryimage","url":"https:\/\/www.tele-online.com\/wp-content\/uploads\/2015\/02\/Tele-Header-White.jpg","contentUrl":"https:\/\/www.tele-online.com\/wp-content\/uploads\/2015\/02\/Tele-Header-White.jpg","width":2048,"height":778},{"@type":"BreadcrumbList","@id":"https:\/\/www.tele-online.com\/fr\/indicateurloi-sur-la-protection-interieure\/#breadcrumb","itemListElement":[{"@type":"ListItem","position":1,"name":"Startseite","item":"https:\/\/www.tele-online.com\/fr\/"},{"@type":"ListItem","position":2,"name":"Indicateur:loi sur la protection int&eacute;rieure"}]},{"@type":"WebSite","@id":"https:\/\/www.tele-online.com\/fr\/#website","url":"https:\/\/www.tele-online.com\/fr\/","name":"Tele Haase","description":"Your Smart Factory","potentialAction":[{"@type":"SearchAction","target":{"@type":"EntryPoint","urlTemplate":"https:\/\/www.tele-online.com\/fr\/?s={search_term_string}"},"query-input":{"@type":"PropertyValueSpecification","valueRequired":true,"valueName":"search_term_string"}}],"inLanguage":"fr-FR"}]}],"_links":{"self":[{"href":"https:\/\/www.tele-online.com\/fr\/wp-json\/wp\/v2\/pages\/789688"}],"collection":[{"href":"https:\/\/www.tele-online.com\/fr\/wp-json\/wp\/v2\/pages"}],"about":[{"href":"https:\/\/www.tele-online.com\/fr\/wp-json\/wp\/v2\/types\/page"}],"author":[{"embeddable":true,"href":"https:\/\/www.tele-online.com\/fr\/wp-json\/wp\/v2\/users\/59"}],"replies":[{"embeddable":true,"href":"https:\/\/www.tele-online.com\/fr\/wp-json\/wp\/v2\/comments?post=789688"}],"version-history":[{"count":1,"href":"https:\/\/www.tele-online.com\/fr\/wp-json\/wp\/v2\/pages\/789688\/revisions"}],"predecessor-version":[{"id":789689,"href":"https:\/\/www.tele-online.com\/fr\/wp-json\/wp\/v2\/pages\/789688\/revisions\/789689"}],"wp:featuredmedia":[{"embeddable":true,"href":"https:\/\/www.tele-online.com\/fr\/wp-json\/wp\/v2\/media\/764921"}],"wp:attachment":[{"href":"https:\/\/www.tele-online.com\/fr\/wp-json\/wp\/v2\/media?parent=789688"}],"curies":[{"name":"wp","href":"https:\/\/api.w.org\/{rel}","templated":true}]}}