{"id":789628,"date":"2024-06-13T09:44:43","modified":"2024-07-09T16:48:23","slug":"appareils-de-freinage","status":"publish","type":"page","link":"https:\/\/www.tele-online.com\/fr\/appareils-de-freinage\/","title":{"rendered":"Appareils de freinage"},"content":{"rendered":"        <div\n            id=\"block_7e37172c464efd32a33aad6fd1026015\"\n            class=\"acf-block is-edit is-category-text\"\n            data-highlight=\"https:\/\/www.tele-online.com\/appareils-de-freinage\/#highlightblock=block_7e37172c464efd32a33aad6fd1026015\"\n            data-block=\"headerslider\"\n        >\n                            <h2 class=\"acf-block-title\">\n                    <svg  xmlns=\"http:\/\/www.w3.org\/2000\/svg\"  width=\"24\"  height=\"24\"  viewBox=\"0 0 24 24\"  fill=\"none\"  stroke=\"currentColor\"  stroke-width=\"2\"  stroke-linecap=\"round\"  stroke-linejoin=\"round\"  class=\"icon icon-tabler icons-tabler-outline icon-tabler-align-left\"><path stroke=\"none\" d=\"M0 0h24v24H0z\" fill=\"none\"\/><path d=\"M4 6l16 0\" \/><path d=\"M4 12l10 0\" \/><path d=\"M4 18l14 0\" \/><\/svg>                    <span class=\"name\">Header Slider <\/span>\n                <\/h2>\n\n                                    <\/div>\n    \n\n        <div\n            id=\"block_dd06dfcb6eb3f47375a7a7192627a6ef\"\n            class=\"acf-block is-edit is-category-text\"\n            data-highlight=\"https:\/\/www.tele-online.com\/appareils-de-freinage\/#highlightblock=block_dd06dfcb6eb3f47375a7a7192627a6ef\"\n            data-block=\"textblock\"\n        >\n                            <h2 class=\"acf-block-title\">\n                    <svg  xmlns=\"http:\/\/www.w3.org\/2000\/svg\"  width=\"24\"  height=\"24\"  viewBox=\"0 0 24 24\"  fill=\"none\"  stroke=\"currentColor\"  stroke-width=\"2\"  stroke-linecap=\"round\"  stroke-linejoin=\"round\"  class=\"icon icon-tabler icons-tabler-outline icon-tabler-align-left\"><path stroke=\"none\" d=\"M0 0h24v24H0z\" fill=\"none\"\/><path d=\"M4 6l16 0\" \/><path d=\"M4 12l10 0\" \/><path d=\"M4 18l14 0\" \/><\/svg>                    <span class=\"name\">Textblock <\/span>\n                <\/h2>\n\n                                    <\/div>\n    \n\n        <div\n            id=\"block_08479001303b0e77137707dc053d2d94\"\n            class=\"acf-block is-edit is-category-text\"\n            data-highlight=\"https:\/\/www.tele-online.com\/appareils-de-freinage\/#highlightblock=block_08479001303b0e77137707dc053d2d94\"\n            data-block=\"produktkategorienteaser\"\n        >\n                            <h2 class=\"acf-block-title\">\n                    <svg  xmlns=\"http:\/\/www.w3.org\/2000\/svg\"  width=\"24\"  height=\"24\"  viewBox=\"0 0 24 24\"  fill=\"none\"  stroke=\"currentColor\"  stroke-width=\"2\"  stroke-linecap=\"round\"  stroke-linejoin=\"round\"  class=\"icon icon-tabler icons-tabler-outline icon-tabler-align-left\"><path stroke=\"none\" d=\"M0 0h24v24H0z\" fill=\"none\"\/><path d=\"M4 6l16 0\" \/><path d=\"M4 12l10 0\" \/><path d=\"M4 18l14 0\" \/><\/svg>                    <span class=\"name\">Produkt Kategorien Teaser <\/span>\n                <\/h2>\n\n                                    <\/div>\n    \n\n        <div\n            id=\"block_1876929a6560575b7c9100db64599089\"\n            class=\"acf-block is-edit is-category-text\"\n            data-highlight=\"https:\/\/www.tele-online.com\/appareils-de-freinage\/#highlightblock=block_1876929a6560575b7c9100db64599089\"\n            data-block=\"produkteauswahl\"\n        >\n                            <h2 class=\"acf-block-title\">\n                    <svg  xmlns=\"http:\/\/www.w3.org\/2000\/svg\"  width=\"24\"  height=\"24\"  viewBox=\"0 0 24 24\"  fill=\"none\"  stroke=\"currentColor\"  stroke-width=\"2\"  stroke-linecap=\"round\"  stroke-linejoin=\"round\"  class=\"icon icon-tabler icons-tabler-outline icon-tabler-align-left\"><path stroke=\"none\" d=\"M0 0h24v24H0z\" fill=\"none\"\/><path d=\"M4 6l16 0\" \/><path d=\"M4 12l10 0\" \/><path d=\"M4 18l14 0\" \/><\/svg>                    <span class=\"name\">Produkte Auswahl <\/span>\n                <\/h2>\n\n                                    <\/div>\n    \n\n        <div\n            id=\"block_126d8dccb25c65fb2ec4495b15ed3b99\"\n            class=\"acf-block is-edit is-category-text\"\n            data-highlight=\"https:\/\/www.tele-online.com\/appareils-de-freinage\/#highlightblock=block_126d8dccb25c65fb2ec4495b15ed3b99\"\n            data-block=\"kontaktteasermitarbeiter\"\n        >\n                            <h2 class=\"acf-block-title\">\n                    <svg  xmlns=\"http:\/\/www.w3.org\/2000\/svg\"  width=\"24\"  height=\"24\"  viewBox=\"0 0 24 24\"  fill=\"none\"  stroke=\"currentColor\"  stroke-width=\"2\"  stroke-linecap=\"round\"  stroke-linejoin=\"round\"  class=\"icon icon-tabler icons-tabler-outline icon-tabler-align-left\"><path stroke=\"none\" d=\"M0 0h24v24H0z\" fill=\"none\"\/><path d=\"M4 6l16 0\" \/><path d=\"M4 12l10 0\" \/><path d=\"M4 18l14 0\" \/><\/svg>                    <span class=\"name\">Kontakt Teaser Mitarbeiter <\/span>\n                <\/h2>\n\n                                    <\/div>\n    ","protected":false},"excerpt":{"rendered":"","protected":false},"author":45,"featured_media":764567,"parent":0,"template":"","acf":{"seo":[{"googleAuthor":"","googlePublisher":"","schemaName":"","schemaDescription":"","schemaImage":false}],"main_menu_ausblenden":false,"footer_link_block":false,"footer":{"footer_headline_powerd_by":"Powered By TELE","footer_text_powered_by":"","footer_logos":null,"footer_mylayout_logos":"normal","footer_text_oben":"<p><strong>TELE Haase Steuerger\u00e4te Ges.m.b.H.<\/strong> | Vorarlberger Allee 38 (direct access via Slamastra\u00dfe 37), 1230 Vienna | Austria<\/p>\n<p><strong>Opening Hours<\/strong>: Monday-Thursday 08:00 a.m. to 04:00 p.m. &amp; Friday 08:00 a.m. to 01:00 p.m.<\/p>\n<p><strong><a href=\"https:\/\/www.tele-online.com\/en\/contact\/\">Contact Details<\/a><\/strong><\/p>\n","footer_headline_social_media":"","footer_social_media":[{"icon":"<i class=\"icon-facebook\"><\/i>","link":"https:\/\/www.facebook.com\/TELE-Haase-Steuerger%C3%A4te-GesmbH-212293998940265\/?rf=195551397135836"},{"icon":"<i class=\"icon-linkedin\"><\/i>","link":"https:\/\/www.linkedin.com\/company\/tele-worldwide\/"},{"icon":"<i class=\"icon-youtube\"><\/i>","link":"https:\/\/www.youtube.com\/user\/telehaase\/featured"},{"icon":"<i class=\"icon-instagram\"><\/i>","link":"https:\/\/www.instagram.com\/tele_haase\/"}]},"nav_data":{"link":"","text":""},"wpmlurl":{"de":"\/","en":"\/en\/","us":"\/us\/","fr":"\/fr\/","es":"\/es\/"},"webblocks":[{"acf_fc_layout":"headerslider","acf_fc_id":"acf-block-69a23bca7f909","acf_fc_style":"","flexible":false,"submenu_aktivieren":false,"slide":[{"bild":{"ID":764567,"id":764567,"title":"motorbremsger\u00e4t-2","filename":"motorbremsgert-2.jpg","filesize":19151,"url":"https:\/\/www.tele-online.com\/wp-content\/uploads\/2013\/02\/motorbremsgert-2.jpg","link":"https:\/\/www.tele-online.com\/fr\/appareils-de-freinage\/attachment\/motorbremsgeraet-2-3\/","alt":"","author":"44","description":"","caption":"","name":"motorbremsgeraet-2-3","status":"inherit","uploaded_to":789628,"date":"2013-03-13 14:18:27","modified":"2024-06-13 07:44:45","menu_order":0,"mime_type":"image\/jpeg","type":"image","subtype":"jpeg","icon":"https:\/\/www.tele-online.com\/wp-includes\/images\/media\/default.png","width":680,"height":380,"sizes":{"thumbnail":"https:\/\/www.tele-online.com\/wp-content\/uploads\/2013\/02\/motorbremsgert-2-220x220.jpg","thumbnail-width":220,"thumbnail-height":220,"medium":"https:\/\/www.tele-online.com\/wp-content\/uploads\/2013\/02\/motorbremsgert-2-544x360.jpg","medium-width":544,"medium-height":360,"medium_large":"https:\/\/www.tele-online.com\/wp-content\/uploads\/2013\/02\/motorbremsgert-2.jpg","medium_large-width":680,"medium_large-height":380,"large":"https:\/\/www.tele-online.com\/wp-content\/uploads\/2013\/02\/motorbremsgert-2.jpg","large-width":680,"large-height":380,"1536x1536":"https:\/\/www.tele-online.com\/wp-content\/uploads\/2013\/02\/motorbremsgert-2.jpg","1536x1536-width":680,"1536x1536-height":380,"2048x2048":"https:\/\/www.tele-online.com\/wp-content\/uploads\/2013\/02\/motorbremsgert-2.jpg","2048x2048-width":680,"2048x2048-height":380,"hd":"https:\/\/www.tele-online.com\/wp-content\/uploads\/2013\/02\/motorbremsgert-2.jpg","hd-width":680,"hd-height":380,"galerie":"https:\/\/www.tele-online.com\/wp-content\/uploads\/2013\/02\/motorbremsgert-2-320x179.jpg","galerie-width":320,"galerie-height":179,"stellen":"https:\/\/www.tele-online.com\/wp-content\/uploads\/2013\/02\/motorbremsgert-2-400x380.jpg","stellen-width":400,"stellen-height":380}},"headline":"Appareils de freinage","link":null,"subheadline":"Vos moteurs triphas\u00e9s sont frein\u00e9s sans usure, facilement, rapidement et presque sans bruit avec les appareils de freinage TELE."}],"max_hohe":"70vh"},{"acf_fc_layout":"textblock","acf_fc_id":"acf-block-69a23bca80915","acf_fc_style":"","flexible":false,"text":"<h2 style=\"text-align: center;\">TELE DISPOSITIFS DE FREINAGE<\/h2>\n<p style=\"text-align: center;\">Vos moteurs triphas\u00e9s sont frein\u00e9s sans usure, facilement, rapidement et presque sans bruit avec les appareils de freinage TELE. Un champ de courant continu, pour les entra\u00eenements d&rsquo;une puissance allant jusqu&rsquo;\u00e0 400KW, g\u00e9n\u00e8re le couple de freinage sans composants m\u00e9caniques suppl\u00e9mentaires.<\/p>\n","id":"","linie_oben_einblenden":false,"linie_unten_einblenden":false,"container":"normal","hintergrund":"weis","box":false,"abstand_oben":"","abstand_unten":""},{"acf_fc_layout":"produktkategorienteaser","acf_fc_id":"acf-block-69a23bca812a9","acf_fc_style":"","flexible":false,"layout":"3spalten","category":{"value":"9288","label":"Motor Braking Units (Unterkategorie)"},"category_link":{"value":"2675","label":"Power Electronics"},"hintergrund":"weis","hintergrund_oben":"weis","abstand_oben":"","abstand_unten":""},{"acf_fc_layout":"produkteauswahl","acf_fc_id":"acf-block-69a23bca81a42","acf_fc_style":"","flexible":false,"text":"<h2 style=\"text-align: center;\">Dispositifs de freinage populaires<\/h2>\n","category":"9288","funktionen":"","serien":"","text_alle_produkte":"","link_alle_produkte":"","text_verfugbare_produkte":"Produits disponibles","text_button":"Voir plus de produits","headline_case_studies":"Les dispositifs de freinage sont utilis\u00e9s ici","text_case_studies":"","id":"","hintergrund":"hellgruen","abstand_oben":"","abstand_unten":"0"},{"acf_fc_layout":"kontaktteasermitarbeiter","acf_fc_id":"acf-block-69a23bca82963","acf_fc_style":"","flexible":false,"headline":"Vous avez des questions sur nos dispositifs de freinage ? Puis-je vous aider ?","text":"N'h\u00e9sitez pas \u00e0 me contacter !","type":"automatisch","mitarbeiter":35707,"mitarbeiter_fallback":false,"telefon":"","telefon_gastautor":"","email_gastautor":"","termin_button_text":"","termin_button_link":"","id":"","hintergrund":"weis","abstand_oben":"","abstand_unten":""}]},"yoast_head":"<!-- This site is optimized with the Yoast SEO plugin v24.5 - https:\/\/yoast.com\/wordpress\/plugins\/seo\/ -->\n<title>Appareils de freinage de TELE - prot\u00e9gez vos moteurs rotatifs jusqu&#039;\u00e0 400kW<\/title>\n<meta name=\"description\" content=\"Vos moteurs triphas\u00e9s sont frein\u00e9s sans usure, facilement, rapidement et presque sans bruit avec les appareils de freinage TELE.\" \/>\n<meta name=\"robots\" content=\"index, follow, max-snippet:-1, max-image-preview:large, max-video-preview:-1\" \/>\n<link rel=\"canonical\" href=\"https:\/\/www.tele-online.com\/fr\/appareils-de-freinage\/\" \/>\n<meta property=\"og:locale\" content=\"fr_FR\" \/>\n<meta property=\"og:type\" content=\"article\" \/>\n<meta property=\"og:title\" content=\"Appareils de freinage de TELE - prot\u00e9gez vos moteurs rotatifs jusqu&#039;\u00e0 400kW\" \/>\n<meta property=\"og:description\" content=\"Vos moteurs triphas\u00e9s sont frein\u00e9s sans usure, facilement, rapidement et presque sans bruit avec les appareils de freinage TELE.\" \/>\n<meta property=\"og:url\" content=\"https:\/\/www.tele-online.com\/fr\/appareils-de-freinage\/\" \/>\n<meta property=\"og:site_name\" content=\"Tele Haase\" \/>\n<meta property=\"article:modified_time\" content=\"2024-07-09T14:48:23+00:00\" \/>\n<meta property=\"og:image\" content=\"https:\/\/www.tele-online.com\/wp-content\/uploads\/2013\/02\/motorbremsgert-2.jpg\" \/>\n\t<meta property=\"og:image:width\" content=\"680\" \/>\n\t<meta property=\"og:image:height\" content=\"380\" \/>\n\t<meta property=\"og:image:type\" content=\"image\/jpeg\" \/>\n<meta name=\"twitter:card\" content=\"summary_large_image\" \/>\n<meta name=\"twitter:label1\" content=\"Dur\u00e9e de lecture estim\u00e9e\" \/>\n\t<meta name=\"twitter:data1\" content=\"1 minute\" \/>\n<script type=\"application\/ld+json\" class=\"yoast-schema-graph\">{\"@context\":\"https:\/\/schema.org\",\"@graph\":[{\"@type\":\"WebPage\",\"@id\":\"https:\/\/www.tele-online.com\/fr\/appareils-de-freinage\/\",\"url\":\"https:\/\/www.tele-online.com\/fr\/appareils-de-freinage\/\",\"name\":\"Appareils de freinage de TELE - prot\u00e9gez vos moteurs rotatifs jusqu'\u00e0 400kW\",\"isPartOf\":{\"@id\":\"https:\/\/www.tele-online.com\/fr\/#website\"},\"primaryImageOfPage\":{\"@id\":\"https:\/\/www.tele-online.com\/fr\/appareils-de-freinage\/#primaryimage\"},\"image\":{\"@id\":\"https:\/\/www.tele-online.com\/fr\/appareils-de-freinage\/#primaryimage\"},\"thumbnailUrl\":\"https:\/\/www.tele-online.com\/wp-content\/uploads\/2013\/02\/motorbremsgert-2.jpg\",\"datePublished\":\"2024-06-13T07:44:43+00:00\",\"dateModified\":\"2024-07-09T14:48:23+00:00\",\"description\":\"Vos moteurs triphas\u00e9s sont frein\u00e9s sans usure, facilement, rapidement et presque sans bruit avec les appareils de freinage TELE.\",\"breadcrumb\":{\"@id\":\"https:\/\/www.tele-online.com\/fr\/appareils-de-freinage\/#breadcrumb\"},\"inLanguage\":\"fr-FR\",\"potentialAction\":[{\"@type\":\"ReadAction\",\"target\":[\"https:\/\/www.tele-online.com\/fr\/appareils-de-freinage\/\"]}]},{\"@type\":\"ImageObject\",\"inLanguage\":\"fr-FR\",\"@id\":\"https:\/\/www.tele-online.com\/fr\/appareils-de-freinage\/#primaryimage\",\"url\":\"https:\/\/www.tele-online.com\/wp-content\/uploads\/2013\/02\/motorbremsgert-2.jpg\",\"contentUrl\":\"https:\/\/www.tele-online.com\/wp-content\/uploads\/2013\/02\/motorbremsgert-2.jpg\",\"width\":680,\"height\":380},{\"@type\":\"BreadcrumbList\",\"@id\":\"https:\/\/www.tele-online.com\/fr\/appareils-de-freinage\/#breadcrumb\",\"itemListElement\":[{\"@type\":\"ListItem\",\"position\":1,\"name\":\"Startseite\",\"item\":\"https:\/\/www.tele-online.com\/fr\/\"},{\"@type\":\"ListItem\",\"position\":2,\"name\":\"Appareils de freinage\"}]},{\"@type\":\"WebSite\",\"@id\":\"https:\/\/www.tele-online.com\/fr\/#website\",\"url\":\"https:\/\/www.tele-online.com\/fr\/\",\"name\":\"Tele Haase\",\"description\":\"Your Smart Factory\",\"potentialAction\":[{\"@type\":\"SearchAction\",\"target\":{\"@type\":\"EntryPoint\",\"urlTemplate\":\"https:\/\/www.tele-online.com\/fr\/?s={search_term_string}\"},\"query-input\":{\"@type\":\"PropertyValueSpecification\",\"valueRequired\":true,\"valueName\":\"search_term_string\"}}],\"inLanguage\":\"fr-FR\"}]}<\/script>\n<!-- \/ Yoast SEO plugin. -->","yoast_head_json":{"title":"Appareils de freinage de TELE - prot\u00e9gez vos moteurs rotatifs jusqu'\u00e0 400kW","description":"Vos moteurs triphas\u00e9s sont frein\u00e9s sans usure, facilement, rapidement et presque sans bruit avec les appareils de freinage TELE.","robots":{"index":"index","follow":"follow","max-snippet":"max-snippet:-1","max-image-preview":"max-image-preview:large","max-video-preview":"max-video-preview:-1"},"canonical":"https:\/\/www.tele-online.com\/fr\/appareils-de-freinage\/","og_locale":"fr_FR","og_type":"article","og_title":"Appareils de freinage de TELE - prot\u00e9gez vos moteurs rotatifs jusqu'\u00e0 400kW","og_description":"Vos moteurs triphas\u00e9s sont frein\u00e9s sans usure, facilement, rapidement et presque sans bruit avec les appareils de freinage TELE.","og_url":"https:\/\/www.tele-online.com\/fr\/appareils-de-freinage\/","og_site_name":"Tele Haase","article_modified_time":"2024-07-09T14:48:23+00:00","og_image":[{"width":680,"height":380,"url":"https:\/\/www.tele-online.com\/wp-content\/uploads\/2013\/02\/motorbremsgert-2.jpg","type":"image\/jpeg"}],"twitter_card":"summary_large_image","twitter_misc":{"Dur\u00e9e de lecture estim\u00e9e":"1 minute"},"schema":{"@context":"https:\/\/schema.org","@graph":[{"@type":"WebPage","@id":"https:\/\/www.tele-online.com\/fr\/appareils-de-freinage\/","url":"https:\/\/www.tele-online.com\/fr\/appareils-de-freinage\/","name":"Appareils de freinage de TELE - prot\u00e9gez vos moteurs rotatifs jusqu'\u00e0 400kW","isPartOf":{"@id":"https:\/\/www.tele-online.com\/fr\/#website"},"primaryImageOfPage":{"@id":"https:\/\/www.tele-online.com\/fr\/appareils-de-freinage\/#primaryimage"},"image":{"@id":"https:\/\/www.tele-online.com\/fr\/appareils-de-freinage\/#primaryimage"},"thumbnailUrl":"https:\/\/www.tele-online.com\/wp-content\/uploads\/2013\/02\/motorbremsgert-2.jpg","datePublished":"2024-06-13T07:44:43+00:00","dateModified":"2024-07-09T14:48:23+00:00","description":"Vos moteurs triphas\u00e9s sont frein\u00e9s sans usure, facilement, rapidement et presque sans bruit avec les appareils de freinage TELE.","breadcrumb":{"@id":"https:\/\/www.tele-online.com\/fr\/appareils-de-freinage\/#breadcrumb"},"inLanguage":"fr-FR","potentialAction":[{"@type":"ReadAction","target":["https:\/\/www.tele-online.com\/fr\/appareils-de-freinage\/"]}]},{"@type":"ImageObject","inLanguage":"fr-FR","@id":"https:\/\/www.tele-online.com\/fr\/appareils-de-freinage\/#primaryimage","url":"https:\/\/www.tele-online.com\/wp-content\/uploads\/2013\/02\/motorbremsgert-2.jpg","contentUrl":"https:\/\/www.tele-online.com\/wp-content\/uploads\/2013\/02\/motorbremsgert-2.jpg","width":680,"height":380},{"@type":"BreadcrumbList","@id":"https:\/\/www.tele-online.com\/fr\/appareils-de-freinage\/#breadcrumb","itemListElement":[{"@type":"ListItem","position":1,"name":"Startseite","item":"https:\/\/www.tele-online.com\/fr\/"},{"@type":"ListItem","position":2,"name":"Appareils de freinage"}]},{"@type":"WebSite","@id":"https:\/\/www.tele-online.com\/fr\/#website","url":"https:\/\/www.tele-online.com\/fr\/","name":"Tele Haase","description":"Your Smart Factory","potentialAction":[{"@type":"SearchAction","target":{"@type":"EntryPoint","urlTemplate":"https:\/\/www.tele-online.com\/fr\/?s={search_term_string}"},"query-input":{"@type":"PropertyValueSpecification","valueRequired":true,"valueName":"search_term_string"}}],"inLanguage":"fr-FR"}]}},"yoast_data":{"yoast_wpseo_canonical":"https:\/\/www.tele-online.com\/fr\/appareils-de-freinage\/","yoast_wpseo_opengraph_image":"https:\/\/www.tele-online.com\/wp-content\/uploads\/2013\/02\/motorbremsgert-2.jpg","yoast_wpseo_metadesc":"Vos moteurs triphas\u00e9s sont frein\u00e9s sans usure, facilement, rapidement et presque sans bruit avec les appareils de freinage TELE.","yoast_wpseo_meta_robots_noindex":"","yoast_wpseo_meta_robots_nofollow":""},"footer_links":null,"yoasttitle":"Appareils de freinage de TELE - prot\u00e9gez vos moteurs rotatifs jusqu'\u00e0 400kW","yoast_title":"Appareils de freinage de TELE - prot\u00e9gez vos moteurs rotatifs jusqu&#039;\u00e0 400kW","yoast_meta":[{"name":"description","content":"Vos moteurs triphas\u00e9s sont frein\u00e9s sans usure, facilement, rapidement et presque sans bruit avec les appareils de freinage TELE."},{"name":"robots","content":"index, follow, max-snippet:-1, max-image-preview:large, max-video-preview:-1"},{"property":"og:locale","content":"fr_FR"},{"property":"og:type","content":"article"},{"property":"og:title","content":"Appareils de freinage de TELE - prot\u00e9gez vos moteurs rotatifs jusqu&#039;\u00e0 400kW"},{"property":"og:description","content":"Vos moteurs triphas\u00e9s sont frein\u00e9s sans usure, facilement, rapidement et presque sans bruit avec les appareils de freinage TELE."},{"property":"og:url","content":"https:\/\/www.tele-online.com\/fr\/appareils-de-freinage\/"},{"property":"og:site_name","content":"Tele Haase"},{"property":"article:modified_time","content":"2024-07-09T14:48:23+00:00"},{"property":"og:image","content":"https:\/\/www.tele-online.com\/wp-content\/uploads\/2013\/02\/motorbremsgert-2.jpg"},{"property":"og:image:width","content":"680"},{"property":"og:image:height","content":"380"},{"property":"og:image:type","content":"image\/jpeg"},{"name":"twitter:card","content":"summary_large_image"},{"name":"twitter:label1","content":"Dur\u00e9e de lecture estim\u00e9e"},{"name":"twitter:data1","content":"1 minute"},{"name":"robots","content":"index, follow, max-image-preview:large, max-snippet:-1, max-video-preview:-1"}],"yoast_json_ld":[{"@context":"https:\/\/schema.org","@graph":[{"@type":"WebPage","@id":"https:\/\/www.tele-online.com\/fr\/appareils-de-freinage\/","url":"https:\/\/www.tele-online.com\/fr\/appareils-de-freinage\/","name":"Appareils de freinage de TELE - prot&eacute;gez vos moteurs rotatifs jusqu'&agrave; 400kW","isPartOf":{"@id":"https:\/\/www.tele-online.com\/fr\/#website"},"primaryImageOfPage":{"@id":"https:\/\/www.tele-online.com\/fr\/appareils-de-freinage\/#primaryimage"},"image":{"@id":"https:\/\/www.tele-online.com\/fr\/appareils-de-freinage\/#primaryimage"},"thumbnailUrl":"https:\/\/www.tele-online.com\/wp-content\/uploads\/2013\/02\/motorbremsgert-2.jpg","datePublished":"2024-06-13T07:44:43+00:00","dateModified":"2024-07-09T14:48:23+00:00","description":"Vos moteurs triphas&eacute;s sont frein&eacute;s sans usure, facilement, rapidement et presque sans bruit avec les appareils de freinage TELE.","breadcrumb":{"@id":"https:\/\/www.tele-online.com\/fr\/appareils-de-freinage\/#breadcrumb"},"inLanguage":"fr-FR","potentialAction":[{"@type":"ReadAction","target":["https:\/\/www.tele-online.com\/fr\/appareils-de-freinage\/"]}]},{"@type":"ImageObject","inLanguage":"fr-FR","@id":"https:\/\/www.tele-online.com\/fr\/appareils-de-freinage\/#primaryimage","url":"https:\/\/www.tele-online.com\/wp-content\/uploads\/2013\/02\/motorbremsgert-2.jpg","contentUrl":"https:\/\/www.tele-online.com\/wp-content\/uploads\/2013\/02\/motorbremsgert-2.jpg","width":680,"height":380},{"@type":"BreadcrumbList","@id":"https:\/\/www.tele-online.com\/fr\/appareils-de-freinage\/#breadcrumb","itemListElement":[{"@type":"ListItem","position":1,"name":"Startseite","item":"https:\/\/www.tele-online.com\/fr\/"},{"@type":"ListItem","position":2,"name":"Appareils de freinage"}]},{"@type":"WebSite","@id":"https:\/\/www.tele-online.com\/fr\/#website","url":"https:\/\/www.tele-online.com\/fr\/","name":"Tele Haase","description":"Your Smart Factory","potentialAction":[{"@type":"SearchAction","target":{"@type":"EntryPoint","urlTemplate":"https:\/\/www.tele-online.com\/fr\/?s={search_term_string}"},"query-input":{"@type":"PropertyValueSpecification","valueRequired":true,"valueName":"search_term_string"}}],"inLanguage":"fr-FR"}]}],"_links":{"self":[{"href":"https:\/\/www.tele-online.com\/fr\/wp-json\/wp\/v2\/pages\/789628"}],"collection":[{"href":"https:\/\/www.tele-online.com\/fr\/wp-json\/wp\/v2\/pages"}],"about":[{"href":"https:\/\/www.tele-online.com\/fr\/wp-json\/wp\/v2\/types\/page"}],"author":[{"embeddable":true,"href":"https:\/\/www.tele-online.com\/fr\/wp-json\/wp\/v2\/users\/45"}],"replies":[{"embeddable":true,"href":"https:\/\/www.tele-online.com\/fr\/wp-json\/wp\/v2\/comments?post=789628"}],"version-history":[{"count":3,"href":"https:\/\/www.tele-online.com\/fr\/wp-json\/wp\/v2\/pages\/789628\/revisions"}],"predecessor-version":[{"id":795733,"href":"https:\/\/www.tele-online.com\/fr\/wp-json\/wp\/v2\/pages\/789628\/revisions\/795733"}],"wp:featuredmedia":[{"embeddable":true,"href":"https:\/\/www.tele-online.com\/fr\/wp-json\/wp\/v2\/media\/764567"}],"wp:attachment":[{"href":"https:\/\/www.tele-online.com\/fr\/wp-json\/wp\/v2\/media?parent=789628"}],"curies":[{"name":"wp","href":"https:\/\/api.w.org\/{rel}","templated":true}]}}