{"id":789625,"date":"2024-06-13T09:41:38","modified":"2024-07-09T16:50:29","slug":"compteur-dheures-de-fonctionnement","status":"publish","type":"page","link":"https:\/\/www.tele-online.com\/fr\/compteur-dheures-de-fonctionnement\/","title":{"rendered":"Compteur d&rsquo;heures de fonctionnement"},"content":{"rendered":"        <div\n            id=\"block_732b895d7789043cc44c8863a9beedb7\"\n            class=\"acf-block is-edit is-category-text\"\n            data-highlight=\"https:\/\/www.tele-online.com\/compteur-dheures-de-fonctionnement\/#highlightblock=block_732b895d7789043cc44c8863a9beedb7\"\n            data-block=\"headerslider\"\n        >\n                            <h2 class=\"acf-block-title\">\n                    <svg  xmlns=\"http:\/\/www.w3.org\/2000\/svg\"  width=\"24\"  height=\"24\"  viewBox=\"0 0 24 24\"  fill=\"none\"  stroke=\"currentColor\"  stroke-width=\"2\"  stroke-linecap=\"round\"  stroke-linejoin=\"round\"  class=\"icon icon-tabler icons-tabler-outline icon-tabler-align-left\"><path stroke=\"none\" d=\"M0 0h24v24H0z\" fill=\"none\"\/><path d=\"M4 6l16 0\" \/><path d=\"M4 12l10 0\" \/><path d=\"M4 18l14 0\" \/><\/svg>                    <span class=\"name\">Header Slider <\/span>\n                <\/h2>\n\n                                    <\/div>\n    \n\n        <div\n            id=\"block_eb7bd9a67750666fa930bf75a16baef7\"\n            class=\"acf-block is-edit is-category-text\"\n            data-highlight=\"https:\/\/www.tele-online.com\/compteur-dheures-de-fonctionnement\/#highlightblock=block_eb7bd9a67750666fa930bf75a16baef7\"\n            data-block=\"textblock\"\n        >\n                            <h2 class=\"acf-block-title\">\n                    <svg  xmlns=\"http:\/\/www.w3.org\/2000\/svg\"  width=\"24\"  height=\"24\"  viewBox=\"0 0 24 24\"  fill=\"none\"  stroke=\"currentColor\"  stroke-width=\"2\"  stroke-linecap=\"round\"  stroke-linejoin=\"round\"  class=\"icon icon-tabler icons-tabler-outline icon-tabler-align-left\"><path stroke=\"none\" d=\"M0 0h24v24H0z\" fill=\"none\"\/><path d=\"M4 6l16 0\" \/><path d=\"M4 12l10 0\" \/><path d=\"M4 18l14 0\" \/><\/svg>                    <span class=\"name\">Textblock <\/span>\n                <\/h2>\n\n                                    <\/div>\n    \n\n        <div\n            id=\"block_1548f2a14356605db993aca86d75cf17\"\n            class=\"acf-block is-edit is-category-text\"\n            data-highlight=\"https:\/\/www.tele-online.com\/compteur-dheures-de-fonctionnement\/#highlightblock=block_1548f2a14356605db993aca86d75cf17\"\n            data-block=\"produktkategorienteaser\"\n        >\n                            <h2 class=\"acf-block-title\">\n                    <svg  xmlns=\"http:\/\/www.w3.org\/2000\/svg\"  width=\"24\"  height=\"24\"  viewBox=\"0 0 24 24\"  fill=\"none\"  stroke=\"currentColor\"  stroke-width=\"2\"  stroke-linecap=\"round\"  stroke-linejoin=\"round\"  class=\"icon icon-tabler icons-tabler-outline icon-tabler-align-left\"><path stroke=\"none\" d=\"M0 0h24v24H0z\" fill=\"none\"\/><path d=\"M4 6l16 0\" \/><path d=\"M4 12l10 0\" \/><path d=\"M4 18l14 0\" \/><\/svg>                    <span class=\"name\">Produkt Kategorien Teaser <\/span>\n                <\/h2>\n\n                                    <\/div>\n    \n\n        <div\n            id=\"block_85f7ae563fb437c983d904784a5c05a4\"\n            class=\"acf-block is-edit is-category-text\"\n            data-highlight=\"https:\/\/www.tele-online.com\/compteur-dheures-de-fonctionnement\/#highlightblock=block_85f7ae563fb437c983d904784a5c05a4\"\n            data-block=\"produkteauswahl\"\n        >\n                            <h2 class=\"acf-block-title\">\n                    <svg  xmlns=\"http:\/\/www.w3.org\/2000\/svg\"  width=\"24\"  height=\"24\"  viewBox=\"0 0 24 24\"  fill=\"none\"  stroke=\"currentColor\"  stroke-width=\"2\"  stroke-linecap=\"round\"  stroke-linejoin=\"round\"  class=\"icon icon-tabler icons-tabler-outline icon-tabler-align-left\"><path stroke=\"none\" d=\"M0 0h24v24H0z\" fill=\"none\"\/><path d=\"M4 6l16 0\" \/><path d=\"M4 12l10 0\" \/><path d=\"M4 18l14 0\" \/><\/svg>                    <span class=\"name\">Produkte Auswahl <\/span>\n                <\/h2>\n\n                                    <\/div>\n    \n\n        <div\n            id=\"block_5b0219339087e4a97c1ec8a4477d48f6\"\n            class=\"acf-block is-edit is-category-text\"\n            data-highlight=\"https:\/\/www.tele-online.com\/compteur-dheures-de-fonctionnement\/#highlightblock=block_5b0219339087e4a97c1ec8a4477d48f6\"\n            data-block=\"kontaktteasermitarbeiter\"\n        >\n                            <h2 class=\"acf-block-title\">\n                    <svg  xmlns=\"http:\/\/www.w3.org\/2000\/svg\"  width=\"24\"  height=\"24\"  viewBox=\"0 0 24 24\"  fill=\"none\"  stroke=\"currentColor\"  stroke-width=\"2\"  stroke-linecap=\"round\"  stroke-linejoin=\"round\"  class=\"icon icon-tabler icons-tabler-outline icon-tabler-align-left\"><path stroke=\"none\" d=\"M0 0h24v24H0z\" fill=\"none\"\/><path d=\"M4 6l16 0\" \/><path d=\"M4 12l10 0\" \/><path d=\"M4 18l14 0\" \/><\/svg>                    <span class=\"name\">Kontakt Teaser Mitarbeiter <\/span>\n                <\/h2>\n\n                                    <\/div>\n    ","protected":false},"excerpt":{"rendered":"","protected":false},"author":48,"featured_media":764629,"parent":0,"template":"","acf":{"seo":[{"googleAuthor":"","googlePublisher":"","schemaName":"","schemaDescription":"","schemaImage":false}],"main_menu_ausblenden":false,"footer":{"footer_headline_powerd_by":"Powered By TELE","footer_text_powered_by":"","footer_logos":null,"footer_mylayout_logos":"normal","footer_text_oben":"<p><strong>TELE Haase Steuerger\u00e4te Ges.m.b.H.<\/strong> | Vorarlberger Allee 38 (direct access via Slamastra\u00dfe 37), 1230 Vienna | Austria<\/p>\n<p><strong>Opening Hours<\/strong>: Monday-Thursday 08:00 a.m. to 04:00 p.m. &amp; Friday 08:00 a.m. to 01:00 p.m.<\/p>\n<p><strong><a href=\"https:\/\/www.tele-online.com\/en\/contact\/\">Contact Details<\/a><\/strong><\/p>\n","footer_headline_social_media":"","footer_social_media":[{"icon":"<i class=\"icon-facebook\"><\/i>","link":"https:\/\/www.facebook.com\/TELE-Haase-Steuerger%C3%A4te-GesmbH-212293998940265\/?rf=195551397135836"},{"icon":"<i class=\"icon-linkedin\"><\/i>","link":"https:\/\/www.linkedin.com\/company\/tele-worldwide\/"},{"icon":"<i class=\"icon-youtube\"><\/i>","link":"https:\/\/www.youtube.com\/user\/telehaase\/featured"},{"icon":"<i class=\"icon-instagram\"><\/i>","link":"https:\/\/www.instagram.com\/tele_haase\/"}]},"nav_data":{"link":"","text":""},"wpmlurl":{"de":"\/","en":"\/en\/","us":"\/us\/","fr":"\/fr\/","es":"\/es\/"},"webblocks":[{"acf_fc_layout":"headerslider","acf_fc_id":"acf-block-69a23bff49d06","acf_fc_style":"","flexible":false,"submenu_aktivieren":false,"slide":[{"bild":{"ID":764629,"id":764629,"title":"schaltrelais_betriebsstundenzaehler-108","filename":"schaltrelais_betriebsstundenzaehler-108.jpg","filesize":68922,"url":"https:\/\/www.tele-online.com\/wp-content\/uploads\/2013\/02\/schaltrelais_betriebsstundenzaehler-108.jpg","link":"https:\/\/www.tele-online.com\/fr\/schaltrelais_betriebsstundenzaehler-108-2\/","alt":"","author":"44","description":"","caption":"","name":"schaltrelais_betriebsstundenzaehler-108-2","status":"inherit","uploaded_to":0,"date":"2013-03-13 16:53:02","modified":"2013-03-13 16:53:02","menu_order":0,"mime_type":"image\/jpeg","type":"image","subtype":"jpeg","icon":"https:\/\/www.tele-online.com\/wp-includes\/images\/media\/default.png","width":2000,"height":1118,"sizes":{"thumbnail":"https:\/\/www.tele-online.com\/wp-content\/uploads\/2013\/02\/schaltrelais_betriebsstundenzaehler-108-220x220.jpg","thumbnail-width":220,"thumbnail-height":220,"medium":"https:\/\/www.tele-online.com\/wp-content\/uploads\/2013\/02\/schaltrelais_betriebsstundenzaehler-108-544x360.jpg","medium-width":544,"medium-height":360,"medium_large":"https:\/\/www.tele-online.com\/wp-content\/uploads\/2013\/02\/schaltrelais_betriebsstundenzaehler-108-768x429.jpg","medium_large-width":768,"medium_large-height":429,"large":"https:\/\/www.tele-online.com\/wp-content\/uploads\/2013\/02\/schaltrelais_betriebsstundenzaehler-108-780x520.jpg","large-width":780,"large-height":520,"1536x1536":"https:\/\/www.tele-online.com\/wp-content\/uploads\/2013\/02\/schaltrelais_betriebsstundenzaehler-108.jpg","1536x1536-width":1536,"1536x1536-height":859,"2048x2048":"https:\/\/www.tele-online.com\/wp-content\/uploads\/2013\/02\/schaltrelais_betriebsstundenzaehler-108.jpg","2048x2048-width":2000,"2048x2048-height":1118,"hd":"https:\/\/www.tele-online.com\/wp-content\/uploads\/2013\/02\/schaltrelais_betriebsstundenzaehler-108.jpg","hd-width":1920,"hd-height":1073,"galerie":"https:\/\/www.tele-online.com\/wp-content\/uploads\/2013\/02\/schaltrelais_betriebsstundenzaehler-108.jpg","galerie-width":320,"galerie-height":179,"stellen":"https:\/\/www.tele-online.com\/wp-content\/uploads\/2013\/02\/schaltrelais_betriebsstundenzaehler-108.jpg","stellen-width":400,"stellen-height":224}},"headline":"Compteur d'heures de fonctionnement","link":null,"subheadline":"Les compteurs d'heures de fonctionnement TELE mesurent avec pr\u00e9cision et fiabilit\u00e9. D\u00e9couvrez ici d'autres compteurs d'heures de fonctionnement de haute qualit\u00e9."}],"max_hohe":"70vh"},{"acf_fc_layout":"textblock","acf_fc_id":"acf-block-69a23bff4ae8e","acf_fc_style":"","flexible":false,"text":"<h2 style=\"text-align: center;\">TELE Compteur d&rsquo;heures de fonctionnement<\/h2>\n<p style=\"text-align: center;\">Les compteurs d&rsquo;heures de fonctionnement TELE contribuent \u00e0 une plus grande s\u00e9curit\u00e9. Vers plus de fiabilit\u00e9. Et vers plus d&rsquo;efficacit\u00e9 et de durabilit\u00e9. Ils sont utilis\u00e9s partout o\u00f9 une commutation fiable et pr\u00e9cise est importante.<\/p>\n","id":"","linie_oben_einblenden":false,"linie_unten_einblenden":false,"container":"normal","hintergrund":"weis","box":false,"abstand_oben":"","abstand_unten":""},{"acf_fc_layout":"produktkategorienteaser","acf_fc_id":"acf-block-69a23bff4b877","acf_fc_style":"","flexible":false,"layout":"3spalten","category":{"value":"9319","label":"Timers (Unterkategorie)"},"category_link":{"value":"2671","label":"Timing Relays"},"hintergrund":"weis","hintergrund_oben":"weis","abstand_oben":"","abstand_unten":""},{"acf_fc_layout":"produkteauswahl","acf_fc_id":"acf-block-69a23bff4c06a","acf_fc_style":"","flexible":false,"text":"<h2 style=\"text-align: center;\">Compteurs horaires populaires<\/h2>\n","category":"9319","funktionen":"","serien":"","text_alle_produkte":"","link_alle_produkte":"","text_verfugbare_produkte":"Produits disponibles","text_button":"Voir plus de produits","headline_case_studies":"","text_case_studies":"","id":"","hintergrund":"hellgruen","abstand_oben":"","abstand_unten":""},{"acf_fc_layout":"kontaktteasermitarbeiter","acf_fc_id":"acf-block-69a23bff4cf44","acf_fc_style":"","flexible":false,"headline":"Vous avez des questions sur nos produits ? Je suis heureux de vous aider !","text":"N'h\u00e9sitez pas \u00e0 me contacter","type":"automatisch","mitarbeiter":35707,"mitarbeiter_fallback":false,"telefon":"","telefon_gastautor":"","email_gastautor":"","termin_button_text":"","termin_button_link":"","id":"","hintergrund":"weis","abstand_oben":"","abstand_unten":""}]},"yoast_head":"<!-- This site is optimized with the Yoast SEO plugin v24.5 - https:\/\/yoast.com\/wordpress\/plugins\/seo\/ -->\n<title>9 Compteur d&#039;heures de fonctionnement | 12v\/230v avec de nombreuses fonctions | TELE Haase Steuerger\u00e4te GmbH<\/title>\n<meta name=\"description\" content=\"Les compteurs d&#039;heures de fonctionnement TELE mesurent les heures de fonctionnement des consommateurs \u00e9lectriques. Vous trouverez ici des compteurs d&#039;heures de fonctionnement de haute qualit\u00e9.\" \/>\n<meta name=\"robots\" content=\"index, follow, max-snippet:-1, max-image-preview:large, max-video-preview:-1\" \/>\n<link rel=\"canonical\" href=\"https:\/\/www.tele-online.com\/fr\/compteur-dheures-de-fonctionnement\/\" \/>\n<meta property=\"og:locale\" content=\"fr_FR\" \/>\n<meta property=\"og:type\" content=\"article\" \/>\n<meta property=\"og:title\" content=\"9 Compteur d&#039;heures de fonctionnement | 12v\/230v avec de nombreuses fonctions | TELE Haase Steuerger\u00e4te GmbH\" \/>\n<meta property=\"og:description\" content=\"Les compteurs d&#039;heures de fonctionnement TELE mesurent les heures de fonctionnement des consommateurs \u00e9lectriques. Vous trouverez ici des compteurs d&#039;heures de fonctionnement de haute qualit\u00e9.\" \/>\n<meta property=\"og:url\" content=\"https:\/\/www.tele-online.com\/fr\/compteur-dheures-de-fonctionnement\/\" \/>\n<meta property=\"og:site_name\" content=\"Tele Haase\" \/>\n<meta property=\"article:modified_time\" content=\"2024-07-09T14:50:29+00:00\" \/>\n<meta property=\"og:image\" content=\"https:\/\/www.tele-online.com\/wp-content\/uploads\/2013\/02\/schaltrelais_betriebsstundenzaehler-108.jpg\" \/>\n\t<meta property=\"og:image:width\" content=\"2000\" \/>\n\t<meta property=\"og:image:height\" content=\"1118\" \/>\n\t<meta property=\"og:image:type\" content=\"image\/jpeg\" \/>\n<meta name=\"twitter:card\" content=\"summary_large_image\" \/>\n<meta name=\"twitter:label1\" content=\"Dur\u00e9e de lecture estim\u00e9e\" \/>\n\t<meta name=\"twitter:data1\" content=\"1 minute\" \/>\n<script type=\"application\/ld+json\" class=\"yoast-schema-graph\">{\"@context\":\"https:\/\/schema.org\",\"@graph\":[{\"@type\":\"WebPage\",\"@id\":\"https:\/\/www.tele-online.com\/fr\/compteur-dheures-de-fonctionnement\/\",\"url\":\"https:\/\/www.tele-online.com\/fr\/compteur-dheures-de-fonctionnement\/\",\"name\":\"9 Compteur d'heures de fonctionnement | 12v\/230v avec de nombreuses fonctions | TELE Haase Steuerger\u00e4te GmbH\",\"isPartOf\":{\"@id\":\"https:\/\/www.tele-online.com\/fr\/#website\"},\"primaryImageOfPage\":{\"@id\":\"https:\/\/www.tele-online.com\/fr\/compteur-dheures-de-fonctionnement\/#primaryimage\"},\"image\":{\"@id\":\"https:\/\/www.tele-online.com\/fr\/compteur-dheures-de-fonctionnement\/#primaryimage\"},\"thumbnailUrl\":\"https:\/\/www.tele-online.com\/wp-content\/uploads\/2013\/02\/schaltrelais_betriebsstundenzaehler-108.jpg\",\"datePublished\":\"2024-06-13T07:41:38+00:00\",\"dateModified\":\"2024-07-09T14:50:29+00:00\",\"description\":\"Les compteurs d'heures de fonctionnement TELE mesurent les heures de fonctionnement des consommateurs \u00e9lectriques. Vous trouverez ici des compteurs d'heures de fonctionnement de haute qualit\u00e9.\",\"breadcrumb\":{\"@id\":\"https:\/\/www.tele-online.com\/fr\/compteur-dheures-de-fonctionnement\/#breadcrumb\"},\"inLanguage\":\"fr-FR\",\"potentialAction\":[{\"@type\":\"ReadAction\",\"target\":[\"https:\/\/www.tele-online.com\/fr\/compteur-dheures-de-fonctionnement\/\"]}]},{\"@type\":\"ImageObject\",\"inLanguage\":\"fr-FR\",\"@id\":\"https:\/\/www.tele-online.com\/fr\/compteur-dheures-de-fonctionnement\/#primaryimage\",\"url\":\"https:\/\/www.tele-online.com\/wp-content\/uploads\/2013\/02\/schaltrelais_betriebsstundenzaehler-108.jpg\",\"contentUrl\":\"https:\/\/www.tele-online.com\/wp-content\/uploads\/2013\/02\/schaltrelais_betriebsstundenzaehler-108.jpg\",\"width\":2000,\"height\":1118},{\"@type\":\"BreadcrumbList\",\"@id\":\"https:\/\/www.tele-online.com\/fr\/compteur-dheures-de-fonctionnement\/#breadcrumb\",\"itemListElement\":[{\"@type\":\"ListItem\",\"position\":1,\"name\":\"Startseite\",\"item\":\"https:\/\/www.tele-online.com\/fr\/\"},{\"@type\":\"ListItem\",\"position\":2,\"name\":\"Compteur d&#8217;heures de fonctionnement\"}]},{\"@type\":\"WebSite\",\"@id\":\"https:\/\/www.tele-online.com\/fr\/#website\",\"url\":\"https:\/\/www.tele-online.com\/fr\/\",\"name\":\"Tele Haase\",\"description\":\"Your Smart Factory\",\"potentialAction\":[{\"@type\":\"SearchAction\",\"target\":{\"@type\":\"EntryPoint\",\"urlTemplate\":\"https:\/\/www.tele-online.com\/fr\/?s={search_term_string}\"},\"query-input\":{\"@type\":\"PropertyValueSpecification\",\"valueRequired\":true,\"valueName\":\"search_term_string\"}}],\"inLanguage\":\"fr-FR\"}]}<\/script>\n<!-- \/ Yoast SEO plugin. -->","yoast_head_json":{"title":"9 Compteur d'heures de fonctionnement | 12v\/230v avec de nombreuses fonctions | TELE Haase Steuerger\u00e4te GmbH","description":"Les compteurs d'heures de fonctionnement TELE mesurent les heures de fonctionnement des consommateurs \u00e9lectriques. Vous trouverez ici des compteurs d'heures de fonctionnement de haute qualit\u00e9.","robots":{"index":"index","follow":"follow","max-snippet":"max-snippet:-1","max-image-preview":"max-image-preview:large","max-video-preview":"max-video-preview:-1"},"canonical":"https:\/\/www.tele-online.com\/fr\/compteur-dheures-de-fonctionnement\/","og_locale":"fr_FR","og_type":"article","og_title":"9 Compteur d'heures de fonctionnement | 12v\/230v avec de nombreuses fonctions | TELE Haase Steuerger\u00e4te GmbH","og_description":"Les compteurs d'heures de fonctionnement TELE mesurent les heures de fonctionnement des consommateurs \u00e9lectriques. Vous trouverez ici des compteurs d'heures de fonctionnement de haute qualit\u00e9.","og_url":"https:\/\/www.tele-online.com\/fr\/compteur-dheures-de-fonctionnement\/","og_site_name":"Tele Haase","article_modified_time":"2024-07-09T14:50:29+00:00","og_image":[{"width":2000,"height":1118,"url":"https:\/\/www.tele-online.com\/wp-content\/uploads\/2013\/02\/schaltrelais_betriebsstundenzaehler-108.jpg","type":"image\/jpeg"}],"twitter_card":"summary_large_image","twitter_misc":{"Dur\u00e9e de lecture estim\u00e9e":"1 minute"},"schema":{"@context":"https:\/\/schema.org","@graph":[{"@type":"WebPage","@id":"https:\/\/www.tele-online.com\/fr\/compteur-dheures-de-fonctionnement\/","url":"https:\/\/www.tele-online.com\/fr\/compteur-dheures-de-fonctionnement\/","name":"9 Compteur d'heures de fonctionnement | 12v\/230v avec de nombreuses fonctions | TELE Haase Steuerger\u00e4te GmbH","isPartOf":{"@id":"https:\/\/www.tele-online.com\/fr\/#website"},"primaryImageOfPage":{"@id":"https:\/\/www.tele-online.com\/fr\/compteur-dheures-de-fonctionnement\/#primaryimage"},"image":{"@id":"https:\/\/www.tele-online.com\/fr\/compteur-dheures-de-fonctionnement\/#primaryimage"},"thumbnailUrl":"https:\/\/www.tele-online.com\/wp-content\/uploads\/2013\/02\/schaltrelais_betriebsstundenzaehler-108.jpg","datePublished":"2024-06-13T07:41:38+00:00","dateModified":"2024-07-09T14:50:29+00:00","description":"Les compteurs d'heures de fonctionnement TELE mesurent les heures de fonctionnement des consommateurs \u00e9lectriques. Vous trouverez ici des compteurs d'heures de fonctionnement de haute qualit\u00e9.","breadcrumb":{"@id":"https:\/\/www.tele-online.com\/fr\/compteur-dheures-de-fonctionnement\/#breadcrumb"},"inLanguage":"fr-FR","potentialAction":[{"@type":"ReadAction","target":["https:\/\/www.tele-online.com\/fr\/compteur-dheures-de-fonctionnement\/"]}]},{"@type":"ImageObject","inLanguage":"fr-FR","@id":"https:\/\/www.tele-online.com\/fr\/compteur-dheures-de-fonctionnement\/#primaryimage","url":"https:\/\/www.tele-online.com\/wp-content\/uploads\/2013\/02\/schaltrelais_betriebsstundenzaehler-108.jpg","contentUrl":"https:\/\/www.tele-online.com\/wp-content\/uploads\/2013\/02\/schaltrelais_betriebsstundenzaehler-108.jpg","width":2000,"height":1118},{"@type":"BreadcrumbList","@id":"https:\/\/www.tele-online.com\/fr\/compteur-dheures-de-fonctionnement\/#breadcrumb","itemListElement":[{"@type":"ListItem","position":1,"name":"Startseite","item":"https:\/\/www.tele-online.com\/fr\/"},{"@type":"ListItem","position":2,"name":"Compteur d&#8217;heures de fonctionnement"}]},{"@type":"WebSite","@id":"https:\/\/www.tele-online.com\/fr\/#website","url":"https:\/\/www.tele-online.com\/fr\/","name":"Tele Haase","description":"Your Smart Factory","potentialAction":[{"@type":"SearchAction","target":{"@type":"EntryPoint","urlTemplate":"https:\/\/www.tele-online.com\/fr\/?s={search_term_string}"},"query-input":{"@type":"PropertyValueSpecification","valueRequired":true,"valueName":"search_term_string"}}],"inLanguage":"fr-FR"}]}},"yoast_data":{"yoast_wpseo_canonical":"https:\/\/www.tele-online.com\/fr\/compteur-dheures-de-fonctionnement\/","yoast_wpseo_opengraph_image":"https:\/\/www.tele-online.com\/wp-content\/uploads\/2013\/02\/schaltrelais_betriebsstundenzaehler-108.jpg","yoast_wpseo_metadesc":"Les compteurs d'heures de fonctionnement TELE mesurent les heures de fonctionnement des consommateurs \u00e9lectriques. Vous trouverez ici des compteurs d'heures de fonctionnement de haute qualit\u00e9.","yoast_wpseo_meta_robots_noindex":"","yoast_wpseo_meta_robots_nofollow":""},"footer_links":null,"yoasttitle":"9 Compteur d'heures de fonctionnement | 12v\/230v avec de nombreuses fonctions | TELE Haase Steuerger\u00e4te GmbH","yoast_title":"9 Compteur d&#039;heures de fonctionnement | 12v\/230v avec de nombreuses fonctions | TELE Haase Steuerger\u00e4te GmbH","yoast_meta":[{"name":"description","content":"Les compteurs d&#039;heures de fonctionnement TELE mesurent les heures de fonctionnement des consommateurs \u00e9lectriques. Vous trouverez ici des compteurs d&#039;heures de fonctionnement de haute qualit\u00e9."},{"name":"robots","content":"index, follow, max-snippet:-1, max-image-preview:large, max-video-preview:-1"},{"property":"og:locale","content":"fr_FR"},{"property":"og:type","content":"article"},{"property":"og:title","content":"9 Compteur d&#039;heures de fonctionnement | 12v\/230v avec de nombreuses fonctions | TELE Haase Steuerger\u00e4te GmbH"},{"property":"og:description","content":"Les compteurs d&#039;heures de fonctionnement TELE mesurent les heures de fonctionnement des consommateurs \u00e9lectriques. Vous trouverez ici des compteurs d&#039;heures de fonctionnement de haute qualit\u00e9."},{"property":"og:url","content":"https:\/\/www.tele-online.com\/fr\/compteur-dheures-de-fonctionnement\/"},{"property":"og:site_name","content":"Tele Haase"},{"property":"article:modified_time","content":"2024-07-09T14:50:29+00:00"},{"property":"og:image","content":"https:\/\/www.tele-online.com\/wp-content\/uploads\/2013\/02\/schaltrelais_betriebsstundenzaehler-108.jpg"},{"property":"og:image:width","content":"2000"},{"property":"og:image:height","content":"1118"},{"property":"og:image:type","content":"image\/jpeg"},{"name":"twitter:card","content":"summary_large_image"},{"name":"twitter:label1","content":"Dur\u00e9e de lecture estim\u00e9e"},{"name":"twitter:data1","content":"1 minute"},{"name":"robots","content":"index, follow, max-image-preview:large, max-snippet:-1, max-video-preview:-1"}],"yoast_json_ld":[{"@context":"https:\/\/schema.org","@graph":[{"@type":"WebPage","@id":"https:\/\/www.tele-online.com\/fr\/compteur-dheures-de-fonctionnement\/","url":"https:\/\/www.tele-online.com\/fr\/compteur-dheures-de-fonctionnement\/","name":"9 Compteur d'heures de fonctionnement | 12v\/230v avec de nombreuses fonctions | TELE Haase Steuerger&auml;te GmbH","isPartOf":{"@id":"https:\/\/www.tele-online.com\/fr\/#website"},"primaryImageOfPage":{"@id":"https:\/\/www.tele-online.com\/fr\/compteur-dheures-de-fonctionnement\/#primaryimage"},"image":{"@id":"https:\/\/www.tele-online.com\/fr\/compteur-dheures-de-fonctionnement\/#primaryimage"},"thumbnailUrl":"https:\/\/www.tele-online.com\/wp-content\/uploads\/2013\/02\/schaltrelais_betriebsstundenzaehler-108.jpg","datePublished":"2024-06-13T07:41:38+00:00","dateModified":"2024-07-09T14:50:29+00:00","description":"Les compteurs d'heures de fonctionnement TELE mesurent les heures de fonctionnement des consommateurs &eacute;lectriques. Vous trouverez ici des compteurs d'heures de fonctionnement de haute qualit&eacute;.","breadcrumb":{"@id":"https:\/\/www.tele-online.com\/fr\/compteur-dheures-de-fonctionnement\/#breadcrumb"},"inLanguage":"fr-FR","potentialAction":[{"@type":"ReadAction","target":["https:\/\/www.tele-online.com\/fr\/compteur-dheures-de-fonctionnement\/"]}]},{"@type":"ImageObject","inLanguage":"fr-FR","@id":"https:\/\/www.tele-online.com\/fr\/compteur-dheures-de-fonctionnement\/#primaryimage","url":"https:\/\/www.tele-online.com\/wp-content\/uploads\/2013\/02\/schaltrelais_betriebsstundenzaehler-108.jpg","contentUrl":"https:\/\/www.tele-online.com\/wp-content\/uploads\/2013\/02\/schaltrelais_betriebsstundenzaehler-108.jpg","width":2000,"height":1118},{"@type":"BreadcrumbList","@id":"https:\/\/www.tele-online.com\/fr\/compteur-dheures-de-fonctionnement\/#breadcrumb","itemListElement":[{"@type":"ListItem","position":1,"name":"Startseite","item":"https:\/\/www.tele-online.com\/fr\/"},{"@type":"ListItem","position":2,"name":"Compteur d&#8217;heures de fonctionnement"}]},{"@type":"WebSite","@id":"https:\/\/www.tele-online.com\/fr\/#website","url":"https:\/\/www.tele-online.com\/fr\/","name":"Tele Haase","description":"Your Smart Factory","potentialAction":[{"@type":"SearchAction","target":{"@type":"EntryPoint","urlTemplate":"https:\/\/www.tele-online.com\/fr\/?s={search_term_string}"},"query-input":{"@type":"PropertyValueSpecification","valueRequired":true,"valueName":"search_term_string"}}],"inLanguage":"fr-FR"}]}],"_links":{"self":[{"href":"https:\/\/www.tele-online.com\/fr\/wp-json\/wp\/v2\/pages\/789625"}],"collection":[{"href":"https:\/\/www.tele-online.com\/fr\/wp-json\/wp\/v2\/pages"}],"about":[{"href":"https:\/\/www.tele-online.com\/fr\/wp-json\/wp\/v2\/types\/page"}],"author":[{"embeddable":true,"href":"https:\/\/www.tele-online.com\/fr\/wp-json\/wp\/v2\/users\/48"}],"replies":[{"embeddable":true,"href":"https:\/\/www.tele-online.com\/fr\/wp-json\/wp\/v2\/comments?post=789625"}],"version-history":[{"count":6,"href":"https:\/\/www.tele-online.com\/fr\/wp-json\/wp\/v2\/pages\/789625\/revisions"}],"predecessor-version":[{"id":795735,"href":"https:\/\/www.tele-online.com\/fr\/wp-json\/wp\/v2\/pages\/789625\/revisions\/795735"}],"wp:featuredmedia":[{"embeddable":true,"href":"https:\/\/www.tele-online.com\/fr\/wp-json\/wp\/v2\/media\/764629"}],"wp:attachment":[{"href":"https:\/\/www.tele-online.com\/fr\/wp-json\/wp\/v2\/media?parent=789625"}],"curies":[{"name":"wp","href":"https:\/\/api.w.org\/{rel}","templated":true}]}}