{"id":790992,"date":"2024-06-17T11:13:34","modified":"2024-07-10T08:16:07","slug":"pie-de-imprenta","status":"publish","type":"page","link":"https:\/\/www.tele-online.com\/es\/pie-de-imprenta\/","title":{"rendered":"Pie de imprenta"},"content":{"rendered":"        <div\n            id=\"block_041858c36890fa56bcb7d3c2a4006057\"\n            class=\"acf-block is-edit is-category-text\"\n            data-highlight=\"https:\/\/www.tele-online.com\/pie-de-imprenta\/#highlightblock=block_041858c36890fa56bcb7d3c2a4006057\"\n            data-block=\"textblock\"\n        >\n                            <h2 class=\"acf-block-title\">\n                    <svg  xmlns=\"http:\/\/www.w3.org\/2000\/svg\"  width=\"24\"  height=\"24\"  viewBox=\"0 0 24 24\"  fill=\"none\"  stroke=\"currentColor\"  stroke-width=\"2\"  stroke-linecap=\"round\"  stroke-linejoin=\"round\"  class=\"icon icon-tabler icons-tabler-outline icon-tabler-align-left\"><path stroke=\"none\" d=\"M0 0h24v24H0z\" fill=\"none\"\/><path d=\"M4 6l16 0\" \/><path d=\"M4 12l10 0\" \/><path d=\"M4 18l14 0\" \/><\/svg>                    <span class=\"name\">Textblock <\/span>\n                <\/h2>\n\n                                    <\/div>\n    ","protected":false},"excerpt":{"rendered":"","protected":false},"author":44,"featured_media":53370,"parent":0,"template":"","acf":{"webblocks":[{"acf_fc_layout":"textblock","acf_fc_id":"acf-block-69a23c4d3d697","acf_fc_style":"","flexible":false,"text":"<h1>Pie de imprenta<\/h1>\n<h2 class=\"en_heading en_heading--h3 en_mdl_heading__heading\">Datos de la empresa seg\u00fan la ley de comercio electr\u00f3nico n\u00ba 5:<\/h2>\n<h3 dir=\"ltr\" data-placeholder=\"\u00dcbersetzung\"><\/h3>\n<p>&nbsp;<\/p>\n<div class=\"en_mdl_heading__meta en_mdl_heading__text en_wysiwyg\">\n<h3><strong>Datos de contacto<\/strong><\/h3>\n<\/div>\n<p>Si tienes alguna pregunta, \u00a1estaremos encantados de ayudarte!<\/p>\n<p><strong>Ventas AT y DE<\/strong>: <a href=\"mailto:sales@tele-haase.at\">sales@tele-haase.at<\/a><br \/>\n<strong>Exportaci\u00f3n<\/strong>: <a href=\"mailto:export@tele-haase.at\">export@tele-haase.at<\/a><br \/>\n<strong>Asistencia t\u00e9cnica<\/strong>: <a href=\"mailto:support@tele-haase.at\">support@tele-haase.at<\/a><\/p>\n<p><strong>Consultas generales<\/strong>: <a href=\"mailto:info@tele-haase.at\">info@tele-haase.at<\/a><\/p>\n<h3 dir=\"ltr\" data-placeholder=\"\u00dcbersetzung\"><\/h3>\n<p>&nbsp;<\/p>\n<h3 dir=\"ltr\" data-placeholder=\"\u00dcbersetzung\"><strong>TELE Haase Steuerger\u00e4te Ges.m.b.H.<\/strong><\/h3>\n<div class=\"en_mdl_heading__meta en_mdl_heading__text en_wysiwyg\">\n<p class=\"einleitung_bild\"><strong>Direcci\u00f3n<\/strong>:<br \/>\nVorarlberger Allee 38,<br \/>\n1230 Viena<\/p>\n<p><strong>Tel \/ Fax:<\/strong><br \/>\nTel: +43 \/ (0)1 \/ 614 74 &#8211; 0<br \/>\nFax: +43 \/ (0)1 \/ 614 74 &#8211; 100<\/p>\n<p><strong>Env\u00eda un correo electr\u00f3nico a<\/strong><br \/>\n<a href=\"mailto:info@tele-haase.at\" target=\"_blank\" rel=\"noopener noreferrer\">info@tele-haase.at<\/a><\/p>\n<p><strong>Web<\/strong><br \/>\n<a href=\"https:\/\/www.tele-online.com\/\" target=\"_blank\" rel=\"noopener noreferrer\">www.tele-online.com<\/a><\/p>\n<p><strong>N\u00ba de registro mercantil<\/strong><br \/>\nFN 734 63i HG Viena<\/p>\n<p><strong>Jurisdicci\u00f3n<\/strong><br \/>\nHandelsgericht Wien<\/p>\n<p><strong>N\u00famero de IVA<\/strong><br \/>\nATU14710400<\/p>\n<p><strong>Miembro del Consejo<\/strong>Ejecutivo <strong><br \/>\nAndreas Ahamer, Marcus Ramsauer<\/strong><\/p>\n<p>&nbsp;<\/p>\n<\/div>\n<h3><b><span lang=\"EN-US\">Concepto, dise\u00f1o y desarrollo<\/span><\/b><\/h3>\n<p><span lang=\"EN-US\">P8 Marketing GmbH<br \/>\nMuseumstra\u00dfe 20<br \/>\nA-6020 Innsbruck<br \/>\nTel. +43 512 56 56 16 10<br \/>\n<a href=\"mailto:welcome@p8.eu\">welcome@p8.eu<\/a><br \/>\n<a href=\"https:\/\/www.p8.eu\/\" target=\"_blank\" rel=\"noopener\">https:\/\/www.p8.eu<\/a><\/span><\/p>\n","id":"","linie_oben_einblenden":false,"linie_unten_einblenden":false,"container":"normal","hintergrund":"weis","box":false,"abstand_oben":"","abstand_unten":""}],"seo":[{"googleAuthor":"","googlePublisher":"","schemaName":"Impresionante","schemaDescription":"","schemaImage":false}],"main_menu_ausblenden":false,"footer":{"footer_headline_powerd_by":"Powered By TELE","footer_text_powered_by":"","footer_logos":null,"footer_mylayout_logos":"normal","footer_text_oben":"<p><strong>TELE Haase Steuerger\u00e4te Ges.m.b.H.<\/strong> | Vorarlberger Allee 38 (direct access via Slamastra\u00dfe 37), 1230 Vienna | Austria<\/p>\n<p><strong>Opening Hours<\/strong>: Monday-Thursday 08:00 a.m. to 04:00 p.m. &amp; Friday 08:00 a.m. to 01:00 p.m.<\/p>\n<p><strong><a href=\"https:\/\/www.tele-online.com\/en\/contact\/\">Contact Details<\/a><\/strong><\/p>\n<p>&nbsp;<\/p>\n","footer_headline_social_media":"Social Media","footer_social_media":[{"icon":"<i class=\"icon-facebook\"><\/i>","link":"https:\/\/www.facebook.com\/TELE-Haase-Steuerger%C3%A4te-GesmbH-212293998940265\/?rf=195551397135836"},{"icon":"<i class=\"icon-linkedin\"><\/i>","link":"https:\/\/www.linkedin.com\/company\/tele-worldwide\/"},{"icon":"<i class=\"icon-youtube\"><\/i>","link":"https:\/\/www.youtube.com\/user\/telehaase\/featured"},{"icon":"<i class=\"icon-instagram\"><\/i>","link":"https:\/\/www.instagram.com\/tele_haase\/"}]},"nav_data":{"link":"","text":""},"wpmlurl":{"de":"\/","en":"\/en\/","us":"\/us\/","fr":"\/fr\/","es":"\/es\/"}},"yoast_head":"<!-- This site is optimized with the Yoast SEO plugin v24.5 - https:\/\/yoast.com\/wordpress\/plugins\/seo\/ -->\n<title>Pie de imprenta - Tele Haase<\/title>\n<meta name=\"description\" content=\"Verantwortlich f\u00fcr den Inhalt dieser Website: TELE Haase Steuerger\u00e4te Ges.m.b.H, Vorarlbergere Allee 38, 1230 Viena. Reg\u00edstrate aqu\u00ed:\" \/>\n<meta name=\"robots\" content=\"index, follow, max-snippet:-1, max-image-preview:large, max-video-preview:-1\" \/>\n<link rel=\"canonical\" href=\"https:\/\/www.tele-online.com\/es\/pie-de-imprenta\/\" \/>\n<meta property=\"og:locale\" content=\"es_ES\" \/>\n<meta property=\"og:type\" content=\"article\" \/>\n<meta property=\"og:title\" content=\"Pie de imprenta - Tele Haase\" \/>\n<meta property=\"og:description\" content=\"Verantwortlich f\u00fcr den Inhalt dieser Website: TELE Haase Steuerger\u00e4te Ges.m.b.H, Vorarlbergere Allee 38, 1230 Viena. Reg\u00edstrate aqu\u00ed:\" \/>\n<meta property=\"og:url\" content=\"https:\/\/www.tele-online.com\/es\/pie-de-imprenta\/\" \/>\n<meta property=\"og:site_name\" content=\"Tele Haase\" \/>\n<meta property=\"article:modified_time\" content=\"2024-07-10T06:16:07+00:00\" \/>\n<meta property=\"og:image\" content=\"https:\/\/www.tele-online.com\/wp-content\/uploads\/2015\/02\/Tele-Header-White.jpg\" \/>\n\t<meta property=\"og:image:width\" content=\"2048\" \/>\n\t<meta property=\"og:image:height\" content=\"778\" \/>\n\t<meta property=\"og:image:type\" content=\"image\/jpeg\" \/>\n<meta name=\"twitter:card\" content=\"summary_large_image\" \/>\n<meta name=\"twitter:label1\" content=\"Tiempo de lectura\" \/>\n\t<meta name=\"twitter:data1\" content=\"1 minuto\" \/>\n<script type=\"application\/ld+json\" class=\"yoast-schema-graph\">{\"@context\":\"https:\/\/schema.org\",\"@graph\":[{\"@type\":\"WebPage\",\"@id\":\"https:\/\/www.tele-online.com\/es\/pie-de-imprenta\/\",\"url\":\"https:\/\/www.tele-online.com\/es\/pie-de-imprenta\/\",\"name\":\"Pie de imprenta - Tele Haase\",\"isPartOf\":{\"@id\":\"https:\/\/www.tele-online.com\/es\/#website\"},\"primaryImageOfPage\":{\"@id\":\"https:\/\/www.tele-online.com\/es\/pie-de-imprenta\/#primaryimage\"},\"image\":{\"@id\":\"https:\/\/www.tele-online.com\/es\/pie-de-imprenta\/#primaryimage\"},\"thumbnailUrl\":\"https:\/\/www.tele-online.com\/wp-content\/uploads\/2015\/02\/Tele-Header-White.jpg\",\"datePublished\":\"2024-06-17T09:13:34+00:00\",\"dateModified\":\"2024-07-10T06:16:07+00:00\",\"description\":\"Verantwortlich f\u00fcr den Inhalt dieser Website: TELE Haase Steuerger\u00e4te Ges.m.b.H, Vorarlbergere Allee 38, 1230 Viena. Reg\u00edstrate aqu\u00ed:\",\"breadcrumb\":{\"@id\":\"https:\/\/www.tele-online.com\/es\/pie-de-imprenta\/#breadcrumb\"},\"inLanguage\":\"es\",\"potentialAction\":[{\"@type\":\"ReadAction\",\"target\":[\"https:\/\/www.tele-online.com\/es\/pie-de-imprenta\/\"]}]},{\"@type\":\"ImageObject\",\"inLanguage\":\"es\",\"@id\":\"https:\/\/www.tele-online.com\/es\/pie-de-imprenta\/#primaryimage\",\"url\":\"https:\/\/www.tele-online.com\/wp-content\/uploads\/2015\/02\/Tele-Header-White.jpg\",\"contentUrl\":\"https:\/\/www.tele-online.com\/wp-content\/uploads\/2015\/02\/Tele-Header-White.jpg\",\"width\":2048,\"height\":778},{\"@type\":\"BreadcrumbList\",\"@id\":\"https:\/\/www.tele-online.com\/es\/pie-de-imprenta\/#breadcrumb\",\"itemListElement\":[{\"@type\":\"ListItem\",\"position\":1,\"name\":\"Startseite\",\"item\":\"https:\/\/www.tele-online.com\/es\/\"},{\"@type\":\"ListItem\",\"position\":2,\"name\":\"Pie de imprenta\"}]},{\"@type\":\"WebSite\",\"@id\":\"https:\/\/www.tele-online.com\/es\/#website\",\"url\":\"https:\/\/www.tele-online.com\/es\/\",\"name\":\"Tele Haase\",\"description\":\"Your Smart Factory\",\"potentialAction\":[{\"@type\":\"SearchAction\",\"target\":{\"@type\":\"EntryPoint\",\"urlTemplate\":\"https:\/\/www.tele-online.com\/es\/?s={search_term_string}\"},\"query-input\":{\"@type\":\"PropertyValueSpecification\",\"valueRequired\":true,\"valueName\":\"search_term_string\"}}],\"inLanguage\":\"es\"}]}<\/script>\n<!-- \/ Yoast SEO plugin. -->","yoast_head_json":{"title":"Pie de imprenta - Tele Haase","description":"Verantwortlich f\u00fcr den Inhalt dieser Website: TELE Haase Steuerger\u00e4te Ges.m.b.H, Vorarlbergere Allee 38, 1230 Viena. Reg\u00edstrate aqu\u00ed:","robots":{"index":"index","follow":"follow","max-snippet":"max-snippet:-1","max-image-preview":"max-image-preview:large","max-video-preview":"max-video-preview:-1"},"canonical":"https:\/\/www.tele-online.com\/es\/pie-de-imprenta\/","og_locale":"es_ES","og_type":"article","og_title":"Pie de imprenta - Tele Haase","og_description":"Verantwortlich f\u00fcr den Inhalt dieser Website: TELE Haase Steuerger\u00e4te Ges.m.b.H, Vorarlbergere Allee 38, 1230 Viena. Reg\u00edstrate aqu\u00ed:","og_url":"https:\/\/www.tele-online.com\/es\/pie-de-imprenta\/","og_site_name":"Tele Haase","article_modified_time":"2024-07-10T06:16:07+00:00","og_image":[{"width":2048,"height":778,"url":"https:\/\/www.tele-online.com\/wp-content\/uploads\/2015\/02\/Tele-Header-White.jpg","type":"image\/jpeg"}],"twitter_card":"summary_large_image","twitter_misc":{"Tiempo de lectura":"1 minuto"},"schema":{"@context":"https:\/\/schema.org","@graph":[{"@type":"WebPage","@id":"https:\/\/www.tele-online.com\/es\/pie-de-imprenta\/","url":"https:\/\/www.tele-online.com\/es\/pie-de-imprenta\/","name":"Pie de imprenta - Tele Haase","isPartOf":{"@id":"https:\/\/www.tele-online.com\/es\/#website"},"primaryImageOfPage":{"@id":"https:\/\/www.tele-online.com\/es\/pie-de-imprenta\/#primaryimage"},"image":{"@id":"https:\/\/www.tele-online.com\/es\/pie-de-imprenta\/#primaryimage"},"thumbnailUrl":"https:\/\/www.tele-online.com\/wp-content\/uploads\/2015\/02\/Tele-Header-White.jpg","datePublished":"2024-06-17T09:13:34+00:00","dateModified":"2024-07-10T06:16:07+00:00","description":"Verantwortlich f\u00fcr den Inhalt dieser Website: TELE Haase Steuerger\u00e4te Ges.m.b.H, Vorarlbergere Allee 38, 1230 Viena. Reg\u00edstrate aqu\u00ed:","breadcrumb":{"@id":"https:\/\/www.tele-online.com\/es\/pie-de-imprenta\/#breadcrumb"},"inLanguage":"es","potentialAction":[{"@type":"ReadAction","target":["https:\/\/www.tele-online.com\/es\/pie-de-imprenta\/"]}]},{"@type":"ImageObject","inLanguage":"es","@id":"https:\/\/www.tele-online.com\/es\/pie-de-imprenta\/#primaryimage","url":"https:\/\/www.tele-online.com\/wp-content\/uploads\/2015\/02\/Tele-Header-White.jpg","contentUrl":"https:\/\/www.tele-online.com\/wp-content\/uploads\/2015\/02\/Tele-Header-White.jpg","width":2048,"height":778},{"@type":"BreadcrumbList","@id":"https:\/\/www.tele-online.com\/es\/pie-de-imprenta\/#breadcrumb","itemListElement":[{"@type":"ListItem","position":1,"name":"Startseite","item":"https:\/\/www.tele-online.com\/es\/"},{"@type":"ListItem","position":2,"name":"Pie de imprenta"}]},{"@type":"WebSite","@id":"https:\/\/www.tele-online.com\/es\/#website","url":"https:\/\/www.tele-online.com\/es\/","name":"Tele Haase","description":"Your Smart Factory","potentialAction":[{"@type":"SearchAction","target":{"@type":"EntryPoint","urlTemplate":"https:\/\/www.tele-online.com\/es\/?s={search_term_string}"},"query-input":{"@type":"PropertyValueSpecification","valueRequired":true,"valueName":"search_term_string"}}],"inLanguage":"es"}]}},"yoast_data":{"yoast_wpseo_canonical":"https:\/\/www.tele-online.com\/es\/pie-de-imprenta\/","yoast_wpseo_opengraph_image":"https:\/\/www.tele-online.com\/wp-content\/uploads\/2015\/02\/Tele-Header-White.jpg","yoast_wpseo_metadesc":"Verantwortlich f\u00fcr den Inhalt dieser Website: TELE Haase Steuerger\u00e4te Ges.m.b.H, Vorarlbergere Allee 38, 1230 Viena. Reg\u00edstrate aqu\u00ed:","yoast_wpseo_meta_robots_noindex":"","yoast_wpseo_meta_robots_nofollow":""},"footer_links":null,"yoasttitle":"Pie de imprenta - Tele Haase","yoast_title":"Pie de imprenta - Tele Haase","yoast_meta":[{"name":"description","content":"Verantwortlich f\u00fcr den Inhalt dieser Website: TELE Haase Steuerger\u00e4te Ges.m.b.H, Vorarlbergere Allee 38, 1230 Viena. Reg\u00edstrate aqu\u00ed:"},{"name":"robots","content":"index, follow, max-snippet:-1, max-image-preview:large, max-video-preview:-1"},{"property":"og:locale","content":"es_ES"},{"property":"og:type","content":"article"},{"property":"og:title","content":"Pie de imprenta - Tele Haase"},{"property":"og:description","content":"Verantwortlich f\u00fcr den Inhalt dieser Website: TELE Haase Steuerger\u00e4te Ges.m.b.H, Vorarlbergere Allee 38, 1230 Viena. Reg\u00edstrate aqu\u00ed:"},{"property":"og:url","content":"https:\/\/www.tele-online.com\/es\/pie-de-imprenta\/"},{"property":"og:site_name","content":"Tele Haase"},{"property":"article:modified_time","content":"2024-07-10T06:16:07+00:00"},{"property":"og:image","content":"https:\/\/www.tele-online.com\/wp-content\/uploads\/2015\/02\/Tele-Header-White.jpg"},{"property":"og:image:width","content":"2048"},{"property":"og:image:height","content":"778"},{"property":"og:image:type","content":"image\/jpeg"},{"name":"twitter:card","content":"summary_large_image"},{"name":"twitter:label1","content":"Tiempo de lectura"},{"name":"twitter:data1","content":"1 minuto"},{"name":"robots","content":"index, follow, max-image-preview:large, max-snippet:-1, max-video-preview:-1"}],"yoast_json_ld":[{"@context":"https:\/\/schema.org","@graph":[{"@type":"WebPage","@id":"https:\/\/www.tele-online.com\/es\/pie-de-imprenta\/","url":"https:\/\/www.tele-online.com\/es\/pie-de-imprenta\/","name":"Pie de imprenta - Tele Haase","isPartOf":{"@id":"https:\/\/www.tele-online.com\/es\/#website"},"primaryImageOfPage":{"@id":"https:\/\/www.tele-online.com\/es\/pie-de-imprenta\/#primaryimage"},"image":{"@id":"https:\/\/www.tele-online.com\/es\/pie-de-imprenta\/#primaryimage"},"thumbnailUrl":"https:\/\/www.tele-online.com\/wp-content\/uploads\/2015\/02\/Tele-Header-White.jpg","datePublished":"2024-06-17T09:13:34+00:00","dateModified":"2024-07-10T06:16:07+00:00","description":"Verantwortlich f&uuml;r den Inhalt dieser Website: TELE Haase Steuerger&auml;te Ges.m.b.H, Vorarlbergere Allee 38, 1230 Viena. Reg&iacute;strate aqu&iacute;:","breadcrumb":{"@id":"https:\/\/www.tele-online.com\/es\/pie-de-imprenta\/#breadcrumb"},"inLanguage":"es","potentialAction":[{"@type":"ReadAction","target":["https:\/\/www.tele-online.com\/es\/pie-de-imprenta\/"]}]},{"@type":"ImageObject","inLanguage":"es","@id":"https:\/\/www.tele-online.com\/es\/pie-de-imprenta\/#primaryimage","url":"https:\/\/www.tele-online.com\/wp-content\/uploads\/2015\/02\/Tele-Header-White.jpg","contentUrl":"https:\/\/www.tele-online.com\/wp-content\/uploads\/2015\/02\/Tele-Header-White.jpg","width":2048,"height":778},{"@type":"BreadcrumbList","@id":"https:\/\/www.tele-online.com\/es\/pie-de-imprenta\/#breadcrumb","itemListElement":[{"@type":"ListItem","position":1,"name":"Startseite","item":"https:\/\/www.tele-online.com\/es\/"},{"@type":"ListItem","position":2,"name":"Pie de imprenta"}]},{"@type":"WebSite","@id":"https:\/\/www.tele-online.com\/es\/#website","url":"https:\/\/www.tele-online.com\/es\/","name":"Tele Haase","description":"Your Smart Factory","potentialAction":[{"@type":"SearchAction","target":{"@type":"EntryPoint","urlTemplate":"https:\/\/www.tele-online.com\/es\/?s={search_term_string}"},"query-input":{"@type":"PropertyValueSpecification","valueRequired":true,"valueName":"search_term_string"}}],"inLanguage":"es"}]}],"_links":{"self":[{"href":"https:\/\/www.tele-online.com\/es\/wp-json\/wp\/v2\/pages\/790992"}],"collection":[{"href":"https:\/\/www.tele-online.com\/es\/wp-json\/wp\/v2\/pages"}],"about":[{"href":"https:\/\/www.tele-online.com\/es\/wp-json\/wp\/v2\/types\/page"}],"author":[{"embeddable":true,"href":"https:\/\/www.tele-online.com\/es\/wp-json\/wp\/v2\/users\/44"}],"replies":[{"embeddable":true,"href":"https:\/\/www.tele-online.com\/es\/wp-json\/wp\/v2\/comments?post=790992"}],"version-history":[{"count":2,"href":"https:\/\/www.tele-online.com\/es\/wp-json\/wp\/v2\/pages\/790992\/revisions"}],"predecessor-version":[{"id":795922,"href":"https:\/\/www.tele-online.com\/es\/wp-json\/wp\/v2\/pages\/790992\/revisions\/795922"}],"wp:featuredmedia":[{"embeddable":true,"href":"https:\/\/www.tele-online.com\/es\/wp-json\/wp\/v2\/media\/53370"}],"wp:attachment":[{"href":"https:\/\/www.tele-online.com\/es\/wp-json\/wp\/v2\/media?parent=790992"}],"curies":[{"name":"wp","href":"https:\/\/api.w.org\/{rel}","templated":true}]}}