{"id":790974,"date":"2024-06-17T10:59:27","modified":"2024-06-17T10:59:32","slug":"blog","status":"publish","type":"page","link":"https:\/\/www.tele-online.com\/es\/blog\/","title":{"rendered":"Blog"},"content":{"rendered":"        <div\n            id=\"block_1ca0b6c3705b7a1f9cd04c9eea50ccef\"\n            class=\"acf-block is-edit is-category-text\"\n            data-highlight=\"https:\/\/www.tele-online.com\/blog\/#highlightblock=block_1ca0b6c3705b7a1f9cd04c9eea50ccef\"\n            data-block=\"headerslider\"\n        >\n                            <h2 class=\"acf-block-title\">\n                    <svg  xmlns=\"http:\/\/www.w3.org\/2000\/svg\"  width=\"24\"  height=\"24\"  viewBox=\"0 0 24 24\"  fill=\"none\"  stroke=\"currentColor\"  stroke-width=\"2\"  stroke-linecap=\"round\"  stroke-linejoin=\"round\"  class=\"icon icon-tabler icons-tabler-outline icon-tabler-align-left\"><path stroke=\"none\" d=\"M0 0h24v24H0z\" fill=\"none\"\/><path d=\"M4 6l16 0\" \/><path d=\"M4 12l10 0\" \/><path d=\"M4 18l14 0\" \/><\/svg>                    <span class=\"name\">Header Slider <\/span>\n                <\/h2>\n\n                                    <\/div>\n            <div\n            id=\"block_6e3fa2c55cebadaeae9ec64bdf12f5bc\"\n            class=\"acf-block is-edit is-category-text\"\n            data-highlight=\"https:\/\/www.tele-online.com\/blog\/#highlightblock=block_6e3fa2c55cebadaeae9ec64bdf12f5bc\"\n            data-block=\"textblock\"\n        >\n                            <h2 class=\"acf-block-title\">\n                    <svg  xmlns=\"http:\/\/www.w3.org\/2000\/svg\"  width=\"24\"  height=\"24\"  viewBox=\"0 0 24 24\"  fill=\"none\"  stroke=\"currentColor\"  stroke-width=\"2\"  stroke-linecap=\"round\"  stroke-linejoin=\"round\"  class=\"icon icon-tabler icons-tabler-outline icon-tabler-align-left\"><path stroke=\"none\" d=\"M0 0h24v24H0z\" fill=\"none\"\/><path d=\"M4 6l16 0\" \/><path d=\"M4 12l10 0\" \/><path d=\"M4 18l14 0\" \/><\/svg>                    <span class=\"name\">Textblock <\/span>\n                <\/h2>\n\n                                    <\/div>\n            <div\n            id=\"block_715f924e6301654d2b7695ae31712d54\"\n            class=\"acf-block is-edit is-category-text\"\n            data-highlight=\"https:\/\/www.tele-online.com\/blog\/#highlightblock=block_715f924e6301654d2b7695ae31712d54\"\n            data-block=\"newsteaser\"\n        >\n                            <h2 class=\"acf-block-title\">\n                    <svg  xmlns=\"http:\/\/www.w3.org\/2000\/svg\"  width=\"24\"  height=\"24\"  viewBox=\"0 0 24 24\"  fill=\"none\"  stroke=\"currentColor\"  stroke-width=\"2\"  stroke-linecap=\"round\"  stroke-linejoin=\"round\"  class=\"icon icon-tabler icons-tabler-outline icon-tabler-align-left\"><path stroke=\"none\" d=\"M0 0h24v24H0z\" fill=\"none\"\/><path d=\"M4 6l16 0\" \/><path d=\"M4 12l10 0\" \/><path d=\"M4 18l14 0\" \/><\/svg>                    <span class=\"name\">News Teaser <\/span>\n                <\/h2>\n\n                                    <\/div>\n            <div\n            id=\"block_fb52cad14258ad14231ae324fad08017\"\n            class=\"acf-block is-edit is-category-text\"\n            data-highlight=\"https:\/\/www.tele-online.com\/blog\/#highlightblock=block_fb52cad14258ad14231ae324fad08017\"\n            data-block=\"kontaktteasermitarbeiter\"\n        >\n                            <h2 class=\"acf-block-title\">\n                    <svg  xmlns=\"http:\/\/www.w3.org\/2000\/svg\"  width=\"24\"  height=\"24\"  viewBox=\"0 0 24 24\"  fill=\"none\"  stroke=\"currentColor\"  stroke-width=\"2\"  stroke-linecap=\"round\"  stroke-linejoin=\"round\"  class=\"icon icon-tabler icons-tabler-outline icon-tabler-align-left\"><path stroke=\"none\" d=\"M0 0h24v24H0z\" fill=\"none\"\/><path d=\"M4 6l16 0\" \/><path d=\"M4 12l10 0\" \/><path d=\"M4 18l14 0\" \/><\/svg>                    <span class=\"name\">Kontakt Teaser Mitarbeiter <\/span>\n                <\/h2>\n\n                                    <\/div>\n    ","protected":false},"excerpt":{"rendered":"","protected":false},"author":48,"featured_media":61201,"parent":0,"template":"","acf":{"webblocks":[{"acf_fc_layout":"headerslider","acf_fc_id":"acf-block-69a23c619503a","acf_fc_style":"","flexible":false,"submenu_aktivieren":false,"slide":[{"bild":{"ID":61201,"id":61201,"title":"MacBook-Mockup_","filename":"macbook-mockup_-scaled.jpg","filesize":102589,"url":"https:\/\/www.tele-online.com\/wp-content\/uploads\/2017\/03\/macbook-mockup_-scaled.jpg","link":"https:\/\/www.tele-online.com\/es\/blog\/attachment\/macbook-mockup_-2\/","alt":"","author":"44","description":"","caption":"","name":"macbook-mockup_-2","status":"inherit","uploaded_to":790974,"date":"2017-03-01 10:30:06","modified":"2024-06-17 08:59:30","menu_order":0,"mime_type":"image\/jpeg","type":"image","subtype":"jpeg","icon":"https:\/\/www.tele-online.com\/wp-includes\/images\/media\/default.png","width":1367,"height":2048,"sizes":{"thumbnail":"https:\/\/www.tele-online.com\/wp-content\/uploads\/2017\/03\/macbook-mockup_-220x220.jpg","thumbnail-width":220,"thumbnail-height":220,"medium":"https:\/\/www.tele-online.com\/wp-content\/uploads\/2017\/03\/macbook-mockup_-544x360.jpg","medium-width":544,"medium-height":360,"medium_large":"https:\/\/www.tele-online.com\/wp-content\/uploads\/2017\/03\/macbook-mockup_-768x1150.jpg","medium_large-width":768,"medium_large-height":1150,"large":"https:\/\/www.tele-online.com\/wp-content\/uploads\/2017\/03\/macbook-mockup_-780x520.jpg","large-width":780,"large-height":520,"1536x1536":"https:\/\/www.tele-online.com\/wp-content\/uploads\/2017\/03\/macbook-mockup_-scaled.jpg","1536x1536-width":1025,"1536x1536-height":1536,"2048x2048":"https:\/\/www.tele-online.com\/wp-content\/uploads\/2017\/03\/macbook-mockup_-scaled.jpg","2048x2048-width":1367,"2048x2048-height":2048,"hd":"https:\/\/www.tele-online.com\/wp-content\/uploads\/2017\/03\/macbook-mockup_-scaled.jpg","hd-width":1367,"hd-height":2048,"galerie":"https:\/\/www.tele-online.com\/wp-content\/uploads\/2017\/03\/macbook-mockup_-scaled.jpg","galerie-width":320,"galerie-height":479,"stellen":"https:\/\/www.tele-online.com\/wp-content\/uploads\/2017\/03\/macbook-mockup_-scaled.jpg","stellen-width":267,"stellen-height":400}},"headline":"TELE-Blog","link":null,"subheadline":"Echa un vistazo a lo que pasa por aqu\u00ed"}],"max_hohe":"70vh"},{"acf_fc_layout":"textblock","acf_fc_id":"acf-block-69a23c61962fb","acf_fc_style":"","flexible":false,"text":"<h3 style=\"text-align: center\">Lo que aprendemos cada d\u00eda<\/h3>\n<p style=\"text-align: center\">Poner patas arriba una organizaci\u00f3n y replante\u00e1rsela no siempre es f\u00e1cil. Desde 2012 tenemos una organizaci\u00f3n de \u00abNuevo Trabajo\u00bb con menos jefes y m\u00e1s responsabilidad personal. Esto nos hace m\u00e1s flexibles y crea espacio para la innovaci\u00f3n. Probamos cosas, rechazamos lo que no funciona, a menudo tenemos grandes intuiciones, a veces cometemos errores, siempre nos reorientamos.<\/p>\n","id":"","linie_oben_einblenden":false,"linie_unten_einblenden":false,"container":"normal","hintergrund":"weis","box":false,"abstand_oben":"","abstand_unten":""},{"acf_fc_layout":"newsteaser","acf_fc_id":"acf-block-69a23c6196d59","acf_fc_style":"","flexible":false,"platzhalter_suche":"Buscar en ...","kategorie":7345},{"acf_fc_layout":"kontaktteasermitarbeiter","acf_fc_id":"acf-block-69a23c6196f45","acf_fc_style":"","flexible":false,"headline":"\u00bfPuedo ayudarte?","text":"\u00bfNo encuentras lo que buscas? No dudes en ponerte en contacto conmigo.","type":"automatisch","mitarbeiter":4135,"mitarbeiter_fallback":false,"telefon":"","telefon_gastautor":"","email_gastautor":"","termin_button_text":"","termin_button_link":"","id":"","hintergrund":"weis","abstand_oben":"","abstand_unten":""}],"seo":[{"googleAuthor":"","googlePublisher":"","schemaName":"","schemaDescription":"","schemaImage":false}],"footer_link_block":false,"main_menu_ausblenden":false,"footer":{"footer_headline_powerd_by":"Powered By TELE","footer_text_powered_by":"","footer_logos":null,"footer_mylayout_logos":"normal","footer_text_oben":"<p><strong>TELE Haase Steuerger\u00e4te Ges.m.b.H.<\/strong> | Vorarlberger Allee 38 (direct access via Slamastra\u00dfe 37), 1230 Vienna | Austria<\/p>\n<p><strong>Opening Hours<\/strong>: Monday-Thursday 08:00 a.m. to 04:00 p.m. &amp; Friday 08:00 a.m. to 01:00 p.m.<\/p>\n<p><strong><a href=\"https:\/\/www.tele-online.com\/en\/contact\/\">Contact Details<\/a><\/strong><\/p>\n<p>&nbsp;<\/p>\n","footer_headline_social_media":"Social Media","footer_social_media":[{"icon":"<i class=\"icon-facebook\"><\/i>","link":"https:\/\/www.facebook.com\/TELE-Haase-Steuerger%C3%A4te-GesmbH-212293998940265\/?rf=195551397135836"},{"icon":"<i class=\"icon-linkedin\"><\/i>","link":"https:\/\/www.linkedin.com\/company\/tele-worldwide\/"},{"icon":"<i class=\"icon-youtube\"><\/i>","link":"https:\/\/www.youtube.com\/user\/telehaase\/featured"},{"icon":"<i class=\"icon-instagram\"><\/i>","link":"https:\/\/www.instagram.com\/tele_haase\/"}]},"nav_data":{"link":"","text":""},"wpmlurl":{"de":"\/","en":"\/en\/","us":"\/us\/","fr":"\/fr\/","es":"\/es\/"}},"yoast_head":"<!-- This site is optimized with the Yoast SEO plugin v24.5 - https:\/\/yoast.com\/wordpress\/plugins\/seo\/ -->\n<title>Blog - Tele Haase<\/title>\n<meta name=\"description\" content=\"En nuestro Blog, escribimos sobre c\u00f3mo dar la vuelta a una organizaci\u00f3n y replante\u00e1rsela, y por qu\u00e9 esto no siempre es f\u00e1cil.\" \/>\n<meta name=\"robots\" content=\"index, follow, max-snippet:-1, max-image-preview:large, max-video-preview:-1\" \/>\n<link rel=\"canonical\" href=\"https:\/\/www.tele-online.com\/es\/blog\/\" \/>\n<meta property=\"og:locale\" content=\"es_ES\" \/>\n<meta property=\"og:type\" content=\"article\" \/>\n<meta property=\"og:title\" content=\"Blog - Tele Haase\" \/>\n<meta property=\"og:description\" content=\"En nuestro Blog, escribimos sobre c\u00f3mo dar la vuelta a una organizaci\u00f3n y replante\u00e1rsela, y por qu\u00e9 esto no siempre es f\u00e1cil.\" \/>\n<meta property=\"og:url\" content=\"https:\/\/www.tele-online.com\/es\/blog\/\" \/>\n<meta property=\"og:site_name\" content=\"Tele Haase\" \/>\n<meta property=\"article:modified_time\" content=\"2024-06-17T08:59:32+00:00\" \/>\n<meta property=\"og:image\" content=\"https:\/\/www.tele-online.com\/wp-content\/uploads\/2017\/03\/macbook-mockup_-scaled.jpg\" \/>\n\t<meta property=\"og:image:width\" content=\"1367\" \/>\n\t<meta property=\"og:image:height\" content=\"2048\" \/>\n\t<meta property=\"og:image:type\" content=\"image\/jpeg\" \/>\n<meta name=\"twitter:card\" content=\"summary_large_image\" \/>\n<script type=\"application\/ld+json\" class=\"yoast-schema-graph\">{\"@context\":\"https:\/\/schema.org\",\"@graph\":[{\"@type\":\"WebPage\",\"@id\":\"https:\/\/www.tele-online.com\/es\/blog\/\",\"url\":\"https:\/\/www.tele-online.com\/es\/blog\/\",\"name\":\"Blog - Tele Haase\",\"isPartOf\":{\"@id\":\"https:\/\/www.tele-online.com\/es\/#website\"},\"primaryImageOfPage\":{\"@id\":\"https:\/\/www.tele-online.com\/es\/blog\/#primaryimage\"},\"image\":{\"@id\":\"https:\/\/www.tele-online.com\/es\/blog\/#primaryimage\"},\"thumbnailUrl\":\"https:\/\/www.tele-online.com\/wp-content\/uploads\/2017\/03\/macbook-mockup_-scaled.jpg\",\"datePublished\":\"2024-06-17T08:59:27+00:00\",\"dateModified\":\"2024-06-17T08:59:32+00:00\",\"description\":\"En nuestro Blog, escribimos sobre c\u00f3mo dar la vuelta a una organizaci\u00f3n y replante\u00e1rsela, y por qu\u00e9 esto no siempre es f\u00e1cil.\",\"breadcrumb\":{\"@id\":\"https:\/\/www.tele-online.com\/es\/blog\/#breadcrumb\"},\"inLanguage\":\"es\",\"potentialAction\":[{\"@type\":\"ReadAction\",\"target\":[\"https:\/\/www.tele-online.com\/es\/blog\/\"]}]},{\"@type\":\"ImageObject\",\"inLanguage\":\"es\",\"@id\":\"https:\/\/www.tele-online.com\/es\/blog\/#primaryimage\",\"url\":\"https:\/\/www.tele-online.com\/wp-content\/uploads\/2017\/03\/macbook-mockup_-scaled.jpg\",\"contentUrl\":\"https:\/\/www.tele-online.com\/wp-content\/uploads\/2017\/03\/macbook-mockup_-scaled.jpg\",\"width\":1367,\"height\":2048},{\"@type\":\"BreadcrumbList\",\"@id\":\"https:\/\/www.tele-online.com\/es\/blog\/#breadcrumb\",\"itemListElement\":[{\"@type\":\"ListItem\",\"position\":1,\"name\":\"Startseite\",\"item\":\"https:\/\/www.tele-online.com\/es\/\"},{\"@type\":\"ListItem\",\"position\":2,\"name\":\"Blog\"}]},{\"@type\":\"WebSite\",\"@id\":\"https:\/\/www.tele-online.com\/es\/#website\",\"url\":\"https:\/\/www.tele-online.com\/es\/\",\"name\":\"Tele Haase\",\"description\":\"Your Smart Factory\",\"potentialAction\":[{\"@type\":\"SearchAction\",\"target\":{\"@type\":\"EntryPoint\",\"urlTemplate\":\"https:\/\/www.tele-online.com\/es\/?s={search_term_string}\"},\"query-input\":{\"@type\":\"PropertyValueSpecification\",\"valueRequired\":true,\"valueName\":\"search_term_string\"}}],\"inLanguage\":\"es\"}]}<\/script>\n<!-- \/ Yoast SEO plugin. -->","yoast_head_json":{"title":"Blog - Tele Haase","description":"En nuestro Blog, escribimos sobre c\u00f3mo dar la vuelta a una organizaci\u00f3n y replante\u00e1rsela, y por qu\u00e9 esto no siempre es f\u00e1cil.","robots":{"index":"index","follow":"follow","max-snippet":"max-snippet:-1","max-image-preview":"max-image-preview:large","max-video-preview":"max-video-preview:-1"},"canonical":"https:\/\/www.tele-online.com\/es\/blog\/","og_locale":"es_ES","og_type":"article","og_title":"Blog - Tele Haase","og_description":"En nuestro Blog, escribimos sobre c\u00f3mo dar la vuelta a una organizaci\u00f3n y replante\u00e1rsela, y por qu\u00e9 esto no siempre es f\u00e1cil.","og_url":"https:\/\/www.tele-online.com\/es\/blog\/","og_site_name":"Tele Haase","article_modified_time":"2024-06-17T08:59:32+00:00","og_image":[{"width":1367,"height":2048,"url":"https:\/\/www.tele-online.com\/wp-content\/uploads\/2017\/03\/macbook-mockup_-scaled.jpg","type":"image\/jpeg"}],"twitter_card":"summary_large_image","schema":{"@context":"https:\/\/schema.org","@graph":[{"@type":"WebPage","@id":"https:\/\/www.tele-online.com\/es\/blog\/","url":"https:\/\/www.tele-online.com\/es\/blog\/","name":"Blog - Tele Haase","isPartOf":{"@id":"https:\/\/www.tele-online.com\/es\/#website"},"primaryImageOfPage":{"@id":"https:\/\/www.tele-online.com\/es\/blog\/#primaryimage"},"image":{"@id":"https:\/\/www.tele-online.com\/es\/blog\/#primaryimage"},"thumbnailUrl":"https:\/\/www.tele-online.com\/wp-content\/uploads\/2017\/03\/macbook-mockup_-scaled.jpg","datePublished":"2024-06-17T08:59:27+00:00","dateModified":"2024-06-17T08:59:32+00:00","description":"En nuestro Blog, escribimos sobre c\u00f3mo dar la vuelta a una organizaci\u00f3n y replante\u00e1rsela, y por qu\u00e9 esto no siempre es f\u00e1cil.","breadcrumb":{"@id":"https:\/\/www.tele-online.com\/es\/blog\/#breadcrumb"},"inLanguage":"es","potentialAction":[{"@type":"ReadAction","target":["https:\/\/www.tele-online.com\/es\/blog\/"]}]},{"@type":"ImageObject","inLanguage":"es","@id":"https:\/\/www.tele-online.com\/es\/blog\/#primaryimage","url":"https:\/\/www.tele-online.com\/wp-content\/uploads\/2017\/03\/macbook-mockup_-scaled.jpg","contentUrl":"https:\/\/www.tele-online.com\/wp-content\/uploads\/2017\/03\/macbook-mockup_-scaled.jpg","width":1367,"height":2048},{"@type":"BreadcrumbList","@id":"https:\/\/www.tele-online.com\/es\/blog\/#breadcrumb","itemListElement":[{"@type":"ListItem","position":1,"name":"Startseite","item":"https:\/\/www.tele-online.com\/es\/"},{"@type":"ListItem","position":2,"name":"Blog"}]},{"@type":"WebSite","@id":"https:\/\/www.tele-online.com\/es\/#website","url":"https:\/\/www.tele-online.com\/es\/","name":"Tele Haase","description":"Your Smart Factory","potentialAction":[{"@type":"SearchAction","target":{"@type":"EntryPoint","urlTemplate":"https:\/\/www.tele-online.com\/es\/?s={search_term_string}"},"query-input":{"@type":"PropertyValueSpecification","valueRequired":true,"valueName":"search_term_string"}}],"inLanguage":"es"}]}},"yoast_data":{"yoast_wpseo_canonical":"https:\/\/www.tele-online.com\/es\/blog\/","yoast_wpseo_opengraph_image":"https:\/\/www.tele-online.com\/wp-content\/uploads\/2017\/03\/macbook-mockup_-scaled.jpg","yoast_wpseo_metadesc":"En nuestro Blog, escribimos sobre c\u00f3mo dar la vuelta a una organizaci\u00f3n y replante\u00e1rsela, y por qu\u00e9 esto no siempre es f\u00e1cil.","yoast_wpseo_meta_robots_noindex":"","yoast_wpseo_meta_robots_nofollow":""},"footer_links":null,"yoasttitle":"Blog - Tele Haase","yoast_title":"Blog - Tele Haase","yoast_meta":[{"name":"description","content":"En nuestro Blog, escribimos sobre c\u00f3mo dar la vuelta a una organizaci\u00f3n y replante\u00e1rsela, y por qu\u00e9 esto no siempre es f\u00e1cil."},{"name":"robots","content":"index, follow, max-snippet:-1, max-image-preview:large, max-video-preview:-1"},{"property":"og:locale","content":"es_ES"},{"property":"og:type","content":"article"},{"property":"og:title","content":"Blog - Tele Haase"},{"property":"og:description","content":"En nuestro Blog, escribimos sobre c\u00f3mo dar la vuelta a una organizaci\u00f3n y replante\u00e1rsela, y por qu\u00e9 esto no siempre es f\u00e1cil."},{"property":"og:url","content":"https:\/\/www.tele-online.com\/es\/blog\/"},{"property":"og:site_name","content":"Tele Haase"},{"property":"article:modified_time","content":"2024-06-17T08:59:32+00:00"},{"property":"og:image","content":"https:\/\/www.tele-online.com\/wp-content\/uploads\/2017\/03\/macbook-mockup_-scaled.jpg"},{"property":"og:image:width","content":"1367"},{"property":"og:image:height","content":"2048"},{"property":"og:image:type","content":"image\/jpeg"},{"name":"twitter:card","content":"summary_large_image"},{"name":"robots","content":"index, follow, max-image-preview:large, max-snippet:-1, max-video-preview:-1"}],"yoast_json_ld":[{"@context":"https:\/\/schema.org","@graph":[{"@type":"WebPage","@id":"https:\/\/www.tele-online.com\/es\/blog\/","url":"https:\/\/www.tele-online.com\/es\/blog\/","name":"Blog - Tele Haase","isPartOf":{"@id":"https:\/\/www.tele-online.com\/es\/#website"},"primaryImageOfPage":{"@id":"https:\/\/www.tele-online.com\/es\/blog\/#primaryimage"},"image":{"@id":"https:\/\/www.tele-online.com\/es\/blog\/#primaryimage"},"thumbnailUrl":"https:\/\/www.tele-online.com\/wp-content\/uploads\/2017\/03\/macbook-mockup_-scaled.jpg","datePublished":"2024-06-17T08:59:27+00:00","dateModified":"2024-06-17T08:59:32+00:00","description":"En nuestro Blog, escribimos sobre c&oacute;mo dar la vuelta a una organizaci&oacute;n y replante&aacute;rsela, y por qu&eacute; esto no siempre es f&aacute;cil.","breadcrumb":{"@id":"https:\/\/www.tele-online.com\/es\/blog\/#breadcrumb"},"inLanguage":"es","potentialAction":[{"@type":"ReadAction","target":["https:\/\/www.tele-online.com\/es\/blog\/"]}]},{"@type":"ImageObject","inLanguage":"es","@id":"https:\/\/www.tele-online.com\/es\/blog\/#primaryimage","url":"https:\/\/www.tele-online.com\/wp-content\/uploads\/2017\/03\/macbook-mockup_-scaled.jpg","contentUrl":"https:\/\/www.tele-online.com\/wp-content\/uploads\/2017\/03\/macbook-mockup_-scaled.jpg","width":1367,"height":2048},{"@type":"BreadcrumbList","@id":"https:\/\/www.tele-online.com\/es\/blog\/#breadcrumb","itemListElement":[{"@type":"ListItem","position":1,"name":"Startseite","item":"https:\/\/www.tele-online.com\/es\/"},{"@type":"ListItem","position":2,"name":"Blog"}]},{"@type":"WebSite","@id":"https:\/\/www.tele-online.com\/es\/#website","url":"https:\/\/www.tele-online.com\/es\/","name":"Tele Haase","description":"Your Smart Factory","potentialAction":[{"@type":"SearchAction","target":{"@type":"EntryPoint","urlTemplate":"https:\/\/www.tele-online.com\/es\/?s={search_term_string}"},"query-input":{"@type":"PropertyValueSpecification","valueRequired":true,"valueName":"search_term_string"}}],"inLanguage":"es"}]}],"_links":{"self":[{"href":"https:\/\/www.tele-online.com\/es\/wp-json\/wp\/v2\/pages\/790974"}],"collection":[{"href":"https:\/\/www.tele-online.com\/es\/wp-json\/wp\/v2\/pages"}],"about":[{"href":"https:\/\/www.tele-online.com\/es\/wp-json\/wp\/v2\/types\/page"}],"author":[{"embeddable":true,"href":"https:\/\/www.tele-online.com\/es\/wp-json\/wp\/v2\/users\/48"}],"replies":[{"embeddable":true,"href":"https:\/\/www.tele-online.com\/es\/wp-json\/wp\/v2\/comments?post=790974"}],"version-history":[{"count":1,"href":"https:\/\/www.tele-online.com\/es\/wp-json\/wp\/v2\/pages\/790974\/revisions"}],"predecessor-version":[{"id":790975,"href":"https:\/\/www.tele-online.com\/es\/wp-json\/wp\/v2\/pages\/790974\/revisions\/790975"}],"wp:featuredmedia":[{"embeddable":true,"href":"https:\/\/www.tele-online.com\/es\/wp-json\/wp\/v2\/media\/61201"}],"wp:attachment":[{"href":"https:\/\/www.tele-online.com\/es\/wp-json\/wp\/v2\/media?parent=790974"}],"curies":[{"name":"wp","href":"https:\/\/api.w.org\/{rel}","templated":true}]}}