{"id":790962,"date":"2024-06-17T10:53:25","modified":"2024-07-10T11:54:07","slug":"serie-de-videos-iot-al-grano","status":"publish","type":"page","link":"https:\/\/www.tele-online.com\/es\/serie-de-videos-iot-al-grano\/","title":{"rendered":"Serie de v\u00eddeos &#8211; IoT al grano"},"content":{"rendered":"        <div\n            id=\"block_15fda050da6d9f186e4d2c72fde488f4\"\n            class=\"acf-block is-edit is-category-text\"\n            data-highlight=\"https:\/\/www.tele-online.com\/serie-de-videos-iot-al-grano\/#highlightblock=block_15fda050da6d9f186e4d2c72fde488f4\"\n            data-block=\"headerslider\"\n        >\n                            <h2 class=\"acf-block-title\">\n                    <svg  xmlns=\"http:\/\/www.w3.org\/2000\/svg\"  width=\"24\"  height=\"24\"  viewBox=\"0 0 24 24\"  fill=\"none\"  stroke=\"currentColor\"  stroke-width=\"2\"  stroke-linecap=\"round\"  stroke-linejoin=\"round\"  class=\"icon icon-tabler icons-tabler-outline icon-tabler-align-left\"><path stroke=\"none\" d=\"M0 0h24v24H0z\" fill=\"none\"\/><path d=\"M4 6l16 0\" \/><path d=\"M4 12l10 0\" \/><path d=\"M4 18l14 0\" \/><\/svg>                    <span class=\"name\">Header Slider <\/span>\n                <\/h2>\n\n                                    <\/div>\n    \n\n        <div\n            id=\"block_fd17b5ba44fabcceed50e46fb424c3f9\"\n            class=\"acf-block is-edit is-category-text\"\n            data-highlight=\"https:\/\/www.tele-online.com\/serie-de-videos-iot-al-grano\/#highlightblock=block_fd17b5ba44fabcceed50e46fb424c3f9\"\n            data-block=\"textblock\"\n        >\n                            <h2 class=\"acf-block-title\">\n                    <svg  xmlns=\"http:\/\/www.w3.org\/2000\/svg\"  width=\"24\"  height=\"24\"  viewBox=\"0 0 24 24\"  fill=\"none\"  stroke=\"currentColor\"  stroke-width=\"2\"  stroke-linecap=\"round\"  stroke-linejoin=\"round\"  class=\"icon icon-tabler icons-tabler-outline icon-tabler-align-left\"><path stroke=\"none\" d=\"M0 0h24v24H0z\" fill=\"none\"\/><path d=\"M4 6l16 0\" \/><path d=\"M4 12l10 0\" \/><path d=\"M4 18l14 0\" \/><\/svg>                    <span class=\"name\">Textblock <\/span>\n                <\/h2>\n\n                                    <\/div>\n    \n\n        <div\n            id=\"block_4e1240a5db0a89362ba338318eb68c18\"\n            class=\"acf-block is-edit is-category-text\"\n            data-highlight=\"https:\/\/www.tele-online.com\/serie-de-videos-iot-al-grano\/#highlightblock=block_4e1240a5db0a89362ba338318eb68c18\"\n            data-block=\"youtubevideo\"\n        >\n                            <h2 class=\"acf-block-title\">\n                    <svg  xmlns=\"http:\/\/www.w3.org\/2000\/svg\"  width=\"24\"  height=\"24\"  viewBox=\"0 0 24 24\"  fill=\"none\"  stroke=\"currentColor\"  stroke-width=\"2\"  stroke-linecap=\"round\"  stroke-linejoin=\"round\"  class=\"icon icon-tabler icons-tabler-outline icon-tabler-align-left\"><path stroke=\"none\" d=\"M0 0h24v24H0z\" fill=\"none\"\/><path d=\"M4 6l16 0\" \/><path d=\"M4 12l10 0\" \/><path d=\"M4 18l14 0\" \/><\/svg>                    <span class=\"name\">YouTube Video <\/span>\n                <\/h2>\n\n                                    <\/div>\n    \n\n        <div\n            id=\"block_680907952f898634def4c59d110dc58e\"\n            class=\"acf-block is-edit is-category-text\"\n            data-highlight=\"https:\/\/www.tele-online.com\/serie-de-videos-iot-al-grano\/#highlightblock=block_680907952f898634def4c59d110dc58e\"\n            data-block=\"youtubevideo\"\n        >\n                            <h2 class=\"acf-block-title\">\n                    <svg  xmlns=\"http:\/\/www.w3.org\/2000\/svg\"  width=\"24\"  height=\"24\"  viewBox=\"0 0 24 24\"  fill=\"none\"  stroke=\"currentColor\"  stroke-width=\"2\"  stroke-linecap=\"round\"  stroke-linejoin=\"round\"  class=\"icon icon-tabler icons-tabler-outline icon-tabler-align-left\"><path stroke=\"none\" d=\"M0 0h24v24H0z\" fill=\"none\"\/><path d=\"M4 6l16 0\" \/><path d=\"M4 12l10 0\" \/><path d=\"M4 18l14 0\" \/><\/svg>                    <span class=\"name\">YouTube Video <\/span>\n                <\/h2>\n\n                                    <\/div>\n    \n\n        <div\n            id=\"block_85b2dfaaea262bb6783ae174b43addea\"\n            class=\"acf-block is-edit is-category-text\"\n            data-highlight=\"https:\/\/www.tele-online.com\/serie-de-videos-iot-al-grano\/#highlightblock=block_85b2dfaaea262bb6783ae174b43addea\"\n            data-block=\"youtubevideo\"\n        >\n                            <h2 class=\"acf-block-title\">\n                    <svg  xmlns=\"http:\/\/www.w3.org\/2000\/svg\"  width=\"24\"  height=\"24\"  viewBox=\"0 0 24 24\"  fill=\"none\"  stroke=\"currentColor\"  stroke-width=\"2\"  stroke-linecap=\"round\"  stroke-linejoin=\"round\"  class=\"icon icon-tabler icons-tabler-outline icon-tabler-align-left\"><path stroke=\"none\" d=\"M0 0h24v24H0z\" fill=\"none\"\/><path d=\"M4 6l16 0\" \/><path d=\"M4 12l10 0\" \/><path d=\"M4 18l14 0\" \/><\/svg>                    <span class=\"name\">YouTube Video <\/span>\n                <\/h2>\n\n                                    <\/div>\n    \n\n        <div\n            id=\"block_d3c967e4c600c8cc2ecd5d413aaacb95\"\n            class=\"acf-block is-edit is-category-text\"\n            data-highlight=\"https:\/\/www.tele-online.com\/serie-de-videos-iot-al-grano\/#highlightblock=block_d3c967e4c600c8cc2ecd5d413aaacb95\"\n            data-block=\"iotformular\"\n        >\n                            <h2 class=\"acf-block-title\">\n                    <svg  xmlns=\"http:\/\/www.w3.org\/2000\/svg\"  width=\"24\"  height=\"24\"  viewBox=\"0 0 24 24\"  fill=\"none\"  stroke=\"currentColor\"  stroke-width=\"2\"  stroke-linecap=\"round\"  stroke-linejoin=\"round\"  class=\"icon icon-tabler icons-tabler-outline icon-tabler-align-left\"><path stroke=\"none\" d=\"M0 0h24v24H0z\" fill=\"none\"\/><path d=\"M4 6l16 0\" \/><path d=\"M4 12l10 0\" \/><path d=\"M4 18l14 0\" \/><\/svg>                    <span class=\"name\">IOT Formular <\/span>\n                <\/h2>\n\n                                    <\/div>\n    \n\n        <div\n            id=\"block_0f5d9d6ed6a85ffb025b8c833071f449\"\n            class=\"acf-block is-edit is-category-text\"\n            data-highlight=\"https:\/\/www.tele-online.com\/serie-de-videos-iot-al-grano\/#highlightblock=block_0f5d9d6ed6a85ffb025b8c833071f449\"\n            data-block=\"kontaktteasermitarbeiter\"\n        >\n                            <h2 class=\"acf-block-title\">\n                    <svg  xmlns=\"http:\/\/www.w3.org\/2000\/svg\"  width=\"24\"  height=\"24\"  viewBox=\"0 0 24 24\"  fill=\"none\"  stroke=\"currentColor\"  stroke-width=\"2\"  stroke-linecap=\"round\"  stroke-linejoin=\"round\"  class=\"icon icon-tabler icons-tabler-outline icon-tabler-align-left\"><path stroke=\"none\" d=\"M0 0h24v24H0z\" fill=\"none\"\/><path d=\"M4 6l16 0\" \/><path d=\"M4 12l10 0\" \/><path d=\"M4 18l14 0\" \/><\/svg>                    <span class=\"name\">Kontakt Teaser Mitarbeiter <\/span>\n                <\/h2>\n\n                                    <\/div>\n    ","protected":false},"excerpt":{"rendered":"","protected":false},"author":48,"featured_media":67784,"parent":0,"template":"","acf":{"seo":[{"googleAuthor":"","googlePublisher":"","schemaName":"","schemaDescription":"","schemaImage":false}],"main_menu_ausblenden":false,"footer":{"footer_headline_powerd_by":"Powered By TELE","footer_text_powered_by":"","footer_logos":null,"footer_mylayout_logos":"normal","footer_text_oben":"<p><strong>TELE Haase Steuerger\u00e4te Ges.m.b.H.<\/strong> | Vorarlberger Allee 38 (direct access via Slamastra\u00dfe 37), 1230 Vienna | Austria<\/p>\n<p><strong>Opening Hours<\/strong>: Monday-Thursday 08:00 a.m. to 04:00 p.m. &amp; Friday 08:00 a.m. to 01:00 p.m.<\/p>\n<p><strong><a href=\"https:\/\/www.tele-online.com\/en\/contact\/\">Contact Details<\/a><\/strong><\/p>\n<p>&nbsp;<\/p>\n","footer_headline_social_media":"Social Media","footer_social_media":[{"icon":"<i class=\"icon-facebook\"><\/i>","link":"https:\/\/www.facebook.com\/TELE-Haase-Steuerger%C3%A4te-GesmbH-212293998940265\/?rf=195551397135836"},{"icon":"<i class=\"icon-linkedin\"><\/i>","link":"https:\/\/www.linkedin.com\/company\/tele-worldwide\/"},{"icon":"<i class=\"icon-youtube\"><\/i>","link":"https:\/\/www.youtube.com\/user\/telehaase\/featured"},{"icon":"<i class=\"icon-instagram\"><\/i>","link":"https:\/\/www.instagram.com\/tele_haase\/"}]},"nav_data":{"link":"","text":""},"wpmlurl":{"de":"\/","en":"\/en\/","us":"\/us\/","fr":"\/fr\/","es":"\/es\/"},"webblocks":[{"acf_fc_layout":"headerslider","acf_fc_id":"acf-block-69a23c5151d02","acf_fc_style":"","flexible":false,"submenu_aktivieren":false,"slide":[{"bild":{"ID":68093,"id":68093,"title":"IoT-Video-Blog-e1622462433271","filename":"IoT-Video-Blog-e1622462433271.jpeg","filesize":114705,"url":"https:\/\/www.tele-online.com\/wp-content\/uploads\/2021\/05\/IoT-Video-Blog-e1622462433271.jpeg","link":"https:\/\/www.tele-online.com\/es\/serie-de-videos-iot-al-grano\/attachment\/iot-video-blog-e1622462433271-2\/","alt":"","author":"44","description":"","caption":"","name":"iot-video-blog-e1622462433271-2","status":"inherit","uploaded_to":790962,"date":"2021-05-31 12:01:19","modified":"2024-06-17 08:53:28","menu_order":0,"mime_type":"image\/jpeg","type":"image","subtype":"jpeg","icon":"https:\/\/www.tele-online.com\/wp-includes\/images\/media\/default.png","width":1905,"height":1276,"sizes":{"thumbnail":"https:\/\/www.tele-online.com\/wp-content\/uploads\/2021\/05\/IoT-Video-Blog-e1622462433271-220x220.jpeg","thumbnail-width":220,"thumbnail-height":220,"medium":"https:\/\/www.tele-online.com\/wp-content\/uploads\/2021\/05\/IoT-Video-Blog-e1622462433271-544x360.jpeg","medium-width":544,"medium-height":360,"medium_large":"https:\/\/www.tele-online.com\/wp-content\/uploads\/2021\/05\/IoT-Video-Blog-e1622462433271-768x514.jpeg","medium_large-width":768,"medium_large-height":514,"large":"https:\/\/www.tele-online.com\/wp-content\/uploads\/2021\/05\/IoT-Video-Blog-e1622462433271-780x520.jpeg","large-width":780,"large-height":520,"1536x1536":"https:\/\/www.tele-online.com\/wp-content\/uploads\/2021\/05\/IoT-Video-Blog-e1622462433271-1536x1029.jpeg","1536x1536-width":1536,"1536x1536-height":1029,"2048x2048":"https:\/\/www.tele-online.com\/wp-content\/uploads\/2021\/05\/IoT-Video-Blog-e1622462433271.jpeg","2048x2048-width":1905,"2048x2048-height":1276,"hd":"https:\/\/www.tele-online.com\/wp-content\/uploads\/2021\/05\/IoT-Video-Blog-e1622462433271.jpeg","hd-width":1905,"hd-height":1276,"galerie":"https:\/\/www.tele-online.com\/wp-content\/uploads\/2021\/05\/IoT-Video-Blog-e1622462433271-320x214.jpeg","galerie-width":320,"galerie-height":214,"stellen":"https:\/\/www.tele-online.com\/wp-content\/uploads\/2021\/05\/IoT-Video-Blog-e1622462433271-400x400.jpeg","stellen-width":400,"stellen-height":400}},"headline":"Serie de v\u00eddeos - IoT al grano","link":{"title":"P\u00f3ngase en contacto con nosotros","url":"mailto:peter.dollfuss@tele-haase.at","target":"_blank"},"subheadline":"Respuestas a tus preguntas m\u00e1s candentes sobre IoT: breves y directas."}],"max_hohe":"70vh"},{"acf_fc_layout":"textblock","acf_fc_id":"acf-block-69a23c51532f5","acf_fc_style":"","flexible":false,"text":"<h2 style=\"text-align: center;\">IoT &#8211; explicado de forma sencilla y clara<\/h2>\n<p style=\"text-align: center;\">Hacemos tangibles para ti los temas y t\u00e9rminos m\u00e1s importantes en breves sesiones de v\u00eddeo.<\/p>\n<p style=\"text-align: center;\">\n","id":"","linie_oben_einblenden":false,"linie_unten_einblenden":false,"container":"small","hintergrund":"weis","box":false,"abstand_oben":"","abstand_unten":"50"},{"acf_fc_layout":"youtubevideo","acf_fc_id":"acf-block-69a23c51543b6","acf_fc_style":"","flexible":false,"layout":"spalte3","youtube_id":"o0KE4etx6PY","youtube_id2":"UfBvBnZpCc8","youtube_id3":"cAUAwFlcIds","background_color":"#ffffff","padding_top":"","padding_bottom":""},{"acf_fc_layout":"youtubevideo","acf_fc_id":"acf-block-69a23c51550c4","acf_fc_style":"","flexible":false,"layout":"spalte3","youtube_id":"S97K_i16OJ8","youtube_id2":"e8Wo4EVBjjQ","youtube_id3":"BXfu9p1VnWU","background_color":"#ffffff","padding_top":"","padding_bottom":""},{"acf_fc_layout":"youtubevideo","acf_fc_id":"acf-block-69a23c5155148","acf_fc_style":"","flexible":false,"layout":"spalte3","youtube_id":"i87GouG-jv4","youtube_id2":"ZCaIKU0jq7c","youtube_id3":"4kgl9XVn5aI","background_color":"#ffffff","padding_top":"","padding_bottom":""},{"acf_fc_layout":"iotformular","acf_fc_id":"acf-block-69a23c51551bd","acf_fc_style":"","flexible":false,"headline":"Solicitar proyecto IoT","button_text":"Consultas","text_datenschutz":"","text_newsletter_anmelden":"Me gustar\u00eda suscribirme al bolet\u00edn TELE.","text_erfolgreich_gesendet":"Tu consulta se ha enviado correctamente. Nos pondremos en contacto contigo en breve.","text_fehler_beim_senden":"Lo sentimos, no se ha podido enviar tu consulta. Por favor, comprueba tu entrada e int\u00e9ntalo de nuevo.","abstand_oben":"","abstand_unten":""},{"acf_fc_layout":"kontaktteasermitarbeiter","acf_fc_id":"acf-block-69a23c51558e2","acf_fc_style":"","flexible":false,"headline":"\u00a1Opina!","text":"\u00bfTienes un proyecto IoT en mente y necesitas un socio? Cu\u00e9ntanoslo, \u00a1podr\u00edamos ser la pareja perfecta!","type":"automatisch","mitarbeiter":45954,"mitarbeiter_fallback":false,"telefon":"","telefon_gastautor":"","email_gastautor":"","termin_button_text":"","termin_button_link":"","id":"","hintergrund":"hellgruen","abstand_oben":"","abstand_unten":""}]},"yoast_head":"<!-- This site is optimized with the Yoast SEO plugin v24.5 - https:\/\/yoast.com\/wordpress\/plugins\/seo\/ -->\n<title>Serie de v\u00eddeos - IoT al grano - Tele Haase<\/title>\n<meta name=\"description\" content=\"Nuestra serie de v\u00eddeos sobre IoT. Respuestas a tus preguntas m\u00e1s candentes sobre IoT. Nuestros expertos llegan al meollo de la cuesti\u00f3n en v\u00eddeos cortos.\" \/>\n<meta name=\"robots\" content=\"index, follow, max-snippet:-1, max-image-preview:large, max-video-preview:-1\" \/>\n<link rel=\"canonical\" href=\"https:\/\/www.tele-online.com\/es\/serie-de-videos-iot-al-grano\/\" \/>\n<meta property=\"og:locale\" content=\"es_ES\" \/>\n<meta property=\"og:type\" content=\"article\" \/>\n<meta property=\"og:title\" content=\"Serie de v\u00eddeos - IoT al grano - Tele Haase\" \/>\n<meta property=\"og:description\" content=\"Nuestra serie de v\u00eddeos sobre IoT. Respuestas a tus preguntas m\u00e1s candentes sobre IoT. Nuestros expertos llegan al meollo de la cuesti\u00f3n en v\u00eddeos cortos.\" \/>\n<meta property=\"og:url\" content=\"https:\/\/www.tele-online.com\/es\/serie-de-videos-iot-al-grano\/\" \/>\n<meta property=\"og:site_name\" content=\"Tele Haase\" \/>\n<meta property=\"article:modified_time\" content=\"2024-07-10T09:54:07+00:00\" \/>\n<meta property=\"og:image\" content=\"https:\/\/www.tele-online.com\/wp-content\/uploads\/2021\/05\/IoT-Video-Blog-e1622462433271.jpg\" \/>\n\t<meta property=\"og:image:width\" content=\"1920\" \/>\n\t<meta property=\"og:image:height\" content=\"1280\" \/>\n\t<meta property=\"og:image:type\" content=\"image\/jpeg\" \/>\n<meta name=\"twitter:card\" content=\"summary_large_image\" \/>\n<meta name=\"twitter:label1\" content=\"Tiempo de lectura\" \/>\n\t<meta name=\"twitter:data1\" content=\"1 minuto\" \/>\n<script type=\"application\/ld+json\" class=\"yoast-schema-graph\">{\"@context\":\"https:\/\/schema.org\",\"@graph\":[{\"@type\":\"WebPage\",\"@id\":\"https:\/\/www.tele-online.com\/es\/serie-de-videos-iot-al-grano\/\",\"url\":\"https:\/\/www.tele-online.com\/es\/serie-de-videos-iot-al-grano\/\",\"name\":\"Serie de v\u00eddeos - IoT al grano - Tele Haase\",\"isPartOf\":{\"@id\":\"https:\/\/www.tele-online.com\/es\/#website\"},\"primaryImageOfPage\":{\"@id\":\"https:\/\/www.tele-online.com\/es\/serie-de-videos-iot-al-grano\/#primaryimage\"},\"image\":{\"@id\":\"https:\/\/www.tele-online.com\/es\/serie-de-videos-iot-al-grano\/#primaryimage\"},\"thumbnailUrl\":\"https:\/\/www.tele-online.com\/wp-content\/uploads\/2021\/05\/IoT-Video-Blog-e1622462433271.jpg\",\"datePublished\":\"2024-06-17T08:53:25+00:00\",\"dateModified\":\"2024-07-10T09:54:07+00:00\",\"description\":\"Nuestra serie de v\u00eddeos sobre IoT. Respuestas a tus preguntas m\u00e1s candentes sobre IoT. Nuestros expertos llegan al meollo de la cuesti\u00f3n en v\u00eddeos cortos.\",\"breadcrumb\":{\"@id\":\"https:\/\/www.tele-online.com\/es\/serie-de-videos-iot-al-grano\/#breadcrumb\"},\"inLanguage\":\"es\",\"potentialAction\":[{\"@type\":\"ReadAction\",\"target\":[\"https:\/\/www.tele-online.com\/es\/serie-de-videos-iot-al-grano\/\"]}]},{\"@type\":\"ImageObject\",\"inLanguage\":\"es\",\"@id\":\"https:\/\/www.tele-online.com\/es\/serie-de-videos-iot-al-grano\/#primaryimage\",\"url\":\"https:\/\/www.tele-online.com\/wp-content\/uploads\/2021\/05\/IoT-Video-Blog-e1622462433271.jpg\",\"contentUrl\":\"https:\/\/www.tele-online.com\/wp-content\/uploads\/2021\/05\/IoT-Video-Blog-e1622462433271.jpg\",\"width\":1920,\"height\":1280},{\"@type\":\"BreadcrumbList\",\"@id\":\"https:\/\/www.tele-online.com\/es\/serie-de-videos-iot-al-grano\/#breadcrumb\",\"itemListElement\":[{\"@type\":\"ListItem\",\"position\":1,\"name\":\"Startseite\",\"item\":\"https:\/\/www.tele-online.com\/es\/\"},{\"@type\":\"ListItem\",\"position\":2,\"name\":\"Serie de v\u00eddeos &#8211; IoT al grano\"}]},{\"@type\":\"WebSite\",\"@id\":\"https:\/\/www.tele-online.com\/es\/#website\",\"url\":\"https:\/\/www.tele-online.com\/es\/\",\"name\":\"Tele Haase\",\"description\":\"Your Smart Factory\",\"potentialAction\":[{\"@type\":\"SearchAction\",\"target\":{\"@type\":\"EntryPoint\",\"urlTemplate\":\"https:\/\/www.tele-online.com\/es\/?s={search_term_string}\"},\"query-input\":{\"@type\":\"PropertyValueSpecification\",\"valueRequired\":true,\"valueName\":\"search_term_string\"}}],\"inLanguage\":\"es\"}]}<\/script>\n<!-- \/ Yoast SEO plugin. -->","yoast_head_json":{"title":"Serie de v\u00eddeos - IoT al grano - Tele Haase","description":"Nuestra serie de v\u00eddeos sobre IoT. Respuestas a tus preguntas m\u00e1s candentes sobre IoT. Nuestros expertos llegan al meollo de la cuesti\u00f3n en v\u00eddeos cortos.","robots":{"index":"index","follow":"follow","max-snippet":"max-snippet:-1","max-image-preview":"max-image-preview:large","max-video-preview":"max-video-preview:-1"},"canonical":"https:\/\/www.tele-online.com\/es\/serie-de-videos-iot-al-grano\/","og_locale":"es_ES","og_type":"article","og_title":"Serie de v\u00eddeos - IoT al grano - Tele Haase","og_description":"Nuestra serie de v\u00eddeos sobre IoT. Respuestas a tus preguntas m\u00e1s candentes sobre IoT. Nuestros expertos llegan al meollo de la cuesti\u00f3n en v\u00eddeos cortos.","og_url":"https:\/\/www.tele-online.com\/es\/serie-de-videos-iot-al-grano\/","og_site_name":"Tele Haase","article_modified_time":"2024-07-10T09:54:07+00:00","og_image":[{"width":1920,"height":1280,"url":"https:\/\/www.tele-online.com\/wp-content\/uploads\/2021\/05\/IoT-Video-Blog-e1622462433271.jpg","type":"image\/jpeg"}],"twitter_card":"summary_large_image","twitter_misc":{"Tiempo de lectura":"1 minuto"},"schema":{"@context":"https:\/\/schema.org","@graph":[{"@type":"WebPage","@id":"https:\/\/www.tele-online.com\/es\/serie-de-videos-iot-al-grano\/","url":"https:\/\/www.tele-online.com\/es\/serie-de-videos-iot-al-grano\/","name":"Serie de v\u00eddeos - IoT al grano - Tele Haase","isPartOf":{"@id":"https:\/\/www.tele-online.com\/es\/#website"},"primaryImageOfPage":{"@id":"https:\/\/www.tele-online.com\/es\/serie-de-videos-iot-al-grano\/#primaryimage"},"image":{"@id":"https:\/\/www.tele-online.com\/es\/serie-de-videos-iot-al-grano\/#primaryimage"},"thumbnailUrl":"https:\/\/www.tele-online.com\/wp-content\/uploads\/2021\/05\/IoT-Video-Blog-e1622462433271.jpg","datePublished":"2024-06-17T08:53:25+00:00","dateModified":"2024-07-10T09:54:07+00:00","description":"Nuestra serie de v\u00eddeos sobre IoT. Respuestas a tus preguntas m\u00e1s candentes sobre IoT. Nuestros expertos llegan al meollo de la cuesti\u00f3n en v\u00eddeos cortos.","breadcrumb":{"@id":"https:\/\/www.tele-online.com\/es\/serie-de-videos-iot-al-grano\/#breadcrumb"},"inLanguage":"es","potentialAction":[{"@type":"ReadAction","target":["https:\/\/www.tele-online.com\/es\/serie-de-videos-iot-al-grano\/"]}]},{"@type":"ImageObject","inLanguage":"es","@id":"https:\/\/www.tele-online.com\/es\/serie-de-videos-iot-al-grano\/#primaryimage","url":"https:\/\/www.tele-online.com\/wp-content\/uploads\/2021\/05\/IoT-Video-Blog-e1622462433271.jpg","contentUrl":"https:\/\/www.tele-online.com\/wp-content\/uploads\/2021\/05\/IoT-Video-Blog-e1622462433271.jpg","width":1920,"height":1280},{"@type":"BreadcrumbList","@id":"https:\/\/www.tele-online.com\/es\/serie-de-videos-iot-al-grano\/#breadcrumb","itemListElement":[{"@type":"ListItem","position":1,"name":"Startseite","item":"https:\/\/www.tele-online.com\/es\/"},{"@type":"ListItem","position":2,"name":"Serie de v\u00eddeos &#8211; IoT al grano"}]},{"@type":"WebSite","@id":"https:\/\/www.tele-online.com\/es\/#website","url":"https:\/\/www.tele-online.com\/es\/","name":"Tele Haase","description":"Your Smart Factory","potentialAction":[{"@type":"SearchAction","target":{"@type":"EntryPoint","urlTemplate":"https:\/\/www.tele-online.com\/es\/?s={search_term_string}"},"query-input":{"@type":"PropertyValueSpecification","valueRequired":true,"valueName":"search_term_string"}}],"inLanguage":"es"}]}},"yoast_data":{"yoast_wpseo_canonical":"https:\/\/www.tele-online.com\/es\/serie-de-videos-iot-al-grano\/","yoast_wpseo_opengraph_image":"https:\/\/www.tele-online.com\/wp-content\/uploads\/2021\/05\/IoT-Video-Blog-e1622462433271.jpg","yoast_wpseo_metadesc":"Nuestra serie de v\u00eddeos sobre IoT. Respuestas a tus preguntas m\u00e1s candentes sobre IoT. Nuestros expertos llegan al meollo de la cuesti\u00f3n en v\u00eddeos cortos.","yoast_wpseo_meta_robots_noindex":"","yoast_wpseo_meta_robots_nofollow":""},"footer_links":null,"yoasttitle":"Serie de v\u00eddeos &#8211; IoT al grano - Tele Haase","yoast_title":"Serie de v\u00eddeos - IoT al grano - Tele Haase","yoast_meta":[{"name":"description","content":"Nuestra serie de v\u00eddeos sobre IoT. Respuestas a tus preguntas m\u00e1s candentes sobre IoT. Nuestros expertos llegan al meollo de la cuesti\u00f3n en v\u00eddeos cortos."},{"name":"robots","content":"index, follow, max-snippet:-1, max-image-preview:large, max-video-preview:-1"},{"property":"og:locale","content":"es_ES"},{"property":"og:type","content":"article"},{"property":"og:title","content":"Serie de v\u00eddeos - IoT al grano - Tele Haase"},{"property":"og:description","content":"Nuestra serie de v\u00eddeos sobre IoT. Respuestas a tus preguntas m\u00e1s candentes sobre IoT. Nuestros expertos llegan al meollo de la cuesti\u00f3n en v\u00eddeos cortos."},{"property":"og:url","content":"https:\/\/www.tele-online.com\/es\/serie-de-videos-iot-al-grano\/"},{"property":"og:site_name","content":"Tele Haase"},{"property":"article:modified_time","content":"2024-07-10T09:54:07+00:00"},{"property":"og:image","content":"https:\/\/www.tele-online.com\/wp-content\/uploads\/2021\/05\/IoT-Video-Blog-e1622462433271.jpg"},{"property":"og:image:width","content":"1920"},{"property":"og:image:height","content":"1280"},{"property":"og:image:type","content":"image\/jpeg"},{"name":"twitter:card","content":"summary_large_image"},{"name":"twitter:label1","content":"Tiempo de lectura"},{"name":"twitter:data1","content":"1 minuto"},{"name":"robots","content":"index, follow, max-image-preview:large, max-snippet:-1, max-video-preview:-1"}],"yoast_json_ld":[{"@context":"https:\/\/schema.org","@graph":[{"@type":"WebPage","@id":"https:\/\/www.tele-online.com\/es\/serie-de-videos-iot-al-grano\/","url":"https:\/\/www.tele-online.com\/es\/serie-de-videos-iot-al-grano\/","name":"Serie de v&iacute;deos - IoT al grano - Tele Haase","isPartOf":{"@id":"https:\/\/www.tele-online.com\/es\/#website"},"primaryImageOfPage":{"@id":"https:\/\/www.tele-online.com\/es\/serie-de-videos-iot-al-grano\/#primaryimage"},"image":{"@id":"https:\/\/www.tele-online.com\/es\/serie-de-videos-iot-al-grano\/#primaryimage"},"thumbnailUrl":"https:\/\/www.tele-online.com\/wp-content\/uploads\/2021\/05\/IoT-Video-Blog-e1622462433271.jpg","datePublished":"2024-06-17T08:53:25+00:00","dateModified":"2024-07-10T09:54:07+00:00","description":"Nuestra serie de v&iacute;deos sobre IoT. Respuestas a tus preguntas m&aacute;s candentes sobre IoT. Nuestros expertos llegan al meollo de la cuesti&oacute;n en v&iacute;deos cortos.","breadcrumb":{"@id":"https:\/\/www.tele-online.com\/es\/serie-de-videos-iot-al-grano\/#breadcrumb"},"inLanguage":"es","potentialAction":[{"@type":"ReadAction","target":["https:\/\/www.tele-online.com\/es\/serie-de-videos-iot-al-grano\/"]}]},{"@type":"ImageObject","inLanguage":"es","@id":"https:\/\/www.tele-online.com\/es\/serie-de-videos-iot-al-grano\/#primaryimage","url":"https:\/\/www.tele-online.com\/wp-content\/uploads\/2021\/05\/IoT-Video-Blog-e1622462433271.jpg","contentUrl":"https:\/\/www.tele-online.com\/wp-content\/uploads\/2021\/05\/IoT-Video-Blog-e1622462433271.jpg","width":1920,"height":1280},{"@type":"BreadcrumbList","@id":"https:\/\/www.tele-online.com\/es\/serie-de-videos-iot-al-grano\/#breadcrumb","itemListElement":[{"@type":"ListItem","position":1,"name":"Startseite","item":"https:\/\/www.tele-online.com\/es\/"},{"@type":"ListItem","position":2,"name":"Serie de v&iacute;deos &#8211; IoT al grano"}]},{"@type":"WebSite","@id":"https:\/\/www.tele-online.com\/es\/#website","url":"https:\/\/www.tele-online.com\/es\/","name":"Tele Haase","description":"Your Smart Factory","potentialAction":[{"@type":"SearchAction","target":{"@type":"EntryPoint","urlTemplate":"https:\/\/www.tele-online.com\/es\/?s={search_term_string}"},"query-input":{"@type":"PropertyValueSpecification","valueRequired":true,"valueName":"search_term_string"}}],"inLanguage":"es"}]}],"_links":{"self":[{"href":"https:\/\/www.tele-online.com\/es\/wp-json\/wp\/v2\/pages\/790962"}],"collection":[{"href":"https:\/\/www.tele-online.com\/es\/wp-json\/wp\/v2\/pages"}],"about":[{"href":"https:\/\/www.tele-online.com\/es\/wp-json\/wp\/v2\/types\/page"}],"author":[{"embeddable":true,"href":"https:\/\/www.tele-online.com\/es\/wp-json\/wp\/v2\/users\/48"}],"replies":[{"embeddable":true,"href":"https:\/\/www.tele-online.com\/es\/wp-json\/wp\/v2\/comments?post=790962"}],"version-history":[{"count":2,"href":"https:\/\/www.tele-online.com\/es\/wp-json\/wp\/v2\/pages\/790962\/revisions"}],"predecessor-version":[{"id":796056,"href":"https:\/\/www.tele-online.com\/es\/wp-json\/wp\/v2\/pages\/790962\/revisions\/796056"}],"wp:featuredmedia":[{"embeddable":true,"href":"https:\/\/www.tele-online.com\/es\/wp-json\/wp\/v2\/media\/67784"}],"wp:attachment":[{"href":"https:\/\/www.tele-online.com\/es\/wp-json\/wp\/v2\/media?parent=790962"}],"curies":[{"name":"wp","href":"https:\/\/api.w.org\/{rel}","templated":true}]}}