{"id":790960,"date":"2024-06-17T10:49:59","modified":"2024-06-17T10:50:00","slug":"conoce-tele","status":"publish","type":"page","link":"https:\/\/www.tele-online.com\/es\/conoce-tele\/","title":{"rendered":"Conoce TELE"},"content":{"rendered":"        <div\n            id=\"block_0aef116f205281800ca90a6a60a47bb0\"\n            class=\"acf-block is-edit is-category-text\"\n            data-highlight=\"https:\/\/www.tele-online.com\/conoce-tele\/#highlightblock=block_0aef116f205281800ca90a6a60a47bb0\"\n            data-block=\"headerslider\"\n        >\n                            <h2 class=\"acf-block-title\">\n                    <svg  xmlns=\"http:\/\/www.w3.org\/2000\/svg\"  width=\"24\"  height=\"24\"  viewBox=\"0 0 24 24\"  fill=\"none\"  stroke=\"currentColor\"  stroke-width=\"2\"  stroke-linecap=\"round\"  stroke-linejoin=\"round\"  class=\"icon icon-tabler icons-tabler-outline icon-tabler-align-left\"><path stroke=\"none\" d=\"M0 0h24v24H0z\" fill=\"none\"\/><path d=\"M4 6l16 0\" \/><path d=\"M4 12l10 0\" \/><path d=\"M4 18l14 0\" \/><\/svg>                    <span class=\"name\">Header Slider <\/span>\n                <\/h2>\n\n                                    <\/div>\n            <div\n            id=\"block_a09df78d738927be940eb0f398317644\"\n            class=\"acf-block is-edit is-category-text\"\n            data-highlight=\"https:\/\/www.tele-online.com\/conoce-tele\/#highlightblock=block_a09df78d738927be940eb0f398317644\"\n            data-block=\"eventoverview\"\n        >\n                            <h2 class=\"acf-block-title\">\n                    <svg  xmlns=\"http:\/\/www.w3.org\/2000\/svg\"  width=\"24\"  height=\"24\"  viewBox=\"0 0 24 24\"  fill=\"none\"  stroke=\"currentColor\"  stroke-width=\"2\"  stroke-linecap=\"round\"  stroke-linejoin=\"round\"  class=\"icon icon-tabler icons-tabler-outline icon-tabler-align-left\"><path stroke=\"none\" d=\"M0 0h24v24H0z\" fill=\"none\"\/><path d=\"M4 6l16 0\" \/><path d=\"M4 12l10 0\" \/><path d=\"M4 18l14 0\" \/><\/svg>                    <span class=\"name\">Event\u00fcbersicht <\/span>\n                <\/h2>\n\n                                    <\/div>\n            <div\n            id=\"block_ab79b75d1dfa04644c2f8bec90b1d00b\"\n            class=\"acf-block is-edit is-category-text\"\n            data-highlight=\"https:\/\/www.tele-online.com\/conoce-tele\/#highlightblock=block_ab79b75d1dfa04644c2f8bec90b1d00b\"\n            data-block=\"textblock\"\n        >\n                            <h2 class=\"acf-block-title\">\n                    <svg  xmlns=\"http:\/\/www.w3.org\/2000\/svg\"  width=\"24\"  height=\"24\"  viewBox=\"0 0 24 24\"  fill=\"none\"  stroke=\"currentColor\"  stroke-width=\"2\"  stroke-linecap=\"round\"  stroke-linejoin=\"round\"  class=\"icon icon-tabler icons-tabler-outline icon-tabler-align-left\"><path stroke=\"none\" d=\"M0 0h24v24H0z\" fill=\"none\"\/><path d=\"M4 6l16 0\" \/><path d=\"M4 12l10 0\" \/><path d=\"M4 18l14 0\" \/><\/svg>                    <span class=\"name\">Textblock <\/span>\n                <\/h2>\n\n                                    <\/div>\n            <div\n            id=\"block_dc94cc324859b523324a52ed98c2c119\"\n            class=\"acf-block is-edit is-category-text\"\n            data-highlight=\"https:\/\/www.tele-online.com\/conoce-tele\/#highlightblock=block_dc94cc324859b523324a52ed98c2c119\"\n            data-block=\"youtubevideo\"\n        >\n                            <h2 class=\"acf-block-title\">\n                    <svg  xmlns=\"http:\/\/www.w3.org\/2000\/svg\"  width=\"24\"  height=\"24\"  viewBox=\"0 0 24 24\"  fill=\"none\"  stroke=\"currentColor\"  stroke-width=\"2\"  stroke-linecap=\"round\"  stroke-linejoin=\"round\"  class=\"icon icon-tabler icons-tabler-outline icon-tabler-align-left\"><path stroke=\"none\" d=\"M0 0h24v24H0z\" fill=\"none\"\/><path d=\"M4 6l16 0\" \/><path d=\"M4 12l10 0\" \/><path d=\"M4 18l14 0\" \/><\/svg>                    <span class=\"name\">YouTube Video <\/span>\n                <\/h2>\n\n                                    <\/div>\n            <div\n            id=\"block_2ca1de6c4203784ed98b6a39ff08a4f3\"\n            class=\"acf-block is-edit is-category-text\"\n            data-highlight=\"https:\/\/www.tele-online.com\/conoce-tele\/#highlightblock=block_2ca1de6c4203784ed98b6a39ff08a4f3\"\n            data-block=\"textblock\"\n        >\n                            <h2 class=\"acf-block-title\">\n                    <svg  xmlns=\"http:\/\/www.w3.org\/2000\/svg\"  width=\"24\"  height=\"24\"  viewBox=\"0 0 24 24\"  fill=\"none\"  stroke=\"currentColor\"  stroke-width=\"2\"  stroke-linecap=\"round\"  stroke-linejoin=\"round\"  class=\"icon icon-tabler icons-tabler-outline icon-tabler-align-left\"><path stroke=\"none\" d=\"M0 0h24v24H0z\" fill=\"none\"\/><path d=\"M4 6l16 0\" \/><path d=\"M4 12l10 0\" \/><path d=\"M4 18l14 0\" \/><\/svg>                    <span class=\"name\">Textblock <\/span>\n                <\/h2>\n\n                                    <\/div>\n            <div\n            id=\"block_c8cda55da297b9a865daae7858d41994\"\n            class=\"acf-block is-edit is-category-text\"\n            data-highlight=\"https:\/\/www.tele-online.com\/conoce-tele\/#highlightblock=block_c8cda55da297b9a865daae7858d41994\"\n            data-block=\"htmlblock\"\n        >\n                            <h2 class=\"acf-block-title\">\n                    <svg  xmlns=\"http:\/\/www.w3.org\/2000\/svg\"  width=\"24\"  height=\"24\"  viewBox=\"0 0 24 24\"  fill=\"none\"  stroke=\"currentColor\"  stroke-width=\"2\"  stroke-linecap=\"round\"  stroke-linejoin=\"round\"  class=\"icon icon-tabler icons-tabler-outline icon-tabler-align-left\"><path stroke=\"none\" d=\"M0 0h24v24H0z\" fill=\"none\"\/><path d=\"M4 6l16 0\" \/><path d=\"M4 12l10 0\" \/><path d=\"M4 18l14 0\" \/><\/svg>                    <span class=\"name\">HTML Block <\/span>\n                <\/h2>\n\n                                    <\/div>\n            <div\n            id=\"block_6b165d8fe2d42f85434a6da27091fb32\"\n            class=\"acf-block is-edit is-category-text\"\n            data-highlight=\"https:\/\/www.tele-online.com\/conoce-tele\/#highlightblock=block_6b165d8fe2d42f85434a6da27091fb32\"\n            data-block=\"placeholder\"\n        >\n                            <h2 class=\"acf-block-title\">\n                    <svg  xmlns=\"http:\/\/www.w3.org\/2000\/svg\"  width=\"24\"  height=\"24\"  viewBox=\"0 0 24 24\"  fill=\"none\"  stroke=\"currentColor\"  stroke-width=\"2\"  stroke-linecap=\"round\"  stroke-linejoin=\"round\"  class=\"icon icon-tabler icons-tabler-outline icon-tabler-align-left\"><path stroke=\"none\" d=\"M0 0h24v24H0z\" fill=\"none\"\/><path d=\"M4 6l16 0\" \/><path d=\"M4 12l10 0\" \/><path d=\"M4 18l14 0\" \/><\/svg>                    <span class=\"name\">Abstand <\/span>\n                <\/h2>\n\n                                    <\/div>\n            <div\n            id=\"block_2930c6d5f3a4d138161c338bdb7def09\"\n            class=\"acf-block is-edit is-category-text\"\n            data-highlight=\"https:\/\/www.tele-online.com\/conoce-tele\/#highlightblock=block_2930c6d5f3a4d138161c338bdb7def09\"\n            data-block=\"kontaktteasermitarbeiter\"\n        >\n                            <h2 class=\"acf-block-title\">\n                    <svg  xmlns=\"http:\/\/www.w3.org\/2000\/svg\"  width=\"24\"  height=\"24\"  viewBox=\"0 0 24 24\"  fill=\"none\"  stroke=\"currentColor\"  stroke-width=\"2\"  stroke-linecap=\"round\"  stroke-linejoin=\"round\"  class=\"icon icon-tabler icons-tabler-outline icon-tabler-align-left\"><path stroke=\"none\" d=\"M0 0h24v24H0z\" fill=\"none\"\/><path d=\"M4 6l16 0\" \/><path d=\"M4 12l10 0\" \/><path d=\"M4 18l14 0\" \/><\/svg>                    <span class=\"name\">Kontakt Teaser Mitarbeiter <\/span>\n                <\/h2>\n\n                                    <\/div>\n    ","protected":false},"excerpt":{"rendered":"","protected":false},"author":44,"featured_media":61442,"parent":0,"template":"","acf":{"seo":[{"googleAuthor":"","googlePublisher":"","schemaName":"","schemaDescription":"","schemaImage":false}],"footer_link_block":false,"main_menu_ausblenden":false,"footer":{"footer_headline_powerd_by":"Powered By TELE","footer_text_powered_by":"","footer_logos":null,"footer_mylayout_logos":"normal","footer_text_oben":"<p><strong>TELE Haase Steuerger\u00e4te Ges.m.b.H.<\/strong> | Vorarlberger Allee 38 (direct access via Slamastra\u00dfe 37), 1230 Vienna | Austria<\/p>\n<p><strong>Opening Hours<\/strong>: Monday-Thursday 08:00 a.m. to 04:00 p.m. &amp; Friday 08:00 a.m. to 01:00 p.m.<\/p>\n<p><strong><a href=\"https:\/\/www.tele-online.com\/en\/contact\/\">Contact Details<\/a><\/strong><\/p>\n<p>&nbsp;<\/p>\n","footer_headline_social_media":"Social Media","footer_social_media":[{"icon":"<i class=\"icon-facebook\"><\/i>","link":"https:\/\/www.facebook.com\/TELE-Haase-Steuerger%C3%A4te-GesmbH-212293998940265\/?rf=195551397135836"},{"icon":"<i class=\"icon-linkedin\"><\/i>","link":"https:\/\/www.linkedin.com\/company\/tele-worldwide\/"},{"icon":"<i class=\"icon-youtube\"><\/i>","link":"https:\/\/www.youtube.com\/user\/telehaase\/featured"},{"icon":"<i class=\"icon-instagram\"><\/i>","link":"https:\/\/www.instagram.com\/tele_haase\/"}]},"nav_data":{"link":"","text":""},"wpmlurl":{"de":"\/","en":"\/en\/","us":"\/us\/","fr":"\/fr\/","es":"\/es\/"},"webblocks":[{"acf_fc_layout":"headerslider","acf_fc_id":"acf-block-69a23c3b0c39f","acf_fc_style":"","flexible":false,"submenu_aktivieren":false,"slide":[{"bild":{"ID":288546,"id":288546,"title":"Header Events","filename":"Header-Events.png","filesize":2809178,"url":"https:\/\/www.tele-online.com\/wp-content\/uploads\/2023\/07\/Header-Events.png","link":"https:\/\/www.tele-online.com\/es\/conoce-tele\/attachment\/header-events-2\/","alt":"","author":"59","description":"","caption":"","name":"header-events-2","status":"inherit","uploaded_to":790960,"date":"2023-07-18 11:12:08","modified":"2024-06-17 08:50:00","menu_order":0,"mime_type":"image\/png","type":"image","subtype":"png","icon":"https:\/\/www.tele-online.com\/wp-includes\/images\/media\/default.png","width":2048,"height":1365,"sizes":{"thumbnail":"https:\/\/www.tele-online.com\/wp-content\/uploads\/2023\/07\/Header-Events-220x220.png","thumbnail-width":220,"thumbnail-height":220,"medium":"https:\/\/www.tele-online.com\/wp-content\/uploads\/2023\/07\/Header-Events-544x360.png","medium-width":544,"medium-height":360,"medium_large":"https:\/\/www.tele-online.com\/wp-content\/uploads\/2023\/07\/Header-Events-768x512.png","medium_large-width":768,"medium_large-height":512,"large":"https:\/\/www.tele-online.com\/wp-content\/uploads\/2023\/07\/Header-Events-780x520.png","large-width":780,"large-height":520,"1536x1536":"https:\/\/www.tele-online.com\/wp-content\/uploads\/2023\/07\/Header-Events-1536x1024.png","1536x1536-width":1536,"1536x1536-height":1024,"2048x2048":"https:\/\/www.tele-online.com\/wp-content\/uploads\/2023\/07\/Header-Events.png","2048x2048-width":2048,"2048x2048-height":1365,"hd":"https:\/\/www.tele-online.com\/wp-content\/uploads\/2023\/07\/Header-Events-1920x1280.png","hd-width":1920,"hd-height":1280,"galerie":"https:\/\/www.tele-online.com\/wp-content\/uploads\/2023\/07\/Header-Events-320x213.png","galerie-width":320,"galerie-height":213,"stellen":"https:\/\/www.tele-online.com\/wp-content\/uploads\/2023\/07\/Header-Events-400x400.png","stellen-width":400,"stellen-height":400}},"headline":"eventos","link":null,"subheadline":"Vivimos la apertura y nos gusta trabajar en red con nuestro entorno para ampliar constantemente nuestro espacio de conocimiento."}],"max_hohe":"70vh"},{"acf_fc_layout":"eventoverview","acf_fc_id":"acf-block-69a23c3b0d622","acf_fc_style":"","flexible":false,"headline":"Calendario de eventos TELE","headline_tag":"h1","abstand_oben":"","abstand_unten":"","events":[],"categories":[]},{"acf_fc_layout":"textblock","acf_fc_id":"acf-block-69a23c3b0d9f1","acf_fc_style":"","flexible":false,"text":"<h2 style=\"text-align: center\">Throwback: TELE Haase en Dubai (2023)<\/h2>\n","id":"","linie_oben_einblenden":false,"linie_unten_einblenden":false,"container":"normal","hintergrund":"weis","box":false,"abstand_oben":"","abstand_unten":"0px"},{"acf_fc_layout":"youtubevideo","acf_fc_id":"acf-block-69a23c3b0e378","acf_fc_style":"","flexible":false,"layout":"spalte2","youtube_id":"XOGeCQ-NbB0","youtube_id2":"0WxZw6Reg0c","youtube_id3":"","background_color":"#ffffff","padding_top":"","padding_bottom":""},{"acf_fc_layout":"textblock","acf_fc_id":"acf-block-69a23c3b0e9cb","acf_fc_style":"","flexible":false,"text":"<h2 style=\"text-align: center\" data-en-fixed-ratio=\"16-9\">Visita virtual 3D-TELE<\/h2>\n<p style=\"text-align: center\">Preferimos trabajar con empresas en las que confiamos. Por este motivo, TELE ha creado una visita virtual a la empresa.<br \/>Ahora puedes hacerte una idea de nuestras instalaciones las 24 horas del d\u00eda, desde la oficina hasta la zona de producci\u00f3n.<\/p>\n<p style=\"text-align: center\"><strong>Es bueno saberlo:<\/strong><\/p>\n<p style=\"text-align: center\">La peque\u00f1a casa 3D (abajo a la izquierda en el recorrido) muestra una perfecta vista en 3D de todo el edificio TELE a vista de p\u00e1jaro.<br \/>El s\u00edmbolo de la flecha en la parte inferior abre la lista de las \u00e1reas m\u00e1s importantes de TELE y permite una navegaci\u00f3n directa.<\/p>\n","id":"","linie_oben_einblenden":false,"linie_unten_einblenden":false,"container":"normal","hintergrund":"weis","box":false,"abstand_oben":"","abstand_unten":"20px"},{"acf_fc_layout":"htmlblock","acf_fc_id":"acf-block-69a23c3b0ec11","acf_fc_style":"","flexible":false,"text":"<div class=\"video-container\"><iframe src=\"https:\/\/my.matterport.com\/show\/?m=TgfEeAroVk4\" width=\"853\" height=\"480\" frameborder=\"0\" allowfullscreen=\"allowfullscreen\"><\/iframe><\/div>","jobs_widget_laden":false,"id":"","linie_oben_einblenden":false,"linie_unten_einblenden":false,"container":"normal","hintergrund":"weis","abstand_oben":"0","abstand_unten":"0"},{"acf_fc_layout":"placeholder","acf_fc_id":"acf-block-69a23c3b0f438","acf_fc_style":"","flexible":false,"height":"100px","background_color":""},{"acf_fc_layout":"kontaktteasermitarbeiter","acf_fc_id":"acf-block-69a23c3b0f603","acf_fc_style":"","flexible":false,"headline":"\u00bfQuieres concertar una cita o simplemente pasar?","text":"No dudes en ponerte en contacto conmigo en cualquier momento.","type":"automatisch","mitarbeiter":588,"mitarbeiter_fallback":false,"telefon":"","telefon_gastautor":"","email_gastautor":"","termin_button_text":"","termin_button_link":"","id":"","hintergrund":"hellgruen","abstand_oben":"","abstand_unten":""}]},"yoast_head":"<!-- This site is optimized with the Yoast SEO plugin v24.5 - https:\/\/yoast.com\/wordpress\/plugins\/seo\/ -->\n<title>Conoce TELE - Tele Haase<\/title>\n<meta name=\"description\" content=\"\u00bfTe interesa TELE Haase? Re\u00fanete con nosotros para charlar sobre tecnolog\u00eda o formas innovadoras de organizaci\u00f3n. Estamos aqu\u00ed en persona.\" \/>\n<meta name=\"robots\" content=\"index, follow, max-snippet:-1, max-image-preview:large, max-video-preview:-1\" \/>\n<link rel=\"canonical\" href=\"https:\/\/www.tele-online.com\/es\/conoce-tele\/\" \/>\n<meta property=\"og:locale\" content=\"es_ES\" \/>\n<meta property=\"og:type\" content=\"article\" \/>\n<meta property=\"og:title\" content=\"Conoce TELE - Tele Haase\" \/>\n<meta property=\"og:description\" content=\"\u00bfTe interesa TELE Haase? Re\u00fanete con nosotros para charlar sobre tecnolog\u00eda o formas innovadoras de organizaci\u00f3n. Estamos aqu\u00ed en persona.\" \/>\n<meta property=\"og:url\" content=\"https:\/\/www.tele-online.com\/es\/conoce-tele\/\" \/>\n<meta property=\"og:site_name\" content=\"Tele Haase\" \/>\n<meta property=\"article:modified_time\" content=\"2024-06-17T08:50:00+00:00\" \/>\n<meta property=\"og:image\" content=\"https:\/\/www.tele-online.com\/wp-content\/uploads\/2017\/03\/tele-tea-time-29.jpg\" \/>\n\t<meta property=\"og:image:width\" content=\"1300\" \/>\n\t<meta property=\"og:image:height\" content=\"867\" \/>\n\t<meta property=\"og:image:type\" content=\"image\/jpeg\" \/>\n<meta name=\"twitter:card\" content=\"summary_large_image\" \/>\n<script type=\"application\/ld+json\" class=\"yoast-schema-graph\">{\"@context\":\"https:\/\/schema.org\",\"@graph\":[{\"@type\":\"WebPage\",\"@id\":\"https:\/\/www.tele-online.com\/es\/conoce-tele\/\",\"url\":\"https:\/\/www.tele-online.com\/es\/conoce-tele\/\",\"name\":\"Conoce TELE - Tele Haase\",\"isPartOf\":{\"@id\":\"https:\/\/www.tele-online.com\/es\/#website\"},\"primaryImageOfPage\":{\"@id\":\"https:\/\/www.tele-online.com\/es\/conoce-tele\/#primaryimage\"},\"image\":{\"@id\":\"https:\/\/www.tele-online.com\/es\/conoce-tele\/#primaryimage\"},\"thumbnailUrl\":\"https:\/\/www.tele-online.com\/wp-content\/uploads\/2017\/03\/tele-tea-time-29.jpg\",\"datePublished\":\"2024-06-17T08:49:59+00:00\",\"dateModified\":\"2024-06-17T08:50:00+00:00\",\"description\":\"\u00bfTe interesa TELE Haase? Re\u00fanete con nosotros para charlar sobre tecnolog\u00eda o formas innovadoras de organizaci\u00f3n. Estamos aqu\u00ed en persona.\",\"breadcrumb\":{\"@id\":\"https:\/\/www.tele-online.com\/es\/conoce-tele\/#breadcrumb\"},\"inLanguage\":\"es\",\"potentialAction\":[{\"@type\":\"ReadAction\",\"target\":[\"https:\/\/www.tele-online.com\/es\/conoce-tele\/\"]}]},{\"@type\":\"ImageObject\",\"inLanguage\":\"es\",\"@id\":\"https:\/\/www.tele-online.com\/es\/conoce-tele\/#primaryimage\",\"url\":\"https:\/\/www.tele-online.com\/wp-content\/uploads\/2017\/03\/tele-tea-time-29.jpg\",\"contentUrl\":\"https:\/\/www.tele-online.com\/wp-content\/uploads\/2017\/03\/tele-tea-time-29.jpg\",\"width\":1300,\"height\":867},{\"@type\":\"BreadcrumbList\",\"@id\":\"https:\/\/www.tele-online.com\/es\/conoce-tele\/#breadcrumb\",\"itemListElement\":[{\"@type\":\"ListItem\",\"position\":1,\"name\":\"Startseite\",\"item\":\"https:\/\/www.tele-online.com\/es\/\"},{\"@type\":\"ListItem\",\"position\":2,\"name\":\"Conoce TELE\"}]},{\"@type\":\"WebSite\",\"@id\":\"https:\/\/www.tele-online.com\/es\/#website\",\"url\":\"https:\/\/www.tele-online.com\/es\/\",\"name\":\"Tele Haase\",\"description\":\"Your Smart Factory\",\"potentialAction\":[{\"@type\":\"SearchAction\",\"target\":{\"@type\":\"EntryPoint\",\"urlTemplate\":\"https:\/\/www.tele-online.com\/es\/?s={search_term_string}\"},\"query-input\":{\"@type\":\"PropertyValueSpecification\",\"valueRequired\":true,\"valueName\":\"search_term_string\"}}],\"inLanguage\":\"es\"}]}<\/script>\n<!-- \/ Yoast SEO plugin. -->","yoast_head_json":{"title":"Conoce TELE - Tele Haase","description":"\u00bfTe interesa TELE Haase? Re\u00fanete con nosotros para charlar sobre tecnolog\u00eda o formas innovadoras de organizaci\u00f3n. Estamos aqu\u00ed en persona.","robots":{"index":"index","follow":"follow","max-snippet":"max-snippet:-1","max-image-preview":"max-image-preview:large","max-video-preview":"max-video-preview:-1"},"canonical":"https:\/\/www.tele-online.com\/es\/conoce-tele\/","og_locale":"es_ES","og_type":"article","og_title":"Conoce TELE - Tele Haase","og_description":"\u00bfTe interesa TELE Haase? Re\u00fanete con nosotros para charlar sobre tecnolog\u00eda o formas innovadoras de organizaci\u00f3n. Estamos aqu\u00ed en persona.","og_url":"https:\/\/www.tele-online.com\/es\/conoce-tele\/","og_site_name":"Tele Haase","article_modified_time":"2024-06-17T08:50:00+00:00","og_image":[{"width":1300,"height":867,"url":"https:\/\/www.tele-online.com\/wp-content\/uploads\/2017\/03\/tele-tea-time-29.jpg","type":"image\/jpeg"}],"twitter_card":"summary_large_image","schema":{"@context":"https:\/\/schema.org","@graph":[{"@type":"WebPage","@id":"https:\/\/www.tele-online.com\/es\/conoce-tele\/","url":"https:\/\/www.tele-online.com\/es\/conoce-tele\/","name":"Conoce TELE - Tele Haase","isPartOf":{"@id":"https:\/\/www.tele-online.com\/es\/#website"},"primaryImageOfPage":{"@id":"https:\/\/www.tele-online.com\/es\/conoce-tele\/#primaryimage"},"image":{"@id":"https:\/\/www.tele-online.com\/es\/conoce-tele\/#primaryimage"},"thumbnailUrl":"https:\/\/www.tele-online.com\/wp-content\/uploads\/2017\/03\/tele-tea-time-29.jpg","datePublished":"2024-06-17T08:49:59+00:00","dateModified":"2024-06-17T08:50:00+00:00","description":"\u00bfTe interesa TELE Haase? Re\u00fanete con nosotros para charlar sobre tecnolog\u00eda o formas innovadoras de organizaci\u00f3n. Estamos aqu\u00ed en persona.","breadcrumb":{"@id":"https:\/\/www.tele-online.com\/es\/conoce-tele\/#breadcrumb"},"inLanguage":"es","potentialAction":[{"@type":"ReadAction","target":["https:\/\/www.tele-online.com\/es\/conoce-tele\/"]}]},{"@type":"ImageObject","inLanguage":"es","@id":"https:\/\/www.tele-online.com\/es\/conoce-tele\/#primaryimage","url":"https:\/\/www.tele-online.com\/wp-content\/uploads\/2017\/03\/tele-tea-time-29.jpg","contentUrl":"https:\/\/www.tele-online.com\/wp-content\/uploads\/2017\/03\/tele-tea-time-29.jpg","width":1300,"height":867},{"@type":"BreadcrumbList","@id":"https:\/\/www.tele-online.com\/es\/conoce-tele\/#breadcrumb","itemListElement":[{"@type":"ListItem","position":1,"name":"Startseite","item":"https:\/\/www.tele-online.com\/es\/"},{"@type":"ListItem","position":2,"name":"Conoce TELE"}]},{"@type":"WebSite","@id":"https:\/\/www.tele-online.com\/es\/#website","url":"https:\/\/www.tele-online.com\/es\/","name":"Tele Haase","description":"Your Smart Factory","potentialAction":[{"@type":"SearchAction","target":{"@type":"EntryPoint","urlTemplate":"https:\/\/www.tele-online.com\/es\/?s={search_term_string}"},"query-input":{"@type":"PropertyValueSpecification","valueRequired":true,"valueName":"search_term_string"}}],"inLanguage":"es"}]}},"yoast_data":{"yoast_wpseo_canonical":"https:\/\/www.tele-online.com\/es\/conoce-tele\/","yoast_wpseo_opengraph_image":"https:\/\/www.tele-online.com\/wp-content\/uploads\/2017\/03\/tele-tea-time-29.jpg","yoast_wpseo_metadesc":"\u00bfTe interesa TELE Haase? Re\u00fanete con nosotros para charlar sobre tecnolog\u00eda o formas innovadoras de organizaci\u00f3n. Estamos aqu\u00ed en persona.","yoast_wpseo_meta_robots_noindex":"","yoast_wpseo_meta_robots_nofollow":""},"footer_links":null,"yoasttitle":"Conoce TELE - Tele Haase","yoast_title":"Conoce TELE - Tele Haase","yoast_meta":[{"name":"description","content":"\u00bfTe interesa TELE Haase? Re\u00fanete con nosotros para charlar sobre tecnolog\u00eda o formas innovadoras de organizaci\u00f3n. Estamos aqu\u00ed en persona."},{"name":"robots","content":"index, follow, max-snippet:-1, max-image-preview:large, max-video-preview:-1"},{"property":"og:locale","content":"es_ES"},{"property":"og:type","content":"article"},{"property":"og:title","content":"Conoce TELE - Tele Haase"},{"property":"og:description","content":"\u00bfTe interesa TELE Haase? Re\u00fanete con nosotros para charlar sobre tecnolog\u00eda o formas innovadoras de organizaci\u00f3n. Estamos aqu\u00ed en persona."},{"property":"og:url","content":"https:\/\/www.tele-online.com\/es\/conoce-tele\/"},{"property":"og:site_name","content":"Tele Haase"},{"property":"article:modified_time","content":"2024-06-17T08:50:00+00:00"},{"property":"og:image","content":"https:\/\/www.tele-online.com\/wp-content\/uploads\/2017\/03\/tele-tea-time-29.jpg"},{"property":"og:image:width","content":"1300"},{"property":"og:image:height","content":"867"},{"property":"og:image:type","content":"image\/jpeg"},{"name":"twitter:card","content":"summary_large_image"},{"name":"robots","content":"index, follow, max-image-preview:large, max-snippet:-1, max-video-preview:-1"}],"yoast_json_ld":[{"@context":"https:\/\/schema.org","@graph":[{"@type":"WebPage","@id":"https:\/\/www.tele-online.com\/es\/conoce-tele\/","url":"https:\/\/www.tele-online.com\/es\/conoce-tele\/","name":"Conoce TELE - Tele Haase","isPartOf":{"@id":"https:\/\/www.tele-online.com\/es\/#website"},"primaryImageOfPage":{"@id":"https:\/\/www.tele-online.com\/es\/conoce-tele\/#primaryimage"},"image":{"@id":"https:\/\/www.tele-online.com\/es\/conoce-tele\/#primaryimage"},"thumbnailUrl":"https:\/\/www.tele-online.com\/wp-content\/uploads\/2017\/03\/tele-tea-time-29.jpg","datePublished":"2024-06-17T08:49:59+00:00","dateModified":"2024-06-17T08:50:00+00:00","description":"&iquest;Te interesa TELE Haase? Re&uacute;nete con nosotros para charlar sobre tecnolog&iacute;a o formas innovadoras de organizaci&oacute;n. Estamos aqu&iacute; en persona.","breadcrumb":{"@id":"https:\/\/www.tele-online.com\/es\/conoce-tele\/#breadcrumb"},"inLanguage":"es","potentialAction":[{"@type":"ReadAction","target":["https:\/\/www.tele-online.com\/es\/conoce-tele\/"]}]},{"@type":"ImageObject","inLanguage":"es","@id":"https:\/\/www.tele-online.com\/es\/conoce-tele\/#primaryimage","url":"https:\/\/www.tele-online.com\/wp-content\/uploads\/2017\/03\/tele-tea-time-29.jpg","contentUrl":"https:\/\/www.tele-online.com\/wp-content\/uploads\/2017\/03\/tele-tea-time-29.jpg","width":1300,"height":867},{"@type":"BreadcrumbList","@id":"https:\/\/www.tele-online.com\/es\/conoce-tele\/#breadcrumb","itemListElement":[{"@type":"ListItem","position":1,"name":"Startseite","item":"https:\/\/www.tele-online.com\/es\/"},{"@type":"ListItem","position":2,"name":"Conoce TELE"}]},{"@type":"WebSite","@id":"https:\/\/www.tele-online.com\/es\/#website","url":"https:\/\/www.tele-online.com\/es\/","name":"Tele Haase","description":"Your Smart Factory","potentialAction":[{"@type":"SearchAction","target":{"@type":"EntryPoint","urlTemplate":"https:\/\/www.tele-online.com\/es\/?s={search_term_string}"},"query-input":{"@type":"PropertyValueSpecification","valueRequired":true,"valueName":"search_term_string"}}],"inLanguage":"es"}]}],"_links":{"self":[{"href":"https:\/\/www.tele-online.com\/es\/wp-json\/wp\/v2\/pages\/790960"}],"collection":[{"href":"https:\/\/www.tele-online.com\/es\/wp-json\/wp\/v2\/pages"}],"about":[{"href":"https:\/\/www.tele-online.com\/es\/wp-json\/wp\/v2\/types\/page"}],"author":[{"embeddable":true,"href":"https:\/\/www.tele-online.com\/es\/wp-json\/wp\/v2\/users\/44"}],"replies":[{"embeddable":true,"href":"https:\/\/www.tele-online.com\/es\/wp-json\/wp\/v2\/comments?post=790960"}],"version-history":[{"count":1,"href":"https:\/\/www.tele-online.com\/es\/wp-json\/wp\/v2\/pages\/790960\/revisions"}],"predecessor-version":[{"id":790961,"href":"https:\/\/www.tele-online.com\/es\/wp-json\/wp\/v2\/pages\/790960\/revisions\/790961"}],"wp:featuredmedia":[{"embeddable":true,"href":"https:\/\/www.tele-online.com\/es\/wp-json\/wp\/v2\/media\/61442"}],"wp:attachment":[{"href":"https:\/\/www.tele-online.com\/es\/wp-json\/wp\/v2\/media?parent=790960"}],"curies":[{"name":"wp","href":"https:\/\/api.w.org\/{rel}","templated":true}]}}