{"id":790958,"date":"2024-06-17T10:49:57","modified":"2024-07-10T11:21:09","slug":"rele-de-control","status":"publish","type":"page","link":"https:\/\/www.tele-online.com\/es\/rele-de-control\/","title":{"rendered":"Rel\u00e9 de control"},"content":{"rendered":"        <div\n            id=\"block_b663a6c2104877fe23151f4f2a83cce2\"\n            class=\"acf-block is-edit is-category-text\"\n            data-highlight=\"https:\/\/www.tele-online.com\/rele-de-control\/#highlightblock=block_b663a6c2104877fe23151f4f2a83cce2\"\n            data-block=\"headerslider\"\n        >\n                            <h2 class=\"acf-block-title\">\n                    <svg  xmlns=\"http:\/\/www.w3.org\/2000\/svg\"  width=\"24\"  height=\"24\"  viewBox=\"0 0 24 24\"  fill=\"none\"  stroke=\"currentColor\"  stroke-width=\"2\"  stroke-linecap=\"round\"  stroke-linejoin=\"round\"  class=\"icon icon-tabler icons-tabler-outline icon-tabler-align-left\"><path stroke=\"none\" d=\"M0 0h24v24H0z\" fill=\"none\"\/><path d=\"M4 6l16 0\" \/><path d=\"M4 12l10 0\" \/><path d=\"M4 18l14 0\" \/><\/svg>                    <span class=\"name\">Header Slider <\/span>\n                <\/h2>\n\n                                    <\/div>\n    \n\n        <div\n            id=\"block_209aa63fa0a81bf08a8532e0b9074436\"\n            class=\"acf-block is-edit is-category-text\"\n            data-highlight=\"https:\/\/www.tele-online.com\/rele-de-control\/#highlightblock=block_209aa63fa0a81bf08a8532e0b9074436\"\n            data-block=\"textblock\"\n        >\n                            <h2 class=\"acf-block-title\">\n                    <svg  xmlns=\"http:\/\/www.w3.org\/2000\/svg\"  width=\"24\"  height=\"24\"  viewBox=\"0 0 24 24\"  fill=\"none\"  stroke=\"currentColor\"  stroke-width=\"2\"  stroke-linecap=\"round\"  stroke-linejoin=\"round\"  class=\"icon icon-tabler icons-tabler-outline icon-tabler-align-left\"><path stroke=\"none\" d=\"M0 0h24v24H0z\" fill=\"none\"\/><path d=\"M4 6l16 0\" \/><path d=\"M4 12l10 0\" \/><path d=\"M4 18l14 0\" \/><\/svg>                    <span class=\"name\">Textblock <\/span>\n                <\/h2>\n\n                                    <\/div>\n    \n\n        <div\n            id=\"block_e6c15a59ecda48e57fa31489c8119e1c\"\n            class=\"acf-block is-edit is-category-text\"\n            data-highlight=\"https:\/\/www.tele-online.com\/rele-de-control\/#highlightblock=block_e6c15a59ecda48e57fa31489c8119e1c\"\n            data-block=\"textblock\"\n        >\n                            <h2 class=\"acf-block-title\">\n                    <svg  xmlns=\"http:\/\/www.w3.org\/2000\/svg\"  width=\"24\"  height=\"24\"  viewBox=\"0 0 24 24\"  fill=\"none\"  stroke=\"currentColor\"  stroke-width=\"2\"  stroke-linecap=\"round\"  stroke-linejoin=\"round\"  class=\"icon icon-tabler icons-tabler-outline icon-tabler-align-left\"><path stroke=\"none\" d=\"M0 0h24v24H0z\" fill=\"none\"\/><path d=\"M4 6l16 0\" \/><path d=\"M4 12l10 0\" \/><path d=\"M4 18l14 0\" \/><\/svg>                    <span class=\"name\">Textblock <\/span>\n                <\/h2>\n\n                                    <\/div>\n    \n\n        <div\n            id=\"block_de6810ae4780d5994fbf0d2850ee5cb2\"\n            class=\"acf-block is-edit is-category-text\"\n            data-highlight=\"https:\/\/www.tele-online.com\/rele-de-control\/#highlightblock=block_de6810ae4780d5994fbf0d2850ee5cb2\"\n            data-block=\"dreifachteaserapi\"\n        >\n                            <h2 class=\"acf-block-title\">\n                    <svg  xmlns=\"http:\/\/www.w3.org\/2000\/svg\"  width=\"24\"  height=\"24\"  viewBox=\"0 0 24 24\"  fill=\"none\"  stroke=\"currentColor\"  stroke-width=\"2\"  stroke-linecap=\"round\"  stroke-linejoin=\"round\"  class=\"icon icon-tabler icons-tabler-outline icon-tabler-align-left\"><path stroke=\"none\" d=\"M0 0h24v24H0z\" fill=\"none\"\/><path d=\"M4 6l16 0\" \/><path d=\"M4 12l10 0\" \/><path d=\"M4 18l14 0\" \/><\/svg>                    <span class=\"name\">Dreifach Teaser API <\/span>\n                <\/h2>\n\n                                    <\/div>\n    \n\n        <div\n            id=\"block_c1b29d05b81ff7aa783aacfd137c7fd0\"\n            class=\"acf-block is-edit is-category-text\"\n            data-highlight=\"https:\/\/www.tele-online.com\/rele-de-control\/#highlightblock=block_c1b29d05b81ff7aa783aacfd137c7fd0\"\n            data-block=\"produkteauswahl\"\n        >\n                            <h2 class=\"acf-block-title\">\n                    <svg  xmlns=\"http:\/\/www.w3.org\/2000\/svg\"  width=\"24\"  height=\"24\"  viewBox=\"0 0 24 24\"  fill=\"none\"  stroke=\"currentColor\"  stroke-width=\"2\"  stroke-linecap=\"round\"  stroke-linejoin=\"round\"  class=\"icon icon-tabler icons-tabler-outline icon-tabler-align-left\"><path stroke=\"none\" d=\"M0 0h24v24H0z\" fill=\"none\"\/><path d=\"M4 6l16 0\" \/><path d=\"M4 12l10 0\" \/><path d=\"M4 18l14 0\" \/><\/svg>                    <span class=\"name\">Produkte Auswahl <\/span>\n                <\/h2>\n\n                                    <\/div>\n    \n\n        <div\n            id=\"block_6af5f419e0dd5ffbaaa5fa7e3c8b1fd0\"\n            class=\"acf-block is-edit is-category-text\"\n            data-highlight=\"https:\/\/www.tele-online.com\/rele-de-control\/#highlightblock=block_6af5f419e0dd5ffbaaa5fa7e3c8b1fd0\"\n            data-block=\"textblock\"\n        >\n                            <h2 class=\"acf-block-title\">\n                    <svg  xmlns=\"http:\/\/www.w3.org\/2000\/svg\"  width=\"24\"  height=\"24\"  viewBox=\"0 0 24 24\"  fill=\"none\"  stroke=\"currentColor\"  stroke-width=\"2\"  stroke-linecap=\"round\"  stroke-linejoin=\"round\"  class=\"icon icon-tabler icons-tabler-outline icon-tabler-align-left\"><path stroke=\"none\" d=\"M0 0h24v24H0z\" fill=\"none\"\/><path d=\"M4 6l16 0\" \/><path d=\"M4 12l10 0\" \/><path d=\"M4 18l14 0\" \/><\/svg>                    <span class=\"name\">Textblock <\/span>\n                <\/h2>\n\n                                    <\/div>\n    \n\n        <div\n            id=\"block_b8f982e6ea2144f208b1d7f23bb75c5a\"\n            class=\"acf-block is-edit is-category-text\"\n            data-highlight=\"https:\/\/www.tele-online.com\/rele-de-control\/#highlightblock=block_b8f982e6ea2144f208b1d7f23bb75c5a\"\n            data-block=\"dreifachteaserapi\"\n        >\n                            <h2 class=\"acf-block-title\">\n                    <svg  xmlns=\"http:\/\/www.w3.org\/2000\/svg\"  width=\"24\"  height=\"24\"  viewBox=\"0 0 24 24\"  fill=\"none\"  stroke=\"currentColor\"  stroke-width=\"2\"  stroke-linecap=\"round\"  stroke-linejoin=\"round\"  class=\"icon icon-tabler icons-tabler-outline icon-tabler-align-left\"><path stroke=\"none\" d=\"M0 0h24v24H0z\" fill=\"none\"\/><path d=\"M4 6l16 0\" \/><path d=\"M4 12l10 0\" \/><path d=\"M4 18l14 0\" \/><\/svg>                    <span class=\"name\">Dreifach Teaser API <\/span>\n                <\/h2>\n\n                                    <\/div>\n    \n\n        <div\n            id=\"block_b256e97d67b229e4c7e88fdd394a2c44\"\n            class=\"acf-block is-edit is-category-text\"\n            data-highlight=\"https:\/\/www.tele-online.com\/rele-de-control\/#highlightblock=block_b256e97d67b229e4c7e88fdd394a2c44\"\n            data-block=\"funktionenauswahl\"\n        >\n                            <h2 class=\"acf-block-title\">\n                    <svg  xmlns=\"http:\/\/www.w3.org\/2000\/svg\"  width=\"24\"  height=\"24\"  viewBox=\"0 0 24 24\"  fill=\"none\"  stroke=\"currentColor\"  stroke-width=\"2\"  stroke-linecap=\"round\"  stroke-linejoin=\"round\"  class=\"icon icon-tabler icons-tabler-outline icon-tabler-align-left\"><path stroke=\"none\" d=\"M0 0h24v24H0z\" fill=\"none\"\/><path d=\"M4 6l16 0\" \/><path d=\"M4 12l10 0\" \/><path d=\"M4 18l14 0\" \/><\/svg>                    <span class=\"name\">Funktionen Auswahl <\/span>\n                <\/h2>\n\n                                    <\/div>\n    \n\n        <div\n            id=\"block_abbc16dc3c2cf0fcfcde722fded51b8a\"\n            class=\"acf-block is-edit is-category-text\"\n            data-highlight=\"https:\/\/www.tele-online.com\/rele-de-control\/#highlightblock=block_abbc16dc3c2cf0fcfcde722fded51b8a\"\n            data-block=\"kontaktteasermitarbeiter\"\n        >\n                            <h2 class=\"acf-block-title\">\n                    <svg  xmlns=\"http:\/\/www.w3.org\/2000\/svg\"  width=\"24\"  height=\"24\"  viewBox=\"0 0 24 24\"  fill=\"none\"  stroke=\"currentColor\"  stroke-width=\"2\"  stroke-linecap=\"round\"  stroke-linejoin=\"round\"  class=\"icon icon-tabler icons-tabler-outline icon-tabler-align-left\"><path stroke=\"none\" d=\"M0 0h24v24H0z\" fill=\"none\"\/><path d=\"M4 6l16 0\" \/><path d=\"M4 12l10 0\" \/><path d=\"M4 18l14 0\" \/><\/svg>                    <span class=\"name\">Kontakt Teaser Mitarbeiter <\/span>\n                <\/h2>\n\n                                    <\/div>\n    ","protected":false},"excerpt":{"rendered":"","protected":false},"author":48,"featured_media":0,"parent":0,"template":"","acf":{"seo":[{"googleAuthor":"","googlePublisher":"","schemaName":"","schemaDescription":"","schemaImage":false}],"footer_link_block":false,"main_menu_ausblenden":false,"footer":{"footer_headline_powerd_by":"Powered By TELE","footer_text_powered_by":"","footer_logos":null,"footer_mylayout_logos":"normal","footer_text_oben":"<p><strong>TELE Haase Steuerger\u00e4te Ges.m.b.H.<\/strong> | Vorarlberger Allee 38 (direct access via Slamastra\u00dfe 37), 1230 Vienna | Austria<\/p>\n<p><strong>Opening Hours<\/strong>: Monday-Thursday 08:00 a.m. to 04:00 p.m. &amp; Friday 08:00 a.m. to 01:00 p.m.<\/p>\n<p><strong><a href=\"https:\/\/www.tele-online.com\/en\/contact\/\">Contact Details<\/a><\/strong><\/p>\n<p>&nbsp;<\/p>\n","footer_headline_social_media":"Social Media","footer_social_media":[{"icon":"<i class=\"icon-facebook\"><\/i>","link":"https:\/\/www.facebook.com\/TELE-Haase-Steuerger%C3%A4te-GesmbH-212293998940265\/?rf=195551397135836"},{"icon":"<i class=\"icon-linkedin\"><\/i>","link":"https:\/\/www.linkedin.com\/company\/tele-worldwide\/"},{"icon":"<i class=\"icon-youtube\"><\/i>","link":"https:\/\/www.youtube.com\/user\/telehaase\/featured"},{"icon":"<i class=\"icon-instagram\"><\/i>","link":"https:\/\/www.instagram.com\/tele_haase\/"}]},"nav_data":{"link":"","text":""},"wpmlurl":{"de":"\/","en":"\/en\/","us":"\/us\/","fr":"\/fr\/","es":"\/es\/"},"webblocks":[{"acf_fc_layout":"headerslider","acf_fc_id":"acf-block-69a23c311661f","acf_fc_style":"","flexible":false,"submenu_aktivieren":false,"slide":[{"bild":{"ID":65169,"id":65169,"title":"Produktkategorie_Ueberwachungsrelais","filename":"Produktkategorie_Ueberwachungsrelais-scaled.jpg","filesize":67585,"url":"https:\/\/www.tele-online.com\/wp-content\/uploads\/2020\/07\/Produktkategorie_Ueberwachungsrelais-scaled.jpg","link":"https:\/\/www.tele-online.com\/es\/rele-de-control\/attachment\/produktkategorie_ueberwachungsrelais\/","alt":"","author":"50","description":"","caption":"","name":"produktkategorie_ueberwachungsrelais","status":"inherit","uploaded_to":790958,"date":"2020-07-14 06:43:23","modified":"2024-06-17 08:49:58","menu_order":0,"mime_type":"image\/jpeg","type":"image","subtype":"jpeg","icon":"https:\/\/www.tele-online.com\/wp-includes\/images\/media\/default.png","width":2048,"height":1144,"sizes":{"thumbnail":"https:\/\/www.tele-online.com\/wp-content\/uploads\/2020\/07\/Produktkategorie_Ueberwachungsrelais-220x220.jpg","thumbnail-width":220,"thumbnail-height":220,"medium":"https:\/\/www.tele-online.com\/wp-content\/uploads\/2020\/07\/Produktkategorie_Ueberwachungsrelais-544x360.jpg","medium-width":544,"medium-height":360,"medium_large":"https:\/\/www.tele-online.com\/wp-content\/uploads\/2020\/07\/Produktkategorie_Ueberwachungsrelais-768x429.jpg","medium_large-width":768,"medium_large-height":429,"large":"https:\/\/www.tele-online.com\/wp-content\/uploads\/2020\/07\/Produktkategorie_Ueberwachungsrelais-780x520.jpg","large-width":780,"large-height":520,"1536x1536":"https:\/\/www.tele-online.com\/wp-content\/uploads\/2020\/07\/Produktkategorie_Ueberwachungsrelais-1536x858.jpg","1536x1536-width":1536,"1536x1536-height":858,"2048x2048":"https:\/\/www.tele-online.com\/wp-content\/uploads\/2020\/07\/Produktkategorie_Ueberwachungsrelais-2048x1144.jpg","2048x2048-width":2048,"2048x2048-height":1144,"hd":"https:\/\/www.tele-online.com\/wp-content\/uploads\/2020\/07\/Produktkategorie_Ueberwachungsrelais-1920x1073.jpg","hd-width":1920,"hd-height":1073,"galerie":"https:\/\/www.tele-online.com\/wp-content\/uploads\/2020\/07\/Produktkategorie_Ueberwachungsrelais-320x179.jpg","galerie-width":320,"galerie-height":179,"stellen":"https:\/\/www.tele-online.com\/wp-content\/uploads\/2020\/07\/Produktkategorie_Ueberwachungsrelais-400x400.jpg","stellen-width":400,"stellen-height":400}},"headline":"Rel\u00e9 de control","link":null,"subheadline":"Los rel\u00e9s de vigilancia TELE permiten medir de forma compacta y fiable la tensi\u00f3n, la corriente, el coseno phi, la temperatura o los niveles de llenado."}],"max_hohe":"70vh"},{"acf_fc_layout":"textblock","acf_fc_id":"acf-block-69a23c3117a84","acf_fc_style":"","flexible":false,"text":"<h2 style=\"text-align: center\">Rel\u00e9 de vigilancia TELE<\/h2>\n<p style=\"text-align: center\">Con los rel\u00e9s TELE, estar\u00e1s en el lado seguro cuando controles la tensi\u00f3n, la corriente, el coseno phi, la temperatura o el nivel. Incluye la eficiencia energ\u00e9tica y de recursos. Tensi\u00f3n, corriente, cos phi, temperatura y nivel: \u00a1lo controlamos todo!<\/p>\n","id":"","linie_oben_einblenden":false,"linie_unten_einblenden":false,"container":"normal","hintergrund":"weis","box":false,"abstand_oben":"50px","abstand_unten":"30px"},{"acf_fc_layout":"textblock","acf_fc_id":"acf-block-69a23c31183fe","acf_fc_style":"","flexible":false,"text":"<h2 style=\"text-align: center\">Rel\u00e9 de control por dise\u00f1o<\/h2>\n","id":"","linie_oben_einblenden":false,"linie_unten_einblenden":false,"container":"normal","hintergrund":"weis","box":false,"abstand_oben":"50px","abstand_unten":"30px"},{"acf_fc_layout":"dreifachteaserapi","acf_fc_id":"acf-block-69a23c311857e","acf_fc_style":"","flexible":false,"layout":"3spalten","show_series":true,"kategorie":{"value":"2672","label":"Monitoring Relays"},"kacheln":[{"kategorie":false,"serien":"4151","link":null},{"kategorie":false,"serien":"4153","link":null},{"kategorie":false,"serien":"4147","link":null},{"kategorie":false,"serien":"4158","link":null}],"bildformat":"quadratisch","hintergrund":"weis","hintergrund_oben":"weis","abstand_oben":"","abstand_unten":""},{"acf_fc_layout":"produkteauswahl","acf_fc_id":"acf-block-69a23c3119b1e","acf_fc_style":"","flexible":false,"text":"<h2 style=\"text-align: center;\">Rel\u00e9s de vigilancia populares<\/h2>\n","category":"2672","funktionen":"","serien":"","text_alle_produkte":"","link_alle_produkte":"","text_verfugbare_produkte":"Productos disponibles","text_button":"Mostrar m\u00e1s rel\u00e9s de control","headline_case_studies":"Aqu\u00ed se utilizan los rel\u00e9s de control de TELE:","text_case_studies":"","id":"","hintergrund":"hellgruen","abstand_oben":"","abstand_unten":"50px"},{"acf_fc_layout":"textblock","acf_fc_id":"acf-block-69a23c311abdd","acf_fc_style":"","flexible":false,"text":"<h2 style=\"text-align: center\">Accesorios del rel\u00e9 de control<\/h2>\n","id":"","linie_oben_einblenden":false,"linie_unten_einblenden":false,"container":"normal","hintergrund":"weis","box":false,"abstand_oben":"","abstand_unten":"0"},{"acf_fc_layout":"dreifachteaserapi","acf_fc_id":"acf-block-69a23c311ad60","acf_fc_style":"","flexible":false,"layout":"3spalten","show_series":true,"kategorie":{"value":"2672","label":"Monitoring Relays"},"kacheln":[{"kategorie":false,"serien":"4169","link":null},{"kategorie":false,"serien":"4163","link":null},{"kategorie":false,"serien":"4164","link":null},{"kategorie":false,"serien":"4146","link":null},{"kategorie":false,"serien":"4160","link":null}],"bildformat":"normal","hintergrund":"weis","hintergrund_oben":"weis","abstand_oben":"","abstand_unten":""},{"acf_fc_layout":"funktionenauswahl","acf_fc_id":"acf-block-69a23c311aee5","acf_fc_style":"","flexible":false,"headline":"Ordenados seg\u00fan las funciones m\u00e1s importantes","text":"","show_functions_manual":false,"category":{"value":"2672","label":"Monitoring Relays"},"manual_functions":false,"button_text":"Mostrar m\u00e1s funciones","id":"","hintergrund":"weis","abstand_oben":"30px","abstand_unten":"50px"},{"acf_fc_layout":"kontaktteasermitarbeiter","acf_fc_id":"acf-block-69a23c311c03b","acf_fc_style":"","flexible":false,"headline":"\u00bfTienes alguna pregunta sobre los rel\u00e9s de vigilancia TELE? Estar\u00e9 encantada de ayudarte.","text":"No dudes en ponerte en contacto conmigo","type":"automatisch","mitarbeiter":35707,"mitarbeiter_fallback":false,"telefon":"","telefon_gastautor":"","email_gastautor":"","termin_button_text":"","termin_button_link":"","id":"","hintergrund":"weis","abstand_oben":"50px","abstand_unten":"50px"}]},"yoast_head":"<!-- This site is optimized with the Yoast SEO plugin v24.5 - https:\/\/yoast.com\/wordpress\/plugins\/seo\/ -->\n<title>70+ rel\u00e9s de control TELE para corriente, tensi\u00f3n y fases<\/title>\n<meta name=\"description\" content=\"Los rel\u00e9s de vigilancia TELE permiten medir de forma compacta y fiable la tensi\u00f3n, la corriente, el coseno phi, la temperatura o los niveles de llenado.\" \/>\n<meta name=\"robots\" content=\"index, follow, max-snippet:-1, max-image-preview:large, max-video-preview:-1\" \/>\n<link rel=\"canonical\" href=\"https:\/\/www.tele-online.com\/es\/rele-de-control\/\" \/>\n<meta property=\"og:locale\" content=\"es_ES\" \/>\n<meta property=\"og:type\" content=\"article\" \/>\n<meta property=\"og:title\" content=\"70+ rel\u00e9s de control TELE para corriente, tensi\u00f3n y fases\" \/>\n<meta property=\"og:description\" content=\"Los rel\u00e9s de vigilancia TELE permiten medir de forma compacta y fiable la tensi\u00f3n, la corriente, el coseno phi, la temperatura o los niveles de llenado.\" \/>\n<meta property=\"og:url\" content=\"https:\/\/www.tele-online.com\/es\/rele-de-control\/\" \/>\n<meta property=\"og:site_name\" content=\"Tele Haase\" \/>\n<meta property=\"article:modified_time\" content=\"2024-07-10T09:21:09+00:00\" \/>\n<meta name=\"twitter:card\" content=\"summary_large_image\" \/>\n<script type=\"application\/ld+json\" class=\"yoast-schema-graph\">{\"@context\":\"https:\/\/schema.org\",\"@graph\":[{\"@type\":\"WebPage\",\"@id\":\"https:\/\/www.tele-online.com\/es\/rele-de-control\/\",\"url\":\"https:\/\/www.tele-online.com\/es\/rele-de-control\/\",\"name\":\"70+ rel\u00e9s de control TELE para corriente, tensi\u00f3n y fases\",\"isPartOf\":{\"@id\":\"https:\/\/www.tele-online.com\/es\/#website\"},\"datePublished\":\"2024-06-17T08:49:57+00:00\",\"dateModified\":\"2024-07-10T09:21:09+00:00\",\"description\":\"Los rel\u00e9s de vigilancia TELE permiten medir de forma compacta y fiable la tensi\u00f3n, la corriente, el coseno phi, la temperatura o los niveles de llenado.\",\"breadcrumb\":{\"@id\":\"https:\/\/www.tele-online.com\/es\/rele-de-control\/#breadcrumb\"},\"inLanguage\":\"es\",\"potentialAction\":[{\"@type\":\"ReadAction\",\"target\":[\"https:\/\/www.tele-online.com\/es\/rele-de-control\/\"]}]},{\"@type\":\"BreadcrumbList\",\"@id\":\"https:\/\/www.tele-online.com\/es\/rele-de-control\/#breadcrumb\",\"itemListElement\":[{\"@type\":\"ListItem\",\"position\":1,\"name\":\"Startseite\",\"item\":\"https:\/\/www.tele-online.com\/es\/\"},{\"@type\":\"ListItem\",\"position\":2,\"name\":\"Rel\u00e9 de control\"}]},{\"@type\":\"WebSite\",\"@id\":\"https:\/\/www.tele-online.com\/es\/#website\",\"url\":\"https:\/\/www.tele-online.com\/es\/\",\"name\":\"Tele Haase\",\"description\":\"Your Smart Factory\",\"potentialAction\":[{\"@type\":\"SearchAction\",\"target\":{\"@type\":\"EntryPoint\",\"urlTemplate\":\"https:\/\/www.tele-online.com\/es\/?s={search_term_string}\"},\"query-input\":{\"@type\":\"PropertyValueSpecification\",\"valueRequired\":true,\"valueName\":\"search_term_string\"}}],\"inLanguage\":\"es\"}]}<\/script>\n<!-- \/ Yoast SEO plugin. -->","yoast_head_json":{"title":"70+ rel\u00e9s de control TELE para corriente, tensi\u00f3n y fases","description":"Los rel\u00e9s de vigilancia TELE permiten medir de forma compacta y fiable la tensi\u00f3n, la corriente, el coseno phi, la temperatura o los niveles de llenado.","robots":{"index":"index","follow":"follow","max-snippet":"max-snippet:-1","max-image-preview":"max-image-preview:large","max-video-preview":"max-video-preview:-1"},"canonical":"https:\/\/www.tele-online.com\/es\/rele-de-control\/","og_locale":"es_ES","og_type":"article","og_title":"70+ rel\u00e9s de control TELE para corriente, tensi\u00f3n y fases","og_description":"Los rel\u00e9s de vigilancia TELE permiten medir de forma compacta y fiable la tensi\u00f3n, la corriente, el coseno phi, la temperatura o los niveles de llenado.","og_url":"https:\/\/www.tele-online.com\/es\/rele-de-control\/","og_site_name":"Tele Haase","article_modified_time":"2024-07-10T09:21:09+00:00","twitter_card":"summary_large_image","schema":{"@context":"https:\/\/schema.org","@graph":[{"@type":"WebPage","@id":"https:\/\/www.tele-online.com\/es\/rele-de-control\/","url":"https:\/\/www.tele-online.com\/es\/rele-de-control\/","name":"70+ rel\u00e9s de control TELE para corriente, tensi\u00f3n y fases","isPartOf":{"@id":"https:\/\/www.tele-online.com\/es\/#website"},"datePublished":"2024-06-17T08:49:57+00:00","dateModified":"2024-07-10T09:21:09+00:00","description":"Los rel\u00e9s de vigilancia TELE permiten medir de forma compacta y fiable la tensi\u00f3n, la corriente, el coseno phi, la temperatura o los niveles de llenado.","breadcrumb":{"@id":"https:\/\/www.tele-online.com\/es\/rele-de-control\/#breadcrumb"},"inLanguage":"es","potentialAction":[{"@type":"ReadAction","target":["https:\/\/www.tele-online.com\/es\/rele-de-control\/"]}]},{"@type":"BreadcrumbList","@id":"https:\/\/www.tele-online.com\/es\/rele-de-control\/#breadcrumb","itemListElement":[{"@type":"ListItem","position":1,"name":"Startseite","item":"https:\/\/www.tele-online.com\/es\/"},{"@type":"ListItem","position":2,"name":"Rel\u00e9 de control"}]},{"@type":"WebSite","@id":"https:\/\/www.tele-online.com\/es\/#website","url":"https:\/\/www.tele-online.com\/es\/","name":"Tele Haase","description":"Your Smart Factory","potentialAction":[{"@type":"SearchAction","target":{"@type":"EntryPoint","urlTemplate":"https:\/\/www.tele-online.com\/es\/?s={search_term_string}"},"query-input":{"@type":"PropertyValueSpecification","valueRequired":true,"valueName":"search_term_string"}}],"inLanguage":"es"}]}},"yoast_data":{"yoast_wpseo_canonical":"https:\/\/www.tele-online.com\/es\/rele-de-control\/","yoast_wpseo_opengraph_image":false,"yoast_wpseo_metadesc":"Los rel\u00e9s de vigilancia TELE permiten medir de forma compacta y fiable la tensi\u00f3n, la corriente, el coseno phi, la temperatura o los niveles de llenado.","yoast_wpseo_meta_robots_noindex":"","yoast_wpseo_meta_robots_nofollow":""},"footer_links":null,"yoasttitle":"70+ rel\u00e9s de control TELE para corriente, tensi\u00f3n y fases","yoast_title":"70+ rel\u00e9s de control TELE para corriente, tensi\u00f3n y fases","yoast_meta":[{"name":"description","content":"Los rel\u00e9s de vigilancia TELE permiten medir de forma compacta y fiable la tensi\u00f3n, la corriente, el coseno phi, la temperatura o los niveles de llenado."},{"name":"robots","content":"index, follow, max-snippet:-1, max-image-preview:large, max-video-preview:-1"},{"property":"og:locale","content":"es_ES"},{"property":"og:type","content":"article"},{"property":"og:title","content":"70+ rel\u00e9s de control TELE para corriente, tensi\u00f3n y fases"},{"property":"og:description","content":"Los rel\u00e9s de vigilancia TELE permiten medir de forma compacta y fiable la tensi\u00f3n, la corriente, el coseno phi, la temperatura o los niveles de llenado."},{"property":"og:url","content":"https:\/\/www.tele-online.com\/es\/rele-de-control\/"},{"property":"og:site_name","content":"Tele Haase"},{"property":"article:modified_time","content":"2024-07-10T09:21:09+00:00"},{"name":"twitter:card","content":"summary_large_image"},{"name":"robots","content":"index, follow, max-image-preview:large, max-snippet:-1, max-video-preview:-1"}],"yoast_json_ld":[{"@context":"https:\/\/schema.org","@graph":[{"@type":"WebPage","@id":"https:\/\/www.tele-online.com\/es\/rele-de-control\/","url":"https:\/\/www.tele-online.com\/es\/rele-de-control\/","name":"70+ rel&eacute;s de control TELE para corriente, tensi&oacute;n y fases","isPartOf":{"@id":"https:\/\/www.tele-online.com\/es\/#website"},"datePublished":"2024-06-17T08:49:57+00:00","dateModified":"2024-07-10T09:21:09+00:00","description":"Los rel&eacute;s de vigilancia TELE permiten medir de forma compacta y fiable la tensi&oacute;n, la corriente, el coseno phi, la temperatura o los niveles de llenado.","breadcrumb":{"@id":"https:\/\/www.tele-online.com\/es\/rele-de-control\/#breadcrumb"},"inLanguage":"es","potentialAction":[{"@type":"ReadAction","target":["https:\/\/www.tele-online.com\/es\/rele-de-control\/"]}]},{"@type":"BreadcrumbList","@id":"https:\/\/www.tele-online.com\/es\/rele-de-control\/#breadcrumb","itemListElement":[{"@type":"ListItem","position":1,"name":"Startseite","item":"https:\/\/www.tele-online.com\/es\/"},{"@type":"ListItem","position":2,"name":"Rel&eacute; de control"}]},{"@type":"WebSite","@id":"https:\/\/www.tele-online.com\/es\/#website","url":"https:\/\/www.tele-online.com\/es\/","name":"Tele Haase","description":"Your Smart Factory","potentialAction":[{"@type":"SearchAction","target":{"@type":"EntryPoint","urlTemplate":"https:\/\/www.tele-online.com\/es\/?s={search_term_string}"},"query-input":{"@type":"PropertyValueSpecification","valueRequired":true,"valueName":"search_term_string"}}],"inLanguage":"es"}]}],"_links":{"self":[{"href":"https:\/\/www.tele-online.com\/es\/wp-json\/wp\/v2\/pages\/790958"}],"collection":[{"href":"https:\/\/www.tele-online.com\/es\/wp-json\/wp\/v2\/pages"}],"about":[{"href":"https:\/\/www.tele-online.com\/es\/wp-json\/wp\/v2\/types\/page"}],"author":[{"embeddable":true,"href":"https:\/\/www.tele-online.com\/es\/wp-json\/wp\/v2\/users\/48"}],"replies":[{"embeddable":true,"href":"https:\/\/www.tele-online.com\/es\/wp-json\/wp\/v2\/comments?post=790958"}],"version-history":[{"count":2,"href":"https:\/\/www.tele-online.com\/es\/wp-json\/wp\/v2\/pages\/790958\/revisions"}],"predecessor-version":[{"id":796041,"href":"https:\/\/www.tele-online.com\/es\/wp-json\/wp\/v2\/pages\/790958\/revisions\/796041"}],"wp:attachment":[{"href":"https:\/\/www.tele-online.com\/es\/wp-json\/wp\/v2\/media?parent=790958"}],"curies":[{"name":"wp","href":"https:\/\/api.w.org\/{rel}","templated":true}]}}