{"id":790944,"date":"2024-06-17T10:43:56","modified":"2024-06-17T10:44:03","slug":"formulario-de-pedido-tele-x-cinta-rosa","status":"publish","type":"page","link":"https:\/\/www.tele-online.com\/es\/formulario-de-pedido-tele-x-cinta-rosa\/","title":{"rendered":"Formulario de pedido TELE x Cinta rosa"},"content":{"rendered":"        <div\n            id=\"block_12dbb75ee78ecd5fa3d2f597431f99d9\"\n            class=\"acf-block is-edit is-category-text\"\n            data-highlight=\"https:\/\/www.tele-online.com\/formulario-de-pedido-tele-x-cinta-rosa\/#highlightblock=block_12dbb75ee78ecd5fa3d2f597431f99d9\"\n            data-block=\"headerslider\"\n        >\n                            <h2 class=\"acf-block-title\">\n                    <svg  xmlns=\"http:\/\/www.w3.org\/2000\/svg\"  width=\"24\"  height=\"24\"  viewBox=\"0 0 24 24\"  fill=\"none\"  stroke=\"currentColor\"  stroke-width=\"2\"  stroke-linecap=\"round\"  stroke-linejoin=\"round\"  class=\"icon icon-tabler icons-tabler-outline icon-tabler-align-left\"><path stroke=\"none\" d=\"M0 0h24v24H0z\" fill=\"none\"\/><path d=\"M4 6l16 0\" \/><path d=\"M4 12l10 0\" \/><path d=\"M4 18l14 0\" \/><\/svg>                    <span class=\"name\">Header Slider <\/span>\n                <\/h2>\n\n                                    <\/div>\n            <div\n            id=\"block_b5b7b895ec8e2f2199e2eb9d76eaa715\"\n            class=\"acf-block is-edit is-category-text\"\n            data-highlight=\"https:\/\/www.tele-online.com\/formulario-de-pedido-tele-x-cinta-rosa\/#highlightblock=block_b5b7b895ec8e2f2199e2eb9d76eaa715\"\n            data-block=\"textblock\"\n        >\n                            <h2 class=\"acf-block-title\">\n                    <svg  xmlns=\"http:\/\/www.w3.org\/2000\/svg\"  width=\"24\"  height=\"24\"  viewBox=\"0 0 24 24\"  fill=\"none\"  stroke=\"currentColor\"  stroke-width=\"2\"  stroke-linecap=\"round\"  stroke-linejoin=\"round\"  class=\"icon icon-tabler icons-tabler-outline icon-tabler-align-left\"><path stroke=\"none\" d=\"M0 0h24v24H0z\" fill=\"none\"\/><path d=\"M4 6l16 0\" \/><path d=\"M4 12l10 0\" \/><path d=\"M4 18l14 0\" \/><\/svg>                    <span class=\"name\">Textblock <\/span>\n                <\/h2>\n\n                                    <\/div>\n            <div\n            id=\"block_f84ce122dbf6eccf18a5a29dbc5a3569\"\n            class=\"acf-block is-edit is-category-text\"\n            data-highlight=\"https:\/\/www.tele-online.com\/formulario-de-pedido-tele-x-cinta-rosa\/#highlightblock=block_f84ce122dbf6eccf18a5a29dbc5a3569\"\n            data-block=\"textblock\"\n        >\n                            <h2 class=\"acf-block-title\">\n                    <svg  xmlns=\"http:\/\/www.w3.org\/2000\/svg\"  width=\"24\"  height=\"24\"  viewBox=\"0 0 24 24\"  fill=\"none\"  stroke=\"currentColor\"  stroke-width=\"2\"  stroke-linecap=\"round\"  stroke-linejoin=\"round\"  class=\"icon icon-tabler icons-tabler-outline icon-tabler-align-left\"><path stroke=\"none\" d=\"M0 0h24v24H0z\" fill=\"none\"\/><path d=\"M4 6l16 0\" \/><path d=\"M4 12l10 0\" \/><path d=\"M4 18l14 0\" \/><\/svg>                    <span class=\"name\">Textblock <\/span>\n                <\/h2>\n\n                                    <\/div>\n            <div\n            id=\"block_21a88305f56b7d185c345d15addfd2ff\"\n            class=\"acf-block is-edit is-category-text\"\n            data-highlight=\"https:\/\/www.tele-online.com\/formulario-de-pedido-tele-x-cinta-rosa\/#highlightblock=block_21a88305f56b7d185c345d15addfd2ff\"\n            data-block=\"pinkribbonformular\"\n        >\n                            <h2 class=\"acf-block-title\">\n                    <svg  xmlns=\"http:\/\/www.w3.org\/2000\/svg\"  width=\"24\"  height=\"24\"  viewBox=\"0 0 24 24\"  fill=\"none\"  stroke=\"currentColor\"  stroke-width=\"2\"  stroke-linecap=\"round\"  stroke-linejoin=\"round\"  class=\"icon icon-tabler icons-tabler-outline icon-tabler-align-left\"><path stroke=\"none\" d=\"M0 0h24v24H0z\" fill=\"none\"\/><path d=\"M4 6l16 0\" \/><path d=\"M4 12l10 0\" \/><path d=\"M4 18l14 0\" \/><\/svg>                    <span class=\"name\">Pink Ribbon Formular <\/span>\n                <\/h2>\n\n                                    <\/div>\n            <div\n            id=\"block_d916d2717fcfc8e6004ec0cd30027c01\"\n            class=\"acf-block is-edit is-category-text\"\n            data-highlight=\"https:\/\/www.tele-online.com\/formulario-de-pedido-tele-x-cinta-rosa\/#highlightblock=block_d916d2717fcfc8e6004ec0cd30027c01\"\n            data-block=\"kontaktteasermitarbeiter\"\n        >\n                            <h2 class=\"acf-block-title\">\n                    <svg  xmlns=\"http:\/\/www.w3.org\/2000\/svg\"  width=\"24\"  height=\"24\"  viewBox=\"0 0 24 24\"  fill=\"none\"  stroke=\"currentColor\"  stroke-width=\"2\"  stroke-linecap=\"round\"  stroke-linejoin=\"round\"  class=\"icon icon-tabler icons-tabler-outline icon-tabler-align-left\"><path stroke=\"none\" d=\"M0 0h24v24H0z\" fill=\"none\"\/><path d=\"M4 6l16 0\" \/><path d=\"M4 12l10 0\" \/><path d=\"M4 18l14 0\" \/><\/svg>                    <span class=\"name\">Kontakt Teaser Mitarbeiter <\/span>\n                <\/h2>\n\n                                    <\/div>\n    ","protected":false},"excerpt":{"rendered":"","protected":false},"author":59,"featured_media":0,"parent":0,"template":"","acf":{"seo":[{"googleAuthor":"","googlePublisher":"","schemaName":"","schemaDescription":"","schemaImage":false}],"footer_link_block":false,"main_menu_ausblenden":false,"footer":{"footer_headline_powerd_by":"Powered By TELE","footer_text_powered_by":"","footer_logos":null,"footer_mylayout_logos":"normal","footer_text_oben":"<p><strong>TELE Haase Steuerger\u00e4te Ges.m.b.H.<\/strong> | Vorarlberger Allee 38 (direct access via Slamastra\u00dfe 37), 1230 Vienna | Austria<\/p>\n<p><strong>Opening Hours<\/strong>: Monday-Thursday 08:00 a.m. to 04:00 p.m. &amp; Friday 08:00 a.m. to 01:00 p.m.<\/p>\n<p><strong><a href=\"https:\/\/www.tele-online.com\/en\/contact\/\">Contact Details<\/a><\/strong><\/p>\n<p>&nbsp;<\/p>\n","footer_headline_social_media":"Social Media","footer_social_media":[{"icon":"<i class=\"icon-facebook\"><\/i>","link":"https:\/\/www.facebook.com\/TELE-Haase-Steuerger%C3%A4te-GesmbH-212293998940265\/?rf=195551397135836"},{"icon":"<i class=\"icon-linkedin\"><\/i>","link":"https:\/\/www.linkedin.com\/company\/tele-worldwide\/"},{"icon":"<i class=\"icon-youtube\"><\/i>","link":"https:\/\/www.youtube.com\/user\/telehaase\/featured"},{"icon":"<i class=\"icon-instagram\"><\/i>","link":"https:\/\/www.instagram.com\/tele_haase\/"}]},"nav_data":{"link":"","text":""},"wpmlurl":{"de":"\/","en":"\/en\/","us":"\/us\/","fr":"\/fr\/","es":"\/es\/"},"webblocks":[{"acf_fc_layout":"headerslider","acf_fc_id":"acf-block-69a23c505c6ae","acf_fc_style":"","flexible":false,"submenu_aktivieren":false,"slide":[{"bild":{"ID":375806,"id":375806,"title":"Kopie von Kopie von Design ohne Titel","filename":"Kopie-von-Kopie-von-Design-ohne-Titel-1.png","filesize":143890,"url":"https:\/\/www.tele-online.com\/wp-content\/uploads\/2023\/10\/Kopie-von-Kopie-von-Design-ohne-Titel-1.png","link":"https:\/\/www.tele-online.com\/es\/tele-x-cinta-rosa\/attachment\/kopie-von-kopie-von-design-ohne-titel-3-3-2\/","alt":"","author":"59","description":"","caption":"","name":"kopie-von-kopie-von-design-ohne-titel-3-3-2","status":"inherit","uploaded_to":790946,"date":"2023-10-05 14:11:40","modified":"2024-06-17 08:44:01","menu_order":0,"mime_type":"image\/png","type":"image","subtype":"png","icon":"https:\/\/www.tele-online.com\/wp-includes\/images\/media\/default.png","width":2048,"height":1365,"sizes":{"thumbnail":"https:\/\/www.tele-online.com\/wp-content\/uploads\/2023\/10\/Kopie-von-Kopie-von-Design-ohne-Titel-1-220x220.png","thumbnail-width":220,"thumbnail-height":220,"medium":"https:\/\/www.tele-online.com\/wp-content\/uploads\/2023\/10\/Kopie-von-Kopie-von-Design-ohne-Titel-1-544x360.png","medium-width":544,"medium-height":360,"medium_large":"https:\/\/www.tele-online.com\/wp-content\/uploads\/2023\/10\/Kopie-von-Kopie-von-Design-ohne-Titel-1-768x512.png","medium_large-width":768,"medium_large-height":512,"large":"https:\/\/www.tele-online.com\/wp-content\/uploads\/2023\/10\/Kopie-von-Kopie-von-Design-ohne-Titel-1-780x520.png","large-width":780,"large-height":520,"1536x1536":"https:\/\/www.tele-online.com\/wp-content\/uploads\/2023\/10\/Kopie-von-Kopie-von-Design-ohne-Titel-1-1536x1024.png","1536x1536-width":1536,"1536x1536-height":1024,"2048x2048":"https:\/\/www.tele-online.com\/wp-content\/uploads\/2023\/10\/Kopie-von-Kopie-von-Design-ohne-Titel-1.png","2048x2048-width":2048,"2048x2048-height":1365,"hd":"https:\/\/www.tele-online.com\/wp-content\/uploads\/2023\/10\/Kopie-von-Kopie-von-Design-ohne-Titel-1-1920x1280.png","hd-width":1920,"hd-height":1280,"galerie":"https:\/\/www.tele-online.com\/wp-content\/uploads\/2023\/10\/Kopie-von-Kopie-von-Design-ohne-Titel-1-320x213.png","galerie-width":320,"galerie-height":213,"stellen":"https:\/\/www.tele-online.com\/wp-content\/uploads\/2023\/10\/Kopie-von-Kopie-von-Design-ohne-Titel-1-400x400.png","stellen-width":400,"stellen-height":400}},"headline":"LAZO ROSA 2023","link":null,"subheadline":"Porque queremos dar ejemplo juntos: para los afectados y para las mujeres de profesiones t\u00e9cnicas."}],"max_hohe":"70vh"},{"acf_fc_layout":"textblock","acf_fc_id":"acf-block-69a23c505dbdc","acf_fc_style":"","flexible":false,"text":"<p>\n            <img loading=\"lazy\" decoding=\"async\" class=\"aligncenter wp-image-368696 size-full\" src=\"https:\/\/www.tele-online.com\/wp-content\/uploads\/2023\/09\/Kopie-von-Kopie-von-Weiss-Handschriftlich-Kritzeleien-Kunst-Kultur-und-Geisteswissenschaften-Facebook-Spendenaktion-Titelbild-1000-%C3%97-200-px-2-e1695735482224.png\" alt=\"\" width=\"1000\" height=\"102\" srcset=\"https:\/\/www.tele-online.com\/wp-content\/uploads\/2023\/09\/Kopie-von-Kopie-von-Weiss-Handschriftlich-Kritzeleien-Kunst-Kultur-und-Geisteswissenschaften-Facebook-Spendenaktion-Titelbild-1000-\u00d7-200-px-2-e1695735482224.png 1000w, https:\/\/www.tele-online.com\/wp-content\/uploads\/2023\/09\/Kopie-von-Kopie-von-Weiss-Handschriftlich-Kritzeleien-Kunst-Kultur-und-Geisteswissenschaften-Facebook-Spendenaktion-Titelbild-1000-\u00d7-200-px-2-e1695735482224-768x78.png 768w, https:\/\/www.tele-online.com\/wp-content\/uploads\/2023\/09\/Kopie-von-Kopie-von-Weiss-Handschriftlich-Kritzeleien-Kunst-Kultur-und-Geisteswissenschaften-Facebook-Spendenaktion-Titelbild-1000-\u00d7-200-px-2-e1695735482224-320x33.png 320w\" sizes=\"(max-width: 1000px) 100vw, 1000px\">\n          <\/p>\n","id":"","linie_oben_einblenden":false,"linie_unten_einblenden":false,"container":"normal","hintergrund":"weis","box":false,"abstand_oben":"","abstand_unten":"0"},{"acf_fc_layout":"textblock","acf_fc_id":"acf-block-69a23c505e6ef","acf_fc_style":"","flexible":false,"text":"<p style=\"text-align: center;\">\u00a1S\u00f3lo tienes que rellenar el formulario y nos ocuparemos de tus pedidos!<br \/>Nos gustar\u00eda se\u00f1alar que no se puede emitir ning\u00fan recibo de donaci\u00f3n por la compra.<br \/>La unidad de embalaje contiene 10 piezas por 25,- EUR por pieza (neto)<br \/><strong>y 29,- EUR por pieza (neto) para envases individuales.<\/strong><\/p>\n","id":"","linie_oben_einblenden":false,"linie_unten_einblenden":false,"container":"normal","hintergrund":"weis","box":false,"abstand_oben":"0","abstand_unten":"0"},{"acf_fc_layout":"pinkribbonformular","acf_fc_id":"acf-block-69a23c505e8ac","acf_fc_style":"","flexible":false},{"acf_fc_layout":"kontaktteasermitarbeiter","acf_fc_id":"acf-block-69a23c505e8b8","acf_fc_style":"","flexible":false,"headline":"\u00bfQuieres saber m\u00e1s?","text":"\u00a1Estar\u00e9 encantada de ayudarte!","type":"automatisch","mitarbeiter":32644,"mitarbeiter_fallback":false,"telefon":"","telefon_gastautor":"","email_gastautor":"","termin_button_text":"","termin_button_link":"","id":"","hintergrund":"grau","abstand_oben":"","abstand_unten":""}]},"yoast_head":"<!-- This site is optimized with the Yoast SEO plugin v24.5 - https:\/\/yoast.com\/wordpress\/plugins\/seo\/ -->\n<title>Formulario de pedido TELE x Cinta rosa - Tele Haase<\/title>\n<meta name=\"robots\" content=\"index, follow, max-snippet:-1, max-image-preview:large, max-video-preview:-1\" \/>\n<link rel=\"canonical\" href=\"https:\/\/www.tele-online.com\/es\/formulario-de-pedido-tele-x-cinta-rosa\/\" \/>\n<meta property=\"og:locale\" content=\"es_ES\" \/>\n<meta property=\"og:type\" content=\"article\" \/>\n<meta property=\"og:title\" content=\"Formulario de pedido TELE x Cinta rosa - Tele Haase\" \/>\n<meta property=\"og:url\" content=\"https:\/\/www.tele-online.com\/es\/formulario-de-pedido-tele-x-cinta-rosa\/\" \/>\n<meta property=\"og:site_name\" content=\"Tele Haase\" \/>\n<meta property=\"article:modified_time\" content=\"2024-06-17T08:44:03+00:00\" \/>\n<meta name=\"twitter:card\" content=\"summary_large_image\" \/>\n<script type=\"application\/ld+json\" class=\"yoast-schema-graph\">{\"@context\":\"https:\/\/schema.org\",\"@graph\":[{\"@type\":\"WebPage\",\"@id\":\"https:\/\/www.tele-online.com\/es\/formulario-de-pedido-tele-x-cinta-rosa\/\",\"url\":\"https:\/\/www.tele-online.com\/es\/formulario-de-pedido-tele-x-cinta-rosa\/\",\"name\":\"Formulario de pedido TELE x Cinta rosa - Tele Haase\",\"isPartOf\":{\"@id\":\"https:\/\/www.tele-online.com\/es\/#website\"},\"datePublished\":\"2024-06-17T08:43:56+00:00\",\"dateModified\":\"2024-06-17T08:44:03+00:00\",\"breadcrumb\":{\"@id\":\"https:\/\/www.tele-online.com\/es\/formulario-de-pedido-tele-x-cinta-rosa\/#breadcrumb\"},\"inLanguage\":\"es\",\"potentialAction\":[{\"@type\":\"ReadAction\",\"target\":[\"https:\/\/www.tele-online.com\/es\/formulario-de-pedido-tele-x-cinta-rosa\/\"]}]},{\"@type\":\"BreadcrumbList\",\"@id\":\"https:\/\/www.tele-online.com\/es\/formulario-de-pedido-tele-x-cinta-rosa\/#breadcrumb\",\"itemListElement\":[{\"@type\":\"ListItem\",\"position\":1,\"name\":\"Startseite\",\"item\":\"https:\/\/www.tele-online.com\/es\/\"},{\"@type\":\"ListItem\",\"position\":2,\"name\":\"Formulario de pedido TELE x Cinta rosa\"}]},{\"@type\":\"WebSite\",\"@id\":\"https:\/\/www.tele-online.com\/es\/#website\",\"url\":\"https:\/\/www.tele-online.com\/es\/\",\"name\":\"Tele Haase\",\"description\":\"Your Smart Factory\",\"potentialAction\":[{\"@type\":\"SearchAction\",\"target\":{\"@type\":\"EntryPoint\",\"urlTemplate\":\"https:\/\/www.tele-online.com\/es\/?s={search_term_string}\"},\"query-input\":{\"@type\":\"PropertyValueSpecification\",\"valueRequired\":true,\"valueName\":\"search_term_string\"}}],\"inLanguage\":\"es\"}]}<\/script>\n<!-- \/ Yoast SEO plugin. -->","yoast_head_json":{"title":"Formulario de pedido TELE x Cinta rosa - Tele Haase","robots":{"index":"index","follow":"follow","max-snippet":"max-snippet:-1","max-image-preview":"max-image-preview:large","max-video-preview":"max-video-preview:-1"},"canonical":"https:\/\/www.tele-online.com\/es\/formulario-de-pedido-tele-x-cinta-rosa\/","og_locale":"es_ES","og_type":"article","og_title":"Formulario de pedido TELE x Cinta rosa - Tele Haase","og_url":"https:\/\/www.tele-online.com\/es\/formulario-de-pedido-tele-x-cinta-rosa\/","og_site_name":"Tele Haase","article_modified_time":"2024-06-17T08:44:03+00:00","twitter_card":"summary_large_image","schema":{"@context":"https:\/\/schema.org","@graph":[{"@type":"WebPage","@id":"https:\/\/www.tele-online.com\/es\/formulario-de-pedido-tele-x-cinta-rosa\/","url":"https:\/\/www.tele-online.com\/es\/formulario-de-pedido-tele-x-cinta-rosa\/","name":"Formulario de pedido TELE x Cinta rosa - Tele Haase","isPartOf":{"@id":"https:\/\/www.tele-online.com\/es\/#website"},"datePublished":"2024-06-17T08:43:56+00:00","dateModified":"2024-06-17T08:44:03+00:00","breadcrumb":{"@id":"https:\/\/www.tele-online.com\/es\/formulario-de-pedido-tele-x-cinta-rosa\/#breadcrumb"},"inLanguage":"es","potentialAction":[{"@type":"ReadAction","target":["https:\/\/www.tele-online.com\/es\/formulario-de-pedido-tele-x-cinta-rosa\/"]}]},{"@type":"BreadcrumbList","@id":"https:\/\/www.tele-online.com\/es\/formulario-de-pedido-tele-x-cinta-rosa\/#breadcrumb","itemListElement":[{"@type":"ListItem","position":1,"name":"Startseite","item":"https:\/\/www.tele-online.com\/es\/"},{"@type":"ListItem","position":2,"name":"Formulario de pedido TELE x Cinta rosa"}]},{"@type":"WebSite","@id":"https:\/\/www.tele-online.com\/es\/#website","url":"https:\/\/www.tele-online.com\/es\/","name":"Tele Haase","description":"Your Smart Factory","potentialAction":[{"@type":"SearchAction","target":{"@type":"EntryPoint","urlTemplate":"https:\/\/www.tele-online.com\/es\/?s={search_term_string}"},"query-input":{"@type":"PropertyValueSpecification","valueRequired":true,"valueName":"search_term_string"}}],"inLanguage":"es"}]}},"yoast_data":{"yoast_wpseo_canonical":"https:\/\/www.tele-online.com\/es\/formulario-de-pedido-tele-x-cinta-rosa\/","yoast_wpseo_opengraph_image":false,"yoast_wpseo_metadesc":"","yoast_wpseo_meta_robots_noindex":"","yoast_wpseo_meta_robots_nofollow":""},"footer_links":null,"yoasttitle":"Formulario de pedido TELE x Cinta rosa - Tele Haase","yoast_title":"Formulario de pedido TELE x Cinta rosa - Tele Haase","yoast_meta":[{"name":"robots","content":"index, follow, max-snippet:-1, max-image-preview:large, max-video-preview:-1"},{"property":"og:locale","content":"es_ES"},{"property":"og:type","content":"article"},{"property":"og:title","content":"Formulario de pedido TELE x Cinta rosa - Tele Haase"},{"property":"og:url","content":"https:\/\/www.tele-online.com\/es\/formulario-de-pedido-tele-x-cinta-rosa\/"},{"property":"og:site_name","content":"Tele Haase"},{"property":"article:modified_time","content":"2024-06-17T08:44:03+00:00"},{"name":"twitter:card","content":"summary_large_image"},{"name":"robots","content":"index, follow, max-image-preview:large, max-snippet:-1, max-video-preview:-1"}],"yoast_json_ld":[{"@context":"https:\/\/schema.org","@graph":[{"@type":"WebPage","@id":"https:\/\/www.tele-online.com\/es\/formulario-de-pedido-tele-x-cinta-rosa\/","url":"https:\/\/www.tele-online.com\/es\/formulario-de-pedido-tele-x-cinta-rosa\/","name":"Formulario de pedido TELE x Cinta rosa - Tele Haase","isPartOf":{"@id":"https:\/\/www.tele-online.com\/es\/#website"},"datePublished":"2024-06-17T08:43:56+00:00","dateModified":"2024-06-17T08:44:03+00:00","breadcrumb":{"@id":"https:\/\/www.tele-online.com\/es\/formulario-de-pedido-tele-x-cinta-rosa\/#breadcrumb"},"inLanguage":"es","potentialAction":[{"@type":"ReadAction","target":["https:\/\/www.tele-online.com\/es\/formulario-de-pedido-tele-x-cinta-rosa\/"]}]},{"@type":"BreadcrumbList","@id":"https:\/\/www.tele-online.com\/es\/formulario-de-pedido-tele-x-cinta-rosa\/#breadcrumb","itemListElement":[{"@type":"ListItem","position":1,"name":"Startseite","item":"https:\/\/www.tele-online.com\/es\/"},{"@type":"ListItem","position":2,"name":"Formulario de pedido TELE x Cinta rosa"}]},{"@type":"WebSite","@id":"https:\/\/www.tele-online.com\/es\/#website","url":"https:\/\/www.tele-online.com\/es\/","name":"Tele Haase","description":"Your Smart Factory","potentialAction":[{"@type":"SearchAction","target":{"@type":"EntryPoint","urlTemplate":"https:\/\/www.tele-online.com\/es\/?s={search_term_string}"},"query-input":{"@type":"PropertyValueSpecification","valueRequired":true,"valueName":"search_term_string"}}],"inLanguage":"es"}]}],"_links":{"self":[{"href":"https:\/\/www.tele-online.com\/es\/wp-json\/wp\/v2\/pages\/790944"}],"collection":[{"href":"https:\/\/www.tele-online.com\/es\/wp-json\/wp\/v2\/pages"}],"about":[{"href":"https:\/\/www.tele-online.com\/es\/wp-json\/wp\/v2\/types\/page"}],"author":[{"embeddable":true,"href":"https:\/\/www.tele-online.com\/es\/wp-json\/wp\/v2\/users\/59"}],"replies":[{"embeddable":true,"href":"https:\/\/www.tele-online.com\/es\/wp-json\/wp\/v2\/comments?post=790944"}],"version-history":[{"count":1,"href":"https:\/\/www.tele-online.com\/es\/wp-json\/wp\/v2\/pages\/790944\/revisions"}],"predecessor-version":[{"id":790945,"href":"https:\/\/www.tele-online.com\/es\/wp-json\/wp\/v2\/pages\/790944\/revisions\/790945"}],"wp:attachment":[{"href":"https:\/\/www.tele-online.com\/es\/wp-json\/wp\/v2\/media?parent=790944"}],"curies":[{"name":"wp","href":"https:\/\/api.w.org\/{rel}","templated":true}]}}