{"id":790942,"date":"2024-06-17T10:41:07","modified":"2024-07-10T10:58:31","slug":"arrancador-suave-arrancador-progresivo","status":"publish","type":"page","link":"https:\/\/www.tele-online.com\/es\/arrancador-suave-arrancador-progresivo\/","title":{"rendered":"Arrancador suave \/ arrancador progresivo"},"content":{"rendered":"        <div\n            id=\"block_fc1d617e09f37947d776e8d29b873435\"\n            class=\"acf-block is-edit is-category-text\"\n            data-highlight=\"https:\/\/www.tele-online.com\/arrancador-suave-arrancador-progresivo\/#highlightblock=block_fc1d617e09f37947d776e8d29b873435\"\n            data-block=\"headerslider\"\n        >\n                            <h2 class=\"acf-block-title\">\n                    <svg  xmlns=\"http:\/\/www.w3.org\/2000\/svg\"  width=\"24\"  height=\"24\"  viewBox=\"0 0 24 24\"  fill=\"none\"  stroke=\"currentColor\"  stroke-width=\"2\"  stroke-linecap=\"round\"  stroke-linejoin=\"round\"  class=\"icon icon-tabler icons-tabler-outline icon-tabler-align-left\"><path stroke=\"none\" d=\"M0 0h24v24H0z\" fill=\"none\"\/><path d=\"M4 6l16 0\" \/><path d=\"M4 12l10 0\" \/><path d=\"M4 18l14 0\" \/><\/svg>                    <span class=\"name\">Header Slider <\/span>\n                <\/h2>\n\n                                    <\/div>\n    \n\n        <div\n            id=\"block_80533b9def3588635c0426c44c2cdf01\"\n            class=\"acf-block is-edit is-category-text\"\n            data-highlight=\"https:\/\/www.tele-online.com\/arrancador-suave-arrancador-progresivo\/#highlightblock=block_80533b9def3588635c0426c44c2cdf01\"\n            data-block=\"textblock\"\n        >\n                            <h2 class=\"acf-block-title\">\n                    <svg  xmlns=\"http:\/\/www.w3.org\/2000\/svg\"  width=\"24\"  height=\"24\"  viewBox=\"0 0 24 24\"  fill=\"none\"  stroke=\"currentColor\"  stroke-width=\"2\"  stroke-linecap=\"round\"  stroke-linejoin=\"round\"  class=\"icon icon-tabler icons-tabler-outline icon-tabler-align-left\"><path stroke=\"none\" d=\"M0 0h24v24H0z\" fill=\"none\"\/><path d=\"M4 6l16 0\" \/><path d=\"M4 12l10 0\" \/><path d=\"M4 18l14 0\" \/><\/svg>                    <span class=\"name\">Textblock <\/span>\n                <\/h2>\n\n                                    <\/div>\n    \n\n        <div\n            id=\"block_51d37f6dd862c68d56809f7a9a16a28f\"\n            class=\"acf-block is-edit is-category-text\"\n            data-highlight=\"https:\/\/www.tele-online.com\/arrancador-suave-arrancador-progresivo\/#highlightblock=block_51d37f6dd862c68d56809f7a9a16a28f\"\n            data-block=\"produktkategorienteaser\"\n        >\n                            <h2 class=\"acf-block-title\">\n                    <svg  xmlns=\"http:\/\/www.w3.org\/2000\/svg\"  width=\"24\"  height=\"24\"  viewBox=\"0 0 24 24\"  fill=\"none\"  stroke=\"currentColor\"  stroke-width=\"2\"  stroke-linecap=\"round\"  stroke-linejoin=\"round\"  class=\"icon icon-tabler icons-tabler-outline icon-tabler-align-left\"><path stroke=\"none\" d=\"M0 0h24v24H0z\" fill=\"none\"\/><path d=\"M4 6l16 0\" \/><path d=\"M4 12l10 0\" \/><path d=\"M4 18l14 0\" \/><\/svg>                    <span class=\"name\">Produkt Kategorien Teaser <\/span>\n                <\/h2>\n\n                                    <\/div>\n    \n\n        <div\n            id=\"block_34121c7024ab9dcd36dd43b2d20c7d3a\"\n            class=\"acf-block is-edit is-category-text\"\n            data-highlight=\"https:\/\/www.tele-online.com\/arrancador-suave-arrancador-progresivo\/#highlightblock=block_34121c7024ab9dcd36dd43b2d20c7d3a\"\n            data-block=\"produkteauswahl\"\n        >\n                            <h2 class=\"acf-block-title\">\n                    <svg  xmlns=\"http:\/\/www.w3.org\/2000\/svg\"  width=\"24\"  height=\"24\"  viewBox=\"0 0 24 24\"  fill=\"none\"  stroke=\"currentColor\"  stroke-width=\"2\"  stroke-linecap=\"round\"  stroke-linejoin=\"round\"  class=\"icon icon-tabler icons-tabler-outline icon-tabler-align-left\"><path stroke=\"none\" d=\"M0 0h24v24H0z\" fill=\"none\"\/><path d=\"M4 6l16 0\" \/><path d=\"M4 12l10 0\" \/><path d=\"M4 18l14 0\" \/><\/svg>                    <span class=\"name\">Produkte Auswahl <\/span>\n                <\/h2>\n\n                                    <\/div>\n    \n\n        <div\n            id=\"block_353948de85f7c2a5059dfef25f0b960c\"\n            class=\"acf-block is-edit is-category-text\"\n            data-highlight=\"https:\/\/www.tele-online.com\/arrancador-suave-arrancador-progresivo\/#highlightblock=block_353948de85f7c2a5059dfef25f0b960c\"\n            data-block=\"kontaktteasermitarbeiter\"\n        >\n                            <h2 class=\"acf-block-title\">\n                    <svg  xmlns=\"http:\/\/www.w3.org\/2000\/svg\"  width=\"24\"  height=\"24\"  viewBox=\"0 0 24 24\"  fill=\"none\"  stroke=\"currentColor\"  stroke-width=\"2\"  stroke-linecap=\"round\"  stroke-linejoin=\"round\"  class=\"icon icon-tabler icons-tabler-outline icon-tabler-align-left\"><path stroke=\"none\" d=\"M0 0h24v24H0z\" fill=\"none\"\/><path d=\"M4 6l16 0\" \/><path d=\"M4 12l10 0\" \/><path d=\"M4 18l14 0\" \/><\/svg>                    <span class=\"name\">Kontakt Teaser Mitarbeiter <\/span>\n                <\/h2>\n\n                                    <\/div>\n    ","protected":false},"excerpt":{"rendered":"","protected":false},"author":45,"featured_media":62111,"parent":0,"template":"","acf":{"seo":[{"googleAuthor":"","googlePublisher":"","schemaName":"","schemaDescription":"","schemaImage":false}],"footer_link_block":false,"main_menu_ausblenden":false,"footer":{"footer_headline_powerd_by":"Powered By TELE","footer_text_powered_by":"","footer_logos":null,"footer_mylayout_logos":"normal","footer_text_oben":"<p><strong>TELE Haase Steuerger\u00e4te Ges.m.b.H.<\/strong> | Vorarlberger Allee 38 (direct access via Slamastra\u00dfe 37), 1230 Vienna | Austria<\/p>\n<p><strong>Opening Hours<\/strong>: Monday-Thursday 08:00 a.m. to 04:00 p.m. &amp; Friday 08:00 a.m. to 01:00 p.m.<\/p>\n<p><strong><a href=\"https:\/\/www.tele-online.com\/en\/contact\/\">Contact Details<\/a><\/strong><\/p>\n<p>&nbsp;<\/p>\n","footer_headline_social_media":"Social Media","footer_social_media":[{"icon":"<i class=\"icon-facebook\"><\/i>","link":"https:\/\/www.facebook.com\/TELE-Haase-Steuerger%C3%A4te-GesmbH-212293998940265\/?rf=195551397135836"},{"icon":"<i class=\"icon-linkedin\"><\/i>","link":"https:\/\/www.linkedin.com\/company\/tele-worldwide\/"},{"icon":"<i class=\"icon-youtube\"><\/i>","link":"https:\/\/www.youtube.com\/user\/telehaase\/featured"},{"icon":"<i class=\"icon-instagram\"><\/i>","link":"https:\/\/www.instagram.com\/tele_haase\/"}]},"nav_data":{"link":"","text":""},"wpmlurl":{"de":"\/","en":"\/en\/","us":"\/us\/","fr":"\/fr\/","es":"\/es\/"},"webblocks":[{"acf_fc_layout":"headerslider","acf_fc_id":"acf-block-69a23c53ae19c","acf_fc_style":"","flexible":false,"submenu_aktivieren":false,"slide":[{"bild":{"ID":62117,"id":62117,"title":"TELE-Softstarter-Christian","filename":"tele-softstarter-christian-scaled.jpg","filesize":161110,"url":"https:\/\/www.tele-online.com\/wp-content\/uploads\/2017\/10\/tele-softstarter-christian-scaled.jpg","link":"https:\/\/www.tele-online.com\/es\/large-water-pumps-2\/","alt":"","author":"44","description":"TELE-Softstarter-Christian","caption":"","name":"large-water-pumps-2","status":"inherit","uploaded_to":0,"date":"2017-11-06 07:54:14","modified":"2017-11-06 07:54:14","menu_order":0,"mime_type":"image\/jpeg","type":"image","subtype":"jpeg","icon":"https:\/\/www.tele-online.com\/wp-includes\/images\/media\/default.png","width":2048,"height":1366,"sizes":{"thumbnail":"https:\/\/www.tele-online.com\/wp-content\/uploads\/2017\/10\/tele-softstarter-christian-220x220.jpg","thumbnail-width":220,"thumbnail-height":220,"medium":"https:\/\/www.tele-online.com\/wp-content\/uploads\/2017\/10\/tele-softstarter-christian-544x360.jpg","medium-width":544,"medium-height":360,"medium_large":"https:\/\/www.tele-online.com\/wp-content\/uploads\/2017\/10\/tele-softstarter-christian-768x512.jpg","medium_large-width":768,"medium_large-height":512,"large":"https:\/\/www.tele-online.com\/wp-content\/uploads\/2017\/10\/tele-softstarter-christian-780x520.jpg","large-width":780,"large-height":520,"1536x1536":"https:\/\/www.tele-online.com\/wp-content\/uploads\/2017\/10\/tele-softstarter-christian-scaled.jpg","1536x1536-width":1536,"1536x1536-height":1025,"2048x2048":"https:\/\/www.tele-online.com\/wp-content\/uploads\/2017\/10\/tele-softstarter-christian-scaled.jpg","2048x2048-width":2048,"2048x2048-height":1366,"hd":"https:\/\/www.tele-online.com\/wp-content\/uploads\/2017\/10\/tele-softstarter-christian-scaled.jpg","hd-width":1920,"hd-height":1281,"galerie":"https:\/\/www.tele-online.com\/wp-content\/uploads\/2017\/10\/tele-softstarter-christian-scaled.jpg","galerie-width":320,"galerie-height":213,"stellen":"https:\/\/www.tele-online.com\/wp-content\/uploads\/2017\/10\/tele-softstarter-christian-scaled.jpg","stellen-width":400,"stellen-height":267}},"headline":"Arrancador suave","link":null,"subheadline":"Los arrancadores suaves de TELE ofrecen las funciones de control y supervisi\u00f3n ideales para tus accionamientos trif\u00e1sicos de hasta 560 kW."}],"max_hohe":"70vh"},{"acf_fc_layout":"textblock","acf_fc_id":"acf-block-69a23c53af620","acf_fc_style":"","flexible":false,"text":"<h2 style=\"text-align: center;\">TELE ARRANCADOR PROGRESIVO<\/h2>\n<p style=\"text-align: center;\">Los arrancadores suaves de TELE ofrecen las funciones de control y supervisi\u00f3n ideales para tus accionamientos trif\u00e1sicos de hasta 560 kW. Se define el tiempo de arranque y parada, as\u00ed como el par, con lo que las cargas de choque en, por ejemplo, cintas transportadoras, ascensores, bombas y el suministro el\u00e9ctrico, son cosa del pasado.<\/p>\n","id":"","linie_oben_einblenden":false,"linie_unten_einblenden":false,"container":"normal","hintergrund":"weis","box":false,"abstand_oben":"","abstand_unten":""},{"acf_fc_layout":"produktkategorienteaser","acf_fc_id":"acf-block-69a23c53b0061","acf_fc_style":"","flexible":false,"layout":"3spalten","category":{"value":"9300","label":"Softstarter (Unterkategorie)"},"category_link":{"value":"2675","label":"Power Electronics"},"hintergrund":"weis","hintergrund_oben":"weis","abstand_oben":"","abstand_unten":""},{"acf_fc_layout":"produkteauswahl","acf_fc_id":"acf-block-69a23c53b084d","acf_fc_style":"","flexible":false,"text":"<h2 style=\"text-align: center;\">SOFTSTARTER popular<\/h2>\n","category":"9300","funktionen":"","serien":"","text_alle_produkte":"","link_alle_produkte":"","text_verfugbare_produkte":"Productos disponibles","text_button":"Mostrar m\u00e1s productos","headline_case_studies":"Aqu\u00ed se utilizan estos productos u otros similares","text_case_studies":"","id":"","hintergrund":"hellgruen","abstand_oben":"","abstand_unten":""},{"acf_fc_layout":"kontaktteasermitarbeiter","acf_fc_id":"acf-block-69a23c53b17d6","acf_fc_style":"","flexible":false,"headline":"\u00bfPuedo ayudarte?","text":"No dudes en ponerte en contacto conmigo","type":"automatisch","mitarbeiter":35707,"mitarbeiter_fallback":false,"telefon":"","telefon_gastautor":"","email_gastautor":"","termin_button_text":"","termin_button_link":"","id":"","hintergrund":"weis","abstand_oben":"","abstand_unten":""}]},"yoast_head":"<!-- This site is optimized with the Yoast SEO plugin v24.5 - https:\/\/yoast.com\/wordpress\/plugins\/seo\/ -->\n<title>Arrancador suave (arrancador progresivo) hasta 560 kW | TELE Haase Steuerger\u00e4te GmbH<\/title>\n<meta name=\"description\" content=\"Los arrancadores suaves de alta calidad de TELE ofrecen las funciones de control y supervisi\u00f3n ideales para tus accionamientos trif\u00e1sicos de hasta 560 kW.\" \/>\n<meta name=\"robots\" content=\"index, follow, max-snippet:-1, max-image-preview:large, max-video-preview:-1\" \/>\n<link rel=\"canonical\" href=\"https:\/\/www.tele-online.com\/es\/arrancador-suave-arrancador-progresivo\/\" \/>\n<meta property=\"og:locale\" content=\"es_ES\" \/>\n<meta property=\"og:type\" content=\"article\" \/>\n<meta property=\"og:title\" content=\"Arrancador suave (arrancador progresivo) hasta 560 kW | TELE Haase Steuerger\u00e4te GmbH\" \/>\n<meta property=\"og:description\" content=\"Los arrancadores suaves de alta calidad de TELE ofrecen las funciones de control y supervisi\u00f3n ideales para tus accionamientos trif\u00e1sicos de hasta 560 kW.\" \/>\n<meta property=\"og:url\" content=\"https:\/\/www.tele-online.com\/es\/arrancador-suave-arrancador-progresivo\/\" \/>\n<meta property=\"og:site_name\" content=\"Tele Haase\" \/>\n<meta property=\"article:modified_time\" content=\"2024-07-10T08:58:31+00:00\" \/>\n<meta property=\"og:image\" content=\"https:\/\/www.tele-online.com\/wp-content\/uploads\/2017\/10\/tele-christian-3.jpg\" \/>\n\t<meta property=\"og:image:width\" content=\"2000\" \/>\n\t<meta property=\"og:image:height\" content=\"1333\" \/>\n\t<meta property=\"og:image:type\" content=\"image\/jpeg\" \/>\n<meta name=\"twitter:card\" content=\"summary_large_image\" \/>\n<meta name=\"twitter:label1\" content=\"Tiempo de lectura\" \/>\n\t<meta name=\"twitter:data1\" content=\"1 minuto\" \/>\n<script type=\"application\/ld+json\" class=\"yoast-schema-graph\">{\"@context\":\"https:\/\/schema.org\",\"@graph\":[{\"@type\":\"WebPage\",\"@id\":\"https:\/\/www.tele-online.com\/es\/arrancador-suave-arrancador-progresivo\/\",\"url\":\"https:\/\/www.tele-online.com\/es\/arrancador-suave-arrancador-progresivo\/\",\"name\":\"Arrancador suave (arrancador progresivo) hasta 560 kW | TELE Haase Steuerger\u00e4te GmbH\",\"isPartOf\":{\"@id\":\"https:\/\/www.tele-online.com\/es\/#website\"},\"primaryImageOfPage\":{\"@id\":\"https:\/\/www.tele-online.com\/es\/arrancador-suave-arrancador-progresivo\/#primaryimage\"},\"image\":{\"@id\":\"https:\/\/www.tele-online.com\/es\/arrancador-suave-arrancador-progresivo\/#primaryimage\"},\"thumbnailUrl\":\"https:\/\/www.tele-online.com\/wp-content\/uploads\/2017\/10\/tele-christian-3.jpg\",\"datePublished\":\"2024-06-17T08:41:07+00:00\",\"dateModified\":\"2024-07-10T08:58:31+00:00\",\"description\":\"Los arrancadores suaves de alta calidad de TELE ofrecen las funciones de control y supervisi\u00f3n ideales para tus accionamientos trif\u00e1sicos de hasta 560 kW.\",\"breadcrumb\":{\"@id\":\"https:\/\/www.tele-online.com\/es\/arrancador-suave-arrancador-progresivo\/#breadcrumb\"},\"inLanguage\":\"es\",\"potentialAction\":[{\"@type\":\"ReadAction\",\"target\":[\"https:\/\/www.tele-online.com\/es\/arrancador-suave-arrancador-progresivo\/\"]}]},{\"@type\":\"ImageObject\",\"inLanguage\":\"es\",\"@id\":\"https:\/\/www.tele-online.com\/es\/arrancador-suave-arrancador-progresivo\/#primaryimage\",\"url\":\"https:\/\/www.tele-online.com\/wp-content\/uploads\/2017\/10\/tele-christian-3.jpg\",\"contentUrl\":\"https:\/\/www.tele-online.com\/wp-content\/uploads\/2017\/10\/tele-christian-3.jpg\",\"width\":2000,\"height\":1333},{\"@type\":\"BreadcrumbList\",\"@id\":\"https:\/\/www.tele-online.com\/es\/arrancador-suave-arrancador-progresivo\/#breadcrumb\",\"itemListElement\":[{\"@type\":\"ListItem\",\"position\":1,\"name\":\"Startseite\",\"item\":\"https:\/\/www.tele-online.com\/es\/\"},{\"@type\":\"ListItem\",\"position\":2,\"name\":\"Arrancador suave \/ arrancador progresivo\"}]},{\"@type\":\"WebSite\",\"@id\":\"https:\/\/www.tele-online.com\/es\/#website\",\"url\":\"https:\/\/www.tele-online.com\/es\/\",\"name\":\"Tele Haase\",\"description\":\"Your Smart Factory\",\"potentialAction\":[{\"@type\":\"SearchAction\",\"target\":{\"@type\":\"EntryPoint\",\"urlTemplate\":\"https:\/\/www.tele-online.com\/es\/?s={search_term_string}\"},\"query-input\":{\"@type\":\"PropertyValueSpecification\",\"valueRequired\":true,\"valueName\":\"search_term_string\"}}],\"inLanguage\":\"es\"}]}<\/script>\n<!-- \/ Yoast SEO plugin. -->","yoast_head_json":{"title":"Arrancador suave (arrancador progresivo) hasta 560 kW | TELE Haase Steuerger\u00e4te GmbH","description":"Los arrancadores suaves de alta calidad de TELE ofrecen las funciones de control y supervisi\u00f3n ideales para tus accionamientos trif\u00e1sicos de hasta 560 kW.","robots":{"index":"index","follow":"follow","max-snippet":"max-snippet:-1","max-image-preview":"max-image-preview:large","max-video-preview":"max-video-preview:-1"},"canonical":"https:\/\/www.tele-online.com\/es\/arrancador-suave-arrancador-progresivo\/","og_locale":"es_ES","og_type":"article","og_title":"Arrancador suave (arrancador progresivo) hasta 560 kW | TELE Haase Steuerger\u00e4te GmbH","og_description":"Los arrancadores suaves de alta calidad de TELE ofrecen las funciones de control y supervisi\u00f3n ideales para tus accionamientos trif\u00e1sicos de hasta 560 kW.","og_url":"https:\/\/www.tele-online.com\/es\/arrancador-suave-arrancador-progresivo\/","og_site_name":"Tele Haase","article_modified_time":"2024-07-10T08:58:31+00:00","og_image":[{"width":2000,"height":1333,"url":"https:\/\/www.tele-online.com\/wp-content\/uploads\/2017\/10\/tele-christian-3.jpg","type":"image\/jpeg"}],"twitter_card":"summary_large_image","twitter_misc":{"Tiempo de lectura":"1 minuto"},"schema":{"@context":"https:\/\/schema.org","@graph":[{"@type":"WebPage","@id":"https:\/\/www.tele-online.com\/es\/arrancador-suave-arrancador-progresivo\/","url":"https:\/\/www.tele-online.com\/es\/arrancador-suave-arrancador-progresivo\/","name":"Arrancador suave (arrancador progresivo) hasta 560 kW | TELE Haase Steuerger\u00e4te GmbH","isPartOf":{"@id":"https:\/\/www.tele-online.com\/es\/#website"},"primaryImageOfPage":{"@id":"https:\/\/www.tele-online.com\/es\/arrancador-suave-arrancador-progresivo\/#primaryimage"},"image":{"@id":"https:\/\/www.tele-online.com\/es\/arrancador-suave-arrancador-progresivo\/#primaryimage"},"thumbnailUrl":"https:\/\/www.tele-online.com\/wp-content\/uploads\/2017\/10\/tele-christian-3.jpg","datePublished":"2024-06-17T08:41:07+00:00","dateModified":"2024-07-10T08:58:31+00:00","description":"Los arrancadores suaves de alta calidad de TELE ofrecen las funciones de control y supervisi\u00f3n ideales para tus accionamientos trif\u00e1sicos de hasta 560 kW.","breadcrumb":{"@id":"https:\/\/www.tele-online.com\/es\/arrancador-suave-arrancador-progresivo\/#breadcrumb"},"inLanguage":"es","potentialAction":[{"@type":"ReadAction","target":["https:\/\/www.tele-online.com\/es\/arrancador-suave-arrancador-progresivo\/"]}]},{"@type":"ImageObject","inLanguage":"es","@id":"https:\/\/www.tele-online.com\/es\/arrancador-suave-arrancador-progresivo\/#primaryimage","url":"https:\/\/www.tele-online.com\/wp-content\/uploads\/2017\/10\/tele-christian-3.jpg","contentUrl":"https:\/\/www.tele-online.com\/wp-content\/uploads\/2017\/10\/tele-christian-3.jpg","width":2000,"height":1333},{"@type":"BreadcrumbList","@id":"https:\/\/www.tele-online.com\/es\/arrancador-suave-arrancador-progresivo\/#breadcrumb","itemListElement":[{"@type":"ListItem","position":1,"name":"Startseite","item":"https:\/\/www.tele-online.com\/es\/"},{"@type":"ListItem","position":2,"name":"Arrancador suave \/ arrancador progresivo"}]},{"@type":"WebSite","@id":"https:\/\/www.tele-online.com\/es\/#website","url":"https:\/\/www.tele-online.com\/es\/","name":"Tele Haase","description":"Your Smart Factory","potentialAction":[{"@type":"SearchAction","target":{"@type":"EntryPoint","urlTemplate":"https:\/\/www.tele-online.com\/es\/?s={search_term_string}"},"query-input":{"@type":"PropertyValueSpecification","valueRequired":true,"valueName":"search_term_string"}}],"inLanguage":"es"}]}},"yoast_data":{"yoast_wpseo_canonical":"https:\/\/www.tele-online.com\/es\/arrancador-suave-arrancador-progresivo\/","yoast_wpseo_opengraph_image":"https:\/\/www.tele-online.com\/wp-content\/uploads\/2017\/10\/tele-christian-3.jpg","yoast_wpseo_metadesc":"Los arrancadores suaves de alta calidad de TELE ofrecen las funciones de control y supervisi\u00f3n ideales para tus accionamientos trif\u00e1sicos de hasta 560 kW.","yoast_wpseo_meta_robots_noindex":"","yoast_wpseo_meta_robots_nofollow":""},"footer_links":null,"yoasttitle":"Arrancador suave (arrancador progresivo) hasta 560 kW | TELE Haase Steuerger\u00e4te GmbH","yoast_title":"Arrancador suave (arrancador progresivo) hasta 560 kW | TELE Haase Steuerger\u00e4te GmbH","yoast_meta":[{"name":"description","content":"Los arrancadores suaves de alta calidad de TELE ofrecen las funciones de control y supervisi\u00f3n ideales para tus accionamientos trif\u00e1sicos de hasta 560 kW."},{"name":"robots","content":"index, follow, max-snippet:-1, max-image-preview:large, max-video-preview:-1"},{"property":"og:locale","content":"es_ES"},{"property":"og:type","content":"article"},{"property":"og:title","content":"Arrancador suave (arrancador progresivo) hasta 560 kW | TELE Haase Steuerger\u00e4te GmbH"},{"property":"og:description","content":"Los arrancadores suaves de alta calidad de TELE ofrecen las funciones de control y supervisi\u00f3n ideales para tus accionamientos trif\u00e1sicos de hasta 560 kW."},{"property":"og:url","content":"https:\/\/www.tele-online.com\/es\/arrancador-suave-arrancador-progresivo\/"},{"property":"og:site_name","content":"Tele Haase"},{"property":"article:modified_time","content":"2024-07-10T08:58:31+00:00"},{"property":"og:image","content":"https:\/\/www.tele-online.com\/wp-content\/uploads\/2017\/10\/tele-christian-3.jpg"},{"property":"og:image:width","content":"2000"},{"property":"og:image:height","content":"1333"},{"property":"og:image:type","content":"image\/jpeg"},{"name":"twitter:card","content":"summary_large_image"},{"name":"twitter:label1","content":"Tiempo de lectura"},{"name":"twitter:data1","content":"1 minuto"},{"name":"robots","content":"index, follow, max-image-preview:large, max-snippet:-1, max-video-preview:-1"}],"yoast_json_ld":[{"@context":"https:\/\/schema.org","@graph":[{"@type":"WebPage","@id":"https:\/\/www.tele-online.com\/es\/arrancador-suave-arrancador-progresivo\/","url":"https:\/\/www.tele-online.com\/es\/arrancador-suave-arrancador-progresivo\/","name":"Arrancador suave (arrancador progresivo) hasta 560 kW | TELE Haase Steuerger&auml;te GmbH","isPartOf":{"@id":"https:\/\/www.tele-online.com\/es\/#website"},"primaryImageOfPage":{"@id":"https:\/\/www.tele-online.com\/es\/arrancador-suave-arrancador-progresivo\/#primaryimage"},"image":{"@id":"https:\/\/www.tele-online.com\/es\/arrancador-suave-arrancador-progresivo\/#primaryimage"},"thumbnailUrl":"https:\/\/www.tele-online.com\/wp-content\/uploads\/2017\/10\/tele-christian-3.jpg","datePublished":"2024-06-17T08:41:07+00:00","dateModified":"2024-07-10T08:58:31+00:00","description":"Los arrancadores suaves de alta calidad de TELE ofrecen las funciones de control y supervisi&oacute;n ideales para tus accionamientos trif&aacute;sicos de hasta 560 kW.","breadcrumb":{"@id":"https:\/\/www.tele-online.com\/es\/arrancador-suave-arrancador-progresivo\/#breadcrumb"},"inLanguage":"es","potentialAction":[{"@type":"ReadAction","target":["https:\/\/www.tele-online.com\/es\/arrancador-suave-arrancador-progresivo\/"]}]},{"@type":"ImageObject","inLanguage":"es","@id":"https:\/\/www.tele-online.com\/es\/arrancador-suave-arrancador-progresivo\/#primaryimage","url":"https:\/\/www.tele-online.com\/wp-content\/uploads\/2017\/10\/tele-christian-3.jpg","contentUrl":"https:\/\/www.tele-online.com\/wp-content\/uploads\/2017\/10\/tele-christian-3.jpg","width":2000,"height":1333},{"@type":"BreadcrumbList","@id":"https:\/\/www.tele-online.com\/es\/arrancador-suave-arrancador-progresivo\/#breadcrumb","itemListElement":[{"@type":"ListItem","position":1,"name":"Startseite","item":"https:\/\/www.tele-online.com\/es\/"},{"@type":"ListItem","position":2,"name":"Arrancador suave \/ arrancador progresivo"}]},{"@type":"WebSite","@id":"https:\/\/www.tele-online.com\/es\/#website","url":"https:\/\/www.tele-online.com\/es\/","name":"Tele Haase","description":"Your Smart Factory","potentialAction":[{"@type":"SearchAction","target":{"@type":"EntryPoint","urlTemplate":"https:\/\/www.tele-online.com\/es\/?s={search_term_string}"},"query-input":{"@type":"PropertyValueSpecification","valueRequired":true,"valueName":"search_term_string"}}],"inLanguage":"es"}]}],"_links":{"self":[{"href":"https:\/\/www.tele-online.com\/es\/wp-json\/wp\/v2\/pages\/790942"}],"collection":[{"href":"https:\/\/www.tele-online.com\/es\/wp-json\/wp\/v2\/pages"}],"about":[{"href":"https:\/\/www.tele-online.com\/es\/wp-json\/wp\/v2\/types\/page"}],"author":[{"embeddable":true,"href":"https:\/\/www.tele-online.com\/es\/wp-json\/wp\/v2\/users\/45"}],"replies":[{"embeddable":true,"href":"https:\/\/www.tele-online.com\/es\/wp-json\/wp\/v2\/comments?post=790942"}],"version-history":[{"count":2,"href":"https:\/\/www.tele-online.com\/es\/wp-json\/wp\/v2\/pages\/790942\/revisions"}],"predecessor-version":[{"id":796017,"href":"https:\/\/www.tele-online.com\/es\/wp-json\/wp\/v2\/pages\/790942\/revisions\/796017"}],"wp:featuredmedia":[{"embeddable":true,"href":"https:\/\/www.tele-online.com\/es\/wp-json\/wp\/v2\/media\/62111"}],"wp:attachment":[{"href":"https:\/\/www.tele-online.com\/es\/wp-json\/wp\/v2\/media?parent=790942"}],"curies":[{"name":"wp","href":"https:\/\/api.w.org\/{rel}","templated":true}]}}