{"id":790934,"date":"2024-06-17T10:41:00","modified":"2024-06-17T10:41:08","slug":"politica-de-correo-electronico-tele","status":"publish","type":"page","link":"https:\/\/www.tele-online.com\/es\/politica-de-correo-electronico-tele\/","title":{"rendered":"Pol\u00edtica de correo electr\u00f3nico TELE"},"content":{"rendered":"        <div\n            id=\"block_39399303d05abab822745d28cdb6f189\"\n            class=\"acf-block is-edit is-category-text\"\n            data-highlight=\"https:\/\/www.tele-online.com\/politica-de-correo-electronico-tele\/#highlightblock=block_39399303d05abab822745d28cdb6f189\"\n            data-block=\"headerslider\"\n        >\n                            <h2 class=\"acf-block-title\">\n                    <svg  xmlns=\"http:\/\/www.w3.org\/2000\/svg\"  width=\"24\"  height=\"24\"  viewBox=\"0 0 24 24\"  fill=\"none\"  stroke=\"currentColor\"  stroke-width=\"2\"  stroke-linecap=\"round\"  stroke-linejoin=\"round\"  class=\"icon icon-tabler icons-tabler-outline icon-tabler-align-left\"><path stroke=\"none\" d=\"M0 0h24v24H0z\" fill=\"none\"\/><path d=\"M4 6l16 0\" \/><path d=\"M4 12l10 0\" \/><path d=\"M4 18l14 0\" \/><\/svg>                    <span class=\"name\">Header Slider <\/span>\n                <\/h2>\n\n                                    <\/div>\n            <div\n            id=\"block_ab9b0cfc0a83aa07f8b59a0c2b2009b9\"\n            class=\"acf-block is-edit is-category-text\"\n            data-highlight=\"https:\/\/www.tele-online.com\/politica-de-correo-electronico-tele\/#highlightblock=block_ab9b0cfc0a83aa07f8b59a0c2b2009b9\"\n            data-block=\"textblock\"\n        >\n                            <h2 class=\"acf-block-title\">\n                    <svg  xmlns=\"http:\/\/www.w3.org\/2000\/svg\"  width=\"24\"  height=\"24\"  viewBox=\"0 0 24 24\"  fill=\"none\"  stroke=\"currentColor\"  stroke-width=\"2\"  stroke-linecap=\"round\"  stroke-linejoin=\"round\"  class=\"icon icon-tabler icons-tabler-outline icon-tabler-align-left\"><path stroke=\"none\" d=\"M0 0h24v24H0z\" fill=\"none\"\/><path d=\"M4 6l16 0\" \/><path d=\"M4 12l10 0\" \/><path d=\"M4 18l14 0\" \/><\/svg>                    <span class=\"name\">Textblock <\/span>\n                <\/h2>\n\n                                    <\/div>\n            <div\n            id=\"block_f9ef43f10a87a0496d79873e0cc7fd0f\"\n            class=\"acf-block is-edit is-category-text\"\n            data-highlight=\"https:\/\/www.tele-online.com\/politica-de-correo-electronico-tele\/#highlightblock=block_f9ef43f10a87a0496d79873e0cc7fd0f\"\n            data-block=\"kontaktteasermitarbeiter\"\n        >\n                            <h2 class=\"acf-block-title\">\n                    <svg  xmlns=\"http:\/\/www.w3.org\/2000\/svg\"  width=\"24\"  height=\"24\"  viewBox=\"0 0 24 24\"  fill=\"none\"  stroke=\"currentColor\"  stroke-width=\"2\"  stroke-linecap=\"round\"  stroke-linejoin=\"round\"  class=\"icon icon-tabler icons-tabler-outline icon-tabler-align-left\"><path stroke=\"none\" d=\"M0 0h24v24H0z\" fill=\"none\"\/><path d=\"M4 6l16 0\" \/><path d=\"M4 12l10 0\" \/><path d=\"M4 18l14 0\" \/><\/svg>                    <span class=\"name\">Kontakt Teaser Mitarbeiter <\/span>\n                <\/h2>\n\n                                    <\/div>\n    ","protected":false},"excerpt":{"rendered":"","protected":false},"author":59,"featured_media":53370,"parent":0,"template":"","acf":{"seo":[{"googleAuthor":"","googlePublisher":"","schemaName":"","schemaDescription":"","schemaImage":false}],"footer_link_block":false,"main_menu_ausblenden":false,"footer":{"footer_headline_powerd_by":"Powered By TELE","footer_text_powered_by":"","footer_logos":null,"footer_mylayout_logos":"normal","footer_text_oben":"<p><strong>TELE Haase Steuerger\u00e4te Ges.m.b.H.<\/strong> | Vorarlberger Allee 38 (direct access via Slamastra\u00dfe 37), 1230 Vienna | Austria<\/p>\n<p><strong>Opening Hours<\/strong>: Monday-Thursday 08:00 a.m. to 04:00 p.m. &amp; Friday 08:00 a.m. to 01:00 p.m.<\/p>\n<p><strong><a href=\"https:\/\/www.tele-online.com\/en\/contact\/\">Contact Details<\/a><\/strong><\/p>\n<p>&nbsp;<\/p>\n","footer_headline_social_media":"Social Media","footer_social_media":[{"icon":"<i class=\"icon-facebook\"><\/i>","link":"https:\/\/www.facebook.com\/TELE-Haase-Steuerger%C3%A4te-GesmbH-212293998940265\/?rf=195551397135836"},{"icon":"<i class=\"icon-linkedin\"><\/i>","link":"https:\/\/www.linkedin.com\/company\/tele-worldwide\/"},{"icon":"<i class=\"icon-youtube\"><\/i>","link":"https:\/\/www.youtube.com\/user\/telehaase\/featured"},{"icon":"<i class=\"icon-instagram\"><\/i>","link":"https:\/\/www.instagram.com\/tele_haase\/"}]},"nav_data":{"link":"","text":""},"wpmlurl":{"de":"\/","en":"\/en\/","us":"\/us\/","fr":"\/fr\/","es":"\/es\/"},"webblocks":[{"acf_fc_layout":"headerslider","acf_fc_id":"acf-block-69a23c1e1aade","acf_fc_style":"","flexible":false,"submenu_aktivieren":false,"slide":[{"bild":{"ID":53370,"id":53370,"title":"Tele-Header-White","filename":"Tele-Header-White.jpg","filesize":51432,"url":"https:\/\/www.tele-online.com\/wp-content\/uploads\/2015\/02\/Tele-Header-White.jpg","link":"https:\/\/www.tele-online.com\/es\/condiciones-generales\/attachment\/tele-header-white-2\/","alt":"","author":"44","description":"","caption":"","name":"tele-header-white-2","status":"inherit","uploaded_to":791010,"date":"2015-02-09 11:28:51","modified":"2024-06-17 09:20:17","menu_order":0,"mime_type":"image\/jpeg","type":"image","subtype":"jpeg","icon":"https:\/\/www.tele-online.com\/wp-includes\/images\/media\/default.png","width":2048,"height":778,"sizes":{"thumbnail":"https:\/\/www.tele-online.com\/wp-content\/uploads\/2015\/02\/Tele-Header-White-220x220.jpg","thumbnail-width":220,"thumbnail-height":220,"medium":"https:\/\/www.tele-online.com\/wp-content\/uploads\/2015\/02\/Tele-Header-White-544x360.jpg","medium-width":544,"medium-height":360,"medium_large":"https:\/\/www.tele-online.com\/wp-content\/uploads\/2015\/02\/Tele-Header-White-768x292.jpg","medium_large-width":768,"medium_large-height":292,"large":"https:\/\/www.tele-online.com\/wp-content\/uploads\/2015\/02\/Tele-Header-White-780x520.jpg","large-width":780,"large-height":520,"1536x1536":"https:\/\/www.tele-online.com\/wp-content\/uploads\/2015\/02\/Tele-Header-White.jpg","1536x1536-width":1536,"1536x1536-height":584,"2048x2048":"https:\/\/www.tele-online.com\/wp-content\/uploads\/2015\/02\/Tele-Header-White.jpg","2048x2048-width":2048,"2048x2048-height":778,"hd":"https:\/\/www.tele-online.com\/wp-content\/uploads\/2015\/02\/Tele-Header-White.jpg","hd-width":1920,"hd-height":729,"galerie":"https:\/\/www.tele-online.com\/wp-content\/uploads\/2015\/02\/Tele-Header-White.jpg","galerie-width":320,"galerie-height":122,"stellen":"https:\/\/www.tele-online.com\/wp-content\/uploads\/2015\/02\/Tele-Header-White.jpg","stellen-width":400,"stellen-height":152}},"headline":"Pol\u00edtica de correo electr\u00f3nico TELE","link":null,"subheadline":"Puedes leer nuestra pol\u00edtica de correo electr\u00f3nico aqu\u00ed. Puedes leer nuestra pol\u00edtica de correo electr\u00f3nico aqu\u00ed."}],"max_hohe":"70vh"},{"acf_fc_layout":"textblock","acf_fc_id":"acf-block-69a23c1e1bde3","acf_fc_style":"","flexible":false,"text":"<h2>Nuestra normativa aplicable a los correos electr\u00f3nicos enviados por nosotros<\/h2>\n<p>Este correo electr\u00f3nico contiene informaci\u00f3n confidencial y\/o legalmente protegida. Si no eres el destinatario correcto o has recibido este correo electr\u00f3nico por error, informa inmediatamente al remitente y destruye este correo electr\u00f3nico. No se permite la copia no autorizada, el reenv\u00edo no autorizado u otro uso de este correo electr\u00f3nico.<\/p>\n<p style=\"text-align: justify\">La informaci\u00f3n de los correos electr\u00f3nicos que enviamos se elabora a partir de los datos que nos facilitas y de las propiedades de los productos nombrados que conocemos actualmente. Dado que desconocemos el dise\u00f1o y el contexto funcional global del sistema en el que se utilizan estos productos, no podemos garantizar la idoneidad y el funcionamiento de los productos en el sistema espec\u00edfico. No hemos comprobado si los productos recomendados en nuestro correo electr\u00f3nico cumplen todas las normas y reglamentos aplicables a tu sistema. Nuestros consejos se dan seg\u00fan nuestro leal saber y entender. Sin embargo, no puede sustituir a la comprobaci\u00f3n de nuestros productos que debes realizar t\u00fa mismo, en particular en lo que se refiere a su idoneidad para un fin espec\u00edfico, por lo que no es vinculante y no implica responsabilidad alguna.<\/p>\n<p>&nbsp;<\/p>\n<h2>Nuestras normas aplicables a los correos electr\u00f3nicos enviados por nosotros<\/h2>\n<p>Este correo electr\u00f3nico puede contener informaci\u00f3n confidencial y\/o privilegiada. Si no eres el destinatario previsto (o has recibido este correo electr\u00f3nico por error), notif\u00edcalo inmediatamente al remitente y destruye este correo electr\u00f3nico. Queda terminantemente prohibida la copia, divulgaci\u00f3n, distribuci\u00f3n o cualquier otro uso no autorizado de este correo electr\u00f3nico.<\/p>\n<p>Cualquier producto recomendado en este correo electr\u00f3nico se ha hecho bas\u00e1ndose en la informaci\u00f3n que nos has proporcionado y en las caracter\u00edsticas de los productos mencionados que conocemos actualmente. Como no tenemos conocimiento de tu aplicaci\u00f3n ni de los detalles funcionales del conjunto completo, en el que se incorporar\u00e1n estos productos, no garantizamos que estos productos sean aptos para su finalidad prevista. No hemos examinado si los productos recomendados anteriormente cumplen todas las normas y reglamentos aplicables al montaje de tu empresa. Nuestros consejos se dan seg\u00fan nuestros mejores conocimientos. Sin embargo, estos consejos no pueden sustituir al examen de nuestros productos por tu parte, especialmente en lo que se refiere a su idoneidad para un uso espec\u00edfico, y por tanto se dan sin obligaci\u00f3n y con exclusi\u00f3n de cualquier responsabilidad por nuestra parte.<\/p>\n","id":"","linie_oben_einblenden":false,"linie_unten_einblenden":false,"container":"normal","hintergrund":"weis","box":false,"abstand_oben":"","abstand_unten":""},{"acf_fc_layout":"kontaktteasermitarbeiter","acf_fc_id":"acf-block-69a23c1e1c823","acf_fc_style":"","flexible":false,"headline":"\u00bfPuedo ayudarte?","text":"\u00bfNo encuentras lo que buscas? \u00a1No dudes en ponerte en contacto conmigo!","type":"automatisch","mitarbeiter":588,"mitarbeiter_fallback":false,"telefon":"","telefon_gastautor":"","email_gastautor":"","termin_button_text":"","termin_button_link":"","id":"","hintergrund":"hellgruen","abstand_oben":"","abstand_unten":""}]},"yoast_head":"<!-- This site is optimized with the Yoast SEO plugin v24.5 - https:\/\/yoast.com\/wordpress\/plugins\/seo\/ -->\n<title>Pol\u00edtica de correo electr\u00f3nico TELE - Tele Haase<\/title>\n<meta name=\"description\" content=\"Aqu\u00ed puedes descargar las Condiciones Generales de Contrataci\u00f3n (CGC) completas. Estaremos encantados de informarte sobre todas las condiciones.\" \/>\n<meta name=\"robots\" content=\"index, follow, max-snippet:-1, max-image-preview:large, max-video-preview:-1\" \/>\n<link rel=\"canonical\" href=\"https:\/\/www.tele-online.com\/es\/politica-de-correo-electronico-tele\/\" \/>\n<meta property=\"og:locale\" content=\"es_ES\" \/>\n<meta property=\"og:type\" content=\"article\" \/>\n<meta property=\"og:title\" content=\"Pol\u00edtica de correo electr\u00f3nico TELE - Tele Haase\" \/>\n<meta property=\"og:description\" content=\"Aqu\u00ed puedes descargar las Condiciones Generales de Contrataci\u00f3n (CGC) completas. Estaremos encantados de informarte sobre todas las condiciones.\" \/>\n<meta property=\"og:url\" content=\"https:\/\/www.tele-online.com\/es\/politica-de-correo-electronico-tele\/\" \/>\n<meta property=\"og:site_name\" content=\"Tele Haase\" \/>\n<meta property=\"article:modified_time\" content=\"2024-06-17T08:41:08+00:00\" \/>\n<meta property=\"og:image\" content=\"https:\/\/www.tele-online.com\/wp-content\/uploads\/2015\/02\/Tele-Header-White.jpg\" \/>\n\t<meta property=\"og:image:width\" content=\"2048\" \/>\n\t<meta property=\"og:image:height\" content=\"778\" \/>\n\t<meta property=\"og:image:type\" content=\"image\/jpeg\" \/>\n<meta name=\"twitter:card\" content=\"summary_large_image\" \/>\n<script type=\"application\/ld+json\" class=\"yoast-schema-graph\">{\"@context\":\"https:\/\/schema.org\",\"@graph\":[{\"@type\":\"WebPage\",\"@id\":\"https:\/\/www.tele-online.com\/es\/politica-de-correo-electronico-tele\/\",\"url\":\"https:\/\/www.tele-online.com\/es\/politica-de-correo-electronico-tele\/\",\"name\":\"Pol\u00edtica de correo electr\u00f3nico TELE - Tele Haase\",\"isPartOf\":{\"@id\":\"https:\/\/www.tele-online.com\/es\/#website\"},\"primaryImageOfPage\":{\"@id\":\"https:\/\/www.tele-online.com\/es\/politica-de-correo-electronico-tele\/#primaryimage\"},\"image\":{\"@id\":\"https:\/\/www.tele-online.com\/es\/politica-de-correo-electronico-tele\/#primaryimage\"},\"thumbnailUrl\":\"https:\/\/www.tele-online.com\/wp-content\/uploads\/2015\/02\/Tele-Header-White.jpg\",\"datePublished\":\"2024-06-17T08:41:00+00:00\",\"dateModified\":\"2024-06-17T08:41:08+00:00\",\"description\":\"Aqu\u00ed puedes descargar las Condiciones Generales de Contrataci\u00f3n (CGC) completas. Estaremos encantados de informarte sobre todas las condiciones.\",\"breadcrumb\":{\"@id\":\"https:\/\/www.tele-online.com\/es\/politica-de-correo-electronico-tele\/#breadcrumb\"},\"inLanguage\":\"es\",\"potentialAction\":[{\"@type\":\"ReadAction\",\"target\":[\"https:\/\/www.tele-online.com\/es\/politica-de-correo-electronico-tele\/\"]}]},{\"@type\":\"ImageObject\",\"inLanguage\":\"es\",\"@id\":\"https:\/\/www.tele-online.com\/es\/politica-de-correo-electronico-tele\/#primaryimage\",\"url\":\"https:\/\/www.tele-online.com\/wp-content\/uploads\/2015\/02\/Tele-Header-White.jpg\",\"contentUrl\":\"https:\/\/www.tele-online.com\/wp-content\/uploads\/2015\/02\/Tele-Header-White.jpg\",\"width\":2048,\"height\":778},{\"@type\":\"BreadcrumbList\",\"@id\":\"https:\/\/www.tele-online.com\/es\/politica-de-correo-electronico-tele\/#breadcrumb\",\"itemListElement\":[{\"@type\":\"ListItem\",\"position\":1,\"name\":\"Startseite\",\"item\":\"https:\/\/www.tele-online.com\/es\/\"},{\"@type\":\"ListItem\",\"position\":2,\"name\":\"Pol\u00edtica de correo electr\u00f3nico TELE\"}]},{\"@type\":\"WebSite\",\"@id\":\"https:\/\/www.tele-online.com\/es\/#website\",\"url\":\"https:\/\/www.tele-online.com\/es\/\",\"name\":\"Tele Haase\",\"description\":\"Your Smart Factory\",\"potentialAction\":[{\"@type\":\"SearchAction\",\"target\":{\"@type\":\"EntryPoint\",\"urlTemplate\":\"https:\/\/www.tele-online.com\/es\/?s={search_term_string}\"},\"query-input\":{\"@type\":\"PropertyValueSpecification\",\"valueRequired\":true,\"valueName\":\"search_term_string\"}}],\"inLanguage\":\"es\"}]}<\/script>\n<!-- \/ Yoast SEO plugin. -->","yoast_head_json":{"title":"Pol\u00edtica de correo electr\u00f3nico TELE - Tele Haase","description":"Aqu\u00ed puedes descargar las Condiciones Generales de Contrataci\u00f3n (CGC) completas. Estaremos encantados de informarte sobre todas las condiciones.","robots":{"index":"index","follow":"follow","max-snippet":"max-snippet:-1","max-image-preview":"max-image-preview:large","max-video-preview":"max-video-preview:-1"},"canonical":"https:\/\/www.tele-online.com\/es\/politica-de-correo-electronico-tele\/","og_locale":"es_ES","og_type":"article","og_title":"Pol\u00edtica de correo electr\u00f3nico TELE - Tele Haase","og_description":"Aqu\u00ed puedes descargar las Condiciones Generales de Contrataci\u00f3n (CGC) completas. Estaremos encantados de informarte sobre todas las condiciones.","og_url":"https:\/\/www.tele-online.com\/es\/politica-de-correo-electronico-tele\/","og_site_name":"Tele Haase","article_modified_time":"2024-06-17T08:41:08+00:00","og_image":[{"width":2048,"height":778,"url":"https:\/\/www.tele-online.com\/wp-content\/uploads\/2015\/02\/Tele-Header-White.jpg","type":"image\/jpeg"}],"twitter_card":"summary_large_image","schema":{"@context":"https:\/\/schema.org","@graph":[{"@type":"WebPage","@id":"https:\/\/www.tele-online.com\/es\/politica-de-correo-electronico-tele\/","url":"https:\/\/www.tele-online.com\/es\/politica-de-correo-electronico-tele\/","name":"Pol\u00edtica de correo electr\u00f3nico TELE - Tele Haase","isPartOf":{"@id":"https:\/\/www.tele-online.com\/es\/#website"},"primaryImageOfPage":{"@id":"https:\/\/www.tele-online.com\/es\/politica-de-correo-electronico-tele\/#primaryimage"},"image":{"@id":"https:\/\/www.tele-online.com\/es\/politica-de-correo-electronico-tele\/#primaryimage"},"thumbnailUrl":"https:\/\/www.tele-online.com\/wp-content\/uploads\/2015\/02\/Tele-Header-White.jpg","datePublished":"2024-06-17T08:41:00+00:00","dateModified":"2024-06-17T08:41:08+00:00","description":"Aqu\u00ed puedes descargar las Condiciones Generales de Contrataci\u00f3n (CGC) completas. Estaremos encantados de informarte sobre todas las condiciones.","breadcrumb":{"@id":"https:\/\/www.tele-online.com\/es\/politica-de-correo-electronico-tele\/#breadcrumb"},"inLanguage":"es","potentialAction":[{"@type":"ReadAction","target":["https:\/\/www.tele-online.com\/es\/politica-de-correo-electronico-tele\/"]}]},{"@type":"ImageObject","inLanguage":"es","@id":"https:\/\/www.tele-online.com\/es\/politica-de-correo-electronico-tele\/#primaryimage","url":"https:\/\/www.tele-online.com\/wp-content\/uploads\/2015\/02\/Tele-Header-White.jpg","contentUrl":"https:\/\/www.tele-online.com\/wp-content\/uploads\/2015\/02\/Tele-Header-White.jpg","width":2048,"height":778},{"@type":"BreadcrumbList","@id":"https:\/\/www.tele-online.com\/es\/politica-de-correo-electronico-tele\/#breadcrumb","itemListElement":[{"@type":"ListItem","position":1,"name":"Startseite","item":"https:\/\/www.tele-online.com\/es\/"},{"@type":"ListItem","position":2,"name":"Pol\u00edtica de correo electr\u00f3nico TELE"}]},{"@type":"WebSite","@id":"https:\/\/www.tele-online.com\/es\/#website","url":"https:\/\/www.tele-online.com\/es\/","name":"Tele Haase","description":"Your Smart Factory","potentialAction":[{"@type":"SearchAction","target":{"@type":"EntryPoint","urlTemplate":"https:\/\/www.tele-online.com\/es\/?s={search_term_string}"},"query-input":{"@type":"PropertyValueSpecification","valueRequired":true,"valueName":"search_term_string"}}],"inLanguage":"es"}]}},"yoast_data":{"yoast_wpseo_canonical":"https:\/\/www.tele-online.com\/es\/politica-de-correo-electronico-tele\/","yoast_wpseo_opengraph_image":"https:\/\/www.tele-online.com\/wp-content\/uploads\/2015\/02\/Tele-Header-White.jpg","yoast_wpseo_metadesc":"Aqu\u00ed puedes descargar las Condiciones Generales de Contrataci\u00f3n (CGC) completas. Estaremos encantados de informarte sobre todas las condiciones.","yoast_wpseo_meta_robots_noindex":"","yoast_wpseo_meta_robots_nofollow":""},"footer_links":null,"yoasttitle":"Pol\u00edtica de correo electr\u00f3nico TELE - Tele Haase","yoast_title":"Pol\u00edtica de correo electr\u00f3nico TELE - Tele Haase","yoast_meta":[{"name":"description","content":"Aqu\u00ed puedes descargar las Condiciones Generales de Contrataci\u00f3n (CGC) completas. Estaremos encantados de informarte sobre todas las condiciones."},{"name":"robots","content":"index, follow, max-snippet:-1, max-image-preview:large, max-video-preview:-1"},{"property":"og:locale","content":"es_ES"},{"property":"og:type","content":"article"},{"property":"og:title","content":"Pol\u00edtica de correo electr\u00f3nico TELE - Tele Haase"},{"property":"og:description","content":"Aqu\u00ed puedes descargar las Condiciones Generales de Contrataci\u00f3n (CGC) completas. Estaremos encantados de informarte sobre todas las condiciones."},{"property":"og:url","content":"https:\/\/www.tele-online.com\/es\/politica-de-correo-electronico-tele\/"},{"property":"og:site_name","content":"Tele Haase"},{"property":"article:modified_time","content":"2024-06-17T08:41:08+00:00"},{"property":"og:image","content":"https:\/\/www.tele-online.com\/wp-content\/uploads\/2015\/02\/Tele-Header-White.jpg"},{"property":"og:image:width","content":"2048"},{"property":"og:image:height","content":"778"},{"property":"og:image:type","content":"image\/jpeg"},{"name":"twitter:card","content":"summary_large_image"},{"name":"robots","content":"index, follow, max-image-preview:large, max-snippet:-1, max-video-preview:-1"}],"yoast_json_ld":[{"@context":"https:\/\/schema.org","@graph":[{"@type":"WebPage","@id":"https:\/\/www.tele-online.com\/es\/politica-de-correo-electronico-tele\/","url":"https:\/\/www.tele-online.com\/es\/politica-de-correo-electronico-tele\/","name":"Pol&iacute;tica de correo electr&oacute;nico TELE - Tele Haase","isPartOf":{"@id":"https:\/\/www.tele-online.com\/es\/#website"},"primaryImageOfPage":{"@id":"https:\/\/www.tele-online.com\/es\/politica-de-correo-electronico-tele\/#primaryimage"},"image":{"@id":"https:\/\/www.tele-online.com\/es\/politica-de-correo-electronico-tele\/#primaryimage"},"thumbnailUrl":"https:\/\/www.tele-online.com\/wp-content\/uploads\/2015\/02\/Tele-Header-White.jpg","datePublished":"2024-06-17T08:41:00+00:00","dateModified":"2024-06-17T08:41:08+00:00","description":"Aqu&iacute; puedes descargar las Condiciones Generales de Contrataci&oacute;n (CGC) completas. Estaremos encantados de informarte sobre todas las condiciones.","breadcrumb":{"@id":"https:\/\/www.tele-online.com\/es\/politica-de-correo-electronico-tele\/#breadcrumb"},"inLanguage":"es","potentialAction":[{"@type":"ReadAction","target":["https:\/\/www.tele-online.com\/es\/politica-de-correo-electronico-tele\/"]}]},{"@type":"ImageObject","inLanguage":"es","@id":"https:\/\/www.tele-online.com\/es\/politica-de-correo-electronico-tele\/#primaryimage","url":"https:\/\/www.tele-online.com\/wp-content\/uploads\/2015\/02\/Tele-Header-White.jpg","contentUrl":"https:\/\/www.tele-online.com\/wp-content\/uploads\/2015\/02\/Tele-Header-White.jpg","width":2048,"height":778},{"@type":"BreadcrumbList","@id":"https:\/\/www.tele-online.com\/es\/politica-de-correo-electronico-tele\/#breadcrumb","itemListElement":[{"@type":"ListItem","position":1,"name":"Startseite","item":"https:\/\/www.tele-online.com\/es\/"},{"@type":"ListItem","position":2,"name":"Pol&iacute;tica de correo electr&oacute;nico TELE"}]},{"@type":"WebSite","@id":"https:\/\/www.tele-online.com\/es\/#website","url":"https:\/\/www.tele-online.com\/es\/","name":"Tele Haase","description":"Your Smart Factory","potentialAction":[{"@type":"SearchAction","target":{"@type":"EntryPoint","urlTemplate":"https:\/\/www.tele-online.com\/es\/?s={search_term_string}"},"query-input":{"@type":"PropertyValueSpecification","valueRequired":true,"valueName":"search_term_string"}}],"inLanguage":"es"}]}],"_links":{"self":[{"href":"https:\/\/www.tele-online.com\/es\/wp-json\/wp\/v2\/pages\/790934"}],"collection":[{"href":"https:\/\/www.tele-online.com\/es\/wp-json\/wp\/v2\/pages"}],"about":[{"href":"https:\/\/www.tele-online.com\/es\/wp-json\/wp\/v2\/types\/page"}],"author":[{"embeddable":true,"href":"https:\/\/www.tele-online.com\/es\/wp-json\/wp\/v2\/users\/59"}],"replies":[{"embeddable":true,"href":"https:\/\/www.tele-online.com\/es\/wp-json\/wp\/v2\/comments?post=790934"}],"version-history":[{"count":1,"href":"https:\/\/www.tele-online.com\/es\/wp-json\/wp\/v2\/pages\/790934\/revisions"}],"predecessor-version":[{"id":790935,"href":"https:\/\/www.tele-online.com\/es\/wp-json\/wp\/v2\/pages\/790934\/revisions\/790935"}],"wp:featuredmedia":[{"embeddable":true,"href":"https:\/\/www.tele-online.com\/es\/wp-json\/wp\/v2\/media\/53370"}],"wp:attachment":[{"href":"https:\/\/www.tele-online.com\/es\/wp-json\/wp\/v2\/media?parent=790934"}],"curies":[{"name":"wp","href":"https:\/\/api.w.org\/{rel}","templated":true}]}}