{"id":790932,"date":"2024-06-17T10:39:30","modified":"2024-06-17T10:39:30","slug":"condiciones-rma","status":"publish","type":"page","link":"https:\/\/www.tele-online.com\/es\/condiciones-rma\/","title":{"rendered":"Condiciones RMA"},"content":{"rendered":"        <div\n            id=\"block_7c6a59236014ac0e6a9200734d1ab866\"\n            class=\"acf-block is-edit is-category-text\"\n            data-highlight=\"https:\/\/www.tele-online.com\/condiciones-rma\/#highlightblock=block_7c6a59236014ac0e6a9200734d1ab866\"\n            data-block=\"headerslider\"\n        >\n                            <h2 class=\"acf-block-title\">\n                    <svg  xmlns=\"http:\/\/www.w3.org\/2000\/svg\"  width=\"24\"  height=\"24\"  viewBox=\"0 0 24 24\"  fill=\"none\"  stroke=\"currentColor\"  stroke-width=\"2\"  stroke-linecap=\"round\"  stroke-linejoin=\"round\"  class=\"icon icon-tabler icons-tabler-outline icon-tabler-align-left\"><path stroke=\"none\" d=\"M0 0h24v24H0z\" fill=\"none\"\/><path d=\"M4 6l16 0\" \/><path d=\"M4 12l10 0\" \/><path d=\"M4 18l14 0\" \/><\/svg>                    <span class=\"name\">Header Slider <\/span>\n                <\/h2>\n\n                                    <\/div>\n            <div\n            id=\"block_e676e5190bc8de2c389b6a030eca243b\"\n            class=\"acf-block is-edit is-category-text\"\n            data-highlight=\"https:\/\/www.tele-online.com\/condiciones-rma\/#highlightblock=block_e676e5190bc8de2c389b6a030eca243b\"\n            data-block=\"textblock\"\n        >\n                            <h2 class=\"acf-block-title\">\n                    <svg  xmlns=\"http:\/\/www.w3.org\/2000\/svg\"  width=\"24\"  height=\"24\"  viewBox=\"0 0 24 24\"  fill=\"none\"  stroke=\"currentColor\"  stroke-width=\"2\"  stroke-linecap=\"round\"  stroke-linejoin=\"round\"  class=\"icon icon-tabler icons-tabler-outline icon-tabler-align-left\"><path stroke=\"none\" d=\"M0 0h24v24H0z\" fill=\"none\"\/><path d=\"M4 6l16 0\" \/><path d=\"M4 12l10 0\" \/><path d=\"M4 18l14 0\" \/><\/svg>                    <span class=\"name\">Textblock <\/span>\n                <\/h2>\n\n                                    <\/div>\n    ","protected":false},"excerpt":{"rendered":"","protected":false},"author":50,"featured_media":0,"parent":0,"template":"","acf":{"seo":[{"googleAuthor":"","googlePublisher":"","schemaName":"","schemaDescription":"","schemaImage":false}],"footer":{"footer_headline_powerd_by":"Powered By TELE","footer_text_powered_by":"","footer_logos":null,"footer_mylayout_logos":"normal","footer_text_oben":"<p><strong>TELE Haase Steuerger\u00e4te Ges.m.b.H.<\/strong> | Vorarlberger Allee 38 (direct access via Slamastra\u00dfe 37), 1230 Vienna | Austria<\/p>\n<p><strong>Opening Hours<\/strong>: Monday-Thursday 08:00 a.m. to 04:00 p.m. &amp; Friday 08:00 a.m. to 01:00 p.m.<\/p>\n<p><strong><a href=\"https:\/\/www.tele-online.com\/en\/contact\/\">Contact Details<\/a><\/strong><\/p>\n<p>&nbsp;<\/p>\n","footer_headline_social_media":"Social Media","footer_social_media":[{"icon":"<i class=\"icon-facebook\"><\/i>","link":"https:\/\/www.facebook.com\/TELE-Haase-Steuerger%C3%A4te-GesmbH-212293998940265\/?rf=195551397135836"},{"icon":"<i class=\"icon-linkedin\"><\/i>","link":"https:\/\/www.linkedin.com\/company\/tele-worldwide\/"},{"icon":"<i class=\"icon-youtube\"><\/i>","link":"https:\/\/www.youtube.com\/user\/telehaase\/featured"},{"icon":"<i class=\"icon-instagram\"><\/i>","link":"https:\/\/www.instagram.com\/tele_haase\/"}]},"nav_data":{"link":"","text":""},"wpmlurl":{"de":"\/","en":"\/en\/","us":"\/us\/","fr":"\/fr\/","es":"\/es\/"},"webblocks":[{"acf_fc_layout":"headerslider","acf_fc_id":"acf-block-69a23c2232509","acf_fc_style":"","flexible":false,"submenu_aktivieren":false,"slide":[{"bild":{"ID":60676,"id":60676,"title":"20161121-Lehrlingsshooting-TELE-80","filename":"20161121-lehrlingsshooting-tele-80.jpg","filesize":54479,"url":"https:\/\/www.tele-online.com\/wp-content\/uploads\/2013\/10\/20161121-lehrlingsshooting-tele-80.jpg","link":"https:\/\/www.tele-online.com\/es\/20161121-lehrlingsshooting-tele-80-2\/","alt":"","author":"44","description":"","caption":"","name":"20161121-lehrlingsshooting-tele-80-2","status":"inherit","uploaded_to":0,"date":"2016-11-21 16:11:47","modified":"2016-11-21 16:11:47","menu_order":0,"mime_type":"image\/jpeg","type":"image","subtype":"jpeg","icon":"https:\/\/www.tele-online.com\/wp-includes\/images\/media\/default.png","width":1400,"height":933,"sizes":{"thumbnail":"https:\/\/www.tele-online.com\/wp-content\/uploads\/2013\/10\/20161121-lehrlingsshooting-tele-80-220x220.jpg","thumbnail-width":220,"thumbnail-height":220,"medium":"https:\/\/www.tele-online.com\/wp-content\/uploads\/2013\/10\/20161121-lehrlingsshooting-tele-80-544x360.jpg","medium-width":544,"medium-height":360,"medium_large":"https:\/\/www.tele-online.com\/wp-content\/uploads\/2013\/10\/20161121-lehrlingsshooting-tele-80-768x512.jpg","medium_large-width":768,"medium_large-height":512,"large":"https:\/\/www.tele-online.com\/wp-content\/uploads\/2013\/10\/20161121-lehrlingsshooting-tele-80-780x520.jpg","large-width":780,"large-height":520,"1536x1536":"https:\/\/www.tele-online.com\/wp-content\/uploads\/2013\/10\/20161121-lehrlingsshooting-tele-80.jpg","1536x1536-width":1400,"1536x1536-height":933,"2048x2048":"https:\/\/www.tele-online.com\/wp-content\/uploads\/2013\/10\/20161121-lehrlingsshooting-tele-80.jpg","2048x2048-width":1400,"2048x2048-height":933,"hd":"https:\/\/www.tele-online.com\/wp-content\/uploads\/2013\/10\/20161121-lehrlingsshooting-tele-80.jpg","hd-width":1400,"hd-height":933,"galerie":"https:\/\/www.tele-online.com\/wp-content\/uploads\/2013\/10\/20161121-lehrlingsshooting-tele-80.jpg","galerie-width":320,"galerie-height":213,"stellen":"https:\/\/www.tele-online.com\/wp-content\/uploads\/2013\/10\/20161121-lehrlingsshooting-tele-80.jpg","stellen-width":400,"stellen-height":267}},"headline":"Condiciones RMA","link":null,"subheadline":"Aqu\u00ed encontrar\u00e1s las condiciones TELE para los env\u00edos de reparaci\u00f3n.  "}],"max_hohe":"70vh"},{"acf_fc_layout":"textblock","acf_fc_id":"acf-block-69a23c22338d5","acf_fc_style":"","flexible":false,"text":"<h2 class=\"en_heading en_heading--h2 en_mdl_heading__heading\" style=\"text-align: center;\">Condiciones RMA<\/h2>\n<div class=\"en_mdl_heading__meta en_mdl_heading__text en_wysiwyg\">\n<ul>\n<li style=\"text-align: left;\">Confirma la exactitud de tus datos haciendo clic en las casillas de verificaci\u00f3n al rellenar el formulario RMA en l\u00ednea.<\/li>\n<li style=\"text-align: left;\">Si env\u00edas varios aparatos con distintos fallos, utiliza una posici\u00f3n distinta en el formulario online para cada aparato.<\/li>\n<li style=\"text-align: left;\">En caso de uso\/instalaci\u00f3n incorrecta, se cobrar\u00e1n 50 euros en concepto de gastos de reembolso, si no hay reclamaciones justificadas de garant\u00eda.<\/li>\n<li style=\"text-align: left;\">Si las reclamaciones de garant\u00eda ya han expirado, se cobrar\u00e1 una tasa de tramitaci\u00f3n de al menos 100 euros (m\u00e1s gastos de env\u00edo y reparaci\u00f3n).<\/li>\n<\/ul>\n<\/div>\n","id":"","linie_oben_einblenden":false,"linie_unten_einblenden":false,"container":"normal","hintergrund":"weis","box":false,"abstand_oben":"","abstand_unten":""}]},"yoast_head":"<!-- This site is optimized with the Yoast SEO plugin v24.5 - https:\/\/yoast.com\/wordpress\/plugins\/seo\/ -->\n<title>Condiciones RMA - Tele Haase<\/title>\n<meta name=\"description\" content=\"Condiciones de RMA en TELE\" \/>\n<meta name=\"robots\" content=\"index, follow, max-snippet:-1, max-image-preview:large, max-video-preview:-1\" \/>\n<link rel=\"canonical\" href=\"https:\/\/www.tele-online.com\/es\/condiciones-rma\/\" \/>\n<meta property=\"og:locale\" content=\"es_ES\" \/>\n<meta property=\"og:type\" content=\"article\" \/>\n<meta property=\"og:title\" content=\"Condiciones RMA - Tele Haase\" \/>\n<meta property=\"og:description\" content=\"Condiciones de RMA en TELE\" \/>\n<meta property=\"og:url\" content=\"https:\/\/www.tele-online.com\/es\/condiciones-rma\/\" \/>\n<meta property=\"og:site_name\" content=\"Tele Haase\" \/>\n<meta name=\"twitter:card\" content=\"summary_large_image\" \/>\n<script type=\"application\/ld+json\" class=\"yoast-schema-graph\">{\"@context\":\"https:\/\/schema.org\",\"@graph\":[{\"@type\":\"WebPage\",\"@id\":\"https:\/\/www.tele-online.com\/es\/condiciones-rma\/\",\"url\":\"https:\/\/www.tele-online.com\/es\/condiciones-rma\/\",\"name\":\"Condiciones RMA - Tele Haase\",\"isPartOf\":{\"@id\":\"https:\/\/www.tele-online.com\/es\/#website\"},\"datePublished\":\"2024-06-17T08:39:30+00:00\",\"description\":\"Condiciones de RMA en TELE\",\"breadcrumb\":{\"@id\":\"https:\/\/www.tele-online.com\/es\/condiciones-rma\/#breadcrumb\"},\"inLanguage\":\"es\",\"potentialAction\":[{\"@type\":\"ReadAction\",\"target\":[\"https:\/\/www.tele-online.com\/es\/condiciones-rma\/\"]}]},{\"@type\":\"BreadcrumbList\",\"@id\":\"https:\/\/www.tele-online.com\/es\/condiciones-rma\/#breadcrumb\",\"itemListElement\":[{\"@type\":\"ListItem\",\"position\":1,\"name\":\"Startseite\",\"item\":\"https:\/\/www.tele-online.com\/es\/\"},{\"@type\":\"ListItem\",\"position\":2,\"name\":\"Condiciones RMA\"}]},{\"@type\":\"WebSite\",\"@id\":\"https:\/\/www.tele-online.com\/es\/#website\",\"url\":\"https:\/\/www.tele-online.com\/es\/\",\"name\":\"Tele Haase\",\"description\":\"Your Smart Factory\",\"potentialAction\":[{\"@type\":\"SearchAction\",\"target\":{\"@type\":\"EntryPoint\",\"urlTemplate\":\"https:\/\/www.tele-online.com\/es\/?s={search_term_string}\"},\"query-input\":{\"@type\":\"PropertyValueSpecification\",\"valueRequired\":true,\"valueName\":\"search_term_string\"}}],\"inLanguage\":\"es\"}]}<\/script>\n<!-- \/ Yoast SEO plugin. -->","yoast_head_json":{"title":"Condiciones RMA - Tele Haase","description":"Condiciones de RMA en TELE","robots":{"index":"index","follow":"follow","max-snippet":"max-snippet:-1","max-image-preview":"max-image-preview:large","max-video-preview":"max-video-preview:-1"},"canonical":"https:\/\/www.tele-online.com\/es\/condiciones-rma\/","og_locale":"es_ES","og_type":"article","og_title":"Condiciones RMA - Tele Haase","og_description":"Condiciones de RMA en TELE","og_url":"https:\/\/www.tele-online.com\/es\/condiciones-rma\/","og_site_name":"Tele Haase","twitter_card":"summary_large_image","schema":{"@context":"https:\/\/schema.org","@graph":[{"@type":"WebPage","@id":"https:\/\/www.tele-online.com\/es\/condiciones-rma\/","url":"https:\/\/www.tele-online.com\/es\/condiciones-rma\/","name":"Condiciones RMA - Tele Haase","isPartOf":{"@id":"https:\/\/www.tele-online.com\/es\/#website"},"datePublished":"2024-06-17T08:39:30+00:00","description":"Condiciones de RMA en TELE","breadcrumb":{"@id":"https:\/\/www.tele-online.com\/es\/condiciones-rma\/#breadcrumb"},"inLanguage":"es","potentialAction":[{"@type":"ReadAction","target":["https:\/\/www.tele-online.com\/es\/condiciones-rma\/"]}]},{"@type":"BreadcrumbList","@id":"https:\/\/www.tele-online.com\/es\/condiciones-rma\/#breadcrumb","itemListElement":[{"@type":"ListItem","position":1,"name":"Startseite","item":"https:\/\/www.tele-online.com\/es\/"},{"@type":"ListItem","position":2,"name":"Condiciones RMA"}]},{"@type":"WebSite","@id":"https:\/\/www.tele-online.com\/es\/#website","url":"https:\/\/www.tele-online.com\/es\/","name":"Tele Haase","description":"Your Smart Factory","potentialAction":[{"@type":"SearchAction","target":{"@type":"EntryPoint","urlTemplate":"https:\/\/www.tele-online.com\/es\/?s={search_term_string}"},"query-input":{"@type":"PropertyValueSpecification","valueRequired":true,"valueName":"search_term_string"}}],"inLanguage":"es"}]}},"yoast_data":{"yoast_wpseo_canonical":"https:\/\/www.tele-online.com\/es\/condiciones-rma\/","yoast_wpseo_opengraph_image":false,"yoast_wpseo_metadesc":"Condiciones de RMA en TELE","yoast_wpseo_meta_robots_noindex":"","yoast_wpseo_meta_robots_nofollow":""},"footer_links":null,"yoasttitle":"Condiciones RMA - Tele Haase","yoast_title":"Condiciones RMA - Tele Haase","yoast_meta":[{"name":"description","content":"Condiciones de RMA en TELE"},{"name":"robots","content":"index, follow, max-snippet:-1, max-image-preview:large, max-video-preview:-1"},{"property":"og:locale","content":"es_ES"},{"property":"og:type","content":"article"},{"property":"og:title","content":"Condiciones RMA - Tele Haase"},{"property":"og:description","content":"Condiciones de RMA en TELE"},{"property":"og:url","content":"https:\/\/www.tele-online.com\/es\/condiciones-rma\/"},{"property":"og:site_name","content":"Tele Haase"},{"name":"twitter:card","content":"summary_large_image"},{"name":"robots","content":"index, follow, max-image-preview:large, max-snippet:-1, max-video-preview:-1"}],"yoast_json_ld":[{"@context":"https:\/\/schema.org","@graph":[{"@type":"WebPage","@id":"https:\/\/www.tele-online.com\/es\/condiciones-rma\/","url":"https:\/\/www.tele-online.com\/es\/condiciones-rma\/","name":"Condiciones RMA - Tele Haase","isPartOf":{"@id":"https:\/\/www.tele-online.com\/es\/#website"},"datePublished":"2024-06-17T08:39:30+00:00","description":"Condiciones de RMA en TELE","breadcrumb":{"@id":"https:\/\/www.tele-online.com\/es\/condiciones-rma\/#breadcrumb"},"inLanguage":"es","potentialAction":[{"@type":"ReadAction","target":["https:\/\/www.tele-online.com\/es\/condiciones-rma\/"]}]},{"@type":"BreadcrumbList","@id":"https:\/\/www.tele-online.com\/es\/condiciones-rma\/#breadcrumb","itemListElement":[{"@type":"ListItem","position":1,"name":"Startseite","item":"https:\/\/www.tele-online.com\/es\/"},{"@type":"ListItem","position":2,"name":"Condiciones RMA"}]},{"@type":"WebSite","@id":"https:\/\/www.tele-online.com\/es\/#website","url":"https:\/\/www.tele-online.com\/es\/","name":"Tele Haase","description":"Your Smart Factory","potentialAction":[{"@type":"SearchAction","target":{"@type":"EntryPoint","urlTemplate":"https:\/\/www.tele-online.com\/es\/?s={search_term_string}"},"query-input":{"@type":"PropertyValueSpecification","valueRequired":true,"valueName":"search_term_string"}}],"inLanguage":"es"}]}],"_links":{"self":[{"href":"https:\/\/www.tele-online.com\/es\/wp-json\/wp\/v2\/pages\/790932"}],"collection":[{"href":"https:\/\/www.tele-online.com\/es\/wp-json\/wp\/v2\/pages"}],"about":[{"href":"https:\/\/www.tele-online.com\/es\/wp-json\/wp\/v2\/types\/page"}],"author":[{"embeddable":true,"href":"https:\/\/www.tele-online.com\/es\/wp-json\/wp\/v2\/users\/50"}],"replies":[{"embeddable":true,"href":"https:\/\/www.tele-online.com\/es\/wp-json\/wp\/v2\/comments?post=790932"}],"version-history":[{"count":1,"href":"https:\/\/www.tele-online.com\/es\/wp-json\/wp\/v2\/pages\/790932\/revisions"}],"predecessor-version":[{"id":790933,"href":"https:\/\/www.tele-online.com\/es\/wp-json\/wp\/v2\/pages\/790932\/revisions\/790933"}],"wp:attachment":[{"href":"https:\/\/www.tele-online.com\/es\/wp-json\/wp\/v2\/media?parent=790932"}],"curies":[{"name":"wp","href":"https:\/\/api.w.org\/{rel}","templated":true}]}}