{"id":790926,"date":"2024-06-17T10:37:35","modified":"2024-06-17T10:37:35","slug":"busqueda-de-productos","status":"publish","type":"page","link":"https:\/\/www.tele-online.com\/es\/busqueda-de-productos\/","title":{"rendered":"B\u00fasqueda de productos"},"content":{"rendered":"        <div\n            id=\"block_f201563ee7dfb8ed862592a4ec897a0d\"\n            class=\"acf-block is-edit is-category-text\"\n            data-highlight=\"https:\/\/www.tele-online.com\/busqueda-de-productos\/#highlightblock=block_f201563ee7dfb8ed862592a4ec897a0d\"\n            data-block=\"kontaktteasermitarbeiter\"\n        >\n                            <h2 class=\"acf-block-title\">\n                    <svg  xmlns=\"http:\/\/www.w3.org\/2000\/svg\"  width=\"24\"  height=\"24\"  viewBox=\"0 0 24 24\"  fill=\"none\"  stroke=\"currentColor\"  stroke-width=\"2\"  stroke-linecap=\"round\"  stroke-linejoin=\"round\"  class=\"icon icon-tabler icons-tabler-outline icon-tabler-align-left\"><path stroke=\"none\" d=\"M0 0h24v24H0z\" fill=\"none\"\/><path d=\"M4 6l16 0\" \/><path d=\"M4 12l10 0\" \/><path d=\"M4 18l14 0\" \/><\/svg>                    <span class=\"name\">Kontakt Teaser Mitarbeiter <\/span>\n                <\/h2>\n\n                                    <\/div>\n    ","protected":false},"excerpt":{"rendered":"","protected":false},"author":44,"featured_media":64192,"parent":0,"template":"","acf":{"seo":[{"googleAuthor":"","googlePublisher":"","schemaName":"","schemaDescription":"","schemaImage":false}],"footer_link_block":false,"main_menu_ausblenden":false,"footer":{"footer_headline_powerd_by":"Powered By TELE","footer_text_powered_by":"","footer_logos":null,"footer_mylayout_logos":"normal","footer_text_oben":"<p><strong>TELE Haase Steuerger\u00e4te Ges.m.b.H.<\/strong> | Vorarlberger Allee 38 (direct access via Slamastra\u00dfe 37), 1230 Vienna | Austria<\/p>\n<p><strong>Opening Hours<\/strong>: Monday-Thursday 08:00 a.m. to 04:00 p.m. &amp; Friday 08:00 a.m. to 01:00 p.m.<\/p>\n<p><strong><a href=\"https:\/\/www.tele-online.com\/en\/contact\/\">Contact Details<\/a><\/strong><\/p>\n<p>&nbsp;<\/p>\n","footer_headline_social_media":"Social Media","footer_social_media":[{"icon":"<i class=\"icon-facebook\"><\/i>","link":"https:\/\/www.facebook.com\/TELE-Haase-Steuerger%C3%A4te-GesmbH-212293998940265\/?rf=195551397135836"},{"icon":"<i class=\"icon-linkedin\"><\/i>","link":"https:\/\/www.linkedin.com\/company\/tele-worldwide\/"},{"icon":"<i class=\"icon-youtube\"><\/i>","link":"https:\/\/www.youtube.com\/user\/telehaase\/featured"},{"icon":"<i class=\"icon-instagram\"><\/i>","link":"https:\/\/www.instagram.com\/tele_haase\/"}]},"nav_data":{"link":"","text":""},"wpmlurl":{"de":"\/","en":"\/en\/","us":"\/us\/","fr":"\/fr\/","es":"\/es\/"},"webblocks":[{"acf_fc_layout":"produktfilterneu","acf_fc_id":"acf-block-69a23c47a8486","acf_fc_style":"","flexible":false,"headerbild":{"ID":67215,"id":67215,"title":"2019-TELE-EMS&Kanada-112_1260x840_ohne_ABB","filename":"2019-TELE-EMSKanada-112_1260x840_ohne_ABB.jpg","filesize":185158,"url":"https:\/\/www.tele-online.com\/wp-content\/uploads\/2021\/02\/2019-TELE-EMSKanada-112_1260x840_ohne_ABB.jpg","link":"https:\/\/www.tele-online.com\/es\/busqueda-de-productos\/attachment\/2019-tele-emskanada-112_1260x840_ohne_abb\/","alt":"","author":"50","description":"","caption":"","name":"2019-tele-emskanada-112_1260x840_ohne_abb","status":"inherit","uploaded_to":790926,"date":"2021-02-15 08:43:12","modified":"2024-06-17 08:37:35","menu_order":0,"mime_type":"image\/jpeg","type":"image","subtype":"jpeg","icon":"https:\/\/www.tele-online.com\/wp-includes\/images\/media\/default.png","width":1260,"height":841,"sizes":{"thumbnail":"https:\/\/www.tele-online.com\/wp-content\/uploads\/2021\/02\/2019-TELE-EMSKanada-112_1260x840_ohne_ABB-220x220.jpg","thumbnail-width":220,"thumbnail-height":220,"medium":"https:\/\/www.tele-online.com\/wp-content\/uploads\/2021\/02\/2019-TELE-EMSKanada-112_1260x840_ohne_ABB-544x360.jpg","medium-width":544,"medium-height":360,"medium_large":"https:\/\/www.tele-online.com\/wp-content\/uploads\/2021\/02\/2019-TELE-EMSKanada-112_1260x840_ohne_ABB-768x513.jpg","medium_large-width":768,"medium_large-height":513,"large":"https:\/\/www.tele-online.com\/wp-content\/uploads\/2021\/02\/2019-TELE-EMSKanada-112_1260x840_ohne_ABB-780x520.jpg","large-width":780,"large-height":520,"1536x1536":"https:\/\/www.tele-online.com\/wp-content\/uploads\/2021\/02\/2019-TELE-EMSKanada-112_1260x840_ohne_ABB.jpg","1536x1536-width":1260,"1536x1536-height":841,"2048x2048":"https:\/\/www.tele-online.com\/wp-content\/uploads\/2021\/02\/2019-TELE-EMSKanada-112_1260x840_ohne_ABB.jpg","2048x2048-width":1260,"2048x2048-height":841,"hd":"https:\/\/www.tele-online.com\/wp-content\/uploads\/2021\/02\/2019-TELE-EMSKanada-112_1260x840_ohne_ABB.jpg","hd-width":1260,"hd-height":841,"galerie":"https:\/\/www.tele-online.com\/wp-content\/uploads\/2021\/02\/2019-TELE-EMSKanada-112_1260x840_ohne_ABB-320x214.jpg","galerie-width":320,"galerie-height":214,"stellen":"https:\/\/www.tele-online.com\/wp-content\/uploads\/2021\/02\/2019-TELE-EMSKanada-112_1260x840_ohne_ABB-400x400.jpg","stellen-width":400,"stellen-height":400}},"start_headline":"B\u00fasqueda de productos TELE","start_subheadline":"","headline_suche":"Buscar un producto","platzhalter_suche":"Busca...","headline_kategorie":"o selecciona una categor\u00eda","text_kategorie":"Aqu\u00ed encontrar\u00e1s las fichas t\u00e9cnicas de los productos e informaci\u00f3n sobre todas nuestras categor\u00edas de productos.","kategorien":[{"category":"2671"},{"category":"2672"},{"category":"2673"},{"category":"2674"},{"category":"9268"},{"category":"9282"},{"category":"2675"},{"category":"2676"}],"text_button_alle_anzeigen":"Mostrar todos los productos","text_laden":"Los productos se cargan","headline_verfugbar":"Productos disponibles","headline_abgelaufen":"Productos caducados","text_filter_zurucksetzen":"Reinicia todo","text_filter_offnen_mobile":"Abrir filtro de productos","text_nichts_gefunden":"Por desgracia, no se ha encontrado ning\u00fan producto.","abstand_oben":"","abstand_unten":""},{"acf_fc_layout":"kontaktteasermitarbeiter","acf_fc_id":"acf-block-69a23c47abf91","acf_fc_style":"","flexible":false,"headline":"\u00bfPuedo ayudarte?","text":"\u00bfNo encuentras lo que buscas? \u00a1Ponte en contacto conmigo!","type":"automatisch","mitarbeiter":35707,"mitarbeiter_fallback":false,"telefon":"+43 1 614 74 - 109","telefon_gastautor":"","email_gastautor":"","termin_button_text":"","termin_button_link":"","id":"","hintergrund":"weis","abstand_oben":"","abstand_unten":""}]},"yoast_head":"<!-- This site is optimized with the Yoast SEO plugin v24.5 - https:\/\/yoast.com\/wordpress\/plugins\/seo\/ -->\n<title>B\u00fasqueda de productos - Tele Haase<\/title>\n<meta name=\"description\" content=\"Utiliza la b\u00fasqueda de productos para encontrar rel\u00e9s de temporizaci\u00f3n, rel\u00e9s de control, protecci\u00f3n de red y de sistema, controladores de carga o electr\u00f3nica de potencia de TELE Haase.\" \/>\n<meta name=\"robots\" content=\"index, follow, max-snippet:-1, max-image-preview:large, max-video-preview:-1\" \/>\n<link rel=\"canonical\" href=\"https:\/\/www.tele-online.com\/es\/busqueda-de-productos\/\" \/>\n<meta property=\"og:locale\" content=\"es_ES\" \/>\n<meta property=\"og:type\" content=\"article\" \/>\n<meta property=\"og:title\" content=\"B\u00fasqueda de productos - Tele Haase\" \/>\n<meta property=\"og:description\" content=\"Utiliza la b\u00fasqueda de productos para encontrar rel\u00e9s de temporizaci\u00f3n, rel\u00e9s de control, protecci\u00f3n de red y de sistema, controladores de carga o electr\u00f3nica de potencia de TELE Haase.\" \/>\n<meta property=\"og:url\" content=\"https:\/\/www.tele-online.com\/es\/busqueda-de-productos\/\" \/>\n<meta property=\"og:site_name\" content=\"Tele Haase\" \/>\n<meta property=\"og:image\" content=\"https:\/\/www.tele-online.com\/wp-content\/uploads\/2020\/02\/2019-tele-emskanada-112-1260x840-1.jpg\" \/>\n\t<meta property=\"og:image:width\" content=\"1260\" \/>\n\t<meta property=\"og:image:height\" content=\"840\" \/>\n\t<meta property=\"og:image:type\" content=\"image\/jpeg\" \/>\n<meta name=\"twitter:card\" content=\"summary_large_image\" \/>\n<script type=\"application\/ld+json\" class=\"yoast-schema-graph\">{\"@context\":\"https:\/\/schema.org\",\"@graph\":[{\"@type\":\"WebPage\",\"@id\":\"https:\/\/www.tele-online.com\/es\/busqueda-de-productos\/\",\"url\":\"https:\/\/www.tele-online.com\/es\/busqueda-de-productos\/\",\"name\":\"B\u00fasqueda de productos - Tele Haase\",\"isPartOf\":{\"@id\":\"https:\/\/www.tele-online.com\/es\/#website\"},\"primaryImageOfPage\":{\"@id\":\"https:\/\/www.tele-online.com\/es\/busqueda-de-productos\/#primaryimage\"},\"image\":{\"@id\":\"https:\/\/www.tele-online.com\/es\/busqueda-de-productos\/#primaryimage\"},\"thumbnailUrl\":\"https:\/\/www.tele-online.com\/wp-content\/uploads\/2020\/02\/2019-tele-emskanada-112-1260x840-1.jpg\",\"datePublished\":\"2024-06-17T08:37:35+00:00\",\"description\":\"Utiliza la b\u00fasqueda de productos para encontrar rel\u00e9s de temporizaci\u00f3n, rel\u00e9s de control, protecci\u00f3n de red y de sistema, controladores de carga o electr\u00f3nica de potencia de TELE Haase.\",\"breadcrumb\":{\"@id\":\"https:\/\/www.tele-online.com\/es\/busqueda-de-productos\/#breadcrumb\"},\"inLanguage\":\"es\",\"potentialAction\":[{\"@type\":\"ReadAction\",\"target\":[\"https:\/\/www.tele-online.com\/es\/busqueda-de-productos\/\"]}]},{\"@type\":\"ImageObject\",\"inLanguage\":\"es\",\"@id\":\"https:\/\/www.tele-online.com\/es\/busqueda-de-productos\/#primaryimage\",\"url\":\"https:\/\/www.tele-online.com\/wp-content\/uploads\/2020\/02\/2019-tele-emskanada-112-1260x840-1.jpg\",\"contentUrl\":\"https:\/\/www.tele-online.com\/wp-content\/uploads\/2020\/02\/2019-tele-emskanada-112-1260x840-1.jpg\",\"width\":1260,\"height\":840},{\"@type\":\"BreadcrumbList\",\"@id\":\"https:\/\/www.tele-online.com\/es\/busqueda-de-productos\/#breadcrumb\",\"itemListElement\":[{\"@type\":\"ListItem\",\"position\":1,\"name\":\"Startseite\",\"item\":\"https:\/\/www.tele-online.com\/es\/\"},{\"@type\":\"ListItem\",\"position\":2,\"name\":\"B\u00fasqueda de productos\"}]},{\"@type\":\"WebSite\",\"@id\":\"https:\/\/www.tele-online.com\/es\/#website\",\"url\":\"https:\/\/www.tele-online.com\/es\/\",\"name\":\"Tele Haase\",\"description\":\"Your Smart Factory\",\"potentialAction\":[{\"@type\":\"SearchAction\",\"target\":{\"@type\":\"EntryPoint\",\"urlTemplate\":\"https:\/\/www.tele-online.com\/es\/?s={search_term_string}\"},\"query-input\":{\"@type\":\"PropertyValueSpecification\",\"valueRequired\":true,\"valueName\":\"search_term_string\"}}],\"inLanguage\":\"es\"}]}<\/script>\n<!-- \/ Yoast SEO plugin. -->","yoast_head_json":{"title":"B\u00fasqueda de productos - Tele Haase","description":"Utiliza la b\u00fasqueda de productos para encontrar rel\u00e9s de temporizaci\u00f3n, rel\u00e9s de control, protecci\u00f3n de red y de sistema, controladores de carga o electr\u00f3nica de potencia de TELE Haase.","robots":{"index":"index","follow":"follow","max-snippet":"max-snippet:-1","max-image-preview":"max-image-preview:large","max-video-preview":"max-video-preview:-1"},"canonical":"https:\/\/www.tele-online.com\/es\/busqueda-de-productos\/","og_locale":"es_ES","og_type":"article","og_title":"B\u00fasqueda de productos - Tele Haase","og_description":"Utiliza la b\u00fasqueda de productos para encontrar rel\u00e9s de temporizaci\u00f3n, rel\u00e9s de control, protecci\u00f3n de red y de sistema, controladores de carga o electr\u00f3nica de potencia de TELE Haase.","og_url":"https:\/\/www.tele-online.com\/es\/busqueda-de-productos\/","og_site_name":"Tele Haase","og_image":[{"width":1260,"height":840,"url":"https:\/\/www.tele-online.com\/wp-content\/uploads\/2020\/02\/2019-tele-emskanada-112-1260x840-1.jpg","type":"image\/jpeg"}],"twitter_card":"summary_large_image","schema":{"@context":"https:\/\/schema.org","@graph":[{"@type":"WebPage","@id":"https:\/\/www.tele-online.com\/es\/busqueda-de-productos\/","url":"https:\/\/www.tele-online.com\/es\/busqueda-de-productos\/","name":"B\u00fasqueda de productos - Tele Haase","isPartOf":{"@id":"https:\/\/www.tele-online.com\/es\/#website"},"primaryImageOfPage":{"@id":"https:\/\/www.tele-online.com\/es\/busqueda-de-productos\/#primaryimage"},"image":{"@id":"https:\/\/www.tele-online.com\/es\/busqueda-de-productos\/#primaryimage"},"thumbnailUrl":"https:\/\/www.tele-online.com\/wp-content\/uploads\/2020\/02\/2019-tele-emskanada-112-1260x840-1.jpg","datePublished":"2024-06-17T08:37:35+00:00","description":"Utiliza la b\u00fasqueda de productos para encontrar rel\u00e9s de temporizaci\u00f3n, rel\u00e9s de control, protecci\u00f3n de red y de sistema, controladores de carga o electr\u00f3nica de potencia de TELE Haase.","breadcrumb":{"@id":"https:\/\/www.tele-online.com\/es\/busqueda-de-productos\/#breadcrumb"},"inLanguage":"es","potentialAction":[{"@type":"ReadAction","target":["https:\/\/www.tele-online.com\/es\/busqueda-de-productos\/"]}]},{"@type":"ImageObject","inLanguage":"es","@id":"https:\/\/www.tele-online.com\/es\/busqueda-de-productos\/#primaryimage","url":"https:\/\/www.tele-online.com\/wp-content\/uploads\/2020\/02\/2019-tele-emskanada-112-1260x840-1.jpg","contentUrl":"https:\/\/www.tele-online.com\/wp-content\/uploads\/2020\/02\/2019-tele-emskanada-112-1260x840-1.jpg","width":1260,"height":840},{"@type":"BreadcrumbList","@id":"https:\/\/www.tele-online.com\/es\/busqueda-de-productos\/#breadcrumb","itemListElement":[{"@type":"ListItem","position":1,"name":"Startseite","item":"https:\/\/www.tele-online.com\/es\/"},{"@type":"ListItem","position":2,"name":"B\u00fasqueda de productos"}]},{"@type":"WebSite","@id":"https:\/\/www.tele-online.com\/es\/#website","url":"https:\/\/www.tele-online.com\/es\/","name":"Tele Haase","description":"Your Smart Factory","potentialAction":[{"@type":"SearchAction","target":{"@type":"EntryPoint","urlTemplate":"https:\/\/www.tele-online.com\/es\/?s={search_term_string}"},"query-input":{"@type":"PropertyValueSpecification","valueRequired":true,"valueName":"search_term_string"}}],"inLanguage":"es"}]}},"yoast_data":{"yoast_wpseo_canonical":"https:\/\/www.tele-online.com\/es\/busqueda-de-productos\/","yoast_wpseo_opengraph_image":"https:\/\/www.tele-online.com\/wp-content\/uploads\/2020\/02\/2019-tele-emskanada-112-1260x840-1.jpg","yoast_wpseo_metadesc":"Utiliza la b\u00fasqueda de productos para encontrar rel\u00e9s de temporizaci\u00f3n, rel\u00e9s de control, protecci\u00f3n de red y de sistema, controladores de carga o electr\u00f3nica de potencia de TELE Haase.","yoast_wpseo_meta_robots_noindex":"2","yoast_wpseo_meta_robots_nofollow":""},"footer_links":null,"yoasttitle":"B\u00fasqueda de productos - Tele Haase","yoast_title":"B\u00fasqueda de productos - Tele Haase","yoast_meta":[{"name":"description","content":"Utiliza la b\u00fasqueda de productos para encontrar rel\u00e9s de temporizaci\u00f3n, rel\u00e9s de control, protecci\u00f3n de red y de sistema, controladores de carga o electr\u00f3nica de potencia de TELE Haase."},{"name":"robots","content":"index, follow, max-snippet:-1, max-image-preview:large, max-video-preview:-1"},{"property":"og:locale","content":"es_ES"},{"property":"og:type","content":"article"},{"property":"og:title","content":"B\u00fasqueda de productos - Tele Haase"},{"property":"og:description","content":"Utiliza la b\u00fasqueda de productos para encontrar rel\u00e9s de temporizaci\u00f3n, rel\u00e9s de control, protecci\u00f3n de red y de sistema, controladores de carga o electr\u00f3nica de potencia de TELE Haase."},{"property":"og:url","content":"https:\/\/www.tele-online.com\/es\/busqueda-de-productos\/"},{"property":"og:site_name","content":"Tele Haase"},{"property":"og:image","content":"https:\/\/www.tele-online.com\/wp-content\/uploads\/2020\/02\/2019-tele-emskanada-112-1260x840-1.jpg"},{"property":"og:image:width","content":"1260"},{"property":"og:image:height","content":"840"},{"property":"og:image:type","content":"image\/jpeg"},{"name":"twitter:card","content":"summary_large_image"},{"name":"robots","content":"index, follow, max-image-preview:large, max-snippet:-1, max-video-preview:-1"}],"yoast_json_ld":[{"@context":"https:\/\/schema.org","@graph":[{"@type":"WebPage","@id":"https:\/\/www.tele-online.com\/es\/busqueda-de-productos\/","url":"https:\/\/www.tele-online.com\/es\/busqueda-de-productos\/","name":"B&uacute;squeda de productos - Tele Haase","isPartOf":{"@id":"https:\/\/www.tele-online.com\/es\/#website"},"primaryImageOfPage":{"@id":"https:\/\/www.tele-online.com\/es\/busqueda-de-productos\/#primaryimage"},"image":{"@id":"https:\/\/www.tele-online.com\/es\/busqueda-de-productos\/#primaryimage"},"thumbnailUrl":"https:\/\/www.tele-online.com\/wp-content\/uploads\/2020\/02\/2019-tele-emskanada-112-1260x840-1.jpg","datePublished":"2024-06-17T08:37:35+00:00","description":"Utiliza la b&uacute;squeda de productos para encontrar rel&eacute;s de temporizaci&oacute;n, rel&eacute;s de control, protecci&oacute;n de red y de sistema, controladores de carga o electr&oacute;nica de potencia de TELE Haase.","breadcrumb":{"@id":"https:\/\/www.tele-online.com\/es\/busqueda-de-productos\/#breadcrumb"},"inLanguage":"es","potentialAction":[{"@type":"ReadAction","target":["https:\/\/www.tele-online.com\/es\/busqueda-de-productos\/"]}]},{"@type":"ImageObject","inLanguage":"es","@id":"https:\/\/www.tele-online.com\/es\/busqueda-de-productos\/#primaryimage","url":"https:\/\/www.tele-online.com\/wp-content\/uploads\/2020\/02\/2019-tele-emskanada-112-1260x840-1.jpg","contentUrl":"https:\/\/www.tele-online.com\/wp-content\/uploads\/2020\/02\/2019-tele-emskanada-112-1260x840-1.jpg","width":1260,"height":840},{"@type":"BreadcrumbList","@id":"https:\/\/www.tele-online.com\/es\/busqueda-de-productos\/#breadcrumb","itemListElement":[{"@type":"ListItem","position":1,"name":"Startseite","item":"https:\/\/www.tele-online.com\/es\/"},{"@type":"ListItem","position":2,"name":"B&uacute;squeda de productos"}]},{"@type":"WebSite","@id":"https:\/\/www.tele-online.com\/es\/#website","url":"https:\/\/www.tele-online.com\/es\/","name":"Tele Haase","description":"Your Smart Factory","potentialAction":[{"@type":"SearchAction","target":{"@type":"EntryPoint","urlTemplate":"https:\/\/www.tele-online.com\/es\/?s={search_term_string}"},"query-input":{"@type":"PropertyValueSpecification","valueRequired":true,"valueName":"search_term_string"}}],"inLanguage":"es"}]}],"_links":{"self":[{"href":"https:\/\/www.tele-online.com\/es\/wp-json\/wp\/v2\/pages\/790926"}],"collection":[{"href":"https:\/\/www.tele-online.com\/es\/wp-json\/wp\/v2\/pages"}],"about":[{"href":"https:\/\/www.tele-online.com\/es\/wp-json\/wp\/v2\/types\/page"}],"author":[{"embeddable":true,"href":"https:\/\/www.tele-online.com\/es\/wp-json\/wp\/v2\/users\/44"}],"replies":[{"embeddable":true,"href":"https:\/\/www.tele-online.com\/es\/wp-json\/wp\/v2\/comments?post=790926"}],"version-history":[{"count":1,"href":"https:\/\/www.tele-online.com\/es\/wp-json\/wp\/v2\/pages\/790926\/revisions"}],"predecessor-version":[{"id":790927,"href":"https:\/\/www.tele-online.com\/es\/wp-json\/wp\/v2\/pages\/790926\/revisions\/790927"}],"wp:featuredmedia":[{"embeddable":true,"href":"https:\/\/www.tele-online.com\/es\/wp-json\/wp\/v2\/media\/64192"}],"wp:attachment":[{"href":"https:\/\/www.tele-online.com\/es\/wp-json\/wp\/v2\/media?parent=790926"}],"curies":[{"name":"wp","href":"https:\/\/api.w.org\/{rel}","templated":true}]}}