{"id":790922,"date":"2024-06-17T10:37:30","modified":"2024-06-17T10:37:35","slug":"servicio-rma","status":"publish","type":"page","link":"https:\/\/www.tele-online.com\/es\/servicio-rma\/","title":{"rendered":"Servicio RMA"},"content":{"rendered":"        <div\n            id=\"block_67ee7c29e377a4819d2cacb7d2aba0e1\"\n            class=\"acf-block is-edit is-category-text\"\n            data-highlight=\"https:\/\/www.tele-online.com\/servicio-rma\/#highlightblock=block_67ee7c29e377a4819d2cacb7d2aba0e1\"\n            data-block=\"headerslider\"\n        >\n                            <h2 class=\"acf-block-title\">\n                    <svg  xmlns=\"http:\/\/www.w3.org\/2000\/svg\"  width=\"24\"  height=\"24\"  viewBox=\"0 0 24 24\"  fill=\"none\"  stroke=\"currentColor\"  stroke-width=\"2\"  stroke-linecap=\"round\"  stroke-linejoin=\"round\"  class=\"icon icon-tabler icons-tabler-outline icon-tabler-align-left\"><path stroke=\"none\" d=\"M0 0h24v24H0z\" fill=\"none\"\/><path d=\"M4 6l16 0\" \/><path d=\"M4 12l10 0\" \/><path d=\"M4 18l14 0\" \/><\/svg>                    <span class=\"name\">Header Slider <\/span>\n                <\/h2>\n\n                                    <\/div>\n            <div\n            id=\"block_62336ad707592eb068a9c726ecfe751e\"\n            class=\"acf-block is-edit is-category-text\"\n            data-highlight=\"https:\/\/www.tele-online.com\/servicio-rma\/#highlightblock=block_62336ad707592eb068a9c726ecfe751e\"\n            data-block=\"textblock\"\n        >\n                            <h2 class=\"acf-block-title\">\n                    <svg  xmlns=\"http:\/\/www.w3.org\/2000\/svg\"  width=\"24\"  height=\"24\"  viewBox=\"0 0 24 24\"  fill=\"none\"  stroke=\"currentColor\"  stroke-width=\"2\"  stroke-linecap=\"round\"  stroke-linejoin=\"round\"  class=\"icon icon-tabler icons-tabler-outline icon-tabler-align-left\"><path stroke=\"none\" d=\"M0 0h24v24H0z\" fill=\"none\"\/><path d=\"M4 6l16 0\" \/><path d=\"M4 12l10 0\" \/><path d=\"M4 18l14 0\" \/><\/svg>                    <span class=\"name\">Textblock <\/span>\n                <\/h2>\n\n                                    <\/div>\n            <div\n            id=\"block_96770b8f4e6dd167e26959dcf6f676b7\"\n            class=\"acf-block is-edit is-category-text\"\n            data-highlight=\"https:\/\/www.tele-online.com\/servicio-rma\/#highlightblock=block_96770b8f4e6dd167e26959dcf6f676b7\"\n            data-block=\"reklamationsformularneu\"\n        >\n                            <h2 class=\"acf-block-title\">\n                    <svg  xmlns=\"http:\/\/www.w3.org\/2000\/svg\"  width=\"24\"  height=\"24\"  viewBox=\"0 0 24 24\"  fill=\"none\"  stroke=\"currentColor\"  stroke-width=\"2\"  stroke-linecap=\"round\"  stroke-linejoin=\"round\"  class=\"icon icon-tabler icons-tabler-outline icon-tabler-align-left\"><path stroke=\"none\" d=\"M0 0h24v24H0z\" fill=\"none\"\/><path d=\"M4 6l16 0\" \/><path d=\"M4 12l10 0\" \/><path d=\"M4 18l14 0\" \/><\/svg>                    <span class=\"name\">Reklamationsformular (neu) <\/span>\n                <\/h2>\n\n                                    <\/div>\n            <div\n            id=\"block_936fda5472455186d73d7e438dccada8\"\n            class=\"acf-block is-edit is-category-text\"\n            data-highlight=\"https:\/\/www.tele-online.com\/servicio-rma\/#highlightblock=block_936fda5472455186d73d7e438dccada8\"\n            data-block=\"kontaktteasermitarbeiter\"\n        >\n                            <h2 class=\"acf-block-title\">\n                    <svg  xmlns=\"http:\/\/www.w3.org\/2000\/svg\"  width=\"24\"  height=\"24\"  viewBox=\"0 0 24 24\"  fill=\"none\"  stroke=\"currentColor\"  stroke-width=\"2\"  stroke-linecap=\"round\"  stroke-linejoin=\"round\"  class=\"icon icon-tabler icons-tabler-outline icon-tabler-align-left\"><path stroke=\"none\" d=\"M0 0h24v24H0z\" fill=\"none\"\/><path d=\"M4 6l16 0\" \/><path d=\"M4 12l10 0\" \/><path d=\"M4 18l14 0\" \/><\/svg>                    <span class=\"name\">Kontakt Teaser Mitarbeiter <\/span>\n                <\/h2>\n\n                                    <\/div>\n    ","protected":false},"excerpt":{"rendered":"","protected":false},"author":44,"featured_media":60676,"parent":0,"template":"","acf":{"seo":[{"googleAuthor":"","googlePublisher":"","schemaName":"","schemaDescription":"","schemaImage":false}],"footer_link_block":false,"main_menu_ausblenden":false,"footer":{"footer_headline_powerd_by":"Powered By TELE","footer_text_powered_by":"","footer_logos":null,"footer_mylayout_logos":"normal","footer_text_oben":"<p><strong>TELE Haase Steuerger\u00e4te Ges.m.b.H.<\/strong> | Vorarlberger Allee 38 (direct access via Slamastra\u00dfe 37), 1230 Vienna | Austria<\/p>\n<p><strong>Opening Hours<\/strong>: Monday-Thursday 08:00 a.m. to 04:00 p.m. &amp; Friday 08:00 a.m. to 01:00 p.m.<\/p>\n<p><strong><a href=\"https:\/\/www.tele-online.com\/en\/contact\/\">Contact Details<\/a><\/strong><\/p>\n<p>&nbsp;<\/p>\n","footer_headline_social_media":"Social Media","footer_social_media":[{"icon":"<i class=\"icon-facebook\"><\/i>","link":"https:\/\/www.facebook.com\/TELE-Haase-Steuerger%C3%A4te-GesmbH-212293998940265\/?rf=195551397135836"},{"icon":"<i class=\"icon-linkedin\"><\/i>","link":"https:\/\/www.linkedin.com\/company\/tele-worldwide\/"},{"icon":"<i class=\"icon-youtube\"><\/i>","link":"https:\/\/www.youtube.com\/user\/telehaase\/featured"},{"icon":"<i class=\"icon-instagram\"><\/i>","link":"https:\/\/www.instagram.com\/tele_haase\/"}]},"nav_data":{"link":"","text":""},"wpmlurl":{"de":"\/","en":"\/en\/","us":"\/us\/","fr":"\/fr\/","es":"\/es\/"},"webblocks":[{"acf_fc_layout":"headerslider","acf_fc_id":"acf-block-69a23c321bc52","acf_fc_style":"","flexible":false,"submenu_aktivieren":false,"slide":[{"bild":{"ID":476023,"id":476023,"title":"Header RMA","filename":"Header-RMA-1.png","filesize":3400996,"url":"https:\/\/www.tele-online.com\/wp-content\/uploads\/2023\/12\/Header-RMA-1.png","link":"https:\/\/www.tele-online.com\/es\/servicio-rma\/attachment\/header-rma-2-2\/","alt":"","author":"59","description":"","caption":"","name":"header-rma-2-2","status":"inherit","uploaded_to":790922,"date":"2023-12-19 14:02:22","modified":"2024-06-17 08:37:34","menu_order":0,"mime_type":"image\/png","type":"image","subtype":"png","icon":"https:\/\/www.tele-online.com\/wp-includes\/images\/media\/default.png","width":2048,"height":1365,"sizes":{"thumbnail":"https:\/\/www.tele-online.com\/wp-content\/uploads\/2023\/12\/Header-RMA-1-220x220.png","thumbnail-width":220,"thumbnail-height":220,"medium":"https:\/\/www.tele-online.com\/wp-content\/uploads\/2023\/12\/Header-RMA-1-544x360.png","medium-width":544,"medium-height":360,"medium_large":"https:\/\/www.tele-online.com\/wp-content\/uploads\/2023\/12\/Header-RMA-1-768x512.png","medium_large-width":768,"medium_large-height":512,"large":"https:\/\/www.tele-online.com\/wp-content\/uploads\/2023\/12\/Header-RMA-1-780x520.png","large-width":780,"large-height":520,"1536x1536":"https:\/\/www.tele-online.com\/wp-content\/uploads\/2023\/12\/Header-RMA-1-1536x1024.png","1536x1536-width":1536,"1536x1536-height":1024,"2048x2048":"https:\/\/www.tele-online.com\/wp-content\/uploads\/2023\/12\/Header-RMA-1.png","2048x2048-width":2048,"2048x2048-height":1365,"hd":"https:\/\/www.tele-online.com\/wp-content\/uploads\/2023\/12\/Header-RMA-1-1920x1280.png","hd-width":1920,"hd-height":1280,"galerie":"https:\/\/www.tele-online.com\/wp-content\/uploads\/2023\/12\/Header-RMA-1-320x213.png","galerie-width":320,"galerie-height":213,"stellen":"https:\/\/www.tele-online.com\/wp-content\/uploads\/2023\/12\/Header-RMA-1-400x400.png","stellen-width":400,"stellen-height":400}},"headline":"Servicio RMA","link":null,"subheadline":"\u00bfTienes alg\u00fan problema con tu producto TELE? Utiliza nuestro formulario RMA."}],"max_hohe":"70vh"},{"acf_fc_layout":"textblock","acf_fc_id":"acf-block-69a23c321d45b","acf_fc_style":"","flexible":false,"text":"<h2 style=\"text-align: center\">RMA<\/h2>\n<p style=\"text-align: center\">A pesar del mayor cuidado, puede ocurrir que haya que devolver la mercanc\u00eda a TELE para su reparaci\u00f3n. Para una tramitaci\u00f3n r\u00e1pida y sencilla, utiliza nuestro servicio RMA online.<br \/>Por regla general, la reparaci\u00f3n se lleva a cabo en un plazo de 25 d\u00edas laborables.<\/p>\n","id":"","linie_oben_einblenden":false,"linie_unten_einblenden":false,"container":"small","hintergrund":"weis","box":false,"abstand_oben":"","abstand_unten":""},{"acf_fc_layout":"reklamationsformularneu","acf_fc_id":"acf-block-69a23c321e1e1","acf_fc_style":"","flexible":false,"headline":"Servicio RMA en l\u00ednea","subheadline":"Los campos obligatorios est\u00e1n marcados con *.","headline_bereich_1":"Datos de contacto","tooltiptext_tele_kundennummer":"Encontrar\u00e1s tu n\u00famero de cliente TELE en tu factura o albar\u00e1n de entrega.","errortext_tele_kundennummer":"Introduce tu n\u00famero de cliente TELE. Lo encontrar\u00e1s en tu factura o albar\u00e1n de entrega. Si has comprado a trav\u00e9s de un distribuidor, es posible que no hayas recibido un n\u00famero de cliente TELE; en este caso, ponte en contacto directamente con tu punto de venta para presentar una reclamaci\u00f3n.","headline_bereich_2":"Detalles del producto","tooltiptext_rechnungsnummer":"Si deseas enviarnos varios aparatos de una misma designaci\u00f3n de tipo o n\u00famero de art\u00edculo que se compraron en varias facturas, introduce todos los n\u00fameros de factura aplicables (separados por comas). Si el n\u00ba de factura es desconocido introduce <strong>00000000<\/strong> ","tooltiptext_nachricht_fehlerbeschreibung":"Describir el fallo con la mayor precisi\u00f3n posible acelera la localizaci\u00f3n de aver\u00edas y reduce el tiempo de reparaci\u00f3n.","headline_bereich_3":"Visi\u00f3n general","button_text_weiteres_produkt":"A\u00f1adir otra posici\u00f3n","button_text_weiteres_produkt_entfernen":"Suprime la siguiente posici\u00f3n","beschreibung_weiteres_produkt":"Si env\u00edas varios aparatos a reparar con fallos diferentes,\nUtiliza un rango de posici\u00f3n distinto para cada dispositivo.","text_datenschutz":"Acepto la pol\u00edtica de privacidad de TELE Haase. *","text_rma":"Confirmo las condiciones de RMA de TELE Haase. *","button_text":"Env\u00eda","formular_erfolgreich_gesendet":"<p>\u00a1Gracias por tu consulta a TELE!<\/p>\n<p>Tu solicitud se ha enviado correctamente. En los pr\u00f3ximos 10 minutos recibir\u00e1s un correo electr\u00f3nico de confirmaci\u00f3n con el n\u00famero de RMA mencionado. Para consultas y comunicaciones de seguimiento, ind\u00edcalas siempre.<\/p>\n<p>En breve recibir\u00e1s respuesta a tu solicitud. Nos gustar\u00eda se\u00f1alar que las reparaciones suelen efectuarse en un plazo de 25 d\u00edas laborables.<\/p>\n","formular_fehler_beim_senden":"<p>Por desgracia, hubo un problema con la transferencia de datos. Por favor, int\u00e9ntalo de nuevo.<\/p>\n","button_abgeschlossen_1_text":"A la p\u00e1gina de inicio de TELE","button_abgeschlossen_1_url":"https:\/\/www.tele-online.com","button_abgeschlossen_2_text":"A la carpeta de productos destacados","button_abgeschlossen_2_url":"https:\/\/www.tele-online.com\/wp-content\/uploads\/2022\/12\/Highlightfolder_DE.pdf","button_abgeschlossen_3_text":"Nueva consulta","abstand_oben":"","abstand_unten":""},{"acf_fc_layout":"kontaktteasermitarbeiter","acf_fc_id":"acf-block-69a23c321fdcb","acf_fc_style":"","flexible":false,"headline":"\u00bfPuedo ayudarte?","text":"\u00bfNo encuentras lo que buscas? \u00a1No dudes en ponerte en contacto conmigo!","type":"automatisch","mitarbeiter":35707,"mitarbeiter_fallback":578,"telefon":"","telefon_gastautor":"","email_gastautor":"","termin_button_text":"","termin_button_link":"","id":"","hintergrund":"hellgruen","abstand_oben":"","abstand_unten":""}]},"yoast_head":"<!-- This site is optimized with the Yoast SEO plugin v24.5 - https:\/\/yoast.com\/wordpress\/plugins\/seo\/ -->\n<title>Servicio RMA - Tele Haase<\/title>\n<meta name=\"description\" content=\"A pesar de tener mucho cuidado, pueden producirse errores. Para una tramitaci\u00f3n r\u00e1pida y sencilla, utiliza nuestro servicio RMA online.\" \/>\n<meta name=\"robots\" content=\"index, follow, max-snippet:-1, max-image-preview:large, max-video-preview:-1\" \/>\n<link rel=\"canonical\" href=\"https:\/\/www.tele-online.com\/es\/servicio-rma\/\" \/>\n<meta property=\"og:locale\" content=\"es_ES\" \/>\n<meta property=\"og:type\" content=\"article\" \/>\n<meta property=\"og:title\" content=\"Servicio RMA - Tele Haase\" \/>\n<meta property=\"og:description\" content=\"A pesar de tener mucho cuidado, pueden producirse errores. Para una tramitaci\u00f3n r\u00e1pida y sencilla, utiliza nuestro servicio RMA online.\" \/>\n<meta property=\"og:url\" content=\"https:\/\/www.tele-online.com\/es\/servicio-rma\/\" \/>\n<meta property=\"og:site_name\" content=\"Tele Haase\" \/>\n<meta property=\"article:modified_time\" content=\"2024-06-17T08:37:35+00:00\" \/>\n<meta property=\"og:image\" content=\"https:\/\/www.tele-online.com\/wp-content\/uploads\/2013\/10\/20161121-lehrlingsshooting-tele-80.jpg\" \/>\n\t<meta property=\"og:image:width\" content=\"1400\" \/>\n\t<meta property=\"og:image:height\" content=\"933\" \/>\n\t<meta property=\"og:image:type\" content=\"image\/jpeg\" \/>\n<meta name=\"twitter:card\" content=\"summary_large_image\" \/>\n<script type=\"application\/ld+json\" class=\"yoast-schema-graph\">{\"@context\":\"https:\/\/schema.org\",\"@graph\":[{\"@type\":\"WebPage\",\"@id\":\"https:\/\/www.tele-online.com\/es\/servicio-rma\/\",\"url\":\"https:\/\/www.tele-online.com\/es\/servicio-rma\/\",\"name\":\"Servicio RMA - Tele Haase\",\"isPartOf\":{\"@id\":\"https:\/\/www.tele-online.com\/es\/#website\"},\"primaryImageOfPage\":{\"@id\":\"https:\/\/www.tele-online.com\/es\/servicio-rma\/#primaryimage\"},\"image\":{\"@id\":\"https:\/\/www.tele-online.com\/es\/servicio-rma\/#primaryimage\"},\"thumbnailUrl\":\"https:\/\/www.tele-online.com\/wp-content\/uploads\/2013\/10\/20161121-lehrlingsshooting-tele-80.jpg\",\"datePublished\":\"2024-06-17T08:37:30+00:00\",\"dateModified\":\"2024-06-17T08:37:35+00:00\",\"description\":\"A pesar de tener mucho cuidado, pueden producirse errores. Para una tramitaci\u00f3n r\u00e1pida y sencilla, utiliza nuestro servicio RMA online.\",\"breadcrumb\":{\"@id\":\"https:\/\/www.tele-online.com\/es\/servicio-rma\/#breadcrumb\"},\"inLanguage\":\"es\",\"potentialAction\":[{\"@type\":\"ReadAction\",\"target\":[\"https:\/\/www.tele-online.com\/es\/servicio-rma\/\"]}]},{\"@type\":\"ImageObject\",\"inLanguage\":\"es\",\"@id\":\"https:\/\/www.tele-online.com\/es\/servicio-rma\/#primaryimage\",\"url\":\"https:\/\/www.tele-online.com\/wp-content\/uploads\/2013\/10\/20161121-lehrlingsshooting-tele-80.jpg\",\"contentUrl\":\"https:\/\/www.tele-online.com\/wp-content\/uploads\/2013\/10\/20161121-lehrlingsshooting-tele-80.jpg\",\"width\":1400,\"height\":933},{\"@type\":\"BreadcrumbList\",\"@id\":\"https:\/\/www.tele-online.com\/es\/servicio-rma\/#breadcrumb\",\"itemListElement\":[{\"@type\":\"ListItem\",\"position\":1,\"name\":\"Startseite\",\"item\":\"https:\/\/www.tele-online.com\/es\/\"},{\"@type\":\"ListItem\",\"position\":2,\"name\":\"Servicio RMA\"}]},{\"@type\":\"WebSite\",\"@id\":\"https:\/\/www.tele-online.com\/es\/#website\",\"url\":\"https:\/\/www.tele-online.com\/es\/\",\"name\":\"Tele Haase\",\"description\":\"Your Smart Factory\",\"potentialAction\":[{\"@type\":\"SearchAction\",\"target\":{\"@type\":\"EntryPoint\",\"urlTemplate\":\"https:\/\/www.tele-online.com\/es\/?s={search_term_string}\"},\"query-input\":{\"@type\":\"PropertyValueSpecification\",\"valueRequired\":true,\"valueName\":\"search_term_string\"}}],\"inLanguage\":\"es\"}]}<\/script>\n<!-- \/ Yoast SEO plugin. -->","yoast_head_json":{"title":"Servicio RMA - Tele Haase","description":"A pesar de tener mucho cuidado, pueden producirse errores. Para una tramitaci\u00f3n r\u00e1pida y sencilla, utiliza nuestro servicio RMA online.","robots":{"index":"index","follow":"follow","max-snippet":"max-snippet:-1","max-image-preview":"max-image-preview:large","max-video-preview":"max-video-preview:-1"},"canonical":"https:\/\/www.tele-online.com\/es\/servicio-rma\/","og_locale":"es_ES","og_type":"article","og_title":"Servicio RMA - Tele Haase","og_description":"A pesar de tener mucho cuidado, pueden producirse errores. Para una tramitaci\u00f3n r\u00e1pida y sencilla, utiliza nuestro servicio RMA online.","og_url":"https:\/\/www.tele-online.com\/es\/servicio-rma\/","og_site_name":"Tele Haase","article_modified_time":"2024-06-17T08:37:35+00:00","og_image":[{"width":1400,"height":933,"url":"https:\/\/www.tele-online.com\/wp-content\/uploads\/2013\/10\/20161121-lehrlingsshooting-tele-80.jpg","type":"image\/jpeg"}],"twitter_card":"summary_large_image","schema":{"@context":"https:\/\/schema.org","@graph":[{"@type":"WebPage","@id":"https:\/\/www.tele-online.com\/es\/servicio-rma\/","url":"https:\/\/www.tele-online.com\/es\/servicio-rma\/","name":"Servicio RMA - Tele Haase","isPartOf":{"@id":"https:\/\/www.tele-online.com\/es\/#website"},"primaryImageOfPage":{"@id":"https:\/\/www.tele-online.com\/es\/servicio-rma\/#primaryimage"},"image":{"@id":"https:\/\/www.tele-online.com\/es\/servicio-rma\/#primaryimage"},"thumbnailUrl":"https:\/\/www.tele-online.com\/wp-content\/uploads\/2013\/10\/20161121-lehrlingsshooting-tele-80.jpg","datePublished":"2024-06-17T08:37:30+00:00","dateModified":"2024-06-17T08:37:35+00:00","description":"A pesar de tener mucho cuidado, pueden producirse errores. Para una tramitaci\u00f3n r\u00e1pida y sencilla, utiliza nuestro servicio RMA online.","breadcrumb":{"@id":"https:\/\/www.tele-online.com\/es\/servicio-rma\/#breadcrumb"},"inLanguage":"es","potentialAction":[{"@type":"ReadAction","target":["https:\/\/www.tele-online.com\/es\/servicio-rma\/"]}]},{"@type":"ImageObject","inLanguage":"es","@id":"https:\/\/www.tele-online.com\/es\/servicio-rma\/#primaryimage","url":"https:\/\/www.tele-online.com\/wp-content\/uploads\/2013\/10\/20161121-lehrlingsshooting-tele-80.jpg","contentUrl":"https:\/\/www.tele-online.com\/wp-content\/uploads\/2013\/10\/20161121-lehrlingsshooting-tele-80.jpg","width":1400,"height":933},{"@type":"BreadcrumbList","@id":"https:\/\/www.tele-online.com\/es\/servicio-rma\/#breadcrumb","itemListElement":[{"@type":"ListItem","position":1,"name":"Startseite","item":"https:\/\/www.tele-online.com\/es\/"},{"@type":"ListItem","position":2,"name":"Servicio RMA"}]},{"@type":"WebSite","@id":"https:\/\/www.tele-online.com\/es\/#website","url":"https:\/\/www.tele-online.com\/es\/","name":"Tele Haase","description":"Your Smart Factory","potentialAction":[{"@type":"SearchAction","target":{"@type":"EntryPoint","urlTemplate":"https:\/\/www.tele-online.com\/es\/?s={search_term_string}"},"query-input":{"@type":"PropertyValueSpecification","valueRequired":true,"valueName":"search_term_string"}}],"inLanguage":"es"}]}},"yoast_data":{"yoast_wpseo_canonical":"https:\/\/www.tele-online.com\/es\/servicio-rma\/","yoast_wpseo_opengraph_image":"https:\/\/www.tele-online.com\/wp-content\/uploads\/2013\/10\/20161121-lehrlingsshooting-tele-80.jpg","yoast_wpseo_metadesc":"A pesar de tener mucho cuidado, pueden producirse errores. Para una tramitaci\u00f3n r\u00e1pida y sencilla, utiliza nuestro servicio RMA online.","yoast_wpseo_meta_robots_noindex":"","yoast_wpseo_meta_robots_nofollow":""},"footer_links":null,"yoasttitle":"Servicio RMA - Tele Haase","yoast_title":"Servicio RMA - Tele Haase","yoast_meta":[{"name":"description","content":"A pesar de tener mucho cuidado, pueden producirse errores. Para una tramitaci\u00f3n r\u00e1pida y sencilla, utiliza nuestro servicio RMA online."},{"name":"robots","content":"index, follow, max-snippet:-1, max-image-preview:large, max-video-preview:-1"},{"property":"og:locale","content":"es_ES"},{"property":"og:type","content":"article"},{"property":"og:title","content":"Servicio RMA - Tele Haase"},{"property":"og:description","content":"A pesar de tener mucho cuidado, pueden producirse errores. Para una tramitaci\u00f3n r\u00e1pida y sencilla, utiliza nuestro servicio RMA online."},{"property":"og:url","content":"https:\/\/www.tele-online.com\/es\/servicio-rma\/"},{"property":"og:site_name","content":"Tele Haase"},{"property":"article:modified_time","content":"2024-06-17T08:37:35+00:00"},{"property":"og:image","content":"https:\/\/www.tele-online.com\/wp-content\/uploads\/2013\/10\/20161121-lehrlingsshooting-tele-80.jpg"},{"property":"og:image:width","content":"1400"},{"property":"og:image:height","content":"933"},{"property":"og:image:type","content":"image\/jpeg"},{"name":"twitter:card","content":"summary_large_image"},{"name":"robots","content":"index, follow, max-image-preview:large, max-snippet:-1, max-video-preview:-1"}],"yoast_json_ld":[{"@context":"https:\/\/schema.org","@graph":[{"@type":"WebPage","@id":"https:\/\/www.tele-online.com\/es\/servicio-rma\/","url":"https:\/\/www.tele-online.com\/es\/servicio-rma\/","name":"Servicio RMA - Tele Haase","isPartOf":{"@id":"https:\/\/www.tele-online.com\/es\/#website"},"primaryImageOfPage":{"@id":"https:\/\/www.tele-online.com\/es\/servicio-rma\/#primaryimage"},"image":{"@id":"https:\/\/www.tele-online.com\/es\/servicio-rma\/#primaryimage"},"thumbnailUrl":"https:\/\/www.tele-online.com\/wp-content\/uploads\/2013\/10\/20161121-lehrlingsshooting-tele-80.jpg","datePublished":"2024-06-17T08:37:30+00:00","dateModified":"2024-06-17T08:37:35+00:00","description":"A pesar de tener mucho cuidado, pueden producirse errores. Para una tramitaci&oacute;n r&aacute;pida y sencilla, utiliza nuestro servicio RMA online.","breadcrumb":{"@id":"https:\/\/www.tele-online.com\/es\/servicio-rma\/#breadcrumb"},"inLanguage":"es","potentialAction":[{"@type":"ReadAction","target":["https:\/\/www.tele-online.com\/es\/servicio-rma\/"]}]},{"@type":"ImageObject","inLanguage":"es","@id":"https:\/\/www.tele-online.com\/es\/servicio-rma\/#primaryimage","url":"https:\/\/www.tele-online.com\/wp-content\/uploads\/2013\/10\/20161121-lehrlingsshooting-tele-80.jpg","contentUrl":"https:\/\/www.tele-online.com\/wp-content\/uploads\/2013\/10\/20161121-lehrlingsshooting-tele-80.jpg","width":1400,"height":933},{"@type":"BreadcrumbList","@id":"https:\/\/www.tele-online.com\/es\/servicio-rma\/#breadcrumb","itemListElement":[{"@type":"ListItem","position":1,"name":"Startseite","item":"https:\/\/www.tele-online.com\/es\/"},{"@type":"ListItem","position":2,"name":"Servicio RMA"}]},{"@type":"WebSite","@id":"https:\/\/www.tele-online.com\/es\/#website","url":"https:\/\/www.tele-online.com\/es\/","name":"Tele Haase","description":"Your Smart Factory","potentialAction":[{"@type":"SearchAction","target":{"@type":"EntryPoint","urlTemplate":"https:\/\/www.tele-online.com\/es\/?s={search_term_string}"},"query-input":{"@type":"PropertyValueSpecification","valueRequired":true,"valueName":"search_term_string"}}],"inLanguage":"es"}]}],"_links":{"self":[{"href":"https:\/\/www.tele-online.com\/es\/wp-json\/wp\/v2\/pages\/790922"}],"collection":[{"href":"https:\/\/www.tele-online.com\/es\/wp-json\/wp\/v2\/pages"}],"about":[{"href":"https:\/\/www.tele-online.com\/es\/wp-json\/wp\/v2\/types\/page"}],"author":[{"embeddable":true,"href":"https:\/\/www.tele-online.com\/es\/wp-json\/wp\/v2\/users\/44"}],"replies":[{"embeddable":true,"href":"https:\/\/www.tele-online.com\/es\/wp-json\/wp\/v2\/comments?post=790922"}],"version-history":[{"count":1,"href":"https:\/\/www.tele-online.com\/es\/wp-json\/wp\/v2\/pages\/790922\/revisions"}],"predecessor-version":[{"id":790923,"href":"https:\/\/www.tele-online.com\/es\/wp-json\/wp\/v2\/pages\/790922\/revisions\/790923"}],"wp:featuredmedia":[{"embeddable":true,"href":"https:\/\/www.tele-online.com\/es\/wp-json\/wp\/v2\/media\/60676"}],"wp:attachment":[{"href":"https:\/\/www.tele-online.com\/es\/wp-json\/wp\/v2\/media?parent=790922"}],"curies":[{"name":"wp","href":"https:\/\/api.w.org\/{rel}","templated":true}]}}