{"id":790904,"date":"2024-06-17T10:21:41","modified":"2024-07-10T09:06:04","slug":"electronica-de-potencia","status":"publish","type":"page","link":"https:\/\/www.tele-online.com\/es\/electronica-de-potencia\/","title":{"rendered":"Electr\u00f3nica de potencia"},"content":{"rendered":"        <div\n            id=\"block_e461779647dc3f0a9191d075333231dd\"\n            class=\"acf-block is-edit is-category-text\"\n            data-highlight=\"https:\/\/www.tele-online.com\/electronica-de-potencia\/#highlightblock=block_e461779647dc3f0a9191d075333231dd\"\n            data-block=\"headerslider\"\n        >\n                            <h2 class=\"acf-block-title\">\n                    <svg  xmlns=\"http:\/\/www.w3.org\/2000\/svg\"  width=\"24\"  height=\"24\"  viewBox=\"0 0 24 24\"  fill=\"none\"  stroke=\"currentColor\"  stroke-width=\"2\"  stroke-linecap=\"round\"  stroke-linejoin=\"round\"  class=\"icon icon-tabler icons-tabler-outline icon-tabler-align-left\"><path stroke=\"none\" d=\"M0 0h24v24H0z\" fill=\"none\"\/><path d=\"M4 6l16 0\" \/><path d=\"M4 12l10 0\" \/><path d=\"M4 18l14 0\" \/><\/svg>                    <span class=\"name\">Header Slider <\/span>\n                <\/h2>\n\n                                    <\/div>\n    \n\n        <div\n            id=\"block_7eb6636fde28802a5fd62f38eb8b29f1\"\n            class=\"acf-block is-edit is-category-text\"\n            data-highlight=\"https:\/\/www.tele-online.com\/electronica-de-potencia\/#highlightblock=block_7eb6636fde28802a5fd62f38eb8b29f1\"\n            data-block=\"textblock\"\n        >\n                            <h2 class=\"acf-block-title\">\n                    <svg  xmlns=\"http:\/\/www.w3.org\/2000\/svg\"  width=\"24\"  height=\"24\"  viewBox=\"0 0 24 24\"  fill=\"none\"  stroke=\"currentColor\"  stroke-width=\"2\"  stroke-linecap=\"round\"  stroke-linejoin=\"round\"  class=\"icon icon-tabler icons-tabler-outline icon-tabler-align-left\"><path stroke=\"none\" d=\"M0 0h24v24H0z\" fill=\"none\"\/><path d=\"M4 6l16 0\" \/><path d=\"M4 12l10 0\" \/><path d=\"M4 18l14 0\" \/><\/svg>                    <span class=\"name\">Textblock <\/span>\n                <\/h2>\n\n                                    <\/div>\n    \n\n        <div\n            id=\"block_4d134d68952f6f6f1d2d29aa15422410\"\n            class=\"acf-block is-edit is-category-text\"\n            data-highlight=\"https:\/\/www.tele-online.com\/electronica-de-potencia\/#highlightblock=block_4d134d68952f6f6f1d2d29aa15422410\"\n            data-block=\"dreifachteaserapi\"\n        >\n                            <h2 class=\"acf-block-title\">\n                    <svg  xmlns=\"http:\/\/www.w3.org\/2000\/svg\"  width=\"24\"  height=\"24\"  viewBox=\"0 0 24 24\"  fill=\"none\"  stroke=\"currentColor\"  stroke-width=\"2\"  stroke-linecap=\"round\"  stroke-linejoin=\"round\"  class=\"icon icon-tabler icons-tabler-outline icon-tabler-align-left\"><path stroke=\"none\" d=\"M0 0h24v24H0z\" fill=\"none\"\/><path d=\"M4 6l16 0\" \/><path d=\"M4 12l10 0\" \/><path d=\"M4 18l14 0\" \/><\/svg>                    <span class=\"name\">Dreifach Teaser API <\/span>\n                <\/h2>\n\n                                    <\/div>\n    \n\n        <div\n            id=\"block_8b1e6ce0de2a531e16eccbf7eefc8b3e\"\n            class=\"acf-block is-edit is-category-text\"\n            data-highlight=\"https:\/\/www.tele-online.com\/electronica-de-potencia\/#highlightblock=block_8b1e6ce0de2a531e16eccbf7eefc8b3e\"\n            data-block=\"casestudieteaser\"\n        >\n                            <h2 class=\"acf-block-title\">\n                    <svg  xmlns=\"http:\/\/www.w3.org\/2000\/svg\"  width=\"24\"  height=\"24\"  viewBox=\"0 0 24 24\"  fill=\"none\"  stroke=\"currentColor\"  stroke-width=\"2\"  stroke-linecap=\"round\"  stroke-linejoin=\"round\"  class=\"icon icon-tabler icons-tabler-outline icon-tabler-align-left\"><path stroke=\"none\" d=\"M0 0h24v24H0z\" fill=\"none\"\/><path d=\"M4 6l16 0\" \/><path d=\"M4 12l10 0\" \/><path d=\"M4 18l14 0\" \/><\/svg>                    <span class=\"name\">Case Studie Teaser <\/span>\n                <\/h2>\n\n                                    <\/div>\n    \n\n        <div\n            id=\"block_407f0f7f464ee4483b9760fe6cab5617\"\n            class=\"acf-block is-edit is-category-text\"\n            data-highlight=\"https:\/\/www.tele-online.com\/electronica-de-potencia\/#highlightblock=block_407f0f7f464ee4483b9760fe6cab5617\"\n            data-block=\"kontaktteasermitarbeiter\"\n        >\n                            <h2 class=\"acf-block-title\">\n                    <svg  xmlns=\"http:\/\/www.w3.org\/2000\/svg\"  width=\"24\"  height=\"24\"  viewBox=\"0 0 24 24\"  fill=\"none\"  stroke=\"currentColor\"  stroke-width=\"2\"  stroke-linecap=\"round\"  stroke-linejoin=\"round\"  class=\"icon icon-tabler icons-tabler-outline icon-tabler-align-left\"><path stroke=\"none\" d=\"M0 0h24v24H0z\" fill=\"none\"\/><path d=\"M4 6l16 0\" \/><path d=\"M4 12l10 0\" \/><path d=\"M4 18l14 0\" \/><\/svg>                    <span class=\"name\">Kontakt Teaser Mitarbeiter <\/span>\n                <\/h2>\n\n                                    <\/div>\n    ","protected":false},"excerpt":{"rendered":"","protected":false},"author":48,"featured_media":0,"parent":0,"template":"","acf":{"seo":[{"googleAuthor":"","googlePublisher":"","schemaName":"","schemaDescription":"","schemaImage":false}],"footer_link_block":false,"main_menu_ausblenden":false,"footer":{"footer_headline_powerd_by":"Powered By TELE","footer_text_powered_by":"","footer_logos":null,"footer_mylayout_logos":"normal","footer_text_oben":"<p><strong>TELE Haase Steuerger\u00e4te Ges.m.b.H.<\/strong> | Vorarlberger Allee 38 (direct access via Slamastra\u00dfe 37), 1230 Vienna | Austria<\/p>\n<p><strong>Opening Hours<\/strong>: Monday-Thursday 08:00 a.m. to 04:00 p.m. &amp; Friday 08:00 a.m. to 01:00 p.m.<\/p>\n<p><strong><a href=\"https:\/\/www.tele-online.com\/en\/contact\/\">Contact Details<\/a><\/strong><\/p>\n<p>&nbsp;<\/p>\n","footer_headline_social_media":"Social Media","footer_social_media":[{"icon":"<i class=\"icon-facebook\"><\/i>","link":"https:\/\/www.facebook.com\/TELE-Haase-Steuerger%C3%A4te-GesmbH-212293998940265\/?rf=195551397135836"},{"icon":"<i class=\"icon-linkedin\"><\/i>","link":"https:\/\/www.linkedin.com\/company\/tele-worldwide\/"},{"icon":"<i class=\"icon-youtube\"><\/i>","link":"https:\/\/www.youtube.com\/user\/telehaase\/featured"},{"icon":"<i class=\"icon-instagram\"><\/i>","link":"https:\/\/www.instagram.com\/tele_haase\/"}]},"nav_data":{"link":"","text":""},"wpmlurl":{"de":"\/","en":"\/en\/","us":"\/us\/","fr":"\/fr\/","es":"\/es\/"},"webblocks":[{"acf_fc_layout":"headerslider","acf_fc_id":"acf-block-69a23c17c7bf3","acf_fc_style":"","flexible":false,"submenu_aktivieren":false,"slide":[{"bild":{"ID":65433,"id":65433,"title":"leistungselektronik-v2","filename":"leistungselektronik-v2.jpg","filesize":31596,"url":"https:\/\/www.tele-online.com\/wp-content\/uploads\/2020\/07\/leistungselektronik-v2.jpg","link":"https:\/\/www.tele-online.com\/es\/electronica-de-potencia\/attachment\/leistungselektronik-v2\/","alt":"","author":"45","description":"","caption":"","name":"leistungselektronik-v2","status":"inherit","uploaded_to":790904,"date":"2020-07-20 09:51:52","modified":"2024-06-17 08:21:43","menu_order":0,"mime_type":"image\/jpeg","type":"image","subtype":"jpeg","icon":"https:\/\/www.tele-online.com\/wp-includes\/images\/media\/default.png","width":1000,"height":560,"sizes":{"thumbnail":"https:\/\/www.tele-online.com\/wp-content\/uploads\/2020\/07\/leistungselektronik-v2-220x220.jpg","thumbnail-width":220,"thumbnail-height":220,"medium":"https:\/\/www.tele-online.com\/wp-content\/uploads\/2020\/07\/leistungselektronik-v2-544x360.jpg","medium-width":544,"medium-height":360,"medium_large":"https:\/\/www.tele-online.com\/wp-content\/uploads\/2020\/07\/leistungselektronik-v2-768x430.jpg","medium_large-width":768,"medium_large-height":430,"large":"https:\/\/www.tele-online.com\/wp-content\/uploads\/2020\/07\/leistungselektronik-v2-780x520.jpg","large-width":780,"large-height":520,"1536x1536":"https:\/\/www.tele-online.com\/wp-content\/uploads\/2020\/07\/leistungselektronik-v2.jpg","1536x1536-width":1000,"1536x1536-height":560,"2048x2048":"https:\/\/www.tele-online.com\/wp-content\/uploads\/2020\/07\/leistungselektronik-v2.jpg","2048x2048-width":1000,"2048x2048-height":560,"hd":"https:\/\/www.tele-online.com\/wp-content\/uploads\/2020\/07\/leistungselektronik-v2.jpg","hd-width":1000,"hd-height":560,"galerie":"https:\/\/www.tele-online.com\/wp-content\/uploads\/2020\/07\/leistungselektronik-v2-320x179.jpg","galerie-width":320,"galerie-height":179,"stellen":"https:\/\/www.tele-online.com\/wp-content\/uploads\/2020\/07\/leistungselektronik-v2-400x400.jpg","stellen-width":400,"stellen-height":400}},"headline":"Electr\u00f3nica de potencia","link":null,"subheadline":"La electr\u00f3nica de potencia TELE garantiza la eficiencia energ\u00e9tica y un funcionamiento suave en accionamientos el\u00e9ctricos y sistemas de energ\u00edas renovables."}],"max_hohe":"70vh"},{"acf_fc_layout":"textblock","acf_fc_id":"acf-block-69a23c17c9a99","acf_fc_style":"","flexible":false,"text":"<h2 style=\"text-align: center\">Electr\u00f3nica de potencia TELE<\/h2>\n<p style=\"text-align: center\">Garantiza la eficiencia energ\u00e9tica y un funcionamiento suave en accionamientos el\u00e9ctricos y sistemas de energ\u00edas renovables.<\/p>\n","id":"","linie_oben_einblenden":false,"linie_unten_einblenden":false,"container":"normal","hintergrund":"weis","box":false,"abstand_oben":"","abstand_unten":""},{"acf_fc_layout":"dreifachteaserapi","acf_fc_id":"acf-block-69a23c17ca432","acf_fc_style":"","flexible":false,"layout":"3spalten","show_series":true,"kategorie":{"value":"2675","label":"Power Electronics"},"kacheln":[{"kategorie":"9300","serien":"9286","link":{"title":"Softstarter","url":"https:\/\/www.tele-online.com\/produktsuche\/?kategorie=Leistungselektronik&amp;unterkategorie=Softstarter","target":"_blank"}},{"kategorie":"9314","serien":"9295","link":{"title":"Thyristorschalter","url":"https:\/\/www.tele-online.com\/produktsuche?kategorie=Leistungselektronik&amp;unterkategorie=Thyristorschalter","target":"_blank"}},{"kategorie":"9315","serien":false,"link":{"title":"Thyristorsteller","url":"https:\/\/www.tele-online.com\/produktsuche?kategorie=Leistungselektronik&amp;unterkategorie=Thyristorsteller","target":"_blank"}},{"kategorie":"9288","serien":"9294","link":{"title":"Motorbremsger\u00e4te","url":"https:\/\/www.tele-online.com\/produktsuche?kategorie=Leistungselektronik&amp;unterkategorie=Motorbremsger%C3%A4te","target":"_blank"}},{"kategorie":"9316","serien":"9285","link":{"title":"","url":"https:\/\/www.tele-online.com\/produktsuche\/?kategorie=Leistungselektronik&amp;unterkategorie=Zubeh%C3%B6r%20Leistungselektronik","target":"_blank"}},{"kategorie":false,"serien":"9281","link":null},{"kategorie":false,"serien":"9284","link":null},{"kategorie":false,"serien":"9296","link":null},{"kategorie":false,"serien":"9301","link":null},{"kategorie":false,"serien":"9298","link":null},{"kategorie":false,"serien":"9297","link":null},{"kategorie":false,"serien":"4157","link":null}],"bildformat":"quadratisch","hintergrund":"weis","hintergrund_oben":"weis","abstand_oben":"","abstand_unten":""},{"acf_fc_layout":"casestudieteaser","acf_fc_id":"acf-block-69a23c17cbd11","acf_fc_style":"","flexible":false,"headline":"Aqu\u00ed se utilizan productos TELE de electr\u00f3nica de potencia","link":"","text":"","abstand_oben":"30px","abstand_unten":"30px"},{"acf_fc_layout":"kontaktteasermitarbeiter","acf_fc_id":"acf-block-69a23c17cc297","acf_fc_style":"","flexible":false,"headline":"\u00bfPuedo ayudarte?","text":"\u00a1No dudes en ponerte en contacto conmigo!","type":"automatisch","mitarbeiter":35707,"mitarbeiter_fallback":false,"telefon":"","telefon_gastautor":"","email_gastautor":"","termin_button_text":"","termin_button_link":"","id":"","hintergrund":"weis","abstand_oben":"","abstand_unten":""}]},"yoast_head":"<!-- This site is optimized with the Yoast SEO plugin v24.5 - https:\/\/yoast.com\/wordpress\/plugins\/seo\/ -->\n<title>Dispositivos de freno y actuadores de tiristor para accionamientos el\u00e9ctricos<\/title>\n<meta name=\"description\" content=\"La electr\u00f3nica de potencia TELE garantiza la eficiencia energ\u00e9tica y un funcionamiento suave en accionamientos el\u00e9ctricos y sistemas de energ\u00edas renovables.\" \/>\n<meta name=\"robots\" content=\"index, follow, max-snippet:-1, max-image-preview:large, max-video-preview:-1\" \/>\n<link rel=\"canonical\" href=\"https:\/\/www.tele-online.com\/es\/electronica-de-potencia\/\" \/>\n<meta property=\"og:locale\" content=\"es_ES\" \/>\n<meta property=\"og:type\" content=\"article\" \/>\n<meta property=\"og:title\" content=\"Dispositivos de freno y actuadores de tiristor para accionamientos el\u00e9ctricos\" \/>\n<meta property=\"og:description\" content=\"La electr\u00f3nica de potencia TELE garantiza la eficiencia energ\u00e9tica y un funcionamiento suave en accionamientos el\u00e9ctricos y sistemas de energ\u00edas renovables.\" \/>\n<meta property=\"og:url\" content=\"https:\/\/www.tele-online.com\/es\/electronica-de-potencia\/\" \/>\n<meta property=\"og:site_name\" content=\"Tele Haase\" \/>\n<meta property=\"article:modified_time\" content=\"2024-07-10T07:06:04+00:00\" \/>\n<meta name=\"twitter:card\" content=\"summary_large_image\" \/>\n<script type=\"application\/ld+json\" class=\"yoast-schema-graph\">{\"@context\":\"https:\/\/schema.org\",\"@graph\":[{\"@type\":\"WebPage\",\"@id\":\"https:\/\/www.tele-online.com\/es\/electronica-de-potencia\/\",\"url\":\"https:\/\/www.tele-online.com\/es\/electronica-de-potencia\/\",\"name\":\"Dispositivos de freno y actuadores de tiristor para accionamientos el\u00e9ctricos\",\"isPartOf\":{\"@id\":\"https:\/\/www.tele-online.com\/es\/#website\"},\"datePublished\":\"2024-06-17T08:21:41+00:00\",\"dateModified\":\"2024-07-10T07:06:04+00:00\",\"description\":\"La electr\u00f3nica de potencia TELE garantiza la eficiencia energ\u00e9tica y un funcionamiento suave en accionamientos el\u00e9ctricos y sistemas de energ\u00edas renovables.\",\"breadcrumb\":{\"@id\":\"https:\/\/www.tele-online.com\/es\/electronica-de-potencia\/#breadcrumb\"},\"inLanguage\":\"es\",\"potentialAction\":[{\"@type\":\"ReadAction\",\"target\":[\"https:\/\/www.tele-online.com\/es\/electronica-de-potencia\/\"]}]},{\"@type\":\"BreadcrumbList\",\"@id\":\"https:\/\/www.tele-online.com\/es\/electronica-de-potencia\/#breadcrumb\",\"itemListElement\":[{\"@type\":\"ListItem\",\"position\":1,\"name\":\"Startseite\",\"item\":\"https:\/\/www.tele-online.com\/es\/\"},{\"@type\":\"ListItem\",\"position\":2,\"name\":\"Electr\u00f3nica de potencia\"}]},{\"@type\":\"WebSite\",\"@id\":\"https:\/\/www.tele-online.com\/es\/#website\",\"url\":\"https:\/\/www.tele-online.com\/es\/\",\"name\":\"Tele Haase\",\"description\":\"Your Smart Factory\",\"potentialAction\":[{\"@type\":\"SearchAction\",\"target\":{\"@type\":\"EntryPoint\",\"urlTemplate\":\"https:\/\/www.tele-online.com\/es\/?s={search_term_string}\"},\"query-input\":{\"@type\":\"PropertyValueSpecification\",\"valueRequired\":true,\"valueName\":\"search_term_string\"}}],\"inLanguage\":\"es\"}]}<\/script>\n<!-- \/ Yoast SEO plugin. -->","yoast_head_json":{"title":"Dispositivos de freno y actuadores de tiristor para accionamientos el\u00e9ctricos","description":"La electr\u00f3nica de potencia TELE garantiza la eficiencia energ\u00e9tica y un funcionamiento suave en accionamientos el\u00e9ctricos y sistemas de energ\u00edas renovables.","robots":{"index":"index","follow":"follow","max-snippet":"max-snippet:-1","max-image-preview":"max-image-preview:large","max-video-preview":"max-video-preview:-1"},"canonical":"https:\/\/www.tele-online.com\/es\/electronica-de-potencia\/","og_locale":"es_ES","og_type":"article","og_title":"Dispositivos de freno y actuadores de tiristor para accionamientos el\u00e9ctricos","og_description":"La electr\u00f3nica de potencia TELE garantiza la eficiencia energ\u00e9tica y un funcionamiento suave en accionamientos el\u00e9ctricos y sistemas de energ\u00edas renovables.","og_url":"https:\/\/www.tele-online.com\/es\/electronica-de-potencia\/","og_site_name":"Tele Haase","article_modified_time":"2024-07-10T07:06:04+00:00","twitter_card":"summary_large_image","schema":{"@context":"https:\/\/schema.org","@graph":[{"@type":"WebPage","@id":"https:\/\/www.tele-online.com\/es\/electronica-de-potencia\/","url":"https:\/\/www.tele-online.com\/es\/electronica-de-potencia\/","name":"Dispositivos de freno y actuadores de tiristor para accionamientos el\u00e9ctricos","isPartOf":{"@id":"https:\/\/www.tele-online.com\/es\/#website"},"datePublished":"2024-06-17T08:21:41+00:00","dateModified":"2024-07-10T07:06:04+00:00","description":"La electr\u00f3nica de potencia TELE garantiza la eficiencia energ\u00e9tica y un funcionamiento suave en accionamientos el\u00e9ctricos y sistemas de energ\u00edas renovables.","breadcrumb":{"@id":"https:\/\/www.tele-online.com\/es\/electronica-de-potencia\/#breadcrumb"},"inLanguage":"es","potentialAction":[{"@type":"ReadAction","target":["https:\/\/www.tele-online.com\/es\/electronica-de-potencia\/"]}]},{"@type":"BreadcrumbList","@id":"https:\/\/www.tele-online.com\/es\/electronica-de-potencia\/#breadcrumb","itemListElement":[{"@type":"ListItem","position":1,"name":"Startseite","item":"https:\/\/www.tele-online.com\/es\/"},{"@type":"ListItem","position":2,"name":"Electr\u00f3nica de potencia"}]},{"@type":"WebSite","@id":"https:\/\/www.tele-online.com\/es\/#website","url":"https:\/\/www.tele-online.com\/es\/","name":"Tele Haase","description":"Your Smart Factory","potentialAction":[{"@type":"SearchAction","target":{"@type":"EntryPoint","urlTemplate":"https:\/\/www.tele-online.com\/es\/?s={search_term_string}"},"query-input":{"@type":"PropertyValueSpecification","valueRequired":true,"valueName":"search_term_string"}}],"inLanguage":"es"}]}},"yoast_data":{"yoast_wpseo_canonical":"https:\/\/www.tele-online.com\/es\/electronica-de-potencia\/","yoast_wpseo_opengraph_image":false,"yoast_wpseo_metadesc":"La electr\u00f3nica de potencia TELE garantiza la eficiencia energ\u00e9tica y un funcionamiento suave en accionamientos el\u00e9ctricos y sistemas de energ\u00edas renovables.","yoast_wpseo_meta_robots_noindex":"","yoast_wpseo_meta_robots_nofollow":""},"footer_links":null,"yoasttitle":"Dispositivos de freno y actuadores de tiristor para accionamientos el\u00e9ctricos","yoast_title":"Dispositivos de freno y actuadores de tiristor para accionamientos el\u00e9ctricos","yoast_meta":[{"name":"description","content":"La electr\u00f3nica de potencia TELE garantiza la eficiencia energ\u00e9tica y un funcionamiento suave en accionamientos el\u00e9ctricos y sistemas de energ\u00edas renovables."},{"name":"robots","content":"index, follow, max-snippet:-1, max-image-preview:large, max-video-preview:-1"},{"property":"og:locale","content":"es_ES"},{"property":"og:type","content":"article"},{"property":"og:title","content":"Dispositivos de freno y actuadores de tiristor para accionamientos el\u00e9ctricos"},{"property":"og:description","content":"La electr\u00f3nica de potencia TELE garantiza la eficiencia energ\u00e9tica y un funcionamiento suave en accionamientos el\u00e9ctricos y sistemas de energ\u00edas renovables."},{"property":"og:url","content":"https:\/\/www.tele-online.com\/es\/electronica-de-potencia\/"},{"property":"og:site_name","content":"Tele Haase"},{"property":"article:modified_time","content":"2024-07-10T07:06:04+00:00"},{"name":"twitter:card","content":"summary_large_image"},{"name":"robots","content":"index, follow, max-image-preview:large, max-snippet:-1, max-video-preview:-1"}],"yoast_json_ld":[{"@context":"https:\/\/schema.org","@graph":[{"@type":"WebPage","@id":"https:\/\/www.tele-online.com\/es\/electronica-de-potencia\/","url":"https:\/\/www.tele-online.com\/es\/electronica-de-potencia\/","name":"Dispositivos de freno y actuadores de tiristor para accionamientos el&eacute;ctricos","isPartOf":{"@id":"https:\/\/www.tele-online.com\/es\/#website"},"datePublished":"2024-06-17T08:21:41+00:00","dateModified":"2024-07-10T07:06:04+00:00","description":"La electr&oacute;nica de potencia TELE garantiza la eficiencia energ&eacute;tica y un funcionamiento suave en accionamientos el&eacute;ctricos y sistemas de energ&iacute;as renovables.","breadcrumb":{"@id":"https:\/\/www.tele-online.com\/es\/electronica-de-potencia\/#breadcrumb"},"inLanguage":"es","potentialAction":[{"@type":"ReadAction","target":["https:\/\/www.tele-online.com\/es\/electronica-de-potencia\/"]}]},{"@type":"BreadcrumbList","@id":"https:\/\/www.tele-online.com\/es\/electronica-de-potencia\/#breadcrumb","itemListElement":[{"@type":"ListItem","position":1,"name":"Startseite","item":"https:\/\/www.tele-online.com\/es\/"},{"@type":"ListItem","position":2,"name":"Electr&oacute;nica de potencia"}]},{"@type":"WebSite","@id":"https:\/\/www.tele-online.com\/es\/#website","url":"https:\/\/www.tele-online.com\/es\/","name":"Tele Haase","description":"Your Smart Factory","potentialAction":[{"@type":"SearchAction","target":{"@type":"EntryPoint","urlTemplate":"https:\/\/www.tele-online.com\/es\/?s={search_term_string}"},"query-input":{"@type":"PropertyValueSpecification","valueRequired":true,"valueName":"search_term_string"}}],"inLanguage":"es"}]}],"_links":{"self":[{"href":"https:\/\/www.tele-online.com\/es\/wp-json\/wp\/v2\/pages\/790904"}],"collection":[{"href":"https:\/\/www.tele-online.com\/es\/wp-json\/wp\/v2\/pages"}],"about":[{"href":"https:\/\/www.tele-online.com\/es\/wp-json\/wp\/v2\/types\/page"}],"author":[{"embeddable":true,"href":"https:\/\/www.tele-online.com\/es\/wp-json\/wp\/v2\/users\/48"}],"replies":[{"embeddable":true,"href":"https:\/\/www.tele-online.com\/es\/wp-json\/wp\/v2\/comments?post=790904"}],"version-history":[{"count":2,"href":"https:\/\/www.tele-online.com\/es\/wp-json\/wp\/v2\/pages\/790904\/revisions"}],"predecessor-version":[{"id":795960,"href":"https:\/\/www.tele-online.com\/es\/wp-json\/wp\/v2\/pages\/790904\/revisions\/795960"}],"wp:attachment":[{"href":"https:\/\/www.tele-online.com\/es\/wp-json\/wp\/v2\/media?parent=790904"}],"curies":[{"name":"wp","href":"https:\/\/api.w.org\/{rel}","templated":true}]}}