{"id":187758,"date":"2023-02-01T14:11:28","modified":"2024-04-16T15:28:06","slug":"middle-east-energy-2023","status":"publish","type":"page","link":"https:\/\/www.tele-online.com\/en\/middle-east-energy-2023\/","title":{"rendered":"Middle East Energy 2023"},"content":{"rendered":"        <div\n            id=\"block_ccf7138f52b28261dfcc546c9268c635\"\n            class=\"acf-block is-edit is-category-text\"\n            data-highlight=\"https:\/\/www.tele-online.com\/?page_id=187758#highlightblock=block_ccf7138f52b28261dfcc546c9268c635\"\n            data-block=\"headerslider\"\n        >\n                            <h2 class=\"acf-block-title\">\n                    <svg  xmlns=\"http:\/\/www.w3.org\/2000\/svg\"  width=\"24\"  height=\"24\"  viewBox=\"0 0 24 24\"  fill=\"none\"  stroke=\"currentColor\"  stroke-width=\"2\"  stroke-linecap=\"round\"  stroke-linejoin=\"round\"  class=\"icon icon-tabler icons-tabler-outline icon-tabler-align-left\"><path stroke=\"none\" d=\"M0 0h24v24H0z\" fill=\"none\"\/><path d=\"M4 6l16 0\" \/><path d=\"M4 12l10 0\" \/><path d=\"M4 18l14 0\" \/><\/svg>                    <span class=\"name\">Header Slider <\/span>\n                <\/h2>\n\n                                    <\/div>\n            <div\n            id=\"block_e3e90981d4529deead7573f9e6bcca18\"\n            class=\"acf-block is-edit is-category-text\"\n            data-highlight=\"https:\/\/www.tele-online.com\/?page_id=187758#highlightblock=block_e3e90981d4529deead7573f9e6bcca18\"\n            data-block=\"textblock\"\n        >\n                            <h2 class=\"acf-block-title\">\n                    <svg  xmlns=\"http:\/\/www.w3.org\/2000\/svg\"  width=\"24\"  height=\"24\"  viewBox=\"0 0 24 24\"  fill=\"none\"  stroke=\"currentColor\"  stroke-width=\"2\"  stroke-linecap=\"round\"  stroke-linejoin=\"round\"  class=\"icon icon-tabler icons-tabler-outline icon-tabler-align-left\"><path stroke=\"none\" d=\"M0 0h24v24H0z\" fill=\"none\"\/><path d=\"M4 6l16 0\" \/><path d=\"M4 12l10 0\" \/><path d=\"M4 18l14 0\" \/><\/svg>                    <span class=\"name\">Textblock <\/span>\n                <\/h2>\n\n                                    <\/div>\n            <div\n            id=\"block_da6cc1eb6057e651cd391b1760d9b166\"\n            class=\"acf-block is-edit is-category-text\"\n            data-highlight=\"https:\/\/www.tele-online.com\/?page_id=187758#highlightblock=block_da6cc1eb6057e651cd391b1760d9b166\"\n            data-block=\"bildtextundlink\"\n        >\n                            <h2 class=\"acf-block-title\">\n                    <svg  xmlns=\"http:\/\/www.w3.org\/2000\/svg\"  width=\"24\"  height=\"24\"  viewBox=\"0 0 24 24\"  fill=\"none\"  stroke=\"currentColor\"  stroke-width=\"2\"  stroke-linecap=\"round\"  stroke-linejoin=\"round\"  class=\"icon icon-tabler icons-tabler-outline icon-tabler-align-left\"><path stroke=\"none\" d=\"M0 0h24v24H0z\" fill=\"none\"\/><path d=\"M4 6l16 0\" \/><path d=\"M4 12l10 0\" \/><path d=\"M4 18l14 0\" \/><\/svg>                    <span class=\"name\">Bild Text und Link <\/span>\n                <\/h2>\n\n                                    <\/div>\n            <div\n            id=\"block_adc55e74b83ff9d239c7e362d3d8acc7\"\n            class=\"acf-block is-edit is-category-text\"\n            data-highlight=\"https:\/\/www.tele-online.com\/?page_id=187758#highlightblock=block_adc55e74b83ff9d239c7e362d3d8acc7\"\n            data-block=\"kontaktteasermitarbeiter\"\n        >\n                            <h2 class=\"acf-block-title\">\n                    <svg  xmlns=\"http:\/\/www.w3.org\/2000\/svg\"  width=\"24\"  height=\"24\"  viewBox=\"0 0 24 24\"  fill=\"none\"  stroke=\"currentColor\"  stroke-width=\"2\"  stroke-linecap=\"round\"  stroke-linejoin=\"round\"  class=\"icon icon-tabler icons-tabler-outline icon-tabler-align-left\"><path stroke=\"none\" d=\"M0 0h24v24H0z\" fill=\"none\"\/><path d=\"M4 6l16 0\" \/><path d=\"M4 12l10 0\" \/><path d=\"M4 18l14 0\" \/><\/svg>                    <span class=\"name\">Kontakt Teaser Mitarbeiter <\/span>\n                <\/h2>\n\n                                    <\/div>\n    ","protected":false},"excerpt":{"rendered":"","protected":false},"author":59,"featured_media":0,"parent":0,"template":"","acf":{"main_menu_ausblenden":false,"webblocks":[{"acf_fc_layout":"headerslider","acf_fc_id":"acf-block-69a23c73ddc4e","acf_fc_style":"","flexible":false,"submenu_aktivieren":true,"slide":[{"bild":{"ID":89096,"id":89096,"title":"5WhatsApp Image 2022-03-07 at 12.19.47","filename":"5WhatsApp-Image-2022-03-07-at-12.19.47.jpeg","filesize":99274,"url":"https:\/\/www.tele-online.com\/wp-content\/uploads\/2022\/03\/5WhatsApp-Image-2022-03-07-at-12.19.47.jpeg","link":"https:\/\/www.tele-online.com\/en\/?attachment_id=89096","alt":"","author":"45","description":"","caption":"","name":"5whatsapp-image-2022-03-07-at-12-19-47","status":"inherit","uploaded_to":612848,"date":"2022-03-07 12:01:10","modified":"2024-02-21 07:19:52","menu_order":0,"mime_type":"image\/jpeg","type":"image","subtype":"jpeg","icon":"https:\/\/www.tele-online.com\/wp-includes\/images\/media\/default.png","width":1600,"height":1200,"sizes":{"thumbnail":"https:\/\/www.tele-online.com\/wp-content\/uploads\/2022\/03\/5WhatsApp-Image-2022-03-07-at-12.19.47-220x220.jpeg","thumbnail-width":220,"thumbnail-height":220,"medium":"https:\/\/www.tele-online.com\/wp-content\/uploads\/2022\/03\/5WhatsApp-Image-2022-03-07-at-12.19.47-544x360.jpeg","medium-width":544,"medium-height":360,"medium_large":"https:\/\/www.tele-online.com\/wp-content\/uploads\/2022\/03\/5WhatsApp-Image-2022-03-07-at-12.19.47-768x576.jpeg","medium_large-width":768,"medium_large-height":576,"large":"https:\/\/www.tele-online.com\/wp-content\/uploads\/2022\/03\/5WhatsApp-Image-2022-03-07-at-12.19.47-780x520.jpeg","large-width":780,"large-height":520,"1536x1536":"https:\/\/www.tele-online.com\/wp-content\/uploads\/2022\/03\/5WhatsApp-Image-2022-03-07-at-12.19.47-1536x1152.jpeg","1536x1536-width":1536,"1536x1536-height":1152,"2048x2048":"https:\/\/www.tele-online.com\/wp-content\/uploads\/2022\/03\/5WhatsApp-Image-2022-03-07-at-12.19.47.jpeg","2048x2048-width":1600,"2048x2048-height":1200,"hd":"https:\/\/www.tele-online.com\/wp-content\/uploads\/2022\/03\/5WhatsApp-Image-2022-03-07-at-12.19.47.jpeg","hd-width":1600,"hd-height":1200,"galerie":"https:\/\/www.tele-online.com\/wp-content\/uploads\/2022\/03\/5WhatsApp-Image-2022-03-07-at-12.19.47-320x240.jpeg","galerie-width":320,"galerie-height":240,"stellen":"https:\/\/www.tele-online.com\/wp-content\/uploads\/2022\/03\/5WhatsApp-Image-2022-03-07-at-12.19.47-400x400.jpeg","stellen-width":400,"stellen-height":400}},"headline":"NETZ- UND ANLAGENSCHUTZ NA003.COM","link":null,"subheadline":"Der NA003.COM \u00fcberzeugt mit seiner Schreib- und Lesefunktion und unterscheidet sich durch seine integrierte Schnittstelle und Kommunikationsf\u00e4higkeit vom NA003-M64."}],"max_hohe":"70vh"},{"acf_fc_layout":"textblock","acf_fc_id":"acf-block-69a23c73e048f","acf_fc_style":"","flexible":false,"text":"<h2 style=\"text-align: center\">ERNEUERBARE ENERGIE EFFIZIENT NUTZEN<\/h2>\n<p style=\"text-align: center\">Nach Angaben der International Energy Agency (IEA) wird der weltweite Energiebedarf bis 2040 um ein Viertel steigen. Dies ist auf das Wachstum der Weltbev\u00f6lkerung sowie auf steigende Einkommen und damit auf die F\u00e4higkeit, Energie zu verbrauchen, zur\u00fcckzuf\u00fchren. Auch wenn der Ausbau der erneuerbaren Energien nicht ausreichen wird, um die Energieversorgung durch Kohle und Gas vollst\u00e4ndig aufzugeben, so wird die Energiewende doch rasante Entwicklungsm\u00f6glichkeiten f\u00fcr Photovoltaik, Windkraft, Wasserstoff etc. erm\u00f6glichen. Daher werden Produkte, die Menschen und Anlagen dabei unterst\u00fctzen, ihre erneuerbaren Energien effizient zu nutzen, immer wichtiger. Deshalb haben wir uns auf die Entwicklung von Produkten konzentriert, die die Nutzung erneuerbarer Energien verbessern und effizienter machen. Auf Grundlage der gewonnenen Daten kann die Performance des Ger\u00e4ts und der Anlage analysiert und weitergehend Ma\u00dfnahmen ergriffen werden.<\/p>\n","id":"","linie_oben_einblenden":false,"linie_unten_einblenden":false,"container":"normal","hintergrund":"weis","box":false,"abstand_oben":"50px","abstand_unten":"0"},{"acf_fc_layout":"bildtextundlink","acf_fc_id":"acf-block-69a23c73e1a19","acf_fc_style":"","flexible":false,"layout":"rechts","headline":"Der kommunikationsf\u00e4hige Netz- und Anlagenschutz NA003.COM","link":{"title":"MEHR DETAILS","url":"https:\/\/www.tele-online.com\/netz-und-anlagenschutz-na003com\/","target":"_blank"},"text":"<p>Der NA003.COM-M64 \u00fcberzeugt mit seiner Schreib- und Lesefunktion und unterscheidet sich durch seine integrierte Schnittstelle und Kommunikationsf\u00e4higkeit vom NA003-M64.\u00a0Mittels Anbindung des NA003.COM-M64 via Modbus-RTU kann dieser einfach und unkompliziert in das bestehende Leitsystem eingebunden werden.\u00a0Die Werte werden \u00fcber Modbus-RTU an den Modbus Master \u00fcbermittelt, welcher eine Steuerung per Fernzugriff erm\u00f6glicht.\u00a0Alternativ kann auch ein IoT Modul eingesetzt werden \u2013 dieses \u00fcbertr\u00e4gt die Daten via Internetverbindung direkt in die Cloud, wo die Daten geb\u00fcndelt, aufbereitet und analysiert werden k\u00f6nnen \u2013 beispielsweise, um die Performance zu analysieren, aktuelle Alarme zu erhalten oder Fehlermeldungen auszuwerten.\u00a0Die Daten k\u00f6nnen jederzeit und von \u00fcberall aus abgerufen werden, auch mit mobilen Endger\u00e4ten. Basierend auf Daten kann die Effizienz sowie die Performance des Ger\u00e4tes bzw. der Anlage optimiert werden.<\/p>\n","show_map":false,"bild":{"ID":192756,"id":192756,"title":"Na 003+","filename":"Na-003.jpg","filesize":166347,"url":"https:\/\/www.tele-online.com\/wp-content\/uploads\/2023\/02\/Na-003.jpg","link":"https:\/\/www.tele-online.com\/en\/na-003\/","alt":"","author":"59","description":"","caption":"","name":"na-003","status":"inherit","uploaded_to":0,"date":"2023-02-20 07:46:07","modified":"2023-06-01 07:50:28","menu_order":0,"mime_type":"image\/jpeg","type":"image","subtype":"jpeg","icon":"https:\/\/www.tele-online.com\/wp-includes\/images\/media\/default.png","width":1130,"height":633,"sizes":{"thumbnail":"https:\/\/www.tele-online.com\/wp-content\/uploads\/2023\/02\/Na-003-220x220.jpg","thumbnail-width":220,"thumbnail-height":220,"medium":"https:\/\/www.tele-online.com\/wp-content\/uploads\/2023\/02\/Na-003-544x360.jpg","medium-width":544,"medium-height":360,"medium_large":"https:\/\/www.tele-online.com\/wp-content\/uploads\/2023\/02\/Na-003-768x430.jpg","medium_large-width":768,"medium_large-height":430,"large":"https:\/\/www.tele-online.com\/wp-content\/uploads\/2023\/02\/Na-003-780x520.jpg","large-width":780,"large-height":520,"1536x1536":"https:\/\/www.tele-online.com\/wp-content\/uploads\/2023\/02\/Na-003.jpg","1536x1536-width":1130,"1536x1536-height":633,"2048x2048":"https:\/\/www.tele-online.com\/wp-content\/uploads\/2023\/02\/Na-003.jpg","2048x2048-width":1130,"2048x2048-height":633,"hd":"https:\/\/www.tele-online.com\/wp-content\/uploads\/2023\/02\/Na-003.jpg","hd-width":1130,"hd-height":633,"galerie":"https:\/\/www.tele-online.com\/wp-content\/uploads\/2023\/02\/Na-003-320x179.jpg","galerie-width":320,"galerie-height":179,"stellen":"https:\/\/www.tele-online.com\/wp-content\/uploads\/2023\/02\/Na-003-400x400.jpg","stellen-width":400,"stellen-height":400}},"map":false,"name":"","adresse":"","hintergrund":"weis","no_image_margin":false,"abstand_oben":"","abstand_unten":""},{"acf_fc_layout":"kontaktteasermitarbeiter","acf_fc_id":"acf-block-69a23c73e2cf7","acf_fc_style":"","flexible":false,"headline":"Haben Sie Fragen zum NA003.COM?","text":"Ich helfe gerne!","type":"automatisch","mitarbeiter":4155,"mitarbeiter_fallback":false,"telefon":"","telefon_gastautor":"","email_gastautor":"","termin_button_text":"","termin_button_link":"","id":"","hintergrund":"grau","abstand_oben":"","abstand_unten":""}],"footer_link_block":false,"seo":[{"googleAuthor":"","googlePublisher":"","schemaName":"","schemaDescription":"","schemaImage":false}],"footer":{"footer_headline_powerd_by":"Powered By TELE","footer_text_powered_by":"","footer_logos":null,"footer_mylayout_logos":"normal","footer_text_oben":"<p><strong>TELE Haase Steuerger\u00e4te Ges.m.b.H.<\/strong> | Vorarlberger Allee 38 (direct access via Slamastra\u00dfe 37), 1230 Vienna | Austria<\/p>\n<p><strong>Opening Hours<\/strong>: Monday-Thursday 08:00 a.m. to 04:00 p.m. &amp; Friday 08:00 a.m. to 01:00 p.m.<\/p>\n<p><strong><a href=\"https:\/\/www.tele-online.com\/en\/contact\/\">Contact Details<\/a><\/strong><\/p>\n","footer_headline_social_media":"","footer_social_media":[{"icon":"<i class=\"icon-facebook\"><\/i>","link":"https:\/\/www.facebook.com\/TELE-Haase-Steuerger%C3%A4te-GesmbH-212293998940265\/?rf=195551397135836"},{"icon":"<i class=\"icon-linkedin\"><\/i>","link":"https:\/\/www.linkedin.com\/company\/tele-worldwide\/"},{"icon":"<i class=\"icon-youtube\"><\/i>","link":"https:\/\/www.youtube.com\/user\/telehaase\/featured"},{"icon":"<i class=\"icon-instagram\"><\/i>","link":"https:\/\/www.instagram.com\/tele_haase\/"}]},"nav_data":{"link":"","text":""},"wpmlurl":{"de":"\/","en":"\/en\/","us":"\/us\/","fr":"\/fr\/","es":"\/es\/"}},"yoast_head":"<!-- This site is optimized with the Yoast SEO plugin v24.5 - https:\/\/yoast.com\/wordpress\/plugins\/seo\/ -->\n<title>Middle East Energy 2023 - Tele Haase<\/title>\n<meta name=\"robots\" content=\"index, follow, max-snippet:-1, max-image-preview:large, max-video-preview:-1\" \/>\n<link rel=\"canonical\" href=\"https:\/\/www.tele-online.com\/en\/middle-east-energy-2023\/\" \/>\n<meta property=\"og:locale\" content=\"en_GB\" \/>\n<meta property=\"og:type\" content=\"article\" \/>\n<meta property=\"og:title\" content=\"Middle East Energy 2023 - Tele Haase\" \/>\n<meta property=\"og:url\" content=\"https:\/\/www.tele-online.com\/en\/middle-east-energy-2023\/\" \/>\n<meta property=\"og:site_name\" content=\"Tele Haase\" \/>\n<meta property=\"article:modified_time\" content=\"2024-04-16T13:28:06+00:00\" \/>\n<meta name=\"twitter:card\" content=\"summary_large_image\" \/>\n<script type=\"application\/ld+json\" class=\"yoast-schema-graph\">{\"@context\":\"https:\/\/schema.org\",\"@graph\":[{\"@type\":\"WebPage\",\"@id\":\"https:\/\/www.tele-online.com\/en\/middle-east-energy-2023\/\",\"url\":\"https:\/\/www.tele-online.com\/en\/middle-east-energy-2023\/\",\"name\":\"Middle East Energy 2023 - Tele Haase\",\"isPartOf\":{\"@id\":\"https:\/\/www.tele-online.com\/en\/#website\"},\"datePublished\":\"2023-02-01T13:11:28+00:00\",\"dateModified\":\"2024-04-16T13:28:06+00:00\",\"breadcrumb\":{\"@id\":\"https:\/\/www.tele-online.com\/en\/middle-east-energy-2023\/#breadcrumb\"},\"inLanguage\":\"en-GB\",\"potentialAction\":[{\"@type\":\"ReadAction\",\"target\":[\"https:\/\/www.tele-online.com\/en\/middle-east-energy-2023\/\"]}]},{\"@type\":\"BreadcrumbList\",\"@id\":\"https:\/\/www.tele-online.com\/en\/middle-east-energy-2023\/#breadcrumb\",\"itemListElement\":[{\"@type\":\"ListItem\",\"position\":1,\"name\":\"Startseite\",\"item\":\"https:\/\/www.tele-online.com\/en\/\"},{\"@type\":\"ListItem\",\"position\":2,\"name\":\"Middle East Energy 2023\"}]},{\"@type\":\"WebSite\",\"@id\":\"https:\/\/www.tele-online.com\/en\/#website\",\"url\":\"https:\/\/www.tele-online.com\/en\/\",\"name\":\"Tele Haase\",\"description\":\"Your Smart Factory\",\"potentialAction\":[{\"@type\":\"SearchAction\",\"target\":{\"@type\":\"EntryPoint\",\"urlTemplate\":\"https:\/\/www.tele-online.com\/en\/?s={search_term_string}\"},\"query-input\":{\"@type\":\"PropertyValueSpecification\",\"valueRequired\":true,\"valueName\":\"search_term_string\"}}],\"inLanguage\":\"en-GB\"}]}<\/script>\n<!-- \/ Yoast SEO plugin. -->","yoast_head_json":{"title":"Middle East Energy 2023 - Tele Haase","robots":{"index":"index","follow":"follow","max-snippet":"max-snippet:-1","max-image-preview":"max-image-preview:large","max-video-preview":"max-video-preview:-1"},"canonical":"https:\/\/www.tele-online.com\/en\/middle-east-energy-2023\/","og_locale":"en_GB","og_type":"article","og_title":"Middle East Energy 2023 - Tele Haase","og_url":"https:\/\/www.tele-online.com\/en\/middle-east-energy-2023\/","og_site_name":"Tele Haase","article_modified_time":"2024-04-16T13:28:06+00:00","twitter_card":"summary_large_image","schema":{"@context":"https:\/\/schema.org","@graph":[{"@type":"WebPage","@id":"https:\/\/www.tele-online.com\/en\/middle-east-energy-2023\/","url":"https:\/\/www.tele-online.com\/en\/middle-east-energy-2023\/","name":"Middle East Energy 2023 - Tele Haase","isPartOf":{"@id":"https:\/\/www.tele-online.com\/en\/#website"},"datePublished":"2023-02-01T13:11:28+00:00","dateModified":"2024-04-16T13:28:06+00:00","breadcrumb":{"@id":"https:\/\/www.tele-online.com\/en\/middle-east-energy-2023\/#breadcrumb"},"inLanguage":"en-GB","potentialAction":[{"@type":"ReadAction","target":["https:\/\/www.tele-online.com\/en\/middle-east-energy-2023\/"]}]},{"@type":"BreadcrumbList","@id":"https:\/\/www.tele-online.com\/en\/middle-east-energy-2023\/#breadcrumb","itemListElement":[{"@type":"ListItem","position":1,"name":"Startseite","item":"https:\/\/www.tele-online.com\/en\/"},{"@type":"ListItem","position":2,"name":"Middle East Energy 2023"}]},{"@type":"WebSite","@id":"https:\/\/www.tele-online.com\/en\/#website","url":"https:\/\/www.tele-online.com\/en\/","name":"Tele Haase","description":"Your Smart Factory","potentialAction":[{"@type":"SearchAction","target":{"@type":"EntryPoint","urlTemplate":"https:\/\/www.tele-online.com\/en\/?s={search_term_string}"},"query-input":{"@type":"PropertyValueSpecification","valueRequired":true,"valueName":"search_term_string"}}],"inLanguage":"en-GB"}]}},"yoast_data":{"yoast_wpseo_canonical":"https:\/\/www.tele-online.com\/en\/middle-east-energy-2023\/","yoast_wpseo_opengraph_image":false,"yoast_wpseo_metadesc":"","yoast_wpseo_meta_robots_noindex":"","yoast_wpseo_meta_robots_nofollow":""},"footer_links":null,"yoasttitle":"Middle East Energy 2023 - Tele Haase","yoast_title":"Middle East Energy 2023 - Tele Haase","yoast_meta":[{"name":"robots","content":"index, follow, max-snippet:-1, max-image-preview:large, max-video-preview:-1"},{"property":"og:locale","content":"en_GB"},{"property":"og:type","content":"article"},{"property":"og:title","content":"Middle East Energy 2023 - Tele Haase"},{"property":"og:url","content":"https:\/\/www.tele-online.com\/en\/middle-east-energy-2023\/"},{"property":"og:site_name","content":"Tele Haase"},{"property":"article:modified_time","content":"2024-04-16T13:28:06+00:00"},{"name":"twitter:card","content":"summary_large_image"},{"name":"robots","content":"index, follow, max-image-preview:large, max-snippet:-1, max-video-preview:-1"}],"yoast_json_ld":[{"@context":"https:\/\/schema.org","@graph":[{"@type":"WebPage","@id":"https:\/\/www.tele-online.com\/en\/middle-east-energy-2023\/","url":"https:\/\/www.tele-online.com\/en\/middle-east-energy-2023\/","name":"Middle East Energy 2023 - Tele Haase","isPartOf":{"@id":"https:\/\/www.tele-online.com\/en\/#website"},"datePublished":"2023-02-01T13:11:28+00:00","dateModified":"2024-04-16T13:28:06+00:00","breadcrumb":{"@id":"https:\/\/www.tele-online.com\/en\/middle-east-energy-2023\/#breadcrumb"},"inLanguage":"en-GB","potentialAction":[{"@type":"ReadAction","target":["https:\/\/www.tele-online.com\/en\/middle-east-energy-2023\/"]}]},{"@type":"BreadcrumbList","@id":"https:\/\/www.tele-online.com\/en\/middle-east-energy-2023\/#breadcrumb","itemListElement":[{"@type":"ListItem","position":1,"name":"Startseite","item":"https:\/\/www.tele-online.com\/en\/"},{"@type":"ListItem","position":2,"name":"Middle East Energy 2023"}]},{"@type":"WebSite","@id":"https:\/\/www.tele-online.com\/en\/#website","url":"https:\/\/www.tele-online.com\/en\/","name":"Tele Haase","description":"Your Smart Factory","potentialAction":[{"@type":"SearchAction","target":{"@type":"EntryPoint","urlTemplate":"https:\/\/www.tele-online.com\/en\/?s={search_term_string}"},"query-input":{"@type":"PropertyValueSpecification","valueRequired":true,"valueName":"search_term_string"}}],"inLanguage":"en-GB"}]}],"_links":{"self":[{"href":"https:\/\/www.tele-online.com\/en\/wp-json\/wp\/v2\/pages\/187758"}],"collection":[{"href":"https:\/\/www.tele-online.com\/en\/wp-json\/wp\/v2\/pages"}],"about":[{"href":"https:\/\/www.tele-online.com\/en\/wp-json\/wp\/v2\/types\/page"}],"author":[{"embeddable":true,"href":"https:\/\/www.tele-online.com\/en\/wp-json\/wp\/v2\/users\/59"}],"replies":[{"embeddable":true,"href":"https:\/\/www.tele-online.com\/en\/wp-json\/wp\/v2\/comments?post=187758"}],"version-history":[{"count":72,"href":"https:\/\/www.tele-online.com\/en\/wp-json\/wp\/v2\/pages\/187758\/revisions"}],"predecessor-version":[{"id":756584,"href":"https:\/\/www.tele-online.com\/en\/wp-json\/wp\/v2\/pages\/187758\/revisions\/756584"}],"wp:attachment":[{"href":"https:\/\/www.tele-online.com\/en\/wp-json\/wp\/v2\/media?parent=187758"}],"curies":[{"name":"wp","href":"https:\/\/api.w.org\/{rel}","templated":true}]}}